{"id":24877,"date":"2016-08-07T14:17:35","date_gmt":"2016-08-07T14:17:35","guid":{"rendered":"https:\/\/www.urlaubcornwall.de\/blog\/?page_id=24877"},"modified":"2026-01-06T14:15:12","modified_gmt":"2026-01-06T14:15:12","slug":"gaerten-in-suedengland-die-sie-besuchen-muessen","status":"publish","type":"page","link":"https:\/\/www.urlaubcornwall.de\/blog\/gaerten-in-suedengland-die-sie-besuchen-muessen\/","title":{"rendered":"Die sch\u00f6nsten G\u00e4rten in S\u00fcdengland, die Sie besuchen m\u00fcssen."},"content":{"rendered":"<p class=\"r\">Besuchen Sie die sch\u00f6nsten G\u00e4rten Cornwall und S\u00fcdenglands. Einige der wundersch\u00f6nsten G\u00e4rten Gro\u00dfbritanniens befinden sich in den Grafschaften des <a href=\"http:\/\/www.urlaubcornwall.de\/reiseziel\/suedengland.php\">S\u00fcdens<\/a> und <a href=\"http:\/\/www.urlaubcornwall.de\/reiseziel\/suedwestengland.php\">Westens<\/a> Englands. Hier finden Sie unsere pers\u00f6nlich ausgew\u00e4hlten Top 10.<\/p>\n<p><img loading=\"lazy\" class=\"aligncenter size-full wp-image-24882\" src=\"https:\/\/www.urlaubcornwall.de\/blog\/wp-content\/uploads\/2016\/08\/garten-s\u00fcdengland.jpg\" alt=\"Garten S\u00fcdengland\" width=\"749\" height=\"502\"\/><\/p>\n<p><a href=\"http:\/\/www.arundelcastle.org\/\" rel=\"nofollow\"><strong>1) Arundel Castle &amp; Garten, West Sussex:<\/strong><\/a> Schloss Arundel befindet sich auf einem H\u00fcgel in <a href=\"https:\/\/www.urlaubcornwall.de\/blog\/urlaubs-und-reisetipps-fuer-west-sussex-unsere-top-10-die-sie-sehen-und-erleben-sollten\/\">Westsussex<\/a> mit herrlichem Blick \u00fcber die South Downs. Es wurde Ende des 11. Jahrhunderts gegr\u00fcndet und blieb \u00fcber 850 Jahre lang das Familienzuhause der Herzoge von Norfolk. Eine Vielzahl der Originalteile sind erhalten, doch in den 1870ern und 1890ern wurde das Haus erneuert und gilt heute als eines der besten Beispiele viktorianisch-gotischer Architektur. Der 131 Treppen lange Aufstieg zur Spitze des Norman Keep ist es wert, allein wegen des wundersch\u00f6nen Blicks \u00fcber den Fluss Arun Richtung Meer. Die Mauerg\u00e4rten sind atemberaubend, und die gesch\u00fctzte Lage erm\u00f6glicht es einer Vielzahl an Pflanzen, dort zu gedeihen.<\/p>\n<h2><img loading=\"lazy\" class=\"aligncenter size-full wp-image-24624\" src=\"https:\/\/www.urlaubcornwall.de\/blog\/wp-content\/uploads\/2016\/06\/penshurst-place-kent.jpg\" alt=\"penshurst place-Sehensw\u00fcrdigkeiten-kent\" width=\"749\" height=\"406\"\/><\/h2>\n<p>credit penshurst place<\/p>\n<p><a href=\"https:\/\/www.penshurstplace.com\/\" rel=\"nofollow\"><strong>2) Penshurst Place und G\u00e4rten:<\/strong><\/a> Die historischen Mauerg\u00e4rten bilden das Juwel in der Krone von Penshurst Place in <a href=\"http:\/\/www.urlaubcornwall.de\/reiseziel\/kent.php\">Kent<\/a>. Mit Aufzeichnungen, die bis ins Jahr 1346 zur\u00fcckreichen, sind sie Musterbeispiel eines elisabethanischen Gartendesigns. Besucher werden 11 Ar an \u201eGartenr\u00e4umen\u201c vorfinden, die das ganze Jahr \u00fcber eine Vielfalt an Form, Bl\u00e4tterwerk und Bl\u00fcten bieten. Neben den 11 Ar formeller G\u00e4rten gibt es 48 Ar Parkanlage mit malerischen Spazierwegen, Waldpfaden, einem Abenteuerspielplatz und dem ber\u00fchmten Maisirrgarten im Sommer.<\/p>\n<p><img loading=\"lazy\" class=\"aligncenter size-full wp-image-24875\" src=\"https:\/\/www.urlaubcornwall.de\/blog\/wp-content\/uploads\/2016\/08\/Beste-Reisezeit-f\u00fcr-Cornwall.jpg\" alt=\"Beste Reisezeit f\u00fcr Cornwall\" width=\"749\" height=\"390\"\/><\/p>\n<p><a href=\"https:\/\/www.urlaubcornwall.de\/blog\/cornwalls-versteckt-gelegene-gaerten\/\"><strong>3) Cornwalls versteckt gelegene G\u00e4rten:<\/strong><\/a> Cornwall ist zu Recht ber\u00fchmt f\u00fcr seine wundersch\u00f6nen G\u00e4rten, doch selbst regelm\u00e4\u00dfig wiederkehrende Besucher k\u00f6nnen leicht ein paar davon \u00fcbersehen. Wir leben und arbeiten in <a href=\"https:\/\/www.urlaubcornwall.de\/blog\/cornwalls-versteckt-gelegene-gaerten\/\">Cornwall<\/a> und haben eine Liste zusammengestellt unserer liebsten versteckt gelegenen G\u00e4rten, die Sie vielleicht nicht kennen, doch die absolut eines Besuches wert sind.<\/p>\n<p><img loading=\"lazy\" class=\"aligncenter size-full wp-image-47859\" src=\"https:\/\/www.urlaubcornwall.de\/blog\/wp-content\/uploads\/2024\/03\/kingston-lacy.jpg\" alt=\"kingston lacy\" width=\"750\" height=\"563\" srcset=\"https:\/\/www.urlaubcornwall.de\/blog\/wp-content\/uploads\/2024\/03\/kingston-lacy.jpg 750w, https:\/\/www.urlaubcornwall.de\/blog\/wp-content\/uploads\/2024\/03\/kingston-lacy-300x225.jpg 300w\" sizes=\"(max-width: 750px) 100vw, 750px\" \/><\/p>\n<p><a href=\"https:\/\/www.nationaltrust.org.uk\/kingston-lacy\" rel=\"nofollow\"><strong>4) Kingston Lacy, Dorset:<\/strong><\/a> Eines von <a href=\"http:\/\/www.urlaubcornwall.de\/reiseziel\/dorset.php\">Dorsets<\/a> feinsten H\u00e4usern und G\u00e4rten ist Kingston Lacy bei Wimborne Minster. Die formellen G\u00e4rten des 17. Jahrhunderts wurden sorgsam vom National Trust restauriert; es gibt 5 Hektar formelle G\u00e4rten, einschlie\u00dflich eines Japanischen Gartens mit einem authentischen japanischen Teehaus. Der restaurierte viktorianische Kr\u00e4utergarten mit seinen Gew\u00e4chsh\u00e4usern nahm zu viktorianischen Zeiten neben den Kew G\u00e4rten den zweiten Rang ein. Im Fr\u00fchling gibt es eine fantastische Schau an Schneegl\u00f6ckchen, Hyazinthen und Narzissen. Der 159 Hektar gro\u00dfe Park bietet wundervolle Spazierwege durch die Landschaft. G\u00e4rten und Park sind das ganze Jahr \u00fcber ge\u00f6ffnet.<\/p>\n<p><a href=\"https:\/\/www.nationaltrust.org.uk\/hinton-ampner\" rel=\"nofollow\"><strong>5) Hinton Ampner, Hampshire:<\/strong><\/a> Hinton Ampner ist ein elegantes Landhaus mit Garten bei Alresford in <a href=\"https:\/\/www.urlaubcornwall.de\/blog\/top-10-reisetipps-hampshire-die-sie-sehen-und-erleben-sollten\/\">Hampshire<\/a>.&nbsp; Die G\u00e4rten sind herrlich und die Kreation von Ralph Dutton, dessen Zuhause dies bis zu seinem Tode 1985 war. Das Haus ist nun im Besitz des National Trust. Die G\u00e4rten sind eine Mischung an formellen und informellen Bepflanzungen in einer Reihe von \u201eR\u00e4umen\u201c, der jeder seinen eigenen Stil hat. Im Sommer bl\u00fchen mehr als 90 verschiedene Rosensorten. Mit Panoramablick \u00fcber die South Downs ist dies ein idealer Ort, um zu entspannen und ein Picknick zu genie\u00dfen.<\/p>\n<p><img loading=\"lazy\" class=\"aligncenter size-full wp-image-33999\" src=\"https:\/\/www.urlaubcornwall.de\/blog\/wp-content\/uploads\/2018\/07\/Gartentour-durch-S\u00fcdengland-stourhead.jpg\" alt=\"Gartentour durch S\u00fcdengland stourhead\" width=\"745\" height=\"559\" srcset=\"https:\/\/www.urlaubcornwall.de\/blog\/wp-content\/uploads\/2018\/07\/Gartentour-durch-S\u00fcdengland-stourhead.jpg 745w, https:\/\/www.urlaubcornwall.de\/blog\/wp-content\/uploads\/2018\/07\/Gartentour-durch-S\u00fcdengland-stourhead-300x225.jpg 300w\" sizes=\"(max-width: 745px) 100vw, 745px\" \/><\/p>\n<p><a href=\"https:\/\/www.nationaltrust.org.uk\/stourhead\" rel=\"nofollow\"><strong>6) Stourhead, Wiltshire:<\/strong><\/a> Stourhead bei Mere ist ein weltbekannter Landschaftsgarten um einen wundersch\u00f6nen See herum. Dieses 1072 Hektar gro\u00dfe Gut mit seinen H\u00fcgeln, dem Wasser, klassischer Architektur und einer fantastischen Sammlung an B\u00e4umen und Str\u00e4uchern befindet sich teilweise im Besitz des National Trust und wurde beschrieben als ein \u201elebendiges Kunstwerk\u201c, als es vor mehr als 250 Jahren in den 1740ern er\u00f6ffnete. Mit Blick \u00fcber die Landschaft von Wiltshire gibt es herrliche Wanderwege \u00fcber die Downs und durch altes Waldgebiet. Die Rasenfl\u00e4chen im Garten eignen sich perfekt f\u00fcr Picknicks. Die G\u00e4rten sind das gesamte Jahr \u00fcber ge\u00f6ffnet, und es gibt zu jeder Jahreszeit immer etwas zu genie\u00dfen.<\/p>\n<p><a href=\"https:\/\/www.nationaltrust.org.uk\/cliveden\" rel=\"nofollow\"><strong>7) Cliveden, Buckinghamshire:<\/strong><\/a> Cliveden Gardens bei Maidenhead befinden sich 40m \u00fcber dem Fluss Thames und bieten Panoramablick \u00fcber die Themse und die Landschaft Berkshires. Haus und Garten wurden 1849 von Sir Charles Barry in einem extravaganten italienischen Stil designt. Es gibt formelle G\u00e4rten, einen wundervollen Rosengarten, Blumenteppiche im Fr\u00fchling und einen orientalischen Wassergarten. Im Langen Garten werden Sie Statuen aus Str\u00e4uchern und sonstige urige Statuen finden. Abseits der formellen G\u00e4rten gibt es kilometerlange Wanderwege durch den Wald und entlang des Flusses. Der ber\u00fchmte Cliveden Irrgarten verf\u00fcgt \u00fcber mehr als 500m Wegstrecken und wird somit f\u00fcr alle Altersstufen zu einer Herausforderung. Die G\u00e4rten und der Wald befinden sich im Besitz des National Trust und haben von Februar bis Dezember ge\u00f6ffnet. Cliveden Haus ist nun ein Luxushotel.<\/p>\n<p><a href=\"https:\/\/www.urlaubcornwall.de\/blog\/wp-content\/uploads\/2015\/08\/batemans-sussex.jpg\"><img loading=\"lazy\" class=\"aligncenter size-full wp-image-19485\" src=\"https:\/\/www.urlaubcornwall.de\/blog\/wp-content\/uploads\/2015\/08\/batemans-sussex.jpg\" alt=\"batemans sussex\" width=\"750\" height=\"371\" srcset=\"https:\/\/www.urlaubcornwall.de\/blog\/wp-content\/uploads\/2015\/08\/batemans-sussex.jpg 751w, https:\/\/www.urlaubcornwall.de\/blog\/wp-content\/uploads\/2015\/08\/batemans-sussex-300x148.jpg 300w\" sizes=\"(max-width: 750px) 100vw, 750px\" \/><\/a><\/p>\n<p><a href=\"https:\/\/www.nationaltrust.org.uk\/batemans\" rel=\"nofollow\"><strong>8) Batemans, East Sussex: <\/strong><\/a>Batemans bei Burwash war das Zuhause von Rudyard Kipling. Umgeben von der bewaldeten Landschaft des <a href=\"https:\/\/www.urlaubcornwall.de\/blog\/reiseziel-sussex\/\">Sussex<\/a> Weald, war dieses Haus des 17. Jahrhunderts f\u00fcr den weltber\u00fchmten Schriftsteller ein notwendiger R\u00fcckzugsort.<\/p>\n<p><a href=\"https:\/\/www.nationaltrust.org.uk\/overbecks\" rel=\"nofollow\"><strong>9) Overbecks:<\/strong><\/a> Versteckt auf den Klippen \u00fcber <a href=\"https:\/\/www.urlaubcornwall.de\/blog\/urlaub-salcombe-unterkunft-sehenswuerdigkeiten-und-geschichte\/\">Salcombe<\/a> gelegen, befindet sich das verborgene Paradies Overbecks. Dieser subtropische Garten strotzt nur so vor Farbe und ist gef\u00fcllt mit seltenen exotischen Pflanzen, hat zudem atemberaubenden Blick \u00fcber die Flussm\u00fcndung und der K\u00fcste entlang. Nun im Besitz des National Trust waren Haus und Garten einst das Zuhause des Erfinders Otto Overbeck, und das Haus wie auch die G\u00e4rten bergen jede Menge \u00dcberraschungen.<\/p>\n<p><a href=\"https:\/\/www.nationaltrust.org.uk\/hidcote\" rel=\"nofollow\"><strong>10) Hidcote, Gloucestershire:<\/strong><\/a> Hidcote ist ein Kunst \u2013 und Handwerksgarten in den <a href=\"https:\/\/www.urlaubcornwall.de\/blog\/urlaub-reisen-von-den-cotswolds-und-dem-land-shakespeares\/\">Nord Cotswolds<\/a> bei Chipping Campden und einen Steinwurf entfernt von Stratford-upon-Avon. Erkunden Sie den Irrgarten an engen gepflasterten Wegen und entdecken Sie geheime G\u00e4rten, herrlichen Blick und Pflanzen, die vor Farbe nur so strahlen. Es ist ein absolutes sehenswertes Muss, wenn Sie Urlaub in den Cotswolds verbringen. Hidcote wurde vom wohlhabenden amerikanischen G\u00e4rtner Major Lawrence Johnson geschaffen, und im Laufe der Jahre wurden viele Pflanzen nach ihm benannt als Anerkennung seines Talents und seiner Arbeit. Diese sind unter anderem Lavendel, Hidcote Pink und Hidcote und die Fuchsie, Hidcote Beauty. Die G\u00e4rten sind von Februar bis Dezember ge\u00f6ffnet.<\/p>\n<p><script async src=\"https:\/\/pagead2.googlesyndication.com\/pagead\/js\/adsbygoogle.js?client=ca-pub-3901089389175725\"\n     crossorigin=\"anonymous\"><\/script><br \/>\n<!-- New UC --><br \/>\n<ins class=\"adsbygoogle\"\n     style=\"display:block\"\n     data-ad-client=\"ca-pub-3901089389175725\"\n     data-ad-slot=\"8080314818\"\n     data-ad-format=\"auto\"\n     data-full-width-responsive=\"true\"><\/ins><br \/>\n<script>\n     (adsbygoogle = window.adsbygoogle || []).push({});\n<\/script><\/p>\n<p><img loading=\"lazy\" class=\"aligncenter size-full wp-image-41045\" src=\"https:\/\/www.urlaubcornwall.de\/blog\/wp-content\/uploads\/2020\/10\/dyrham-park.jpg\" alt=\"dyrham park\" width=\"750\" height=\"562\" srcset=\"https:\/\/www.urlaubcornwall.de\/blog\/wp-content\/uploads\/2020\/10\/dyrham-park.jpg 750w, https:\/\/www.urlaubcornwall.de\/blog\/wp-content\/uploads\/2020\/10\/dyrham-park-300x225.jpg 300w\" sizes=\"(max-width: 750px) 100vw, 750px\" \/><\/p>\n<p><a href=\"https:\/\/www.nationaltrust.org.uk\/dyrham-park\" rel=\"nofollow\"><strong>11) Dyrham Park, bei Bath:<\/strong><\/a> Dyrham Haus ist ein Haus des 17. Jahrhunderts innerhalb von 110 Hektar altem Parkgebiet gelegen mit wundervollem Blick \u00fcber die Landschaft. Neben dem alten Wildpark, der eine Herde von mehr als 200 wilden Damhirschen beherbergt, gibt es einen formellen Westgarten des 17. Jahrhunderts, der zu seiner urspr\u00fcnglichen Pracht wiederhergestellt und wundersch\u00f6n bepflanzt wird mit jahreszeitlich entsprechenden Pflanzen wie Rittersporn und Lupinen. Die G\u00e4rten und der Park sind das ganze Jahr \u00fcber ge\u00f6ffnet, es gibt gef\u00fchrte Touren durch Park und Garten, sowie Naturpfade f\u00fcr die gesamte Familie.<\/p>\n<div class=\"snippet\"> <a class=\"featured-item\" href=\" https:\/\/www.urlaubcornwall.de\/ferienhaeuser\/suedengland.php\"> <span class=\"image-holder\" style=\"background-image: url(' https:\/\/www.urlaubcornwall.de\/blog\/wp-content\/uploads\/2019\/01\/gartenreise-kent-sussex-hampshire.jpg');\"><\/span> <span class=\"featured-content\"> \n<h2 class=\"featured-title\">Ferienh\u00e4user in S\u00fcdengland zum Verlieben!<\/h2>\n<p class=\"featured-body\">Dank seiner langen Geschichte, der reizvollen Landschaften und seinen vielen Attraktionen ist S\u00fcdengland ein wahres Mekka f\u00fcr Urlauber. F\u00fcr Familien und Paare ist die Reise durch Kent, den Garten Englands, die Sussex Downs, die uralten Grafschaften von Hampshire und Dorset&#8230;<\/p>\n<\/span> <span class=\"featured-link-holder\"> <span class=\"featured-extra-info\"> \n<p>F\u00fcr Paare, Familien &#038; Gruppen<\/p>\n<\/span> \n<p class=\"featured-link\">DETAILS<\/p>\n<\/span> <\/a><\/div>\n","protected":false},"excerpt":{"rendered":"<p>Besuchen Sie die sch\u00f6nsten G\u00e4rten Cornwall und S\u00fcdenglands. Einige der wundersch\u00f6nsten G\u00e4rten Gro\u00dfbritanniens befinden sich in den Grafschaften des S\u00fcdens und Westens Englands. Hier finden Sie unsere pers\u00f6nlich ausgew\u00e4hlten Top 10. 1) Arundel Castle &amp; Garten, West Sussex: Schloss Arundel befindet sich auf einem H\u00fcgel in Westsussex mit herrlichem Blick \u00fcber die South Downs. Es [&hellip;]<\/p>\n","protected":false},"author":1,"featured_media":0,"parent":0,"menu_order":0,"comment_status":"closed","ping_status":"closed","template":"single-four.php","meta":[],"acf":[],"yoast_head":"<!-- This site is optimized with the Yoast SEO plugin v19.4 - https:\/\/yoast.com\/wordpress\/plugins\/seo\/ -->\n<title>Die sch\u00f6nsten G\u00e4rten in S\u00fcdengland, die Sie besuchen m\u00fcssen. - Urlaub &amp; Reisen<\/title>\n<meta name=\"robots\" content=\"index, follow, max-snippet:-1, max-image-preview:large, max-video-preview:-1\" \/>\n<link rel=\"canonical\" href=\"https:\/\/www.urlaubcornwall.de\/blog\/gaerten-in-suedengland-die-sie-besuchen-muessen\/\" \/>\n<meta property=\"og:locale\" content=\"en_US\" \/>\n<meta property=\"og:type\" content=\"article\" \/>\n<meta property=\"og:title\" content=\"Die sch\u00f6nsten G\u00e4rten in S\u00fcdengland, die Sie besuchen m\u00fcssen. - Urlaub &amp; Reisen\" \/>\n<meta property=\"og:description\" content=\"Besuchen Sie die sch\u00f6nsten G\u00e4rten Cornwall und S\u00fcdenglands. Einige der wundersch\u00f6nsten G\u00e4rten Gro\u00dfbritanniens befinden sich in den Grafschaften des S\u00fcdens und Westens Englands. Hier finden Sie unsere pers\u00f6nlich ausgew\u00e4hlten Top 10. 1) Arundel Castle &amp; Garten, West Sussex: Schloss Arundel befindet sich auf einem H\u00fcgel in Westsussex mit herrlichem Blick \u00fcber die South Downs. Es [&hellip;]\" \/>\n<meta property=\"og:url\" content=\"https:\/\/www.urlaubcornwall.de\/blog\/gaerten-in-suedengland-die-sie-besuchen-muessen\/\" \/>\n<meta property=\"og:site_name\" content=\"Urlaub &amp; Reisen\" \/>\n<meta property=\"article:modified_time\" content=\"2026-01-06T14:15:12+00:00\" \/>\n<meta property=\"og:image\" content=\"https:\/\/www.urlaubcornwall.de\/blog\/wp-content\/uploads\/2016\/06\/penshurst-place-kent.jpg\" \/>\n<meta name=\"twitter:card\" content=\"summary\" \/>\n<meta name=\"twitter:label1\" content=\"Est. reading time\" \/>\n\t<meta name=\"twitter:data1\" content=\"7 minutes\" \/>\n<script type=\"application\/ld+json\" class=\"yoast-schema-graph\">{\"@context\":\"https:\/\/schema.org\",\"@graph\":[{\"@type\":\"WebSite\",\"@id\":\"https:\/\/www.urlaubcornwall.de\/blog\/#website\",\"url\":\"https:\/\/www.urlaubcornwall.de\/blog\/\",\"name\":\"Urlaub &amp; Reisen\",\"description\":\"Urlaub, Reisen, Cornwall und S\u00fcdengland: eine perfekte Kombination\",\"potentialAction\":[{\"@type\":\"SearchAction\",\"target\":{\"@type\":\"EntryPoint\",\"urlTemplate\":\"https:\/\/www.urlaubcornwall.de\/blog\/?s={search_term_string}\"},\"query-input\":\"required name=search_term_string\"}],\"inLanguage\":\"en-US\"},{\"@type\":\"WebPage\",\"@id\":\"https:\/\/www.urlaubcornwall.de\/blog\/gaerten-in-suedengland-die-sie-besuchen-muessen\/\",\"url\":\"https:\/\/www.urlaubcornwall.de\/blog\/gaerten-in-suedengland-die-sie-besuchen-muessen\/\",\"name\":\"Die sch\u00f6nsten G\u00e4rten in S\u00fcdengland, die Sie besuchen m\u00fcssen. - Urlaub &amp; Reisen\",\"isPartOf\":{\"@id\":\"https:\/\/www.urlaubcornwall.de\/blog\/#website\"},\"datePublished\":\"2016-08-07T14:17:35+00:00\",\"dateModified\":\"2026-01-06T14:15:12+00:00\",\"breadcrumb\":{\"@id\":\"https:\/\/www.urlaubcornwall.de\/blog\/gaerten-in-suedengland-die-sie-besuchen-muessen\/#breadcrumb\"},\"inLanguage\":\"en-US\",\"potentialAction\":[{\"@type\":\"ReadAction\",\"target\":[\"https:\/\/www.urlaubcornwall.de\/blog\/gaerten-in-suedengland-die-sie-besuchen-muessen\/\"]}]},{\"@type\":\"BreadcrumbList\",\"@id\":\"https:\/\/www.urlaubcornwall.de\/blog\/gaerten-in-suedengland-die-sie-besuchen-muessen\/#breadcrumb\",\"itemListElement\":[{\"@type\":\"ListItem\",\"position\":1,\"name\":\"Home\",\"item\":\"https:\/\/www.urlaubcornwall.de\/blog\/\"},{\"@type\":\"ListItem\",\"position\":2,\"name\":\"Die sch\u00f6nsten G\u00e4rten in S\u00fcdengland, die Sie besuchen m\u00fcssen.\"}]}]}<\/script>\n<!-- \/ Yoast SEO plugin. -->","yoast_head_json":{"title":"Die sch\u00f6nsten G\u00e4rten in S\u00fcdengland, die Sie besuchen m\u00fcssen. - Urlaub &amp; Reisen","robots":{"index":"index","follow":"follow","max-snippet":"max-snippet:-1","max-image-preview":"max-image-preview:large","max-video-preview":"max-video-preview:-1"},"canonical":"https:\/\/www.urlaubcornwall.de\/blog\/gaerten-in-suedengland-die-sie-besuchen-muessen\/","og_locale":"en_US","og_type":"article","og_title":"Die sch\u00f6nsten G\u00e4rten in S\u00fcdengland, die Sie besuchen m\u00fcssen. - Urlaub &amp; Reisen","og_description":"Besuchen Sie die sch\u00f6nsten G\u00e4rten Cornwall und S\u00fcdenglands. Einige der wundersch\u00f6nsten G\u00e4rten Gro\u00dfbritanniens befinden sich in den Grafschaften des S\u00fcdens und Westens Englands. Hier finden Sie unsere pers\u00f6nlich ausgew\u00e4hlten Top 10. 1) Arundel Castle &amp; Garten, West Sussex: Schloss Arundel befindet sich auf einem H\u00fcgel in Westsussex mit herrlichem Blick \u00fcber die South Downs. Es [&hellip;]","og_url":"https:\/\/www.urlaubcornwall.de\/blog\/gaerten-in-suedengland-die-sie-besuchen-muessen\/","og_site_name":"Urlaub &amp; Reisen","article_modified_time":"2026-01-06T14:15:12+00:00","og_image":[{"url":"https:\/\/www.urlaubcornwall.de\/blog\/wp-content\/uploads\/2016\/06\/penshurst-place-kent.jpg"}],"twitter_card":"summary","twitter_misc":{"Est. reading time":"7 minutes"},"schema":{"@context":"https:\/\/schema.org","@graph":[{"@type":"WebSite","@id":"https:\/\/www.urlaubcornwall.de\/blog\/#website","url":"https:\/\/www.urlaubcornwall.de\/blog\/","name":"Urlaub &amp; Reisen","description":"Urlaub, Reisen, Cornwall und S\u00fcdengland: eine perfekte Kombination","potentialAction":[{"@type":"SearchAction","target":{"@type":"EntryPoint","urlTemplate":"https:\/\/www.urlaubcornwall.de\/blog\/?s={search_term_string}"},"query-input":"required name=search_term_string"}],"inLanguage":"en-US"},{"@type":"WebPage","@id":"https:\/\/www.urlaubcornwall.de\/blog\/gaerten-in-suedengland-die-sie-besuchen-muessen\/","url":"https:\/\/www.urlaubcornwall.de\/blog\/gaerten-in-suedengland-die-sie-besuchen-muessen\/","name":"Die sch\u00f6nsten G\u00e4rten in S\u00fcdengland, die Sie besuchen m\u00fcssen. - Urlaub &amp; Reisen","isPartOf":{"@id":"https:\/\/www.urlaubcornwall.de\/blog\/#website"},"datePublished":"2016-08-07T14:17:35+00:00","dateModified":"2026-01-06T14:15:12+00:00","breadcrumb":{"@id":"https:\/\/www.urlaubcornwall.de\/blog\/gaerten-in-suedengland-die-sie-besuchen-muessen\/#breadcrumb"},"inLanguage":"en-US","potentialAction":[{"@type":"ReadAction","target":["https:\/\/www.urlaubcornwall.de\/blog\/gaerten-in-suedengland-die-sie-besuchen-muessen\/"]}]},{"@type":"BreadcrumbList","@id":"https:\/\/www.urlaubcornwall.de\/blog\/gaerten-in-suedengland-die-sie-besuchen-muessen\/#breadcrumb","itemListElement":[{"@type":"ListItem","position":1,"name":"Home","item":"https:\/\/www.urlaubcornwall.de\/blog\/"},{"@type":"ListItem","position":2,"name":"Die sch\u00f6nsten G\u00e4rten in S\u00fcdengland, die Sie besuchen m\u00fcssen."}]}]}},"_links":{"self":[{"href":"https:\/\/www.urlaubcornwall.de\/blog\/wp-json\/wp\/v2\/pages\/24877"}],"collection":[{"href":"https:\/\/www.urlaubcornwall.de\/blog\/wp-json\/wp\/v2\/pages"}],"about":[{"href":"https:\/\/www.urlaubcornwall.de\/blog\/wp-json\/wp\/v2\/types\/page"}],"author":[{"embeddable":true,"href":"https:\/\/www.urlaubcornwall.de\/blog\/wp-json\/wp\/v2\/users\/1"}],"replies":[{"embeddable":true,"href":"https:\/\/www.urlaubcornwall.de\/blog\/wp-json\/wp\/v2\/comments?post=24877"}],"version-history":[{"count":45,"href":"https:\/\/www.urlaubcornwall.de\/blog\/wp-json\/wp\/v2\/pages\/24877\/revisions"}],"predecessor-version":[{"id":51972,"href":"https:\/\/www.urlaubcornwall.de\/blog\/wp-json\/wp\/v2\/pages\/24877\/revisions\/51972"}],"wp:attachment":[{"href":"https:\/\/www.urlaubcornwall.de\/blog\/wp-json\/wp\/v2\/media?parent=24877"}],"curies":[{"name":"wp","href":"https:\/\/api.w.org\/{rel}","templated":true}]}}