{"id":24817,"date":"2016-07-12T11:02:24","date_gmt":"2016-07-12T11:02:24","guid":{"rendered":"https:\/\/www.urlaubcornwall.de\/blog\/?page_id=24817"},"modified":"2016-07-12T11:06:05","modified_gmt":"2016-07-12T11:06:05","slug":"cornwall-mit-kaethe-ein-roman-von-stephanie-linnhe","status":"publish","type":"page","link":"https:\/\/www.urlaubcornwall.de\/blog\/cornwall-mit-kaethe-ein-roman-von-stephanie-linnhe\/","title":{"rendered":"Cornwall mit K\u00e4the: ein Roman von Stephanie Linnhe"},"content":{"rendered":"<p><img loading=\"lazy\" class=\"aligncenter size-full wp-image-24818\" src=\"https:\/\/www.urlaubcornwall.de\/blog\/wp-content\/uploads\/2016\/07\/cornwall-roman.jpg\" alt=\"cornwall roman\" width=\"749\" height=\"548\" srcset=\"https:\/\/www.urlaubcornwall.de\/blog\/wp-content\/uploads\/2016\/07\/cornwall-roman.jpg 749w, https:\/\/www.urlaubcornwall.de\/blog\/wp-content\/uploads\/2016\/07\/cornwall-roman-300x219.jpg 300w\" sizes=\"(max-width: 749px) 100vw, 749px\" \/><\/p>\n<p>Einmal Urlaub in Cornwall machen! F\u00fcr die junge Juna Fleming gar nicht so leicht, denn niemand will mit ihr ins Rosamunde-Pilcher-Land reisen \u2013 zu kitschig! So findet Juna sich schlie\u00dflich in einem Reisebus voller Rentner wieder. Gl\u00fccklicherweise entpuppt sich ihre Sitznachbarin K\u00e4the als charmant und unterhaltsam. An Abenteuern fehlt es auch nicht, denn die Rentnertruppe hat es faustdick hinter den Ohren. Der Bus verschwindet, und die resolute Antonia zieht auf eigene Faust los, um die von ihr so geliebten Schafe aufzusp\u00fcren. Zum Gl\u00fcck gibt es da noch K\u00e4thes Enkel, der telefonisch Beistand leistet \u2013 und eine unglaublich sexy Stimme hat&#8230;..<\/p>\n<p><strong>Eine Reise durch Cornwall \u2013 mit dem Bus!<\/strong><\/p>\n<p>Stephanie Linnhe wuchs im n\u00f6rdlichen Ruhrgebiet auf. Nach dem Publizistikstudium ging sie f\u00fcr ein Jahr nach Australien und arbeitete als Story Writer sowie als Tourguide. Zur\u00fcck in Europa, f\u00fchrten Projekte sie in die Schweiz und nach England. <a href=\"http:\/\/amzn.to\/1tsLOlK\" target=\"_blank\" rel=\"nofollow\">\u201eCornwall mit K\u00e4the\u201c<\/a> ist Linnhes \u2013 die sonst im Bereich Fantasy schreibt \u2013 erster Ausflug in das Genre der Frauenunterhaltung.<\/p>\n<p>Als Stephanie Linnhe ihre Recherchereise durch den idyllischen Landstrich in S\u00fcdengland antrat, hatte sie zun\u00e4chst ein anderes Projekt im Kopf. Um arbeiten und Ideen sammeln und zugleich viele Orte besuchen zu k\u00f6nnen, entschied sie sich f\u00fcr eine Busreise.<\/p>\n<p><img loading=\"lazy\" class=\"aligncenter size-full wp-image-24819\" src=\"https:\/\/www.urlaubcornwall.de\/blog\/wp-content\/uploads\/2016\/07\/cornwall-kueste.jpg\" alt=\"cornwall kueste\" width=\"745\" height=\"503\" srcset=\"https:\/\/www.urlaubcornwall.de\/blog\/wp-content\/uploads\/2016\/07\/cornwall-kueste.jpg 745w, https:\/\/www.urlaubcornwall.de\/blog\/wp-content\/uploads\/2016\/07\/cornwall-kueste-300x203.jpg 300w\" sizes=\"(max-width: 745px) 100vw, 745px\" \/><\/p>\n<p>Sie buchte einen achtt\u00e4gigen Trip bei einem auf Rundfahrten spezialisierten Unternehmen \u2026 und stellte bei Fahrtbeginn fest, dass beinahe alle der fr\u00f6hlichen Reiselustigen ein gutes St\u00fcck \u00e4lter waren als sie. Jedoch auch, dass die \u201eStimmung an Bord\u201c nicht darunter litt. Im Gegenteil. Sie traf interessante Menschen, h\u00f6rte spannende Geschichten, besuchte wundersch\u00f6ne Orte \u2026 und hatte viel Spa\u00df mit ihren Reisegef\u00e4hrten.<\/p>\n<p><img loading=\"lazy\" class=\"aligncenter size-full wp-image-24821\" src=\"https:\/\/www.urlaubcornwall.de\/blog\/wp-content\/uploads\/2016\/07\/boscastle.jpg\" alt=\"boscastle\" width=\"745\" height=\"415\" srcset=\"https:\/\/www.urlaubcornwall.de\/blog\/wp-content\/uploads\/2016\/07\/boscastle.jpg 745w, https:\/\/www.urlaubcornwall.de\/blog\/wp-content\/uploads\/2016\/07\/boscastle-300x167.jpg 300w\" sizes=\"(max-width: 745px) 100vw, 745px\" \/><\/p>\n<p>Zur\u00fcck zu Hause, entschied sie, dass f\u00fcr diesen Reiseroman eine ordentliche Portion Humor her musste. So schrieb sie die turbulente Geschichte um Juna, die unersch\u00fctterliche K\u00e4the und all die anderen charakterstarken und einzigartigen Figuren.<\/p>\n<p>\u201eNat\u00fcrlich hat sich nicht alles so zugetragen wie im Buch. Aber ich liebe es, Charaktereigenschaften zu \u00fcberspitzen und die Leser so zum Lachen zu bringen. Zudem musste ich einfach Schafe mit in den Plot weben. Ich liebe Schafe, und ich k\u00f6nnte sie stundenlang betrachten.\u201c<\/p>\n<p><img loading=\"lazy\" class=\"aligncenter size-full wp-image-24820\" src=\"https:\/\/www.urlaubcornwall.de\/blog\/wp-content\/uploads\/2016\/07\/st-ives.jpg\" alt=\"st ives\" width=\"745\" height=\"403\" srcset=\"https:\/\/www.urlaubcornwall.de\/blog\/wp-content\/uploads\/2016\/07\/st-ives.jpg 745w, https:\/\/www.urlaubcornwall.de\/blog\/wp-content\/uploads\/2016\/07\/st-ives-300x162.jpg 300w\" sizes=\"(max-width: 745px) 100vw, 745px\" \/><\/p>\n<p>Das Ergebnis ist ein turbulenter Roman mit Herz und Humor. Er nimmt den Leser mit auf eine unterhaltsame und am\u00fcsante Reise quer durch Cornwall \u2026 und zeigt, dass Spa\u00df, Abenteuerlust, Energie oder auch Trotz in jeder Altersgruppe zu finden sind.<\/p>\n","protected":false},"excerpt":{"rendered":"<p>Einmal Urlaub in Cornwall machen! F\u00fcr die junge Juna Fleming gar nicht so leicht, denn niemand will mit ihr ins Rosamunde-Pilcher-Land reisen \u2013 zu kitschig! So findet Juna sich schlie\u00dflich in einem Reisebus voller Rentner wieder. Gl\u00fccklicherweise entpuppt sich ihre Sitznachbarin K\u00e4the als charmant und unterhaltsam. An Abenteuern fehlt es auch nicht, denn die Rentnertruppe [&hellip;]<\/p>\n","protected":false},"author":1,"featured_media":0,"parent":0,"menu_order":0,"comment_status":"closed","ping_status":"closed","template":"single-four.php","meta":[],"acf":[],"yoast_head":"<!-- This site is optimized with the Yoast SEO plugin v19.4 - https:\/\/yoast.com\/wordpress\/plugins\/seo\/ -->\n<title>Cornwall mit K\u00e4the: ein Roman von Stephanie Linnhe - Urlaub &amp; Reisen<\/title>\n<meta name=\"robots\" content=\"index, follow, max-snippet:-1, max-image-preview:large, max-video-preview:-1\" \/>\n<link rel=\"canonical\" href=\"https:\/\/www.urlaubcornwall.de\/blog\/cornwall-mit-kaethe-ein-roman-von-stephanie-linnhe\/\" \/>\n<meta property=\"og:locale\" content=\"en_US\" \/>\n<meta property=\"og:type\" content=\"article\" \/>\n<meta property=\"og:title\" content=\"Cornwall mit K\u00e4the: ein Roman von Stephanie Linnhe - Urlaub &amp; Reisen\" \/>\n<meta property=\"og:description\" content=\"Einmal Urlaub in Cornwall machen! F\u00fcr die junge Juna Fleming gar nicht so leicht, denn niemand will mit ihr ins Rosamunde-Pilcher-Land reisen \u2013 zu kitschig! So findet Juna sich schlie\u00dflich in einem Reisebus voller Rentner wieder. Gl\u00fccklicherweise entpuppt sich ihre Sitznachbarin K\u00e4the als charmant und unterhaltsam. An Abenteuern fehlt es auch nicht, denn die Rentnertruppe [&hellip;]\" \/>\n<meta property=\"og:url\" content=\"https:\/\/www.urlaubcornwall.de\/blog\/cornwall-mit-kaethe-ein-roman-von-stephanie-linnhe\/\" \/>\n<meta property=\"og:site_name\" content=\"Urlaub &amp; Reisen\" \/>\n<meta property=\"article:modified_time\" content=\"2016-07-12T11:06:05+00:00\" \/>\n<meta property=\"og:image\" content=\"https:\/\/www.urlaubcornwall.de\/blog\/wp-content\/uploads\/2016\/07\/cornwall-roman.jpg\" \/>\n<meta name=\"twitter:card\" content=\"summary\" \/>\n<meta name=\"twitter:label1\" content=\"Est. reading time\" \/>\n\t<meta name=\"twitter:data1\" content=\"2 minutes\" \/>\n<script type=\"application\/ld+json\" class=\"yoast-schema-graph\">{\"@context\":\"https:\/\/schema.org\",\"@graph\":[{\"@type\":\"WebSite\",\"@id\":\"https:\/\/www.urlaubcornwall.de\/blog\/#website\",\"url\":\"https:\/\/www.urlaubcornwall.de\/blog\/\",\"name\":\"Urlaub &amp; Reisen\",\"description\":\"Urlaub, Reisen, Cornwall und S\u00fcdengland: eine perfekte Kombination\",\"potentialAction\":[{\"@type\":\"SearchAction\",\"target\":{\"@type\":\"EntryPoint\",\"urlTemplate\":\"https:\/\/www.urlaubcornwall.de\/blog\/?s={search_term_string}\"},\"query-input\":\"required name=search_term_string\"}],\"inLanguage\":\"en-US\"},{\"@type\":\"WebPage\",\"@id\":\"https:\/\/www.urlaubcornwall.de\/blog\/cornwall-mit-kaethe-ein-roman-von-stephanie-linnhe\/\",\"url\":\"https:\/\/www.urlaubcornwall.de\/blog\/cornwall-mit-kaethe-ein-roman-von-stephanie-linnhe\/\",\"name\":\"Cornwall mit K\u00e4the: ein Roman von Stephanie Linnhe - Urlaub &amp; Reisen\",\"isPartOf\":{\"@id\":\"https:\/\/www.urlaubcornwall.de\/blog\/#website\"},\"datePublished\":\"2016-07-12T11:02:24+00:00\",\"dateModified\":\"2016-07-12T11:06:05+00:00\",\"breadcrumb\":{\"@id\":\"https:\/\/www.urlaubcornwall.de\/blog\/cornwall-mit-kaethe-ein-roman-von-stephanie-linnhe\/#breadcrumb\"},\"inLanguage\":\"en-US\",\"potentialAction\":[{\"@type\":\"ReadAction\",\"target\":[\"https:\/\/www.urlaubcornwall.de\/blog\/cornwall-mit-kaethe-ein-roman-von-stephanie-linnhe\/\"]}]},{\"@type\":\"BreadcrumbList\",\"@id\":\"https:\/\/www.urlaubcornwall.de\/blog\/cornwall-mit-kaethe-ein-roman-von-stephanie-linnhe\/#breadcrumb\",\"itemListElement\":[{\"@type\":\"ListItem\",\"position\":1,\"name\":\"Home\",\"item\":\"https:\/\/www.urlaubcornwall.de\/blog\/\"},{\"@type\":\"ListItem\",\"position\":2,\"name\":\"Cornwall mit K\u00e4the: ein Roman von Stephanie Linnhe\"}]}]}<\/script>\n<!-- \/ Yoast SEO plugin. -->","yoast_head_json":{"title":"Cornwall mit K\u00e4the: ein Roman von Stephanie Linnhe - Urlaub &amp; Reisen","robots":{"index":"index","follow":"follow","max-snippet":"max-snippet:-1","max-image-preview":"max-image-preview:large","max-video-preview":"max-video-preview:-1"},"canonical":"https:\/\/www.urlaubcornwall.de\/blog\/cornwall-mit-kaethe-ein-roman-von-stephanie-linnhe\/","og_locale":"en_US","og_type":"article","og_title":"Cornwall mit K\u00e4the: ein Roman von Stephanie Linnhe - Urlaub &amp; Reisen","og_description":"Einmal Urlaub in Cornwall machen! F\u00fcr die junge Juna Fleming gar nicht so leicht, denn niemand will mit ihr ins Rosamunde-Pilcher-Land reisen \u2013 zu kitschig! So findet Juna sich schlie\u00dflich in einem Reisebus voller Rentner wieder. Gl\u00fccklicherweise entpuppt sich ihre Sitznachbarin K\u00e4the als charmant und unterhaltsam. An Abenteuern fehlt es auch nicht, denn die Rentnertruppe [&hellip;]","og_url":"https:\/\/www.urlaubcornwall.de\/blog\/cornwall-mit-kaethe-ein-roman-von-stephanie-linnhe\/","og_site_name":"Urlaub &amp; Reisen","article_modified_time":"2016-07-12T11:06:05+00:00","og_image":[{"url":"https:\/\/www.urlaubcornwall.de\/blog\/wp-content\/uploads\/2016\/07\/cornwall-roman.jpg"}],"twitter_card":"summary","twitter_misc":{"Est. reading time":"2 minutes"},"schema":{"@context":"https:\/\/schema.org","@graph":[{"@type":"WebSite","@id":"https:\/\/www.urlaubcornwall.de\/blog\/#website","url":"https:\/\/www.urlaubcornwall.de\/blog\/","name":"Urlaub &amp; Reisen","description":"Urlaub, Reisen, Cornwall und S\u00fcdengland: eine perfekte Kombination","potentialAction":[{"@type":"SearchAction","target":{"@type":"EntryPoint","urlTemplate":"https:\/\/www.urlaubcornwall.de\/blog\/?s={search_term_string}"},"query-input":"required name=search_term_string"}],"inLanguage":"en-US"},{"@type":"WebPage","@id":"https:\/\/www.urlaubcornwall.de\/blog\/cornwall-mit-kaethe-ein-roman-von-stephanie-linnhe\/","url":"https:\/\/www.urlaubcornwall.de\/blog\/cornwall-mit-kaethe-ein-roman-von-stephanie-linnhe\/","name":"Cornwall mit K\u00e4the: ein Roman von Stephanie Linnhe - Urlaub &amp; Reisen","isPartOf":{"@id":"https:\/\/www.urlaubcornwall.de\/blog\/#website"},"datePublished":"2016-07-12T11:02:24+00:00","dateModified":"2016-07-12T11:06:05+00:00","breadcrumb":{"@id":"https:\/\/www.urlaubcornwall.de\/blog\/cornwall-mit-kaethe-ein-roman-von-stephanie-linnhe\/#breadcrumb"},"inLanguage":"en-US","potentialAction":[{"@type":"ReadAction","target":["https:\/\/www.urlaubcornwall.de\/blog\/cornwall-mit-kaethe-ein-roman-von-stephanie-linnhe\/"]}]},{"@type":"BreadcrumbList","@id":"https:\/\/www.urlaubcornwall.de\/blog\/cornwall-mit-kaethe-ein-roman-von-stephanie-linnhe\/#breadcrumb","itemListElement":[{"@type":"ListItem","position":1,"name":"Home","item":"https:\/\/www.urlaubcornwall.de\/blog\/"},{"@type":"ListItem","position":2,"name":"Cornwall mit K\u00e4the: ein Roman von Stephanie Linnhe"}]}]}},"_links":{"self":[{"href":"https:\/\/www.urlaubcornwall.de\/blog\/wp-json\/wp\/v2\/pages\/24817"}],"collection":[{"href":"https:\/\/www.urlaubcornwall.de\/blog\/wp-json\/wp\/v2\/pages"}],"about":[{"href":"https:\/\/www.urlaubcornwall.de\/blog\/wp-json\/wp\/v2\/types\/page"}],"author":[{"embeddable":true,"href":"https:\/\/www.urlaubcornwall.de\/blog\/wp-json\/wp\/v2\/users\/1"}],"replies":[{"embeddable":true,"href":"https:\/\/www.urlaubcornwall.de\/blog\/wp-json\/wp\/v2\/comments?post=24817"}],"version-history":[{"count":4,"href":"https:\/\/www.urlaubcornwall.de\/blog\/wp-json\/wp\/v2\/pages\/24817\/revisions"}],"predecessor-version":[{"id":24825,"href":"https:\/\/www.urlaubcornwall.de\/blog\/wp-json\/wp\/v2\/pages\/24817\/revisions\/24825"}],"wp:attachment":[{"href":"https:\/\/www.urlaubcornwall.de\/blog\/wp-json\/wp\/v2\/media?parent=24817"}],"curies":[{"name":"wp","href":"https:\/\/api.w.org\/{rel}","templated":true}]}}