{"id":24811,"date":"2016-07-08T14:42:56","date_gmt":"2016-07-08T14:42:56","guid":{"rendered":"https:\/\/www.urlaubcornwall.de\/blog\/?page_id=24811"},"modified":"2024-04-30T15:50:45","modified_gmt":"2024-04-30T15:50:45","slug":"urlaub-weymouth-unterkunft-sehenswuerdigkeiten-und-geschichte","status":"publish","type":"page","link":"https:\/\/www.urlaubcornwall.de\/blog\/urlaub-weymouth-unterkunft-sehenswuerdigkeiten-und-geschichte\/","title":{"rendered":"Urlaub Weymouth: Unterkunft, Sehensw\u00fcrdigkeiten und Geschichte"},"content":{"rendered":"<p><img loading=\"lazy\" class=\"aligncenter size-full wp-image-24812\" src=\"https:\/\/www.urlaubcornwall.de\/blog\/wp-content\/uploads\/2016\/07\/Urlaub-weymouth.jpg\" alt=\"Urlaub weymouth dorset \" width=\"748\" height=\"377\"\/><\/p>\n<p>Weymouth ist ein <a href=\"https:\/\/www.urlaubcornwall.de\/ferienhaeuser-fewos\/eng\/dorset\/weymouth.html\">klassischer englischer Badeort<\/a> in <a href=\"https:\/\/www.urlaubcornwall.de\/blog\/urlaub-in-dorset-eine-der-geschichtstraechtigsten-grafschaften-englands\/\">Dorset<\/a> mit langem goldenen Sandstrand und Promenade. K\u00f6nig Georg III kam 1798 zu Besuch und wurde der erste Monarch, der eine Bademaschine benutzte. Er besuchte die Stadt h\u00e4ufig, und so wurde Weymouth zum modischen Badeort. An der Promenade steht eine Statue von Georg III; sie wurde 1810 errichtet im Gedenken an sein goldenes Jubil\u00e4um. Der Blick von der Bucht, der Jurak\u00fcste entlang, ist spektakul\u00e4r. 2012 fanden w\u00e4rend der London Olympic and Paralympic Games in Weymouth die Segelveranstaltungen statt; das Meeresufer mit seinen georgianischen Geb\u00e4uden bildete einen herrlichen Hintergrund. Westlich des Strandes gelegen, befindet sich der enge malerische Hafen mit kleinen Fischerbooten, die ihren Fang am Kai ausladen.<\/p>\n<p>SandWorld ist Weymouths Sand-Skulpturenpark; diese einzigartige Galerie hat einige der besten Sandskulpturen der Welt. Atemberaubende, lebensgro\u00dfe Skulpturen, von preisgekr\u00f6nten Bildhauern der Weltklasse vollst\u00e4ndig aus Sand und Wasser geschaffen. SandWorld hat von M\u00e4rz bis November t\u00e4glich ge\u00f6ffnet.<\/p>\n<div class=\"snippet\"> <a class=\"featured-item\" href=\"https:\/\/www.urlaubcornwall.de\/ferienhaeuser\/suedengland.php\"> <span class=\"image-holder\" style=\"background-image: url('https:\/\/www.urlaubcornwall.de\/blog\/wp-content\/uploads\/2024\/03\/ferienhaus-england-cornwall.jpg');\"><\/span> <span class=\"featured-content\"> \n<h2 class=\"featured-title\">Ferienh\u00e4user in Weymouth &#038; durch S\u00fcdengland<\/h2>\n<p class=\"featured-body\">Bei uns finden Sie Ferienh\u00e4user zum Verlieben &#8211; so einfach ist das! Dank seiner langen Geschichte, der reizvollen Landschaften und seinen vielen Attraktionen ist S\u00fcdengland ein wahres Mekka f\u00fcr Urlauber&#8230;..<\/p><\/span> <span class=\"featured-link-holder\"> <span class=\"featured-extra-info\"> \n<p>Pers\u00f6nlich inspizierter Ferienh\u00e4user<\/p>\n<\/span> \n<p class=\"featured-link\">DETAILS<\/p>\n<\/span> <\/a><\/div>\n<p>Die Jurassic Skyline in Weymouth bietet Ihnen den fantastischsten Blick \u00fcber die Jurak\u00fcste. 53 Meter hoch und um 360 Grad rotierend, bietet diese Aussichtskapsel einen Panoramablick bis zu 26km \u00fcber den Englischen Kanal und nach Lulworth und Portland. Die Skyline hat t\u00e4glich ge\u00f6ffnet.<\/p>\n<p><script async src=\"https:\/\/pagead2.googlesyndication.com\/pagead\/js\/adsbygoogle.js?client=ca-pub-3901089389175725\"\n     crossorigin=\"anonymous\"><\/script><br \/>\n<!-- New UC --><br \/>\n<ins class=\"adsbygoogle\"\n     style=\"display:block\"\n     data-ad-client=\"ca-pub-3901089389175725\"\n     data-ad-slot=\"8080314818\"\n     data-ad-format=\"auto\"\n     data-full-width-responsive=\"true\"><\/ins><br \/>\n<script>\n     (adsbygoogle = window.adsbygoogle || []).push({});\n<\/script><\/p>\n<p><img loading=\"lazy\" class=\"aligncenter size-full wp-image-23116\" src=\"https:\/\/www.urlaubcornwall.de\/blog\/wp-content\/uploads\/2016\/02\/chesil-strand_reisen-dorset.jpg\" alt=\"chesil strand_reisen dorset\" width=\"748\" height=\"364\"\/><\/p>\n<p>Die Isle of Portland ist mit dem Festland am s\u00fcdlichen Ende des Chesil Beach verbunden, sie ist aufgrund ihres Gesteins bekannt. Das Portland Gestein wurde dazu benutzt, den Buckingham Palast und die St Pauls Kathedrale zu erbauen. Portland Harbour ist einer der gr\u00f6\u00dften von Menschenhand geschaffenen H\u00e4fen der Welt, und der Originalhafen wurde 1847 von Gefangenen gebaut, die auf ihren Transport nach Australien warteten. Portland Castle wurde von Heinrich VIII in den fr\u00fchen 1540ern erbaut und ist eines der feinsten K\u00fcstenfestungen. <\/p>\n<div class=\"snippet\"> <a class=\"featured-item\" href=\"https:\/\/www.urlaubcornwall.de\/rundreisen\/cornwall-suedengland.php\"> <span class=\"image-holder\" style=\"background-image: url('https:\/\/www.urlaubcornwall.de\/blog\/wp-content\/uploads\/2019\/01\/DiTn0QVWsAIOgjG.jpg');\"><\/span> <span class=\"featured-content\"> \n<h2 class=\"featured-title\">Rundreisen Dorset &#038; S\u00fcdengland eine perfekte Kombination<\/h2>\n<p class=\"featured-body\">Die perfekte Reisem\u00f6glichkeit und erm\u00f6glicht es Ihnen, Entdeckungen zu machen und einen Urlaub im eigenen Schritttempo&#8230;.<\/p><\/span> <span class=\"featured-link-holder\"> <span class=\"featured-extra-info\"> \n<p>F\u00fcr Paare, Familien &#038; Gruppen<\/p>\n<\/span> \n<p class=\"featured-link\">DETAILS<\/p>\n<\/span> <\/a><\/div>\n<p>Die Burg eignet sich f\u00fcr einen gro\u00dfartigen Tagesausflug und befindet sich lediglich 6,4km von Weymouth entfernt; sie hat von April-November t\u00e4glich ge\u00f6ffnet. Am s\u00fcdlichsten Zipfel der Isle of Portland ist Portland Bill, der s\u00fcdlichste Punkt Dorsets. Seit mehr als 300 Jahren steht hier ein Leuchtturm, der f\u00fcr Touren ge\u00f6ffnet hat, die ungef\u00e4hr 45 Minuten dauern. Besucher k\u00f6nnen die 153 Stufen zur Spitze erklimmen und werden dann mit einem fantastischen Blick \u00fcber die K\u00fcste belohnt.<\/p>\n<p style=\"text-align: left;\">Kein Urlaub in Weymouth w\u00e4re komplett, ohne dem Chesil Beach einen Besuch abzustatten. Das altenglische Wort \u2018chesil\u2019 bedeutet Kiesel. Dieses seltsame Naturph\u00e4nomen ist kein normaler Kieselstrand, es ist vielmehr eine 27,3km lange Kieselb\u00f6schung, bis zu 10,7m hoch und 137-183m breit und beinhaltet die Fleet Lagune. Der Chesil Beach mit seinen 180 Billionen Kieseln und der Lagune sind beide eine St\u00e4tte besonderen wissenschaftlichen Interesses. Der beste Blick \u00fcber den Strand bietet sich entweder von Abbotsbury oder von Portland aus.<\/p>\n","protected":false},"excerpt":{"rendered":"<p>Weymouth ist ein klassischer englischer Badeort in Dorset mit langem goldenen Sandstrand und Promenade. K\u00f6nig Georg III kam 1798 zu Besuch und wurde der erste Monarch, der eine Bademaschine benutzte. Er besuchte die Stadt h\u00e4ufig, und so wurde Weymouth zum modischen Badeort. An der Promenade steht eine Statue von Georg III; sie wurde 1810 errichtet [&hellip;]<\/p>\n","protected":false},"author":1,"featured_media":0,"parent":0,"menu_order":0,"comment_status":"closed","ping_status":"closed","template":"single-four.php","meta":[],"acf":[],"yoast_head":"<!-- This site is optimized with the Yoast SEO plugin v19.4 - https:\/\/yoast.com\/wordpress\/plugins\/seo\/ -->\n<title>Urlaub Weymouth: Unterkunft, Sehensw\u00fcrdigkeiten und Geschichte - Urlaub &amp; Reisen<\/title>\n<meta name=\"robots\" content=\"index, follow, max-snippet:-1, max-image-preview:large, max-video-preview:-1\" \/>\n<link rel=\"canonical\" href=\"https:\/\/www.urlaubcornwall.de\/blog\/urlaub-weymouth-unterkunft-sehenswuerdigkeiten-und-geschichte\/\" \/>\n<meta property=\"og:locale\" content=\"en_US\" \/>\n<meta property=\"og:type\" content=\"article\" \/>\n<meta property=\"og:title\" content=\"Urlaub Weymouth: Unterkunft, Sehensw\u00fcrdigkeiten und Geschichte - Urlaub &amp; Reisen\" \/>\n<meta property=\"og:description\" content=\"Weymouth ist ein klassischer englischer Badeort in Dorset mit langem goldenen Sandstrand und Promenade. K\u00f6nig Georg III kam 1798 zu Besuch und wurde der erste Monarch, der eine Bademaschine benutzte. Er besuchte die Stadt h\u00e4ufig, und so wurde Weymouth zum modischen Badeort. An der Promenade steht eine Statue von Georg III; sie wurde 1810 errichtet [&hellip;]\" \/>\n<meta property=\"og:url\" content=\"https:\/\/www.urlaubcornwall.de\/blog\/urlaub-weymouth-unterkunft-sehenswuerdigkeiten-und-geschichte\/\" \/>\n<meta property=\"og:site_name\" content=\"Urlaub &amp; Reisen\" \/>\n<meta property=\"article:modified_time\" content=\"2024-04-30T15:50:45+00:00\" \/>\n<meta property=\"og:image\" content=\"https:\/\/www.urlaubcornwall.de\/blog\/wp-content\/uploads\/2016\/07\/Urlaub-weymouth.jpg\" \/>\n<meta name=\"twitter:card\" content=\"summary\" \/>\n<meta name=\"twitter:label1\" content=\"Est. reading time\" \/>\n\t<meta name=\"twitter:data1\" content=\"3 minutes\" \/>\n<script type=\"application\/ld+json\" class=\"yoast-schema-graph\">{\"@context\":\"https:\/\/schema.org\",\"@graph\":[{\"@type\":\"WebSite\",\"@id\":\"https:\/\/www.urlaubcornwall.de\/blog\/#website\",\"url\":\"https:\/\/www.urlaubcornwall.de\/blog\/\",\"name\":\"Urlaub &amp; Reisen\",\"description\":\"Urlaub, Reisen, Cornwall und S\u00fcdengland: eine perfekte Kombination\",\"potentialAction\":[{\"@type\":\"SearchAction\",\"target\":{\"@type\":\"EntryPoint\",\"urlTemplate\":\"https:\/\/www.urlaubcornwall.de\/blog\/?s={search_term_string}\"},\"query-input\":\"required name=search_term_string\"}],\"inLanguage\":\"en-US\"},{\"@type\":\"WebPage\",\"@id\":\"https:\/\/www.urlaubcornwall.de\/blog\/urlaub-weymouth-unterkunft-sehenswuerdigkeiten-und-geschichte\/\",\"url\":\"https:\/\/www.urlaubcornwall.de\/blog\/urlaub-weymouth-unterkunft-sehenswuerdigkeiten-und-geschichte\/\",\"name\":\"Urlaub Weymouth: Unterkunft, Sehensw\u00fcrdigkeiten und Geschichte - Urlaub &amp; Reisen\",\"isPartOf\":{\"@id\":\"https:\/\/www.urlaubcornwall.de\/blog\/#website\"},\"datePublished\":\"2016-07-08T14:42:56+00:00\",\"dateModified\":\"2024-04-30T15:50:45+00:00\",\"breadcrumb\":{\"@id\":\"https:\/\/www.urlaubcornwall.de\/blog\/urlaub-weymouth-unterkunft-sehenswuerdigkeiten-und-geschichte\/#breadcrumb\"},\"inLanguage\":\"en-US\",\"potentialAction\":[{\"@type\":\"ReadAction\",\"target\":[\"https:\/\/www.urlaubcornwall.de\/blog\/urlaub-weymouth-unterkunft-sehenswuerdigkeiten-und-geschichte\/\"]}]},{\"@type\":\"BreadcrumbList\",\"@id\":\"https:\/\/www.urlaubcornwall.de\/blog\/urlaub-weymouth-unterkunft-sehenswuerdigkeiten-und-geschichte\/#breadcrumb\",\"itemListElement\":[{\"@type\":\"ListItem\",\"position\":1,\"name\":\"Home\",\"item\":\"https:\/\/www.urlaubcornwall.de\/blog\/\"},{\"@type\":\"ListItem\",\"position\":2,\"name\":\"Urlaub Weymouth: Unterkunft, Sehensw\u00fcrdigkeiten und Geschichte\"}]}]}<\/script>\n<!-- \/ Yoast SEO plugin. -->","yoast_head_json":{"title":"Urlaub Weymouth: Unterkunft, Sehensw\u00fcrdigkeiten und Geschichte - Urlaub &amp; Reisen","robots":{"index":"index","follow":"follow","max-snippet":"max-snippet:-1","max-image-preview":"max-image-preview:large","max-video-preview":"max-video-preview:-1"},"canonical":"https:\/\/www.urlaubcornwall.de\/blog\/urlaub-weymouth-unterkunft-sehenswuerdigkeiten-und-geschichte\/","og_locale":"en_US","og_type":"article","og_title":"Urlaub Weymouth: Unterkunft, Sehensw\u00fcrdigkeiten und Geschichte - Urlaub &amp; Reisen","og_description":"Weymouth ist ein klassischer englischer Badeort in Dorset mit langem goldenen Sandstrand und Promenade. K\u00f6nig Georg III kam 1798 zu Besuch und wurde der erste Monarch, der eine Bademaschine benutzte. Er besuchte die Stadt h\u00e4ufig, und so wurde Weymouth zum modischen Badeort. An der Promenade steht eine Statue von Georg III; sie wurde 1810 errichtet [&hellip;]","og_url":"https:\/\/www.urlaubcornwall.de\/blog\/urlaub-weymouth-unterkunft-sehenswuerdigkeiten-und-geschichte\/","og_site_name":"Urlaub &amp; Reisen","article_modified_time":"2024-04-30T15:50:45+00:00","og_image":[{"url":"https:\/\/www.urlaubcornwall.de\/blog\/wp-content\/uploads\/2016\/07\/Urlaub-weymouth.jpg"}],"twitter_card":"summary","twitter_misc":{"Est. reading time":"3 minutes"},"schema":{"@context":"https:\/\/schema.org","@graph":[{"@type":"WebSite","@id":"https:\/\/www.urlaubcornwall.de\/blog\/#website","url":"https:\/\/www.urlaubcornwall.de\/blog\/","name":"Urlaub &amp; Reisen","description":"Urlaub, Reisen, Cornwall und S\u00fcdengland: eine perfekte Kombination","potentialAction":[{"@type":"SearchAction","target":{"@type":"EntryPoint","urlTemplate":"https:\/\/www.urlaubcornwall.de\/blog\/?s={search_term_string}"},"query-input":"required name=search_term_string"}],"inLanguage":"en-US"},{"@type":"WebPage","@id":"https:\/\/www.urlaubcornwall.de\/blog\/urlaub-weymouth-unterkunft-sehenswuerdigkeiten-und-geschichte\/","url":"https:\/\/www.urlaubcornwall.de\/blog\/urlaub-weymouth-unterkunft-sehenswuerdigkeiten-und-geschichte\/","name":"Urlaub Weymouth: Unterkunft, Sehensw\u00fcrdigkeiten und Geschichte - Urlaub &amp; Reisen","isPartOf":{"@id":"https:\/\/www.urlaubcornwall.de\/blog\/#website"},"datePublished":"2016-07-08T14:42:56+00:00","dateModified":"2024-04-30T15:50:45+00:00","breadcrumb":{"@id":"https:\/\/www.urlaubcornwall.de\/blog\/urlaub-weymouth-unterkunft-sehenswuerdigkeiten-und-geschichte\/#breadcrumb"},"inLanguage":"en-US","potentialAction":[{"@type":"ReadAction","target":["https:\/\/www.urlaubcornwall.de\/blog\/urlaub-weymouth-unterkunft-sehenswuerdigkeiten-und-geschichte\/"]}]},{"@type":"BreadcrumbList","@id":"https:\/\/www.urlaubcornwall.de\/blog\/urlaub-weymouth-unterkunft-sehenswuerdigkeiten-und-geschichte\/#breadcrumb","itemListElement":[{"@type":"ListItem","position":1,"name":"Home","item":"https:\/\/www.urlaubcornwall.de\/blog\/"},{"@type":"ListItem","position":2,"name":"Urlaub Weymouth: Unterkunft, Sehensw\u00fcrdigkeiten und Geschichte"}]}]}},"_links":{"self":[{"href":"https:\/\/www.urlaubcornwall.de\/blog\/wp-json\/wp\/v2\/pages\/24811"}],"collection":[{"href":"https:\/\/www.urlaubcornwall.de\/blog\/wp-json\/wp\/v2\/pages"}],"about":[{"href":"https:\/\/www.urlaubcornwall.de\/blog\/wp-json\/wp\/v2\/types\/page"}],"author":[{"embeddable":true,"href":"https:\/\/www.urlaubcornwall.de\/blog\/wp-json\/wp\/v2\/users\/1"}],"replies":[{"embeddable":true,"href":"https:\/\/www.urlaubcornwall.de\/blog\/wp-json\/wp\/v2\/comments?post=24811"}],"version-history":[{"count":13,"href":"https:\/\/www.urlaubcornwall.de\/blog\/wp-json\/wp\/v2\/pages\/24811\/revisions"}],"predecessor-version":[{"id":50023,"href":"https:\/\/www.urlaubcornwall.de\/blog\/wp-json\/wp\/v2\/pages\/24811\/revisions\/50023"}],"wp:attachment":[{"href":"https:\/\/www.urlaubcornwall.de\/blog\/wp-json\/wp\/v2\/media?parent=24811"}],"curies":[{"name":"wp","href":"https:\/\/api.w.org\/{rel}","templated":true}]}}