{"id":24803,"date":"2016-07-08T14:30:37","date_gmt":"2016-07-08T14:30:37","guid":{"rendered":"https:\/\/www.urlaubcornwall.de\/blog\/?page_id=24803"},"modified":"2024-04-30T15:50:59","modified_gmt":"2024-04-30T15:50:59","slug":"wareham-dorset-unterkunft-sehenswuerdigkeiten-und-geschichte","status":"publish","type":"page","link":"https:\/\/www.urlaubcornwall.de\/blog\/wareham-dorset-unterkunft-sehenswuerdigkeiten-und-geschichte\/","title":{"rendered":"Urlaub in Wareham: Unterkunft, Sehensw\u00fcrdigkeiten und Geschichte"},"content":{"rendered":"<p><img loading=\"lazy\" class=\"aligncenter size-full wp-image-47973\" src=\"https:\/\/www.urlaubcornwall.de\/blog\/wp-content\/uploads\/2024\/03\/wareham_river.jpg\" alt=\"\" width=\"750\" height=\"619\" srcset=\"https:\/\/www.urlaubcornwall.de\/blog\/wp-content\/uploads\/2024\/03\/wareham_river.jpg 750w, https:\/\/www.urlaubcornwall.de\/blog\/wp-content\/uploads\/2024\/03\/wareham_river-300x248.jpg 300w\" sizes=\"(max-width: 750px) 100vw, 750px\" \/><\/p>\n<p>Wareham am Fluss Frome in <a href=\"https:\/\/www.urlaubcornwall.de\/blog\/urlaub-in-dorset-eine-der-geschichtstraechtigsten-grafschaften-englands\/\">Dorset<\/a> ist eine malerische Marktstadt mit einer faszinierenden Geschichte, die nahezu 2000 Jahre zur\u00fcckreicht. Die Stadt bl\u00fchte zu Zeiten der Sachsen und war wichtige Festung f\u00fcr K\u00f6nig Alfred den Gro\u00dfen. Auf den alten s\u00e4chsischen Stadtmauern l\u00e4sst es sich herrlich herumspazieren, und einer der H\u00f6hepunkte ist die Sachsenkirche St Martins, in der sich fr\u00fche mittelalterliche Gem\u00e4lde befinden, sowie ein eindrucksvolles Denkmal, das T. E. Lawrence (Lawrence von Arabien) gewidmet ist. <\/p>\n<p>Der Kai Warehams taucht in vielen Fotografien auf. An diesem bildsch\u00f6nen Ort kamen einst gro\u00dfe Segelschiffe aus der ganzen Welt an, doch nun kann man hier einfach nur sitzen und entspannen, ein Boot zu mieten oder den Fluss in einem Tretboot hinunter fahren. Neben dem Kai Warehams befindet sich das Discover Purbeck Informationszentrum, wo Sie eine Menge Details zur Gegend erfahren k\u00f6nnen, einschlie\u00dflich der Wander- und Radfahrrouten.<\/p>\n<p><script async src=\"https:\/\/pagead2.googlesyndication.com\/pagead\/js\/adsbygoogle.js?client=ca-pub-3901089389175725\"\n     crossorigin=\"anonymous\"><\/script><br \/>\n<!-- New UC --><br \/>\n<ins class=\"adsbygoogle\"\n     style=\"display:block\"\n     data-ad-client=\"ca-pub-3901089389175725\"\n     data-ad-slot=\"8080314818\"\n     data-ad-format=\"auto\"\n     data-full-width-responsive=\"true\"><\/ins><br \/>\n<script>\n     (adsbygoogle = window.adsbygoogle || []).push({});\n<\/script><\/p>\n<p>Clouds Hill ist ein isoliert gelegenes F\u00f6rsterhaus auf dem Lande bei Wareham. Dieses winzige Cottage war einst das Zuhause von T. E. Lawrence (Lawrence von Arabien) und ist heute Museum im Besitz des National Trust. Es ist fast genauso erhalten wie er es verlassen hat, als er 1935 hier gestorben ist.<\/p>\n<p><img loading=\"lazy\" class=\"aligncenter size-full wp-image-24805\" src=\"https:\/\/www.urlaubcornwall.de\/blog\/wp-content\/uploads\/2016\/07\/corfe-schloss-dorset.jpg\" alt=\"corfe schloss dorset\" width=\"745\" height=\"393\" srcset=\"https:\/\/www.urlaubcornwall.de\/blog\/wp-content\/uploads\/2016\/07\/corfe-schloss-dorset.jpg 745w, https:\/\/www.urlaubcornwall.de\/blog\/wp-content\/uploads\/2016\/07\/corfe-schloss-dorset-300x158.jpg 300w\" sizes=\"(max-width: 745px) 100vw, 745px\" \/><\/p>\n<p>Corfe Castle ist einer der dramatischsten und malerischsten Flecken in S\u00fcdengland 1080-1105 hoch auf einem H\u00fcgel erbaut, wurde es w\u00e4hrend des B\u00fcrgerkrieges 1646 teilweise zerst\u00f6rt. Die romantischen und ikonischen Ruinen bieten herrlichen Blick \u00fcber die Landschaft und eignen sich gro\u00dfartig f\u00fcr Erkundungen. Corfe Castle befindet sich im Besitz des National Trust und ist das ganze Jahr \u00fcber ge\u00f6ffnet. Das Dorf Corfe unter der Burg hat attraktive Steinh\u00e4user. Viele davon reichen ins 16. Jahrhundert zur\u00fcck. Es gibt zahlreiche Teeh\u00e4user, Caf\u00e9s und Andenkenl\u00e4den.<\/p>\n<div class=\"snippet\"> <a class=\"featured-item\" href=\"https:\/\/www.urlaubcornwall.de\/ferienhaeuser\/suedengland.php\"> <span class=\"image-holder\" style=\"background-image: url('https:\/\/www.urlaubcornwall.de\/blog\/wp-content\/uploads\/2024\/03\/ferienhaus-england-cornwall.jpg');\"><\/span> <span class=\"featured-content\"> \n<h2 class=\"featured-title\">Ferienh\u00e4user in S\u00fcdengland<\/h2>\n<p class=\"featured-body\">Bei uns finden Sie Ferienh\u00e4user zum Verlieben &#8211; so einfach ist das! Dank seiner langen Geschichte, der reizvollen Landschaften und seinen vielen Attraktionen ist S\u00fcdengland ein wahres Mekka f\u00fcr Urlauber&#8230;..<\/p><\/span> <span class=\"featured-link-holder\"> <span class=\"featured-extra-info\"> \n<p>Pers\u00f6nlich inspizierter Ferienh\u00e4user<\/p>\n<\/span> \n<p class=\"featured-link\">DETAILS<\/p>\n<\/span> <\/a><\/div>\n<p>Monkey World bei Wareham ist ein 26 Hektar gro\u00dfes Menschenaffen- und Affenschutzgebiet und das Zuhause von mehr als 250 bedrohten und geretteten Primaten. Monkey World arbeitet weltweit zusammen mit Regierungen, um den illegalen Schmuggel von Primaten zu verhindern. Das Schutzgebiet garantiert einen spa\u00dfvollen und faszinierenden Tagesausflug f\u00fcr die Familie; es gibt F\u00fchrungen und Gespr\u00e4che mit den Pflegern, die Einblick ins Leben des Parks geben. Monkey World hat das ganze Jahr \u00fcber ge\u00f6ffnet, au\u00dfer am Weihnachtstag.<\/p>\n<p><img loading=\"lazy\" class=\"aligncenter size-large wp-image-24807\" src=\"https:\/\/www.urlaubcornwall.de\/blog\/wp-content\/uploads\/2016\/07\/lulworth-buscht-jurassic-1024x519.jpg\" alt=\"lulworth buscht jurassic\" width=\"748\" height=\"519\" \/><\/p>\n<p>Lulworth Cove befindet sich westlich von Corfe Castle und Wareham; es ist der perfekte kreisf\u00f6rmige Strand und einer von S\u00fcdenglands meist fotografierten Flecken. Es liegt nahe des Dorfes West Lulworth und ist Teil der Jurak\u00fcstenkulturerbest\u00e4tte. Durdle Door ist ein spektakul\u00e4rer nat\u00fcrlicher Torbogen bei der Lulworth Cove. Die Natursch\u00f6nheit dieser Gegend von Dorsets K\u00fcste zieht Besucher aus aller Welt an.<\/p>\n<p>Das Panzermuseum bei Bovington in der N\u00e4he von Wareham ist die weltweit gr\u00f6\u00dfte Ausstellung historischer Panzer. Die Ausstellungsst\u00fccke erz\u00e4hlen die Geschichte bewaffneter Kriege seit dem Ersten Weltkrieg. Die Sammlung an \u00fcber 300 Fahrzeugen gilt als die beste der Welt und beinhaltet den allerersten Panzer, \u2018Little Willie\u2019, den gef\u00fcrchteten deutschen Tigerpanzer. Sie k\u00f6nnen sogar in einem der Fahrzeuge fahren. Ein gro\u00dfartiger Familienausflug mit einer Menge zu sehen! Das Museum hat das ganze Jahr \u00fcber ge\u00f6ffnet, au\u00dfer am Weihnachtstag.<\/p>\n<div class=\"snippet\"> <a class=\"featured-item\" href=\"https:\/\/www.urlaubcornwall.de\/rundreisen\/cornwall-suedengland.php\"> <span class=\"image-holder\" style=\"background-image: url('https:\/\/www.urlaubcornwall.de\/blog\/wp-content\/uploads\/2019\/01\/DiTn0QVWsAIOgjG.jpg');\"><\/span> <span class=\"featured-content\"> \n<h2 class=\"featured-title\">Rundreisen &#038; Urlaub in S\u00fcdengland eine perfekte Kombination<\/h2>\n<p class=\"featured-body\">Die perfekte Reisem\u00f6glichkeit und erm\u00f6glicht es Ihnen, Entdeckungen zu machen und einen Urlaub im eigenen Schritttempo&#8230;.<\/p><\/span> <span class=\"featured-link-holder\"> <span class=\"featured-extra-info\"> \n<p>F\u00fcr Paare, Familien &#038; Gruppen<\/p>\n<\/span> \n<p class=\"featured-link\">DETAILS<\/p>\n<\/span> <\/a><\/div>\n<p>Um Wareham und Dorset in Ihre Rundreise durch S\u00fcdengland mit einzugliedern, stellen Sie Ihre <a href=\"http:\/\/www.urlaubcornwall.de\/anfrage.php\">Anfrage<\/a> hier oder w\u00e4hlen Sie ein Ferienhaus aus unserer besten Auswahl <a href=\"http:\/\/www.urlaubcornwall.de\/ferienhaeuser-fewos\/wareham.html\">handverlesener und inspizierter H\u00e4user<\/a> aus.<\/p>\n","protected":false},"excerpt":{"rendered":"<p>Wareham am Fluss Frome in Dorset ist eine malerische Marktstadt mit einer faszinierenden Geschichte, die nahezu 2000 Jahre zur\u00fcckreicht. Die Stadt bl\u00fchte zu Zeiten der Sachsen und war wichtige Festung f\u00fcr K\u00f6nig Alfred den Gro\u00dfen. Auf den alten s\u00e4chsischen Stadtmauern l\u00e4sst es sich herrlich herumspazieren, und einer der H\u00f6hepunkte ist die Sachsenkirche St Martins, in [&hellip;]<\/p>\n","protected":false},"author":1,"featured_media":0,"parent":0,"menu_order":0,"comment_status":"closed","ping_status":"closed","template":"single-four.php","meta":[],"acf":[],"yoast_head":"<!-- This site is optimized with the Yoast SEO plugin v19.4 - https:\/\/yoast.com\/wordpress\/plugins\/seo\/ -->\n<title>Urlaub in Wareham: Unterkunft, Sehensw\u00fcrdigkeiten und Geschichte - Urlaub &amp; Reisen<\/title>\n<meta name=\"robots\" content=\"index, follow, max-snippet:-1, max-image-preview:large, max-video-preview:-1\" \/>\n<link rel=\"canonical\" href=\"https:\/\/www.urlaubcornwall.de\/blog\/wareham-dorset-unterkunft-sehenswuerdigkeiten-und-geschichte\/\" \/>\n<meta property=\"og:locale\" content=\"en_US\" \/>\n<meta property=\"og:type\" content=\"article\" \/>\n<meta property=\"og:title\" content=\"Urlaub in Wareham: Unterkunft, Sehensw\u00fcrdigkeiten und Geschichte - Urlaub &amp; Reisen\" \/>\n<meta property=\"og:description\" content=\"Wareham am Fluss Frome in Dorset ist eine malerische Marktstadt mit einer faszinierenden Geschichte, die nahezu 2000 Jahre zur\u00fcckreicht. Die Stadt bl\u00fchte zu Zeiten der Sachsen und war wichtige Festung f\u00fcr K\u00f6nig Alfred den Gro\u00dfen. Auf den alten s\u00e4chsischen Stadtmauern l\u00e4sst es sich herrlich herumspazieren, und einer der H\u00f6hepunkte ist die Sachsenkirche St Martins, in [&hellip;]\" \/>\n<meta property=\"og:url\" content=\"https:\/\/www.urlaubcornwall.de\/blog\/wareham-dorset-unterkunft-sehenswuerdigkeiten-und-geschichte\/\" \/>\n<meta property=\"og:site_name\" content=\"Urlaub &amp; Reisen\" \/>\n<meta property=\"article:modified_time\" content=\"2024-04-30T15:50:59+00:00\" \/>\n<meta property=\"og:image\" content=\"https:\/\/www.urlaubcornwall.de\/blog\/wp-content\/uploads\/2024\/03\/wareham_river.jpg\" \/>\n<meta name=\"twitter:card\" content=\"summary\" \/>\n<meta name=\"twitter:label1\" content=\"Est. reading time\" \/>\n\t<meta name=\"twitter:data1\" content=\"4 minutes\" \/>\n<script type=\"application\/ld+json\" class=\"yoast-schema-graph\">{\"@context\":\"https:\/\/schema.org\",\"@graph\":[{\"@type\":\"WebSite\",\"@id\":\"https:\/\/www.urlaubcornwall.de\/blog\/#website\",\"url\":\"https:\/\/www.urlaubcornwall.de\/blog\/\",\"name\":\"Urlaub &amp; Reisen\",\"description\":\"Urlaub, Reisen, Cornwall und S\u00fcdengland: eine perfekte Kombination\",\"potentialAction\":[{\"@type\":\"SearchAction\",\"target\":{\"@type\":\"EntryPoint\",\"urlTemplate\":\"https:\/\/www.urlaubcornwall.de\/blog\/?s={search_term_string}\"},\"query-input\":\"required name=search_term_string\"}],\"inLanguage\":\"en-US\"},{\"@type\":\"WebPage\",\"@id\":\"https:\/\/www.urlaubcornwall.de\/blog\/wareham-dorset-unterkunft-sehenswuerdigkeiten-und-geschichte\/\",\"url\":\"https:\/\/www.urlaubcornwall.de\/blog\/wareham-dorset-unterkunft-sehenswuerdigkeiten-und-geschichte\/\",\"name\":\"Urlaub in Wareham: Unterkunft, Sehensw\u00fcrdigkeiten und Geschichte - Urlaub &amp; Reisen\",\"isPartOf\":{\"@id\":\"https:\/\/www.urlaubcornwall.de\/blog\/#website\"},\"datePublished\":\"2016-07-08T14:30:37+00:00\",\"dateModified\":\"2024-04-30T15:50:59+00:00\",\"breadcrumb\":{\"@id\":\"https:\/\/www.urlaubcornwall.de\/blog\/wareham-dorset-unterkunft-sehenswuerdigkeiten-und-geschichte\/#breadcrumb\"},\"inLanguage\":\"en-US\",\"potentialAction\":[{\"@type\":\"ReadAction\",\"target\":[\"https:\/\/www.urlaubcornwall.de\/blog\/wareham-dorset-unterkunft-sehenswuerdigkeiten-und-geschichte\/\"]}]},{\"@type\":\"BreadcrumbList\",\"@id\":\"https:\/\/www.urlaubcornwall.de\/blog\/wareham-dorset-unterkunft-sehenswuerdigkeiten-und-geschichte\/#breadcrumb\",\"itemListElement\":[{\"@type\":\"ListItem\",\"position\":1,\"name\":\"Home\",\"item\":\"https:\/\/www.urlaubcornwall.de\/blog\/\"},{\"@type\":\"ListItem\",\"position\":2,\"name\":\"Urlaub in Wareham: Unterkunft, Sehensw\u00fcrdigkeiten und Geschichte\"}]}]}<\/script>\n<!-- \/ Yoast SEO plugin. -->","yoast_head_json":{"title":"Urlaub in Wareham: Unterkunft, Sehensw\u00fcrdigkeiten und Geschichte - Urlaub &amp; Reisen","robots":{"index":"index","follow":"follow","max-snippet":"max-snippet:-1","max-image-preview":"max-image-preview:large","max-video-preview":"max-video-preview:-1"},"canonical":"https:\/\/www.urlaubcornwall.de\/blog\/wareham-dorset-unterkunft-sehenswuerdigkeiten-und-geschichte\/","og_locale":"en_US","og_type":"article","og_title":"Urlaub in Wareham: Unterkunft, Sehensw\u00fcrdigkeiten und Geschichte - Urlaub &amp; Reisen","og_description":"Wareham am Fluss Frome in Dorset ist eine malerische Marktstadt mit einer faszinierenden Geschichte, die nahezu 2000 Jahre zur\u00fcckreicht. Die Stadt bl\u00fchte zu Zeiten der Sachsen und war wichtige Festung f\u00fcr K\u00f6nig Alfred den Gro\u00dfen. Auf den alten s\u00e4chsischen Stadtmauern l\u00e4sst es sich herrlich herumspazieren, und einer der H\u00f6hepunkte ist die Sachsenkirche St Martins, in [&hellip;]","og_url":"https:\/\/www.urlaubcornwall.de\/blog\/wareham-dorset-unterkunft-sehenswuerdigkeiten-und-geschichte\/","og_site_name":"Urlaub &amp; Reisen","article_modified_time":"2024-04-30T15:50:59+00:00","og_image":[{"url":"https:\/\/www.urlaubcornwall.de\/blog\/wp-content\/uploads\/2024\/03\/wareham_river.jpg"}],"twitter_card":"summary","twitter_misc":{"Est. reading time":"4 minutes"},"schema":{"@context":"https:\/\/schema.org","@graph":[{"@type":"WebSite","@id":"https:\/\/www.urlaubcornwall.de\/blog\/#website","url":"https:\/\/www.urlaubcornwall.de\/blog\/","name":"Urlaub &amp; Reisen","description":"Urlaub, Reisen, Cornwall und S\u00fcdengland: eine perfekte Kombination","potentialAction":[{"@type":"SearchAction","target":{"@type":"EntryPoint","urlTemplate":"https:\/\/www.urlaubcornwall.de\/blog\/?s={search_term_string}"},"query-input":"required name=search_term_string"}],"inLanguage":"en-US"},{"@type":"WebPage","@id":"https:\/\/www.urlaubcornwall.de\/blog\/wareham-dorset-unterkunft-sehenswuerdigkeiten-und-geschichte\/","url":"https:\/\/www.urlaubcornwall.de\/blog\/wareham-dorset-unterkunft-sehenswuerdigkeiten-und-geschichte\/","name":"Urlaub in Wareham: Unterkunft, Sehensw\u00fcrdigkeiten und Geschichte - Urlaub &amp; Reisen","isPartOf":{"@id":"https:\/\/www.urlaubcornwall.de\/blog\/#website"},"datePublished":"2016-07-08T14:30:37+00:00","dateModified":"2024-04-30T15:50:59+00:00","breadcrumb":{"@id":"https:\/\/www.urlaubcornwall.de\/blog\/wareham-dorset-unterkunft-sehenswuerdigkeiten-und-geschichte\/#breadcrumb"},"inLanguage":"en-US","potentialAction":[{"@type":"ReadAction","target":["https:\/\/www.urlaubcornwall.de\/blog\/wareham-dorset-unterkunft-sehenswuerdigkeiten-und-geschichte\/"]}]},{"@type":"BreadcrumbList","@id":"https:\/\/www.urlaubcornwall.de\/blog\/wareham-dorset-unterkunft-sehenswuerdigkeiten-und-geschichte\/#breadcrumb","itemListElement":[{"@type":"ListItem","position":1,"name":"Home","item":"https:\/\/www.urlaubcornwall.de\/blog\/"},{"@type":"ListItem","position":2,"name":"Urlaub in Wareham: Unterkunft, Sehensw\u00fcrdigkeiten und Geschichte"}]}]}},"_links":{"self":[{"href":"https:\/\/www.urlaubcornwall.de\/blog\/wp-json\/wp\/v2\/pages\/24803"}],"collection":[{"href":"https:\/\/www.urlaubcornwall.de\/blog\/wp-json\/wp\/v2\/pages"}],"about":[{"href":"https:\/\/www.urlaubcornwall.de\/blog\/wp-json\/wp\/v2\/types\/page"}],"author":[{"embeddable":true,"href":"https:\/\/www.urlaubcornwall.de\/blog\/wp-json\/wp\/v2\/users\/1"}],"replies":[{"embeddable":true,"href":"https:\/\/www.urlaubcornwall.de\/blog\/wp-json\/wp\/v2\/comments?post=24803"}],"version-history":[{"count":9,"href":"https:\/\/www.urlaubcornwall.de\/blog\/wp-json\/wp\/v2\/pages\/24803\/revisions"}],"predecessor-version":[{"id":50024,"href":"https:\/\/www.urlaubcornwall.de\/blog\/wp-json\/wp\/v2\/pages\/24803\/revisions\/50024"}],"wp:attachment":[{"href":"https:\/\/www.urlaubcornwall.de\/blog\/wp-json\/wp\/v2\/media?parent=24803"}],"curies":[{"name":"wp","href":"https:\/\/api.w.org\/{rel}","templated":true}]}}