{"id":24794,"date":"2016-07-06T10:12:28","date_gmt":"2016-07-06T10:12:28","guid":{"rendered":"https:\/\/www.urlaubcornwall.de\/blog\/?page_id=24794"},"modified":"2024-04-12T12:07:58","modified_gmt":"2024-04-12T12:07:58","slug":"urlaub-bridport-dorset-unterkunft-sehenswuerdigkeiten-und-geschichte-2","status":"publish","type":"page","link":"https:\/\/www.urlaubcornwall.de\/blog\/urlaub-bridport-dorset-unterkunft-sehenswuerdigkeiten-und-geschichte-2\/","title":{"rendered":"Bridport Dorset: Unterkunft, Sehensw\u00fcrdigkeiten und Geschichte"},"content":{"rendered":"<p><img loading=\"lazy\" class=\"aligncenter size-full wp-image-47883\" src=\"https:\/\/www.urlaubcornwall.de\/blog\/wp-content\/uploads\/2024\/03\/bridport.jpg\" alt=\"bridport\" width=\"750\" height=\"500\" srcset=\"https:\/\/www.urlaubcornwall.de\/blog\/wp-content\/uploads\/2024\/03\/bridport.jpg 750w, https:\/\/www.urlaubcornwall.de\/blog\/wp-content\/uploads\/2024\/03\/bridport-300x200.jpg 300w\" sizes=\"(max-width: 750px) 100vw, 750px\" \/><br \/>\nDie alte Dorsetstadt Bridport war zur Zeit der Segelschiffe bekannt f\u00fcr ihre Seilereiindustrie. Die Menge an Raum, der gebraucht wird, um Seile herzustellen, ist der Grund daf\u00fcr, dass Bridport sehr breite Stra\u00dfen hat. Hanf und Flachs, die zum Seilemachen benutzt wurden, wurden vor Ort angebaut, nachdem sie von den R\u00f6mern hierher eingef\u00fchrt wurden. Bridport ist in Thomas Hardys Novellen \u2018Port Bredy\u2019.<\/p>\n<p>Die Westbucht war bekannt als Hafen Bridport; sie befindet sich 1,6km s\u00fcdlich der Stadt Bridport und ist ein charmantes Fischerdorf und eine beliebte Urlaubsregion an der Jurak\u00fcste. Angelfahrten sind w\u00e4hrend des Sommers erh\u00e4ltlich, und Sie k\u00f6nnen auch Boote mieten, um den Fluss Brit aufw\u00e4rts nach Bridport zu rudern.<\/p>\n<p style=\"text-align: center;\"><a class=\"tidycta\" href=\"https:\/\/www.urlaubcornwall.de\/ferienhaeuser-fewos\/eng\/dorset\/bridport.html\">Suche Ferienh\u00e4user Bridport<\/a><\/p>\n<p><img loading=\"lazy\" class=\"aligncenter size-full wp-image-24797\" src=\"https:\/\/www.urlaubcornwall.de\/blog\/wp-content\/uploads\/2016\/07\/golden-cap-dorset-urlaub.jpg\" alt=\"golden cap dorset urlaub\" width=\"748\" height=\"407\"\/><\/p>\n<p>Golden Cap, befindet sich auf einer H\u00f6he von 191m und ist die h\u00f6chste Klippe S\u00fcdenglands. Sie besteht aus goldenem Sandstein und bildet Teil eines 809 Hektar gro\u00dfen National Trust Guts mit 40km Fu\u00dfwegen. Vom Gipfel aus bietet sich ein herrlicher Blick, und an einem klaren Tag k\u00f6nnen Sie \u00fcber die Lyme Bucht nach Dartmoor sehen. Golden Cap ist Englands einzige nat\u00fcrliche Weltkulturerbest\u00e4tte und Teil der Jurak\u00fcste.<\/p>\n<p>Burton Bradstock ist eines der Haupttore zur Jurak\u00fcste und dem S\u00fcdwestk\u00fcstenpfad. Es befindet sich ungef\u00e4hr 4km \u00f6stlich von Bridport. Sie haben leichten Zugang zu den spektakul\u00e4ren Sandsteinklippen, die h\u00fcbsche und malerische Spazierg\u00e4nge bieten, und es gibt kilometerlange unber\u00fchrte Str\u00e4nde.<\/p>\n<p>Die Palmers Brauerei befindet sich in Bridport und braut seit 1794 feine Biere. Gef\u00fchrte Touren durch die Brauerei gibt es von Ostern bis Ende Oktober; die Touren beginnen um 11 Uhr, dauern ungef\u00e4hr 2 Stunden und nehmen Sie mit hinter die Kulissen der historischen Brauereigeb\u00e4ude. Es wird empfohlen, vorzubuchen, und Kinder unter 13 Jahren sind auf der Tour nicht zugelassen.<\/p>\n<p>Bei uns finden Sie Ferienh\u00e4user zum Verlieben; so einfach ist das!\n<\/p><p style=\"text-align: center;\"><a class=\"tidycta\" href=\"https:\/\/www.urlaubcornwall.de\/ferienhaeuser-fewos\/dorset.html\">Suche Ferienh\u00e4user in Dorset<\/a><\/p>\n<p><a href=\"http:\/\/www.urlaubcornwall.de\/\">UrlaubCornwall.de<\/a> ist ein in Cornwall ans\u00e4ssiges Unternehmen k\u00f6nnen wir uns mit 20 Jahren Erfahrung in der Organisation von Rundreisen durch <a href=\"https:\/\/www.urlaubcornwall.de\/blog\/urlaub-in-dorset-eine-der-geschichtstraechtigsten-grafschaften-englands\/\">Dorset<\/a>, S\u00fcdwest und S\u00fcdengland r\u00fchmen.<\/p>\n","protected":false},"excerpt":{"rendered":"<p>Die alte Dorsetstadt Bridport war zur Zeit der Segelschiffe bekannt f\u00fcr ihre Seilereiindustrie. Die Menge an Raum, der gebraucht wird, um Seile herzustellen, ist der Grund daf\u00fcr, dass Bridport sehr breite Stra\u00dfen hat. Hanf und Flachs, die zum Seilemachen benutzt wurden, wurden vor Ort angebaut, nachdem sie von den R\u00f6mern hierher eingef\u00fchrt wurden. Bridport ist [&hellip;]<\/p>\n","protected":false},"author":1,"featured_media":0,"parent":0,"menu_order":0,"comment_status":"closed","ping_status":"closed","template":"single-four.php","meta":[],"acf":[],"yoast_head":"<!-- This site is optimized with the Yoast SEO plugin v19.4 - https:\/\/yoast.com\/wordpress\/plugins\/seo\/ -->\n<title>Bridport Dorset: Unterkunft, Sehensw\u00fcrdigkeiten und Geschichte - Urlaub &amp; Reisen<\/title>\n<meta name=\"robots\" content=\"index, follow, max-snippet:-1, max-image-preview:large, max-video-preview:-1\" \/>\n<link rel=\"canonical\" href=\"https:\/\/www.urlaubcornwall.de\/blog\/urlaub-bridport-dorset-unterkunft-sehenswuerdigkeiten-und-geschichte-2\/\" \/>\n<meta property=\"og:locale\" content=\"en_US\" \/>\n<meta property=\"og:type\" content=\"article\" \/>\n<meta property=\"og:title\" content=\"Bridport Dorset: Unterkunft, Sehensw\u00fcrdigkeiten und Geschichte - Urlaub &amp; Reisen\" \/>\n<meta property=\"og:description\" content=\"Die alte Dorsetstadt Bridport war zur Zeit der Segelschiffe bekannt f\u00fcr ihre Seilereiindustrie. Die Menge an Raum, der gebraucht wird, um Seile herzustellen, ist der Grund daf\u00fcr, dass Bridport sehr breite Stra\u00dfen hat. Hanf und Flachs, die zum Seilemachen benutzt wurden, wurden vor Ort angebaut, nachdem sie von den R\u00f6mern hierher eingef\u00fchrt wurden. Bridport ist [&hellip;]\" \/>\n<meta property=\"og:url\" content=\"https:\/\/www.urlaubcornwall.de\/blog\/urlaub-bridport-dorset-unterkunft-sehenswuerdigkeiten-und-geschichte-2\/\" \/>\n<meta property=\"og:site_name\" content=\"Urlaub &amp; Reisen\" \/>\n<meta property=\"article:modified_time\" content=\"2024-04-12T12:07:58+00:00\" \/>\n<meta property=\"og:image\" content=\"https:\/\/www.urlaubcornwall.de\/blog\/wp-content\/uploads\/2024\/03\/bridport.jpg\" \/>\n<meta name=\"twitter:card\" content=\"summary\" \/>\n<meta name=\"twitter:label1\" content=\"Est. reading time\" \/>\n\t<meta name=\"twitter:data1\" content=\"2 minutes\" \/>\n<script type=\"application\/ld+json\" class=\"yoast-schema-graph\">{\"@context\":\"https:\/\/schema.org\",\"@graph\":[{\"@type\":\"WebSite\",\"@id\":\"https:\/\/www.urlaubcornwall.de\/blog\/#website\",\"url\":\"https:\/\/www.urlaubcornwall.de\/blog\/\",\"name\":\"Urlaub &amp; Reisen\",\"description\":\"Urlaub, Reisen, Cornwall und S\u00fcdengland: eine perfekte Kombination\",\"potentialAction\":[{\"@type\":\"SearchAction\",\"target\":{\"@type\":\"EntryPoint\",\"urlTemplate\":\"https:\/\/www.urlaubcornwall.de\/blog\/?s={search_term_string}\"},\"query-input\":\"required name=search_term_string\"}],\"inLanguage\":\"en-US\"},{\"@type\":\"WebPage\",\"@id\":\"https:\/\/www.urlaubcornwall.de\/blog\/urlaub-bridport-dorset-unterkunft-sehenswuerdigkeiten-und-geschichte-2\/\",\"url\":\"https:\/\/www.urlaubcornwall.de\/blog\/urlaub-bridport-dorset-unterkunft-sehenswuerdigkeiten-und-geschichte-2\/\",\"name\":\"Bridport Dorset: Unterkunft, Sehensw\u00fcrdigkeiten und Geschichte - Urlaub &amp; Reisen\",\"isPartOf\":{\"@id\":\"https:\/\/www.urlaubcornwall.de\/blog\/#website\"},\"datePublished\":\"2016-07-06T10:12:28+00:00\",\"dateModified\":\"2024-04-12T12:07:58+00:00\",\"breadcrumb\":{\"@id\":\"https:\/\/www.urlaubcornwall.de\/blog\/urlaub-bridport-dorset-unterkunft-sehenswuerdigkeiten-und-geschichte-2\/#breadcrumb\"},\"inLanguage\":\"en-US\",\"potentialAction\":[{\"@type\":\"ReadAction\",\"target\":[\"https:\/\/www.urlaubcornwall.de\/blog\/urlaub-bridport-dorset-unterkunft-sehenswuerdigkeiten-und-geschichte-2\/\"]}]},{\"@type\":\"BreadcrumbList\",\"@id\":\"https:\/\/www.urlaubcornwall.de\/blog\/urlaub-bridport-dorset-unterkunft-sehenswuerdigkeiten-und-geschichte-2\/#breadcrumb\",\"itemListElement\":[{\"@type\":\"ListItem\",\"position\":1,\"name\":\"Home\",\"item\":\"https:\/\/www.urlaubcornwall.de\/blog\/\"},{\"@type\":\"ListItem\",\"position\":2,\"name\":\"Bridport Dorset: Unterkunft, Sehensw\u00fcrdigkeiten und Geschichte\"}]}]}<\/script>\n<!-- \/ Yoast SEO plugin. -->","yoast_head_json":{"title":"Bridport Dorset: Unterkunft, Sehensw\u00fcrdigkeiten und Geschichte - Urlaub &amp; Reisen","robots":{"index":"index","follow":"follow","max-snippet":"max-snippet:-1","max-image-preview":"max-image-preview:large","max-video-preview":"max-video-preview:-1"},"canonical":"https:\/\/www.urlaubcornwall.de\/blog\/urlaub-bridport-dorset-unterkunft-sehenswuerdigkeiten-und-geschichte-2\/","og_locale":"en_US","og_type":"article","og_title":"Bridport Dorset: Unterkunft, Sehensw\u00fcrdigkeiten und Geschichte - Urlaub &amp; Reisen","og_description":"Die alte Dorsetstadt Bridport war zur Zeit der Segelschiffe bekannt f\u00fcr ihre Seilereiindustrie. Die Menge an Raum, der gebraucht wird, um Seile herzustellen, ist der Grund daf\u00fcr, dass Bridport sehr breite Stra\u00dfen hat. Hanf und Flachs, die zum Seilemachen benutzt wurden, wurden vor Ort angebaut, nachdem sie von den R\u00f6mern hierher eingef\u00fchrt wurden. Bridport ist [&hellip;]","og_url":"https:\/\/www.urlaubcornwall.de\/blog\/urlaub-bridport-dorset-unterkunft-sehenswuerdigkeiten-und-geschichte-2\/","og_site_name":"Urlaub &amp; Reisen","article_modified_time":"2024-04-12T12:07:58+00:00","og_image":[{"url":"https:\/\/www.urlaubcornwall.de\/blog\/wp-content\/uploads\/2024\/03\/bridport.jpg"}],"twitter_card":"summary","twitter_misc":{"Est. reading time":"2 minutes"},"schema":{"@context":"https:\/\/schema.org","@graph":[{"@type":"WebSite","@id":"https:\/\/www.urlaubcornwall.de\/blog\/#website","url":"https:\/\/www.urlaubcornwall.de\/blog\/","name":"Urlaub &amp; Reisen","description":"Urlaub, Reisen, Cornwall und S\u00fcdengland: eine perfekte Kombination","potentialAction":[{"@type":"SearchAction","target":{"@type":"EntryPoint","urlTemplate":"https:\/\/www.urlaubcornwall.de\/blog\/?s={search_term_string}"},"query-input":"required name=search_term_string"}],"inLanguage":"en-US"},{"@type":"WebPage","@id":"https:\/\/www.urlaubcornwall.de\/blog\/urlaub-bridport-dorset-unterkunft-sehenswuerdigkeiten-und-geschichte-2\/","url":"https:\/\/www.urlaubcornwall.de\/blog\/urlaub-bridport-dorset-unterkunft-sehenswuerdigkeiten-und-geschichte-2\/","name":"Bridport Dorset: Unterkunft, Sehensw\u00fcrdigkeiten und Geschichte - Urlaub &amp; Reisen","isPartOf":{"@id":"https:\/\/www.urlaubcornwall.de\/blog\/#website"},"datePublished":"2016-07-06T10:12:28+00:00","dateModified":"2024-04-12T12:07:58+00:00","breadcrumb":{"@id":"https:\/\/www.urlaubcornwall.de\/blog\/urlaub-bridport-dorset-unterkunft-sehenswuerdigkeiten-und-geschichte-2\/#breadcrumb"},"inLanguage":"en-US","potentialAction":[{"@type":"ReadAction","target":["https:\/\/www.urlaubcornwall.de\/blog\/urlaub-bridport-dorset-unterkunft-sehenswuerdigkeiten-und-geschichte-2\/"]}]},{"@type":"BreadcrumbList","@id":"https:\/\/www.urlaubcornwall.de\/blog\/urlaub-bridport-dorset-unterkunft-sehenswuerdigkeiten-und-geschichte-2\/#breadcrumb","itemListElement":[{"@type":"ListItem","position":1,"name":"Home","item":"https:\/\/www.urlaubcornwall.de\/blog\/"},{"@type":"ListItem","position":2,"name":"Bridport Dorset: Unterkunft, Sehensw\u00fcrdigkeiten und Geschichte"}]}]}},"_links":{"self":[{"href":"https:\/\/www.urlaubcornwall.de\/blog\/wp-json\/wp\/v2\/pages\/24794"}],"collection":[{"href":"https:\/\/www.urlaubcornwall.de\/blog\/wp-json\/wp\/v2\/pages"}],"about":[{"href":"https:\/\/www.urlaubcornwall.de\/blog\/wp-json\/wp\/v2\/types\/page"}],"author":[{"embeddable":true,"href":"https:\/\/www.urlaubcornwall.de\/blog\/wp-json\/wp\/v2\/users\/1"}],"replies":[{"embeddable":true,"href":"https:\/\/www.urlaubcornwall.de\/blog\/wp-json\/wp\/v2\/comments?post=24794"}],"version-history":[{"count":9,"href":"https:\/\/www.urlaubcornwall.de\/blog\/wp-json\/wp\/v2\/pages\/24794\/revisions"}],"predecessor-version":[{"id":49293,"href":"https:\/\/www.urlaubcornwall.de\/blog\/wp-json\/wp\/v2\/pages\/24794\/revisions\/49293"}],"wp:attachment":[{"href":"https:\/\/www.urlaubcornwall.de\/blog\/wp-json\/wp\/v2\/media?parent=24794"}],"curies":[{"name":"wp","href":"https:\/\/api.w.org\/{rel}","templated":true}]}}