{"id":24789,"date":"2016-07-06T09:52:53","date_gmt":"2016-07-06T09:52:53","guid":{"rendered":"https:\/\/www.urlaubcornwall.de\/blog\/?page_id=24789"},"modified":"2024-05-27T23:14:22","modified_gmt":"2024-05-27T23:14:22","slug":"urlaub-in-dorchester-unterkunft-sehenswuerdigkeiten-und-geschichte","status":"publish","type":"page","link":"https:\/\/www.urlaubcornwall.de\/blog\/urlaub-in-dorchester-unterkunft-sehenswuerdigkeiten-und-geschichte\/","title":{"rendered":"Urlaub in Dorchester: Unterkunft, Sehensw\u00fcrdigkeiten und Geschichte"},"content":{"rendered":"<p><img loading=\"lazy\" class=\"aligncenter size-full wp-image-47886\" src=\"https:\/\/www.urlaubcornwall.de\/blog\/wp-content\/uploads\/2024\/03\/dorchester.jpg\" alt=\"dorchester\" width=\"750\" height=\"500\" srcset=\"https:\/\/www.urlaubcornwall.de\/blog\/wp-content\/uploads\/2024\/03\/dorchester.jpg 750w, https:\/\/www.urlaubcornwall.de\/blog\/wp-content\/uploads\/2024\/03\/dorchester-300x200.jpg 300w\" sizes=\"(max-width: 750px) 100vw, 750px\" \/><\/p>\n<p>Dorchester ist die historische Grafschaftsstadt Dorsets und \u2018Casterbridge\u2019 in Thomas Hardys Novellen. Dorchesters Geschichte reicht zur\u00fcck in r\u00f6mische Zeiten, und die \u00dcberreste der r\u00f6mischen Stadtmauer nebst eines r\u00f6mischen Stadthauses k\u00f6nnen noch immer betrachtet werden. Dorchesters Geschichte hat auch eine dunkle Seite; einschlie\u00dflich der Verurteilung und Deportation der Tolpuddle M\u00e4rtyrer 1834, weil sie eine Gewerkschaft gr\u00fcndeten, und auch der ber\u00fcchtigte Richter Jeffreys verweilte in der Stadt, w\u00e4hrend er 1685 die \u201eBlutigen Gerichtstage\u201c durchf\u00fchrte.<\/p>\n<p>Im Zentrum Dorchesters wurde die Brauerei, die 1833 gegr\u00fcndet wurde, in einen lebendigen Teil der Stadt umgewandelt mit Shops, Restaurants, Caf\u00e9s, einem Kino und live Konzerten und verst\u00e4rkt somit Dorchesters Ruf als Einkaufs- und Freizeitziel.<\/p>\n<p><script async src=\"https:\/\/pagead2.googlesyndication.com\/pagead\/js\/adsbygoogle.js?client=ca-pub-3901089389175725\"\n     crossorigin=\"anonymous\"><\/script><br \/>\n<!-- New UC --><br \/>\n<ins class=\"adsbygoogle\"\n     style=\"display:block\"\n     data-ad-client=\"ca-pub-3901089389175725\"\n     data-ad-slot=\"8080314818\"\n     data-ad-format=\"auto\"\n     data-full-width-responsive=\"true\"><\/ins><br \/>\n<script>\n     (adsbygoogle = window.adsbygoogle || []).push({});\n<\/script><\/p>\n<p>Das Dorset County Museum wurde 1846 in Dorchester gegr\u00fcndet, und hier l\u00e4sst sich gro\u00dfartig zur Naturgeschichte und Arch\u00e4ologie Dorsets lernen. Es gibt die Jurak\u00fcste-Galerie, wo Sie erfahren k\u00f6nnen, wie die K\u00fcste geformt wurde und weshalb sie so wichtig ist die viktorianische Galerie wurde 1883 erbaut, ist die Hauptgalerie des Museums, und ihre B\u00f6gen aus feinster Metallarbeit wurden inspiriert von der Gro\u00dfen Ausstellung, die 1851 in London stattfand. Die Mosaikinlays des Bodens stammen von den r\u00f6mischen Stadth\u00e4usern, die in und um Dorchester herum ausgegraben wurden. Die gesamte Galerie ist gef\u00fcllt mit einer reichen und vielf\u00e4ltigen Sammlung an Artefakten, Gem\u00e4lden und Skulpturen. Das Museum hat das ganze Jahr \u00fcber von Montag bis Samstag ge\u00f6ffnet.<\/p>\n<p><img loading=\"lazy\" class=\"aligncenter size-full wp-image-24791\" src=\"https:\/\/www.urlaubcornwall.de\/blog\/wp-content\/uploads\/2016\/07\/hardys-cottage-dorset.jpg\" alt=\"hardys cottage dorset\" width=\"745\" height=\"377\" srcset=\"https:\/\/www.urlaubcornwall.de\/blog\/wp-content\/uploads\/2016\/07\/hardys-cottage-dorset.jpg 745w, https:\/\/www.urlaubcornwall.de\/blog\/wp-content\/uploads\/2016\/07\/hardys-cottage-dorset-300x152.jpg 300w\" sizes=\"(max-width: 745px) 100vw, 745px\" \/><\/p>\n<p>Hardys Cottage liegt bei Higher Bockhampton, 4,8km nord\u00f6stlich von Dorchester. In diesem kleinen, reetgedeckten Cottage wurde 1840 Thomas Hardy geboren und wuchs hier auf. Hier schrieb er auch seine fr\u00fchen Novellen. Der Garten ist ein typischer Cottagegarten, und im Innern des Hauses werden Sie entdecken, wie das Leben in einem l\u00e4ndlichen Cottage des 19. Jahrhunderts ausgesehen hat.<\/p>\n<div class=\"snippet\"> <a class=\"featured-item\" href=\"https:\/\/www.urlaubcornwall.de\/ferienhaeuser\/suedengland.php\"> <span class=\"image-holder\" style=\"background-image: url('https:\/\/www.urlaubcornwall.de\/blog\/wp-content\/uploads\/2024\/03\/ferienhaus-england-cornwall.jpg');\"><\/span> <span class=\"featured-content\"> \n<h2 class=\"featured-title\">Ferienh\u00e4user in S\u00fcdengland<\/h2>\n<p class=\"featured-body\">Bei uns finden Sie Ferienh\u00e4user zum Verlieben &#8211; so einfach ist das! Dank seiner langen Geschichte, der reizvollen Landschaften und seinen vielen Attraktionen ist S\u00fcdengland ein wahres Mekka f\u00fcr Urlauber&#8230;..<\/p><\/span> <span class=\"featured-link-holder\"> <span class=\"featured-extra-info\"> \n<p>Pers\u00f6nlich inspizierter Ferienh\u00e4user<\/p>\n<\/span> \n<p class=\"featured-link\">DETAILS<\/p>\n<\/span> <\/a><\/div>\n<p>Maiden Castle ist nicht wirklich eine Burg; es ist eine der feinsten und komplexesten H\u00fcgelfestungen der Eisenzeit in Britannien. Es wurde im ersten Jahrhundert BC erbaut, um Hunderte von Anwohnern vor den Angreifern zu sch\u00fctzen. Die H\u00fcgelfestung konnte den r\u00f6mischen Legionen nicht standhalten, die im Jahre 43AD angriffen. Die Festung wurde verlassen und im 4. Jahrhundert wurde hier ein Tempel errichtet. Maiden Castle ist das ganze Jahr \u00fcber ge\u00f6ffnet, und die beste Tageszeit f\u00fcr einen Besuch sind der fr\u00fche Morgen oder das fr\u00fche Abendlicht, wenn die Schatten die Ringe hervorheben.<\/p>\n<p>Athelhampton House, 8km nord\u00f6stlich von Dorchester, ist wahrscheinlich das feinste und romantischste Herrenhaus des 15. Jahrhunderts. Die mittelalterliche Halle stellt den Originalteil des Hauses dar und wurde 1485 von Sir William Martyn gebaut. Das Haus blieb \u00fcber vier Generationen lang in der Martyn Familie. Heute befindet es sich im Besitz der Cooke Familie. Haus und G\u00e4rten sind das ganze Jahr \u00fcber f\u00fcr Besucher ge\u00f6ffnet.<\/p>\n<p>Poundbury, das sich im Westen Dorchesters befindet, ist eine Modellstadt, die auf einem Landstrich erbaut wurde, das dem Herzogtum von Cornwall geh\u00f6rt, geschaffen nach den Vorstellungen von Prinz Charles. Die H\u00e4user und Geb\u00e4ude sind im traditionellen und neuklassischen Stil gebaut. Die dahinterliegende Idee war, dass ein Leben in Poundbury die Abh\u00e4ngigkeit von einem Auto reduzieren und dazu ermuntern w\u00fcrde zu wandern, Rad zu fahren und die \u00f6ffentlichen Verkehrsmittel in Anspruch zu nehmen.<\/p>\n<div class=\"snippet\"> <a class=\"featured-item\" href=\"https:\/\/www.urlaubcornwall.de\/rundreisen\/cornwall-suedengland.php\"> <span class=\"image-holder\" style=\"background-image: url('https:\/\/www.urlaubcornwall.de\/blog\/wp-content\/uploads\/2019\/01\/DiTn0QVWsAIOgjG.jpg');\"><\/span> <span class=\"featured-content\"> \n<h2 class=\"featured-title\">Rundreisen &#038; Urlaub in S\u00fcdengland eine perfekte Kombination<\/h2>\n<p class=\"featured-body\">Die perfekte Reisem\u00f6glichkeit und erm\u00f6glicht es Ihnen, Entdeckungen zu machen und einen Urlaub im eigenen Schritttempo&#8230;.<\/p><\/span> <span class=\"featured-link-holder\"> <span class=\"featured-extra-info\"> \n<p>F\u00fcr Paare, Familien &#038; Gruppen<\/p>\n<\/span> \n<p class=\"featured-link\">DETAILS<\/p>\n<\/span> <\/a><\/div>\n<p>Um Dorchester und Dorset in Ihre Rundreise durch S\u00fcdengland mit einzugliedern, stellen Sie Ihre <a href=\"http:\/\/www.urlaubcornwall.de\/anfrage.php\">Anfrage<\/a> hier oder w\u00e4hlen Sie ein Ferienhaus aus unserer besten Auswahl <a href=\"http:\/\/www.urlaubcornwall.de\/ferienhaeuser-fewos\/dorchester.html\">handverlesener und inspizierter H\u00e4user<\/a> aus.<\/p>\n","protected":false},"excerpt":{"rendered":"<p>Dorchester ist die historische Grafschaftsstadt Dorsets und \u2018Casterbridge\u2019 in Thomas Hardys Novellen. Dorchesters Geschichte reicht zur\u00fcck in r\u00f6mische Zeiten, und die \u00dcberreste der r\u00f6mischen Stadtmauer nebst eines r\u00f6mischen Stadthauses k\u00f6nnen noch immer betrachtet werden. Dorchesters Geschichte hat auch eine dunkle Seite; einschlie\u00dflich der Verurteilung und Deportation der Tolpuddle M\u00e4rtyrer 1834, weil sie eine Gewerkschaft gr\u00fcndeten, [&hellip;]<\/p>\n","protected":false},"author":1,"featured_media":0,"parent":0,"menu_order":0,"comment_status":"closed","ping_status":"closed","template":"single-four.php","meta":[],"acf":[],"yoast_head":"<!-- This site is optimized with the Yoast SEO plugin v19.4 - https:\/\/yoast.com\/wordpress\/plugins\/seo\/ -->\n<title>Urlaub in Dorchester: Unterkunft, Sehensw\u00fcrdigkeiten und Geschichte - Urlaub &amp; Reisen<\/title>\n<meta name=\"robots\" content=\"index, follow, max-snippet:-1, max-image-preview:large, max-video-preview:-1\" \/>\n<link rel=\"canonical\" href=\"https:\/\/www.urlaubcornwall.de\/blog\/urlaub-in-dorchester-unterkunft-sehenswuerdigkeiten-und-geschichte\/\" \/>\n<meta property=\"og:locale\" content=\"en_US\" \/>\n<meta property=\"og:type\" content=\"article\" \/>\n<meta property=\"og:title\" content=\"Urlaub in Dorchester: Unterkunft, Sehensw\u00fcrdigkeiten und Geschichte - Urlaub &amp; Reisen\" \/>\n<meta property=\"og:description\" content=\"Dorchester ist die historische Grafschaftsstadt Dorsets und \u2018Casterbridge\u2019 in Thomas Hardys Novellen. Dorchesters Geschichte reicht zur\u00fcck in r\u00f6mische Zeiten, und die \u00dcberreste der r\u00f6mischen Stadtmauer nebst eines r\u00f6mischen Stadthauses k\u00f6nnen noch immer betrachtet werden. Dorchesters Geschichte hat auch eine dunkle Seite; einschlie\u00dflich der Verurteilung und Deportation der Tolpuddle M\u00e4rtyrer 1834, weil sie eine Gewerkschaft gr\u00fcndeten, [&hellip;]\" \/>\n<meta property=\"og:url\" content=\"https:\/\/www.urlaubcornwall.de\/blog\/urlaub-in-dorchester-unterkunft-sehenswuerdigkeiten-und-geschichte\/\" \/>\n<meta property=\"og:site_name\" content=\"Urlaub &amp; Reisen\" \/>\n<meta property=\"article:modified_time\" content=\"2024-05-27T23:14:22+00:00\" \/>\n<meta property=\"og:image\" content=\"https:\/\/www.urlaubcornwall.de\/blog\/wp-content\/uploads\/2024\/03\/dorchester.jpg\" \/>\n<meta name=\"twitter:card\" content=\"summary\" \/>\n<meta name=\"twitter:label1\" content=\"Est. reading time\" \/>\n\t<meta name=\"twitter:data1\" content=\"4 minutes\" \/>\n<script type=\"application\/ld+json\" class=\"yoast-schema-graph\">{\"@context\":\"https:\/\/schema.org\",\"@graph\":[{\"@type\":\"WebSite\",\"@id\":\"https:\/\/www.urlaubcornwall.de\/blog\/#website\",\"url\":\"https:\/\/www.urlaubcornwall.de\/blog\/\",\"name\":\"Urlaub &amp; Reisen\",\"description\":\"Urlaub, Reisen, Cornwall und S\u00fcdengland: eine perfekte Kombination\",\"potentialAction\":[{\"@type\":\"SearchAction\",\"target\":{\"@type\":\"EntryPoint\",\"urlTemplate\":\"https:\/\/www.urlaubcornwall.de\/blog\/?s={search_term_string}\"},\"query-input\":\"required name=search_term_string\"}],\"inLanguage\":\"en-US\"},{\"@type\":\"WebPage\",\"@id\":\"https:\/\/www.urlaubcornwall.de\/blog\/urlaub-in-dorchester-unterkunft-sehenswuerdigkeiten-und-geschichte\/\",\"url\":\"https:\/\/www.urlaubcornwall.de\/blog\/urlaub-in-dorchester-unterkunft-sehenswuerdigkeiten-und-geschichte\/\",\"name\":\"Urlaub in Dorchester: Unterkunft, Sehensw\u00fcrdigkeiten und Geschichte - Urlaub &amp; Reisen\",\"isPartOf\":{\"@id\":\"https:\/\/www.urlaubcornwall.de\/blog\/#website\"},\"datePublished\":\"2016-07-06T09:52:53+00:00\",\"dateModified\":\"2024-05-27T23:14:22+00:00\",\"breadcrumb\":{\"@id\":\"https:\/\/www.urlaubcornwall.de\/blog\/urlaub-in-dorchester-unterkunft-sehenswuerdigkeiten-und-geschichte\/#breadcrumb\"},\"inLanguage\":\"en-US\",\"potentialAction\":[{\"@type\":\"ReadAction\",\"target\":[\"https:\/\/www.urlaubcornwall.de\/blog\/urlaub-in-dorchester-unterkunft-sehenswuerdigkeiten-und-geschichte\/\"]}]},{\"@type\":\"BreadcrumbList\",\"@id\":\"https:\/\/www.urlaubcornwall.de\/blog\/urlaub-in-dorchester-unterkunft-sehenswuerdigkeiten-und-geschichte\/#breadcrumb\",\"itemListElement\":[{\"@type\":\"ListItem\",\"position\":1,\"name\":\"Home\",\"item\":\"https:\/\/www.urlaubcornwall.de\/blog\/\"},{\"@type\":\"ListItem\",\"position\":2,\"name\":\"Urlaub in Dorchester: Unterkunft, Sehensw\u00fcrdigkeiten und Geschichte\"}]}]}<\/script>\n<!-- \/ Yoast SEO plugin. -->","yoast_head_json":{"title":"Urlaub in Dorchester: Unterkunft, Sehensw\u00fcrdigkeiten und Geschichte - Urlaub &amp; Reisen","robots":{"index":"index","follow":"follow","max-snippet":"max-snippet:-1","max-image-preview":"max-image-preview:large","max-video-preview":"max-video-preview:-1"},"canonical":"https:\/\/www.urlaubcornwall.de\/blog\/urlaub-in-dorchester-unterkunft-sehenswuerdigkeiten-und-geschichte\/","og_locale":"en_US","og_type":"article","og_title":"Urlaub in Dorchester: Unterkunft, Sehensw\u00fcrdigkeiten und Geschichte - Urlaub &amp; Reisen","og_description":"Dorchester ist die historische Grafschaftsstadt Dorsets und \u2018Casterbridge\u2019 in Thomas Hardys Novellen. Dorchesters Geschichte reicht zur\u00fcck in r\u00f6mische Zeiten, und die \u00dcberreste der r\u00f6mischen Stadtmauer nebst eines r\u00f6mischen Stadthauses k\u00f6nnen noch immer betrachtet werden. Dorchesters Geschichte hat auch eine dunkle Seite; einschlie\u00dflich der Verurteilung und Deportation der Tolpuddle M\u00e4rtyrer 1834, weil sie eine Gewerkschaft gr\u00fcndeten, [&hellip;]","og_url":"https:\/\/www.urlaubcornwall.de\/blog\/urlaub-in-dorchester-unterkunft-sehenswuerdigkeiten-und-geschichte\/","og_site_name":"Urlaub &amp; Reisen","article_modified_time":"2024-05-27T23:14:22+00:00","og_image":[{"url":"https:\/\/www.urlaubcornwall.de\/blog\/wp-content\/uploads\/2024\/03\/dorchester.jpg"}],"twitter_card":"summary","twitter_misc":{"Est. reading time":"4 minutes"},"schema":{"@context":"https:\/\/schema.org","@graph":[{"@type":"WebSite","@id":"https:\/\/www.urlaubcornwall.de\/blog\/#website","url":"https:\/\/www.urlaubcornwall.de\/blog\/","name":"Urlaub &amp; Reisen","description":"Urlaub, Reisen, Cornwall und S\u00fcdengland: eine perfekte Kombination","potentialAction":[{"@type":"SearchAction","target":{"@type":"EntryPoint","urlTemplate":"https:\/\/www.urlaubcornwall.de\/blog\/?s={search_term_string}"},"query-input":"required name=search_term_string"}],"inLanguage":"en-US"},{"@type":"WebPage","@id":"https:\/\/www.urlaubcornwall.de\/blog\/urlaub-in-dorchester-unterkunft-sehenswuerdigkeiten-und-geschichte\/","url":"https:\/\/www.urlaubcornwall.de\/blog\/urlaub-in-dorchester-unterkunft-sehenswuerdigkeiten-und-geschichte\/","name":"Urlaub in Dorchester: Unterkunft, Sehensw\u00fcrdigkeiten und Geschichte - Urlaub &amp; Reisen","isPartOf":{"@id":"https:\/\/www.urlaubcornwall.de\/blog\/#website"},"datePublished":"2016-07-06T09:52:53+00:00","dateModified":"2024-05-27T23:14:22+00:00","breadcrumb":{"@id":"https:\/\/www.urlaubcornwall.de\/blog\/urlaub-in-dorchester-unterkunft-sehenswuerdigkeiten-und-geschichte\/#breadcrumb"},"inLanguage":"en-US","potentialAction":[{"@type":"ReadAction","target":["https:\/\/www.urlaubcornwall.de\/blog\/urlaub-in-dorchester-unterkunft-sehenswuerdigkeiten-und-geschichte\/"]}]},{"@type":"BreadcrumbList","@id":"https:\/\/www.urlaubcornwall.de\/blog\/urlaub-in-dorchester-unterkunft-sehenswuerdigkeiten-und-geschichte\/#breadcrumb","itemListElement":[{"@type":"ListItem","position":1,"name":"Home","item":"https:\/\/www.urlaubcornwall.de\/blog\/"},{"@type":"ListItem","position":2,"name":"Urlaub in Dorchester: Unterkunft, Sehensw\u00fcrdigkeiten und Geschichte"}]}]}},"_links":{"self":[{"href":"https:\/\/www.urlaubcornwall.de\/blog\/wp-json\/wp\/v2\/pages\/24789"}],"collection":[{"href":"https:\/\/www.urlaubcornwall.de\/blog\/wp-json\/wp\/v2\/pages"}],"about":[{"href":"https:\/\/www.urlaubcornwall.de\/blog\/wp-json\/wp\/v2\/types\/page"}],"author":[{"embeddable":true,"href":"https:\/\/www.urlaubcornwall.de\/blog\/wp-json\/wp\/v2\/users\/1"}],"replies":[{"embeddable":true,"href":"https:\/\/www.urlaubcornwall.de\/blog\/wp-json\/wp\/v2\/comments?post=24789"}],"version-history":[{"count":7,"href":"https:\/\/www.urlaubcornwall.de\/blog\/wp-json\/wp\/v2\/pages\/24789\/revisions"}],"predecessor-version":[{"id":50293,"href":"https:\/\/www.urlaubcornwall.de\/blog\/wp-json\/wp\/v2\/pages\/24789\/revisions\/50293"}],"wp:attachment":[{"href":"https:\/\/www.urlaubcornwall.de\/blog\/wp-json\/wp\/v2\/media?parent=24789"}],"curies":[{"name":"wp","href":"https:\/\/api.w.org\/{rel}","templated":true}]}}