{"id":24786,"date":"2016-07-06T09:24:29","date_gmt":"2016-07-06T09:24:29","guid":{"rendered":"https:\/\/www.urlaubcornwall.de\/blog\/?page_id=24786"},"modified":"2024-05-28T14:21:09","modified_gmt":"2024-05-28T14:21:09","slug":"urlaub-bournemouth-unterkunft-sehenswuerdigkeiten-und-geschichte","status":"publish","type":"page","link":"https:\/\/www.urlaubcornwall.de\/blog\/urlaub-bournemouth-unterkunft-sehenswuerdigkeiten-und-geschichte\/","title":{"rendered":"Urlaub Bournemouth: Unterkunft, Sehensw\u00fcrdigkeiten und Geschichte"},"content":{"rendered":"<p><a href=\"https:\/\/www.urlaubcornwall.de\/blog\/wp-content\/uploads\/2024\/05\/bournemouth.jpg\"><img loading=\"lazy\" src=\"https:\/\/www.urlaubcornwall.de\/blog\/wp-content\/uploads\/2024\/05\/bournemouth.jpg\" alt=\"bournemouth\" width=\"750\" height=\"500\" class=\"alignnone size-full wp-image-50456\" srcset=\"https:\/\/www.urlaubcornwall.de\/blog\/wp-content\/uploads\/2024\/05\/bournemouth.jpg 750w, https:\/\/www.urlaubcornwall.de\/blog\/wp-content\/uploads\/2024\/05\/bournemouth-300x200.jpg 300w\" sizes=\"(max-width: 750px) 100vw, 750px\" \/><\/a><\/p>\n<p><a href=\"http:\/\/www.urlaubcornwall.de\/ferienhaeuser-fewos\/bournemouth.html\">Bournemouth an der K\u00fcste Dorsets<\/a> ist seit dem 19. Jahrhundert ein beliebter Badeort \u2013 mit mehr als 11km goldener Str\u00e4nde und mit einer der w\u00e4rmsten Meerestemperaturen des UK ist dies ein gro\u00dfartiger Ort f\u00fcr Urlaube am Meer.&nbsp; Die steilen Klippen, die die Str\u00e4nde sch\u00fctzen, werden \u2018chines\u2019 (= S\u00e4ttel) genannt. Jeder dieser \u2018chines\u2019 hat einen \u00f6ffentlichen Garten und Stufen hinunter zum Strand. Au\u00dferdem gibt es Lifts hinunter zum Strand.<\/p>\n<p>Neben seinen herrlichen Str\u00e4nden ist <a href=\"https:\/\/www.urlaubcornwall.de\/ferienhaeuser-fewos\/eng\/dorset\/bournemouth.html\">Bournemouth<\/a> bekannt f\u00fcr seine G\u00e4rten; \u00fcber 800 Hektar Garten warten das ganze Jahr \u00fcber darauf, erkundet zu werden. Die G\u00e4rten sind in drei Bereiche aufgeteilt, Untere G\u00e4rten, Mittlere G\u00e4rten und Obere G\u00e4rten.<\/p>\n<p><img loading=\"lazy\" class=\"aligncenter size-full wp-image-47882\" src=\"https:\/\/www.urlaubcornwall.de\/blog\/wp-content\/uploads\/2024\/03\/bournemouth-garten.jpg\" alt=\"bournemouth garten\" width=\"750\" height=\"500\" srcset=\"https:\/\/www.urlaubcornwall.de\/blog\/wp-content\/uploads\/2024\/03\/bournemouth-garten.jpg 750w, https:\/\/www.urlaubcornwall.de\/blog\/wp-content\/uploads\/2024\/03\/bournemouth-garten-300x200.jpg 300w\" sizes=\"(max-width: 750px) 100vw, 750px\" \/><\/p>\n<p>Die Unteren G\u00e4rten befinden sich lediglich einen 5min\u00fctigen Spaziergang entfernt vom Haupteinkaufsgebiet, dem Strand und dem Pier. Die Unteren G\u00e4rten sind bekannt f\u00fcr ihre Blumenbeete, die w\u00e4hrend der Sommermonate bl\u00fchen; es gibt einen Musikpavillon f\u00fcr Konzerte und eine Voliere. Au\u00dferdem gibt es den Bournemouth Ballon, einen riesigen, mit Helium gef\u00fcllten Ballon, der 150m hoch fliegt und Passagieren einen 360 Grad Panoramablick \u00fcber Bournemouth bietet. Der Ballon ist f\u00fcr Menschen jeglicher Altersstufe und F\u00e4higkeit geeignet, einschlie\u00dflich f\u00fcr Rollstuhlfahrer.<\/p>\n<div class=\"snippet\"> <a class=\"featured-item\" href=\"https:\/\/www.urlaubcornwall.de\/ferienhaeuser\/suedengland.php\"> <span class=\"image-holder\" style=\"background-image: url('https:\/\/www.urlaubcornwall.de\/blog\/wp-content\/uploads\/2018\/12\/ferienhaus-cornwall-mit-hund.jpg');\"><\/span> <span class=\"featured-content\"> \n<h2 class=\"featured-title\">Ferienh\u00e4user in Dorset &#038; S\u00fcdengland<\/h2>\n<p class=\"featured-body\">Bei uns finden Sie Ferienh\u00e4user zum Verlieben &#8211; so einfach ist das! Dank seiner langen Geschichte, der reizvollen Landschaften und seinen vielen Attraktionen ist S\u00fcdengland ein wahres Mekka f\u00fcr Urlauber&#8230;..<\/p><\/span> <span class=\"featured-link-holder\"> <span class=\"featured-extra-info\"> \n<p>Pers\u00f6nlich inspizierter Ferienh\u00e4user in Bournemouth<\/p>\n<\/span> \n<p class=\"featured-link\">DETAILS<\/p>\n<\/span> <\/a><\/div>\n<p>Die Mittleren G\u00e4rten wurden erstmals in den 1870ern entwickelt und verf\u00fcgen \u00fcber Tennispl\u00e4tze, einen Kinderspielplatz, ein Kriegsdenkmal, Roseng\u00e4rten und einen Rhododendron Spazierweg. Es gibt markierte Pfade mit Informationsschildern durch die G\u00e4rten.<\/p>\n<p>Die Oberen G\u00e4rten wurden als privater Familiengarten in den 1860ern designt; sie haben&nbsp; zahlreiche ungew\u00f6hnliche Baumarten, einschlie\u00dflich des angeblich gr\u00f6\u00dften nordamerikanischen Riesenrotholzbaums des Landes. Die meisten B\u00e4ume sind \u00fcber 100 Jahre alt und wurden im letzten Teil des 19. Jahrhunderts gepflanzt. Es gibt einen viktorianischen Wasserturm gotischen Stils, der das Wasser f\u00fcr die Font\u00e4nen lieferte. Im gesamten Garten befinden sich Holzstege, die es dem Besucher erleichtern, den Garten zu erkunden.<\/p>\n<p><script async src=\"https:\/\/pagead2.googlesyndication.com\/pagead\/js\/adsbygoogle.js?client=ca-pub-3901089389175725\"\n     crossorigin=\"anonymous\"><\/script><br \/>\n<!-- New UC --><br \/>\n<ins class=\"adsbygoogle\"\n     style=\"display:block\"\n     data-ad-client=\"ca-pub-3901089389175725\"\n     data-ad-slot=\"8080314818\"\n     data-ad-format=\"auto\"\n     data-full-width-responsive=\"true\"><\/ins><br \/>\n<script>\n     (adsbygoogle = window.adsbygoogle || []).push({});\n<\/script><\/p>\n<p>Das Bournemouth <a href=\"https:\/\/www.urlaubcornwall.de\/blog\/sehenswuerdigkeiten-am-meer-in-suedengland\/\">Pier<\/a> wurde urspr\u00fcnglich 1880 er\u00f6ffnet; es ist 304,8m lang und stellt einen unabdingbaren Teil eines jeden Besuches in Bournemouth dar. Am Ende des Piers befand sich einst ein Theater, doch ist es heute Rock Reef, ein \u00fcberdachtes Kletterzentrum, das auch das erste Pier zum Ufer Zip-Wire der Welt hat.<\/p>\n<p>Mit dem Bournemouth Landzug l\u00e4sst es sich herrlich an der Promenade entlangfahren. Die Zugstrecke verl\u00e4uft zwischen; Alum Chine, Bournemouth Pier und Boscombe Pier, sowie entlang einer weiteren Route vom Boscombe Pier zu den Boscombe Chine G\u00e4rten. Die Z\u00fcge fahren von April bis Oktober und sind rollstuhlfahrerfreundlich.<\/p>\n<p>Die Russell-Cotes Kunstgalerie und Museum war einst das Zuhause des viktorianischen Reisenden Sir Merton Russell-Cotes und seiner Frau. Das Haus wurde 1901 erbaut und von Sir Merton Russell-Cotes als Geburtstagsgeschenk seiner Frau Annie \u00fcberreicht. Es war eines der letzten Herrenh\u00e4user, die w\u00e4hrend viktorianischer Zeiten erbaut wurden. Dieses herrschaftliche Haus auf den Klippen mit Meeresblick ist gef\u00fcllt mit wundersch\u00f6nen Objekten ihrer Reisen um die Welt und einer bemerkenswerten Sammlung britischer Kunst. Haus und Galerie sind normalerweise Diestag bis Sonntag und an mont\u00e4glichen Feiertagen ge\u00f6ffnet.<\/p>\n<div class=\"snippet\"> <a class=\"featured-item\" href=\"https:\/\/www.urlaubcornwall.de\/rundreisen\/cornwall-suedengland.php\"> <span class=\"image-holder\" style=\"background-image: url('https:\/\/www.urlaubcornwall.de\/blog\/wp-content\/uploads\/2019\/01\/DiTn0QVWsAIOgjG.jpg');\"><\/span> <span class=\"featured-content\"> \n<h2 class=\"featured-title\">Rundreisen &#038; Urlaub in S\u00fcdengland &#8211; eine perfekte Kombination<\/h2>\n<p class=\"featured-body\">Die perfekte Reisem\u00f6glichkeit und erm\u00f6glicht es Ihnen, Entdeckungen zu machen und einen Urlaub im eigenen Schritttempo&#8230;.<\/p><\/span> <span class=\"featured-link-holder\"> <span class=\"featured-extra-info\"> \n<p>F\u00fcr Paare, Familien &#038; Gruppen<\/p>\n<\/span> \n<p class=\"featured-link\">DETAILS<\/p>\n<\/span> <\/a><\/div>\n<h2 style=\"text-align: center;\"><a href=\"&quot;https:\/\/www.urlaubcornwall.de\/blog\/besten-hotels-bournemouth-zum-verlieben-einfach-ist-das\/\"><strong>Besten Hotels in Bournemouth<\/strong><\/a><\/h2>\n<p style=\"text-align: center;\">Um Bournemouth in Ihre Rundreise durch S\u00fcdengland mit einzugliedern, stellen Sie Ihre <a href=\"http:\/\/www.urlaubcornwall.de\/anfrage.php\">Anfrage<\/a> hier.<\/p>\n","protected":false},"excerpt":{"rendered":"<p>Bournemouth an der K\u00fcste Dorsets ist seit dem 19. Jahrhundert ein beliebter Badeort \u2013 mit mehr als 11km goldener Str\u00e4nde und mit einer der w\u00e4rmsten Meerestemperaturen des UK ist dies ein gro\u00dfartiger Ort f\u00fcr Urlaube am Meer.&nbsp; Die steilen Klippen, die die Str\u00e4nde sch\u00fctzen, werden \u2018chines\u2019 (= S\u00e4ttel) genannt. Jeder dieser \u2018chines\u2019 hat einen \u00f6ffentlichen [&hellip;]<\/p>\n","protected":false},"author":1,"featured_media":0,"parent":0,"menu_order":0,"comment_status":"closed","ping_status":"closed","template":"single-four.php","meta":[],"acf":[],"yoast_head":"<!-- This site is optimized with the Yoast SEO plugin v19.4 - https:\/\/yoast.com\/wordpress\/plugins\/seo\/ -->\n<title>Urlaub Bournemouth: Unterkunft, Sehensw\u00fcrdigkeiten und Geschichte - Urlaub &amp; Reisen<\/title>\n<meta name=\"robots\" content=\"index, follow, max-snippet:-1, max-image-preview:large, max-video-preview:-1\" \/>\n<link rel=\"canonical\" href=\"https:\/\/www.urlaubcornwall.de\/blog\/urlaub-bournemouth-unterkunft-sehenswuerdigkeiten-und-geschichte\/\" \/>\n<meta property=\"og:locale\" content=\"en_US\" \/>\n<meta property=\"og:type\" content=\"article\" \/>\n<meta property=\"og:title\" content=\"Urlaub Bournemouth: Unterkunft, Sehensw\u00fcrdigkeiten und Geschichte - Urlaub &amp; Reisen\" \/>\n<meta property=\"og:description\" content=\"Bournemouth an der K\u00fcste Dorsets ist seit dem 19. Jahrhundert ein beliebter Badeort \u2013 mit mehr als 11km goldener Str\u00e4nde und mit einer der w\u00e4rmsten Meerestemperaturen des UK ist dies ein gro\u00dfartiger Ort f\u00fcr Urlaube am Meer.&nbsp; Die steilen Klippen, die die Str\u00e4nde sch\u00fctzen, werden \u2018chines\u2019 (= S\u00e4ttel) genannt. Jeder dieser \u2018chines\u2019 hat einen \u00f6ffentlichen [&hellip;]\" \/>\n<meta property=\"og:url\" content=\"https:\/\/www.urlaubcornwall.de\/blog\/urlaub-bournemouth-unterkunft-sehenswuerdigkeiten-und-geschichte\/\" \/>\n<meta property=\"og:site_name\" content=\"Urlaub &amp; Reisen\" \/>\n<meta property=\"article:modified_time\" content=\"2024-05-28T14:21:09+00:00\" \/>\n<meta property=\"og:image\" content=\"https:\/\/www.urlaubcornwall.de\/blog\/wp-content\/uploads\/2024\/05\/bournemouth.jpg\" \/>\n<meta name=\"twitter:card\" content=\"summary\" \/>\n<meta name=\"twitter:label1\" content=\"Est. reading time\" \/>\n\t<meta name=\"twitter:data1\" content=\"3 minutes\" \/>\n<script type=\"application\/ld+json\" class=\"yoast-schema-graph\">{\"@context\":\"https:\/\/schema.org\",\"@graph\":[{\"@type\":\"WebSite\",\"@id\":\"https:\/\/www.urlaubcornwall.de\/blog\/#website\",\"url\":\"https:\/\/www.urlaubcornwall.de\/blog\/\",\"name\":\"Urlaub &amp; Reisen\",\"description\":\"Urlaub, Reisen, Cornwall und S\u00fcdengland: eine perfekte Kombination\",\"potentialAction\":[{\"@type\":\"SearchAction\",\"target\":{\"@type\":\"EntryPoint\",\"urlTemplate\":\"https:\/\/www.urlaubcornwall.de\/blog\/?s={search_term_string}\"},\"query-input\":\"required name=search_term_string\"}],\"inLanguage\":\"en-US\"},{\"@type\":\"WebPage\",\"@id\":\"https:\/\/www.urlaubcornwall.de\/blog\/urlaub-bournemouth-unterkunft-sehenswuerdigkeiten-und-geschichte\/\",\"url\":\"https:\/\/www.urlaubcornwall.de\/blog\/urlaub-bournemouth-unterkunft-sehenswuerdigkeiten-und-geschichte\/\",\"name\":\"Urlaub Bournemouth: Unterkunft, Sehensw\u00fcrdigkeiten und Geschichte - Urlaub &amp; Reisen\",\"isPartOf\":{\"@id\":\"https:\/\/www.urlaubcornwall.de\/blog\/#website\"},\"datePublished\":\"2016-07-06T09:24:29+00:00\",\"dateModified\":\"2024-05-28T14:21:09+00:00\",\"breadcrumb\":{\"@id\":\"https:\/\/www.urlaubcornwall.de\/blog\/urlaub-bournemouth-unterkunft-sehenswuerdigkeiten-und-geschichte\/#breadcrumb\"},\"inLanguage\":\"en-US\",\"potentialAction\":[{\"@type\":\"ReadAction\",\"target\":[\"https:\/\/www.urlaubcornwall.de\/blog\/urlaub-bournemouth-unterkunft-sehenswuerdigkeiten-und-geschichte\/\"]}]},{\"@type\":\"BreadcrumbList\",\"@id\":\"https:\/\/www.urlaubcornwall.de\/blog\/urlaub-bournemouth-unterkunft-sehenswuerdigkeiten-und-geschichte\/#breadcrumb\",\"itemListElement\":[{\"@type\":\"ListItem\",\"position\":1,\"name\":\"Home\",\"item\":\"https:\/\/www.urlaubcornwall.de\/blog\/\"},{\"@type\":\"ListItem\",\"position\":2,\"name\":\"Urlaub Bournemouth: Unterkunft, Sehensw\u00fcrdigkeiten und Geschichte\"}]}]}<\/script>\n<!-- \/ Yoast SEO plugin. -->","yoast_head_json":{"title":"Urlaub Bournemouth: Unterkunft, Sehensw\u00fcrdigkeiten und Geschichte - Urlaub &amp; Reisen","robots":{"index":"index","follow":"follow","max-snippet":"max-snippet:-1","max-image-preview":"max-image-preview:large","max-video-preview":"max-video-preview:-1"},"canonical":"https:\/\/www.urlaubcornwall.de\/blog\/urlaub-bournemouth-unterkunft-sehenswuerdigkeiten-und-geschichte\/","og_locale":"en_US","og_type":"article","og_title":"Urlaub Bournemouth: Unterkunft, Sehensw\u00fcrdigkeiten und Geschichte - Urlaub &amp; Reisen","og_description":"Bournemouth an der K\u00fcste Dorsets ist seit dem 19. Jahrhundert ein beliebter Badeort \u2013 mit mehr als 11km goldener Str\u00e4nde und mit einer der w\u00e4rmsten Meerestemperaturen des UK ist dies ein gro\u00dfartiger Ort f\u00fcr Urlaube am Meer.&nbsp; Die steilen Klippen, die die Str\u00e4nde sch\u00fctzen, werden \u2018chines\u2019 (= S\u00e4ttel) genannt. Jeder dieser \u2018chines\u2019 hat einen \u00f6ffentlichen [&hellip;]","og_url":"https:\/\/www.urlaubcornwall.de\/blog\/urlaub-bournemouth-unterkunft-sehenswuerdigkeiten-und-geschichte\/","og_site_name":"Urlaub &amp; Reisen","article_modified_time":"2024-05-28T14:21:09+00:00","og_image":[{"url":"https:\/\/www.urlaubcornwall.de\/blog\/wp-content\/uploads\/2024\/05\/bournemouth.jpg"}],"twitter_card":"summary","twitter_misc":{"Est. reading time":"3 minutes"},"schema":{"@context":"https:\/\/schema.org","@graph":[{"@type":"WebSite","@id":"https:\/\/www.urlaubcornwall.de\/blog\/#website","url":"https:\/\/www.urlaubcornwall.de\/blog\/","name":"Urlaub &amp; Reisen","description":"Urlaub, Reisen, Cornwall und S\u00fcdengland: eine perfekte Kombination","potentialAction":[{"@type":"SearchAction","target":{"@type":"EntryPoint","urlTemplate":"https:\/\/www.urlaubcornwall.de\/blog\/?s={search_term_string}"},"query-input":"required name=search_term_string"}],"inLanguage":"en-US"},{"@type":"WebPage","@id":"https:\/\/www.urlaubcornwall.de\/blog\/urlaub-bournemouth-unterkunft-sehenswuerdigkeiten-und-geschichte\/","url":"https:\/\/www.urlaubcornwall.de\/blog\/urlaub-bournemouth-unterkunft-sehenswuerdigkeiten-und-geschichte\/","name":"Urlaub Bournemouth: Unterkunft, Sehensw\u00fcrdigkeiten und Geschichte - Urlaub &amp; Reisen","isPartOf":{"@id":"https:\/\/www.urlaubcornwall.de\/blog\/#website"},"datePublished":"2016-07-06T09:24:29+00:00","dateModified":"2024-05-28T14:21:09+00:00","breadcrumb":{"@id":"https:\/\/www.urlaubcornwall.de\/blog\/urlaub-bournemouth-unterkunft-sehenswuerdigkeiten-und-geschichte\/#breadcrumb"},"inLanguage":"en-US","potentialAction":[{"@type":"ReadAction","target":["https:\/\/www.urlaubcornwall.de\/blog\/urlaub-bournemouth-unterkunft-sehenswuerdigkeiten-und-geschichte\/"]}]},{"@type":"BreadcrumbList","@id":"https:\/\/www.urlaubcornwall.de\/blog\/urlaub-bournemouth-unterkunft-sehenswuerdigkeiten-und-geschichte\/#breadcrumb","itemListElement":[{"@type":"ListItem","position":1,"name":"Home","item":"https:\/\/www.urlaubcornwall.de\/blog\/"},{"@type":"ListItem","position":2,"name":"Urlaub Bournemouth: Unterkunft, Sehensw\u00fcrdigkeiten und Geschichte"}]}]}},"_links":{"self":[{"href":"https:\/\/www.urlaubcornwall.de\/blog\/wp-json\/wp\/v2\/pages\/24786"}],"collection":[{"href":"https:\/\/www.urlaubcornwall.de\/blog\/wp-json\/wp\/v2\/pages"}],"about":[{"href":"https:\/\/www.urlaubcornwall.de\/blog\/wp-json\/wp\/v2\/types\/page"}],"author":[{"embeddable":true,"href":"https:\/\/www.urlaubcornwall.de\/blog\/wp-json\/wp\/v2\/users\/1"}],"replies":[{"embeddable":true,"href":"https:\/\/www.urlaubcornwall.de\/blog\/wp-json\/wp\/v2\/comments?post=24786"}],"version-history":[{"count":13,"href":"https:\/\/www.urlaubcornwall.de\/blog\/wp-json\/wp\/v2\/pages\/24786\/revisions"}],"predecessor-version":[{"id":25533,"href":"https:\/\/www.urlaubcornwall.de\/blog\/wp-json\/wp\/v2\/pages\/24786\/revisions\/25533"}],"wp:attachment":[{"href":"https:\/\/www.urlaubcornwall.de\/blog\/wp-json\/wp\/v2\/media?parent=24786"}],"curies":[{"name":"wp","href":"https:\/\/api.w.org\/{rel}","templated":true}]}}