{"id":24768,"date":"2016-07-03T11:03:37","date_gmt":"2016-07-03T11:03:37","guid":{"rendered":"https:\/\/www.urlaubcornwall.de\/blog\/?page_id=24768"},"modified":"2024-05-28T14:22:58","modified_gmt":"2024-05-28T14:22:58","slug":"charmouth-dorset-unterkunft-sehenswuerdigkeiten-und-geschichte","status":"publish","type":"page","link":"https:\/\/www.urlaubcornwall.de\/blog\/charmouth-dorset-unterkunft-sehenswuerdigkeiten-und-geschichte\/","title":{"rendered":"Charmouth, Dorset: Unterkunft, Sehensw\u00fcrdigkeiten und Geschichte"},"content":{"rendered":"<p><a href=\"https:\/\/www.urlaubcornwall.de\/blog\/wp-content\/uploads\/2024\/05\/charmouth.jpg\"><img loading=\"lazy\" src=\"https:\/\/www.urlaubcornwall.de\/blog\/wp-content\/uploads\/2024\/05\/charmouth.jpg\" alt=\"charmouth\" width=\"750\" height=\"563\" class=\"alignnone size-full wp-image-50464\" srcset=\"https:\/\/www.urlaubcornwall.de\/blog\/wp-content\/uploads\/2024\/05\/charmouth.jpg 750w, https:\/\/www.urlaubcornwall.de\/blog\/wp-content\/uploads\/2024\/05\/charmouth-300x225.jpg 300w\" sizes=\"(max-width: 750px) 100vw, 750px\" \/><\/a><\/p>\n<p>Der Badeort Charmouth befindet sich im Herzen der <a href=\"https:\/\/www.urlaubcornwall.de\/reiseziel\/dorset.php\">Jurak\u00fcste Dorsets<\/a>. \u00d6stlich von Lyme Regis gelegen, ist Charmouth weltbekannt f\u00fcr seine Fossilienstr\u00e4nde. Im Jahre 1811 wurde das erste vollst\u00e4ndige Fossil eines Ichthyosaurus \u2013 ein pr\u00e4historisches Meeresreptil, das einem riesigen T\u00fcmmler gleicht \u2013 von einem 12j\u00e4hrigen M\u00e4dchen des Ortes, Mary Anning, gefunden. Das Skelett war 6,4m lang.<\/p>\n<p>Das Charmouth Heritage Coast Centre in der Stadtmitte eignet sich hervorragend, um Fossilien zu sehen und zu erfahren, wie Sie ihre eigenen finden k\u00f6nnen. Das Zentrum bietet 2st\u00fcndige gef\u00fchrte Wanderungen am Strand entlang an, so dass Sie Hilfe dabei haben, Fossilien zu finden. Die Wanderungen eignen sich sowohl f\u00fcr Erwachsene als auch Kinder.<\/p>\n<p style=\"text-align: center;\"><a class=\"tidycta\" href=\"https:\/\/www.urlaubcornwall.de\/ferienhaeuser-fewos\/eng\/dorset\/charmouth.html\">Suche Ferienh\u00e4user Charmouth<\/a><\/p>\n<p><img loading=\"lazy\" class=\"aligncenter size-full wp-image-24598\" src=\"https:\/\/www.urlaubcornwall.de\/blog\/wp-content\/uploads\/2016\/06\/urlaub-und-sudengland_logo-final.jpg\" width=\"746\" height=\"361\" \/><\/p>\n<p><a href=\"http:\/\/www.urlaubcornwall.de\/\">UrlaubCornwall.de<\/a> ist ein in Cornwall ans\u00e4ssiges Unternehmen k\u00f6nnen wir uns mit 20 Jahren Erfahrung in der Organisation von Rundreisen durch <a href=\"https:\/\/www.urlaubcornwall.de\/blog\/urlaub-in-dorset-eine-der-geschichtstraechtigsten-grafschaften-englands\/\">Dorset<\/a>, S\u00fcdwest und S\u00fcdengland r\u00fchmen.<\/p>\n<p>Um Charmouth und Dorset in Ihre Rundreise durch S\u00fcdengland mit einzugliedern, stellen Sie Ihre <a href=\"http:\/\/www.urlaubcornwall.de\/anfrage.php\">Anfrage<\/a> hier oder w\u00e4hlen Sie ein Ferienhaus aus unserer besten Auswahl <a href=\"http:\/\/www.urlaubcornwall.de\/ferienhaeuser-fewos\/charmouth.html\">handverlesener und inspizierter H\u00e4user<\/a> aus.<\/p>\n","protected":false},"excerpt":{"rendered":"<p>Der Badeort Charmouth befindet sich im Herzen der Jurak\u00fcste Dorsets. \u00d6stlich von Lyme Regis gelegen, ist Charmouth weltbekannt f\u00fcr seine Fossilienstr\u00e4nde. Im Jahre 1811 wurde das erste vollst\u00e4ndige Fossil eines Ichthyosaurus \u2013 ein pr\u00e4historisches Meeresreptil, das einem riesigen T\u00fcmmler gleicht \u2013 von einem 12j\u00e4hrigen M\u00e4dchen des Ortes, Mary Anning, gefunden. Das Skelett war 6,4m lang. [&hellip;]<\/p>\n","protected":false},"author":1,"featured_media":0,"parent":0,"menu_order":0,"comment_status":"closed","ping_status":"closed","template":"single-four.php","meta":[],"acf":[],"yoast_head":"<!-- This site is optimized with the Yoast SEO plugin v19.4 - https:\/\/yoast.com\/wordpress\/plugins\/seo\/ -->\n<title>Charmouth, Dorset: Unterkunft, Sehensw\u00fcrdigkeiten und Geschichte - Urlaub &amp; Reisen<\/title>\n<meta name=\"description\" content=\"Der Badeort Charmouth befindet sich im Herzen der Jurak\u00fcste Dorsets. \u00d6stlich von Lyme Regis gelegen, ist Charmouth weltbekannt f\u00fcr seine Fossilienstr\u00e4nde. Im Jahre 1811 wurde das erste vollst\u00e4ndige Fossil eines Ichthyosaurus \u2013 ein pr\u00e4historisches Meeresreptil, das einem riesigen T\u00fcmmler gleicht \u2013 von einem 12j\u00e4hrigen M\u00e4dchen des Ortes, Mary Anning, gefunden. Das Skelett war 6,4m lang.\" \/>\n<meta name=\"robots\" content=\"index, follow, max-snippet:-1, max-image-preview:large, max-video-preview:-1\" \/>\n<link rel=\"canonical\" href=\"https:\/\/www.urlaubcornwall.de\/blog\/charmouth-dorset-unterkunft-sehenswuerdigkeiten-und-geschichte\/\" \/>\n<meta property=\"og:locale\" content=\"en_US\" \/>\n<meta property=\"og:type\" content=\"article\" \/>\n<meta property=\"og:title\" content=\"Charmouth, Dorset: Unterkunft, Sehensw\u00fcrdigkeiten und Geschichte - Urlaub &amp; Reisen\" \/>\n<meta property=\"og:description\" content=\"Der Badeort Charmouth befindet sich im Herzen der Jurak\u00fcste Dorsets. \u00d6stlich von Lyme Regis gelegen, ist Charmouth weltbekannt f\u00fcr seine Fossilienstr\u00e4nde. Im Jahre 1811 wurde das erste vollst\u00e4ndige Fossil eines Ichthyosaurus \u2013 ein pr\u00e4historisches Meeresreptil, das einem riesigen T\u00fcmmler gleicht \u2013 von einem 12j\u00e4hrigen M\u00e4dchen des Ortes, Mary Anning, gefunden. Das Skelett war 6,4m lang.\" \/>\n<meta property=\"og:url\" content=\"https:\/\/www.urlaubcornwall.de\/blog\/charmouth-dorset-unterkunft-sehenswuerdigkeiten-und-geschichte\/\" \/>\n<meta property=\"og:site_name\" content=\"Urlaub &amp; Reisen\" \/>\n<meta property=\"article:modified_time\" content=\"2024-05-28T14:22:58+00:00\" \/>\n<meta property=\"og:image\" content=\"https:\/\/www.urlaubcornwall.de\/blog\/wp-content\/uploads\/2024\/05\/charmouth.jpg\" \/>\n<meta name=\"twitter:card\" content=\"summary\" \/>\n<meta name=\"twitter:label1\" content=\"Est. reading time\" \/>\n\t<meta name=\"twitter:data1\" content=\"2 minutes\" \/>\n<script type=\"application\/ld+json\" class=\"yoast-schema-graph\">{\"@context\":\"https:\/\/schema.org\",\"@graph\":[{\"@type\":\"WebSite\",\"@id\":\"https:\/\/www.urlaubcornwall.de\/blog\/#website\",\"url\":\"https:\/\/www.urlaubcornwall.de\/blog\/\",\"name\":\"Urlaub &amp; Reisen\",\"description\":\"Urlaub, Reisen, Cornwall und S\u00fcdengland: eine perfekte Kombination\",\"potentialAction\":[{\"@type\":\"SearchAction\",\"target\":{\"@type\":\"EntryPoint\",\"urlTemplate\":\"https:\/\/www.urlaubcornwall.de\/blog\/?s={search_term_string}\"},\"query-input\":\"required name=search_term_string\"}],\"inLanguage\":\"en-US\"},{\"@type\":\"WebPage\",\"@id\":\"https:\/\/www.urlaubcornwall.de\/blog\/charmouth-dorset-unterkunft-sehenswuerdigkeiten-und-geschichte\/\",\"url\":\"https:\/\/www.urlaubcornwall.de\/blog\/charmouth-dorset-unterkunft-sehenswuerdigkeiten-und-geschichte\/\",\"name\":\"Charmouth, Dorset: Unterkunft, Sehensw\u00fcrdigkeiten und Geschichte - Urlaub &amp; Reisen\",\"isPartOf\":{\"@id\":\"https:\/\/www.urlaubcornwall.de\/blog\/#website\"},\"datePublished\":\"2016-07-03T11:03:37+00:00\",\"dateModified\":\"2024-05-28T14:22:58+00:00\",\"description\":\"Der Badeort Charmouth befindet sich im Herzen der Jurak\u00fcste Dorsets. \u00d6stlich von Lyme Regis gelegen, ist Charmouth weltbekannt f\u00fcr seine Fossilienstr\u00e4nde. Im Jahre 1811 wurde das erste vollst\u00e4ndige Fossil eines Ichthyosaurus \u2013 ein pr\u00e4historisches Meeresreptil, das einem riesigen T\u00fcmmler gleicht \u2013 von einem 12j\u00e4hrigen M\u00e4dchen des Ortes, Mary Anning, gefunden. Das Skelett war 6,4m lang.\",\"breadcrumb\":{\"@id\":\"https:\/\/www.urlaubcornwall.de\/blog\/charmouth-dorset-unterkunft-sehenswuerdigkeiten-und-geschichte\/#breadcrumb\"},\"inLanguage\":\"en-US\",\"potentialAction\":[{\"@type\":\"ReadAction\",\"target\":[\"https:\/\/www.urlaubcornwall.de\/blog\/charmouth-dorset-unterkunft-sehenswuerdigkeiten-und-geschichte\/\"]}]},{\"@type\":\"BreadcrumbList\",\"@id\":\"https:\/\/www.urlaubcornwall.de\/blog\/charmouth-dorset-unterkunft-sehenswuerdigkeiten-und-geschichte\/#breadcrumb\",\"itemListElement\":[{\"@type\":\"ListItem\",\"position\":1,\"name\":\"Home\",\"item\":\"https:\/\/www.urlaubcornwall.de\/blog\/\"},{\"@type\":\"ListItem\",\"position\":2,\"name\":\"Charmouth, Dorset: Unterkunft, Sehensw\u00fcrdigkeiten und Geschichte\"}]}]}<\/script>\n<!-- \/ Yoast SEO plugin. -->","yoast_head_json":{"title":"Charmouth, Dorset: Unterkunft, Sehensw\u00fcrdigkeiten und Geschichte - Urlaub &amp; Reisen","description":"Der Badeort Charmouth befindet sich im Herzen der Jurak\u00fcste Dorsets. \u00d6stlich von Lyme Regis gelegen, ist Charmouth weltbekannt f\u00fcr seine Fossilienstr\u00e4nde. Im Jahre 1811 wurde das erste vollst\u00e4ndige Fossil eines Ichthyosaurus \u2013 ein pr\u00e4historisches Meeresreptil, das einem riesigen T\u00fcmmler gleicht \u2013 von einem 12j\u00e4hrigen M\u00e4dchen des Ortes, Mary Anning, gefunden. Das Skelett war 6,4m lang.","robots":{"index":"index","follow":"follow","max-snippet":"max-snippet:-1","max-image-preview":"max-image-preview:large","max-video-preview":"max-video-preview:-1"},"canonical":"https:\/\/www.urlaubcornwall.de\/blog\/charmouth-dorset-unterkunft-sehenswuerdigkeiten-und-geschichte\/","og_locale":"en_US","og_type":"article","og_title":"Charmouth, Dorset: Unterkunft, Sehensw\u00fcrdigkeiten und Geschichte - Urlaub &amp; Reisen","og_description":"Der Badeort Charmouth befindet sich im Herzen der Jurak\u00fcste Dorsets. \u00d6stlich von Lyme Regis gelegen, ist Charmouth weltbekannt f\u00fcr seine Fossilienstr\u00e4nde. Im Jahre 1811 wurde das erste vollst\u00e4ndige Fossil eines Ichthyosaurus \u2013 ein pr\u00e4historisches Meeresreptil, das einem riesigen T\u00fcmmler gleicht \u2013 von einem 12j\u00e4hrigen M\u00e4dchen des Ortes, Mary Anning, gefunden. Das Skelett war 6,4m lang.","og_url":"https:\/\/www.urlaubcornwall.de\/blog\/charmouth-dorset-unterkunft-sehenswuerdigkeiten-und-geschichte\/","og_site_name":"Urlaub &amp; Reisen","article_modified_time":"2024-05-28T14:22:58+00:00","og_image":[{"url":"https:\/\/www.urlaubcornwall.de\/blog\/wp-content\/uploads\/2024\/05\/charmouth.jpg"}],"twitter_card":"summary","twitter_misc":{"Est. reading time":"2 minutes"},"schema":{"@context":"https:\/\/schema.org","@graph":[{"@type":"WebSite","@id":"https:\/\/www.urlaubcornwall.de\/blog\/#website","url":"https:\/\/www.urlaubcornwall.de\/blog\/","name":"Urlaub &amp; Reisen","description":"Urlaub, Reisen, Cornwall und S\u00fcdengland: eine perfekte Kombination","potentialAction":[{"@type":"SearchAction","target":{"@type":"EntryPoint","urlTemplate":"https:\/\/www.urlaubcornwall.de\/blog\/?s={search_term_string}"},"query-input":"required name=search_term_string"}],"inLanguage":"en-US"},{"@type":"WebPage","@id":"https:\/\/www.urlaubcornwall.de\/blog\/charmouth-dorset-unterkunft-sehenswuerdigkeiten-und-geschichte\/","url":"https:\/\/www.urlaubcornwall.de\/blog\/charmouth-dorset-unterkunft-sehenswuerdigkeiten-und-geschichte\/","name":"Charmouth, Dorset: Unterkunft, Sehensw\u00fcrdigkeiten und Geschichte - Urlaub &amp; Reisen","isPartOf":{"@id":"https:\/\/www.urlaubcornwall.de\/blog\/#website"},"datePublished":"2016-07-03T11:03:37+00:00","dateModified":"2024-05-28T14:22:58+00:00","description":"Der Badeort Charmouth befindet sich im Herzen der Jurak\u00fcste Dorsets. \u00d6stlich von Lyme Regis gelegen, ist Charmouth weltbekannt f\u00fcr seine Fossilienstr\u00e4nde. Im Jahre 1811 wurde das erste vollst\u00e4ndige Fossil eines Ichthyosaurus \u2013 ein pr\u00e4historisches Meeresreptil, das einem riesigen T\u00fcmmler gleicht \u2013 von einem 12j\u00e4hrigen M\u00e4dchen des Ortes, Mary Anning, gefunden. Das Skelett war 6,4m lang.","breadcrumb":{"@id":"https:\/\/www.urlaubcornwall.de\/blog\/charmouth-dorset-unterkunft-sehenswuerdigkeiten-und-geschichte\/#breadcrumb"},"inLanguage":"en-US","potentialAction":[{"@type":"ReadAction","target":["https:\/\/www.urlaubcornwall.de\/blog\/charmouth-dorset-unterkunft-sehenswuerdigkeiten-und-geschichte\/"]}]},{"@type":"BreadcrumbList","@id":"https:\/\/www.urlaubcornwall.de\/blog\/charmouth-dorset-unterkunft-sehenswuerdigkeiten-und-geschichte\/#breadcrumb","itemListElement":[{"@type":"ListItem","position":1,"name":"Home","item":"https:\/\/www.urlaubcornwall.de\/blog\/"},{"@type":"ListItem","position":2,"name":"Charmouth, Dorset: Unterkunft, Sehensw\u00fcrdigkeiten und Geschichte"}]}]}},"_links":{"self":[{"href":"https:\/\/www.urlaubcornwall.de\/blog\/wp-json\/wp\/v2\/pages\/24768"}],"collection":[{"href":"https:\/\/www.urlaubcornwall.de\/blog\/wp-json\/wp\/v2\/pages"}],"about":[{"href":"https:\/\/www.urlaubcornwall.de\/blog\/wp-json\/wp\/v2\/types\/page"}],"author":[{"embeddable":true,"href":"https:\/\/www.urlaubcornwall.de\/blog\/wp-json\/wp\/v2\/users\/1"}],"replies":[{"embeddable":true,"href":"https:\/\/www.urlaubcornwall.de\/blog\/wp-json\/wp\/v2\/comments?post=24768"}],"version-history":[{"count":5,"href":"https:\/\/www.urlaubcornwall.de\/blog\/wp-json\/wp\/v2\/pages\/24768\/revisions"}],"predecessor-version":[{"id":50465,"href":"https:\/\/www.urlaubcornwall.de\/blog\/wp-json\/wp\/v2\/pages\/24768\/revisions\/50465"}],"wp:attachment":[{"href":"https:\/\/www.urlaubcornwall.de\/blog\/wp-json\/wp\/v2\/media?parent=24768"}],"curies":[{"name":"wp","href":"https:\/\/api.w.org\/{rel}","templated":true}]}}