{"id":24765,"date":"2016-07-03T11:05:07","date_gmt":"2016-07-03T11:05:07","guid":{"rendered":"https:\/\/www.urlaubcornwall.de\/blog\/?page_id=24765"},"modified":"2021-12-13T10:01:47","modified_gmt":"2021-12-13T10:01:47","slug":"lyme-regis-dorset-unterkunft-sehenswuerdigkeiten-und-geschichte","status":"publish","type":"page","link":"https:\/\/www.urlaubcornwall.de\/blog\/lyme-regis-dorset-unterkunft-sehenswuerdigkeiten-und-geschichte\/","title":{"rendered":"Urlaub in Lyme Regis, Dorset: Unterkunft, Sehensw\u00fcrdigkeiten und Geschichte"},"content":{"rendered":"<p><img loading=\"lazy\" class=\"aligncenter size-full wp-image-24767\" src=\"https:\/\/www.urlaubcornwall.de\/blog\/wp-content\/uploads\/2016\/07\/lyme-regis-urlaub.jpg\" alt=\"lyme regis urlaub\" width=\"745\" height=\"386\"\/><\/p>\n<p>Die Geschichte der <a href=\"https:\/\/www.urlaubcornwall.de\/ferienhaeuser-fewos\/eng\/dorset\/lyme-regis.html\">attraktiven Dorset-Stadt Lyme Regis<\/a> reicht zur\u00fcck ins Jahr 774 AD, als Cynewulf \u2013 K\u00f6nig der Westsachsen \u2013 den M\u00f6nchen vor Ort die Erlaubnis erteilte, Salz vom Meereswasser zu produzieren. Es erlangte seinen Titel \u2018Regis\u2019 (des K\u00f6nigs), als Edward I der Stadt 1284 eine k\u00f6nigliche Urkunde gew\u00e4hrte, als er den Hafen f\u00fcr seine Schiffe nutzte. Der Wohlstand von Lyme Regis r\u00fchrt von der Zeit als Handelshafen her, doch heute befinden sich im attraktiven Hafen Fischerboote und Jachten.<\/p>\n<div class=\"snippet\"> <a class=\"featured-item\" href=\"https:\/\/www.urlaubcornwall.de\/ferienhaeuser\/suedengland.php\"> <span class=\"image-holder\" style=\"background-image: url('https:\/\/www.urlaubcornwall.de\/blog\/wp-content\/uploads\/2018\/12\/ferienhaus-cornwall-mit-hund.jpg');\"><\/span> <span class=\"featured-content\"> \n<h2 class=\"featured-title\">Ferienh\u00e4user in Dorset &#038; S\u00fcdengland<\/h2>\n<p class=\"featured-body\">Bei uns finden Sie Ferienh\u00e4user zum Verlieben &#8211; so einfach ist das! Dank seiner langen Geschichte, der reizvollen Landschaften und seinen vielen Attraktionen ist S\u00fcdengland ein wahres Mekka f\u00fcr Urlauber&#8230;..<\/p><\/span> <span class=\"featured-link-holder\"> <span class=\"featured-extra-info\"> \n<p>Pers\u00f6nlich inspizierter Ferienh\u00e4user in Lyme Regis<\/p>\n<\/span> \n<p class=\"featured-link\">DETAILS<\/p>\n<\/span> <\/a><\/div>\n<p>\u201eThe Cobb\u201c ist die ikonische Steinmole, die den Hafen sch\u00fctzt; es ist eine von Menschen geschaffene Konstruktion und seit dem 14. Jahrhundert hier. \u201eThe Cobb\u201c wurde ber\u00fchmt durch den Film \u201cDie Frau des franz\u00f6sischen Leutnants\u201c, in dem Meryl Streep in einem Mantel die vom Sturm gebeutelte Mauer entlanggeht. \u201eThe Cobb\u201c tauchte auch in Jane Austens Novelle \u201c\u00dcberzeugung\u201d auf, da sie die Geschichte nach einem Aufenthalt in Lyme Regis 1803-4 schrieb <a href=\"https:\/\/www.urlaubcornwall.de\/ferienhaeuser-fewos\/eng\/dorset\/lyme-regis.html\">Lyme Regis<\/a> hat vier Str\u00e4nde; Town Beach, Monmouth Beach, Church Cliff Beach und East Cliff Beach, die eine Mischung aus Sand und Kieseln sind, ideal, um Fossilien zu suchen oder einfach nur zu entspannen. Der Fluss Lym flie\u00dft bei Church Cliff Beach in die Bucht, und Sie k\u00f6nnen am Flussufer entlang in die Stadt spazieren und dann weiter \u00fcber Fu\u00dfg\u00e4ngerbr\u00fccken und Wiesen, bis Sie Uplyme erreichen, die Quelle des Flusses.<\/p>\n<p><script async src=\"https:\/\/pagead2.googlesyndication.com\/pagead\/js\/adsbygoogle.js?client=ca-pub-3901089389175725\"\n     crossorigin=\"anonymous\"><\/script><br \/>\n<!-- New UC --><br \/>\n<ins class=\"adsbygoogle\"\n     style=\"display:block\"\n     data-ad-client=\"ca-pub-3901089389175725\"\n     data-ad-slot=\"8080314818\"\n     data-ad-format=\"auto\"\n     data-full-width-responsive=\"true\"><\/ins><br \/>\n<script>\n     (adsbygoogle = window.adsbygoogle || []).push({});\n<\/script><\/p>\n<p>Diese Wanderung durch das Lym Tal ist herrlich f\u00fcr Naturliebhaber mit reicher Flora und Fauna entlang der Route. Die Stadt Lyme Regis ist ein Paradies f\u00fcr Wanderer; es gibt f\u00fcr jeden etwas, gleich jeder Altersstufe und F\u00e4higkeit. Ein sanfter Spaziergang f\u00fchrt Sie entlang der Uferpromenade vom Cobb Gate zum Strand, mit L\u00e4den, Restaurants und Caf\u00e9s auf einer Seite und dem Meer auf der anderen. Es gibt also jede Menge zu sehen. F\u00fcr Geschichtsinteressierte gibt es den mittelalterlichen Lyme Wanderweg und f\u00fcr diejenigen, die an Architektur interessiert sind, gibt es den georgianischen Lyme Wanderweg. Einzelheiten zu all diesen Wanderungen finden Sie im Lyme Regis Touristeninformationszentrum in der Stadt.<\/p>\n<h2 style=\"text-align: center;\">Bei uns finden Sie Ferienh\u00e4user zum Verlieben; so einfach ist das!<\/h2>\n<p style=\"text-align: center;\"><a class=\"tidycta\" href=\"https:\/\/www.urlaubcornwall.de\/ferienhaeuser-fewos\/eng\/dorset\/lyme-regis.html\">Suche Ferienh\u00e4user in Lyme Regis<\/a><\/p>\n<div class=\"snippet\"> <a class=\"featured-item\" href=\"https:\/\/www.urlaubcornwall.de\/rundreisen\/cornwall-suedengland.php\"> <span class=\"image-holder\" style=\"background-image: url('https:\/\/www.urlaubcornwall.de\/blog\/wp-content\/uploads\/2019\/01\/DiTn0QVWsAIOgjG.jpg');\"><\/span> <span class=\"featured-content\"> \n<h2 class=\"featured-title\">Rundreisen Cornwall &#038; S\u00fcdengland &#8211; eine perfekte Kombination<\/h2>\n<p class=\"featured-body\">Die perfekte Reisem\u00f6glichkeit und erm\u00f6glicht es Ihnen, Entdeckungen zu machen und einen Urlaub im eigenen Schritttempo&#8230;.<\/p><\/span> <span class=\"featured-link-holder\"> <span class=\"featured-extra-info\"> \n<p>F\u00fcr Paare, Familien &#038; Gruppen<\/p>\n<\/span> \n<p class=\"featured-link\">DETAILS<\/p>\n<\/span> <\/a><\/div>\n","protected":false},"excerpt":{"rendered":"<p>Die Geschichte der attraktiven Dorset-Stadt Lyme Regis reicht zur\u00fcck ins Jahr 774 AD, als Cynewulf \u2013 K\u00f6nig der Westsachsen \u2013 den M\u00f6nchen vor Ort die Erlaubnis erteilte, Salz vom Meereswasser zu produzieren. Es erlangte seinen Titel \u2018Regis\u2019 (des K\u00f6nigs), als Edward I der Stadt 1284 eine k\u00f6nigliche Urkunde gew\u00e4hrte, als er den Hafen f\u00fcr seine [&hellip;]<\/p>\n","protected":false},"author":1,"featured_media":0,"parent":0,"menu_order":0,"comment_status":"closed","ping_status":"closed","template":"single-four.php","meta":[],"acf":[],"yoast_head":"<!-- This site is optimized with the Yoast SEO plugin v19.4 - https:\/\/yoast.com\/wordpress\/plugins\/seo\/ -->\n<title>Urlaub in Lyme Regis, Dorset: Unterkunft, Sehensw\u00fcrdigkeiten und Geschichte - Urlaub &amp; Reisen<\/title>\n<meta name=\"robots\" content=\"index, follow, max-snippet:-1, max-image-preview:large, max-video-preview:-1\" \/>\n<link rel=\"canonical\" href=\"https:\/\/www.urlaubcornwall.de\/blog\/lyme-regis-dorset-unterkunft-sehenswuerdigkeiten-und-geschichte\/\" \/>\n<meta property=\"og:locale\" content=\"en_US\" \/>\n<meta property=\"og:type\" content=\"article\" \/>\n<meta property=\"og:title\" content=\"Urlaub in Lyme Regis, Dorset: Unterkunft, Sehensw\u00fcrdigkeiten und Geschichte - Urlaub &amp; Reisen\" \/>\n<meta property=\"og:description\" content=\"Die Geschichte der attraktiven Dorset-Stadt Lyme Regis reicht zur\u00fcck ins Jahr 774 AD, als Cynewulf \u2013 K\u00f6nig der Westsachsen \u2013 den M\u00f6nchen vor Ort die Erlaubnis erteilte, Salz vom Meereswasser zu produzieren. Es erlangte seinen Titel \u2018Regis\u2019 (des K\u00f6nigs), als Edward I der Stadt 1284 eine k\u00f6nigliche Urkunde gew\u00e4hrte, als er den Hafen f\u00fcr seine [&hellip;]\" \/>\n<meta property=\"og:url\" content=\"https:\/\/www.urlaubcornwall.de\/blog\/lyme-regis-dorset-unterkunft-sehenswuerdigkeiten-und-geschichte\/\" \/>\n<meta property=\"og:site_name\" content=\"Urlaub &amp; Reisen\" \/>\n<meta property=\"article:modified_time\" content=\"2021-12-13T10:01:47+00:00\" \/>\n<meta property=\"og:image\" content=\"https:\/\/www.urlaubcornwall.de\/blog\/wp-content\/uploads\/2016\/07\/lyme-regis-urlaub.jpg\" \/>\n<meta name=\"twitter:card\" content=\"summary\" \/>\n<meta name=\"twitter:label1\" content=\"Est. reading time\" \/>\n\t<meta name=\"twitter:data1\" content=\"2 minutes\" \/>\n<script type=\"application\/ld+json\" class=\"yoast-schema-graph\">{\"@context\":\"https:\/\/schema.org\",\"@graph\":[{\"@type\":\"WebSite\",\"@id\":\"https:\/\/www.urlaubcornwall.de\/blog\/#website\",\"url\":\"https:\/\/www.urlaubcornwall.de\/blog\/\",\"name\":\"Urlaub &amp; Reisen\",\"description\":\"Urlaub, Reisen, Cornwall und S\u00fcdengland: eine perfekte Kombination\",\"potentialAction\":[{\"@type\":\"SearchAction\",\"target\":{\"@type\":\"EntryPoint\",\"urlTemplate\":\"https:\/\/www.urlaubcornwall.de\/blog\/?s={search_term_string}\"},\"query-input\":\"required name=search_term_string\"}],\"inLanguage\":\"en-US\"},{\"@type\":\"WebPage\",\"@id\":\"https:\/\/www.urlaubcornwall.de\/blog\/lyme-regis-dorset-unterkunft-sehenswuerdigkeiten-und-geschichte\/\",\"url\":\"https:\/\/www.urlaubcornwall.de\/blog\/lyme-regis-dorset-unterkunft-sehenswuerdigkeiten-und-geschichte\/\",\"name\":\"Urlaub in Lyme Regis, Dorset: Unterkunft, Sehensw\u00fcrdigkeiten und Geschichte - Urlaub &amp; Reisen\",\"isPartOf\":{\"@id\":\"https:\/\/www.urlaubcornwall.de\/blog\/#website\"},\"datePublished\":\"2016-07-03T11:05:07+00:00\",\"dateModified\":\"2021-12-13T10:01:47+00:00\",\"breadcrumb\":{\"@id\":\"https:\/\/www.urlaubcornwall.de\/blog\/lyme-regis-dorset-unterkunft-sehenswuerdigkeiten-und-geschichte\/#breadcrumb\"},\"inLanguage\":\"en-US\",\"potentialAction\":[{\"@type\":\"ReadAction\",\"target\":[\"https:\/\/www.urlaubcornwall.de\/blog\/lyme-regis-dorset-unterkunft-sehenswuerdigkeiten-und-geschichte\/\"]}]},{\"@type\":\"BreadcrumbList\",\"@id\":\"https:\/\/www.urlaubcornwall.de\/blog\/lyme-regis-dorset-unterkunft-sehenswuerdigkeiten-und-geschichte\/#breadcrumb\",\"itemListElement\":[{\"@type\":\"ListItem\",\"position\":1,\"name\":\"Home\",\"item\":\"https:\/\/www.urlaubcornwall.de\/blog\/\"},{\"@type\":\"ListItem\",\"position\":2,\"name\":\"Urlaub in Lyme Regis, Dorset: Unterkunft, Sehensw\u00fcrdigkeiten und Geschichte\"}]}]}<\/script>\n<!-- \/ Yoast SEO plugin. -->","yoast_head_json":{"title":"Urlaub in Lyme Regis, Dorset: Unterkunft, Sehensw\u00fcrdigkeiten und Geschichte - Urlaub &amp; Reisen","robots":{"index":"index","follow":"follow","max-snippet":"max-snippet:-1","max-image-preview":"max-image-preview:large","max-video-preview":"max-video-preview:-1"},"canonical":"https:\/\/www.urlaubcornwall.de\/blog\/lyme-regis-dorset-unterkunft-sehenswuerdigkeiten-und-geschichte\/","og_locale":"en_US","og_type":"article","og_title":"Urlaub in Lyme Regis, Dorset: Unterkunft, Sehensw\u00fcrdigkeiten und Geschichte - Urlaub &amp; Reisen","og_description":"Die Geschichte der attraktiven Dorset-Stadt Lyme Regis reicht zur\u00fcck ins Jahr 774 AD, als Cynewulf \u2013 K\u00f6nig der Westsachsen \u2013 den M\u00f6nchen vor Ort die Erlaubnis erteilte, Salz vom Meereswasser zu produzieren. Es erlangte seinen Titel \u2018Regis\u2019 (des K\u00f6nigs), als Edward I der Stadt 1284 eine k\u00f6nigliche Urkunde gew\u00e4hrte, als er den Hafen f\u00fcr seine [&hellip;]","og_url":"https:\/\/www.urlaubcornwall.de\/blog\/lyme-regis-dorset-unterkunft-sehenswuerdigkeiten-und-geschichte\/","og_site_name":"Urlaub &amp; Reisen","article_modified_time":"2021-12-13T10:01:47+00:00","og_image":[{"url":"https:\/\/www.urlaubcornwall.de\/blog\/wp-content\/uploads\/2016\/07\/lyme-regis-urlaub.jpg"}],"twitter_card":"summary","twitter_misc":{"Est. reading time":"2 minutes"},"schema":{"@context":"https:\/\/schema.org","@graph":[{"@type":"WebSite","@id":"https:\/\/www.urlaubcornwall.de\/blog\/#website","url":"https:\/\/www.urlaubcornwall.de\/blog\/","name":"Urlaub &amp; Reisen","description":"Urlaub, Reisen, Cornwall und S\u00fcdengland: eine perfekte Kombination","potentialAction":[{"@type":"SearchAction","target":{"@type":"EntryPoint","urlTemplate":"https:\/\/www.urlaubcornwall.de\/blog\/?s={search_term_string}"},"query-input":"required name=search_term_string"}],"inLanguage":"en-US"},{"@type":"WebPage","@id":"https:\/\/www.urlaubcornwall.de\/blog\/lyme-regis-dorset-unterkunft-sehenswuerdigkeiten-und-geschichte\/","url":"https:\/\/www.urlaubcornwall.de\/blog\/lyme-regis-dorset-unterkunft-sehenswuerdigkeiten-und-geschichte\/","name":"Urlaub in Lyme Regis, Dorset: Unterkunft, Sehensw\u00fcrdigkeiten und Geschichte - Urlaub &amp; Reisen","isPartOf":{"@id":"https:\/\/www.urlaubcornwall.de\/blog\/#website"},"datePublished":"2016-07-03T11:05:07+00:00","dateModified":"2021-12-13T10:01:47+00:00","breadcrumb":{"@id":"https:\/\/www.urlaubcornwall.de\/blog\/lyme-regis-dorset-unterkunft-sehenswuerdigkeiten-und-geschichte\/#breadcrumb"},"inLanguage":"en-US","potentialAction":[{"@type":"ReadAction","target":["https:\/\/www.urlaubcornwall.de\/blog\/lyme-regis-dorset-unterkunft-sehenswuerdigkeiten-und-geschichte\/"]}]},{"@type":"BreadcrumbList","@id":"https:\/\/www.urlaubcornwall.de\/blog\/lyme-regis-dorset-unterkunft-sehenswuerdigkeiten-und-geschichte\/#breadcrumb","itemListElement":[{"@type":"ListItem","position":1,"name":"Home","item":"https:\/\/www.urlaubcornwall.de\/blog\/"},{"@type":"ListItem","position":2,"name":"Urlaub in Lyme Regis, Dorset: Unterkunft, Sehensw\u00fcrdigkeiten und Geschichte"}]}]}},"_links":{"self":[{"href":"https:\/\/www.urlaubcornwall.de\/blog\/wp-json\/wp\/v2\/pages\/24765"}],"collection":[{"href":"https:\/\/www.urlaubcornwall.de\/blog\/wp-json\/wp\/v2\/pages"}],"about":[{"href":"https:\/\/www.urlaubcornwall.de\/blog\/wp-json\/wp\/v2\/types\/page"}],"author":[{"embeddable":true,"href":"https:\/\/www.urlaubcornwall.de\/blog\/wp-json\/wp\/v2\/users\/1"}],"replies":[{"embeddable":true,"href":"https:\/\/www.urlaubcornwall.de\/blog\/wp-json\/wp\/v2\/comments?post=24765"}],"version-history":[{"count":8,"href":"https:\/\/www.urlaubcornwall.de\/blog\/wp-json\/wp\/v2\/pages\/24765\/revisions"}],"predecessor-version":[{"id":44403,"href":"https:\/\/www.urlaubcornwall.de\/blog\/wp-json\/wp\/v2\/pages\/24765\/revisions\/44403"}],"wp:attachment":[{"href":"https:\/\/www.urlaubcornwall.de\/blog\/wp-json\/wp\/v2\/media?parent=24765"}],"curies":[{"name":"wp","href":"https:\/\/api.w.org\/{rel}","templated":true}]}}