{"id":24737,"date":"2016-07-02T15:56:18","date_gmt":"2016-07-02T15:56:18","guid":{"rendered":"https:\/\/www.urlaubcornwall.de\/blog\/?page_id=24737"},"modified":"2024-05-28T14:34:00","modified_gmt":"2024-05-28T14:34:00","slug":"urlaub-in-midhurst-sussex-sehenswuerdigkeiten-unterkunft-und-geschichte","status":"publish","type":"page","link":"https:\/\/www.urlaubcornwall.de\/blog\/urlaub-in-midhurst-sussex-sehenswuerdigkeiten-unterkunft-und-geschichte\/","title":{"rendered":"Urlaub in Midhurst, Sussex: Unterkunft, Sehensw\u00fcrdigkeiten und Geschichte"},"content":{"rendered":"<p><img loading=\"lazy\" class=\"aligncenter size-full wp-image-47890\" src=\"https:\/\/www.urlaubcornwall.de\/blog\/wp-content\/uploads\/2024\/03\/cowdray.jpg\" alt=\"cowdray\" width=\"750\" height=\"375\" srcset=\"https:\/\/www.urlaubcornwall.de\/blog\/wp-content\/uploads\/2024\/03\/cowdray.jpg 750w, https:\/\/www.urlaubcornwall.de\/blog\/wp-content\/uploads\/2024\/03\/cowdray-300x150.jpg 300w\" sizes=\"(max-width: 750px) 100vw, 750px\" \/><\/p>\n<p>Midhurst ist eine historische Marktstadt im Herzen der South Downs, <a href=\"https:\/\/www.urlaubcornwall.de\/blog\/reiseziel-sussex\/\">Sussex<\/a>. Es gibt dort eine entz\u00fcckende Mischung an mittelalterlicher, georgianischer, viktorianischer und edwardianischer Architektur. Die Stadt hat eine gro\u00dfartige Auswahl an Shops, Restaurants, Caf\u00e9s und Kneipen; etwas f\u00fcr jedermann. Das 67 Quadratkilometer gro\u00dfe Cowdray Gut, das das Zuhause von Viscount Cowdray ist, befindet sich in Midhurst, weltbekannt f\u00fcr seinen Poloklub. Der Sport wird seit \u00fcber 100 Jahren hier gespielt, und jede Saison finden hier die British Open Polo Championships statt.<\/p>\n<p><strong>Die Burg &amp; Cowdray House:<\/strong> Midhurst Castle wurde wahrscheinlich nach 1066 erbaut, auf einem strategisch hoch gelegenen Ort \u00fcber dem Fluss Rother. Heute sind lediglich Ruinen der Burg \u00fcbrig, doch es ist leicht, sich beim Herumspazieren vorzustellen, wie es wohl im 11. Jahrhundert war. Sie k\u00f6nnen auch die Ruinen von Cowdray House besuchen. Dieses Herrenhaus des 15. Jahrhunderts war eines von Englands gro\u00dfartigen Tudorh\u00e4usern. Ungl\u00fccklicherweise brach 1793 w\u00e4hrend Restaurationsarbeiten ein Feuer aus, das das Haus zum gr\u00f6\u00dften Teil zerst\u00f6rte. Die romantischen Ruinen des Hauses sind denkmalgesch\u00fctzt und w\u00e4hrend der Sommermonate der \u00d6ffentlichkeit zug\u00e4nglich.<\/p>\n<p><script async src=\"https:\/\/pagead2.googlesyndication.com\/pagead\/js\/adsbygoogle.js?client=ca-pub-3901089389175725\"\n     crossorigin=\"anonymous\"><\/script><br \/>\n<!-- New UC --><br \/>\n<ins class=\"adsbygoogle\"\n     style=\"display:block\"\n     data-ad-client=\"ca-pub-3901089389175725\"\n     data-ad-slot=\"8080314818\"\n     data-ad-format=\"auto\"\n     data-full-width-responsive=\"true\"><\/ins><br \/>\n<script>\n     (adsbygoogle = window.adsbygoogle || []).push({});\n<\/script><\/p>\n<p><strong>In der N\u00e4he<\/strong><\/p>\n<p><a href=\"https:\/\/www.urlaubcornwall.de\/blog\/wp-content\/uploads\/2024\/03\/Petworth-Park.jpg\"><img loading=\"lazy\" src=\"https:\/\/www.urlaubcornwall.de\/blog\/wp-content\/uploads\/2024\/03\/Petworth-Park.jpg\" alt=\"Petworth Park\" width=\"750\" height=\"429\" class=\"alignnone size-full wp-image-47771\" srcset=\"https:\/\/www.urlaubcornwall.de\/blog\/wp-content\/uploads\/2024\/03\/Petworth-Park.jpg 750w, https:\/\/www.urlaubcornwall.de\/blog\/wp-content\/uploads\/2024\/03\/Petworth-Park-300x172.jpg 300w\" sizes=\"(max-width: 750px) 100vw, 750px\" \/><\/a><\/p>\n<p><strong>Petworth House &amp; Park:<\/strong> Dieses herrliche Haus wurde im 17. Jahrhundert gebaut und befindet sich innerhalb eines 298 Hektar gro\u00dfen Wildparks. Das Haus beherbergt die feinste Kunst-und Skulpturensammlung des National Trust, einschlie\u00dflich weltbekannter Gem\u00e4lde von Van Dyke, Reynolds, Blake and JMW Turner.&nbsp; Es gibt opulente Prunkr\u00e4ume und atmosph\u00e4rische Bedienstetenquartiere und K\u00fcchen zu besichtigen. Die Landschaft des Wildparks und Sees um das Haus sieht v\u00f6llig nat\u00fcrlich aus, doch wurde sie in den 1750ern und 1760ern von Lancelot \u2018Capability\u2019 Brown designt.<\/p>\n<p><strong>Uppark House &amp; Garten:<\/strong> Uppark liegt auf einem hohen Punkt der South Downs und bietet Blick Richtung S\u00fcden bis zum Englischen Kanal hin. Im Innern dieses georgianischen Hauses k\u00f6nnen Sie den Unterschied zwischen dem komfortablen Leben der Besitzer \u201eoben\u201c und dem harten Leben der Bediensteten \u201eunten\u201c sehen. Die G\u00e4rten werden zu ihrer urspr\u00fcnglichen Pracht des 18. Jahrhunderts restauriert, und auf den nahegelegenen Wiesen gibt es genug Platz zu picknicken und zu entspannen.<\/p>\n<p><strong>Bignor R\u00f6mische Villa:<\/strong> Die R\u00f6mische Villa Bignor ist eine gro\u00dfe Villa mit Hof, die in den South Downs ausgegraben wurde. Die St\u00e4tte bietet unvergleichbaren Blick \u00fcber die Downs Richtung S\u00fcden, Osten und Westen. Diese herrlichen \u00dcberreste haben Mosaikb\u00f6den von Weltklasse. Die r\u00f6mische Villa wurde 1811 von einem Bauern vor Ort entdeckt, w\u00e4hrend er seine Felder pfl\u00fcgte. Sie wurde sorgsam ausgehoben und 1814 zum ersten Mal der \u00d6ffentlichkeit zug\u00e4nglich gemacht.<\/p>\n<p style=\"text-align: center;\">UrlaubCornwall verf\u00fcgt Ferienh\u00e4user und Ferienwohnungen f\u00fcr Ihren <a href=\"https:\/\/www.urlaubcornwall.de\/reiseziel\/suedengland.php\">Urlaub in Sudengland<\/a>. Unterk\u00fcnfte der Spitzenklasse f\u00fcr 2 Personen, Familien und Gruppen mit 4, 6, 8, 10 oder 12 G\u00e4sten.<\/p>\n<h1 style=\"text-align: center;\"><strong>Bei uns finden Sie Ferienh\u00e4user zum Verlieben \u2013 so einfach ist das!<\/strong><\/h1>\n<p style=\"text-align: center;\"><a class=\"tidycta\" href=\"https:\/\/www.urlaubcornwall.de\/ferienhaeuser-fewos\/eng\/sussex\/sussex.html\">Suche Ferienh\u00e4user Susses<\/a><\/p>\n<p style=\"text-align: center;\"><a href=\"http:\/\/www.urlaubcornwall.de\/\">UrlaubCornwall.de<\/a> ist ein in Cornwall ans\u00e4ssiges Unternehmen k\u00f6nnen wir uns mit 20 Jahren Erfahrung in der Organisation von Rundreisen durch <a href=\"https:\/\/www.urlaubcornwall.de\/reiseziel\/sussex.php\">Sussex<\/a>, S\u00fcdwest und S\u00fcdengland r\u00fchmen.<\/p>\n","protected":false},"excerpt":{"rendered":"<p>Midhurst ist eine historische Marktstadt im Herzen der South Downs, Sussex. Es gibt dort eine entz\u00fcckende Mischung an mittelalterlicher, georgianischer, viktorianischer und edwardianischer Architektur. Die Stadt hat eine gro\u00dfartige Auswahl an Shops, Restaurants, Caf\u00e9s und Kneipen; etwas f\u00fcr jedermann. Das 67 Quadratkilometer gro\u00dfe Cowdray Gut, das das Zuhause von Viscount Cowdray ist, befindet sich in [&hellip;]<\/p>\n","protected":false},"author":1,"featured_media":0,"parent":0,"menu_order":0,"comment_status":"closed","ping_status":"closed","template":"single-four.php","meta":[],"acf":[],"yoast_head":"<!-- This site is optimized with the Yoast SEO plugin v19.4 - https:\/\/yoast.com\/wordpress\/plugins\/seo\/ -->\n<title>Urlaub in Midhurst, Sussex: Unterkunft, Sehensw\u00fcrdigkeiten und Geschichte - Urlaub &amp; Reisen<\/title>\n<meta name=\"robots\" content=\"index, follow, max-snippet:-1, max-image-preview:large, max-video-preview:-1\" \/>\n<link rel=\"canonical\" href=\"https:\/\/www.urlaubcornwall.de\/blog\/urlaub-in-midhurst-sussex-sehenswuerdigkeiten-unterkunft-und-geschichte\/\" \/>\n<meta property=\"og:locale\" content=\"en_US\" \/>\n<meta property=\"og:type\" content=\"article\" \/>\n<meta property=\"og:title\" content=\"Urlaub in Midhurst, Sussex: Unterkunft, Sehensw\u00fcrdigkeiten und Geschichte - Urlaub &amp; Reisen\" \/>\n<meta property=\"og:description\" content=\"Midhurst ist eine historische Marktstadt im Herzen der South Downs, Sussex. Es gibt dort eine entz\u00fcckende Mischung an mittelalterlicher, georgianischer, viktorianischer und edwardianischer Architektur. Die Stadt hat eine gro\u00dfartige Auswahl an Shops, Restaurants, Caf\u00e9s und Kneipen; etwas f\u00fcr jedermann. Das 67 Quadratkilometer gro\u00dfe Cowdray Gut, das das Zuhause von Viscount Cowdray ist, befindet sich in [&hellip;]\" \/>\n<meta property=\"og:url\" content=\"https:\/\/www.urlaubcornwall.de\/blog\/urlaub-in-midhurst-sussex-sehenswuerdigkeiten-unterkunft-und-geschichte\/\" \/>\n<meta property=\"og:site_name\" content=\"Urlaub &amp; Reisen\" \/>\n<meta property=\"article:modified_time\" content=\"2024-05-28T14:34:00+00:00\" \/>\n<meta property=\"og:image\" content=\"https:\/\/www.urlaubcornwall.de\/blog\/wp-content\/uploads\/2024\/03\/cowdray.jpg\" \/>\n<meta name=\"twitter:card\" content=\"summary\" \/>\n<meta name=\"twitter:label1\" content=\"Est. reading time\" \/>\n\t<meta name=\"twitter:data1\" content=\"3 minutes\" \/>\n<script type=\"application\/ld+json\" class=\"yoast-schema-graph\">{\"@context\":\"https:\/\/schema.org\",\"@graph\":[{\"@type\":\"WebSite\",\"@id\":\"https:\/\/www.urlaubcornwall.de\/blog\/#website\",\"url\":\"https:\/\/www.urlaubcornwall.de\/blog\/\",\"name\":\"Urlaub &amp; Reisen\",\"description\":\"Urlaub, Reisen, Cornwall und S\u00fcdengland: eine perfekte Kombination\",\"potentialAction\":[{\"@type\":\"SearchAction\",\"target\":{\"@type\":\"EntryPoint\",\"urlTemplate\":\"https:\/\/www.urlaubcornwall.de\/blog\/?s={search_term_string}\"},\"query-input\":\"required name=search_term_string\"}],\"inLanguage\":\"en-US\"},{\"@type\":\"WebPage\",\"@id\":\"https:\/\/www.urlaubcornwall.de\/blog\/urlaub-in-midhurst-sussex-sehenswuerdigkeiten-unterkunft-und-geschichte\/\",\"url\":\"https:\/\/www.urlaubcornwall.de\/blog\/urlaub-in-midhurst-sussex-sehenswuerdigkeiten-unterkunft-und-geschichte\/\",\"name\":\"Urlaub in Midhurst, Sussex: Unterkunft, Sehensw\u00fcrdigkeiten und Geschichte - Urlaub &amp; Reisen\",\"isPartOf\":{\"@id\":\"https:\/\/www.urlaubcornwall.de\/blog\/#website\"},\"datePublished\":\"2016-07-02T15:56:18+00:00\",\"dateModified\":\"2024-05-28T14:34:00+00:00\",\"breadcrumb\":{\"@id\":\"https:\/\/www.urlaubcornwall.de\/blog\/urlaub-in-midhurst-sussex-sehenswuerdigkeiten-unterkunft-und-geschichte\/#breadcrumb\"},\"inLanguage\":\"en-US\",\"potentialAction\":[{\"@type\":\"ReadAction\",\"target\":[\"https:\/\/www.urlaubcornwall.de\/blog\/urlaub-in-midhurst-sussex-sehenswuerdigkeiten-unterkunft-und-geschichte\/\"]}]},{\"@type\":\"BreadcrumbList\",\"@id\":\"https:\/\/www.urlaubcornwall.de\/blog\/urlaub-in-midhurst-sussex-sehenswuerdigkeiten-unterkunft-und-geschichte\/#breadcrumb\",\"itemListElement\":[{\"@type\":\"ListItem\",\"position\":1,\"name\":\"Home\",\"item\":\"https:\/\/www.urlaubcornwall.de\/blog\/\"},{\"@type\":\"ListItem\",\"position\":2,\"name\":\"Urlaub in Midhurst, Sussex: Unterkunft, Sehensw\u00fcrdigkeiten und Geschichte\"}]}]}<\/script>\n<!-- \/ Yoast SEO plugin. -->","yoast_head_json":{"title":"Urlaub in Midhurst, Sussex: Unterkunft, Sehensw\u00fcrdigkeiten und Geschichte - Urlaub &amp; Reisen","robots":{"index":"index","follow":"follow","max-snippet":"max-snippet:-1","max-image-preview":"max-image-preview:large","max-video-preview":"max-video-preview:-1"},"canonical":"https:\/\/www.urlaubcornwall.de\/blog\/urlaub-in-midhurst-sussex-sehenswuerdigkeiten-unterkunft-und-geschichte\/","og_locale":"en_US","og_type":"article","og_title":"Urlaub in Midhurst, Sussex: Unterkunft, Sehensw\u00fcrdigkeiten und Geschichte - Urlaub &amp; Reisen","og_description":"Midhurst ist eine historische Marktstadt im Herzen der South Downs, Sussex. Es gibt dort eine entz\u00fcckende Mischung an mittelalterlicher, georgianischer, viktorianischer und edwardianischer Architektur. Die Stadt hat eine gro\u00dfartige Auswahl an Shops, Restaurants, Caf\u00e9s und Kneipen; etwas f\u00fcr jedermann. Das 67 Quadratkilometer gro\u00dfe Cowdray Gut, das das Zuhause von Viscount Cowdray ist, befindet sich in [&hellip;]","og_url":"https:\/\/www.urlaubcornwall.de\/blog\/urlaub-in-midhurst-sussex-sehenswuerdigkeiten-unterkunft-und-geschichte\/","og_site_name":"Urlaub &amp; Reisen","article_modified_time":"2024-05-28T14:34:00+00:00","og_image":[{"url":"https:\/\/www.urlaubcornwall.de\/blog\/wp-content\/uploads\/2024\/03\/cowdray.jpg"}],"twitter_card":"summary","twitter_misc":{"Est. reading time":"3 minutes"},"schema":{"@context":"https:\/\/schema.org","@graph":[{"@type":"WebSite","@id":"https:\/\/www.urlaubcornwall.de\/blog\/#website","url":"https:\/\/www.urlaubcornwall.de\/blog\/","name":"Urlaub &amp; Reisen","description":"Urlaub, Reisen, Cornwall und S\u00fcdengland: eine perfekte Kombination","potentialAction":[{"@type":"SearchAction","target":{"@type":"EntryPoint","urlTemplate":"https:\/\/www.urlaubcornwall.de\/blog\/?s={search_term_string}"},"query-input":"required name=search_term_string"}],"inLanguage":"en-US"},{"@type":"WebPage","@id":"https:\/\/www.urlaubcornwall.de\/blog\/urlaub-in-midhurst-sussex-sehenswuerdigkeiten-unterkunft-und-geschichte\/","url":"https:\/\/www.urlaubcornwall.de\/blog\/urlaub-in-midhurst-sussex-sehenswuerdigkeiten-unterkunft-und-geschichte\/","name":"Urlaub in Midhurst, Sussex: Unterkunft, Sehensw\u00fcrdigkeiten und Geschichte - Urlaub &amp; Reisen","isPartOf":{"@id":"https:\/\/www.urlaubcornwall.de\/blog\/#website"},"datePublished":"2016-07-02T15:56:18+00:00","dateModified":"2024-05-28T14:34:00+00:00","breadcrumb":{"@id":"https:\/\/www.urlaubcornwall.de\/blog\/urlaub-in-midhurst-sussex-sehenswuerdigkeiten-unterkunft-und-geschichte\/#breadcrumb"},"inLanguage":"en-US","potentialAction":[{"@type":"ReadAction","target":["https:\/\/www.urlaubcornwall.de\/blog\/urlaub-in-midhurst-sussex-sehenswuerdigkeiten-unterkunft-und-geschichte\/"]}]},{"@type":"BreadcrumbList","@id":"https:\/\/www.urlaubcornwall.de\/blog\/urlaub-in-midhurst-sussex-sehenswuerdigkeiten-unterkunft-und-geschichte\/#breadcrumb","itemListElement":[{"@type":"ListItem","position":1,"name":"Home","item":"https:\/\/www.urlaubcornwall.de\/blog\/"},{"@type":"ListItem","position":2,"name":"Urlaub in Midhurst, Sussex: Unterkunft, Sehensw\u00fcrdigkeiten und Geschichte"}]}]}},"_links":{"self":[{"href":"https:\/\/www.urlaubcornwall.de\/blog\/wp-json\/wp\/v2\/pages\/24737"}],"collection":[{"href":"https:\/\/www.urlaubcornwall.de\/blog\/wp-json\/wp\/v2\/pages"}],"about":[{"href":"https:\/\/www.urlaubcornwall.de\/blog\/wp-json\/wp\/v2\/types\/page"}],"author":[{"embeddable":true,"href":"https:\/\/www.urlaubcornwall.de\/blog\/wp-json\/wp\/v2\/users\/1"}],"replies":[{"embeddable":true,"href":"https:\/\/www.urlaubcornwall.de\/blog\/wp-json\/wp\/v2\/comments?post=24737"}],"version-history":[{"count":11,"href":"https:\/\/www.urlaubcornwall.de\/blog\/wp-json\/wp\/v2\/pages\/24737\/revisions"}],"predecessor-version":[{"id":49310,"href":"https:\/\/www.urlaubcornwall.de\/blog\/wp-json\/wp\/v2\/pages\/24737\/revisions\/49310"}],"wp:attachment":[{"href":"https:\/\/www.urlaubcornwall.de\/blog\/wp-json\/wp\/v2\/media?parent=24737"}],"curies":[{"name":"wp","href":"https:\/\/api.w.org\/{rel}","templated":true}]}}