{"id":24733,"date":"2016-07-02T15:31:09","date_gmt":"2016-07-02T15:31:09","guid":{"rendered":"https:\/\/www.urlaubcornwall.de\/blog\/?page_id=24733"},"modified":"2024-04-03T08:14:31","modified_gmt":"2024-04-03T08:14:31","slug":"urlaub-in-hastings-sussex-sehenswuerdigkeiten-unterkunft-und-geschichte","status":"publish","type":"page","link":"https:\/\/www.urlaubcornwall.de\/blog\/urlaub-in-hastings-sussex-sehenswuerdigkeiten-unterkunft-und-geschichte\/","title":{"rendered":"Urlaub in Hastings, Sussex: Unterkunft, Sehensw\u00fcrdigkeiten und Geschichte"},"content":{"rendered":"<p><img loading=\"lazy\" class=\"aligncenter size-full wp-image-48054\" src=\"https:\/\/www.urlaubcornwall.de\/blog\/wp-content\/uploads\/2024\/03\/hastings.jpg\" alt=\"hastings\" width=\"750\" height=\"500\" srcset=\"https:\/\/www.urlaubcornwall.de\/blog\/wp-content\/uploads\/2024\/03\/hastings.jpg 750w, https:\/\/www.urlaubcornwall.de\/blog\/wp-content\/uploads\/2024\/03\/hastings-300x200.jpg 300w\" sizes=\"(max-width: 750px) 100vw, 750px\" \/><\/p>\n<p>Hastings in <a href=\"http:\/\/www.urlaubcornwall.de\/reiseziel\/sussex.php\">Sussex<\/a> hat der ber\u00fchmten Schlacht des 14. Oktobers 1066 seinen Namen verliehen, doch tats\u00e4chlich wurde die Schlacht 11,2 km entfernt in <a href=\"https:\/\/www.urlaubcornwall.de\/blog\/urlaub-in-battle-sussex-sehenswuerdigkeiten-unterkunft-und-geschichte\/\">Battle<\/a> ausgetragen. Diese historische Stadt war schon immer Fischerhafen, und noch heute verf\u00fcgt sie \u00fcber eine Flotte an Fischerbooten, die an den Strand gezogen werden, um von ihrem Fang entladen zu werden.<\/p>\n<p>In der Altstadt am Ostende von Hastings, bei den Einwohnern bekannt als \u201etwittens\u201c (=enge G\u00e4sschen), finden Sie die malerische High Street, die hinauf f\u00fchrt vom Fischerhafen, eine charmante Mischung an Halbfachwerkh\u00e4usern, engen Stra\u00dfen und Gassen.<\/p>\n<p><script async src=\"https:\/\/pagead2.googlesyndication.com\/pagead\/js\/adsbygoogle.js?client=ca-pub-3901089389175725\"\n     crossorigin=\"anonymous\"><\/script><br \/>\n<!-- New UC --><br \/>\n<ins class=\"adsbygoogle\"\n     style=\"display:block\"\n     data-ad-client=\"ca-pub-3901089389175725\"\n     data-ad-slot=\"8080314818\"\n     data-ad-format=\"auto\"\n     data-full-width-responsive=\"true\"><\/ins><br \/>\n<script>\n     (adsbygoogle = window.adsbygoogle || []).push({});\n<\/script><\/p>\n<p>An den Flanken der Altstadt befinden sich East Hill und West Hill, und es gibt Seilbahnen zur Spitze beider Klippen. An der Spitze von West Hill errichtete Wilhelm der Eroberer eine riesige Burg, von der lediglich Bruchst\u00fccke \u00fcbrig sind. An der Spitze von East Hill befindet sich Hastings Landschaftspark, 345 Hektar altes Waldland, Heideland und Wiesen, einschlie\u00dflich 5km dramatischer K\u00fcste und Klippen. Die Seilbahn zur Spitze ist die steilste des UK.<\/p>\n<p><img loading=\"lazy\" class=\"aligncenter size-full wp-image-24735\" src=\"https:\/\/www.urlaubcornwall.de\/blog\/wp-content\/uploads\/2016\/07\/hastings-ferien.jpg\" alt=\"ferien hastings\" width=\"746\" height=\"497\" srcset=\"https:\/\/www.urlaubcornwall.de\/blog\/wp-content\/uploads\/2016\/07\/hastings-ferien.jpg 746w, https:\/\/www.urlaubcornwall.de\/blog\/wp-content\/uploads\/2016\/07\/hastings-ferien-300x200.jpg 300w\" sizes=\"(max-width: 746px) 100vw, 746px\" \/><\/p>\n<p>Hastings besteht in der Tat aus drei St\u00e4dten, die von der ebenerdigen Promenade zu einer zusammengef\u00fchrt wurden. Die Altstadt im Osten, das gesch\u00e4ftige Stadtzentrum in der Mitte mit Gesch\u00e4ften, Marina und dem Pier. Dann St. Leonards im Westen mit seiner klassisch georgianischen Architektur, designt von James Burton und seinem Sohn Decimus. Die Norman Road, unl\u00e4ngst auch \u201cPortabello Road \u2013on sea\u201d genannt, hat eine gro\u00dfartige Auswahl an antiken und Vintage-L\u00e4den.<\/p>\n<p>Die Jerwood Gallery ist eine atemberaubende neue Kunstgalerie, die zwischen dem Fischerstrand und Hastings Altstadt liegt. Die Galerie wurde vern\u00fcnftigerweise so designt, dass sie sich an die Umgebung anpasst und ist verkleidet mit 8000 schwarzen Keramikfliesen, die in Kent von Hand glasiert wurden. Die Galerie verf\u00fcgt \u00fcber eine Sammlung an britischer Kunst des 20. und 21. Jahrhunderts, die zuvor noch nie \u00f6ffentlich zu sehen war, einschlie\u00dflich der Arbeit von K\u00fcnstlern wie Sir Stanley Spencer, LS Lowry und Augustus John. Die Galerie hat t\u00e4glich, au\u00dfer montags, ge\u00f6ffnet.<\/p>\n<p>Der Pelham Strand in Hastings ist f\u00fcr Familien ideal; er ist gro\u00dfartig zum Schwimmen, und bei Ebbe gibt es eine Ausdehnung an Sand. Liegest\u00fchle k\u00f6nnen gemietet werden, und von Mai bis September gibt es Lebensretter und Strandpatrouillen.<\/p>\n<h2 style=\"text-align: center;\"><strong>Bei uns finden Sie Ferienh\u00e4user zum Verlieben \u2013 so einfach ist das!<\/strong><\/h2>\n<p style=\"text-align: center;\">UrlaubCornwall verf\u00fcgt Ferienh\u00e4user und Ferienwohnungen f\u00fcr Ihren <a href=\"https:\/\/www.urlaubcornwall.de\/ferienhaeuser\/suedengland.php\">Urlaub in Sudengland<\/a>. Unterk\u00fcnfte der Spitzenklasse f\u00fcr 2 Personen, Familien und Gruppen mit 4, 6, 8, 10 oder 12 G\u00e4sten.<\/p>\n<p style=\"text-align: center;\"><a class=\"tidycta\" href=\"https:\/\/www.urlaubcornwall.de\/ferienhaeuser-fewos\/eng\/sussex\/hastings.html\">Suche Ferienh\u00e4user Hastings<\/a><\/p>\n<p style=\"text-align: center;\">Um Hastings und Sussex in Ihre Rundreise durch S\u00fcdengland mit einzugliedern, stellen Sie Ihre <a href=\"https:\/\/www.urlaubcornwall.de\/reisebuchung.php\">Anfrage<\/a> hier.<\/p>\n","protected":false},"excerpt":{"rendered":"<p>Hastings in Sussex hat der ber\u00fchmten Schlacht des 14. Oktobers 1066 seinen Namen verliehen, doch tats\u00e4chlich wurde die Schlacht 11,2 km entfernt in Battle ausgetragen. Diese historische Stadt war schon immer Fischerhafen, und noch heute verf\u00fcgt sie \u00fcber eine Flotte an Fischerbooten, die an den Strand gezogen werden, um von ihrem Fang entladen zu werden. [&hellip;]<\/p>\n","protected":false},"author":1,"featured_media":0,"parent":0,"menu_order":0,"comment_status":"closed","ping_status":"closed","template":"single-four.php","meta":[],"acf":[],"yoast_head":"<!-- This site is optimized with the Yoast SEO plugin v19.4 - https:\/\/yoast.com\/wordpress\/plugins\/seo\/ -->\n<title>Urlaub in Hastings, Sussex: Unterkunft, Sehensw\u00fcrdigkeiten und Geschichte - Urlaub &amp; Reisen<\/title>\n<meta name=\"robots\" content=\"index, follow, max-snippet:-1, max-image-preview:large, max-video-preview:-1\" \/>\n<link rel=\"canonical\" href=\"https:\/\/www.urlaubcornwall.de\/blog\/urlaub-in-hastings-sussex-sehenswuerdigkeiten-unterkunft-und-geschichte\/\" \/>\n<meta property=\"og:locale\" content=\"en_US\" \/>\n<meta property=\"og:type\" content=\"article\" \/>\n<meta property=\"og:title\" content=\"Urlaub in Hastings, Sussex: Unterkunft, Sehensw\u00fcrdigkeiten und Geschichte - Urlaub &amp; Reisen\" \/>\n<meta property=\"og:description\" content=\"Hastings in Sussex hat der ber\u00fchmten Schlacht des 14. Oktobers 1066 seinen Namen verliehen, doch tats\u00e4chlich wurde die Schlacht 11,2 km entfernt in Battle ausgetragen. Diese historische Stadt war schon immer Fischerhafen, und noch heute verf\u00fcgt sie \u00fcber eine Flotte an Fischerbooten, die an den Strand gezogen werden, um von ihrem Fang entladen zu werden. [&hellip;]\" \/>\n<meta property=\"og:url\" content=\"https:\/\/www.urlaubcornwall.de\/blog\/urlaub-in-hastings-sussex-sehenswuerdigkeiten-unterkunft-und-geschichte\/\" \/>\n<meta property=\"og:site_name\" content=\"Urlaub &amp; Reisen\" \/>\n<meta property=\"article:modified_time\" content=\"2024-04-03T08:14:31+00:00\" \/>\n<meta property=\"og:image\" content=\"https:\/\/www.urlaubcornwall.de\/blog\/wp-content\/uploads\/2024\/03\/hastings.jpg\" \/>\n<meta name=\"twitter:card\" content=\"summary\" \/>\n<meta name=\"twitter:label1\" content=\"Est. reading time\" \/>\n\t<meta name=\"twitter:data1\" content=\"3 minutes\" \/>\n<script type=\"application\/ld+json\" class=\"yoast-schema-graph\">{\"@context\":\"https:\/\/schema.org\",\"@graph\":[{\"@type\":\"WebSite\",\"@id\":\"https:\/\/www.urlaubcornwall.de\/blog\/#website\",\"url\":\"https:\/\/www.urlaubcornwall.de\/blog\/\",\"name\":\"Urlaub &amp; Reisen\",\"description\":\"Urlaub, Reisen, Cornwall und S\u00fcdengland: eine perfekte Kombination\",\"potentialAction\":[{\"@type\":\"SearchAction\",\"target\":{\"@type\":\"EntryPoint\",\"urlTemplate\":\"https:\/\/www.urlaubcornwall.de\/blog\/?s={search_term_string}\"},\"query-input\":\"required name=search_term_string\"}],\"inLanguage\":\"en-US\"},{\"@type\":\"WebPage\",\"@id\":\"https:\/\/www.urlaubcornwall.de\/blog\/urlaub-in-hastings-sussex-sehenswuerdigkeiten-unterkunft-und-geschichte\/\",\"url\":\"https:\/\/www.urlaubcornwall.de\/blog\/urlaub-in-hastings-sussex-sehenswuerdigkeiten-unterkunft-und-geschichte\/\",\"name\":\"Urlaub in Hastings, Sussex: Unterkunft, Sehensw\u00fcrdigkeiten und Geschichte - Urlaub &amp; Reisen\",\"isPartOf\":{\"@id\":\"https:\/\/www.urlaubcornwall.de\/blog\/#website\"},\"datePublished\":\"2016-07-02T15:31:09+00:00\",\"dateModified\":\"2024-04-03T08:14:31+00:00\",\"breadcrumb\":{\"@id\":\"https:\/\/www.urlaubcornwall.de\/blog\/urlaub-in-hastings-sussex-sehenswuerdigkeiten-unterkunft-und-geschichte\/#breadcrumb\"},\"inLanguage\":\"en-US\",\"potentialAction\":[{\"@type\":\"ReadAction\",\"target\":[\"https:\/\/www.urlaubcornwall.de\/blog\/urlaub-in-hastings-sussex-sehenswuerdigkeiten-unterkunft-und-geschichte\/\"]}]},{\"@type\":\"BreadcrumbList\",\"@id\":\"https:\/\/www.urlaubcornwall.de\/blog\/urlaub-in-hastings-sussex-sehenswuerdigkeiten-unterkunft-und-geschichte\/#breadcrumb\",\"itemListElement\":[{\"@type\":\"ListItem\",\"position\":1,\"name\":\"Home\",\"item\":\"https:\/\/www.urlaubcornwall.de\/blog\/\"},{\"@type\":\"ListItem\",\"position\":2,\"name\":\"Urlaub in Hastings, Sussex: Unterkunft, Sehensw\u00fcrdigkeiten und Geschichte\"}]}]}<\/script>\n<!-- \/ Yoast SEO plugin. -->","yoast_head_json":{"title":"Urlaub in Hastings, Sussex: Unterkunft, Sehensw\u00fcrdigkeiten und Geschichte - Urlaub &amp; Reisen","robots":{"index":"index","follow":"follow","max-snippet":"max-snippet:-1","max-image-preview":"max-image-preview:large","max-video-preview":"max-video-preview:-1"},"canonical":"https:\/\/www.urlaubcornwall.de\/blog\/urlaub-in-hastings-sussex-sehenswuerdigkeiten-unterkunft-und-geschichte\/","og_locale":"en_US","og_type":"article","og_title":"Urlaub in Hastings, Sussex: Unterkunft, Sehensw\u00fcrdigkeiten und Geschichte - Urlaub &amp; Reisen","og_description":"Hastings in Sussex hat der ber\u00fchmten Schlacht des 14. Oktobers 1066 seinen Namen verliehen, doch tats\u00e4chlich wurde die Schlacht 11,2 km entfernt in Battle ausgetragen. Diese historische Stadt war schon immer Fischerhafen, und noch heute verf\u00fcgt sie \u00fcber eine Flotte an Fischerbooten, die an den Strand gezogen werden, um von ihrem Fang entladen zu werden. [&hellip;]","og_url":"https:\/\/www.urlaubcornwall.de\/blog\/urlaub-in-hastings-sussex-sehenswuerdigkeiten-unterkunft-und-geschichte\/","og_site_name":"Urlaub &amp; Reisen","article_modified_time":"2024-04-03T08:14:31+00:00","og_image":[{"url":"https:\/\/www.urlaubcornwall.de\/blog\/wp-content\/uploads\/2024\/03\/hastings.jpg"}],"twitter_card":"summary","twitter_misc":{"Est. reading time":"3 minutes"},"schema":{"@context":"https:\/\/schema.org","@graph":[{"@type":"WebSite","@id":"https:\/\/www.urlaubcornwall.de\/blog\/#website","url":"https:\/\/www.urlaubcornwall.de\/blog\/","name":"Urlaub &amp; Reisen","description":"Urlaub, Reisen, Cornwall und S\u00fcdengland: eine perfekte Kombination","potentialAction":[{"@type":"SearchAction","target":{"@type":"EntryPoint","urlTemplate":"https:\/\/www.urlaubcornwall.de\/blog\/?s={search_term_string}"},"query-input":"required name=search_term_string"}],"inLanguage":"en-US"},{"@type":"WebPage","@id":"https:\/\/www.urlaubcornwall.de\/blog\/urlaub-in-hastings-sussex-sehenswuerdigkeiten-unterkunft-und-geschichte\/","url":"https:\/\/www.urlaubcornwall.de\/blog\/urlaub-in-hastings-sussex-sehenswuerdigkeiten-unterkunft-und-geschichte\/","name":"Urlaub in Hastings, Sussex: Unterkunft, Sehensw\u00fcrdigkeiten und Geschichte - Urlaub &amp; Reisen","isPartOf":{"@id":"https:\/\/www.urlaubcornwall.de\/blog\/#website"},"datePublished":"2016-07-02T15:31:09+00:00","dateModified":"2024-04-03T08:14:31+00:00","breadcrumb":{"@id":"https:\/\/www.urlaubcornwall.de\/blog\/urlaub-in-hastings-sussex-sehenswuerdigkeiten-unterkunft-und-geschichte\/#breadcrumb"},"inLanguage":"en-US","potentialAction":[{"@type":"ReadAction","target":["https:\/\/www.urlaubcornwall.de\/blog\/urlaub-in-hastings-sussex-sehenswuerdigkeiten-unterkunft-und-geschichte\/"]}]},{"@type":"BreadcrumbList","@id":"https:\/\/www.urlaubcornwall.de\/blog\/urlaub-in-hastings-sussex-sehenswuerdigkeiten-unterkunft-und-geschichte\/#breadcrumb","itemListElement":[{"@type":"ListItem","position":1,"name":"Home","item":"https:\/\/www.urlaubcornwall.de\/blog\/"},{"@type":"ListItem","position":2,"name":"Urlaub in Hastings, Sussex: Unterkunft, Sehensw\u00fcrdigkeiten und Geschichte"}]}]}},"_links":{"self":[{"href":"https:\/\/www.urlaubcornwall.de\/blog\/wp-json\/wp\/v2\/pages\/24733"}],"collection":[{"href":"https:\/\/www.urlaubcornwall.de\/blog\/wp-json\/wp\/v2\/pages"}],"about":[{"href":"https:\/\/www.urlaubcornwall.de\/blog\/wp-json\/wp\/v2\/types\/page"}],"author":[{"embeddable":true,"href":"https:\/\/www.urlaubcornwall.de\/blog\/wp-json\/wp\/v2\/users\/1"}],"replies":[{"embeddable":true,"href":"https:\/\/www.urlaubcornwall.de\/blog\/wp-json\/wp\/v2\/comments?post=24733"}],"version-history":[{"count":10,"href":"https:\/\/www.urlaubcornwall.de\/blog\/wp-json\/wp\/v2\/pages\/24733\/revisions"}],"predecessor-version":[{"id":48660,"href":"https:\/\/www.urlaubcornwall.de\/blog\/wp-json\/wp\/v2\/pages\/24733\/revisions\/48660"}],"wp:attachment":[{"href":"https:\/\/www.urlaubcornwall.de\/blog\/wp-json\/wp\/v2\/media?parent=24733"}],"curies":[{"name":"wp","href":"https:\/\/api.w.org\/{rel}","templated":true}]}}