{"id":24726,"date":"2016-07-02T14:37:20","date_gmt":"2016-07-02T14:37:20","guid":{"rendered":"https:\/\/www.urlaubcornwall.de\/blog\/?page_id=24726"},"modified":"2024-05-28T14:32:11","modified_gmt":"2024-05-28T14:32:11","slug":"urlaub-in-chichester-sussex-sehenswuerdigkeiten-unterkunft-und-geschichte","status":"publish","type":"page","link":"https:\/\/www.urlaubcornwall.de\/blog\/urlaub-in-chichester-sussex-sehenswuerdigkeiten-unterkunft-und-geschichte\/","title":{"rendered":"Urlaub in Chichester, Sussex: Unterkunft, Sehensw\u00fcrdigkeiten und Geschichte"},"content":{"rendered":"<p><img loading=\"lazy\" class=\"aligncenter size-large wp-image-48172\" src=\"https:\/\/www.urlaubcornwall.de\/blog\/wp-content\/uploads\/2024\/03\/sussex-strand.jpg\" alt=\"sussex strand\" width=\"750\" height=\"563\" srcset=\"https:\/\/www.urlaubcornwall.de\/blog\/wp-content\/uploads\/2024\/03\/sussex-strand.jpg 750w, https:\/\/www.urlaubcornwall.de\/blog\/wp-content\/uploads\/2024\/03\/sussex-strand-300x225.jpg 300w\" sizes=\"(max-width: 750px) 100vw, 750px\" \/><\/p>\n<p>Chichester reicht in r\u00f6mische Zeiten zur\u00fcck und schmiegt sich an den Fu\u00dfe der <a href=\"https:\/\/www.urlaubcornwall.de\/ferienhaeuser\/sussex.php\">South Downs in Westsussex<\/a> an, umgeben von wundersch\u00f6ner Landschaft und Sandstr\u00e4nden. Die Kathedrale reicht zur\u00fcck ins 12. Jahrhundert und dominiert die flache K\u00fcstenlandschaft in diesem Teil von <a href=\"http:\/\/www.urlaubcornwall.de\/reiseziel\/sussex.php\">Sussex<\/a>. Das Zentrum von Chichester ist \u00fcberwiegend verkehrsfreie Zone und hat einige hervorragende georgianische H\u00e4user, sowie ein anmutiges Marktkreuz, das 1501 errichtet wurde. &nbsp;Chichester ist bekannt f\u00fcr seine j\u00e4hrliche Sommer-Theatersaison. Das Chichester Festival Theater hat den internationalen Ruf, Arbeit h\u00f6chster Qualit\u00e4t zu liefern; von gro\u00dfen Musicals bis hin zu ausgezeichneten Dramen.<\/p>\n<p><strong>Goodwood:<\/strong> In einem herrlich h\u00fcgeligen Teil einer Parkanlage befindet sich Goodwood House, das Zuhause der Herzoge von Richmond. Das Herrenhaus des 18. Jahrhunderts hat zwischen M\u00e4rz und Oktober an den meisten Sonntagen und Montagen ge\u00f6ffnet, und es gibt auch gef\u00fchrte Touren. Neben dem Haus ist Goodwood auch wohlbekannt f\u00fcr sein Festival der Geschwindigkeit, ein ikonisches Motorsportereignis im Sommer, eine berauschende Mischung an Autos, Stars und k\u00f6niglichen Hoheiten des Motorsports, die 4 Tage lang zusammenkommen f\u00fcr dieses weltgr\u00f6\u00dfte Event seiner Art&#8230;.<\/p>\n<p>Im Juli findet in Goodwood ein Pferderennfestival statt, das liebevollerweise als &#8220;Glorious Goodwood\u201c bekannt ist. Die Pferderennstrecke muss eine der sch\u00f6nsten der Welt sein mit der Landschaft von Sussex als herrlichem Hintergrund.<\/p>\n<p><script async src=\"https:\/\/pagead2.googlesyndication.com\/pagead\/js\/adsbygoogle.js?client=ca-pub-3901089389175725\"\n     crossorigin=\"anonymous\"><\/script><br \/>\n<!-- New UC --><br \/>\n<ins class=\"adsbygoogle\"\n     style=\"display:block\"\n     data-ad-client=\"ca-pub-3901089389175725\"\n     data-ad-slot=\"8080314818\"\n     data-ad-format=\"auto\"\n     data-full-width-responsive=\"true\"><\/ins><br \/>\n<script>\n     (adsbygoogle = window.adsbygoogle || []).push({});\n<\/script><\/p>\n<p><img loading=\"lazy\" class=\"aligncenter size-large wp-image-24727\" src=\"https:\/\/www.urlaubcornwall.de\/blog\/wp-content\/uploads\/2016\/07\/bosham-sussex-england.jpg\" alt=\"bosham sussex england\" height=\"401\" width=\"748\"\/><\/p>\n<p><strong>Bosham:<\/strong> Bosham (ausgesprochen Bossem) ist einer der Sch\u00f6nheitsfleckchen der S\u00fcdk\u00fcste. Es befindet sich auf seiner eigenen kleinen Halbinsel mit Blick \u00fcber eine unber\u00fchrte Flusslandschaft von Schilf, Wasser, Schlammb\u00e4nken und kleinen Booten. Der beste Blick auf Bosham und einer der meist fotografierten Szenen Englands bietet sich von der S\u00fcdseite der Bucht aus entlang der Old Bosham Road. Die s\u00e4chsische Kirche taucht in den Bayeux Wandbeh\u00e4ngen auf. Im Sommer gibt es eine Passagierf\u00e4hre nach West Itchenor und Bootsfahrten um den Chichester Hafen herum.<\/p>\n<div class=\"snippet\"> <a class=\"featured-item\" href=\"https:\/\/www.urlaubcornwall.de\/ferienhaeuser\/suedengland.php\"> <span class=\"image-holder\" style=\"background-image: url('https:\/\/www.urlaubcornwall.de\/blog\/wp-content\/uploads\/2018\/12\/ferienhaus-cornwall-mit-hund.jpg');\"><\/span> <span class=\"featured-content\"> \n<h2 class=\"featured-title\">Ferienh\u00e4user in Sussex &#038; S\u00fcdengland<\/h2>\n<p class=\"featured-body\">Bei uns finden Sie Ferienh\u00e4user zum Verlieben &#8211; so einfach ist das! Dank seiner langen Geschichte, der reizvollen Landschaften und seinen vielen Attraktionen ist S\u00fcdengland ein wahres Mekka f\u00fcr Urlauber&#8230;..<\/p><\/span> <span class=\"featured-link-holder\"> <span class=\"featured-extra-info\"> \n<p>Pers\u00f6nlich inspizierter Ferienh\u00e4user<\/p>\n<\/span> \n<p class=\"featured-link\">DETAILS<\/p>\n<\/span> <\/a><\/div>\n<p><strong>Weald- und Downland Museum:<\/strong> Das Weald- und Downland Museum befindet sich in der N\u00e4he des Dorfes Singleton und besteht aus einer Sammlung traditioneller, zumeist Fachwerkh\u00e4user aus dem Gebiet der South Downs. Es liegt in einer wundersch\u00f6nen Landschaft von 16 Hektar und erz\u00e4hlt die Geschichten der M\u00e4nner, Frauen und Kinder, die w\u00e4hrend eines Zeitraums von mehr als 950 Jahren hier lebten. Es gibt mehr als 50 Geb\u00e4ude zu erkunden samt Handwerksvorf\u00fchrungen. Man kann durch W\u00e4lder spazieren, picknicken, und das Museum ist hundefreundlich.<\/p>\n<p><strong>Slindon:<\/strong> Slindon ist eines der sch\u00f6nsten D\u00f6rfer von Westsussex, schmiegt sich an die H\u00fcgel am Fu\u00dfe der South Downs an. Es ist charmant und unber\u00fchrt, und viele der H\u00e4user befinden sich in der Obhut des National Trust. Slindon hat ein reiches und vielf\u00e4ltiges Naturleben und bietet wundersch\u00f6ne Spazierg\u00e4nge zu jeder Jahreszeit. Das Dorf soll auch Geburtsst\u00e4tte des Cricket sein. Es gibt ein Denkmal mit einem Schl\u00e4ger, Ball und Gatter, sowie einen Cricketklub, der seit mehr als 250 Jahren Cricket spielt.<\/p>\n<p><strong>West Wittering:<\/strong> Der unber\u00fchrte Sandstrand von West Wittering bietet wundervollen Blick \u00fcber die South Downs und den Chichester Hafen. Aufgrund seiner hohen Wasserqualit\u00e4t und der gro\u00dfartigen M\u00f6glichkeiten ist er beliebt bei Familien; au\u00dferdem gibt es jede Menge Parkm\u00f6glichkeit, die nicht mehr als 100m vom Strand entfernt ist. Es ist ein gro\u00dfartiger Strand f\u00fcr einen Familienausflug, und daneben gibt es eine Vielfalt an V\u00f6geln und Tieren, die dieses Gebiet hervorragender Natursch\u00f6nheit besiedeln.<\/p>\n<div class=\"snippet\"> <a class=\"featured-item\" href=\"https:\/\/www.urlaubcornwall.de\/rundreisen\/cornwall-suedengland.php\"> <span class=\"image-holder\" style=\"background-image: url('https:\/\/www.urlaubcornwall.de\/blog\/wp-content\/uploads\/2019\/01\/DiTn0QVWsAIOgjG.jpg');\"><\/span> <span class=\"featured-content\"> \n<h2 class=\"featured-title\">Rundreisen Sussex &#038; S\u00fcdengland eine perfekte Kombination<\/h2>\n<p class=\"featured-body\">Die perfekte Reisem\u00f6glichkeit und erm\u00f6glicht es Ihnen, Entdeckungen zu machen und einen Urlaub im eigenen Schritttempo&#8230;.<\/p><\/span> <span class=\"featured-link-holder\"> <span class=\"featured-extra-info\"> \n<p>F\u00fcr Paare, Familien &#038; Gruppen<\/p>\n<\/span> \n<p class=\"featured-link\">DETAILS<\/p>\n<\/span> <\/a><\/div>\n<p><a href=\"https:\/\/www.urlaubcornwall.de\/blog\/reisetipps-fuer-suedengland-unsere-top-10-sie-sie-sehen-und-erleben-sollten\/\"><span style=\"text-decoration: underline;\"><strong>Reisetipps f\u00fcr S\u00fcdengland<\/strong><\/span><\/a>: unsere Top 10, sie Sie sehen und erleben sollten.<\/p>\n","protected":false},"excerpt":{"rendered":"<p>Chichester reicht in r\u00f6mische Zeiten zur\u00fcck und schmiegt sich an den Fu\u00dfe der South Downs in Westsussex an, umgeben von wundersch\u00f6ner Landschaft und Sandstr\u00e4nden. Die Kathedrale reicht zur\u00fcck ins 12. Jahrhundert und dominiert die flache K\u00fcstenlandschaft in diesem Teil von Sussex. Das Zentrum von Chichester ist \u00fcberwiegend verkehrsfreie Zone und hat einige hervorragende georgianische H\u00e4user, [&hellip;]<\/p>\n","protected":false},"author":1,"featured_media":0,"parent":0,"menu_order":0,"comment_status":"closed","ping_status":"closed","template":"single-four.php","meta":[],"acf":[],"yoast_head":"<!-- This site is optimized with the Yoast SEO plugin v19.4 - https:\/\/yoast.com\/wordpress\/plugins\/seo\/ -->\n<title>Urlaub in Chichester, Sussex: Unterkunft, Sehensw\u00fcrdigkeiten und Geschichte - Urlaub &amp; Reisen<\/title>\n<meta name=\"robots\" content=\"index, follow, max-snippet:-1, max-image-preview:large, max-video-preview:-1\" \/>\n<link rel=\"canonical\" href=\"https:\/\/www.urlaubcornwall.de\/blog\/urlaub-in-chichester-sussex-sehenswuerdigkeiten-unterkunft-und-geschichte\/\" \/>\n<meta property=\"og:locale\" content=\"en_US\" \/>\n<meta property=\"og:type\" content=\"article\" \/>\n<meta property=\"og:title\" content=\"Urlaub in Chichester, Sussex: Unterkunft, Sehensw\u00fcrdigkeiten und Geschichte - Urlaub &amp; Reisen\" \/>\n<meta property=\"og:description\" content=\"Chichester reicht in r\u00f6mische Zeiten zur\u00fcck und schmiegt sich an den Fu\u00dfe der South Downs in Westsussex an, umgeben von wundersch\u00f6ner Landschaft und Sandstr\u00e4nden. Die Kathedrale reicht zur\u00fcck ins 12. Jahrhundert und dominiert die flache K\u00fcstenlandschaft in diesem Teil von Sussex. Das Zentrum von Chichester ist \u00fcberwiegend verkehrsfreie Zone und hat einige hervorragende georgianische H\u00e4user, [&hellip;]\" \/>\n<meta property=\"og:url\" content=\"https:\/\/www.urlaubcornwall.de\/blog\/urlaub-in-chichester-sussex-sehenswuerdigkeiten-unterkunft-und-geschichte\/\" \/>\n<meta property=\"og:site_name\" content=\"Urlaub &amp; Reisen\" \/>\n<meta property=\"article:modified_time\" content=\"2024-05-28T14:32:11+00:00\" \/>\n<meta property=\"og:image\" content=\"https:\/\/www.urlaubcornwall.de\/blog\/wp-content\/uploads\/2024\/03\/sussex-strand.jpg\" \/>\n<meta name=\"twitter:card\" content=\"summary\" \/>\n<meta name=\"twitter:label1\" content=\"Est. reading time\" \/>\n\t<meta name=\"twitter:data1\" content=\"4 minutes\" \/>\n<script type=\"application\/ld+json\" class=\"yoast-schema-graph\">{\"@context\":\"https:\/\/schema.org\",\"@graph\":[{\"@type\":\"WebSite\",\"@id\":\"https:\/\/www.urlaubcornwall.de\/blog\/#website\",\"url\":\"https:\/\/www.urlaubcornwall.de\/blog\/\",\"name\":\"Urlaub &amp; Reisen\",\"description\":\"Urlaub, Reisen, Cornwall und S\u00fcdengland: eine perfekte Kombination\",\"potentialAction\":[{\"@type\":\"SearchAction\",\"target\":{\"@type\":\"EntryPoint\",\"urlTemplate\":\"https:\/\/www.urlaubcornwall.de\/blog\/?s={search_term_string}\"},\"query-input\":\"required name=search_term_string\"}],\"inLanguage\":\"en-US\"},{\"@type\":\"WebPage\",\"@id\":\"https:\/\/www.urlaubcornwall.de\/blog\/urlaub-in-chichester-sussex-sehenswuerdigkeiten-unterkunft-und-geschichte\/\",\"url\":\"https:\/\/www.urlaubcornwall.de\/blog\/urlaub-in-chichester-sussex-sehenswuerdigkeiten-unterkunft-und-geschichte\/\",\"name\":\"Urlaub in Chichester, Sussex: Unterkunft, Sehensw\u00fcrdigkeiten und Geschichte - Urlaub &amp; Reisen\",\"isPartOf\":{\"@id\":\"https:\/\/www.urlaubcornwall.de\/blog\/#website\"},\"datePublished\":\"2016-07-02T14:37:20+00:00\",\"dateModified\":\"2024-05-28T14:32:11+00:00\",\"breadcrumb\":{\"@id\":\"https:\/\/www.urlaubcornwall.de\/blog\/urlaub-in-chichester-sussex-sehenswuerdigkeiten-unterkunft-und-geschichte\/#breadcrumb\"},\"inLanguage\":\"en-US\",\"potentialAction\":[{\"@type\":\"ReadAction\",\"target\":[\"https:\/\/www.urlaubcornwall.de\/blog\/urlaub-in-chichester-sussex-sehenswuerdigkeiten-unterkunft-und-geschichte\/\"]}]},{\"@type\":\"BreadcrumbList\",\"@id\":\"https:\/\/www.urlaubcornwall.de\/blog\/urlaub-in-chichester-sussex-sehenswuerdigkeiten-unterkunft-und-geschichte\/#breadcrumb\",\"itemListElement\":[{\"@type\":\"ListItem\",\"position\":1,\"name\":\"Home\",\"item\":\"https:\/\/www.urlaubcornwall.de\/blog\/\"},{\"@type\":\"ListItem\",\"position\":2,\"name\":\"Urlaub in Chichester, Sussex: Unterkunft, Sehensw\u00fcrdigkeiten und Geschichte\"}]}]}<\/script>\n<!-- \/ Yoast SEO plugin. -->","yoast_head_json":{"title":"Urlaub in Chichester, Sussex: Unterkunft, Sehensw\u00fcrdigkeiten und Geschichte - Urlaub &amp; Reisen","robots":{"index":"index","follow":"follow","max-snippet":"max-snippet:-1","max-image-preview":"max-image-preview:large","max-video-preview":"max-video-preview:-1"},"canonical":"https:\/\/www.urlaubcornwall.de\/blog\/urlaub-in-chichester-sussex-sehenswuerdigkeiten-unterkunft-und-geschichte\/","og_locale":"en_US","og_type":"article","og_title":"Urlaub in Chichester, Sussex: Unterkunft, Sehensw\u00fcrdigkeiten und Geschichte - Urlaub &amp; Reisen","og_description":"Chichester reicht in r\u00f6mische Zeiten zur\u00fcck und schmiegt sich an den Fu\u00dfe der South Downs in Westsussex an, umgeben von wundersch\u00f6ner Landschaft und Sandstr\u00e4nden. Die Kathedrale reicht zur\u00fcck ins 12. Jahrhundert und dominiert die flache K\u00fcstenlandschaft in diesem Teil von Sussex. Das Zentrum von Chichester ist \u00fcberwiegend verkehrsfreie Zone und hat einige hervorragende georgianische H\u00e4user, [&hellip;]","og_url":"https:\/\/www.urlaubcornwall.de\/blog\/urlaub-in-chichester-sussex-sehenswuerdigkeiten-unterkunft-und-geschichte\/","og_site_name":"Urlaub &amp; Reisen","article_modified_time":"2024-05-28T14:32:11+00:00","og_image":[{"url":"https:\/\/www.urlaubcornwall.de\/blog\/wp-content\/uploads\/2024\/03\/sussex-strand.jpg"}],"twitter_card":"summary","twitter_misc":{"Est. reading time":"4 minutes"},"schema":{"@context":"https:\/\/schema.org","@graph":[{"@type":"WebSite","@id":"https:\/\/www.urlaubcornwall.de\/blog\/#website","url":"https:\/\/www.urlaubcornwall.de\/blog\/","name":"Urlaub &amp; Reisen","description":"Urlaub, Reisen, Cornwall und S\u00fcdengland: eine perfekte Kombination","potentialAction":[{"@type":"SearchAction","target":{"@type":"EntryPoint","urlTemplate":"https:\/\/www.urlaubcornwall.de\/blog\/?s={search_term_string}"},"query-input":"required name=search_term_string"}],"inLanguage":"en-US"},{"@type":"WebPage","@id":"https:\/\/www.urlaubcornwall.de\/blog\/urlaub-in-chichester-sussex-sehenswuerdigkeiten-unterkunft-und-geschichte\/","url":"https:\/\/www.urlaubcornwall.de\/blog\/urlaub-in-chichester-sussex-sehenswuerdigkeiten-unterkunft-und-geschichte\/","name":"Urlaub in Chichester, Sussex: Unterkunft, Sehensw\u00fcrdigkeiten und Geschichte - Urlaub &amp; Reisen","isPartOf":{"@id":"https:\/\/www.urlaubcornwall.de\/blog\/#website"},"datePublished":"2016-07-02T14:37:20+00:00","dateModified":"2024-05-28T14:32:11+00:00","breadcrumb":{"@id":"https:\/\/www.urlaubcornwall.de\/blog\/urlaub-in-chichester-sussex-sehenswuerdigkeiten-unterkunft-und-geschichte\/#breadcrumb"},"inLanguage":"en-US","potentialAction":[{"@type":"ReadAction","target":["https:\/\/www.urlaubcornwall.de\/blog\/urlaub-in-chichester-sussex-sehenswuerdigkeiten-unterkunft-und-geschichte\/"]}]},{"@type":"BreadcrumbList","@id":"https:\/\/www.urlaubcornwall.de\/blog\/urlaub-in-chichester-sussex-sehenswuerdigkeiten-unterkunft-und-geschichte\/#breadcrumb","itemListElement":[{"@type":"ListItem","position":1,"name":"Home","item":"https:\/\/www.urlaubcornwall.de\/blog\/"},{"@type":"ListItem","position":2,"name":"Urlaub in Chichester, Sussex: Unterkunft, Sehensw\u00fcrdigkeiten und Geschichte"}]}]}},"_links":{"self":[{"href":"https:\/\/www.urlaubcornwall.de\/blog\/wp-json\/wp\/v2\/pages\/24726"}],"collection":[{"href":"https:\/\/www.urlaubcornwall.de\/blog\/wp-json\/wp\/v2\/pages"}],"about":[{"href":"https:\/\/www.urlaubcornwall.de\/blog\/wp-json\/wp\/v2\/types\/page"}],"author":[{"embeddable":true,"href":"https:\/\/www.urlaubcornwall.de\/blog\/wp-json\/wp\/v2\/users\/1"}],"replies":[{"embeddable":true,"href":"https:\/\/www.urlaubcornwall.de\/blog\/wp-json\/wp\/v2\/comments?post=24726"}],"version-history":[{"count":13,"href":"https:\/\/www.urlaubcornwall.de\/blog\/wp-json\/wp\/v2\/pages\/24726\/revisions"}],"predecessor-version":[{"id":50478,"href":"https:\/\/www.urlaubcornwall.de\/blog\/wp-json\/wp\/v2\/pages\/24726\/revisions\/50478"}],"wp:attachment":[{"href":"https:\/\/www.urlaubcornwall.de\/blog\/wp-json\/wp\/v2\/media?parent=24726"}],"curies":[{"name":"wp","href":"https:\/\/api.w.org\/{rel}","templated":true}]}}