{"id":24718,"date":"2016-07-02T11:51:41","date_gmt":"2016-07-02T11:51:41","guid":{"rendered":"https:\/\/www.urlaubcornwall.de\/blog\/?page_id=24718"},"modified":"2024-05-28T14:31:12","modified_gmt":"2024-05-28T14:31:12","slug":"urlaub-in-bexhill-sussex-sehenswuerdigkeiten-unterkunft-und-geschichte","status":"publish","type":"page","link":"https:\/\/www.urlaubcornwall.de\/blog\/urlaub-in-bexhill-sussex-sehenswuerdigkeiten-unterkunft-und-geschichte\/","title":{"rendered":"Urlaub in Bexhill, Sussex: Unterkunft, Sehensw\u00fcrdigkeiten und Geschichte"},"content":{"rendered":"<p><a href=\"https:\/\/www.urlaubcornwall.de\/blog\/wp-content\/uploads\/2024\/05\/bexhill.jpg\"><img loading=\"lazy\" src=\"https:\/\/www.urlaubcornwall.de\/blog\/wp-content\/uploads\/2024\/05\/bexhill.jpg\" alt=\"bexhill\" width=\"750\" height=\"497\" class=\"alignnone size-full wp-image-50474\" srcset=\"https:\/\/www.urlaubcornwall.de\/blog\/wp-content\/uploads\/2024\/05\/bexhill.jpg 750w, https:\/\/www.urlaubcornwall.de\/blog\/wp-content\/uploads\/2024\/05\/bexhill-300x199.jpg 300w\" sizes=\"(max-width: 750px) 100vw, 750px\" \/><\/a><\/p>\n<p>Eingeschmiegt zwischen Eastbourne und Hastings an der K\u00fcste von <a href=\"http:\/\/www.urlaubcornwall.de\/reiseziel\/sussex.php\">Sussex<\/a> ist Bexhill ein Badeort, der von wundersch\u00f6ner Landschaft umgeben ist. Bexhill war zun\u00e4chst Fischerdorf, doch in den 1880ern vom 7. Earl De La Warr in einen Badeort umgestaltet. In <a href=\"https:\/\/www.urlaubcornwall.de\/ferienhaeuser-fewos\/eng\/sussex\/bexhill-on-sea.html\">Bexhill<\/a> fand das erste Autorennen auf britischem Boden statt. Dies war 1902 und wurde organisiert vom 8. Earl De La Warr. Mehr als 200 Autos nahmen am Rennen entlang der Promenade teil, und dies half dabei, Bexhill den Ruf eines modernen Badeorts zu verschaffen.<\/p>\n<p><strong>Der De La Warr Pavillon:<\/strong> Der De La Warr Pavillon wurde vom ber\u00fchmten Architekten Erich Mendelsohn designt. Der Pavillon wurde 1935 erbaut und 2005 restauriert. Es ist ein denkmalgesch\u00fctztes modernistisches Zentrum f\u00fcr zeitgen\u00f6ssische Kunst an der Promenade Bexhills&#8230;.<\/p>\n<p>Der Pavillon hat auch ein Auditorium, in dem f\u00fchrende Musiker auftreten. Der Blick vom Caf\u00e9 und der Dachterrasse ist spektakul\u00e4r, entlang des englischen Kanals hin zu Beachy Head. Der Pavillon ist t\u00e4glich ge\u00f6ffnet, und es gibt dort stets f\u00fcr Familien irgendetwas zu tun.<\/p>\n<p><script async src=\"https:\/\/pagead2.googlesyndication.com\/pagead\/js\/adsbygoogle.js?client=ca-pub-3901089389175725\"\n     crossorigin=\"anonymous\"><\/script><br \/>\n<!-- New UC --><br \/>\n<ins class=\"adsbygoogle\"\n     style=\"display:block\"\n     data-ad-client=\"ca-pub-3901089389175725\"\n     data-ad-slot=\"8080314818\"\n     data-ad-format=\"auto\"\n     data-full-width-responsive=\"true\"><\/ins><br \/>\n<script>\n     (adsbygoogle = window.adsbygoogle || []).push({});\n<\/script><\/p>\n<p><strong>Str\u00e4nde:<\/strong> Die Str\u00e4nde bei Bexhill und Cooden eignen sich perfekt f\u00fcr einen entspannenden Tag am Meer. Sie sind nie \u00fcberlaufen und es gibt eine mehr als 3km lange Promenade, die hinter dem sich leicht neigenden Kieselstrand verl\u00e4uft. Der Strand hat bei Ebbe feine Sandabschnitte.<\/p>\n<p><strong>Galley Hill:<\/strong> Am \u00f6stlichen Ende von Bexhills Promenadenstra\u00dfe befindet sich Galley Hill. Dieser Aussichtspunkt auf den Klippen bietet herrlichen Blick zum Meer. Sie k\u00f6nnen auch vom Parkplatz aus den H\u00fcgel hinunterspazieren zum abgeschiedenen Kieselstrand bei Glyne Gap.<\/p>\n<p><strong>Golf:<\/strong> Bexhill hat zwei der besten Golfpl\u00e4tze in Ostsussex; den Cooden Beach Golf Club, der 1912 er\u00f6ffnete und einen angenehmen, doch herausfordernden Test f\u00fcr s\u00e4mtliche Spieler darstellt. Der High Woods Golfplatz, der 1925 entstand, z\u00e4hlt zu den feinsten Parklandschaftsgolfpl\u00e4tzen in Sussex.<\/p>\n<p style=\"text-align: center;\">UrlaubCornwall verf\u00fcgt Ferienh\u00e4user und Ferienwohnungen f\u00fcr Ihren <a href=\"https:\/\/www.urlaubcornwall.de\/reiseziel\/suedengland.php\">Urlaub in Sudengland<\/a>. Unterk\u00fcnfte der Spitzenklasse f\u00fcr 2 Personen, Familien und Gruppen mit 4, 6, 8, 10 oder 12 G\u00e4sten.<\/p>\n<p style=\"text-align: center;\"><a class=\"tidycta\" href=\"https:\/\/www.urlaubcornwall.de\/ferienhaeuser-fewos\/eng\/sussex\/bexhill-on-sea.html\">Suche Ferienh\u00e4user Bexhill<\/a><\/p>\n<p style=\"text-align: center;\">Um Bexhill und Sussex in Ihre Rundreise durch S\u00fcdengland mit einzugliedern, stellen Sie Ihre <a href=\"http:\/\/www.urlaubcornwall.de\/anfrage.php\">Anfrage<\/a> hier oder w\u00e4hlen Sie ein Ferienhaus aus unserer besten Auswahl <a href=\"https:\/\/www.urlaubcornwall.de\/ferienhaueser\/sussex.php\">handverlesener und inspizierter H\u00e4user<\/a> aus.<\/p>\n","protected":false},"excerpt":{"rendered":"<p>Eingeschmiegt zwischen Eastbourne und Hastings an der K\u00fcste von Sussex ist Bexhill ein Badeort, der von wundersch\u00f6ner Landschaft umgeben ist. Bexhill war zun\u00e4chst Fischerdorf, doch in den 1880ern vom 7. Earl De La Warr in einen Badeort umgestaltet. In Bexhill fand das erste Autorennen auf britischem Boden statt. Dies war 1902 und wurde organisiert vom [&hellip;]<\/p>\n","protected":false},"author":1,"featured_media":0,"parent":0,"menu_order":0,"comment_status":"closed","ping_status":"closed","template":"single-four.php","meta":[],"acf":[],"yoast_head":"<!-- This site is optimized with the Yoast SEO plugin v19.4 - https:\/\/yoast.com\/wordpress\/plugins\/seo\/ -->\n<title>Urlaub in Bexhill, Sussex: Unterkunft, Sehensw\u00fcrdigkeiten und Geschichte - Urlaub &amp; Reisen<\/title>\n<meta name=\"robots\" content=\"index, follow, max-snippet:-1, max-image-preview:large, max-video-preview:-1\" \/>\n<link rel=\"canonical\" href=\"https:\/\/www.urlaubcornwall.de\/blog\/urlaub-in-bexhill-sussex-sehenswuerdigkeiten-unterkunft-und-geschichte\/\" \/>\n<meta property=\"og:locale\" content=\"en_US\" \/>\n<meta property=\"og:type\" content=\"article\" \/>\n<meta property=\"og:title\" content=\"Urlaub in Bexhill, Sussex: Unterkunft, Sehensw\u00fcrdigkeiten und Geschichte - Urlaub &amp; Reisen\" \/>\n<meta property=\"og:description\" content=\"Eingeschmiegt zwischen Eastbourne und Hastings an der K\u00fcste von Sussex ist Bexhill ein Badeort, der von wundersch\u00f6ner Landschaft umgeben ist. Bexhill war zun\u00e4chst Fischerdorf, doch in den 1880ern vom 7. Earl De La Warr in einen Badeort umgestaltet. In Bexhill fand das erste Autorennen auf britischem Boden statt. Dies war 1902 und wurde organisiert vom [&hellip;]\" \/>\n<meta property=\"og:url\" content=\"https:\/\/www.urlaubcornwall.de\/blog\/urlaub-in-bexhill-sussex-sehenswuerdigkeiten-unterkunft-und-geschichte\/\" \/>\n<meta property=\"og:site_name\" content=\"Urlaub &amp; Reisen\" \/>\n<meta property=\"article:modified_time\" content=\"2024-05-28T14:31:12+00:00\" \/>\n<meta property=\"og:image\" content=\"https:\/\/www.urlaubcornwall.de\/blog\/wp-content\/uploads\/2024\/05\/bexhill.jpg\" \/>\n<meta name=\"twitter:card\" content=\"summary\" \/>\n<meta name=\"twitter:label1\" content=\"Est. reading time\" \/>\n\t<meta name=\"twitter:data1\" content=\"2 minutes\" \/>\n<script type=\"application\/ld+json\" class=\"yoast-schema-graph\">{\"@context\":\"https:\/\/schema.org\",\"@graph\":[{\"@type\":\"WebSite\",\"@id\":\"https:\/\/www.urlaubcornwall.de\/blog\/#website\",\"url\":\"https:\/\/www.urlaubcornwall.de\/blog\/\",\"name\":\"Urlaub &amp; Reisen\",\"description\":\"Urlaub, Reisen, Cornwall und S\u00fcdengland: eine perfekte Kombination\",\"potentialAction\":[{\"@type\":\"SearchAction\",\"target\":{\"@type\":\"EntryPoint\",\"urlTemplate\":\"https:\/\/www.urlaubcornwall.de\/blog\/?s={search_term_string}\"},\"query-input\":\"required name=search_term_string\"}],\"inLanguage\":\"en-US\"},{\"@type\":\"WebPage\",\"@id\":\"https:\/\/www.urlaubcornwall.de\/blog\/urlaub-in-bexhill-sussex-sehenswuerdigkeiten-unterkunft-und-geschichte\/\",\"url\":\"https:\/\/www.urlaubcornwall.de\/blog\/urlaub-in-bexhill-sussex-sehenswuerdigkeiten-unterkunft-und-geschichte\/\",\"name\":\"Urlaub in Bexhill, Sussex: Unterkunft, Sehensw\u00fcrdigkeiten und Geschichte - Urlaub &amp; Reisen\",\"isPartOf\":{\"@id\":\"https:\/\/www.urlaubcornwall.de\/blog\/#website\"},\"datePublished\":\"2016-07-02T11:51:41+00:00\",\"dateModified\":\"2024-05-28T14:31:12+00:00\",\"breadcrumb\":{\"@id\":\"https:\/\/www.urlaubcornwall.de\/blog\/urlaub-in-bexhill-sussex-sehenswuerdigkeiten-unterkunft-und-geschichte\/#breadcrumb\"},\"inLanguage\":\"en-US\",\"potentialAction\":[{\"@type\":\"ReadAction\",\"target\":[\"https:\/\/www.urlaubcornwall.de\/blog\/urlaub-in-bexhill-sussex-sehenswuerdigkeiten-unterkunft-und-geschichte\/\"]}]},{\"@type\":\"BreadcrumbList\",\"@id\":\"https:\/\/www.urlaubcornwall.de\/blog\/urlaub-in-bexhill-sussex-sehenswuerdigkeiten-unterkunft-und-geschichte\/#breadcrumb\",\"itemListElement\":[{\"@type\":\"ListItem\",\"position\":1,\"name\":\"Home\",\"item\":\"https:\/\/www.urlaubcornwall.de\/blog\/\"},{\"@type\":\"ListItem\",\"position\":2,\"name\":\"Urlaub in Bexhill, Sussex: Unterkunft, Sehensw\u00fcrdigkeiten und Geschichte\"}]}]}<\/script>\n<!-- \/ Yoast SEO plugin. -->","yoast_head_json":{"title":"Urlaub in Bexhill, Sussex: Unterkunft, Sehensw\u00fcrdigkeiten und Geschichte - Urlaub &amp; Reisen","robots":{"index":"index","follow":"follow","max-snippet":"max-snippet:-1","max-image-preview":"max-image-preview:large","max-video-preview":"max-video-preview:-1"},"canonical":"https:\/\/www.urlaubcornwall.de\/blog\/urlaub-in-bexhill-sussex-sehenswuerdigkeiten-unterkunft-und-geschichte\/","og_locale":"en_US","og_type":"article","og_title":"Urlaub in Bexhill, Sussex: Unterkunft, Sehensw\u00fcrdigkeiten und Geschichte - Urlaub &amp; Reisen","og_description":"Eingeschmiegt zwischen Eastbourne und Hastings an der K\u00fcste von Sussex ist Bexhill ein Badeort, der von wundersch\u00f6ner Landschaft umgeben ist. Bexhill war zun\u00e4chst Fischerdorf, doch in den 1880ern vom 7. Earl De La Warr in einen Badeort umgestaltet. In Bexhill fand das erste Autorennen auf britischem Boden statt. Dies war 1902 und wurde organisiert vom [&hellip;]","og_url":"https:\/\/www.urlaubcornwall.de\/blog\/urlaub-in-bexhill-sussex-sehenswuerdigkeiten-unterkunft-und-geschichte\/","og_site_name":"Urlaub &amp; Reisen","article_modified_time":"2024-05-28T14:31:12+00:00","og_image":[{"url":"https:\/\/www.urlaubcornwall.de\/blog\/wp-content\/uploads\/2024\/05\/bexhill.jpg"}],"twitter_card":"summary","twitter_misc":{"Est. reading time":"2 minutes"},"schema":{"@context":"https:\/\/schema.org","@graph":[{"@type":"WebSite","@id":"https:\/\/www.urlaubcornwall.de\/blog\/#website","url":"https:\/\/www.urlaubcornwall.de\/blog\/","name":"Urlaub &amp; Reisen","description":"Urlaub, Reisen, Cornwall und S\u00fcdengland: eine perfekte Kombination","potentialAction":[{"@type":"SearchAction","target":{"@type":"EntryPoint","urlTemplate":"https:\/\/www.urlaubcornwall.de\/blog\/?s={search_term_string}"},"query-input":"required name=search_term_string"}],"inLanguage":"en-US"},{"@type":"WebPage","@id":"https:\/\/www.urlaubcornwall.de\/blog\/urlaub-in-bexhill-sussex-sehenswuerdigkeiten-unterkunft-und-geschichte\/","url":"https:\/\/www.urlaubcornwall.de\/blog\/urlaub-in-bexhill-sussex-sehenswuerdigkeiten-unterkunft-und-geschichte\/","name":"Urlaub in Bexhill, Sussex: Unterkunft, Sehensw\u00fcrdigkeiten und Geschichte - Urlaub &amp; Reisen","isPartOf":{"@id":"https:\/\/www.urlaubcornwall.de\/blog\/#website"},"datePublished":"2016-07-02T11:51:41+00:00","dateModified":"2024-05-28T14:31:12+00:00","breadcrumb":{"@id":"https:\/\/www.urlaubcornwall.de\/blog\/urlaub-in-bexhill-sussex-sehenswuerdigkeiten-unterkunft-und-geschichte\/#breadcrumb"},"inLanguage":"en-US","potentialAction":[{"@type":"ReadAction","target":["https:\/\/www.urlaubcornwall.de\/blog\/urlaub-in-bexhill-sussex-sehenswuerdigkeiten-unterkunft-und-geschichte\/"]}]},{"@type":"BreadcrumbList","@id":"https:\/\/www.urlaubcornwall.de\/blog\/urlaub-in-bexhill-sussex-sehenswuerdigkeiten-unterkunft-und-geschichte\/#breadcrumb","itemListElement":[{"@type":"ListItem","position":1,"name":"Home","item":"https:\/\/www.urlaubcornwall.de\/blog\/"},{"@type":"ListItem","position":2,"name":"Urlaub in Bexhill, Sussex: Unterkunft, Sehensw\u00fcrdigkeiten und Geschichte"}]}]}},"_links":{"self":[{"href":"https:\/\/www.urlaubcornwall.de\/blog\/wp-json\/wp\/v2\/pages\/24718"}],"collection":[{"href":"https:\/\/www.urlaubcornwall.de\/blog\/wp-json\/wp\/v2\/pages"}],"about":[{"href":"https:\/\/www.urlaubcornwall.de\/blog\/wp-json\/wp\/v2\/types\/page"}],"author":[{"embeddable":true,"href":"https:\/\/www.urlaubcornwall.de\/blog\/wp-json\/wp\/v2\/users\/1"}],"replies":[{"embeddable":true,"href":"https:\/\/www.urlaubcornwall.de\/blog\/wp-json\/wp\/v2\/comments?post=24718"}],"version-history":[{"count":13,"href":"https:\/\/www.urlaubcornwall.de\/blog\/wp-json\/wp\/v2\/pages\/24718\/revisions"}],"predecessor-version":[{"id":50475,"href":"https:\/\/www.urlaubcornwall.de\/blog\/wp-json\/wp\/v2\/pages\/24718\/revisions\/50475"}],"wp:attachment":[{"href":"https:\/\/www.urlaubcornwall.de\/blog\/wp-json\/wp\/v2\/media?parent=24718"}],"curies":[{"name":"wp","href":"https:\/\/api.w.org\/{rel}","templated":true}]}}