{"id":24705,"date":"2016-07-02T10:36:04","date_gmt":"2016-07-02T10:36:04","guid":{"rendered":"https:\/\/www.urlaubcornwall.de\/blog\/?page_id=24705"},"modified":"2024-05-29T12:32:19","modified_gmt":"2024-05-29T12:32:19","slug":"urlaub-ashdown-forest-sehenswuerdigkeiten-unterkunft-und-geschichte","status":"publish","type":"page","link":"https:\/\/www.urlaubcornwall.de\/blog\/urlaub-ashdown-forest-sehenswuerdigkeiten-unterkunft-und-geschichte\/","title":{"rendered":"Urlaub Ashdown Forest: Unterkunft, Sehensw\u00fcrdigkeiten und Geschichte"},"content":{"rendered":"<p><img loading=\"lazy\" class=\"aligncenter size-full wp-image-24708\" src=\"https:\/\/www.urlaubcornwall.de\/blog\/wp-content\/uploads\/2016\/07\/urlaub-ashdown-forest.jpg\" alt=\"urlaub sussex ashdwon forest\" height=\"401\" width=\"748\" srcset=\"https:\/\/www.urlaubcornwall.de\/blog\/wp-content\/uploads\/2016\/07\/urlaub-ashdown-forest.jpg 746w, https:\/\/www.urlaubcornwall.de\/blog\/wp-content\/uploads\/2016\/07\/urlaub-ashdown-forest-300x161.jpg 300w\" sizes=\"(max-width: 748px) 100vw, 748px\" \/><\/p>\n<p>Der Ashdown Wald war urspr\u00fcnglich zu normannischen Zeiten ein Wildjagdgrund und ist heute einer der gr\u00f6\u00dften Orte mit freiem Zugang f\u00fcr die \u00d6ffentlichkeit in S\u00fcdostengland. Der Ashdown Wald ist das Zuhause von Winnie- the- Pooh und herrlich zum Wandern, Radfahren, Reiten und um den spektakul\u00e4ren Blick \u00fcber die <a href=\"https:\/\/www.urlaubcornwall.de\/reiseziel\/sussex.php\">Landschaft von Sussex<\/a> zu genie\u00dfen.<\/p>\n<p>Ashdown Forest befindet sich lediglich 48km s\u00fcdlich von London in Ostsussex. Dieses offene Heideland liegt in einem Gebiet besonderer Natursch\u00f6nheit und deckt 2500 Hektar, Raum, der vielen seltenen Pflanzenarten, V\u00f6geln, Wild und Insekten Lebensraum bietet. Der h\u00f6chste Grat des Waldes liegt 223m \u00fcber dem Meeresspiegel, und der h\u00f6chste Punkt ist mit 225m der <a href=\"https:\/\/www.urlaubcornwall.de\/ferienhaeuser-fewos\/eng\/sussex\/crowborough.html\">Crowborough Beacon<\/a>.<\/p>\n<p><strong>Winnie-the-Pooh:<\/strong> Die Geschichten von Winnie-the-Pooh sind bekannterweise im Ashdown Forest platziert und wurden von AA Milne f\u00fcr seinen Sohn Christopher Robin geschrieben. Christopher wurde 1920 geboren und verbrachte seine Kindheit damit, den Wald zu erkunden.<\/p>\n<div class=\"snippet\"> <a class=\"featured-item\" href=\"https:\/\/www.urlaubcornwall.de\/ferienhaeuser\/suedengland.php\"> <span class=\"image-holder\" style=\"background-image: url('https:\/\/www.urlaubcornwall.de\/blog\/wp-content\/uploads\/2024\/03\/ferienhaus-england-cornwall.jpg');\"><\/span> <span class=\"featured-content\"> \n<h2 class=\"featured-title\">Ferienh\u00e4user in Sussex &#038; S\u00fcdengland<\/h2>\n<p class=\"featured-body\">Bei uns finden Sie Ferienh\u00e4user zum Verlieben &#8211; so einfach ist das! Dank seiner langen Geschichte, der reizvollen Landschaften und seinen vielen Attraktionen ist S\u00fcdengland ein wahres Mekka f\u00fcr Urlauber&#8230;..<\/p><\/span> <span class=\"featured-link-holder\"> <span class=\"featured-extra-info\"> \n<p>Pers\u00f6nlich inspizierter Ferienh\u00e4user<\/p>\n<\/span> \n<p class=\"featured-link\">DETAILS<\/p>\n<\/span> <\/a><\/div>\n<p>Seine Erfahrungen waren Inspiration f\u00fcr die Geschichten seines Vaters. In den B\u00fcchern sind \u201aPoohs Forest\u2018 und \u201aAshdown Forest\u2018 identisch, wenngleich sich Ortsnamen ver\u00e4ndert haben. \u201aF\u00fcnfhundert Ar Wald\u2018 ist \u201aHundert Ar Wald\u2018, \u201aGills Scho\u00df\u2018 ist \u201a \u201aGalleons Scho\u00df\u2018, und Sie werden \u201aNorth Pole\u2019 und \u201aGloomy Place\u2019 in Wren\u2019s Warren Valley finden. Die ber\u00fchmte \u2018Pooh sticks bridge\u2019 befindet sich am n\u00f6rdlichen Rande des Waldes bei Chuck Hatch. Eine Karte zum Pfad ist am Ashdown Forest Zentrum erh\u00e4ltlich, und im Pooh Corner-Laden im <a href=\"https:\/\/www.urlaubcornwall.de\/ferienhaeuser-fewos\/eng\/sussex\/hartfield.html\">Dorf Hartfield<\/a> finden Sie allerhand Produkte, die in Verbindung zu Winnie-the- Pooh stehen.<\/p>\n<p><script async src=\"https:\/\/pagead2.googlesyndication.com\/pagead\/js\/adsbygoogle.js?client=ca-pub-3901089389175725\"\n     crossorigin=\"anonymous\"><\/script><br \/>\n<!-- New UC --><br \/>\n<ins class=\"adsbygoogle\"\n     style=\"display:block\"\n     data-ad-client=\"ca-pub-3901089389175725\"\n     data-ad-slot=\"8080314818\"\n     data-ad-format=\"auto\"\n     data-full-width-responsive=\"true\"><\/ins><br \/>\n<script>\n     (adsbygoogle = window.adsbygoogle || []).push({});\n<\/script><\/p>\n<p><strong>Das Waldzentrum:<\/strong> Das Ashdown Forest Zentrum ist eine Informationstelle f\u00fcr Besucher und Einwohner; es ist auch das B\u00fcro f\u00fcr die Schutzbeauftragten des Waldes und befindet sich bei Wych Cross, <a href=\"https:\/\/www.urlaubcornwall.de\/ferienhaeuser-fewos\/eng\/sussex\/forest-row.html\">Forest Row<\/a>. Neben Informationen und Karten in der Informationsscheune gibt es normalerweise eine Ausstellung \u00f6rtlicher K\u00fcnstler, Fotografen und Handwerker und \u00f6rtlicher Geschichtsgesellschaften.<\/p>\n<p><strong>Nutley Windmill:<\/strong> Die Nutley Windm\u00fchle steht im wundersch\u00f6nen Ashdown Forest n\u00f6rdlich von Nutley. Sie wurde im 16. Jahrhundert w\u00e4hrend der Herrschaft von Heinrich VIII errichtet. Die Windm\u00fchle ist die besterhaltene in Sussex und lediglich eine von 5 des Landes, die im Design einer offenen Bockwindm\u00fchle erbaut wurde, was bedeutet, dass der gesamte M\u00fchlenk\u00f6rper auf seinem zentralen Pfosten rotieren kann, um sich der Windrichtung zuzuwenden. Die Windm\u00fchle wurde vollst\u00e4ndig restauriert, so dass sie voll funktionsf\u00e4hig ist und ist an bestimmten Tagen der \u00d6ffentlichkeit zug\u00e4nglich.<\/p>\n<p><strong>Sir Arthur Conan Doyle:<\/strong> Sir Arthur Conan Doyle, der die Geschichten von Sherlock Holmes schrieb, verbrachte die letzten 23 Jahre seines Lebens in Crowborough am Ashdown Forest. Er zog 1907 mit seiner zweiten Frau in sein Haus Windlesham Manor ein und starb dort 1930. Viele Orte der Gegend, die den Wald umgeben, tauchen in seinen Geschichten auf. Sein Haus ist heute Altersheim, und in der Stadt gibt es eine Statue, die an ihn erinnert.<\/p>\n<div class=\"snippet\"> <a class=\"featured-item\" href=\"https:\/\/www.urlaubcornwall.de\/rundreisen\/cornwall-suedengland.php\"> <span class=\"image-holder\" style=\"background-image: url('https:\/\/www.urlaubcornwall.de\/blog\/wp-content\/uploads\/2019\/01\/DiTn0QVWsAIOgjG.jpg');\"><\/span> <span class=\"featured-content\"> \n<h2 class=\"featured-title\">Rundreisen &#038; Urlaub S\u00fcdengland eine perfekte Kombination<\/h2>\n<p class=\"featured-body\">Die perfekte Reisem\u00f6glichkeit und erm\u00f6glicht es Ihnen, Entdeckungen zu machen und einen Urlaub im eigenen Schritttempo&#8230;.<\/p><\/span> <span class=\"featured-link-holder\"> <span class=\"featured-extra-info\"> \n<p>F\u00fcr Paare, Familien &#038; Gruppen<\/p>\n<\/span> \n<p class=\"featured-link\">DETAILS<\/p>\n<\/span> <\/a><\/div>\n<p style=\"text-align: center;\">Um Asdown Forest und Sussex in Ihre Rundreise durch S\u00fcdengland mit einzugliedern, stellen Sie Ihre <a href=\"http:\/\/www.urlaubcornwall.de\/anfrage.php\">Anfrage<\/a> hier oder w\u00e4hlen Sie ein Ferienhaus aus unserer besten Auswahl <a href=\"https:\/\/www.urlaubcornwall.de\/ferienhaueser\/sussex.php\">handverlesener und inspizierter H\u00e4user<\/a> aus.<\/p>\n","protected":false},"excerpt":{"rendered":"<p>Der Ashdown Wald war urspr\u00fcnglich zu normannischen Zeiten ein Wildjagdgrund und ist heute einer der gr\u00f6\u00dften Orte mit freiem Zugang f\u00fcr die \u00d6ffentlichkeit in S\u00fcdostengland. Der Ashdown Wald ist das Zuhause von Winnie- the- Pooh und herrlich zum Wandern, Radfahren, Reiten und um den spektakul\u00e4ren Blick \u00fcber die Landschaft von Sussex zu genie\u00dfen. Ashdown Forest [&hellip;]<\/p>\n","protected":false},"author":1,"featured_media":0,"parent":0,"menu_order":0,"comment_status":"closed","ping_status":"closed","template":"single-four.php","meta":[],"acf":[],"yoast_head":"<!-- This site is optimized with the Yoast SEO plugin v19.4 - https:\/\/yoast.com\/wordpress\/plugins\/seo\/ -->\n<title>Urlaub Ashdown Forest: Unterkunft, Sehensw\u00fcrdigkeiten und Geschichte - Urlaub &amp; Reisen<\/title>\n<meta name=\"robots\" content=\"index, follow, max-snippet:-1, max-image-preview:large, max-video-preview:-1\" \/>\n<link rel=\"canonical\" href=\"https:\/\/www.urlaubcornwall.de\/blog\/urlaub-ashdown-forest-sehenswuerdigkeiten-unterkunft-und-geschichte\/\" \/>\n<meta property=\"og:locale\" content=\"en_US\" \/>\n<meta property=\"og:type\" content=\"article\" \/>\n<meta property=\"og:title\" content=\"Urlaub Ashdown Forest: Unterkunft, Sehensw\u00fcrdigkeiten und Geschichte - Urlaub &amp; Reisen\" \/>\n<meta property=\"og:description\" content=\"Der Ashdown Wald war urspr\u00fcnglich zu normannischen Zeiten ein Wildjagdgrund und ist heute einer der gr\u00f6\u00dften Orte mit freiem Zugang f\u00fcr die \u00d6ffentlichkeit in S\u00fcdostengland. Der Ashdown Wald ist das Zuhause von Winnie- the- Pooh und herrlich zum Wandern, Radfahren, Reiten und um den spektakul\u00e4ren Blick \u00fcber die Landschaft von Sussex zu genie\u00dfen. Ashdown Forest [&hellip;]\" \/>\n<meta property=\"og:url\" content=\"https:\/\/www.urlaubcornwall.de\/blog\/urlaub-ashdown-forest-sehenswuerdigkeiten-unterkunft-und-geschichte\/\" \/>\n<meta property=\"og:site_name\" content=\"Urlaub &amp; Reisen\" \/>\n<meta property=\"article:modified_time\" content=\"2024-05-29T12:32:19+00:00\" \/>\n<meta property=\"og:image\" content=\"https:\/\/www.urlaubcornwall.de\/blog\/wp-content\/uploads\/2016\/07\/urlaub-ashdown-forest.jpg\" \/>\n<meta name=\"twitter:card\" content=\"summary\" \/>\n<meta name=\"twitter:label1\" content=\"Est. reading time\" \/>\n\t<meta name=\"twitter:data1\" content=\"3 minutes\" \/>\n<script type=\"application\/ld+json\" class=\"yoast-schema-graph\">{\"@context\":\"https:\/\/schema.org\",\"@graph\":[{\"@type\":\"WebSite\",\"@id\":\"https:\/\/www.urlaubcornwall.de\/blog\/#website\",\"url\":\"https:\/\/www.urlaubcornwall.de\/blog\/\",\"name\":\"Urlaub &amp; Reisen\",\"description\":\"Urlaub, Reisen, Cornwall und S\u00fcdengland: eine perfekte Kombination\",\"potentialAction\":[{\"@type\":\"SearchAction\",\"target\":{\"@type\":\"EntryPoint\",\"urlTemplate\":\"https:\/\/www.urlaubcornwall.de\/blog\/?s={search_term_string}\"},\"query-input\":\"required name=search_term_string\"}],\"inLanguage\":\"en-US\"},{\"@type\":\"WebPage\",\"@id\":\"https:\/\/www.urlaubcornwall.de\/blog\/urlaub-ashdown-forest-sehenswuerdigkeiten-unterkunft-und-geschichte\/\",\"url\":\"https:\/\/www.urlaubcornwall.de\/blog\/urlaub-ashdown-forest-sehenswuerdigkeiten-unterkunft-und-geschichte\/\",\"name\":\"Urlaub Ashdown Forest: Unterkunft, Sehensw\u00fcrdigkeiten und Geschichte - Urlaub &amp; Reisen\",\"isPartOf\":{\"@id\":\"https:\/\/www.urlaubcornwall.de\/blog\/#website\"},\"datePublished\":\"2016-07-02T10:36:04+00:00\",\"dateModified\":\"2024-05-29T12:32:19+00:00\",\"breadcrumb\":{\"@id\":\"https:\/\/www.urlaubcornwall.de\/blog\/urlaub-ashdown-forest-sehenswuerdigkeiten-unterkunft-und-geschichte\/#breadcrumb\"},\"inLanguage\":\"en-US\",\"potentialAction\":[{\"@type\":\"ReadAction\",\"target\":[\"https:\/\/www.urlaubcornwall.de\/blog\/urlaub-ashdown-forest-sehenswuerdigkeiten-unterkunft-und-geschichte\/\"]}]},{\"@type\":\"BreadcrumbList\",\"@id\":\"https:\/\/www.urlaubcornwall.de\/blog\/urlaub-ashdown-forest-sehenswuerdigkeiten-unterkunft-und-geschichte\/#breadcrumb\",\"itemListElement\":[{\"@type\":\"ListItem\",\"position\":1,\"name\":\"Home\",\"item\":\"https:\/\/www.urlaubcornwall.de\/blog\/\"},{\"@type\":\"ListItem\",\"position\":2,\"name\":\"Urlaub Ashdown Forest: Unterkunft, Sehensw\u00fcrdigkeiten und Geschichte\"}]}]}<\/script>\n<!-- \/ Yoast SEO plugin. -->","yoast_head_json":{"title":"Urlaub Ashdown Forest: Unterkunft, Sehensw\u00fcrdigkeiten und Geschichte - Urlaub &amp; Reisen","robots":{"index":"index","follow":"follow","max-snippet":"max-snippet:-1","max-image-preview":"max-image-preview:large","max-video-preview":"max-video-preview:-1"},"canonical":"https:\/\/www.urlaubcornwall.de\/blog\/urlaub-ashdown-forest-sehenswuerdigkeiten-unterkunft-und-geschichte\/","og_locale":"en_US","og_type":"article","og_title":"Urlaub Ashdown Forest: Unterkunft, Sehensw\u00fcrdigkeiten und Geschichte - Urlaub &amp; Reisen","og_description":"Der Ashdown Wald war urspr\u00fcnglich zu normannischen Zeiten ein Wildjagdgrund und ist heute einer der gr\u00f6\u00dften Orte mit freiem Zugang f\u00fcr die \u00d6ffentlichkeit in S\u00fcdostengland. Der Ashdown Wald ist das Zuhause von Winnie- the- Pooh und herrlich zum Wandern, Radfahren, Reiten und um den spektakul\u00e4ren Blick \u00fcber die Landschaft von Sussex zu genie\u00dfen. Ashdown Forest [&hellip;]","og_url":"https:\/\/www.urlaubcornwall.de\/blog\/urlaub-ashdown-forest-sehenswuerdigkeiten-unterkunft-und-geschichte\/","og_site_name":"Urlaub &amp; Reisen","article_modified_time":"2024-05-29T12:32:19+00:00","og_image":[{"url":"https:\/\/www.urlaubcornwall.de\/blog\/wp-content\/uploads\/2016\/07\/urlaub-ashdown-forest.jpg"}],"twitter_card":"summary","twitter_misc":{"Est. reading time":"3 minutes"},"schema":{"@context":"https:\/\/schema.org","@graph":[{"@type":"WebSite","@id":"https:\/\/www.urlaubcornwall.de\/blog\/#website","url":"https:\/\/www.urlaubcornwall.de\/blog\/","name":"Urlaub &amp; Reisen","description":"Urlaub, Reisen, Cornwall und S\u00fcdengland: eine perfekte Kombination","potentialAction":[{"@type":"SearchAction","target":{"@type":"EntryPoint","urlTemplate":"https:\/\/www.urlaubcornwall.de\/blog\/?s={search_term_string}"},"query-input":"required name=search_term_string"}],"inLanguage":"en-US"},{"@type":"WebPage","@id":"https:\/\/www.urlaubcornwall.de\/blog\/urlaub-ashdown-forest-sehenswuerdigkeiten-unterkunft-und-geschichte\/","url":"https:\/\/www.urlaubcornwall.de\/blog\/urlaub-ashdown-forest-sehenswuerdigkeiten-unterkunft-und-geschichte\/","name":"Urlaub Ashdown Forest: Unterkunft, Sehensw\u00fcrdigkeiten und Geschichte - Urlaub &amp; Reisen","isPartOf":{"@id":"https:\/\/www.urlaubcornwall.de\/blog\/#website"},"datePublished":"2016-07-02T10:36:04+00:00","dateModified":"2024-05-29T12:32:19+00:00","breadcrumb":{"@id":"https:\/\/www.urlaubcornwall.de\/blog\/urlaub-ashdown-forest-sehenswuerdigkeiten-unterkunft-und-geschichte\/#breadcrumb"},"inLanguage":"en-US","potentialAction":[{"@type":"ReadAction","target":["https:\/\/www.urlaubcornwall.de\/blog\/urlaub-ashdown-forest-sehenswuerdigkeiten-unterkunft-und-geschichte\/"]}]},{"@type":"BreadcrumbList","@id":"https:\/\/www.urlaubcornwall.de\/blog\/urlaub-ashdown-forest-sehenswuerdigkeiten-unterkunft-und-geschichte\/#breadcrumb","itemListElement":[{"@type":"ListItem","position":1,"name":"Home","item":"https:\/\/www.urlaubcornwall.de\/blog\/"},{"@type":"ListItem","position":2,"name":"Urlaub Ashdown Forest: Unterkunft, Sehensw\u00fcrdigkeiten und Geschichte"}]}]}},"_links":{"self":[{"href":"https:\/\/www.urlaubcornwall.de\/blog\/wp-json\/wp\/v2\/pages\/24705"}],"collection":[{"href":"https:\/\/www.urlaubcornwall.de\/blog\/wp-json\/wp\/v2\/pages"}],"about":[{"href":"https:\/\/www.urlaubcornwall.de\/blog\/wp-json\/wp\/v2\/types\/page"}],"author":[{"embeddable":true,"href":"https:\/\/www.urlaubcornwall.de\/blog\/wp-json\/wp\/v2\/users\/1"}],"replies":[{"embeddable":true,"href":"https:\/\/www.urlaubcornwall.de\/blog\/wp-json\/wp\/v2\/comments?post=24705"}],"version-history":[{"count":16,"href":"https:\/\/www.urlaubcornwall.de\/blog\/wp-json\/wp\/v2\/pages\/24705\/revisions"}],"predecessor-version":[{"id":50658,"href":"https:\/\/www.urlaubcornwall.de\/blog\/wp-json\/wp\/v2\/pages\/24705\/revisions\/50658"}],"wp:attachment":[{"href":"https:\/\/www.urlaubcornwall.de\/blog\/wp-json\/wp\/v2\/media?parent=24705"}],"curies":[{"name":"wp","href":"https:\/\/api.w.org\/{rel}","templated":true}]}}