{"id":24685,"date":"2016-06-23T12:35:26","date_gmt":"2016-06-23T12:35:26","guid":{"rendered":"https:\/\/www.urlaubcornwall.de\/blog\/?page_id=24685"},"modified":"2024-05-28T14:26:08","modified_gmt":"2024-05-28T14:26:08","slug":"urlaub-folkstone-sehenswuerdigkeiten-unterkunft-und-geschichte","status":"publish","type":"page","link":"https:\/\/www.urlaubcornwall.de\/blog\/urlaub-folkstone-sehenswuerdigkeiten-unterkunft-und-geschichte\/","title":{"rendered":"Urlaub Folkestone: Unterkunft, Sehensw\u00fcrdigkeiten und Geschichte"},"content":{"rendered":"<p><img loading=\"lazy\" class=\"aligncenter size-full wp-image-24686\" src=\"https:\/\/www.urlaubcornwall.de\/blog\/wp-content\/uploads\/2016\/06\/folkstone-hafen-kent.jpg\" alt=\"folkstone kent hafen\" width=\"745\" height=\"458\" srcset=\"https:\/\/www.urlaubcornwall.de\/blog\/wp-content\/uploads\/2016\/06\/folkstone-hafen-kent.jpg 745w, https:\/\/www.urlaubcornwall.de\/blog\/wp-content\/uploads\/2016\/06\/folkstone-hafen-kent-300x184.jpg 300w\" sizes=\"(max-width: 745px) 100vw, 745px\" \/><\/p>\n<p>Folkestone befindet sich 12,8km s\u00fcdwestlich von <a href=\"https:\/\/www.urlaubcornwall.de\/blog\/dover-kent-unterkunft-sehenswuerdigkeiten-und-geschichte\/\">Dover<\/a> hinter den Wei\u00dfen Klippen mit Niederungen im Hintergrund. Dieser attraktive Urlaubsort am Meer hat gro\u00dffl\u00e4chige Esplanaden auf der Klippenspitze mit viktorianischer Architektur. Die Esplanade, die unter dem Namen \u201eThe Leas\u201c bekannt ist, ist ein 1,6km langer Spazierweg vom Zentrum Folkestones nach Sandgate. Mit breiten Wiesen, pr\u00e4chtigen B\u00fcschen und bunten Blumenbeeten bringt es einen Hauch von Riviera an die <a href=\"https:\/\/www.urlaubcornwall.de\/blog\/reiseziel-kent\/\">Kentsche K\u00fcste<\/a>. Nahe dem Zentrum von \u201eThe Leas\u201c befindet sich eine Statue von William Harvey, Folkestones ber\u00fchmtestem Sohn, der den Blutkreislauf entdeckte und hier 1578 geboren wurde. Am anderen Ende Folkestones befindet sich \u00fcber East Cliff Sands eine riesige Fl\u00e4che offenen Graslandes, von wo aus sich ein herrlicher Blick hinaus aufs Meer bietet. In Folkestone befindet sich der Eurotunnel, und Calais in Frankreich ist lediglich 35 Minuten entfernt.<\/p>\n<p><strong>St\u00e4dte &amp; Sehensw\u00fcrdigkeiten: Folkstone und K\u00fcste Kents<\/strong><\/p>\n<p><strong>Hythe:<\/strong> Hythe ist eine charmante Stadt mit einer Geschichte, die ins Jahr 732 AD zur\u00fcckreicht. Urspr\u00fcnglich lag sie direkt am Meer, doch im Laufe der Jahrhunderte hat sich der Kiesel aufget\u00fcrmt, und so befindet sie sich heute ein paar Kilometer im Binnenland. Die Romney Hythe und Dymchurch Eisenbahnlinie, eine alte Dampfeisenbahn, nimmt Sie mit auf eine 20km lange Reise durch malerische Landschaft \u00fcber das Romney Sumpfgebiet von Hythe nach Dungeness, welches eine der gr\u00f6\u00dften Weiten an Kieselgebiet der Welt und ein nationales Naturreservat ist.<\/p>\n<div class=\"snippet\"> <a class=\"featured-item\" href=\"https:\/\/www.urlaubcornwall.de\/ferienhaeuser\/suedengland.php\"> <span class=\"image-holder\" style=\"background-image: url('https:\/\/www.urlaubcornwall.de\/blog\/wp-content\/uploads\/2024\/03\/ferienhaus-england-cornwall.jpg');\"><\/span> <span class=\"featured-content\"> \n<h2 class=\"featured-title\">Ferienh\u00e4user in S\u00fcdengland<\/h2>\n<p class=\"featured-body\">Bei uns finden Sie Ferienh\u00e4user zum Verlieben &#8211; so einfach ist das! Dank seiner langen Geschichte, der reizvollen Landschaften und seinen vielen Attraktionen ist S\u00fcdengland ein wahres Mekka f\u00fcr Urlauber&#8230;..<\/p><\/span> <span class=\"featured-link-holder\"> <span class=\"featured-extra-info\"> \n<p>Pers\u00f6nlich inspizierter Ferienh\u00e4user<\/p>\n<\/span> \n<p class=\"featured-link\">DETAILS<\/p>\n<\/span> <\/a><\/div>\n<p><strong>Romney Marsh:<\/strong> Das Romney Sumpfgebiet bedeckt 259 Quadratkilometer von Rye bis Hythe und ist ein sonderbares Flachland, das sich teilweise unter dem Meeresspiegel befindet. Es ist bekannt f\u00fcr seine nat\u00fcrliche Sch\u00f6nheit, vielf\u00e4ltiges Tierleben, reiche Geschichte und ausgedehnte K\u00fcstenstrecke. Seit r\u00f6mischen Zeiten wurde das Gebiet allm\u00e4hlich vom Meer eingenommen, und heute ist das Sumpfgebiet ein Landteil mit winzigen D\u00f6rfern, die sich zwischen Wasserwiesen befinden, wo die Romney Marsh Schafe grasen.<\/p>\n<p><img loading=\"lazy\" class=\"aligncenter size-full wp-image-50467\" src=\"https:\/\/www.urlaubcornwall.de\/blog\/wp-content\/uploads\/2024\/05\/dungeness_.jpg\" alt=\"dungeness_\" width=\"750\" height=\"486\" srcset=\"https:\/\/www.urlaubcornwall.de\/blog\/wp-content\/uploads\/2024\/05\/dungeness_.jpg 750w, https:\/\/www.urlaubcornwall.de\/blog\/wp-content\/uploads\/2024\/05\/dungeness_-300x194.jpg 300w\" sizes=\"(max-width: 750px) 100vw, 750px\" \/><\/p>\n<p><strong>Dungeness:<\/strong> Dungeness ist eine einzigartige, \u00f6de Landschaft mit Holzh\u00e4usern, Elektrizit\u00e4tswerken, Leuchtt\u00fcrmen und weiten Kiesgruben. Es verf\u00fcgt \u00fcber ein reiches und vielf\u00e4ltiges Naturleben mit zahlreichen seltenen Pflanzen, Insekten und Wanderv\u00f6geln im Fr\u00fchling und Herbst. Es ist das Zuhause von 600 Pflanzenarten, was ein Drittel s\u00e4mtlicher Pflanzen darstellt, die sich im UK befinden. Die Gr\u00f6\u00dfe von Dungeness an sich macht es zu einem der weltbesten Beispiele eines Kieselstrandes. Seit 1615 gibt es einen Leuchtturm auf Dungeness, und im Laufe der Jahrhunderte wurden 5 errichtet, der heutige wurde 1961 erbaut und ist noch immer in Betrieb, doch der \u201cAlte Leuchtturm\u201d, der 1904 erbaut wurde, ist heute Besucherattraktion. Es ist es wert, hinauf auf die Spitze zu klettern f\u00fcr den Panoramablick \u00fcber den Englischen Kanal.<br \/>\n<script async src=\"https:\/\/pagead2.googlesyndication.com\/pagead\/js\/adsbygoogle.js?client=ca-pub-3901089389175725\"\n     crossorigin=\"anonymous\"><\/script><br \/>\n<!-- New UC --><br \/>\n<ins class=\"adsbygoogle\"\n     style=\"display:block\"\n     data-ad-client=\"ca-pub-3901089389175725\"\n     data-ad-slot=\"8080314818\"\n     data-ad-format=\"auto\"\n     data-full-width-responsive=\"true\"><\/ins><br \/>\n<script>\n     (adsbygoogle = window.adsbygoogle || []).push({});\n<\/script><\/p>\n<p><strong>Sandgate:<\/strong> Zwischen Folkestone und Hythe befindet sich dieses charmante K\u00fcstendorf, das durchaus eines Besuches wert ist. Es gibt eine kleine Esplanade, die dominiert wird von den \u00dcberbleibseln von Sandgate Castle, einer der Burgen, die von Heinrich VIII in den 1530ern erbaut wurde, als Schutz vor der Bedrohung einer Invasion. Der ruhige Kieselstrand eignet sich ideal zum Entspannen und Schwimmen.<\/p>\n<p style=\"text-align: center;\">Um Folkstone und Kent in Ihre Rundreise durch S\u00fcdengland mit einzugliedern, stellen Sie Ihre <a href=\"http:\/\/www.urlaubcornwall.de\/anfrage.php\">Anfrage<\/a> hier oder w\u00e4hlen Sie ein Ferienhaus aus unserer besten Auswahl <a href=\"https:\/\/www.urlaubcornwall.de\/ferienhaueser\/kent.php\">handverlesener und inspizierter H\u00e4user<\/a> aus.<\/p>\n<div class=\"snippet\"> <a class=\"featured-item\" href=\"https:\/\/www.urlaubcornwall.de\/rundreisen\/cornwall-suedengland.php\"> <span class=\"image-holder\" style=\"background-image: url('https:\/\/www.urlaubcornwall.de\/blog\/wp-content\/uploads\/2019\/01\/DiTn0QVWsAIOgjG.jpg');\"><\/span> <span class=\"featured-content\"> \n<h2 class=\"featured-title\">Rundreisen &#038; Urlaub S\u00fcdengland eine perfekte Kombination<\/h2>\n<p class=\"featured-body\">Die perfekte Reisem\u00f6glichkeit und erm\u00f6glicht es Ihnen, Entdeckungen zu machen und einen Urlaub im eigenen Schritttempo&#8230;.<\/p><\/span> <span class=\"featured-link-holder\"> <span class=\"featured-extra-info\"> \n<p>F\u00fcr Paare, Familien &#038; Gruppen<\/p>\n<\/span> \n<p class=\"featured-link\">DETAILS<\/p>\n<\/span> <\/a><\/div>\n","protected":false},"excerpt":{"rendered":"<p>Folkestone befindet sich 12,8km s\u00fcdwestlich von Dover hinter den Wei\u00dfen Klippen mit Niederungen im Hintergrund. Dieser attraktive Urlaubsort am Meer hat gro\u00dffl\u00e4chige Esplanaden auf der Klippenspitze mit viktorianischer Architektur. Die Esplanade, die unter dem Namen \u201eThe Leas\u201c bekannt ist, ist ein 1,6km langer Spazierweg vom Zentrum Folkestones nach Sandgate. Mit breiten Wiesen, pr\u00e4chtigen B\u00fcschen und [&hellip;]<\/p>\n","protected":false},"author":1,"featured_media":0,"parent":0,"menu_order":0,"comment_status":"closed","ping_status":"closed","template":"single-four.php","meta":[],"acf":[],"yoast_head":"<!-- This site is optimized with the Yoast SEO plugin v19.4 - https:\/\/yoast.com\/wordpress\/plugins\/seo\/ -->\n<title>Urlaub Folkestone: Unterkunft, Sehensw\u00fcrdigkeiten und Geschichte - Urlaub &amp; Reisen<\/title>\n<meta name=\"robots\" content=\"index, follow, max-snippet:-1, max-image-preview:large, max-video-preview:-1\" \/>\n<link rel=\"canonical\" href=\"https:\/\/www.urlaubcornwall.de\/blog\/urlaub-folkstone-sehenswuerdigkeiten-unterkunft-und-geschichte\/\" \/>\n<meta property=\"og:locale\" content=\"en_US\" \/>\n<meta property=\"og:type\" content=\"article\" \/>\n<meta property=\"og:title\" content=\"Urlaub Folkestone: Unterkunft, Sehensw\u00fcrdigkeiten und Geschichte - Urlaub &amp; Reisen\" \/>\n<meta property=\"og:description\" content=\"Folkestone befindet sich 12,8km s\u00fcdwestlich von Dover hinter den Wei\u00dfen Klippen mit Niederungen im Hintergrund. Dieser attraktive Urlaubsort am Meer hat gro\u00dffl\u00e4chige Esplanaden auf der Klippenspitze mit viktorianischer Architektur. Die Esplanade, die unter dem Namen \u201eThe Leas\u201c bekannt ist, ist ein 1,6km langer Spazierweg vom Zentrum Folkestones nach Sandgate. Mit breiten Wiesen, pr\u00e4chtigen B\u00fcschen und [&hellip;]\" \/>\n<meta property=\"og:url\" content=\"https:\/\/www.urlaubcornwall.de\/blog\/urlaub-folkstone-sehenswuerdigkeiten-unterkunft-und-geschichte\/\" \/>\n<meta property=\"og:site_name\" content=\"Urlaub &amp; Reisen\" \/>\n<meta property=\"article:modified_time\" content=\"2024-05-28T14:26:08+00:00\" \/>\n<meta property=\"og:image\" content=\"https:\/\/www.urlaubcornwall.de\/blog\/wp-content\/uploads\/2016\/06\/folkstone-hafen-kent.jpg\" \/>\n<meta name=\"twitter:card\" content=\"summary\" \/>\n<meta name=\"twitter:label1\" content=\"Est. reading time\" \/>\n\t<meta name=\"twitter:data1\" content=\"3 minutes\" \/>\n<script type=\"application\/ld+json\" class=\"yoast-schema-graph\">{\"@context\":\"https:\/\/schema.org\",\"@graph\":[{\"@type\":\"WebSite\",\"@id\":\"https:\/\/www.urlaubcornwall.de\/blog\/#website\",\"url\":\"https:\/\/www.urlaubcornwall.de\/blog\/\",\"name\":\"Urlaub &amp; Reisen\",\"description\":\"Urlaub, Reisen, Cornwall und S\u00fcdengland: eine perfekte Kombination\",\"potentialAction\":[{\"@type\":\"SearchAction\",\"target\":{\"@type\":\"EntryPoint\",\"urlTemplate\":\"https:\/\/www.urlaubcornwall.de\/blog\/?s={search_term_string}\"},\"query-input\":\"required name=search_term_string\"}],\"inLanguage\":\"en-US\"},{\"@type\":\"WebPage\",\"@id\":\"https:\/\/www.urlaubcornwall.de\/blog\/urlaub-folkstone-sehenswuerdigkeiten-unterkunft-und-geschichte\/\",\"url\":\"https:\/\/www.urlaubcornwall.de\/blog\/urlaub-folkstone-sehenswuerdigkeiten-unterkunft-und-geschichte\/\",\"name\":\"Urlaub Folkestone: Unterkunft, Sehensw\u00fcrdigkeiten und Geschichte - Urlaub &amp; Reisen\",\"isPartOf\":{\"@id\":\"https:\/\/www.urlaubcornwall.de\/blog\/#website\"},\"datePublished\":\"2016-06-23T12:35:26+00:00\",\"dateModified\":\"2024-05-28T14:26:08+00:00\",\"breadcrumb\":{\"@id\":\"https:\/\/www.urlaubcornwall.de\/blog\/urlaub-folkstone-sehenswuerdigkeiten-unterkunft-und-geschichte\/#breadcrumb\"},\"inLanguage\":\"en-US\",\"potentialAction\":[{\"@type\":\"ReadAction\",\"target\":[\"https:\/\/www.urlaubcornwall.de\/blog\/urlaub-folkstone-sehenswuerdigkeiten-unterkunft-und-geschichte\/\"]}]},{\"@type\":\"BreadcrumbList\",\"@id\":\"https:\/\/www.urlaubcornwall.de\/blog\/urlaub-folkstone-sehenswuerdigkeiten-unterkunft-und-geschichte\/#breadcrumb\",\"itemListElement\":[{\"@type\":\"ListItem\",\"position\":1,\"name\":\"Home\",\"item\":\"https:\/\/www.urlaubcornwall.de\/blog\/\"},{\"@type\":\"ListItem\",\"position\":2,\"name\":\"Urlaub Folkestone: Unterkunft, Sehensw\u00fcrdigkeiten und Geschichte\"}]}]}<\/script>\n<!-- \/ Yoast SEO plugin. -->","yoast_head_json":{"title":"Urlaub Folkestone: Unterkunft, Sehensw\u00fcrdigkeiten und Geschichte - Urlaub &amp; Reisen","robots":{"index":"index","follow":"follow","max-snippet":"max-snippet:-1","max-image-preview":"max-image-preview:large","max-video-preview":"max-video-preview:-1"},"canonical":"https:\/\/www.urlaubcornwall.de\/blog\/urlaub-folkstone-sehenswuerdigkeiten-unterkunft-und-geschichte\/","og_locale":"en_US","og_type":"article","og_title":"Urlaub Folkestone: Unterkunft, Sehensw\u00fcrdigkeiten und Geschichte - Urlaub &amp; Reisen","og_description":"Folkestone befindet sich 12,8km s\u00fcdwestlich von Dover hinter den Wei\u00dfen Klippen mit Niederungen im Hintergrund. Dieser attraktive Urlaubsort am Meer hat gro\u00dffl\u00e4chige Esplanaden auf der Klippenspitze mit viktorianischer Architektur. Die Esplanade, die unter dem Namen \u201eThe Leas\u201c bekannt ist, ist ein 1,6km langer Spazierweg vom Zentrum Folkestones nach Sandgate. Mit breiten Wiesen, pr\u00e4chtigen B\u00fcschen und [&hellip;]","og_url":"https:\/\/www.urlaubcornwall.de\/blog\/urlaub-folkstone-sehenswuerdigkeiten-unterkunft-und-geschichte\/","og_site_name":"Urlaub &amp; Reisen","article_modified_time":"2024-05-28T14:26:08+00:00","og_image":[{"url":"https:\/\/www.urlaubcornwall.de\/blog\/wp-content\/uploads\/2016\/06\/folkstone-hafen-kent.jpg"}],"twitter_card":"summary","twitter_misc":{"Est. reading time":"3 minutes"},"schema":{"@context":"https:\/\/schema.org","@graph":[{"@type":"WebSite","@id":"https:\/\/www.urlaubcornwall.de\/blog\/#website","url":"https:\/\/www.urlaubcornwall.de\/blog\/","name":"Urlaub &amp; Reisen","description":"Urlaub, Reisen, Cornwall und S\u00fcdengland: eine perfekte Kombination","potentialAction":[{"@type":"SearchAction","target":{"@type":"EntryPoint","urlTemplate":"https:\/\/www.urlaubcornwall.de\/blog\/?s={search_term_string}"},"query-input":"required name=search_term_string"}],"inLanguage":"en-US"},{"@type":"WebPage","@id":"https:\/\/www.urlaubcornwall.de\/blog\/urlaub-folkstone-sehenswuerdigkeiten-unterkunft-und-geschichte\/","url":"https:\/\/www.urlaubcornwall.de\/blog\/urlaub-folkstone-sehenswuerdigkeiten-unterkunft-und-geschichte\/","name":"Urlaub Folkestone: Unterkunft, Sehensw\u00fcrdigkeiten und Geschichte - Urlaub &amp; Reisen","isPartOf":{"@id":"https:\/\/www.urlaubcornwall.de\/blog\/#website"},"datePublished":"2016-06-23T12:35:26+00:00","dateModified":"2024-05-28T14:26:08+00:00","breadcrumb":{"@id":"https:\/\/www.urlaubcornwall.de\/blog\/urlaub-folkstone-sehenswuerdigkeiten-unterkunft-und-geschichte\/#breadcrumb"},"inLanguage":"en-US","potentialAction":[{"@type":"ReadAction","target":["https:\/\/www.urlaubcornwall.de\/blog\/urlaub-folkstone-sehenswuerdigkeiten-unterkunft-und-geschichte\/"]}]},{"@type":"BreadcrumbList","@id":"https:\/\/www.urlaubcornwall.de\/blog\/urlaub-folkstone-sehenswuerdigkeiten-unterkunft-und-geschichte\/#breadcrumb","itemListElement":[{"@type":"ListItem","position":1,"name":"Home","item":"https:\/\/www.urlaubcornwall.de\/blog\/"},{"@type":"ListItem","position":2,"name":"Urlaub Folkestone: Unterkunft, Sehensw\u00fcrdigkeiten und Geschichte"}]}]}},"_links":{"self":[{"href":"https:\/\/www.urlaubcornwall.de\/blog\/wp-json\/wp\/v2\/pages\/24685"}],"collection":[{"href":"https:\/\/www.urlaubcornwall.de\/blog\/wp-json\/wp\/v2\/pages"}],"about":[{"href":"https:\/\/www.urlaubcornwall.de\/blog\/wp-json\/wp\/v2\/types\/page"}],"author":[{"embeddable":true,"href":"https:\/\/www.urlaubcornwall.de\/blog\/wp-json\/wp\/v2\/users\/1"}],"replies":[{"embeddable":true,"href":"https:\/\/www.urlaubcornwall.de\/blog\/wp-json\/wp\/v2\/comments?post=24685"}],"version-history":[{"count":15,"href":"https:\/\/www.urlaubcornwall.de\/blog\/wp-json\/wp\/v2\/pages\/24685\/revisions"}],"predecessor-version":[{"id":50468,"href":"https:\/\/www.urlaubcornwall.de\/blog\/wp-json\/wp\/v2\/pages\/24685\/revisions\/50468"}],"wp:attachment":[{"href":"https:\/\/www.urlaubcornwall.de\/blog\/wp-json\/wp\/v2\/media?parent=24685"}],"curies":[{"name":"wp","href":"https:\/\/api.w.org\/{rel}","templated":true}]}}