{"id":24674,"date":"2016-06-23T10:25:24","date_gmt":"2016-06-23T10:25:24","guid":{"rendered":"https:\/\/www.urlaubcornwall.de\/blog\/?page_id=24674"},"modified":"2024-05-28T14:07:13","modified_gmt":"2024-05-28T14:07:13","slug":"exmoor-nord-devon-sehenswuerdigkeiten-unterkunft-und-geschichte","status":"publish","type":"page","link":"https:\/\/www.urlaubcornwall.de\/blog\/exmoor-nord-devon-sehenswuerdigkeiten-unterkunft-und-geschichte\/","title":{"rendered":"Exmoor &#038; Nord Devon: Unterkunft, Sehensw\u00fcrdigkeiten und Geschichte"},"content":{"rendered":"<p><a href=\"https:\/\/www.urlaubcornwall.de\/blog\/wp-content\/uploads\/2023\/06\/exmoor_nationalpark.jpg\"><img loading=\"lazy\" src=\"https:\/\/www.urlaubcornwall.de\/blog\/wp-content\/uploads\/2023\/06\/exmoor_nationalpark.jpg\" alt=\"exmoor_nationalpark\" width=\"750\" height=\"453\" class=\"alignnone size-full wp-image-46670\" srcset=\"https:\/\/www.urlaubcornwall.de\/blog\/wp-content\/uploads\/2023\/06\/exmoor_nationalpark.jpg 750w, https:\/\/www.urlaubcornwall.de\/blog\/wp-content\/uploads\/2023\/06\/exmoor_nationalpark-300x181.jpg 300w\" sizes=\"(max-width: 750px) 100vw, 750px\" \/><\/a><br \/>\nExmoor ist eine einzigartige <a href=\"https:\/\/www.urlaubcornwall.de\/ferienhaeuser-fewos\/eng\/nord-devon\/exmoor-national-park.html\">Landschaft von Moor, Wald, T\u00e4lern und Ackerland<\/a>; es ist auch eine florierende Arbeitsumgebung. Der gr\u00f6\u00dfte Teil Exmoors befindet sich innerhalb der 686 Quadratkilometer des&nbsp; Exmoor Nationalparks; benannt nach dem Fluss Exe, der durch die Mitte flie\u00dft. Hohe Klippen reichen in den Bristolkanal hinab. Diese sch\u00f6ne und dramatische K\u00fcste erstreckt sich von Minehead im Osten nach Combe Martin im Westen. Diese Landschaft inspiriert seit Hunderten von Jahren Dichter, Schriftsteller und K\u00fcnstler.<\/p>\n<p><strong>St\u00e4dte &amp; Sehensw\u00fcrdigkeiten Exmoor<\/strong> &#8211; <a href=\"https:\/\/www.urlaubcornwall.de\/ferienhaeuser-fewos\/eng\/devon\/combe-martin.html\">Combe Martin<\/a> ist ein beliebter Urlaubort am Meer an Exmoors wundersch\u00f6ner K\u00fcste mit h\u00fcbschem Strand und einer gro\u00dfartigen Auswahl an Shops, Caf\u00e9s und Unterk\u00fcnften; hat somit jedem etwas zu bieten.<\/p>\n<p>Simonsbath befindet sich im Zentrum der einstigen K\u00f6niglichen Jagdgr\u00fcnde von Exmoor; es bildet eine ideale Ausgangsbasis, um die Gegend zu erkunden.<\/p>\n<p>Lynmouth ist eines der <a href=\"https:\/\/www.urlaubcornwall.de\/ferienhaeuser-fewos\/eng\/nord-devon\/nord-devon.html\">beliebtesten Urlaubsorte Exmoors<\/a>;&nbsp; es befindet sich in spektakul\u00e4rer Lage an den bewaldeten Schluchten der M\u00fcndungen der Fl\u00fcsse Ost- und West Lyn. Es wurde 1812 bekannt, als der Dichter Percy Shelley und seine 16j\u00e4hrige Braut ihre Flitterwochen hier verbrachten, um vor den aufgebrachten Eltern zu fliehen. Danach wurde es auch bei anderen Dichtern beliebt, Wordsworth, Coleridge und Southey.<\/p>\n<div class=\"snippet\"> <a class=\"featured-item\" href=\"https:\/\/www.urlaubcornwall.de\/ferienhaeuser\/suedengland.php\"> <span class=\"image-holder\" style=\"background-image: url('https:\/\/www.urlaubcornwall.de\/blog\/wp-content\/uploads\/2018\/12\/ferienhaus-cornwall-mit-hund.jpg');\"><\/span> <span class=\"featured-content\"> \n<h2 class=\"featured-title\">Ferienh\u00e4user in Exmoor &#038; S\u00fcdengland<\/h2>\n<p class=\"featured-body\">Bei uns finden Sie Ferienh\u00e4user zum Verlieben &#8211; so einfach ist das! Dank seiner langen Geschichte, der reizvollen Landschaften und seinen vielen Attraktionen ist S\u00fcdengland ein wahres Mekka f\u00fcr Urlauber&#8230;..<\/p><\/span> <span class=\"featured-link-holder\"> <span class=\"featured-extra-info\"> \n<p>Pers\u00f6nlich inspizierter Ferienh\u00e4user in Devon<\/p>\n<\/span> \n<p class=\"featured-link\">DETAILS<\/p>\n<\/span> <\/a><\/div>\n<p>Lynton befindet sich 183m oberhalb von Lynmouth, und die D\u00f6rfer <a href=\"https:\/\/www.urlaubcornwall.de\/ferienhaeuser-fewos\/eng\/nord-devon\/lynmouth.html\">Lynmouth<\/a> und <a href=\"https:\/\/www.urlaubcornwall.de\/ferienhaeuser-fewos\/eng\/nord-devon\/lynton.html\">Lynton<\/a> sind durch eine mit Wasserkraft betriebene Seilbahn miteinander verbunden. Die Stra\u00dfe abw\u00e4rts ist ein sehr steiles Gef\u00e4lle, und die Viktorianer nannten die Gegend \u201eKleine Schweiz\u201c.<\/p>\n<p>Watersmeet: Hier trifft der Fluss East Lyn in einer bewaldeten Schlucht 3km \u00f6stlich von Lynton das Hoar Oak Gew\u00e4sser. Es gibt wundersch\u00f6ne Spazierwege am Fluss entlang, und das Gebiet ist Paradies f\u00fcr Naturleben. Eine alte viktorianische Fischerh\u00fctte wurde in ein Teehaus, Gesch\u00e4ft und eine Informationsst\u00e4tte verwandelt. Im Fr\u00fchsommer und Herbst, wenn sich die Bl\u00e4tter golden, braun und orange f\u00e4rben, ist die Landschaft am besten.<\/p>\n<p>Heddon Valley: An der dramatischen Westk\u00fcste des Exmoors, die die romantischen Dichter favorisierten, gibt es das Heddon Tal, die Woody Bucht und die Hangman H\u00fcgel zu erkunden. Heddon\u2019s Mouth erreichen Sie, indem Sie den klaren Gew\u00e4ssern des Flusses Heddon ein steiles, bewaldetes Tal hinunter folgen bis hin zu einer abgeschiedenen Bucht mit Kieseln und Sand. Entlang des Klippenpfades Richtung Osten befindet sich Woody Bay, die benannt ist nach den Eichenw\u00e4ldern, die bis zum Meer hinunterreichen. Die hohen Klippen, die den Strand sch\u00fctzen, dienen vielen Meeresv\u00f6geln als Brutst\u00e4tte und sehen zwischen M\u00e4rz und Ende Juli am besten aus.<\/p>\n<div class=\"snippet\"> <a class=\"featured-item\" href=\"https:\/\/www.urlaubcornwall.de\/rundreisen\/cornwall-suedengland.php\"> <span class=\"image-holder\" style=\"background-image: url('https:\/\/www.urlaubcornwall.de\/blog\/wp-content\/uploads\/2019\/01\/DiTn0QVWsAIOgjG.jpg');\"><\/span> <span class=\"featured-content\"> \n<h2 class=\"featured-title\">Rundreisen Cornwall &#038; S\u00fcdengland &#8211; eine perfekte Kombination<\/h2>\n<p class=\"featured-body\">Die perfekte Reisem\u00f6glichkeit und erm\u00f6glicht es Ihnen, Entdeckungen zu machen und einen Urlaub im eigenen Schritttempo&#8230;.<\/p><\/span> <span class=\"featured-link-holder\"> <span class=\"featured-extra-info\"> \n<p>F\u00fcr Paare, Familien &#038; Gruppen<\/p>\n<\/span> \n<p class=\"featured-link\">DETAILS<\/p>\n<\/span> <\/a><\/div>\n","protected":false},"excerpt":{"rendered":"<p>Exmoor ist eine einzigartige Landschaft von Moor, Wald, T\u00e4lern und Ackerland; es ist auch eine florierende Arbeitsumgebung. Der gr\u00f6\u00dfte Teil Exmoors befindet sich innerhalb der 686 Quadratkilometer des&nbsp; Exmoor Nationalparks; benannt nach dem Fluss Exe, der durch die Mitte flie\u00dft. Hohe Klippen reichen in den Bristolkanal hinab. Diese sch\u00f6ne und dramatische K\u00fcste erstreckt sich von [&hellip;]<\/p>\n","protected":false},"author":1,"featured_media":0,"parent":0,"menu_order":0,"comment_status":"closed","ping_status":"closed","template":"single-four.php","meta":[],"acf":[],"yoast_head":"<!-- This site is optimized with the Yoast SEO plugin v19.4 - https:\/\/yoast.com\/wordpress\/plugins\/seo\/ -->\n<title>Exmoor &amp; Nord Devon: Unterkunft, Sehensw\u00fcrdigkeiten und Geschichte - Urlaub &amp; Reisen<\/title>\n<meta name=\"robots\" content=\"index, follow, max-snippet:-1, max-image-preview:large, max-video-preview:-1\" \/>\n<link rel=\"canonical\" href=\"https:\/\/www.urlaubcornwall.de\/blog\/exmoor-nord-devon-sehenswuerdigkeiten-unterkunft-und-geschichte\/\" \/>\n<meta property=\"og:locale\" content=\"en_US\" \/>\n<meta property=\"og:type\" content=\"article\" \/>\n<meta property=\"og:title\" content=\"Exmoor &amp; Nord Devon: Unterkunft, Sehensw\u00fcrdigkeiten und Geschichte - Urlaub &amp; Reisen\" \/>\n<meta property=\"og:description\" content=\"Exmoor ist eine einzigartige Landschaft von Moor, Wald, T\u00e4lern und Ackerland; es ist auch eine florierende Arbeitsumgebung. Der gr\u00f6\u00dfte Teil Exmoors befindet sich innerhalb der 686 Quadratkilometer des&nbsp; Exmoor Nationalparks; benannt nach dem Fluss Exe, der durch die Mitte flie\u00dft. Hohe Klippen reichen in den Bristolkanal hinab. Diese sch\u00f6ne und dramatische K\u00fcste erstreckt sich von [&hellip;]\" \/>\n<meta property=\"og:url\" content=\"https:\/\/www.urlaubcornwall.de\/blog\/exmoor-nord-devon-sehenswuerdigkeiten-unterkunft-und-geschichte\/\" \/>\n<meta property=\"og:site_name\" content=\"Urlaub &amp; Reisen\" \/>\n<meta property=\"article:modified_time\" content=\"2024-05-28T14:07:13+00:00\" \/>\n<meta property=\"og:image\" content=\"https:\/\/www.urlaubcornwall.de\/blog\/wp-content\/uploads\/2023\/06\/exmoor_nationalpark.jpg\" \/>\n<meta name=\"twitter:card\" content=\"summary\" \/>\n<meta name=\"twitter:label1\" content=\"Est. reading time\" \/>\n\t<meta name=\"twitter:data1\" content=\"3 minutes\" \/>\n<script type=\"application\/ld+json\" class=\"yoast-schema-graph\">{\"@context\":\"https:\/\/schema.org\",\"@graph\":[{\"@type\":\"WebSite\",\"@id\":\"https:\/\/www.urlaubcornwall.de\/blog\/#website\",\"url\":\"https:\/\/www.urlaubcornwall.de\/blog\/\",\"name\":\"Urlaub &amp; Reisen\",\"description\":\"Urlaub, Reisen, Cornwall und S\u00fcdengland: eine perfekte Kombination\",\"potentialAction\":[{\"@type\":\"SearchAction\",\"target\":{\"@type\":\"EntryPoint\",\"urlTemplate\":\"https:\/\/www.urlaubcornwall.de\/blog\/?s={search_term_string}\"},\"query-input\":\"required name=search_term_string\"}],\"inLanguage\":\"en-US\"},{\"@type\":\"WebPage\",\"@id\":\"https:\/\/www.urlaubcornwall.de\/blog\/exmoor-nord-devon-sehenswuerdigkeiten-unterkunft-und-geschichte\/\",\"url\":\"https:\/\/www.urlaubcornwall.de\/blog\/exmoor-nord-devon-sehenswuerdigkeiten-unterkunft-und-geschichte\/\",\"name\":\"Exmoor & Nord Devon: Unterkunft, Sehensw\u00fcrdigkeiten und Geschichte - Urlaub &amp; Reisen\",\"isPartOf\":{\"@id\":\"https:\/\/www.urlaubcornwall.de\/blog\/#website\"},\"datePublished\":\"2016-06-23T10:25:24+00:00\",\"dateModified\":\"2024-05-28T14:07:13+00:00\",\"breadcrumb\":{\"@id\":\"https:\/\/www.urlaubcornwall.de\/blog\/exmoor-nord-devon-sehenswuerdigkeiten-unterkunft-und-geschichte\/#breadcrumb\"},\"inLanguage\":\"en-US\",\"potentialAction\":[{\"@type\":\"ReadAction\",\"target\":[\"https:\/\/www.urlaubcornwall.de\/blog\/exmoor-nord-devon-sehenswuerdigkeiten-unterkunft-und-geschichte\/\"]}]},{\"@type\":\"BreadcrumbList\",\"@id\":\"https:\/\/www.urlaubcornwall.de\/blog\/exmoor-nord-devon-sehenswuerdigkeiten-unterkunft-und-geschichte\/#breadcrumb\",\"itemListElement\":[{\"@type\":\"ListItem\",\"position\":1,\"name\":\"Home\",\"item\":\"https:\/\/www.urlaubcornwall.de\/blog\/\"},{\"@type\":\"ListItem\",\"position\":2,\"name\":\"Exmoor &#038; Nord Devon: Unterkunft, Sehensw\u00fcrdigkeiten und Geschichte\"}]}]}<\/script>\n<!-- \/ Yoast SEO plugin. -->","yoast_head_json":{"title":"Exmoor & Nord Devon: Unterkunft, Sehensw\u00fcrdigkeiten und Geschichte - Urlaub &amp; Reisen","robots":{"index":"index","follow":"follow","max-snippet":"max-snippet:-1","max-image-preview":"max-image-preview:large","max-video-preview":"max-video-preview:-1"},"canonical":"https:\/\/www.urlaubcornwall.de\/blog\/exmoor-nord-devon-sehenswuerdigkeiten-unterkunft-und-geschichte\/","og_locale":"en_US","og_type":"article","og_title":"Exmoor & Nord Devon: Unterkunft, Sehensw\u00fcrdigkeiten und Geschichte - Urlaub &amp; Reisen","og_description":"Exmoor ist eine einzigartige Landschaft von Moor, Wald, T\u00e4lern und Ackerland; es ist auch eine florierende Arbeitsumgebung. Der gr\u00f6\u00dfte Teil Exmoors befindet sich innerhalb der 686 Quadratkilometer des&nbsp; Exmoor Nationalparks; benannt nach dem Fluss Exe, der durch die Mitte flie\u00dft. Hohe Klippen reichen in den Bristolkanal hinab. Diese sch\u00f6ne und dramatische K\u00fcste erstreckt sich von [&hellip;]","og_url":"https:\/\/www.urlaubcornwall.de\/blog\/exmoor-nord-devon-sehenswuerdigkeiten-unterkunft-und-geschichte\/","og_site_name":"Urlaub &amp; Reisen","article_modified_time":"2024-05-28T14:07:13+00:00","og_image":[{"url":"https:\/\/www.urlaubcornwall.de\/blog\/wp-content\/uploads\/2023\/06\/exmoor_nationalpark.jpg"}],"twitter_card":"summary","twitter_misc":{"Est. reading time":"3 minutes"},"schema":{"@context":"https:\/\/schema.org","@graph":[{"@type":"WebSite","@id":"https:\/\/www.urlaubcornwall.de\/blog\/#website","url":"https:\/\/www.urlaubcornwall.de\/blog\/","name":"Urlaub &amp; Reisen","description":"Urlaub, Reisen, Cornwall und S\u00fcdengland: eine perfekte Kombination","potentialAction":[{"@type":"SearchAction","target":{"@type":"EntryPoint","urlTemplate":"https:\/\/www.urlaubcornwall.de\/blog\/?s={search_term_string}"},"query-input":"required name=search_term_string"}],"inLanguage":"en-US"},{"@type":"WebPage","@id":"https:\/\/www.urlaubcornwall.de\/blog\/exmoor-nord-devon-sehenswuerdigkeiten-unterkunft-und-geschichte\/","url":"https:\/\/www.urlaubcornwall.de\/blog\/exmoor-nord-devon-sehenswuerdigkeiten-unterkunft-und-geschichte\/","name":"Exmoor & Nord Devon: Unterkunft, Sehensw\u00fcrdigkeiten und Geschichte - Urlaub &amp; Reisen","isPartOf":{"@id":"https:\/\/www.urlaubcornwall.de\/blog\/#website"},"datePublished":"2016-06-23T10:25:24+00:00","dateModified":"2024-05-28T14:07:13+00:00","breadcrumb":{"@id":"https:\/\/www.urlaubcornwall.de\/blog\/exmoor-nord-devon-sehenswuerdigkeiten-unterkunft-und-geschichte\/#breadcrumb"},"inLanguage":"en-US","potentialAction":[{"@type":"ReadAction","target":["https:\/\/www.urlaubcornwall.de\/blog\/exmoor-nord-devon-sehenswuerdigkeiten-unterkunft-und-geschichte\/"]}]},{"@type":"BreadcrumbList","@id":"https:\/\/www.urlaubcornwall.de\/blog\/exmoor-nord-devon-sehenswuerdigkeiten-unterkunft-und-geschichte\/#breadcrumb","itemListElement":[{"@type":"ListItem","position":1,"name":"Home","item":"https:\/\/www.urlaubcornwall.de\/blog\/"},{"@type":"ListItem","position":2,"name":"Exmoor &#038; Nord Devon: Unterkunft, Sehensw\u00fcrdigkeiten und Geschichte"}]}]}},"_links":{"self":[{"href":"https:\/\/www.urlaubcornwall.de\/blog\/wp-json\/wp\/v2\/pages\/24674"}],"collection":[{"href":"https:\/\/www.urlaubcornwall.de\/blog\/wp-json\/wp\/v2\/pages"}],"about":[{"href":"https:\/\/www.urlaubcornwall.de\/blog\/wp-json\/wp\/v2\/types\/page"}],"author":[{"embeddable":true,"href":"https:\/\/www.urlaubcornwall.de\/blog\/wp-json\/wp\/v2\/users\/1"}],"replies":[{"embeddable":true,"href":"https:\/\/www.urlaubcornwall.de\/blog\/wp-json\/wp\/v2\/comments?post=24674"}],"version-history":[{"count":13,"href":"https:\/\/www.urlaubcornwall.de\/blog\/wp-json\/wp\/v2\/pages\/24674\/revisions"}],"predecessor-version":[{"id":50444,"href":"https:\/\/www.urlaubcornwall.de\/blog\/wp-json\/wp\/v2\/pages\/24674\/revisions\/50444"}],"wp:attachment":[{"href":"https:\/\/www.urlaubcornwall.de\/blog\/wp-json\/wp\/v2\/media?parent=24674"}],"curies":[{"name":"wp","href":"https:\/\/api.w.org\/{rel}","templated":true}]}}