{"id":24667,"date":"2016-06-23T09:42:58","date_gmt":"2016-06-23T09:42:58","guid":{"rendered":"https:\/\/www.urlaubcornwall.de\/blog\/?page_id=24667"},"modified":"2024-05-28T14:07:45","modified_gmt":"2024-05-28T14:07:45","slug":"ilfracombe-nord-devon-sehenswuerdigkeiten-unterkunft-und-geschichte","status":"publish","type":"page","link":"https:\/\/www.urlaubcornwall.de\/blog\/ilfracombe-nord-devon-sehenswuerdigkeiten-unterkunft-und-geschichte\/","title":{"rendered":"Ilfracombe &#038; Nord Devon: Unterkunft, Sehensw\u00fcrdigkeiten und Geschichte"},"content":{"rendered":"<p style=\"text-align: right;\"><img loading=\"lazy\" class=\"aligncenter size-full wp-image-24669\" src=\"https:\/\/www.urlaubcornwall.de\/blog\/wp-content\/uploads\/2016\/06\/urlaub-ilfracombe.jpg\" alt=\"urlaub ilfracombe\" width=\"748\" height=\"400\"\/><\/p>\n<p><a href=\"https:\/\/www.urlaubcornwall.de\/ferienhaeuser-fewos\/eng\/nord-devon\/ilfracombe.html\">Ilfracombe<\/a> wurde w\u00e4hrend des viktorianischen Zeitalters <a href=\"http:\/\/www.urlaubcornwall.de\/reiseziel\/devon.php\">Urlaubsort Norddevons<\/a>, als die Eisenbahn Besucher in die Stadt brachte. &nbsp;Die viktorianische Architektur kann an den Hotels am Hafen und den herrschaftlichen H\u00e4usern von Torrs Walk entdeckt werden. Der Hafen schmiegt sich an den Fu\u00df des Lantern Hill an, wo die Kapelle des Hl. Nicholas, seit sie vor ungef\u00e4hr 650 Jahren erbaut wurde, ein winziges Licht f\u00fcr die Seefahrer brennen l\u00e4sst. Vom Hafen aus gibt es Bootsfahrten zur Lundy Island und \u00fcber den Bristolkanal nach Wales.<\/p>\n<p><strong>Str\u00e4nde und Sehensw\u00fcrdigkeiten Norddevons<\/strong> &#8211; Tunnels Beach ist Ilfracombes ber\u00fchmter Strand. Vier handgegrabene Tunnel der 1820ern f\u00fchren zu einem windgesch\u00fctzten Sand- und Kieselstrand mit Klippen im Hintergrund. Am Strand gibt es einige der besten Felspools und einen gezeitenabh\u00e4ngigen viktorianischen Swimmingpool. Eintritt muss bezahlt werden, und Hunde sind vom 1. Mai bis 31. Oktober nicht erlaubt.<\/p>\n<p><img loading=\"lazy\" class=\"aligncenter size-full wp-image-24670\" src=\"https:\/\/www.urlaubcornwall.de\/blog\/wp-content\/uploads\/2016\/06\/woolacombe-strand.jpg\" alt=\"woolacombe strand\" width=\"748\" height=\"382\"\/><\/p>\n<p>Woolacombe ist ein goldener Sandstrand von nahezu 5km L\u00e4nge. Dieser preisgekr\u00f6nte Strand ist bei Familien und Surfern gleicherma\u00dfen beliebt. Das Dorf Woolacombe ist ein lebendiger Urlaubsort am Meer mit zahlreichen M\u00f6glichkeiten. Hunde sind nur an bestimmten Teilen des Strandes zugelassen.<\/p>\n<div class=\"snippet\"> <a class=\"featured-item\" href=\"https:\/\/www.urlaubcornwall.de\/ferienhaeuser\/suedengland.php\"> <span class=\"image-holder\" style=\"background-image: url('https:\/\/www.urlaubcornwall.de\/blog\/wp-content\/uploads\/2018\/12\/ferienhaus-cornwall-mit-hund.jpg');\"><\/span> <span class=\"featured-content\"> \n<h2 class=\"featured-title\">Ferienh\u00e4user in Devon &#038; S\u00fcdengland<\/h2>\n<p class=\"featured-body\">Bei uns finden Sie Ferienh\u00e4user zum Verlieben &#8211; so einfach ist das! Dank seiner langen Geschichte, der reizvollen Landschaften und seinen vielen Attraktionen ist S\u00fcdengland ein wahres Mekka f\u00fcr Urlauber&#8230;..<\/p><\/span> <span class=\"featured-link-holder\"> <span class=\"featured-extra-info\"> \n<p>Pers\u00f6nlich inspizierter Ferienh\u00e4user<\/p>\n<\/span> \n<p class=\"featured-link\">DETAILS<\/p>\n<\/span> <\/a><\/div>\n<p><a href=\"https:\/\/www.urlaubcornwall.de\/ferienhaeuser-fewos\/eng\/nord-devon\/saunton.html\">Saunton Sands<\/a> befindet sich zwischen den D\u00f6rfern Croyde und <a href=\"https:\/\/www.urlaubcornwall.de\/ferienhaeuser-fewos\/eng\/nord-devon\/barnstaple.html\">Barnstaple<\/a>; mehr als 5km goldener Sand mit einigen der eindrucksvollsten Sandd\u00fcnen des UK im Hintergrund. Die westlichen Winde schaffen ideale Voraussetzungen zum Surfen.&nbsp; Hunde sind am Strand zugelassen.<\/p>\n<p>Der <a href=\"https:\/\/www.urlaubcornwall.de\/ferienhaeuser-fewos\/eng\/nord-devon\/croyde.html\">Strand von Croyde<\/a> liegt zwischen Woolacombe und Saunton Sands; diese breite Sandbucht befindet sich zwischen zwei Landspitzen und ist windgesch\u00fctzt. Croyde spricht Familien und Surfer an. Hunde sind vom 1. Mai bis 30. September nicht erlaubt.<\/p>\n<p>Lundy Island: Machen Sie eine Bootsfahrt nach Lundy. Diese winzige Insel vor der Nordk\u00fcste Devons, die reich ist an Naturleben, gilt als Meeresschutzgebiet. Sie bietet Natursch\u00f6nheit und Ruhe, ganz ohne Stra\u00dfen, Autos oder Umweltverschmutzung. Lundy bedeutet in der nordischen Sprache Papageientaucher, und es leben auf der Insel neben Papageientauchern, Robben, Sikawild, wilden Ziegen, Soayschafen und Lundyponys eine Vielfalt an V\u00f6geln.<\/p>\n<p>Arlington Court &amp; das National Trust Kutschenmuseum: Arlington Court ist ein faszinierendes Regency Haus mit malerischen G\u00e4rten auf dem Lande Norddevons gelegen. Es war 11 Generationen lang im Besitz der Chichester Familie und wird heute vom National Trust betrieben. Das Haus ist voller Kostbarkeiten und die G\u00e4rten wurden zu ihrer viktorianischer Pracht restauriert. Das Kutschenmuseum hat eine national wichtige Schau an Kutschen, von prachtvollen Staatskutschen bis hin zu bescheideneren.<\/p>\n<div class=\"snippet\"> <a class=\"featured-item\" href=\"https:\/\/www.urlaubcornwall.de\/rundreisen\/cornwall-suedengland.php\"> <span class=\"image-holder\" style=\"background-image: url('https:\/\/www.urlaubcornwall.de\/blog\/wp-content\/uploads\/2019\/01\/DiTn0QVWsAIOgjG.jpg');\"><\/span> <span class=\"featured-content\"> \n<h2 class=\"featured-title\">Rundreisen Cornwall &#038; S\u00fcdengland &#8211; eine perfekte Kombination<\/h2>\n<p class=\"featured-body\">Die perfekte Reisem\u00f6glichkeit und erm\u00f6glicht es Ihnen, Entdeckungen zu machen und einen Urlaub im eigenen Schritttempo&#8230;.<\/p><\/span> <span class=\"featured-link-holder\"> <span class=\"featured-extra-info\"> \n<p>F\u00fcr Paare, Familien &#038; Gruppen<\/p>\n<\/span> \n<p class=\"featured-link\">DETAILS<\/p>\n<\/span> <\/a><\/div>\n<p>Hillsborough: Direkt au\u00dferhalb Ilfracombes gelegen, ist dieses Naturreservat am Gipfel 136m hoch. Der Wanderweg vom Parkplatz um das Naturreservat ist vor Ort bekannt als \u201eder schlafende Elefant\u201c und ungef\u00e4hr 2,3km lang. Dort befinden sich die \u00dcberbleibsel einer Festung der Eisenzeit, es gibt einen weitreichenden Blick zur Lundy Island in der einen Richtung und S\u00fcdwales in der anderen. Es ist einer der wenigen Orten, wo Sie sowohl den Sonnenaufgang als auch den Sonnenuntergang \u00fcber dem Meer sehen k\u00f6nnen.<\/p>\n","protected":false},"excerpt":{"rendered":"<p>Ilfracombe wurde w\u00e4hrend des viktorianischen Zeitalters Urlaubsort Norddevons, als die Eisenbahn Besucher in die Stadt brachte. &nbsp;Die viktorianische Architektur kann an den Hotels am Hafen und den herrschaftlichen H\u00e4usern von Torrs Walk entdeckt werden. Der Hafen schmiegt sich an den Fu\u00df des Lantern Hill an, wo die Kapelle des Hl. Nicholas, seit sie vor ungef\u00e4hr [&hellip;]<\/p>\n","protected":false},"author":1,"featured_media":0,"parent":0,"menu_order":0,"comment_status":"closed","ping_status":"closed","template":"single-four.php","meta":[],"acf":[],"yoast_head":"<!-- This site is optimized with the Yoast SEO plugin v19.4 - https:\/\/yoast.com\/wordpress\/plugins\/seo\/ -->\n<title>Ilfracombe &amp; Nord Devon: Unterkunft, Sehensw\u00fcrdigkeiten und Geschichte - Urlaub &amp; Reisen<\/title>\n<meta name=\"robots\" content=\"index, follow, max-snippet:-1, max-image-preview:large, max-video-preview:-1\" \/>\n<link rel=\"canonical\" href=\"https:\/\/www.urlaubcornwall.de\/blog\/ilfracombe-nord-devon-sehenswuerdigkeiten-unterkunft-und-geschichte\/\" \/>\n<meta property=\"og:locale\" content=\"en_US\" \/>\n<meta property=\"og:type\" content=\"article\" \/>\n<meta property=\"og:title\" content=\"Ilfracombe &amp; Nord Devon: Unterkunft, Sehensw\u00fcrdigkeiten und Geschichte - Urlaub &amp; Reisen\" \/>\n<meta property=\"og:description\" content=\"Ilfracombe wurde w\u00e4hrend des viktorianischen Zeitalters Urlaubsort Norddevons, als die Eisenbahn Besucher in die Stadt brachte. &nbsp;Die viktorianische Architektur kann an den Hotels am Hafen und den herrschaftlichen H\u00e4usern von Torrs Walk entdeckt werden. Der Hafen schmiegt sich an den Fu\u00df des Lantern Hill an, wo die Kapelle des Hl. Nicholas, seit sie vor ungef\u00e4hr [&hellip;]\" \/>\n<meta property=\"og:url\" content=\"https:\/\/www.urlaubcornwall.de\/blog\/ilfracombe-nord-devon-sehenswuerdigkeiten-unterkunft-und-geschichte\/\" \/>\n<meta property=\"og:site_name\" content=\"Urlaub &amp; Reisen\" \/>\n<meta property=\"article:modified_time\" content=\"2024-05-28T14:07:45+00:00\" \/>\n<meta property=\"og:image\" content=\"https:\/\/www.urlaubcornwall.de\/blog\/wp-content\/uploads\/2016\/06\/urlaub-ilfracombe.jpg\" \/>\n<meta name=\"twitter:card\" content=\"summary\" \/>\n<meta name=\"twitter:label1\" content=\"Est. reading time\" \/>\n\t<meta name=\"twitter:data1\" content=\"3 minutes\" \/>\n<script type=\"application\/ld+json\" class=\"yoast-schema-graph\">{\"@context\":\"https:\/\/schema.org\",\"@graph\":[{\"@type\":\"WebSite\",\"@id\":\"https:\/\/www.urlaubcornwall.de\/blog\/#website\",\"url\":\"https:\/\/www.urlaubcornwall.de\/blog\/\",\"name\":\"Urlaub &amp; Reisen\",\"description\":\"Urlaub, Reisen, Cornwall und S\u00fcdengland: eine perfekte Kombination\",\"potentialAction\":[{\"@type\":\"SearchAction\",\"target\":{\"@type\":\"EntryPoint\",\"urlTemplate\":\"https:\/\/www.urlaubcornwall.de\/blog\/?s={search_term_string}\"},\"query-input\":\"required name=search_term_string\"}],\"inLanguage\":\"en-US\"},{\"@type\":\"WebPage\",\"@id\":\"https:\/\/www.urlaubcornwall.de\/blog\/ilfracombe-nord-devon-sehenswuerdigkeiten-unterkunft-und-geschichte\/\",\"url\":\"https:\/\/www.urlaubcornwall.de\/blog\/ilfracombe-nord-devon-sehenswuerdigkeiten-unterkunft-und-geschichte\/\",\"name\":\"Ilfracombe & Nord Devon: Unterkunft, Sehensw\u00fcrdigkeiten und Geschichte - Urlaub &amp; Reisen\",\"isPartOf\":{\"@id\":\"https:\/\/www.urlaubcornwall.de\/blog\/#website\"},\"datePublished\":\"2016-06-23T09:42:58+00:00\",\"dateModified\":\"2024-05-28T14:07:45+00:00\",\"breadcrumb\":{\"@id\":\"https:\/\/www.urlaubcornwall.de\/blog\/ilfracombe-nord-devon-sehenswuerdigkeiten-unterkunft-und-geschichte\/#breadcrumb\"},\"inLanguage\":\"en-US\",\"potentialAction\":[{\"@type\":\"ReadAction\",\"target\":[\"https:\/\/www.urlaubcornwall.de\/blog\/ilfracombe-nord-devon-sehenswuerdigkeiten-unterkunft-und-geschichte\/\"]}]},{\"@type\":\"BreadcrumbList\",\"@id\":\"https:\/\/www.urlaubcornwall.de\/blog\/ilfracombe-nord-devon-sehenswuerdigkeiten-unterkunft-und-geschichte\/#breadcrumb\",\"itemListElement\":[{\"@type\":\"ListItem\",\"position\":1,\"name\":\"Home\",\"item\":\"https:\/\/www.urlaubcornwall.de\/blog\/\"},{\"@type\":\"ListItem\",\"position\":2,\"name\":\"Ilfracombe &#038; Nord Devon: Unterkunft, Sehensw\u00fcrdigkeiten und Geschichte\"}]}]}<\/script>\n<!-- \/ Yoast SEO plugin. -->","yoast_head_json":{"title":"Ilfracombe & Nord Devon: Unterkunft, Sehensw\u00fcrdigkeiten und Geschichte - Urlaub &amp; Reisen","robots":{"index":"index","follow":"follow","max-snippet":"max-snippet:-1","max-image-preview":"max-image-preview:large","max-video-preview":"max-video-preview:-1"},"canonical":"https:\/\/www.urlaubcornwall.de\/blog\/ilfracombe-nord-devon-sehenswuerdigkeiten-unterkunft-und-geschichte\/","og_locale":"en_US","og_type":"article","og_title":"Ilfracombe & Nord Devon: Unterkunft, Sehensw\u00fcrdigkeiten und Geschichte - Urlaub &amp; Reisen","og_description":"Ilfracombe wurde w\u00e4hrend des viktorianischen Zeitalters Urlaubsort Norddevons, als die Eisenbahn Besucher in die Stadt brachte. &nbsp;Die viktorianische Architektur kann an den Hotels am Hafen und den herrschaftlichen H\u00e4usern von Torrs Walk entdeckt werden. Der Hafen schmiegt sich an den Fu\u00df des Lantern Hill an, wo die Kapelle des Hl. Nicholas, seit sie vor ungef\u00e4hr [&hellip;]","og_url":"https:\/\/www.urlaubcornwall.de\/blog\/ilfracombe-nord-devon-sehenswuerdigkeiten-unterkunft-und-geschichte\/","og_site_name":"Urlaub &amp; Reisen","article_modified_time":"2024-05-28T14:07:45+00:00","og_image":[{"url":"https:\/\/www.urlaubcornwall.de\/blog\/wp-content\/uploads\/2016\/06\/urlaub-ilfracombe.jpg"}],"twitter_card":"summary","twitter_misc":{"Est. reading time":"3 minutes"},"schema":{"@context":"https:\/\/schema.org","@graph":[{"@type":"WebSite","@id":"https:\/\/www.urlaubcornwall.de\/blog\/#website","url":"https:\/\/www.urlaubcornwall.de\/blog\/","name":"Urlaub &amp; Reisen","description":"Urlaub, Reisen, Cornwall und S\u00fcdengland: eine perfekte Kombination","potentialAction":[{"@type":"SearchAction","target":{"@type":"EntryPoint","urlTemplate":"https:\/\/www.urlaubcornwall.de\/blog\/?s={search_term_string}"},"query-input":"required name=search_term_string"}],"inLanguage":"en-US"},{"@type":"WebPage","@id":"https:\/\/www.urlaubcornwall.de\/blog\/ilfracombe-nord-devon-sehenswuerdigkeiten-unterkunft-und-geschichte\/","url":"https:\/\/www.urlaubcornwall.de\/blog\/ilfracombe-nord-devon-sehenswuerdigkeiten-unterkunft-und-geschichte\/","name":"Ilfracombe & Nord Devon: Unterkunft, Sehensw\u00fcrdigkeiten und Geschichte - Urlaub &amp; Reisen","isPartOf":{"@id":"https:\/\/www.urlaubcornwall.de\/blog\/#website"},"datePublished":"2016-06-23T09:42:58+00:00","dateModified":"2024-05-28T14:07:45+00:00","breadcrumb":{"@id":"https:\/\/www.urlaubcornwall.de\/blog\/ilfracombe-nord-devon-sehenswuerdigkeiten-unterkunft-und-geschichte\/#breadcrumb"},"inLanguage":"en-US","potentialAction":[{"@type":"ReadAction","target":["https:\/\/www.urlaubcornwall.de\/blog\/ilfracombe-nord-devon-sehenswuerdigkeiten-unterkunft-und-geschichte\/"]}]},{"@type":"BreadcrumbList","@id":"https:\/\/www.urlaubcornwall.de\/blog\/ilfracombe-nord-devon-sehenswuerdigkeiten-unterkunft-und-geschichte\/#breadcrumb","itemListElement":[{"@type":"ListItem","position":1,"name":"Home","item":"https:\/\/www.urlaubcornwall.de\/blog\/"},{"@type":"ListItem","position":2,"name":"Ilfracombe &#038; Nord Devon: Unterkunft, Sehensw\u00fcrdigkeiten und Geschichte"}]}]}},"_links":{"self":[{"href":"https:\/\/www.urlaubcornwall.de\/blog\/wp-json\/wp\/v2\/pages\/24667"}],"collection":[{"href":"https:\/\/www.urlaubcornwall.de\/blog\/wp-json\/wp\/v2\/pages"}],"about":[{"href":"https:\/\/www.urlaubcornwall.de\/blog\/wp-json\/wp\/v2\/types\/page"}],"author":[{"embeddable":true,"href":"https:\/\/www.urlaubcornwall.de\/blog\/wp-json\/wp\/v2\/users\/1"}],"replies":[{"embeddable":true,"href":"https:\/\/www.urlaubcornwall.de\/blog\/wp-json\/wp\/v2\/comments?post=24667"}],"version-history":[{"count":17,"href":"https:\/\/www.urlaubcornwall.de\/blog\/wp-json\/wp\/v2\/pages\/24667\/revisions"}],"predecessor-version":[{"id":50445,"href":"https:\/\/www.urlaubcornwall.de\/blog\/wp-json\/wp\/v2\/pages\/24667\/revisions\/50445"}],"wp:attachment":[{"href":"https:\/\/www.urlaubcornwall.de\/blog\/wp-json\/wp\/v2\/media?parent=24667"}],"curies":[{"name":"wp","href":"https:\/\/api.w.org\/{rel}","templated":true}]}}