{"id":24618,"date":"2016-06-21T09:43:39","date_gmt":"2016-06-21T09:43:39","guid":{"rendered":"https:\/\/www.urlaubcornwall.de\/blog\/?page_id=24618"},"modified":"2024-04-15T09:54:57","modified_gmt":"2024-04-15T09:54:57","slug":"gaerten-schloesser-burgen-und-herrenhaeuser-in-kent","status":"publish","type":"page","link":"https:\/\/www.urlaubcornwall.de\/blog\/gaerten-schloesser-burgen-und-herrenhaeuser-in-kent\/","title":{"rendered":"G\u00e4rten, Schl\u00f6sser, Burgen und Herrenh\u00e4user in Kent"},"content":{"rendered":"<h2><img loading=\"lazy\" class=\"aligncenter size-full wp-image-24624\" src=\"https:\/\/www.urlaubcornwall.de\/blog\/wp-content\/uploads\/2016\/06\/penshurst-place-kent.jpg\" alt=\"penshurst place-Sehensw\u00fcrdigkeiten-kent\" width=\"745\" height=\"406\" srcset=\"https:\/\/www.urlaubcornwall.de\/blog\/wp-content\/uploads\/2016\/06\/penshurst-place-kent.jpg 745w, https:\/\/www.urlaubcornwall.de\/blog\/wp-content\/uploads\/2016\/06\/penshurst-place-kent-300x163.jpg 300w\" sizes=\"(max-width: 745px) 100vw, 745px\" \/><\/h2>\n<p>credit penshurst place<\/p>\n<h2><strong>G\u00e4rten Kents<\/strong><\/h2>\n<p><a href=\"https:\/\/www.penshurstplace.com\/\"><strong>Penshurst Place und G\u00e4rten:<\/strong><\/a> Die historischen Mauerg\u00e4rten bilden das Juwel in der Krone von Penshurst Place. Mit Aufzeichnungen, die bis ins Jahr 1346 zur\u00fcckreichen, sind sie Musterbeispiel eines elisabethanischen Gartendesigns. Besucher werden 11 Ar an \u201eGartenr\u00e4umen\u201c vorfinden, die das ganze Jahr \u00fcber eine Vielfalt an Form, Bl\u00e4tterwerk und Bl\u00fcten bieten.<\/p>\n<p><a href=\"https:\/\/www.nationaltrust.org.uk\/sissinghurst-castle-garden\"><strong>Sissinghurst Schlossg\u00e4rten:<\/strong><\/a> Die Sissinghurst Schlossg\u00e4rten bei Cranbrook befinden sich innerhalb der Ruine eines gro\u00dfartigen elisabethanischen Hauses. Es war niemals ein wirkliches Schloss, sondern eine Villa, die vom Sohn eines Tudor Maklers erbaut wurde, umgeben von der reichen Kentschen Landschaft mit W\u00e4ldern, B\u00e4chen und \u00c4ckern. Nach etlichen Jahrhunderten der Vernachl\u00e4ssigung wurde es 1930 von Vita Sackville West und ihrem Mann Harold Nicolson gekauft. Sie schufen inmitten der Mauern der Ruinen eine einzigartige und intime Reihe an G\u00e4rten und Landschaften in sogenannten \u201eR\u00e4umen im Freien\u201c, gesch\u00fctzt von hohen Ziegelmauern, einschlie\u00dflich des ber\u00fchmten Wei\u00dfen Gartens, der Gartendesign entscheidend beeinflusste.<\/p>\n<p><a href=\"http:\/\/www.pashleymanorgardens.com\/\"><strong>Pashley Herrenhaus G\u00e4rten:<\/strong><\/a> In Ticehurst, an der Grenze zwischen <a href=\"https:\/\/www.urlaubcornwall.de\/blog\/top-10-reisetipps-ostsussex-sie-sie-sehen-und-erleben-sollten\/\">Ostsussex<\/a> und Kent, sind sie ein ideales Ausflugsziel f\u00fcr Gartenliebhaber, Kunst- und Geschichtsbegeisterte, eifrige Fotografen oder all jene, die sich nach einem friedvollen und angenehmen Tag sehnen, umgeben von Sch\u00f6nheit und Natur. Ge\u00f6ffnet vom 1. April bis 30. September, Dienstag bis Samstag.<\/p>\n<p><a href=\"http:\/\/www.groombridgeplace.com\/\"><strong>Groombridge Place und G\u00e4rten:<\/strong> <\/a>Diese G\u00e4rten haben aufgrund der ganzj\u00e4hrigen Farbenpracht Auszeichnungen erhalten; best\u00fcckt mit Teppichen von Hyazinthen, wundersch\u00f6nen Glyzinien, s\u00fc\u00df duftenden Rosen, Kr\u00e4uterbegrenzungen und Kirschbl\u00fcten.<\/p>\n<div class=\"snippet\"> <a class=\"featured-item\" href=\" https:\/\/www.urlaubcornwall.de\/ferienhaeuser\/suedengland.php\"> <span class=\"image-holder\" style=\"background-image: url(' https:\/\/www.urlaubcornwall.de\/blog\/wp-content\/uploads\/2018\/12\/20360149.jpg');\"><\/span> <span class=\"featured-content\"> \n<h2 class=\"featured-title\">Ferienh\u00e4user in S\u00fcdengland zum Verlieben!<\/h2>\n<p class=\"featured-body\">Dank seiner langen Geschichte, der reizvollen Landschaften und seinen vielen Attraktionen ist S\u00fcdengland ein wahres Mekka f\u00fcr Urlauber. F\u00fcr Familien und Paare ist die Reise durch Kent, den Garten Englands, die Sussex Downs, die uralten Grafschaften von Hampshire und Dorset&#8230;<\/p>\n<\/span> <span class=\"featured-link-holder\"> <span class=\"featured-extra-info\"> \n<p>F\u00fcr Paare, Familien &#038; Gruppen<\/p>\n<\/span> \n<p class=\"featured-link\">DETAILS<\/p>\n<\/span> <\/a><\/div>\n<h2>Schl\u00f6sser und Herrenh\u00e4user Kents<\/h2>\n<p><img loading=\"lazy\" class=\"aligncenter size-full wp-image-24625\" src=\"https:\/\/www.urlaubcornwall.de\/blog\/wp-content\/uploads\/2016\/06\/hever-schloss-kent.jpg\" alt=\"hever schloss kent\" width=\"745\" height=\"402\" srcset=\"https:\/\/www.urlaubcornwall.de\/blog\/wp-content\/uploads\/2016\/06\/hever-schloss-kent.jpg 745w, https:\/\/www.urlaubcornwall.de\/blog\/wp-content\/uploads\/2016\/06\/hever-schloss-kent-300x162.jpg 300w\" sizes=\"(max-width: 745px) 100vw, 745px\" \/><\/p>\n<p><a href=\"https:\/\/www.hevercastle.co.uk\/\"><strong>Hever Castle:<\/strong><\/a> Hever Castle ist ein befestigtes Herrenhaus, das romantisch in seinem Wallgraben steht. Hever Castle wurde im 13. Jahrhundert erbaut, und hier hat Anne Boleyn, die zweite Frau Heinrichs VIII, ihre Kindheit verbracht.<\/p>\n<p>1903 wurde Hever von einem reichen Amerikaner, William Waldorf Astor, aufgekauft, und dieser gestaltete es um und restaurierte es mit feinem edwardianischen handwerklichen K\u00f6nnen und f\u00fcllte es mit M\u00f6beln, Wandteppichen und Kunstwerken. Er gestaltete auch das Grundst\u00fcck um, das nun einen italienischen Garten mit Statuen, einen Irrgarten, B\u00fcsche, die Skulpturen gleichen, einen See und einen ummauerten Rosengarten beinhaltet.<\/p>\n<p><script async src=\"https:\/\/pagead2.googlesyndication.com\/pagead\/js\/adsbygoogle.js?client=ca-pub-3901089389175725\"\n     crossorigin=\"anonymous\"><\/script><br \/>\n<!-- New UC --><br \/>\n<ins class=\"adsbygoogle\"\n     style=\"display:block\"\n     data-ad-client=\"ca-pub-3901089389175725\"\n     data-ad-slot=\"8080314818\"\n     data-ad-format=\"auto\"\n     data-full-width-responsive=\"true\"><\/ins><br \/>\n<script>\n     (adsbygoogle = window.adsbygoogle || []).push({});\n<\/script><\/p>\n<p><strong><a href=\"https:\/\/www.nationaltrust.org.uk\/toys-hill\" rel=\"nofollow\">Ide Hill und Toys Hill<\/a>:<\/strong> Die bewaldeten Hochl\u00e4nder der Greensand Ridge westlich von Sevenoaks und s\u00fcdlich der M25 gelegen, sind herrliche Wanderlandschaft. Die 162 Hektar bei Toys Hill und dem benachbarten Ide Hill befinden sich im Besitz des National Trust, und mit ihrer Dorfgr\u00fcnfl\u00e4che, den Kneipen und der Kirche auf der H\u00fcgelspitze bieten sie Blick \u00fcber den Weald von Kent, der mit einem \u00dcberma\u00df an Tierleben und idyllischen, friedvollen Wanderwegen besticht.<\/p>\n<p><img loading=\"lazy\" class=\"aligncenter size-full wp-image-49408\" src=\"https:\/\/www.urlaubcornwall.de\/blog\/wp-content\/uploads\/2024\/04\/chartwell.jpg\" alt=\"chartwell\" width=\"750\" height=\"563\" srcset=\"https:\/\/www.urlaubcornwall.de\/blog\/wp-content\/uploads\/2024\/04\/chartwell.jpg 750w, https:\/\/www.urlaubcornwall.de\/blog\/wp-content\/uploads\/2024\/04\/chartwell-300x225.jpg 300w\" sizes=\"(max-width: 750px) 100vw, 750px\" \/><\/p>\n<p><strong><a href=\"https:\/\/www.nationaltrust.org.uk\/chartwell\" rel=\"nofollow\">Chartwell<\/a>:<\/strong> Chartwell war von 1922-1964 das Zuhause von Sir Winston Churchill, ein Ort, der ihn wahrhaft inspirierte. Das Haus, das sich im Besitz des National Trust befindet, ist nach wie vor so wie einst, als die Familie hier lebte, samt Bildern, B\u00fcchern und pers\u00f6nlicher Erinnerungsst\u00fccke. Das Studio beinhaltet die gr\u00f6\u00dfte Sammlung von Churchills Gem\u00e4lden, und der Garten spiegelt seine Liebe zur Landschaft und Natur wider.<\/p>\n<p><a href=\"https:\/\/www.urlaubcornwall.de\/blog\/wp-content\/uploads\/2024\/03\/leeds-castle.jpg\"><img loading=\"lazy\" src=\"https:\/\/www.urlaubcornwall.de\/blog\/wp-content\/uploads\/2024\/03\/leeds-castle.jpg\" alt=\"leeds castle\" width=\"750\" height=\"479\" class=\"alignnone size-full wp-image-47987\" srcset=\"https:\/\/www.urlaubcornwall.de\/blog\/wp-content\/uploads\/2024\/03\/leeds-castle.jpg 750w, https:\/\/www.urlaubcornwall.de\/blog\/wp-content\/uploads\/2024\/03\/leeds-castle-300x192.jpg 300w\" sizes=\"(max-width: 750px) 100vw, 750px\" \/><\/a><\/p>\n<p><strong><a href=\"https:\/\/www.leeds-castle.com\/\">Leeds Castle<\/a>:<\/strong> Schloss Leeds, gerade einmal \u00f6stlich von Maidstone an der M20 gelegen, befindet sich eine ganze Welt und mehrere Jahrhunderte entfernt vom Dr\u00f6hnen der Autobahn. Beschrieben als das \u201ewundervollste Schloss der Welt\u201c war es \u00fcber drei Jahrhunderte hinweg k\u00f6niglicher Palast. Es steht auf zwei Inseln innerhalb eines Sees, der umgeben ist von 200 Hektar ruhiger G\u00e4rten und Landschaftsparks. Es ist der perfekte Ort f\u00fcr einen Familientagesausflug.<\/p>\n<p><strong><a href=\"https:\/\/www.nationaltrust.org.uk\/ightham-mote\">Ightham und Ightham Mote:<\/a><\/strong> Das Dorf Ightham ist ein malerisches Kentsches Dorf mit Halbfachwerkh\u00e4usern, Gastst\u00e4tten und einer Kirche des 12.-15. Jahrhunderts. Ungef\u00e4hr 4,8km s\u00fcdlich liegt Ightham Mote, ein magisches, mittelalterliches Herrenhaus auf einer Insel, umgeben von einem Wallgraben. Die ruhigen G\u00e4rten verf\u00fcgen \u00fcber B\u00e4che und Seen, die von nat\u00fcrlichen Quellen gespeist werden, und das Gut bietet herrliche Spazierg\u00e4nge und Blick \u00fcber die Landschaft.<\/p>\n<p><script async src=\"https:\/\/pagead2.googlesyndication.com\/pagead\/js\/adsbygoogle.js?client=ca-pub-3901089389175725\"\n     crossorigin=\"anonymous\"><\/script><br \/>\n<!-- New UC --><br \/>\n<ins class=\"adsbygoogle\"\n     style=\"display:block\"\n     data-ad-client=\"ca-pub-3901089389175725\"\n     data-ad-slot=\"8080314818\"\n     data-ad-format=\"auto\"\n     data-full-width-responsive=\"true\"><\/ins><br \/>\n<script>\n     (adsbygoogle = window.adsbygoogle || []).push({});\n<\/script><\/p>\n<p><a href=\"https:\/\/www.nationaltrust.org.uk\/smallhythe-place\"><strong>Tenterden:<\/strong><\/a> Tenterden ist eine von mehreren charakteristischen Wealden St\u00e4dte und D\u00f6rfer in diesem Teil Kents; die H\u00e4user und Geb\u00e4ude sind gebaut aus wei\u00dfer Stulpschalung, Ziegeln und Fliesen. Das Dorf wird dominiert von der St. Mildreds Kirche, die eine der feinsten Gemeindekirchen Kents sein soll. Der Turm ist 30,5m hoch und an einem feinen Tag kann man einen Blick der franz\u00f6sischen K\u00fcste erhaschen. Smallhythe Place ist ein Cottage aus dem 16. Jahrhundert, im Besitz des National Trust, und war einst das Zuhause der viktorianischen Schauspielerin Ellen Terry. Dieses Juwel von einem H\u00e4uschen, an den wundersch\u00f6nen Weald von Kent angeschmiegt, beinhaltet einige faszinierende Erinnerungsst\u00fccke aus der Theaterwelt.<\/p>\n<p><strong>Unser Rundreisenservice<\/strong> &#8211; <a href=\"https:\/\/www.urlaubcornwall.de\/rundreisenservice.php\">UrlaubCornwall.de<\/a> ist ein in Cornwall ans\u00e4ssiges Unternehmen k\u00f6nnen wir uns mit 20 Jahren Erfahrung in der Organisation von Rundreisen durch <a href=\"https:\/\/www.urlaubcornwall.de\/reiseziel\/kent.php\">Kent<\/a>, S\u00fcdwest und S\u00fcdengland r\u00fchmen.<\/p>\n<p><iframe loading=\"lazy\" src=\"https:\/\/www.google.com\/maps\/d\/u\/0\/embed?mid=11WbuG59BxL_fm_Zx9YQKDcRlSlM\" width=\"748\" height=\"480\"><\/iframe><\/p>\n","protected":false},"excerpt":{"rendered":"<p>credit penshurst place G\u00e4rten Kents Penshurst Place und G\u00e4rten: Die historischen Mauerg\u00e4rten bilden das Juwel in der Krone von Penshurst Place. Mit Aufzeichnungen, die bis ins Jahr 1346 zur\u00fcckreichen, sind sie Musterbeispiel eines elisabethanischen Gartendesigns. Besucher werden 11 Ar an \u201eGartenr\u00e4umen\u201c vorfinden, die das ganze Jahr \u00fcber eine Vielfalt an Form, Bl\u00e4tterwerk und Bl\u00fcten bieten. [&hellip;]<\/p>\n","protected":false},"author":1,"featured_media":0,"parent":0,"menu_order":0,"comment_status":"closed","ping_status":"closed","template":"single-four.php","meta":[],"acf":[],"yoast_head":"<!-- This site is optimized with the Yoast SEO plugin v19.4 - https:\/\/yoast.com\/wordpress\/plugins\/seo\/ -->\n<title>G\u00e4rten, Schl\u00f6sser, Burgen und Herrenh\u00e4user in Kent - Urlaub &amp; Reisen<\/title>\n<meta name=\"robots\" content=\"index, follow, max-snippet:-1, max-image-preview:large, max-video-preview:-1\" \/>\n<link rel=\"canonical\" href=\"https:\/\/www.urlaubcornwall.de\/blog\/gaerten-schloesser-burgen-und-herrenhaeuser-in-kent\/\" \/>\n<meta property=\"og:locale\" content=\"en_US\" \/>\n<meta property=\"og:type\" content=\"article\" \/>\n<meta property=\"og:title\" content=\"G\u00e4rten, Schl\u00f6sser, Burgen und Herrenh\u00e4user in Kent - Urlaub &amp; Reisen\" \/>\n<meta property=\"og:description\" content=\"credit penshurst place G\u00e4rten Kents Penshurst Place und G\u00e4rten: Die historischen Mauerg\u00e4rten bilden das Juwel in der Krone von Penshurst Place. Mit Aufzeichnungen, die bis ins Jahr 1346 zur\u00fcckreichen, sind sie Musterbeispiel eines elisabethanischen Gartendesigns. Besucher werden 11 Ar an \u201eGartenr\u00e4umen\u201c vorfinden, die das ganze Jahr \u00fcber eine Vielfalt an Form, Bl\u00e4tterwerk und Bl\u00fcten bieten. [&hellip;]\" \/>\n<meta property=\"og:url\" content=\"https:\/\/www.urlaubcornwall.de\/blog\/gaerten-schloesser-burgen-und-herrenhaeuser-in-kent\/\" \/>\n<meta property=\"og:site_name\" content=\"Urlaub &amp; Reisen\" \/>\n<meta property=\"article:modified_time\" content=\"2024-04-15T09:54:57+00:00\" \/>\n<meta property=\"og:image\" content=\"https:\/\/www.urlaubcornwall.de\/blog\/wp-content\/uploads\/2016\/06\/penshurst-place-kent.jpg\" \/>\n<meta name=\"twitter:card\" content=\"summary\" \/>\n<meta name=\"twitter:label1\" content=\"Est. reading time\" \/>\n\t<meta name=\"twitter:data1\" content=\"5 minutes\" \/>\n<script type=\"application\/ld+json\" class=\"yoast-schema-graph\">{\"@context\":\"https:\/\/schema.org\",\"@graph\":[{\"@type\":\"WebSite\",\"@id\":\"https:\/\/www.urlaubcornwall.de\/blog\/#website\",\"url\":\"https:\/\/www.urlaubcornwall.de\/blog\/\",\"name\":\"Urlaub &amp; Reisen\",\"description\":\"Urlaub, Reisen, Cornwall und S\u00fcdengland: eine perfekte Kombination\",\"potentialAction\":[{\"@type\":\"SearchAction\",\"target\":{\"@type\":\"EntryPoint\",\"urlTemplate\":\"https:\/\/www.urlaubcornwall.de\/blog\/?s={search_term_string}\"},\"query-input\":\"required name=search_term_string\"}],\"inLanguage\":\"en-US\"},{\"@type\":\"WebPage\",\"@id\":\"https:\/\/www.urlaubcornwall.de\/blog\/gaerten-schloesser-burgen-und-herrenhaeuser-in-kent\/\",\"url\":\"https:\/\/www.urlaubcornwall.de\/blog\/gaerten-schloesser-burgen-und-herrenhaeuser-in-kent\/\",\"name\":\"G\u00e4rten, Schl\u00f6sser, Burgen und Herrenh\u00e4user in Kent - Urlaub &amp; Reisen\",\"isPartOf\":{\"@id\":\"https:\/\/www.urlaubcornwall.de\/blog\/#website\"},\"datePublished\":\"2016-06-21T09:43:39+00:00\",\"dateModified\":\"2024-04-15T09:54:57+00:00\",\"breadcrumb\":{\"@id\":\"https:\/\/www.urlaubcornwall.de\/blog\/gaerten-schloesser-burgen-und-herrenhaeuser-in-kent\/#breadcrumb\"},\"inLanguage\":\"en-US\",\"potentialAction\":[{\"@type\":\"ReadAction\",\"target\":[\"https:\/\/www.urlaubcornwall.de\/blog\/gaerten-schloesser-burgen-und-herrenhaeuser-in-kent\/\"]}]},{\"@type\":\"BreadcrumbList\",\"@id\":\"https:\/\/www.urlaubcornwall.de\/blog\/gaerten-schloesser-burgen-und-herrenhaeuser-in-kent\/#breadcrumb\",\"itemListElement\":[{\"@type\":\"ListItem\",\"position\":1,\"name\":\"Home\",\"item\":\"https:\/\/www.urlaubcornwall.de\/blog\/\"},{\"@type\":\"ListItem\",\"position\":2,\"name\":\"G\u00e4rten, Schl\u00f6sser, Burgen und Herrenh\u00e4user in Kent\"}]}]}<\/script>\n<!-- \/ Yoast SEO plugin. -->","yoast_head_json":{"title":"G\u00e4rten, Schl\u00f6sser, Burgen und Herrenh\u00e4user in Kent - Urlaub &amp; Reisen","robots":{"index":"index","follow":"follow","max-snippet":"max-snippet:-1","max-image-preview":"max-image-preview:large","max-video-preview":"max-video-preview:-1"},"canonical":"https:\/\/www.urlaubcornwall.de\/blog\/gaerten-schloesser-burgen-und-herrenhaeuser-in-kent\/","og_locale":"en_US","og_type":"article","og_title":"G\u00e4rten, Schl\u00f6sser, Burgen und Herrenh\u00e4user in Kent - Urlaub &amp; Reisen","og_description":"credit penshurst place G\u00e4rten Kents Penshurst Place und G\u00e4rten: Die historischen Mauerg\u00e4rten bilden das Juwel in der Krone von Penshurst Place. Mit Aufzeichnungen, die bis ins Jahr 1346 zur\u00fcckreichen, sind sie Musterbeispiel eines elisabethanischen Gartendesigns. Besucher werden 11 Ar an \u201eGartenr\u00e4umen\u201c vorfinden, die das ganze Jahr \u00fcber eine Vielfalt an Form, Bl\u00e4tterwerk und Bl\u00fcten bieten. [&hellip;]","og_url":"https:\/\/www.urlaubcornwall.de\/blog\/gaerten-schloesser-burgen-und-herrenhaeuser-in-kent\/","og_site_name":"Urlaub &amp; Reisen","article_modified_time":"2024-04-15T09:54:57+00:00","og_image":[{"url":"https:\/\/www.urlaubcornwall.de\/blog\/wp-content\/uploads\/2016\/06\/penshurst-place-kent.jpg"}],"twitter_card":"summary","twitter_misc":{"Est. reading time":"5 minutes"},"schema":{"@context":"https:\/\/schema.org","@graph":[{"@type":"WebSite","@id":"https:\/\/www.urlaubcornwall.de\/blog\/#website","url":"https:\/\/www.urlaubcornwall.de\/blog\/","name":"Urlaub &amp; Reisen","description":"Urlaub, Reisen, Cornwall und S\u00fcdengland: eine perfekte Kombination","potentialAction":[{"@type":"SearchAction","target":{"@type":"EntryPoint","urlTemplate":"https:\/\/www.urlaubcornwall.de\/blog\/?s={search_term_string}"},"query-input":"required name=search_term_string"}],"inLanguage":"en-US"},{"@type":"WebPage","@id":"https:\/\/www.urlaubcornwall.de\/blog\/gaerten-schloesser-burgen-und-herrenhaeuser-in-kent\/","url":"https:\/\/www.urlaubcornwall.de\/blog\/gaerten-schloesser-burgen-und-herrenhaeuser-in-kent\/","name":"G\u00e4rten, Schl\u00f6sser, Burgen und Herrenh\u00e4user in Kent - Urlaub &amp; Reisen","isPartOf":{"@id":"https:\/\/www.urlaubcornwall.de\/blog\/#website"},"datePublished":"2016-06-21T09:43:39+00:00","dateModified":"2024-04-15T09:54:57+00:00","breadcrumb":{"@id":"https:\/\/www.urlaubcornwall.de\/blog\/gaerten-schloesser-burgen-und-herrenhaeuser-in-kent\/#breadcrumb"},"inLanguage":"en-US","potentialAction":[{"@type":"ReadAction","target":["https:\/\/www.urlaubcornwall.de\/blog\/gaerten-schloesser-burgen-und-herrenhaeuser-in-kent\/"]}]},{"@type":"BreadcrumbList","@id":"https:\/\/www.urlaubcornwall.de\/blog\/gaerten-schloesser-burgen-und-herrenhaeuser-in-kent\/#breadcrumb","itemListElement":[{"@type":"ListItem","position":1,"name":"Home","item":"https:\/\/www.urlaubcornwall.de\/blog\/"},{"@type":"ListItem","position":2,"name":"G\u00e4rten, Schl\u00f6sser, Burgen und Herrenh\u00e4user in Kent"}]}]}},"_links":{"self":[{"href":"https:\/\/www.urlaubcornwall.de\/blog\/wp-json\/wp\/v2\/pages\/24618"}],"collection":[{"href":"https:\/\/www.urlaubcornwall.de\/blog\/wp-json\/wp\/v2\/pages"}],"about":[{"href":"https:\/\/www.urlaubcornwall.de\/blog\/wp-json\/wp\/v2\/types\/page"}],"author":[{"embeddable":true,"href":"https:\/\/www.urlaubcornwall.de\/blog\/wp-json\/wp\/v2\/users\/1"}],"replies":[{"embeddable":true,"href":"https:\/\/www.urlaubcornwall.de\/blog\/wp-json\/wp\/v2\/comments?post=24618"}],"version-history":[{"count":21,"href":"https:\/\/www.urlaubcornwall.de\/blog\/wp-json\/wp\/v2\/pages\/24618\/revisions"}],"predecessor-version":[{"id":49412,"href":"https:\/\/www.urlaubcornwall.de\/blog\/wp-json\/wp\/v2\/pages\/24618\/revisions\/49412"}],"wp:attachment":[{"href":"https:\/\/www.urlaubcornwall.de\/blog\/wp-json\/wp\/v2\/media?parent=24618"}],"curies":[{"name":"wp","href":"https:\/\/api.w.org\/{rel}","templated":true}]}}