{"id":24592,"date":"2016-06-19T11:13:12","date_gmt":"2016-06-19T11:13:12","guid":{"rendered":"https:\/\/www.urlaubcornwall.de\/blog\/?page_id=24592"},"modified":"2024-04-12T10:36:03","modified_gmt":"2024-04-12T10:36:03","slug":"sandwich-kent-unterkunft-sehenswuerdigkeiten-und-geschichte","status":"publish","type":"page","link":"https:\/\/www.urlaubcornwall.de\/blog\/sandwich-kent-unterkunft-sehenswuerdigkeiten-und-geschichte\/","title":{"rendered":"Sandwich, Kent: Unterkunft, Sehensw\u00fcrdigkeiten und Geschichte"},"content":{"rendered":"<p><img loading=\"lazy\" class=\"aligncenter size-full wp-image-47865\" src=\"https:\/\/www.urlaubcornwall.de\/blog\/wp-content\/uploads\/2024\/03\/canterbury-river.jpg\" alt=\"canterbury fluss\" width=\"750\" height=\"563\" srcset=\"https:\/\/www.urlaubcornwall.de\/blog\/wp-content\/uploads\/2024\/03\/canterbury-river.jpg 750w, https:\/\/www.urlaubcornwall.de\/blog\/wp-content\/uploads\/2024\/03\/canterbury-river-300x225.jpg 300w\" sizes=\"(max-width: 750px) 100vw, 750px\" \/><\/p>\n<p style=\"text-align: left;\">Sandwich in <a href=\"https:\/\/www.urlaubcornwall.de\/reiseziel\/kent.php\">Kent<\/a> ist eine der besterhaltenen mittelalterlichen St\u00e4dte Englands. Im 13. Jahrhundert war sie Englands Haupthafen f\u00fcr den Export von Wolle, doch im 15. Jahrhundert versandete der Fluss, und der Handel zog entlang der K\u00fcste nach Deal. Die Stadt befindet sich heute ungef\u00e4hr 3km im Binnenland. Der Eingang zur Stadt wird bewacht von den Zwillingst\u00fcrmen des Barbican Tors, das 1539 erbaut wurde. Es macht Freude, die engen verschlungenen Stra\u00dfen dieser mittelalterlichen Stadt zu erkunden.<\/p>\n<p style=\"text-align: left;\"><strong>Sandwich Bay:<\/strong> Sandwich Bay zieht sich zwischen <a href=\"https:\/\/www.urlaubcornwall.de\/ferienhaeuser-fewos\/eng\/kent\/ramsgate.html\">Ramsgate<\/a> und <a href=\"https:\/\/www.urlaubcornwall.de\/ferienhaeuser-fewos\/eng\/kent\/deal.html\">Deal<\/a> entlang; das Gebiet besteht aus Flachsand, Salzs\u00fcmpfen und Sandd\u00fcnen und ist von sehr gro\u00dfer \u00f6kologischer Wichtigkeit mit Schutzgebieten und Naturreservaten. Drei der prestigetr\u00e4chtigsten Golfpl\u00e4tze des UK befinden sich hier, der Royal Cinque Ports, Royal St Georges und Princes. Bei Deal besteht der Strand haupts\u00e4chlich aus Kieseln, doch f\u00fchrt er \u00fcber in Sandd\u00fcnen je weiter Sie Richtung Ramsgate entlanggehen. Um die Sandd\u00fcnen mit dem Auto zu erreichen, m\u00fcssen Sie eine Mautstra\u00dfe durch den privaten Sandwich Bay Estate nehmen.<\/p>\n<p style=\"text-align: left;\"><strong>Walmer Castle:<\/strong> Walmer Castle ist eines von drei Schl\u00f6ssern, das von Heinrich VIII in den 1530ern entlang dieses K\u00fcstenabschnitts von Kent erbaut wurde; die anderen beiden sind bei Deal und Sandown. Dieses charmante Tudorschloss am Meer verf\u00fcgt \u00fcber 8 Ar herrlicher G\u00e4rten und Parks. Das Schloss ist das Zuhause von Lord Warden. Hier wohnten zudem Sir Winston Churchill, die K\u00f6nigin Mutter und der Herzog von Wellington. Der Wellington Raum im Schloss wurde restauriert und sieht nun so aus wie einst, als der Herzog von Wellington hier lebte und starb.<\/p>\n<p style=\"text-align: left;\"><strong>Sandwiches:<\/strong> Sandwich wurde als Wort im 18. Jahrhundert in die englische Sprache eingef\u00fcgt als John Montagu, Graf von Sandwich, sich ungern lange genug vom Spieltisch l\u00f6ste, um eine richtige Mahlzeit einzunehmen und stattdessen nach einer Scheibe Rindfleisch zwischen zwei Scheiben Brot verlangte.<\/p>\n<p style=\"text-align: left;\"><strong>Deal:<\/strong> In Deal soll im Jahre 55 BC Julius Caesar in Britannien gelandet sein. Einst ein kleines Fischerdorf, wurde es im 13. Jahrhundert wichtiger Hafen, und das&nbsp; Deal Museum beherbergt eine interessante Sammlung an Ausstellungsgegenst\u00e4nden aus der Seefahrtsgeschichte. Die Burg Deal wurde 1540 von Heinrich VIII erbaut und hat die Form einer Tudorrose; sie ist eine der feinsten Tudor-Artillerieschl\u00f6ssern in England und eine der fr\u00fchesten und aufw\u00e4ndigst gebauten in einer Reihe von Festungen von Heinrich VIII entlang der K\u00fcsten. Die anderen sind Calshot, Camber, Pendennis, St Mawes und Walmer.<\/p>\n<p style=\"text-align: left;\"><strong>Die geheimen G\u00e4rten von Sandwich:<\/strong> Die geheimen G\u00e4rten von Sandwich werden umrundet von Stadtmauern. Die 3,5Ar G\u00e4rten wurden von Sir Edwin Lutyens und Gertrude Jekyll designt. Sie wurden 25 Jahre lang vernachl\u00e4ssigt, doch w\u00e4hrend der vergangenen 4 Jahre zu ihrer ehemaligen Pracht restauriert und geh\u00f6ren heute zu den feinsten G\u00e4rten Kents.<\/p>\n<div class=\"snippet\"> <a class=\"featured-item\" href=\"https:\/\/www.urlaubcornwall.de\/ferienhaeuser-fewos\/eng\/kent\/kent.html\"> <span class=\"image-holder\" style=\"background-image: url(' https:\/\/www.urlaubcornwall.de\/blog\/wp-content\/uploads\/2018\/11\/rundreise-cornwall.jpg ');\"><\/span> <span class=\"featured-content\"> \n<h2 class=\"featured-title\">Ferienh\u00e4user in Kent zum Verlieben!<\/h2>\n<p class=\"featured-body\">Kent, der \u2018Garten Englands\u2019, mit seinen sanft gewellten H\u00fcgeln und reichlichen Obstg\u00e4rten ist bekannt f\u00fcr seine Hopfeng\u00e4rten und Trockenh\u00e4user, wie auch eine wachsende Winzerindustrie&#8230;..<\/p><\/span> <span class=\"featured-link-holder\"> <span class=\"featured-extra-info\"> \n<p>F\u00fcr Paare, Familien &#038; Gruppen<\/p>\n<\/span> \n<p class=\"featured-link\">DETAILS<\/p>\n<\/span> <\/a><\/div>\n<p style=\"text-align: center;\"><a href=\"http:\/\/www.urlaubcornwall.de\/\">UrlaubCornwall.de<\/a> ist ein in Cornwall ans\u00e4ssiges Unternehmen k\u00f6nnen wir uns mit 20 Jahren Erfahrung in der Organisation von Rundreisen durch <a href=\"https:\/\/www.urlaubcornwall.de\/reiseziel\/kent.php\">Kent<\/a>, S\u00fcdwest und S\u00fcdengland r\u00fchmen.<\/p>\n<p style=\"text-align: center;\">Um Sandwich und Kent in Ihre Rundreise durch S\u00fcdengland mit einzugliedern, stellen Sie Ihre <a href=\"http:\/\/www.urlaubcornwall.de\/anfrage.php\">Anfrage<\/a> hier oder w\u00e4hlen Sie ein Ferienhaus aus unserer besten Auswahl <a href=\"https:\/\/www.urlaubcornwall.de\/ferienhaueser\/kent.php\">handverlesener und inspizierter H\u00e4user<\/a> aus.<\/p>\n<h1 style=\"text-align: center;\"><strong>Bei uns finden Sie Ferienh\u00e4user in Kent zum Verlieben \u2013 so einfach ist das!<\/strong><\/h1>\n<p style=\"text-align: center;\"><a class=\"tidycta\" href=\"https:\/\/www.urlaubcornwall.de\/ferienhaeuser\/suedengland.php\">Suche Ferienh\u00e4user S\u00fcdengland<\/a><\/p>\n","protected":false},"excerpt":{"rendered":"<p>Sandwich in Kent ist eine der besterhaltenen mittelalterlichen St\u00e4dte Englands. Im 13. Jahrhundert war sie Englands Haupthafen f\u00fcr den Export von Wolle, doch im 15. Jahrhundert versandete der Fluss, und der Handel zog entlang der K\u00fcste nach Deal. Die Stadt befindet sich heute ungef\u00e4hr 3km im Binnenland. Der Eingang zur Stadt wird bewacht von den [&hellip;]<\/p>\n","protected":false},"author":1,"featured_media":0,"parent":0,"menu_order":0,"comment_status":"closed","ping_status":"closed","template":"single-four.php","meta":[],"acf":[],"yoast_head":"<!-- This site is optimized with the Yoast SEO plugin v19.4 - https:\/\/yoast.com\/wordpress\/plugins\/seo\/ -->\n<title>Sandwich, Kent: Unterkunft, Sehensw\u00fcrdigkeiten und Geschichte - Urlaub &amp; Reisen<\/title>\n<meta name=\"robots\" content=\"index, follow, max-snippet:-1, max-image-preview:large, max-video-preview:-1\" \/>\n<link rel=\"canonical\" href=\"https:\/\/www.urlaubcornwall.de\/blog\/sandwich-kent-unterkunft-sehenswuerdigkeiten-und-geschichte\/\" \/>\n<meta property=\"og:locale\" content=\"en_US\" \/>\n<meta property=\"og:type\" content=\"article\" \/>\n<meta property=\"og:title\" content=\"Sandwich, Kent: Unterkunft, Sehensw\u00fcrdigkeiten und Geschichte - Urlaub &amp; Reisen\" \/>\n<meta property=\"og:description\" content=\"Sandwich in Kent ist eine der besterhaltenen mittelalterlichen St\u00e4dte Englands. Im 13. Jahrhundert war sie Englands Haupthafen f\u00fcr den Export von Wolle, doch im 15. Jahrhundert versandete der Fluss, und der Handel zog entlang der K\u00fcste nach Deal. Die Stadt befindet sich heute ungef\u00e4hr 3km im Binnenland. Der Eingang zur Stadt wird bewacht von den [&hellip;]\" \/>\n<meta property=\"og:url\" content=\"https:\/\/www.urlaubcornwall.de\/blog\/sandwich-kent-unterkunft-sehenswuerdigkeiten-und-geschichte\/\" \/>\n<meta property=\"og:site_name\" content=\"Urlaub &amp; Reisen\" \/>\n<meta property=\"article:modified_time\" content=\"2024-04-12T10:36:03+00:00\" \/>\n<meta property=\"og:image\" content=\"https:\/\/www.urlaubcornwall.de\/blog\/wp-content\/uploads\/2024\/03\/canterbury-river.jpg\" \/>\n<meta name=\"twitter:card\" content=\"summary\" \/>\n<meta name=\"twitter:label1\" content=\"Est. reading time\" \/>\n\t<meta name=\"twitter:data1\" content=\"3 minutes\" \/>\n<script type=\"application\/ld+json\" class=\"yoast-schema-graph\">{\"@context\":\"https:\/\/schema.org\",\"@graph\":[{\"@type\":\"WebSite\",\"@id\":\"https:\/\/www.urlaubcornwall.de\/blog\/#website\",\"url\":\"https:\/\/www.urlaubcornwall.de\/blog\/\",\"name\":\"Urlaub &amp; Reisen\",\"description\":\"Urlaub, Reisen, Cornwall und S\u00fcdengland: eine perfekte Kombination\",\"potentialAction\":[{\"@type\":\"SearchAction\",\"target\":{\"@type\":\"EntryPoint\",\"urlTemplate\":\"https:\/\/www.urlaubcornwall.de\/blog\/?s={search_term_string}\"},\"query-input\":\"required name=search_term_string\"}],\"inLanguage\":\"en-US\"},{\"@type\":\"WebPage\",\"@id\":\"https:\/\/www.urlaubcornwall.de\/blog\/sandwich-kent-unterkunft-sehenswuerdigkeiten-und-geschichte\/\",\"url\":\"https:\/\/www.urlaubcornwall.de\/blog\/sandwich-kent-unterkunft-sehenswuerdigkeiten-und-geschichte\/\",\"name\":\"Sandwich, Kent: Unterkunft, Sehensw\u00fcrdigkeiten und Geschichte - Urlaub &amp; Reisen\",\"isPartOf\":{\"@id\":\"https:\/\/www.urlaubcornwall.de\/blog\/#website\"},\"datePublished\":\"2016-06-19T11:13:12+00:00\",\"dateModified\":\"2024-04-12T10:36:03+00:00\",\"breadcrumb\":{\"@id\":\"https:\/\/www.urlaubcornwall.de\/blog\/sandwich-kent-unterkunft-sehenswuerdigkeiten-und-geschichte\/#breadcrumb\"},\"inLanguage\":\"en-US\",\"potentialAction\":[{\"@type\":\"ReadAction\",\"target\":[\"https:\/\/www.urlaubcornwall.de\/blog\/sandwich-kent-unterkunft-sehenswuerdigkeiten-und-geschichte\/\"]}]},{\"@type\":\"BreadcrumbList\",\"@id\":\"https:\/\/www.urlaubcornwall.de\/blog\/sandwich-kent-unterkunft-sehenswuerdigkeiten-und-geschichte\/#breadcrumb\",\"itemListElement\":[{\"@type\":\"ListItem\",\"position\":1,\"name\":\"Home\",\"item\":\"https:\/\/www.urlaubcornwall.de\/blog\/\"},{\"@type\":\"ListItem\",\"position\":2,\"name\":\"Sandwich, Kent: Unterkunft, Sehensw\u00fcrdigkeiten und Geschichte\"}]}]}<\/script>\n<!-- \/ Yoast SEO plugin. -->","yoast_head_json":{"title":"Sandwich, Kent: Unterkunft, Sehensw\u00fcrdigkeiten und Geschichte - Urlaub &amp; Reisen","robots":{"index":"index","follow":"follow","max-snippet":"max-snippet:-1","max-image-preview":"max-image-preview:large","max-video-preview":"max-video-preview:-1"},"canonical":"https:\/\/www.urlaubcornwall.de\/blog\/sandwich-kent-unterkunft-sehenswuerdigkeiten-und-geschichte\/","og_locale":"en_US","og_type":"article","og_title":"Sandwich, Kent: Unterkunft, Sehensw\u00fcrdigkeiten und Geschichte - Urlaub &amp; Reisen","og_description":"Sandwich in Kent ist eine der besterhaltenen mittelalterlichen St\u00e4dte Englands. Im 13. Jahrhundert war sie Englands Haupthafen f\u00fcr den Export von Wolle, doch im 15. Jahrhundert versandete der Fluss, und der Handel zog entlang der K\u00fcste nach Deal. Die Stadt befindet sich heute ungef\u00e4hr 3km im Binnenland. Der Eingang zur Stadt wird bewacht von den [&hellip;]","og_url":"https:\/\/www.urlaubcornwall.de\/blog\/sandwich-kent-unterkunft-sehenswuerdigkeiten-und-geschichte\/","og_site_name":"Urlaub &amp; Reisen","article_modified_time":"2024-04-12T10:36:03+00:00","og_image":[{"url":"https:\/\/www.urlaubcornwall.de\/blog\/wp-content\/uploads\/2024\/03\/canterbury-river.jpg"}],"twitter_card":"summary","twitter_misc":{"Est. reading time":"3 minutes"},"schema":{"@context":"https:\/\/schema.org","@graph":[{"@type":"WebSite","@id":"https:\/\/www.urlaubcornwall.de\/blog\/#website","url":"https:\/\/www.urlaubcornwall.de\/blog\/","name":"Urlaub &amp; Reisen","description":"Urlaub, Reisen, Cornwall und S\u00fcdengland: eine perfekte Kombination","potentialAction":[{"@type":"SearchAction","target":{"@type":"EntryPoint","urlTemplate":"https:\/\/www.urlaubcornwall.de\/blog\/?s={search_term_string}"},"query-input":"required name=search_term_string"}],"inLanguage":"en-US"},{"@type":"WebPage","@id":"https:\/\/www.urlaubcornwall.de\/blog\/sandwich-kent-unterkunft-sehenswuerdigkeiten-und-geschichte\/","url":"https:\/\/www.urlaubcornwall.de\/blog\/sandwich-kent-unterkunft-sehenswuerdigkeiten-und-geschichte\/","name":"Sandwich, Kent: Unterkunft, Sehensw\u00fcrdigkeiten und Geschichte - Urlaub &amp; Reisen","isPartOf":{"@id":"https:\/\/www.urlaubcornwall.de\/blog\/#website"},"datePublished":"2016-06-19T11:13:12+00:00","dateModified":"2024-04-12T10:36:03+00:00","breadcrumb":{"@id":"https:\/\/www.urlaubcornwall.de\/blog\/sandwich-kent-unterkunft-sehenswuerdigkeiten-und-geschichte\/#breadcrumb"},"inLanguage":"en-US","potentialAction":[{"@type":"ReadAction","target":["https:\/\/www.urlaubcornwall.de\/blog\/sandwich-kent-unterkunft-sehenswuerdigkeiten-und-geschichte\/"]}]},{"@type":"BreadcrumbList","@id":"https:\/\/www.urlaubcornwall.de\/blog\/sandwich-kent-unterkunft-sehenswuerdigkeiten-und-geschichte\/#breadcrumb","itemListElement":[{"@type":"ListItem","position":1,"name":"Home","item":"https:\/\/www.urlaubcornwall.de\/blog\/"},{"@type":"ListItem","position":2,"name":"Sandwich, Kent: Unterkunft, Sehensw\u00fcrdigkeiten und Geschichte"}]}]}},"_links":{"self":[{"href":"https:\/\/www.urlaubcornwall.de\/blog\/wp-json\/wp\/v2\/pages\/24592"}],"collection":[{"href":"https:\/\/www.urlaubcornwall.de\/blog\/wp-json\/wp\/v2\/pages"}],"about":[{"href":"https:\/\/www.urlaubcornwall.de\/blog\/wp-json\/wp\/v2\/types\/page"}],"author":[{"embeddable":true,"href":"https:\/\/www.urlaubcornwall.de\/blog\/wp-json\/wp\/v2\/users\/1"}],"replies":[{"embeddable":true,"href":"https:\/\/www.urlaubcornwall.de\/blog\/wp-json\/wp\/v2\/comments?post=24592"}],"version-history":[{"count":11,"href":"https:\/\/www.urlaubcornwall.de\/blog\/wp-json\/wp\/v2\/pages\/24592\/revisions"}],"predecessor-version":[{"id":49259,"href":"https:\/\/www.urlaubcornwall.de\/blog\/wp-json\/wp\/v2\/pages\/24592\/revisions\/49259"}],"wp:attachment":[{"href":"https:\/\/www.urlaubcornwall.de\/blog\/wp-json\/wp\/v2\/media?parent=24592"}],"curies":[{"name":"wp","href":"https:\/\/api.w.org\/{rel}","templated":true}]}}