{"id":24587,"date":"2016-06-19T11:00:24","date_gmt":"2016-06-19T11:00:24","guid":{"rendered":"https:\/\/www.urlaubcornwall.de\/blog\/?page_id=24587"},"modified":"2024-05-28T14:26:28","modified_gmt":"2024-05-28T14:26:28","slug":"margate-kent-unterkunft-sehenswuerdigkeiten-und-geschichte","status":"publish","type":"page","link":"https:\/\/www.urlaubcornwall.de\/blog\/margate-kent-unterkunft-sehenswuerdigkeiten-und-geschichte\/","title":{"rendered":"Margate, Kent: Unterkunft, Sehensw\u00fcrdigkeiten und Geschichte"},"content":{"rendered":"<p><a href=\"https:\/\/www.urlaubcornwall.de\/blog\/wp-content\/uploads\/2024\/03\/margate.jpg\"><img loading=\"lazy\" src=\"https:\/\/www.urlaubcornwall.de\/blog\/wp-content\/uploads\/2024\/03\/margate.jpg\" alt=\"margate\" width=\"750\" height=\"500\" class=\"alignnone size-full wp-image-47877\" srcset=\"https:\/\/www.urlaubcornwall.de\/blog\/wp-content\/uploads\/2024\/03\/margate.jpg 750w, https:\/\/www.urlaubcornwall.de\/blog\/wp-content\/uploads\/2024\/03\/margate-300x200.jpg 300w\" sizes=\"(max-width: 750px) 100vw, 750px\" \/><\/a><\/p>\n<p>Seit mehr als 200 Jahren zieht Margate Urlauber an seinen herrlichen sichelf\u00f6rmigen Sandstrand an. Diese zeitlose englische Stadt am Meer an der K\u00fcste Kents kombiniert den Charme der guten alten Welt mit der Kultur des 21. Jahrhunderts. Vor dem Zeitalter der Eisenbahn kamen Londoner auf dem Seewege nach Margate, auf Dampfbooten, die am Steinsteg anlegten, der als Margate Pier bekannt ist und 1815 erbaut wurde.<\/p>\n<p><strong>Turner Zeitgen\u00f6ssische Kunstgalerie:<\/strong> Die Turner Contemporary ist die f\u00fchrende Kunstgalerie im S\u00fcdosten Englands. Sie wurde 2011 er\u00f6ffnet, und inspiriert von JMW Turner pr\u00e4sentiert die Galerie zeitgen\u00f6ssische und historische Kunst in herrlicher Lage am Meer. Die Galerie befindet sich an der Promenade von Margate, genau dort, wo Turner wohnte, als er die Stadt besuchte. Der Eintritt ist frei.<\/p>\n<p><strong>Dreamland:<\/strong> Dreamland war der urspr\u00fcngliche Vergn\u00fcgungspark des UK und wurde 2015 wiederer\u00f6ffnet, nachdem es stilvoll restauriert und nachgebildet wurde. Es gibt Retro-Kirmesfahrgesch\u00e4fte, klassische Diashows und s\u00e4mtliche Freuden eines britischen Urlaubs am Meer.<\/p>\n<p style=\"text-align: center;\"><a class=\"tidycta\" href=\"https:\/\/www.urlaubcornwall.de\/ferienhaeuser-fewos\/eng\/kent\/margate.html\">Suche Ferienh\u00e4user Margate<\/a><\/p>\n<p><strong>Margates Altstadt:<\/strong> In Margates Altstadt finden Sie schicke Speiselokale, Galerien, Antik-Shops neben den traditionellen St\u00e4nden mit Meeresfr\u00fcchten und Fish &amp; Chip Shops. Die gepflasterten Gassen sind voller einzigartiger L\u00e4den, die Werke von K\u00fcnstlern vor Ort zeigen, und aufgrund der Caf\u00e9kultur und Stra\u00dfenm\u00e4rkte ist es durchaus wert, hier einige Zeit zu verbringen.<\/p>\n<p><strong>Str\u00e4nde:<\/strong> Der Strand von Margate ist leicht abfallend und ideal zum Schwimmen, sowie f\u00fcr Kinder. Ein kurzer Spaziergang f\u00fchrt in die Stadt und bietet somit Familien all das, was sie f\u00fcr einen Tag am Meer brauchen. \u00a0Westgate on Sea, das sich 3km westlich von Margate befindet, hat 2 herrliche Sandstr\u00e4nde, St Mildreds Bay und West Bay mit Strandh\u00fctten, Liegest\u00fchlen und Wassersportausr\u00fcstung zu mieten. Kingsgate Bay im Osten von Margate ist einer von Kents sch\u00f6nsten Str\u00e4nden. Er liegt abgeschieden, ist sandig, schmiegt sich an Kalkklippen an, und in der N\u00e4he befindet sich der beliebte Golfplatz North Foreland.<\/p>\n<div class=\"snippet\"> <a class=\"featured-item\" href=\"https:\/\/www.urlaubcornwall.de\/ferienhaeuser\/suedengland.php\"> <span class=\"image-holder\" style=\"background-image: url('<img loading=\"lazy\" class=\"aligncenter size-full wp-image-49843\" src=\"https:\/\/www.urlaubcornwall.de\/blog\/wp-content\/uploads\/2024\/04\/village-cricket-dorf.jpg\" alt=\"village-cricket-dorf\" width=\"750\" height=\"500\" srcset=\"https:\/\/www.urlaubcornwall.de\/blog\/wp-content\/uploads\/2024\/04\/village-cricket-dorf.jpg 750w, https:\/\/www.urlaubcornwall.de\/blog\/wp-content\/uploads\/2024\/04\/village-cricket-dorf-300x200.jpg 300w\" sizes=\"(max-width: 750px) 100vw, 750px\"><\/span>&#8216;);&#8221;> <span class=\"featured-content\"> \n<h2 class=\"featured-title\">Ferienh\u00e4user in Cornwall &#038; S\u00fcdengland<\/h2>\n<p class=\"featured-body\">Bei uns finden Sie Ferienh\u00e4user zum Verlieben &#8211; so einfach ist das! Dank seiner langen Geschichte, der reizvollen Landschaften und seinen vielen Attraktionen ist S\u00fcdengland ein wahres Mekka f\u00fcr Urlauber&#8230;..<\/p><\/span> <span class=\"featured-link-holder\"> <span class=\"featured-extra-info\"> \n<p>Pers\u00f6nlich inspizierter Ferienh\u00e4user<\/p>\n<\/span> \n<p class=\"featured-link\">DETAILS<\/p>\n<\/span> <\/a><\/div>\n<p style=\"text-align: center;\"><a href=\"http:\/\/www.urlaubcornwall.de\/\">UrlaubCornwall.de<\/a> ist ein in Cornwall ans\u00e4ssiges Unternehmen k\u00f6nnen wir uns mit 20 Jahren Erfahrung in der Organisation von Rundreisen durch <a href=\"https:\/\/www.urlaubcornwall.de\/reiseziel\/kent.php\">Kent<\/a>, S\u00fcdwest und S\u00fcdengland r\u00fchmen.<\/p>\n<p style=\"text-align: center;\">Um Margate und Kent in Ihre Rundreise durch S\u00fcdengland mit einzugliedern, stellen Sie Ihre <a href=\"https:\/\/www.urlaubcornwall.de\/reisebuchung.php\">Anfrage<\/a> hier oder w\u00e4hlen Sie ein Ferienhaus aus unserer besten Auswahl <a href=\"https:\/\/www.urlaubcornwall.de\/ferienhaueser\/kent.php\">handverlesener und inspizierter H\u00e4user<\/a> aus.<\/p>\n","protected":false},"excerpt":{"rendered":"<p>Seit mehr als 200 Jahren zieht Margate Urlauber an seinen herrlichen sichelf\u00f6rmigen Sandstrand an. Diese zeitlose englische Stadt am Meer an der K\u00fcste Kents kombiniert den Charme der guten alten Welt mit der Kultur des 21. Jahrhunderts. Vor dem Zeitalter der Eisenbahn kamen Londoner auf dem Seewege nach Margate, auf Dampfbooten, die am Steinsteg anlegten, [&hellip;]<\/p>\n","protected":false},"author":1,"featured_media":0,"parent":0,"menu_order":0,"comment_status":"closed","ping_status":"closed","template":"single-four.php","meta":[],"acf":[],"yoast_head":"<!-- This site is optimized with the Yoast SEO plugin v19.4 - https:\/\/yoast.com\/wordpress\/plugins\/seo\/ -->\n<title>Margate, Kent: Unterkunft, Sehensw\u00fcrdigkeiten und Geschichte - Urlaub &amp; Reisen<\/title>\n<meta name=\"robots\" content=\"index, follow, max-snippet:-1, max-image-preview:large, max-video-preview:-1\" \/>\n<link rel=\"canonical\" href=\"https:\/\/www.urlaubcornwall.de\/blog\/margate-kent-unterkunft-sehenswuerdigkeiten-und-geschichte\/\" \/>\n<meta property=\"og:locale\" content=\"en_US\" \/>\n<meta property=\"og:type\" content=\"article\" \/>\n<meta property=\"og:title\" content=\"Margate, Kent: Unterkunft, Sehensw\u00fcrdigkeiten und Geschichte - Urlaub &amp; Reisen\" \/>\n<meta property=\"og:description\" content=\"Seit mehr als 200 Jahren zieht Margate Urlauber an seinen herrlichen sichelf\u00f6rmigen Sandstrand an. Diese zeitlose englische Stadt am Meer an der K\u00fcste Kents kombiniert den Charme der guten alten Welt mit der Kultur des 21. Jahrhunderts. Vor dem Zeitalter der Eisenbahn kamen Londoner auf dem Seewege nach Margate, auf Dampfbooten, die am Steinsteg anlegten, [&hellip;]\" \/>\n<meta property=\"og:url\" content=\"https:\/\/www.urlaubcornwall.de\/blog\/margate-kent-unterkunft-sehenswuerdigkeiten-und-geschichte\/\" \/>\n<meta property=\"og:site_name\" content=\"Urlaub &amp; Reisen\" \/>\n<meta property=\"article:modified_time\" content=\"2024-05-28T14:26:28+00:00\" \/>\n<meta property=\"og:image\" content=\"https:\/\/www.urlaubcornwall.de\/blog\/wp-content\/uploads\/2024\/03\/margate.jpg\" \/>\n<meta name=\"twitter:card\" content=\"summary\" \/>\n<meta name=\"twitter:label1\" content=\"Est. reading time\" \/>\n\t<meta name=\"twitter:data1\" content=\"3 minutes\" \/>\n<script type=\"application\/ld+json\" class=\"yoast-schema-graph\">{\"@context\":\"https:\/\/schema.org\",\"@graph\":[{\"@type\":\"WebSite\",\"@id\":\"https:\/\/www.urlaubcornwall.de\/blog\/#website\",\"url\":\"https:\/\/www.urlaubcornwall.de\/blog\/\",\"name\":\"Urlaub &amp; Reisen\",\"description\":\"Urlaub, Reisen, Cornwall und S\u00fcdengland: eine perfekte Kombination\",\"potentialAction\":[{\"@type\":\"SearchAction\",\"target\":{\"@type\":\"EntryPoint\",\"urlTemplate\":\"https:\/\/www.urlaubcornwall.de\/blog\/?s={search_term_string}\"},\"query-input\":\"required name=search_term_string\"}],\"inLanguage\":\"en-US\"},{\"@type\":\"WebPage\",\"@id\":\"https:\/\/www.urlaubcornwall.de\/blog\/margate-kent-unterkunft-sehenswuerdigkeiten-und-geschichte\/\",\"url\":\"https:\/\/www.urlaubcornwall.de\/blog\/margate-kent-unterkunft-sehenswuerdigkeiten-und-geschichte\/\",\"name\":\"Margate, Kent: Unterkunft, Sehensw\u00fcrdigkeiten und Geschichte - Urlaub &amp; Reisen\",\"isPartOf\":{\"@id\":\"https:\/\/www.urlaubcornwall.de\/blog\/#website\"},\"datePublished\":\"2016-06-19T11:00:24+00:00\",\"dateModified\":\"2024-05-28T14:26:28+00:00\",\"breadcrumb\":{\"@id\":\"https:\/\/www.urlaubcornwall.de\/blog\/margate-kent-unterkunft-sehenswuerdigkeiten-und-geschichte\/#breadcrumb\"},\"inLanguage\":\"en-US\",\"potentialAction\":[{\"@type\":\"ReadAction\",\"target\":[\"https:\/\/www.urlaubcornwall.de\/blog\/margate-kent-unterkunft-sehenswuerdigkeiten-und-geschichte\/\"]}]},{\"@type\":\"BreadcrumbList\",\"@id\":\"https:\/\/www.urlaubcornwall.de\/blog\/margate-kent-unterkunft-sehenswuerdigkeiten-und-geschichte\/#breadcrumb\",\"itemListElement\":[{\"@type\":\"ListItem\",\"position\":1,\"name\":\"Home\",\"item\":\"https:\/\/www.urlaubcornwall.de\/blog\/\"},{\"@type\":\"ListItem\",\"position\":2,\"name\":\"Margate, Kent: Unterkunft, Sehensw\u00fcrdigkeiten und Geschichte\"}]}]}<\/script>\n<!-- \/ Yoast SEO plugin. -->","yoast_head_json":{"title":"Margate, Kent: Unterkunft, Sehensw\u00fcrdigkeiten und Geschichte - Urlaub &amp; Reisen","robots":{"index":"index","follow":"follow","max-snippet":"max-snippet:-1","max-image-preview":"max-image-preview:large","max-video-preview":"max-video-preview:-1"},"canonical":"https:\/\/www.urlaubcornwall.de\/blog\/margate-kent-unterkunft-sehenswuerdigkeiten-und-geschichte\/","og_locale":"en_US","og_type":"article","og_title":"Margate, Kent: Unterkunft, Sehensw\u00fcrdigkeiten und Geschichte - Urlaub &amp; Reisen","og_description":"Seit mehr als 200 Jahren zieht Margate Urlauber an seinen herrlichen sichelf\u00f6rmigen Sandstrand an. Diese zeitlose englische Stadt am Meer an der K\u00fcste Kents kombiniert den Charme der guten alten Welt mit der Kultur des 21. Jahrhunderts. Vor dem Zeitalter der Eisenbahn kamen Londoner auf dem Seewege nach Margate, auf Dampfbooten, die am Steinsteg anlegten, [&hellip;]","og_url":"https:\/\/www.urlaubcornwall.de\/blog\/margate-kent-unterkunft-sehenswuerdigkeiten-und-geschichte\/","og_site_name":"Urlaub &amp; Reisen","article_modified_time":"2024-05-28T14:26:28+00:00","og_image":[{"url":"https:\/\/www.urlaubcornwall.de\/blog\/wp-content\/uploads\/2024\/03\/margate.jpg"}],"twitter_card":"summary","twitter_misc":{"Est. reading time":"3 minutes"},"schema":{"@context":"https:\/\/schema.org","@graph":[{"@type":"WebSite","@id":"https:\/\/www.urlaubcornwall.de\/blog\/#website","url":"https:\/\/www.urlaubcornwall.de\/blog\/","name":"Urlaub &amp; Reisen","description":"Urlaub, Reisen, Cornwall und S\u00fcdengland: eine perfekte Kombination","potentialAction":[{"@type":"SearchAction","target":{"@type":"EntryPoint","urlTemplate":"https:\/\/www.urlaubcornwall.de\/blog\/?s={search_term_string}"},"query-input":"required name=search_term_string"}],"inLanguage":"en-US"},{"@type":"WebPage","@id":"https:\/\/www.urlaubcornwall.de\/blog\/margate-kent-unterkunft-sehenswuerdigkeiten-und-geschichte\/","url":"https:\/\/www.urlaubcornwall.de\/blog\/margate-kent-unterkunft-sehenswuerdigkeiten-und-geschichte\/","name":"Margate, Kent: Unterkunft, Sehensw\u00fcrdigkeiten und Geschichte - Urlaub &amp; Reisen","isPartOf":{"@id":"https:\/\/www.urlaubcornwall.de\/blog\/#website"},"datePublished":"2016-06-19T11:00:24+00:00","dateModified":"2024-05-28T14:26:28+00:00","breadcrumb":{"@id":"https:\/\/www.urlaubcornwall.de\/blog\/margate-kent-unterkunft-sehenswuerdigkeiten-und-geschichte\/#breadcrumb"},"inLanguage":"en-US","potentialAction":[{"@type":"ReadAction","target":["https:\/\/www.urlaubcornwall.de\/blog\/margate-kent-unterkunft-sehenswuerdigkeiten-und-geschichte\/"]}]},{"@type":"BreadcrumbList","@id":"https:\/\/www.urlaubcornwall.de\/blog\/margate-kent-unterkunft-sehenswuerdigkeiten-und-geschichte\/#breadcrumb","itemListElement":[{"@type":"ListItem","position":1,"name":"Home","item":"https:\/\/www.urlaubcornwall.de\/blog\/"},{"@type":"ListItem","position":2,"name":"Margate, Kent: Unterkunft, Sehensw\u00fcrdigkeiten und Geschichte"}]}]}},"_links":{"self":[{"href":"https:\/\/www.urlaubcornwall.de\/blog\/wp-json\/wp\/v2\/pages\/24587"}],"collection":[{"href":"https:\/\/www.urlaubcornwall.de\/blog\/wp-json\/wp\/v2\/pages"}],"about":[{"href":"https:\/\/www.urlaubcornwall.de\/blog\/wp-json\/wp\/v2\/types\/page"}],"author":[{"embeddable":true,"href":"https:\/\/www.urlaubcornwall.de\/blog\/wp-json\/wp\/v2\/users\/1"}],"replies":[{"embeddable":true,"href":"https:\/\/www.urlaubcornwall.de\/blog\/wp-json\/wp\/v2\/comments?post=24587"}],"version-history":[{"count":10,"href":"https:\/\/www.urlaubcornwall.de\/blog\/wp-json\/wp\/v2\/pages\/24587\/revisions"}],"predecessor-version":[{"id":50469,"href":"https:\/\/www.urlaubcornwall.de\/blog\/wp-json\/wp\/v2\/pages\/24587\/revisions\/50469"}],"wp:attachment":[{"href":"https:\/\/www.urlaubcornwall.de\/blog\/wp-json\/wp\/v2\/media?parent=24587"}],"curies":[{"name":"wp","href":"https:\/\/api.w.org\/{rel}","templated":true}]}}