{"id":24583,"date":"2016-06-19T10:53:35","date_gmt":"2016-06-19T10:53:35","guid":{"rendered":"https:\/\/www.urlaubcornwall.de\/blog\/?page_id=24583"},"modified":"2024-04-12T10:27:01","modified_gmt":"2024-04-12T10:27:01","slug":"dover-kent-unterkunft-sehenswuerdigkeiten-und-geschichte","status":"publish","type":"page","link":"https:\/\/www.urlaubcornwall.de\/blog\/dover-kent-unterkunft-sehenswuerdigkeiten-und-geschichte\/","title":{"rendered":"Dover, Kent: Unterkunft, Sehensw\u00fcrdigkeiten und Geschichte"},"content":{"rendered":"<p><a href=\"https:\/\/www.urlaubcornwall.de\/blog\/wp-content\/uploads\/2024\/03\/dover.jpg\"><img loading=\"lazy\" src=\"https:\/\/www.urlaubcornwall.de\/blog\/wp-content\/uploads\/2024\/03\/dover.jpg\" alt=\"dover\" width=\"750\" height=\"500\" class=\"alignnone size-full wp-image-47867\" srcset=\"https:\/\/www.urlaubcornwall.de\/blog\/wp-content\/uploads\/2024\/03\/dover.jpg 750w, https:\/\/www.urlaubcornwall.de\/blog\/wp-content\/uploads\/2024\/03\/dover-300x200.jpg 300w\" sizes=\"(max-width: 750px) 100vw, 750px\" \/><\/a><\/p>\n<p>Dover in <a href=\"https:\/\/www.urlaubcornwall.de\/ferienhaeuser\/kent.php\">Kent<\/a> ist seit mehr als 2000 Jahren Englands Haupthafen zur \u00dcberquerung des Kanals und das beliebteste Reiseziel f\u00fcr F\u00e4hren aus Europa. Die Burg Dover, eine der ikonischsten Burgen Englands wurde erbaut, um \u201cdas Tor Englands\u201d im Mittelalter zu bewachen. Von Dover aus schwamm im Jahre 1875der erste Mensch \u00fcber den Englischen Kanal, Captain Matthew Webb, und 1910 flog Charles Stewart Rolls (von Rolls Royce Ruhm) beide Strecken \u00fcber den Kanal in einem einzigen Flug.<\/p>\n<p><strong>Die Wei\u00dfen Klippen:<\/strong> Die Wei\u00dfen Klippen von Dover sind eine von Englands spektakul\u00e4rsten Naturerscheinungen und ein offizielles Symbol Britanniens. Um ihre Sch\u00f6nheit zu sch\u00e4tzen und ihren besonderen Reiz zu genie\u00dfen, machen Sie einen Klippenspaziergang diesen dramatischen Klippen entlang und erleben Sie den erstaunlichen Blick \u00fcber den Englischen Kanal und zur franz\u00f6sischen K\u00fcste hin. Am Besucherzentrum des National Trust erfahren Sie mehr\u00a0 zur Gegend, der Geschichte und seltenen Flora und Fauna, die auf dem kalkhaltigen Grasland gedeiht.<\/p>\n<p style=\"text-align: center;\"><a class=\"tidycta\" href=\"https:\/\/www.urlaubcornwall.de\/blog\/bei-uns-finden-sie-hotels-dover-zum-verlieben-einfach-ist-das\/\">Suche Hotels in Dover<\/a><\/p>\n<p><strong>Burg Dover:<\/strong> Von welcher Himmelsrichtung Sie sich Dover aus n\u00e4hern, so erhebt sich die Burg \u00fcber die Stadt. Es ist eine mittelalterliche Burg, die 9 Jahrhunderte lang \u00fcber den Englischen Kanal wachte. Sie eignet sich gro\u00dfartig f\u00fcr einen Familienausflug. Treten Sie ein in den Gro\u00dfen Turm und lassen Sie sich zur\u00fcckversetzen in einen mittelalterlichen Palast. Erkunden Sie die geheimen napoleonischen Untertagetunnel, die im Zweiten Weltkrieg als Krankenstation dienten. Es gibt in der Burg Dover, die sich heute im Besitz von English Heritage befindet, viel zu sehen.<\/p>\n<p><strong>Dover Seesafaris:<\/strong> Die Dover Seesafaris bieten eine aufregende M\u00f6glichkeit, den Englischen Kanal zu sehen; es gibt verschiedene Fahrten auf Hochgeschwindigkeitsbooten oder eine geruhsame Fahrt auf einer Jacht, um Robben zu sehen oder lediglich an den Wei\u00dfen Klippen vorbei zu segeln.<\/p>\n<p><strong>Dover Wassersportzentrum:<\/strong> Das Wassersportzentrum bietet Motorbootsfahrten, Windsurfen, Segeln und Paddle- Boarding an. Hier findet jeder etwas Entsprechendes, der Anf\u00e4nger wie auch jene mit bereits vorhandener Erfahrung.<\/p>\n<h1 style=\"text-align: center;\"><strong>Bei uns finden Sie Ferienh\u00e4user in Kent zum Verlieben \u2013 so einfach ist das!<\/strong><\/h1>\n<p style=\"text-align: center;\"><a class=\"tidycta\" href=\"https:\/\/www.urlaubcornwall.de\/ferienhaeuser\/suedengland.php\">Suche Ferienh\u00e4user S\u00fcdengland<\/a><\/p>\n<p><img loading=\"lazy\" class=\"aligncenter size-full wp-image-24598\" src=\"https:\/\/www.urlaubcornwall.de\/blog\/wp-content\/uploads\/2016\/06\/urlaub-und-sudengland_logo-final.jpg\" height=\"361\" width=\"746\"\/><\/p>\n<p style=\"text-align: center;\"><a href=\"http:\/\/www.urlaubcornwall.de\/\">UrlaubCornwall.de<\/a> ist ein in Cornwall ans\u00e4ssiges Unternehmen k\u00f6nnen wir uns mit 20 Jahren Erfahrung in der Organisation von Rundreisen durch <a href=\"https:\/\/www.urlaubcornwall.de\/reiseziel\/kent.php\">Kent<\/a>, S\u00fcdwest und S\u00fcdengland r\u00fchmen.<\/p>\n<p style=\"text-align: center;\">Um Dover und Kent in Ihre Rundreise durch S\u00fcdengland mit einzugliedern, stellen Sie Ihre <a href=\"http:\/\/www.urlaubcornwall.de\/anfrage.php\">Anfrage<\/a> hier oder w\u00e4hlen Sie ein Ferienhaus aus unserer besten Auswahl <a href=\"https:\/\/www.urlaubcornwall.de\/ferienhaueser\/kent.php\">handverlesener und inspizierter H\u00e4user<\/a> aus.<\/p>\n<div class=\"snippet\"> <a class=\"featured-item\" href=\"https:\/\/www.urlaubcornwall.de\/blog\/der-gesamten-strecke-nach-cornwall-der-suedkueste-englands-entlang\/\"> <span class=\"image-holder\" style=\"background-image: url('https:\/\/www.urlaubcornwall.de\/blog\/wp-content\/uploads\/2019\/01\/DiTn0QVWsAIOgjG.jpg');\"><\/span> <span class=\"featured-content\"> \n<h2 class=\"featured-title\">Von Dover der S\u00fcdk\u00fcste Englands entlang<\/h2>\n<p class=\"featured-body\">Rye in East Sussex, am Fluss Rother gelegen, hat charmante alte Str\u00e4\u00dfchen und gepflasterte Wege, die eine Vielfalt alter Geb\u00e4ude beherbergen, von denen einige zur\u00fcckreichen ins 11. Jahrhundert. Von der Spitze des Kirchturms der St Marys Kirche ergibt sich ein wundervoller Blick \u00fcber die Stadt und die sie umgebende Landschaft&#8230;..<\/p><\/span> <span class=\"featured-link-holder\"> <span class=\"featured-extra-info\"> \n<p>F\u00fcr Paare, Familien &#038; Gruppen<\/p>\n<\/span> \n<p class=\"featured-link\">AUTOROUTEN<\/p>\n<\/span> <\/a><\/div>\n","protected":false},"excerpt":{"rendered":"<p>Dover in Kent ist seit mehr als 2000 Jahren Englands Haupthafen zur \u00dcberquerung des Kanals und das beliebteste Reiseziel f\u00fcr F\u00e4hren aus Europa. Die Burg Dover, eine der ikonischsten Burgen Englands wurde erbaut, um \u201cdas Tor Englands\u201d im Mittelalter zu bewachen. Von Dover aus schwamm im Jahre 1875der erste Mensch \u00fcber den Englischen Kanal, Captain [&hellip;]<\/p>\n","protected":false},"author":1,"featured_media":0,"parent":0,"menu_order":0,"comment_status":"closed","ping_status":"closed","template":"single-four.php","meta":[],"acf":[],"yoast_head":"<!-- This site is optimized with the Yoast SEO plugin v19.4 - https:\/\/yoast.com\/wordpress\/plugins\/seo\/ -->\n<title>Dover, Kent: Unterkunft, Sehensw\u00fcrdigkeiten und Geschichte - Urlaub &amp; Reisen<\/title>\n<meta name=\"robots\" content=\"index, follow, max-snippet:-1, max-image-preview:large, max-video-preview:-1\" \/>\n<link rel=\"canonical\" href=\"https:\/\/www.urlaubcornwall.de\/blog\/dover-kent-unterkunft-sehenswuerdigkeiten-und-geschichte\/\" \/>\n<meta property=\"og:locale\" content=\"en_US\" \/>\n<meta property=\"og:type\" content=\"article\" \/>\n<meta property=\"og:title\" content=\"Dover, Kent: Unterkunft, Sehensw\u00fcrdigkeiten und Geschichte - Urlaub &amp; Reisen\" \/>\n<meta property=\"og:description\" content=\"Dover in Kent ist seit mehr als 2000 Jahren Englands Haupthafen zur \u00dcberquerung des Kanals und das beliebteste Reiseziel f\u00fcr F\u00e4hren aus Europa. Die Burg Dover, eine der ikonischsten Burgen Englands wurde erbaut, um \u201cdas Tor Englands\u201d im Mittelalter zu bewachen. Von Dover aus schwamm im Jahre 1875der erste Mensch \u00fcber den Englischen Kanal, Captain [&hellip;]\" \/>\n<meta property=\"og:url\" content=\"https:\/\/www.urlaubcornwall.de\/blog\/dover-kent-unterkunft-sehenswuerdigkeiten-und-geschichte\/\" \/>\n<meta property=\"og:site_name\" content=\"Urlaub &amp; Reisen\" \/>\n<meta property=\"article:modified_time\" content=\"2024-04-12T10:27:01+00:00\" \/>\n<meta property=\"og:image\" content=\"https:\/\/www.urlaubcornwall.de\/blog\/wp-content\/uploads\/2024\/03\/dover.jpg\" \/>\n<meta name=\"twitter:card\" content=\"summary\" \/>\n<meta name=\"twitter:label1\" content=\"Est. reading time\" \/>\n\t<meta name=\"twitter:data1\" content=\"3 minutes\" \/>\n<script type=\"application\/ld+json\" class=\"yoast-schema-graph\">{\"@context\":\"https:\/\/schema.org\",\"@graph\":[{\"@type\":\"WebSite\",\"@id\":\"https:\/\/www.urlaubcornwall.de\/blog\/#website\",\"url\":\"https:\/\/www.urlaubcornwall.de\/blog\/\",\"name\":\"Urlaub &amp; Reisen\",\"description\":\"Urlaub, Reisen, Cornwall und S\u00fcdengland: eine perfekte Kombination\",\"potentialAction\":[{\"@type\":\"SearchAction\",\"target\":{\"@type\":\"EntryPoint\",\"urlTemplate\":\"https:\/\/www.urlaubcornwall.de\/blog\/?s={search_term_string}\"},\"query-input\":\"required name=search_term_string\"}],\"inLanguage\":\"en-US\"},{\"@type\":\"WebPage\",\"@id\":\"https:\/\/www.urlaubcornwall.de\/blog\/dover-kent-unterkunft-sehenswuerdigkeiten-und-geschichte\/\",\"url\":\"https:\/\/www.urlaubcornwall.de\/blog\/dover-kent-unterkunft-sehenswuerdigkeiten-und-geschichte\/\",\"name\":\"Dover, Kent: Unterkunft, Sehensw\u00fcrdigkeiten und Geschichte - Urlaub &amp; Reisen\",\"isPartOf\":{\"@id\":\"https:\/\/www.urlaubcornwall.de\/blog\/#website\"},\"datePublished\":\"2016-06-19T10:53:35+00:00\",\"dateModified\":\"2024-04-12T10:27:01+00:00\",\"breadcrumb\":{\"@id\":\"https:\/\/www.urlaubcornwall.de\/blog\/dover-kent-unterkunft-sehenswuerdigkeiten-und-geschichte\/#breadcrumb\"},\"inLanguage\":\"en-US\",\"potentialAction\":[{\"@type\":\"ReadAction\",\"target\":[\"https:\/\/www.urlaubcornwall.de\/blog\/dover-kent-unterkunft-sehenswuerdigkeiten-und-geschichte\/\"]}]},{\"@type\":\"BreadcrumbList\",\"@id\":\"https:\/\/www.urlaubcornwall.de\/blog\/dover-kent-unterkunft-sehenswuerdigkeiten-und-geschichte\/#breadcrumb\",\"itemListElement\":[{\"@type\":\"ListItem\",\"position\":1,\"name\":\"Home\",\"item\":\"https:\/\/www.urlaubcornwall.de\/blog\/\"},{\"@type\":\"ListItem\",\"position\":2,\"name\":\"Dover, Kent: Unterkunft, Sehensw\u00fcrdigkeiten und Geschichte\"}]}]}<\/script>\n<!-- \/ Yoast SEO plugin. -->","yoast_head_json":{"title":"Dover, Kent: Unterkunft, Sehensw\u00fcrdigkeiten und Geschichte - Urlaub &amp; Reisen","robots":{"index":"index","follow":"follow","max-snippet":"max-snippet:-1","max-image-preview":"max-image-preview:large","max-video-preview":"max-video-preview:-1"},"canonical":"https:\/\/www.urlaubcornwall.de\/blog\/dover-kent-unterkunft-sehenswuerdigkeiten-und-geschichte\/","og_locale":"en_US","og_type":"article","og_title":"Dover, Kent: Unterkunft, Sehensw\u00fcrdigkeiten und Geschichte - Urlaub &amp; Reisen","og_description":"Dover in Kent ist seit mehr als 2000 Jahren Englands Haupthafen zur \u00dcberquerung des Kanals und das beliebteste Reiseziel f\u00fcr F\u00e4hren aus Europa. Die Burg Dover, eine der ikonischsten Burgen Englands wurde erbaut, um \u201cdas Tor Englands\u201d im Mittelalter zu bewachen. Von Dover aus schwamm im Jahre 1875der erste Mensch \u00fcber den Englischen Kanal, Captain [&hellip;]","og_url":"https:\/\/www.urlaubcornwall.de\/blog\/dover-kent-unterkunft-sehenswuerdigkeiten-und-geschichte\/","og_site_name":"Urlaub &amp; Reisen","article_modified_time":"2024-04-12T10:27:01+00:00","og_image":[{"url":"https:\/\/www.urlaubcornwall.de\/blog\/wp-content\/uploads\/2024\/03\/dover.jpg"}],"twitter_card":"summary","twitter_misc":{"Est. reading time":"3 minutes"},"schema":{"@context":"https:\/\/schema.org","@graph":[{"@type":"WebSite","@id":"https:\/\/www.urlaubcornwall.de\/blog\/#website","url":"https:\/\/www.urlaubcornwall.de\/blog\/","name":"Urlaub &amp; Reisen","description":"Urlaub, Reisen, Cornwall und S\u00fcdengland: eine perfekte Kombination","potentialAction":[{"@type":"SearchAction","target":{"@type":"EntryPoint","urlTemplate":"https:\/\/www.urlaubcornwall.de\/blog\/?s={search_term_string}"},"query-input":"required name=search_term_string"}],"inLanguage":"en-US"},{"@type":"WebPage","@id":"https:\/\/www.urlaubcornwall.de\/blog\/dover-kent-unterkunft-sehenswuerdigkeiten-und-geschichte\/","url":"https:\/\/www.urlaubcornwall.de\/blog\/dover-kent-unterkunft-sehenswuerdigkeiten-und-geschichte\/","name":"Dover, Kent: Unterkunft, Sehensw\u00fcrdigkeiten und Geschichte - Urlaub &amp; Reisen","isPartOf":{"@id":"https:\/\/www.urlaubcornwall.de\/blog\/#website"},"datePublished":"2016-06-19T10:53:35+00:00","dateModified":"2024-04-12T10:27:01+00:00","breadcrumb":{"@id":"https:\/\/www.urlaubcornwall.de\/blog\/dover-kent-unterkunft-sehenswuerdigkeiten-und-geschichte\/#breadcrumb"},"inLanguage":"en-US","potentialAction":[{"@type":"ReadAction","target":["https:\/\/www.urlaubcornwall.de\/blog\/dover-kent-unterkunft-sehenswuerdigkeiten-und-geschichte\/"]}]},{"@type":"BreadcrumbList","@id":"https:\/\/www.urlaubcornwall.de\/blog\/dover-kent-unterkunft-sehenswuerdigkeiten-und-geschichte\/#breadcrumb","itemListElement":[{"@type":"ListItem","position":1,"name":"Home","item":"https:\/\/www.urlaubcornwall.de\/blog\/"},{"@type":"ListItem","position":2,"name":"Dover, Kent: Unterkunft, Sehensw\u00fcrdigkeiten und Geschichte"}]}]}},"_links":{"self":[{"href":"https:\/\/www.urlaubcornwall.de\/blog\/wp-json\/wp\/v2\/pages\/24583"}],"collection":[{"href":"https:\/\/www.urlaubcornwall.de\/blog\/wp-json\/wp\/v2\/pages"}],"about":[{"href":"https:\/\/www.urlaubcornwall.de\/blog\/wp-json\/wp\/v2\/types\/page"}],"author":[{"embeddable":true,"href":"https:\/\/www.urlaubcornwall.de\/blog\/wp-json\/wp\/v2\/users\/1"}],"replies":[{"embeddable":true,"href":"https:\/\/www.urlaubcornwall.de\/blog\/wp-json\/wp\/v2\/comments?post=24583"}],"version-history":[{"count":9,"href":"https:\/\/www.urlaubcornwall.de\/blog\/wp-json\/wp\/v2\/pages\/24583\/revisions"}],"predecessor-version":[{"id":49245,"href":"https:\/\/www.urlaubcornwall.de\/blog\/wp-json\/wp\/v2\/pages\/24583\/revisions\/49245"}],"wp:attachment":[{"href":"https:\/\/www.urlaubcornwall.de\/blog\/wp-json\/wp\/v2\/media?parent=24583"}],"curies":[{"name":"wp","href":"https:\/\/api.w.org\/{rel}","templated":true}]}}