{"id":24578,"date":"2016-06-19T10:35:54","date_gmt":"2016-06-19T10:35:54","guid":{"rendered":"https:\/\/www.urlaubcornwall.de\/blog\/?page_id=24578"},"modified":"2024-05-28T14:24:04","modified_gmt":"2024-05-28T14:24:04","slug":"canterbury-kent-unterkunft-sehenswuerdigkeiten-und-geschichte","status":"publish","type":"page","link":"https:\/\/www.urlaubcornwall.de\/blog\/canterbury-kent-unterkunft-sehenswuerdigkeiten-und-geschichte\/","title":{"rendered":"Urlaub in Canterbury, Kent: Unterkunft, Sehensw\u00fcrdigkeiten und Geschichte"},"content":{"rendered":"<p><img loading=\"lazy\" class=\"aligncenter size-full wp-image-47794\" src=\"https:\/\/www.urlaubcornwall.de\/blog\/wp-content\/uploads\/2024\/03\/catherdral.jpg\" alt=\"catherdral\" width=\"750\" height=\"500\" srcset=\"https:\/\/www.urlaubcornwall.de\/blog\/wp-content\/uploads\/2024\/03\/catherdral.jpg 750w, https:\/\/www.urlaubcornwall.de\/blog\/wp-content\/uploads\/2024\/03\/catherdral-300x200.jpg 300w\" sizes=\"(max-width: 750px) 100vw, 750px\" \/><\/p>\n<p>Die <a href=\"https:\/\/www.urlaubcornwall.de\/ferienhaeuser-fewos\/eng\/kent\/canterbury.html\">historische Stadt Canterbury<\/a> in <a href=\"https:\/\/www.urlaubcornwall.de\/blog\/reiseziel-kent\/\">Kent<\/a> wird von der Kathedrale dominiert; die Stadt ist ein beliebtes Touristenziel, eines der meist besuchten des UK. Canterbury befindet sich am Fluss Stour, der beliebt ist zum Rudern und Stochern. Canterbury liegt 89 km s\u00fcd\u00f6stlich von London, und die K\u00fcstenst\u00e4dte Whitstable und Herne Bay befinden sich lediglich 10km n\u00f6rdlich. Mit seinen Universit\u00e4ten, der Kultur, Festivals und alter Geschichte ist es eine kosmopolitische Stadt, die Menschen aus aller Welt anzieht.<\/p>\n<p><strong>Kathedrale von Canterbury:<\/strong> Die Kathedrale von Canterbury wurde im 8. Jahrhundert gegr\u00fcndet, jedoch von einem Feuer zerst\u00f6rt; dann in den 1070er wieder erbaut. Im Jahre 1178 wurde der Erzbischof Thomas Becket in der Kathedrale ermordet, und seitdem zieht sie Tausende Pilger an. Die Geschichten dieser Pilger wurden bekannterweise in den \u2018Canterbury Tales\u2019 von Geoffrey Chaucer erz\u00e4hlt. Die wundersch\u00f6nen Buntglasfenster zeigen die Wunder und Geschichten, die mit dem Hl. Thomas in Verbindung gebracht werden.<\/p>\n<p><script async src=\"https:\/\/pagead2.googlesyndication.com\/pagead\/js\/adsbygoogle.js?client=ca-pub-3901089389175725\"\n     crossorigin=\"anonymous\"><\/script><br \/>\n<!-- New UC --><br \/>\n<ins class=\"adsbygoogle\"\n     style=\"display:block\"\n     data-ad-client=\"ca-pub-3901089389175725\"\n     data-ad-slot=\"8080314818\"\n     data-ad-format=\"auto\"\n     data-full-width-responsive=\"true\"><\/ins><br \/>\n<script>\n     (adsbygoogle = window.adsbygoogle || []).push({});\n<\/script><\/p>\n<p><img loading=\"lazy\" class=\"aligncenter size-full wp-image-48055\" src=\"https:\/\/www.urlaubcornwall.de\/blog\/wp-content\/uploads\/2024\/03\/canterbury-cathedral-kent.jpg\" alt=\"canterbury cathedral kent\" width=\"750\" height=\"437\" srcset=\"https:\/\/www.urlaubcornwall.de\/blog\/wp-content\/uploads\/2024\/03\/canterbury-cathedral-kent.jpg 750w, https:\/\/www.urlaubcornwall.de\/blog\/wp-content\/uploads\/2024\/03\/canterbury-cathedral-kent-300x175.jpg 300w\" sizes=\"(max-width: 750px) 100vw, 750px\" \/><\/p>\n<p><strong>Flusstouren &amp; gef\u00fchrte Wandertouren:<\/strong> Lernen Sie die Geschichte Canterburys auf einer Flusstour kennen; der Fluss Stour flie\u00dft durch die Stadt, durch Stadtteile, die zu Fu\u00df nicht erreichbar sind. Diese entspannenden Touren sind Teil eines gro\u00dfartigen Ausflugs nach Canterbury. Neben den Bootstouren gibt es 90min\u00fctige gef\u00fchrte Wandertouren. Auf diese Art und Weise bekommen Sie die Sehensw\u00fcrdigkeiten zu sehen und lernen zudem die Geschichte dieser weltbekannten Stadt kennen.<\/p>\n<p><strong>Chilham:<\/strong> Auf einem H\u00fcgel \u00fcber dem Fluss Stour s\u00fcdwestlich von Canterbury gelegen, mag Chilham als perfektes Kent Dorf betrachtet werden mit seinen Cottages in h\u00fcbschen G\u00e4rten, dem Dorfplatz und den Gassen, die von H\u00e4usern der Tudorzeit und der Zeit Jakobs I stammen. Es wurde h\u00e4ufig als Drehort f\u00fcr Filme benutzt.<\/p>\n<p>Das Schloss Chilham befindet sich als Familienzuhause im Privatbesitz, doch die G\u00e4rten sind an bestimmten Tagen des Jahres der \u00d6ffentlichkeit zug\u00e4nglich.<\/p>\n<p><strong>St Augustines Abtei:<\/strong> Diese gro\u00dfartige Abtei wurde vom hl. Augustinus 597 AD gegr\u00fcndet und war bis 1538 Kloster. Es war Begr\u00e4bnisst\u00e4tte f\u00fcr die angels\u00e4chsischen K\u00f6nige Kents. Die Ruinen der Abtei sind Teil des Canterbury Weltkulturerbes, zusammen mit der Kathedrale und der St. Martins Kirche. Diese eindrucksvolle Abtei befindet sich au\u00dferhalb der Stadtmauer und wird manchmal von Besuchern \u00fcbersehen.<\/p>\n<p><strong>Whitstable:<\/strong> Die viktorianische Stadt am Meer, Whitstable, n\u00f6rdlich von Canterbury gelegen, ist bekannt f\u00fcr ihre Austern. Die Austernb\u00e4nke sind seit mehr als 2000 Jahren in kontinuierlichem Anbau, und jedes Jahr im Juli findet ein 10t\u00e4giges Fest zur Feier der Austern statt. Neben der Chance, fantastische Meeresfr\u00fcchte zu essen und vor Ort gebrautes Bier zu genie\u00dfen, gibt es Musiker, Paraden, Stra\u00dfenshows und ein leuchtendes Feuerwerk.<\/p>\n<h1 style=\"text-align: center;\"><strong>Bei uns finden Sie Ferienh\u00e4user in Canterbury zum Verlieben \u2013 so einfach ist das!<\/strong><\/h1>\n<p style=\"text-align: center;\"><a class=\"tidycta\" href=\"https:\/\/www.urlaubcornwall.de\/ferienhaeuser-fewos\/eng\/kent\/canterbury.html\">Ferienh\u00e4user nahe Canterbury<\/a><\/p>\n<p><img loading=\"lazy\" class=\"aligncenter size-full wp-image-24598\" src=\"https:\/\/www.urlaubcornwall.de\/blog\/wp-content\/uploads\/2016\/06\/urlaub-und-sudengland_logo-final.jpg\" width=\"746\" height=\"361\"\/><\/p>\n<p style=\"text-align: center;\"><a href=\"http:\/\/www.urlaubcornwall.de\/\">UrlaubCornwall.de<\/a> ist ein in Cornwall ans\u00e4ssiges Unternehmen k\u00f6nnen wir uns mit 20 Jahren Erfahrung in der Organisation von Rundreisen durch <a href=\"https:\/\/www.urlaubcornwall.de\/reiseziel\/kent.php\">Kent<\/a>, S\u00fcdwest und S\u00fcdengland r\u00fchmen.<\/p>\n<p style=\"text-align: center;\">Um Canterbury und Kent in Ihre Rundreise durch S\u00fcdengland mit einzugliedern, stellen Sie Ihre <a href=\"http:\/\/www.urlaubcornwall.de\/anfrage.php\">Anfrage<\/a> hier oder w\u00e4hlen Sie ein Ferienhaus aus unserer besten Auswahl <a href=\"https:\/\/www.urlaubcornwall.de\/ferienhaueser\/kent.php\">handverlesener und inspizierter H\u00e4user<\/a> aus.<\/p>\n","protected":false},"excerpt":{"rendered":"<p>Die historische Stadt Canterbury in Kent wird von der Kathedrale dominiert; die Stadt ist ein beliebtes Touristenziel, eines der meist besuchten des UK. Canterbury befindet sich am Fluss Stour, der beliebt ist zum Rudern und Stochern. Canterbury liegt 89 km s\u00fcd\u00f6stlich von London, und die K\u00fcstenst\u00e4dte Whitstable und Herne Bay befinden sich lediglich 10km n\u00f6rdlich. [&hellip;]<\/p>\n","protected":false},"author":1,"featured_media":0,"parent":0,"menu_order":0,"comment_status":"closed","ping_status":"closed","template":"single-four.php","meta":[],"acf":[],"yoast_head":"<!-- This site is optimized with the Yoast SEO plugin v19.4 - https:\/\/yoast.com\/wordpress\/plugins\/seo\/ -->\n<title>Urlaub in Canterbury, Kent: Unterkunft, Sehensw\u00fcrdigkeiten und Geschichte - Urlaub &amp; Reisen<\/title>\n<meta name=\"robots\" content=\"index, follow, max-snippet:-1, max-image-preview:large, max-video-preview:-1\" \/>\n<link rel=\"canonical\" href=\"https:\/\/www.urlaubcornwall.de\/blog\/canterbury-kent-unterkunft-sehenswuerdigkeiten-und-geschichte\/\" \/>\n<meta property=\"og:locale\" content=\"en_US\" \/>\n<meta property=\"og:type\" content=\"article\" \/>\n<meta property=\"og:title\" content=\"Urlaub in Canterbury, Kent: Unterkunft, Sehensw\u00fcrdigkeiten und Geschichte - Urlaub &amp; Reisen\" \/>\n<meta property=\"og:description\" content=\"Die historische Stadt Canterbury in Kent wird von der Kathedrale dominiert; die Stadt ist ein beliebtes Touristenziel, eines der meist besuchten des UK. Canterbury befindet sich am Fluss Stour, der beliebt ist zum Rudern und Stochern. Canterbury liegt 89 km s\u00fcd\u00f6stlich von London, und die K\u00fcstenst\u00e4dte Whitstable und Herne Bay befinden sich lediglich 10km n\u00f6rdlich. [&hellip;]\" \/>\n<meta property=\"og:url\" content=\"https:\/\/www.urlaubcornwall.de\/blog\/canterbury-kent-unterkunft-sehenswuerdigkeiten-und-geschichte\/\" \/>\n<meta property=\"og:site_name\" content=\"Urlaub &amp; Reisen\" \/>\n<meta property=\"article:modified_time\" content=\"2024-05-28T14:24:04+00:00\" \/>\n<meta property=\"og:image\" content=\"https:\/\/www.urlaubcornwall.de\/blog\/wp-content\/uploads\/2024\/03\/catherdral.jpg\" \/>\n<meta name=\"twitter:card\" content=\"summary\" \/>\n<meta name=\"twitter:label1\" content=\"Est. reading time\" \/>\n\t<meta name=\"twitter:data1\" content=\"3 minutes\" \/>\n<script type=\"application\/ld+json\" class=\"yoast-schema-graph\">{\"@context\":\"https:\/\/schema.org\",\"@graph\":[{\"@type\":\"WebSite\",\"@id\":\"https:\/\/www.urlaubcornwall.de\/blog\/#website\",\"url\":\"https:\/\/www.urlaubcornwall.de\/blog\/\",\"name\":\"Urlaub &amp; Reisen\",\"description\":\"Urlaub, Reisen, Cornwall und S\u00fcdengland: eine perfekte Kombination\",\"potentialAction\":[{\"@type\":\"SearchAction\",\"target\":{\"@type\":\"EntryPoint\",\"urlTemplate\":\"https:\/\/www.urlaubcornwall.de\/blog\/?s={search_term_string}\"},\"query-input\":\"required name=search_term_string\"}],\"inLanguage\":\"en-US\"},{\"@type\":\"WebPage\",\"@id\":\"https:\/\/www.urlaubcornwall.de\/blog\/canterbury-kent-unterkunft-sehenswuerdigkeiten-und-geschichte\/\",\"url\":\"https:\/\/www.urlaubcornwall.de\/blog\/canterbury-kent-unterkunft-sehenswuerdigkeiten-und-geschichte\/\",\"name\":\"Urlaub in Canterbury, Kent: Unterkunft, Sehensw\u00fcrdigkeiten und Geschichte - Urlaub &amp; Reisen\",\"isPartOf\":{\"@id\":\"https:\/\/www.urlaubcornwall.de\/blog\/#website\"},\"datePublished\":\"2016-06-19T10:35:54+00:00\",\"dateModified\":\"2024-05-28T14:24:04+00:00\",\"breadcrumb\":{\"@id\":\"https:\/\/www.urlaubcornwall.de\/blog\/canterbury-kent-unterkunft-sehenswuerdigkeiten-und-geschichte\/#breadcrumb\"},\"inLanguage\":\"en-US\",\"potentialAction\":[{\"@type\":\"ReadAction\",\"target\":[\"https:\/\/www.urlaubcornwall.de\/blog\/canterbury-kent-unterkunft-sehenswuerdigkeiten-und-geschichte\/\"]}]},{\"@type\":\"BreadcrumbList\",\"@id\":\"https:\/\/www.urlaubcornwall.de\/blog\/canterbury-kent-unterkunft-sehenswuerdigkeiten-und-geschichte\/#breadcrumb\",\"itemListElement\":[{\"@type\":\"ListItem\",\"position\":1,\"name\":\"Home\",\"item\":\"https:\/\/www.urlaubcornwall.de\/blog\/\"},{\"@type\":\"ListItem\",\"position\":2,\"name\":\"Urlaub in Canterbury, Kent: Unterkunft, Sehensw\u00fcrdigkeiten und Geschichte\"}]}]}<\/script>\n<!-- \/ Yoast SEO plugin. -->","yoast_head_json":{"title":"Urlaub in Canterbury, Kent: Unterkunft, Sehensw\u00fcrdigkeiten und Geschichte - Urlaub &amp; Reisen","robots":{"index":"index","follow":"follow","max-snippet":"max-snippet:-1","max-image-preview":"max-image-preview:large","max-video-preview":"max-video-preview:-1"},"canonical":"https:\/\/www.urlaubcornwall.de\/blog\/canterbury-kent-unterkunft-sehenswuerdigkeiten-und-geschichte\/","og_locale":"en_US","og_type":"article","og_title":"Urlaub in Canterbury, Kent: Unterkunft, Sehensw\u00fcrdigkeiten und Geschichte - Urlaub &amp; Reisen","og_description":"Die historische Stadt Canterbury in Kent wird von der Kathedrale dominiert; die Stadt ist ein beliebtes Touristenziel, eines der meist besuchten des UK. Canterbury befindet sich am Fluss Stour, der beliebt ist zum Rudern und Stochern. Canterbury liegt 89 km s\u00fcd\u00f6stlich von London, und die K\u00fcstenst\u00e4dte Whitstable und Herne Bay befinden sich lediglich 10km n\u00f6rdlich. [&hellip;]","og_url":"https:\/\/www.urlaubcornwall.de\/blog\/canterbury-kent-unterkunft-sehenswuerdigkeiten-und-geschichte\/","og_site_name":"Urlaub &amp; Reisen","article_modified_time":"2024-05-28T14:24:04+00:00","og_image":[{"url":"https:\/\/www.urlaubcornwall.de\/blog\/wp-content\/uploads\/2024\/03\/catherdral.jpg"}],"twitter_card":"summary","twitter_misc":{"Est. reading time":"3 minutes"},"schema":{"@context":"https:\/\/schema.org","@graph":[{"@type":"WebSite","@id":"https:\/\/www.urlaubcornwall.de\/blog\/#website","url":"https:\/\/www.urlaubcornwall.de\/blog\/","name":"Urlaub &amp; Reisen","description":"Urlaub, Reisen, Cornwall und S\u00fcdengland: eine perfekte Kombination","potentialAction":[{"@type":"SearchAction","target":{"@type":"EntryPoint","urlTemplate":"https:\/\/www.urlaubcornwall.de\/blog\/?s={search_term_string}"},"query-input":"required name=search_term_string"}],"inLanguage":"en-US"},{"@type":"WebPage","@id":"https:\/\/www.urlaubcornwall.de\/blog\/canterbury-kent-unterkunft-sehenswuerdigkeiten-und-geschichte\/","url":"https:\/\/www.urlaubcornwall.de\/blog\/canterbury-kent-unterkunft-sehenswuerdigkeiten-und-geschichte\/","name":"Urlaub in Canterbury, Kent: Unterkunft, Sehensw\u00fcrdigkeiten und Geschichte - Urlaub &amp; Reisen","isPartOf":{"@id":"https:\/\/www.urlaubcornwall.de\/blog\/#website"},"datePublished":"2016-06-19T10:35:54+00:00","dateModified":"2024-05-28T14:24:04+00:00","breadcrumb":{"@id":"https:\/\/www.urlaubcornwall.de\/blog\/canterbury-kent-unterkunft-sehenswuerdigkeiten-und-geschichte\/#breadcrumb"},"inLanguage":"en-US","potentialAction":[{"@type":"ReadAction","target":["https:\/\/www.urlaubcornwall.de\/blog\/canterbury-kent-unterkunft-sehenswuerdigkeiten-und-geschichte\/"]}]},{"@type":"BreadcrumbList","@id":"https:\/\/www.urlaubcornwall.de\/blog\/canterbury-kent-unterkunft-sehenswuerdigkeiten-und-geschichte\/#breadcrumb","itemListElement":[{"@type":"ListItem","position":1,"name":"Home","item":"https:\/\/www.urlaubcornwall.de\/blog\/"},{"@type":"ListItem","position":2,"name":"Urlaub in Canterbury, Kent: Unterkunft, Sehensw\u00fcrdigkeiten und Geschichte"}]}]}},"_links":{"self":[{"href":"https:\/\/www.urlaubcornwall.de\/blog\/wp-json\/wp\/v2\/pages\/24578"}],"collection":[{"href":"https:\/\/www.urlaubcornwall.de\/blog\/wp-json\/wp\/v2\/pages"}],"about":[{"href":"https:\/\/www.urlaubcornwall.de\/blog\/wp-json\/wp\/v2\/types\/page"}],"author":[{"embeddable":true,"href":"https:\/\/www.urlaubcornwall.de\/blog\/wp-json\/wp\/v2\/users\/1"}],"replies":[{"embeddable":true,"href":"https:\/\/www.urlaubcornwall.de\/blog\/wp-json\/wp\/v2\/comments?post=24578"}],"version-history":[{"count":13,"href":"https:\/\/www.urlaubcornwall.de\/blog\/wp-json\/wp\/v2\/pages\/24578\/revisions"}],"predecessor-version":[{"id":50466,"href":"https:\/\/www.urlaubcornwall.de\/blog\/wp-json\/wp\/v2\/pages\/24578\/revisions\/50466"}],"wp:attachment":[{"href":"https:\/\/www.urlaubcornwall.de\/blog\/wp-json\/wp\/v2\/media?parent=24578"}],"curies":[{"name":"wp","href":"https:\/\/api.w.org\/{rel}","templated":true}]}}