{"id":24567,"date":"2016-06-17T11:01:21","date_gmt":"2016-06-17T11:01:21","guid":{"rendered":"https:\/\/www.urlaubcornwall.de\/blog\/?page_id=24567"},"modified":"2024-04-12T10:38:18","modified_gmt":"2024-04-12T10:38:18","slug":"urlaub-sidmouth-unterkunft-sehenswuerdigkeiten-und-geschichte","status":"publish","type":"page","link":"https:\/\/www.urlaubcornwall.de\/blog\/urlaub-sidmouth-unterkunft-sehenswuerdigkeiten-und-geschichte\/","title":{"rendered":"Urlaub Sidmouth: Unterkunft, Sehensw\u00fcrdigkeiten und Geschichte"},"content":{"rendered":"<p><img loading=\"lazy\" class=\"aligncenter size-full wp-image-24569\" src=\"https:\/\/www.urlaubcornwall.de\/blog\/wp-content\/uploads\/2016\/06\/urlaub-sidmouth.jpg\" alt=\"urlaub sidmouth\" width=\"744\" height=\"405\"\/><\/p>\n<p>Der elegante Regency Badeort Sidmouth hat eine 1,6 km lange Strandpromenade, und im Hintergrund befinden sich rote Klippen. Es war einst der stilvolle Badeort schechthin und wurde sorgsam und einfallsreich konserviert. Hier lebte die k\u00fcnftige K\u00f6nigin Viktoria als Kind mit ihren Elten, dem Herzog und der Herzogin von Kent. Deren Haus ist heute ein Hotel.<\/p>\n<p><strong>Jurak\u00fcste:<\/strong> Sidmouth ist das Tor zur Jurak\u00fcste, und das Sidmouth Museum bietet eine feine Ausstellung seltener Fossilien und Knochen, die mehr als 235 Millionen Jahre alt sind und an den Str\u00e4nden gefunden wurden.<\/p>\n<p><img loading=\"lazy\" class=\"aligncenter size-full wp-image-47876\" src=\"https:\/\/www.urlaubcornwall.de\/blog\/wp-content\/uploads\/2024\/03\/beer-strand-devon.jpg\" alt=\"beer strand devon\" width=\"750\" height=\"500\" srcset=\"https:\/\/www.urlaubcornwall.de\/blog\/wp-content\/uploads\/2024\/03\/beer-strand-devon.jpg 750w, https:\/\/www.urlaubcornwall.de\/blog\/wp-content\/uploads\/2024\/03\/beer-strand-devon-300x200.jpg 300w\" sizes=\"(max-width: 750px) 100vw, 750px\" \/><\/p>\n<p><strong>Beer:<\/strong> Das nahegelegene malerische Fischerdorf Beer war Zuhause eines von <a href=\"http:\/\/www.urlaubcornwall.de\/reiseziel\/devon.php\">Devons<\/a> ber\u00fchmtesten Schmugglern, Jack Rattenbury, der im 19. Jahrhundert in diesem charmanten Dorf lebte. Beer war auch ber\u00fchmt f\u00fcrs Kl\u00f6ppeln, und im Jahre 1839 wurde K\u00f6nigin Viktorias Hochzeitskleid hier hergestellt.\u00a0 Der Name Beer r\u00fchrt nicht vom gleichnamigen Getr\u00e4nk her, sondern vom angels\u00e4chsischen Wort \u2018bearu\u2019, das Bezug nimmt auf den Wald, der einst das Dorf umgeben hat.<\/p>\n<p><script async src=\"https:\/\/pagead2.googlesyndication.com\/pagead\/js\/adsbygoogle.js?client=ca-pub-3901089389175725\"\n     crossorigin=\"anonymous\"><\/script><br \/>\n<!-- New UC --><br \/>\n<ins class=\"adsbygoogle\"\n     style=\"display:block\"\n     data-ad-client=\"ca-pub-3901089389175725\"\n     data-ad-slot=\"8080314818\"\n     data-ad-format=\"auto\"\n     data-full-width-responsive=\"true\"><\/ins><br \/>\n<script>\n     (adsbygoogle = window.adsbygoogle || []).push({});\n<\/script><\/p>\n<p><strong>Jakobsleiter:<\/strong> \u201cJacob\u2019s ladder\u201d ist ein Sandstrand an der Westseite des Stadtstrandes von Sidmouth. Es ist ein hervorragender Strand f\u00fcr kleine Kinder mit Sand und einer Menge Felspools. Er ist erreichbar entlang eines ebenerdigen Pfades oder \u00fcber h\u00f6lzerne Stufen von den Connaught G\u00e4rten aus. Diese Stufen sind Namensgeber f\u00fcr den Strand.<\/p>\n<div class=\"snippet\"> <a class=\"featured-item\" href=\"https:\/\/www.urlaubcornwall.de\/ferienhaeuser\/suedengland.php\"> <span class=\"image-holder\" style=\"background-image: url('https:\/\/www.urlaubcornwall.de\/blog\/wp-content\/uploads\/2018\/12\/ferienhaus-cornwall-mit-hund.jpg');\"><\/span> <span class=\"featured-content\"> \n<h2 class=\"featured-title\">Ferienh\u00e4user in Devon &#038; S\u00fcdengland<\/h2>\n<p class=\"featured-body\">Bei uns finden Sie Ferienh\u00e4user zum Verlieben &#8211; so einfach ist das! Dank seiner langen Geschichte, der reizvollen Landschaften und seinen vielen Attraktionen ist S\u00fcdengland ein wahres Mekka f\u00fcr Urlauber&#8230;..<\/p><\/span> <span class=\"featured-link-holder\"> <span class=\"featured-extra-info\"> \n<p>Pers\u00f6nlich inspizierter Ferienh\u00e4user in Sidmouth<\/p>\n<\/span> \n<p class=\"featured-link\">DETAILS<\/p>\n<\/span> <\/a><\/div>\n<p><strong>Eselrettungsstation:<\/strong> Die Eselrettungsstation ist ein wohlt\u00e4tiger Verein zum Schutze von Eseln und um deren Wohlbefinden weltweit zu f\u00f6rdern. Mehr als 500 Esel haben hier Zuflucht gefunden, und Besucher k\u00f6nnen die Esel treffen und durch die Felder streunen. Eintritt wird nicht verlangt und angeleinte Hunde sind erlaubt.<\/p>\n<p><strong>Seaton Tramway:<\/strong> Von Seaton aus, der Meeresstadt an Devons Jurak\u00fcste, k\u00f6nnen Sie eine elektrische Bahn ins Binnenland nach Colyton und Colyford nehmen. Diese 4,8 km lange Strecke f\u00fchrt an Devons herrlicher Flussm\u00fcndung Axe vorbei. Bei gutem Wetter haben die Bahnen ein offenes Oberdeck und sind sehr beliebt. Falls das Wetter nicht so gut sein sollte, werden einst\u00f6ckige geschlossene Wagen benutzt.<\/p>\n<div class=\"snippet\"> <a class=\"featured-item\" href=\"https:\/\/www.urlaubcornwall.de\/rundreisen\/cornwall-suedengland.php\"> <span class=\"image-holder\" style=\"background-image: url('https:\/\/www.urlaubcornwall.de\/blog\/wp-content\/uploads\/2019\/01\/DiTn0QVWsAIOgjG.jpg');\"><\/span> <span class=\"featured-content\"> \n<h2 class=\"featured-title\">Rundreisen Cornwall &#038; S\u00fcdengland &#8211; eine perfekte Kombination<\/h2>\n<p class=\"featured-body\">Die perfekte Reisem\u00f6glichkeit und erm\u00f6glicht es Ihnen, Entdeckungen zu machen und einen Urlaub im eigenen Schritttempo&#8230;.<\/p><\/span> <span class=\"featured-link-holder\"> <span class=\"featured-extra-info\"> \n<p>F\u00fcr Paare, Familien &#038; Gruppen<\/p>\n<\/span> \n<p class=\"featured-link\">DETAILS<\/p>\n<\/span> <\/a><\/div>\n<p>Um Sidmouth in Ihre Rundreise durch S\u00fcdengland mit einzugliedern, stellen Sie Ihre <a href=\"http:\/\/www.urlaubcornwall.de\/anfrage.php\">Anfrage<\/a> hier aus.<\/p>\n<p><script async src=\"https:\/\/pagead2.googlesyndication.com\/pagead\/js\/adsbygoogle.js?client=ca-pub-3901089389175725\"\n     crossorigin=\"anonymous\"><\/script><br \/>\n<!-- New UC --><br \/>\n<ins class=\"adsbygoogle\"\n     style=\"display:block\"\n     data-ad-client=\"ca-pub-3901089389175725\"\n     data-ad-slot=\"8080314818\"\n     data-ad-format=\"auto\"\n     data-full-width-responsive=\"true\"><\/ins><br \/>\n<script>\n     (adsbygoogle = window.adsbygoogle || []).push({});\n<\/script><\/p>\n","protected":false},"excerpt":{"rendered":"<p>Der elegante Regency Badeort Sidmouth hat eine 1,6 km lange Strandpromenade, und im Hintergrund befinden sich rote Klippen. Es war einst der stilvolle Badeort schechthin und wurde sorgsam und einfallsreich konserviert. Hier lebte die k\u00fcnftige K\u00f6nigin Viktoria als Kind mit ihren Elten, dem Herzog und der Herzogin von Kent. Deren Haus ist heute ein Hotel. [&hellip;]<\/p>\n","protected":false},"author":1,"featured_media":0,"parent":0,"menu_order":0,"comment_status":"closed","ping_status":"closed","template":"single-four.php","meta":[],"acf":[],"yoast_head":"<!-- This site is optimized with the Yoast SEO plugin v19.4 - https:\/\/yoast.com\/wordpress\/plugins\/seo\/ -->\n<title>Urlaub Sidmouth: Unterkunft, Sehensw\u00fcrdigkeiten und Geschichte - Urlaub &amp; Reisen<\/title>\n<meta name=\"robots\" content=\"index, follow, max-snippet:-1, max-image-preview:large, max-video-preview:-1\" \/>\n<link rel=\"canonical\" href=\"https:\/\/www.urlaubcornwall.de\/blog\/urlaub-sidmouth-unterkunft-sehenswuerdigkeiten-und-geschichte\/\" \/>\n<meta property=\"og:locale\" content=\"en_US\" \/>\n<meta property=\"og:type\" content=\"article\" \/>\n<meta property=\"og:title\" content=\"Urlaub Sidmouth: Unterkunft, Sehensw\u00fcrdigkeiten und Geschichte - Urlaub &amp; Reisen\" \/>\n<meta property=\"og:description\" content=\"Der elegante Regency Badeort Sidmouth hat eine 1,6 km lange Strandpromenade, und im Hintergrund befinden sich rote Klippen. Es war einst der stilvolle Badeort schechthin und wurde sorgsam und einfallsreich konserviert. Hier lebte die k\u00fcnftige K\u00f6nigin Viktoria als Kind mit ihren Elten, dem Herzog und der Herzogin von Kent. Deren Haus ist heute ein Hotel. [&hellip;]\" \/>\n<meta property=\"og:url\" content=\"https:\/\/www.urlaubcornwall.de\/blog\/urlaub-sidmouth-unterkunft-sehenswuerdigkeiten-und-geschichte\/\" \/>\n<meta property=\"og:site_name\" content=\"Urlaub &amp; Reisen\" \/>\n<meta property=\"article:modified_time\" content=\"2024-04-12T10:38:18+00:00\" \/>\n<meta property=\"og:image\" content=\"https:\/\/www.urlaubcornwall.de\/blog\/wp-content\/uploads\/2016\/06\/urlaub-sidmouth.jpg\" \/>\n<meta name=\"twitter:card\" content=\"summary\" \/>\n<meta name=\"twitter:label1\" content=\"Est. reading time\" \/>\n\t<meta name=\"twitter:data1\" content=\"3 minutes\" \/>\n<script type=\"application\/ld+json\" class=\"yoast-schema-graph\">{\"@context\":\"https:\/\/schema.org\",\"@graph\":[{\"@type\":\"WebSite\",\"@id\":\"https:\/\/www.urlaubcornwall.de\/blog\/#website\",\"url\":\"https:\/\/www.urlaubcornwall.de\/blog\/\",\"name\":\"Urlaub &amp; Reisen\",\"description\":\"Urlaub, Reisen, Cornwall und S\u00fcdengland: eine perfekte Kombination\",\"potentialAction\":[{\"@type\":\"SearchAction\",\"target\":{\"@type\":\"EntryPoint\",\"urlTemplate\":\"https:\/\/www.urlaubcornwall.de\/blog\/?s={search_term_string}\"},\"query-input\":\"required name=search_term_string\"}],\"inLanguage\":\"en-US\"},{\"@type\":\"WebPage\",\"@id\":\"https:\/\/www.urlaubcornwall.de\/blog\/urlaub-sidmouth-unterkunft-sehenswuerdigkeiten-und-geschichte\/\",\"url\":\"https:\/\/www.urlaubcornwall.de\/blog\/urlaub-sidmouth-unterkunft-sehenswuerdigkeiten-und-geschichte\/\",\"name\":\"Urlaub Sidmouth: Unterkunft, Sehensw\u00fcrdigkeiten und Geschichte - Urlaub &amp; Reisen\",\"isPartOf\":{\"@id\":\"https:\/\/www.urlaubcornwall.de\/blog\/#website\"},\"datePublished\":\"2016-06-17T11:01:21+00:00\",\"dateModified\":\"2024-04-12T10:38:18+00:00\",\"breadcrumb\":{\"@id\":\"https:\/\/www.urlaubcornwall.de\/blog\/urlaub-sidmouth-unterkunft-sehenswuerdigkeiten-und-geschichte\/#breadcrumb\"},\"inLanguage\":\"en-US\",\"potentialAction\":[{\"@type\":\"ReadAction\",\"target\":[\"https:\/\/www.urlaubcornwall.de\/blog\/urlaub-sidmouth-unterkunft-sehenswuerdigkeiten-und-geschichte\/\"]}]},{\"@type\":\"BreadcrumbList\",\"@id\":\"https:\/\/www.urlaubcornwall.de\/blog\/urlaub-sidmouth-unterkunft-sehenswuerdigkeiten-und-geschichte\/#breadcrumb\",\"itemListElement\":[{\"@type\":\"ListItem\",\"position\":1,\"name\":\"Home\",\"item\":\"https:\/\/www.urlaubcornwall.de\/blog\/\"},{\"@type\":\"ListItem\",\"position\":2,\"name\":\"Urlaub Sidmouth: Unterkunft, Sehensw\u00fcrdigkeiten und Geschichte\"}]}]}<\/script>\n<!-- \/ Yoast SEO plugin. -->","yoast_head_json":{"title":"Urlaub Sidmouth: Unterkunft, Sehensw\u00fcrdigkeiten und Geschichte - Urlaub &amp; Reisen","robots":{"index":"index","follow":"follow","max-snippet":"max-snippet:-1","max-image-preview":"max-image-preview:large","max-video-preview":"max-video-preview:-1"},"canonical":"https:\/\/www.urlaubcornwall.de\/blog\/urlaub-sidmouth-unterkunft-sehenswuerdigkeiten-und-geschichte\/","og_locale":"en_US","og_type":"article","og_title":"Urlaub Sidmouth: Unterkunft, Sehensw\u00fcrdigkeiten und Geschichte - Urlaub &amp; Reisen","og_description":"Der elegante Regency Badeort Sidmouth hat eine 1,6 km lange Strandpromenade, und im Hintergrund befinden sich rote Klippen. Es war einst der stilvolle Badeort schechthin und wurde sorgsam und einfallsreich konserviert. Hier lebte die k\u00fcnftige K\u00f6nigin Viktoria als Kind mit ihren Elten, dem Herzog und der Herzogin von Kent. Deren Haus ist heute ein Hotel. [&hellip;]","og_url":"https:\/\/www.urlaubcornwall.de\/blog\/urlaub-sidmouth-unterkunft-sehenswuerdigkeiten-und-geschichte\/","og_site_name":"Urlaub &amp; Reisen","article_modified_time":"2024-04-12T10:38:18+00:00","og_image":[{"url":"https:\/\/www.urlaubcornwall.de\/blog\/wp-content\/uploads\/2016\/06\/urlaub-sidmouth.jpg"}],"twitter_card":"summary","twitter_misc":{"Est. reading time":"3 minutes"},"schema":{"@context":"https:\/\/schema.org","@graph":[{"@type":"WebSite","@id":"https:\/\/www.urlaubcornwall.de\/blog\/#website","url":"https:\/\/www.urlaubcornwall.de\/blog\/","name":"Urlaub &amp; Reisen","description":"Urlaub, Reisen, Cornwall und S\u00fcdengland: eine perfekte Kombination","potentialAction":[{"@type":"SearchAction","target":{"@type":"EntryPoint","urlTemplate":"https:\/\/www.urlaubcornwall.de\/blog\/?s={search_term_string}"},"query-input":"required name=search_term_string"}],"inLanguage":"en-US"},{"@type":"WebPage","@id":"https:\/\/www.urlaubcornwall.de\/blog\/urlaub-sidmouth-unterkunft-sehenswuerdigkeiten-und-geschichte\/","url":"https:\/\/www.urlaubcornwall.de\/blog\/urlaub-sidmouth-unterkunft-sehenswuerdigkeiten-und-geschichte\/","name":"Urlaub Sidmouth: Unterkunft, Sehensw\u00fcrdigkeiten und Geschichte - Urlaub &amp; Reisen","isPartOf":{"@id":"https:\/\/www.urlaubcornwall.de\/blog\/#website"},"datePublished":"2016-06-17T11:01:21+00:00","dateModified":"2024-04-12T10:38:18+00:00","breadcrumb":{"@id":"https:\/\/www.urlaubcornwall.de\/blog\/urlaub-sidmouth-unterkunft-sehenswuerdigkeiten-und-geschichte\/#breadcrumb"},"inLanguage":"en-US","potentialAction":[{"@type":"ReadAction","target":["https:\/\/www.urlaubcornwall.de\/blog\/urlaub-sidmouth-unterkunft-sehenswuerdigkeiten-und-geschichte\/"]}]},{"@type":"BreadcrumbList","@id":"https:\/\/www.urlaubcornwall.de\/blog\/urlaub-sidmouth-unterkunft-sehenswuerdigkeiten-und-geschichte\/#breadcrumb","itemListElement":[{"@type":"ListItem","position":1,"name":"Home","item":"https:\/\/www.urlaubcornwall.de\/blog\/"},{"@type":"ListItem","position":2,"name":"Urlaub Sidmouth: Unterkunft, Sehensw\u00fcrdigkeiten und Geschichte"}]}]}},"_links":{"self":[{"href":"https:\/\/www.urlaubcornwall.de\/blog\/wp-json\/wp\/v2\/pages\/24567"}],"collection":[{"href":"https:\/\/www.urlaubcornwall.de\/blog\/wp-json\/wp\/v2\/pages"}],"about":[{"href":"https:\/\/www.urlaubcornwall.de\/blog\/wp-json\/wp\/v2\/types\/page"}],"author":[{"embeddable":true,"href":"https:\/\/www.urlaubcornwall.de\/blog\/wp-json\/wp\/v2\/users\/1"}],"replies":[{"embeddable":true,"href":"https:\/\/www.urlaubcornwall.de\/blog\/wp-json\/wp\/v2\/comments?post=24567"}],"version-history":[{"count":12,"href":"https:\/\/www.urlaubcornwall.de\/blog\/wp-json\/wp\/v2\/pages\/24567\/revisions"}],"predecessor-version":[{"id":49263,"href":"https:\/\/www.urlaubcornwall.de\/blog\/wp-json\/wp\/v2\/pages\/24567\/revisions\/49263"}],"wp:attachment":[{"href":"https:\/\/www.urlaubcornwall.de\/blog\/wp-json\/wp\/v2\/media?parent=24567"}],"curies":[{"name":"wp","href":"https:\/\/api.w.org\/{rel}","templated":true}]}}