{"id":24560,"date":"2016-06-17T10:43:52","date_gmt":"2016-06-17T10:43:52","guid":{"rendered":"https:\/\/www.urlaubcornwall.de\/blog\/?page_id=24560"},"modified":"2024-05-29T12:20:18","modified_gmt":"2024-05-29T12:20:18","slug":"urlaub-salcombe-unterkunft-sehenswuerdigkeiten-und-geschichte","status":"publish","type":"page","link":"https:\/\/www.urlaubcornwall.de\/blog\/urlaub-salcombe-unterkunft-sehenswuerdigkeiten-und-geschichte\/","title":{"rendered":"Urlaub Salcombe: Unterkunft, Sehensw\u00fcrdigkeiten und Geschichte"},"content":{"rendered":"<p><a href=\"https:\/\/www.urlaubcornwall.de\/blog\/wp-content\/uploads\/2024\/05\/salcombe.jpg\"><img loading=\"lazy\" src=\"https:\/\/www.urlaubcornwall.de\/blog\/wp-content\/uploads\/2024\/05\/salcombe.jpg\" alt=\"salcombe\" width=\"750\" height=\"563\" class=\"alignnone size-full wp-image-50449\" srcset=\"https:\/\/www.urlaubcornwall.de\/blog\/wp-content\/uploads\/2024\/05\/salcombe.jpg 750w, https:\/\/www.urlaubcornwall.de\/blog\/wp-content\/uploads\/2024\/05\/salcombe-300x225.jpg 300w\" sizes=\"(max-width: 750px) 100vw, 750px\" \/><\/a><\/p>\n<p><a href=\"https:\/\/www.urlaubcornwall.de\/ferienhaeuser-fewos\/eng\/sued-devon\/salcombe.html\">Salcombe<\/a> befindet sich an der M\u00fcndung des Kingsbridge Flussbettes in <a href=\"https:\/\/www.urlaubcornwall.de\/ferienhaeuser-fewos\/eng\/sued-devon\/sued-devon.html\">S\u00fcddevon<\/a> und ist bei Jachtbesitzern beliebt. Salcombe hat einen der feinsten nat\u00fcrlichen H\u00e4fen des Westens und aufgrund vieler gezeitenabh\u00e4ngiger Buchten k\u00f6nnen kleine Boote die ruhigen Wasserwege bis ins Binnenland nach Kingsbridge erkunden. Die engen Wege und Stra\u00dfen dieses alten Fischerdorfes sind w\u00e4hrend des Sommers sehr \u00fcberlaufen mit Urlaubern, besonders im August, wenn die\u00a0 Salcombe Regatta stattfindet.<\/p>\n<p><strong>Sehensw\u00fcrdigkeiten in Salcombe<\/strong><\/p>\n<p><strong>South Sands:<\/strong> Dieser windgesch\u00fctzte Sandstrand befindet sich am Rande eines bewaldeten Tales; es gibt eine Passagierf\u00e4hre von Whitestrand Quay in Salcombe aus. Dieser preisgekr\u00f6nte Strand hat ein Wassersportzentrum, das Kanufahrten, Segeln, Windsurfen und Tauchen anbietet.<\/p>\n<p><strong>Overbecks:<\/strong> Versteckt auf den Klippen \u00fcber Salcombe gelegen, befindet sich das verborgene Paradies Overbecks. Dieser subtropische Garten strotzt nur so vor Farbe und ist gef\u00fcllt mit seltenen exotischen Pflanzen, hat zudem atemberaubenden Blick \u00fcber die Flussm\u00fcndung und der K\u00fcste entlang. Nun im Besitz des National Trust waren Haus und Garten einst das Zuhause des Erfinders Otto Overbeck, und das Haus wie auch die G\u00e4rten bergen jede Menge \u00dcberraschungen.<\/p>\n<div class=\"snippet\"> <a class=\"featured-item\" href=\"https:\/\/www.urlaubcornwall.de\/ferienhaeuser\/suedengland.php\"> <span class=\"image-holder\" style=\"background-image: url('https:\/\/www.urlaubcornwall.de\/blog\/wp-content\/uploads\/2018\/12\/ferienhaus-cornwall-mit-hund.jpg');\"><\/span> <span class=\"featured-content\"> \n<h2 class=\"featured-title\">Ferienh\u00e4user in Devon &#038; S\u00fcdengland<\/h2>\n<p class=\"featured-body\">Bei uns finden Sie Ferienh\u00e4user zum Verlieben &#8211; so einfach ist das! Dank seiner langen Geschichte, der reizvollen Landschaften und seinen vielen Attraktionen ist S\u00fcdengland ein wahres Mekka f\u00fcr Urlauber&#8230;..<\/p><\/span> <span class=\"featured-link-holder\"> <span class=\"featured-extra-info\"> \n<p>Pers\u00f6nlich inspizierter Ferienh\u00e4user<\/p>\n<\/span> \n<p class=\"featured-link\">DETAILS<\/p>\n<\/span> <\/a><\/div>\n<p><strong>Ost Portlemouth:<\/strong> \u00dcber das Wasser hinweg von Salcombe aus befindet sich das Dorf Ost- Portlemouth mit seinen wundersch\u00f6nen Str\u00e4nden. Es gibt eine regelm\u00e4\u00dfige F\u00e4hrverbindung zwischen den beiden St\u00e4dten.<\/p>\n<p><strong>Prawle Point:<\/strong> Im Binnenland von Ost- Portlemouth aus befindet sich das h\u00fcbsche Dorf East Prawle. Einen kurzen Spaziergang vom Dorf entfernt befindet sich Prawle Point, eine dramatische Landspitze mit angehobenen Felsstr\u00e4nden. Im Besucherzentrum der K\u00fcstenwache k\u00f6nnen Sie mehr herausfinden \u00fcber diese wilde und wundersch\u00f6ne Landschaft, sowie den wundervollen Blick der K\u00fcste entlang genie\u00dfen.<\/p>\n<p><script async src=\"https:\/\/pagead2.googlesyndication.com\/pagead\/js\/adsbygoogle.js?client=ca-pub-3901089389175725\"\n     crossorigin=\"anonymous\"><\/script><br \/>\n<!-- New UC --><br \/>\n<ins class=\"adsbygoogle\"\n     style=\"display:block\"\n     data-ad-client=\"ca-pub-3901089389175725\"\n     data-ad-slot=\"8080314818\"\n     data-ad-format=\"auto\"\n     data-full-width-responsive=\"true\"><\/ins><br \/>\n<script>\n     (adsbygoogle = window.adsbygoogle || []).push({});\n<\/script><\/p>\n<p><strong>Start Point Leuchtturm:<\/strong> Start Point ist die s\u00fcdlichste Landspitze Devons. Der Leuchtturm, der 1836 erbaut wurde, befindet sich auf einer der exponiertesten Halbinseln der <a href=\"https:\/\/www.urlaubcornwall.de\/blog\/kuestenwanderungen-in-suedengland-hier-sind-5-unserer-favoriten\/\">englischen K\u00fcste<\/a>, welche sich 1,5 km ins Meer hinaus erstreckt. Es ist der einzige Leuchtturm Devons, der der \u00d6ffentlichkeit zug\u00e4nglich ist. Gef\u00fchrte Touren finden den Tag \u00fcber statt und dauern ungef\u00e4hr 45 Minuten. Vorbuchungen sind nicht n\u00f6tig.<\/p>\n<div class=\"snippet\"> <a class=\"featured-item\" href=\"https:\/\/www.urlaubcornwall.de\/rundreisen\/cornwall-suedengland.php\"> <span class=\"image-holder\" style=\"background-image: url('https:\/\/www.urlaubcornwall.de\/blog\/wp-content\/uploads\/2019\/01\/DiTn0QVWsAIOgjG.jpg');\"><\/span> <span class=\"featured-content\"> \n<h2 class=\"featured-title\">Rundreisen Devon &#038; S\u00fcdengland eine perfekte Kombination<\/h2>\n<p class=\"featured-body\">Die perfekte Reisem\u00f6glichkeit und erm\u00f6glicht es Ihnen, Entdeckungen zu machen und einen Urlaub im eigenen Schritttempo&#8230;.<\/p><\/span> <span class=\"featured-link-holder\"> <span class=\"featured-extra-info\"> \n<p>F\u00fcr Paare, Familien &#038; Gruppen<\/p>\n<\/span> \n<p class=\"featured-link\">DETAILS<\/p>\n<\/span> <\/a><\/div>\n","protected":false},"excerpt":{"rendered":"<p>Salcombe befindet sich an der M\u00fcndung des Kingsbridge Flussbettes in S\u00fcddevon und ist bei Jachtbesitzern beliebt. Salcombe hat einen der feinsten nat\u00fcrlichen H\u00e4fen des Westens und aufgrund vieler gezeitenabh\u00e4ngiger Buchten k\u00f6nnen kleine Boote die ruhigen Wasserwege bis ins Binnenland nach Kingsbridge erkunden. Die engen Wege und Stra\u00dfen dieses alten Fischerdorfes sind w\u00e4hrend des Sommers sehr [&hellip;]<\/p>\n","protected":false},"author":1,"featured_media":0,"parent":0,"menu_order":0,"comment_status":"closed","ping_status":"closed","template":"single-four.php","meta":[],"acf":[],"yoast_head":"<!-- This site is optimized with the Yoast SEO plugin v19.4 - https:\/\/yoast.com\/wordpress\/plugins\/seo\/ -->\n<title>Urlaub Salcombe: Unterkunft, Sehensw\u00fcrdigkeiten und Geschichte - Urlaub &amp; Reisen<\/title>\n<meta name=\"robots\" content=\"index, follow, max-snippet:-1, max-image-preview:large, max-video-preview:-1\" \/>\n<link rel=\"canonical\" href=\"https:\/\/www.urlaubcornwall.de\/blog\/urlaub-salcombe-unterkunft-sehenswuerdigkeiten-und-geschichte\/\" \/>\n<meta property=\"og:locale\" content=\"en_US\" \/>\n<meta property=\"og:type\" content=\"article\" \/>\n<meta property=\"og:title\" content=\"Urlaub Salcombe: Unterkunft, Sehensw\u00fcrdigkeiten und Geschichte - Urlaub &amp; Reisen\" \/>\n<meta property=\"og:description\" content=\"Salcombe befindet sich an der M\u00fcndung des Kingsbridge Flussbettes in S\u00fcddevon und ist bei Jachtbesitzern beliebt. Salcombe hat einen der feinsten nat\u00fcrlichen H\u00e4fen des Westens und aufgrund vieler gezeitenabh\u00e4ngiger Buchten k\u00f6nnen kleine Boote die ruhigen Wasserwege bis ins Binnenland nach Kingsbridge erkunden. Die engen Wege und Stra\u00dfen dieses alten Fischerdorfes sind w\u00e4hrend des Sommers sehr [&hellip;]\" \/>\n<meta property=\"og:url\" content=\"https:\/\/www.urlaubcornwall.de\/blog\/urlaub-salcombe-unterkunft-sehenswuerdigkeiten-und-geschichte\/\" \/>\n<meta property=\"og:site_name\" content=\"Urlaub &amp; Reisen\" \/>\n<meta property=\"article:modified_time\" content=\"2024-05-29T12:20:18+00:00\" \/>\n<meta property=\"og:image\" content=\"https:\/\/www.urlaubcornwall.de\/blog\/wp-content\/uploads\/2024\/05\/salcombe.jpg\" \/>\n<meta name=\"twitter:card\" content=\"summary\" \/>\n<meta name=\"twitter:label1\" content=\"Est. reading time\" \/>\n\t<meta name=\"twitter:data1\" content=\"3 minutes\" \/>\n<script type=\"application\/ld+json\" class=\"yoast-schema-graph\">{\"@context\":\"https:\/\/schema.org\",\"@graph\":[{\"@type\":\"WebSite\",\"@id\":\"https:\/\/www.urlaubcornwall.de\/blog\/#website\",\"url\":\"https:\/\/www.urlaubcornwall.de\/blog\/\",\"name\":\"Urlaub &amp; Reisen\",\"description\":\"Urlaub, Reisen, Cornwall und S\u00fcdengland: eine perfekte Kombination\",\"potentialAction\":[{\"@type\":\"SearchAction\",\"target\":{\"@type\":\"EntryPoint\",\"urlTemplate\":\"https:\/\/www.urlaubcornwall.de\/blog\/?s={search_term_string}\"},\"query-input\":\"required name=search_term_string\"}],\"inLanguage\":\"en-US\"},{\"@type\":\"WebPage\",\"@id\":\"https:\/\/www.urlaubcornwall.de\/blog\/urlaub-salcombe-unterkunft-sehenswuerdigkeiten-und-geschichte\/\",\"url\":\"https:\/\/www.urlaubcornwall.de\/blog\/urlaub-salcombe-unterkunft-sehenswuerdigkeiten-und-geschichte\/\",\"name\":\"Urlaub Salcombe: Unterkunft, Sehensw\u00fcrdigkeiten und Geschichte - Urlaub &amp; Reisen\",\"isPartOf\":{\"@id\":\"https:\/\/www.urlaubcornwall.de\/blog\/#website\"},\"datePublished\":\"2016-06-17T10:43:52+00:00\",\"dateModified\":\"2024-05-29T12:20:18+00:00\",\"breadcrumb\":{\"@id\":\"https:\/\/www.urlaubcornwall.de\/blog\/urlaub-salcombe-unterkunft-sehenswuerdigkeiten-und-geschichte\/#breadcrumb\"},\"inLanguage\":\"en-US\",\"potentialAction\":[{\"@type\":\"ReadAction\",\"target\":[\"https:\/\/www.urlaubcornwall.de\/blog\/urlaub-salcombe-unterkunft-sehenswuerdigkeiten-und-geschichte\/\"]}]},{\"@type\":\"BreadcrumbList\",\"@id\":\"https:\/\/www.urlaubcornwall.de\/blog\/urlaub-salcombe-unterkunft-sehenswuerdigkeiten-und-geschichte\/#breadcrumb\",\"itemListElement\":[{\"@type\":\"ListItem\",\"position\":1,\"name\":\"Home\",\"item\":\"https:\/\/www.urlaubcornwall.de\/blog\/\"},{\"@type\":\"ListItem\",\"position\":2,\"name\":\"Urlaub Salcombe: Unterkunft, Sehensw\u00fcrdigkeiten und Geschichte\"}]}]}<\/script>\n<!-- \/ Yoast SEO plugin. -->","yoast_head_json":{"title":"Urlaub Salcombe: Unterkunft, Sehensw\u00fcrdigkeiten und Geschichte - Urlaub &amp; Reisen","robots":{"index":"index","follow":"follow","max-snippet":"max-snippet:-1","max-image-preview":"max-image-preview:large","max-video-preview":"max-video-preview:-1"},"canonical":"https:\/\/www.urlaubcornwall.de\/blog\/urlaub-salcombe-unterkunft-sehenswuerdigkeiten-und-geschichte\/","og_locale":"en_US","og_type":"article","og_title":"Urlaub Salcombe: Unterkunft, Sehensw\u00fcrdigkeiten und Geschichte - Urlaub &amp; Reisen","og_description":"Salcombe befindet sich an der M\u00fcndung des Kingsbridge Flussbettes in S\u00fcddevon und ist bei Jachtbesitzern beliebt. Salcombe hat einen der feinsten nat\u00fcrlichen H\u00e4fen des Westens und aufgrund vieler gezeitenabh\u00e4ngiger Buchten k\u00f6nnen kleine Boote die ruhigen Wasserwege bis ins Binnenland nach Kingsbridge erkunden. Die engen Wege und Stra\u00dfen dieses alten Fischerdorfes sind w\u00e4hrend des Sommers sehr [&hellip;]","og_url":"https:\/\/www.urlaubcornwall.de\/blog\/urlaub-salcombe-unterkunft-sehenswuerdigkeiten-und-geschichte\/","og_site_name":"Urlaub &amp; Reisen","article_modified_time":"2024-05-29T12:20:18+00:00","og_image":[{"url":"https:\/\/www.urlaubcornwall.de\/blog\/wp-content\/uploads\/2024\/05\/salcombe.jpg"}],"twitter_card":"summary","twitter_misc":{"Est. reading time":"3 minutes"},"schema":{"@context":"https:\/\/schema.org","@graph":[{"@type":"WebSite","@id":"https:\/\/www.urlaubcornwall.de\/blog\/#website","url":"https:\/\/www.urlaubcornwall.de\/blog\/","name":"Urlaub &amp; Reisen","description":"Urlaub, Reisen, Cornwall und S\u00fcdengland: eine perfekte Kombination","potentialAction":[{"@type":"SearchAction","target":{"@type":"EntryPoint","urlTemplate":"https:\/\/www.urlaubcornwall.de\/blog\/?s={search_term_string}"},"query-input":"required name=search_term_string"}],"inLanguage":"en-US"},{"@type":"WebPage","@id":"https:\/\/www.urlaubcornwall.de\/blog\/urlaub-salcombe-unterkunft-sehenswuerdigkeiten-und-geschichte\/","url":"https:\/\/www.urlaubcornwall.de\/blog\/urlaub-salcombe-unterkunft-sehenswuerdigkeiten-und-geschichte\/","name":"Urlaub Salcombe: Unterkunft, Sehensw\u00fcrdigkeiten und Geschichte - Urlaub &amp; Reisen","isPartOf":{"@id":"https:\/\/www.urlaubcornwall.de\/blog\/#website"},"datePublished":"2016-06-17T10:43:52+00:00","dateModified":"2024-05-29T12:20:18+00:00","breadcrumb":{"@id":"https:\/\/www.urlaubcornwall.de\/blog\/urlaub-salcombe-unterkunft-sehenswuerdigkeiten-und-geschichte\/#breadcrumb"},"inLanguage":"en-US","potentialAction":[{"@type":"ReadAction","target":["https:\/\/www.urlaubcornwall.de\/blog\/urlaub-salcombe-unterkunft-sehenswuerdigkeiten-und-geschichte\/"]}]},{"@type":"BreadcrumbList","@id":"https:\/\/www.urlaubcornwall.de\/blog\/urlaub-salcombe-unterkunft-sehenswuerdigkeiten-und-geschichte\/#breadcrumb","itemListElement":[{"@type":"ListItem","position":1,"name":"Home","item":"https:\/\/www.urlaubcornwall.de\/blog\/"},{"@type":"ListItem","position":2,"name":"Urlaub Salcombe: Unterkunft, Sehensw\u00fcrdigkeiten und Geschichte"}]}]}},"_links":{"self":[{"href":"https:\/\/www.urlaubcornwall.de\/blog\/wp-json\/wp\/v2\/pages\/24560"}],"collection":[{"href":"https:\/\/www.urlaubcornwall.de\/blog\/wp-json\/wp\/v2\/pages"}],"about":[{"href":"https:\/\/www.urlaubcornwall.de\/blog\/wp-json\/wp\/v2\/types\/page"}],"author":[{"embeddable":true,"href":"https:\/\/www.urlaubcornwall.de\/blog\/wp-json\/wp\/v2\/users\/1"}],"replies":[{"embeddable":true,"href":"https:\/\/www.urlaubcornwall.de\/blog\/wp-json\/wp\/v2\/comments?post=24560"}],"version-history":[{"count":15,"href":"https:\/\/www.urlaubcornwall.de\/blog\/wp-json\/wp\/v2\/pages\/24560\/revisions"}],"predecessor-version":[{"id":50648,"href":"https:\/\/www.urlaubcornwall.de\/blog\/wp-json\/wp\/v2\/pages\/24560\/revisions\/50648"}],"wp:attachment":[{"href":"https:\/\/www.urlaubcornwall.de\/blog\/wp-json\/wp\/v2\/media?parent=24560"}],"curies":[{"name":"wp","href":"https:\/\/api.w.org\/{rel}","templated":true}]}}