{"id":24554,"date":"2016-06-17T09:00:01","date_gmt":"2016-06-17T09:00:01","guid":{"rendered":"https:\/\/www.urlaubcornwall.de\/blog\/?page_id=24554"},"modified":"2024-05-28T14:12:08","modified_gmt":"2024-05-28T14:12:08","slug":"urlaub-plymouth-unterkunft-sehenswuerdigkeiten-und-geschichte","status":"publish","type":"page","link":"https:\/\/www.urlaubcornwall.de\/blog\/urlaub-plymouth-unterkunft-sehenswuerdigkeiten-und-geschichte\/","title":{"rendered":"Urlaub Plymouth: Unterkunft, Sehensw\u00fcrdigkeiten und Geschichte"},"content":{"rendered":"<p>Plymouth ist die gr\u00f6\u00dfte Stadt <a href=\"https:\/\/www.urlaubcornwall.de\/reiseziel\/devon.php\">Devons<\/a> und eine der gro\u00dfartigsten Seefahrtsst\u00e4dte Britannien, die ins 16. Jahrhundert zur\u00fcck reicht. In Devonport ist die Royal Navy stationiert, und von Plymouth aus fahren F\u00e4hren nach Frankreich und Spanien.<\/p>\n<p><img loading=\"lazy\" class=\"aligncenter size-full wp-image-21111\" src=\"https:\/\/www.urlaubcornwall.de\/blog\/wp-content\/uploads\/2015\/10\/urlaub-plymouth.jpg\" alt=\"urlaub plymouth\" width=\"748\" height=\"407\"\/><\/p>\n<p><strong>Plymouth Hoe:<\/strong> Hoch \u00fcber dem Hafen und&nbsp; mit Blick \u00fcber <a href=\"https:\/\/www.urlaubcornwall.de\/ferienhaeuser-fewos\/eng\/sued-devon\/plymouth.html\">Plymouth<\/a> Sound ist das Hoe eine weite grasbedeckte Ausdehnung, ideal f\u00fcr Picknicks. Hier finden Sie Drakes Statue; Sir Francis Drake wurde um das Jahr 1540 in Tavistock geboren und war dann der bekannteste Seemann des elisabethanischen Zeitalters und einer der gr\u00f6\u00dften Segler der Welt. Auf dem Hoe soll Sir Francis Drake sein Boulespiel beendet haben, bevor er Segel setzte, um die spanische Armada zu treffen. Smeatons Tower, ebenfalls auf dem Hoe, war einst ein Leuchtturm, urspr\u00fcnglich im Jahre 1759 auf den Eddystone Rocks errichtet, doch wurde er hierher verlegt, als die Felsen darunter zu br\u00f6ckeln begannen. Seiner ehemaligen Pracht entsprechend restauriert, bietet der Smeatons Tower fantastischen Blick \u00fcber Plymouth Sound und die Stadt.<\/p>\n<div class=\"snippet\"> <a class=\"featured-item\" href=\"https:\/\/www.urlaubcornwall.de\/ferienhaeuser\/suedengland.php\"> <span class=\"image-holder\" style=\"background-image: url('https:\/\/www.urlaubcornwall.de\/blog\/wp-content\/uploads\/2018\/12\/ferienhaus-cornwall-mit-hund.jpg');\"><\/span> <span class=\"featured-content\"> \n<h2 class=\"featured-title\">Ferienh\u00e4user in Devon &#038; S\u00fcdengland<\/h2>\n<p class=\"featured-body\">Bei uns finden Sie Ferienh\u00e4user zum Verlieben &#8211; so einfach ist das! Dank seiner langen Geschichte, der reizvollen Landschaften und seinen vielen Attraktionen ist S\u00fcdengland ein wahres Mekka f\u00fcr Urlauber&#8230;..<\/p><\/span> <span class=\"featured-link-holder\"> <span class=\"featured-extra-info\"> \n<p>Pers\u00f6nlich inspizierter Ferienh\u00e4user<\/p>\n<\/span> \n<p class=\"featured-link\">DETAILS<\/p>\n<\/span> <\/a><\/div>\n<p><strong>Sutton Harbour:<\/strong> Sutton Harbour ist der urspr\u00fcngliche Hafen von Plymouth; von hier aus begann Captain Cook seine Reisen, auch die Pilgerv\u00e4ter segelten von hier aus, und an deren Fahrt wird durch den Mayflower Stone und die Stufen erinnert. Heute verf\u00fcgt die Marina \u00fcber einige gro\u00dfartige Bars und Restaurants, wo Sie sich zur\u00fccklehnen und dabei zuschauen k\u00f6nnen, wie die Welt vor\u00fcberzieht.<\/p>\n<p><img loading=\"lazy\" class=\"aligncenter size-full wp-image-50447\" src=\"https:\/\/www.urlaubcornwall.de\/blog\/wp-content\/uploads\/2024\/05\/barbican-plymouth.jpg\" alt=\"barbican plymouth\" width=\"750\" height=\"511\" srcset=\"https:\/\/www.urlaubcornwall.de\/blog\/wp-content\/uploads\/2024\/05\/barbican-plymouth.jpg 750w, https:\/\/www.urlaubcornwall.de\/blog\/wp-content\/uploads\/2024\/05\/barbican-plymouth-300x204.jpg 300w\" sizes=\"(max-width: 750px) 100vw, 750px\" \/><\/p>\n<p><strong>The Barbican:<\/strong> Das historische Barbican Gebiet der Stadt besteht aus einem faszinierenden Gewirr an engen alten Stra\u00dfen und Gassen, die aus elisabethanischen Zeiten erhalten sind. Es gibt eine Menge Caf\u00e9s, Bars und Restaurants, und hier finden Sie auch die Plymouth Gin Brennerei, die seit 1793 den ber\u00fchmten Plymouth Gin produziert. Es gibt gef\u00fchrte Touren durch die Brennerei, sowie ein Gesch\u00e4ft, eine Bar und ein Restaurant.<\/p>\n<p style=\"text-align: center;\"><a class=\"tidycta\" href=\"https:\/\/www.urlaubcornwall.de\/ferienhaeuser-fewos\/eng\/sued-devon\/plymouth.html\">Ferienh\u00e4user &#038; Ferienwohnungen in Plymouth<\/a><\/p>\n<p><strong>National Marine Aquarium:<\/strong> Das \u201eNational Marine Aquarium\u201c ist das gr\u00f6\u00dfte des UK und bietet eine faszinierende Schau marinen Lebens, von Haien bis hin zu Seepferdchen, Stachelrochen und Korallen. Das Aquarium ist eines von Plymouths besten Besucherattraktionen und ein gro\u00dfartiges Ziel f\u00fcr einen Familienausflug.<\/p>\n<p><script async src=\"https:\/\/pagead2.googlesyndication.com\/pagead\/js\/adsbygoogle.js?client=ca-pub-3901089389175725\"\n     crossorigin=\"anonymous\"><\/script><br \/>\n<!-- New UC --><br \/>\n<ins class=\"adsbygoogle\"\n     style=\"display:block\"\n     data-ad-client=\"ca-pub-3901089389175725\"\n     data-ad-slot=\"8080314818\"\n     data-ad-format=\"auto\"\n     data-full-width-responsive=\"true\"><\/ins><br \/>\n<script>\n     (adsbygoogle = window.adsbygoogle || []).push({});\n<\/script><\/p>\n<p><img loading=\"lazy\" class=\"aligncenter size-full wp-image-47874\" src=\"https:\/\/www.urlaubcornwall.de\/blog\/wp-content\/uploads\/2024\/03\/plymouth.jpg\" alt=\"plymouth\" width=\"750\" height=\"500\" srcset=\"https:\/\/www.urlaubcornwall.de\/blog\/wp-content\/uploads\/2024\/03\/plymouth.jpg 750w, https:\/\/www.urlaubcornwall.de\/blog\/wp-content\/uploads\/2024\/03\/plymouth-300x200.jpg 300w\" sizes=\"(max-width: 750px) 100vw, 750px\" \/><\/p>\n<p><strong>Royal William Yard:<\/strong> Machen Sie eine Bootsfahrt vom Barbican aus zum Royal William Yard; dies war Vorratshof der Royal Navy, und diese denkmalsgesch\u00fctzten Geb\u00e4ude wurde in Caf\u00e9s, Shops, Restaurants, in ein Museum und Kunstgalerien umgestaltet.<\/p>\n<p><strong>Saltram:<\/strong> Hoch \u00fcber dem Fluss Plym gelegen, hat dieses georgianische Herrenhaus herrlichen Blick \u00fcber die Flussm\u00fcndung. Saltrams 202 Hektar sich sanft dahin schwingender Landschaftsparks bieten wundervolle Waldspazierg\u00e4nge, samt Rastpl\u00e4tzen, um die Landschaft zu genie\u00dfen. Das Haus ist mit einigen exquisiten M\u00f6beln und Kunstwerken ausgestattet. Es war Drehort f\u00fcr zahlreiche Filme, einschlie\u00dflich des Films \u201eSense and Sensibility\u201c, auf Jane Austens Novelle basierend.<\/p>\n<div class=\"snippet\"> <a class=\"featured-item\" href=\"https:\/\/www.urlaubcornwall.de\/rundreisen\/cornwall-suedengland.php\"> <span class=\"image-holder\" style=\"background-image: url('https:\/\/www.urlaubcornwall.de\/blog\/wp-content\/uploads\/2019\/01\/DiTn0QVWsAIOgjG.jpg');\"><\/span> <span class=\"featured-content\"> \n<h2 class=\"featured-title\">Rundreisen Cornwall &#038; S\u00fcdengland &#8211; eine perfekte Kombination<\/h2>\n<p class=\"featured-body\">Die perfekte Reisem\u00f6glichkeit und erm\u00f6glicht es Ihnen, Entdeckungen zu machen und einen Urlaub im eigenen Schritttempo&#8230;.<\/p><\/span> <span class=\"featured-link-holder\"> <span class=\"featured-extra-info\"> \n<p>F\u00fcr Paare, Familien &#038; Gruppen<\/p>\n<\/span> \n<p class=\"featured-link\">DETAILS<\/p>\n<\/span> <\/a><\/div>\n<p>Um Plymouth und Devon in Ihre Rundreise durch S\u00fcdengland mit einzugliedern, stellen Sie Ihre <a href=\"https:\/\/www.urlaubcornwall.de\/reisebuchung.php\">Anfrage<\/a> hier.<\/p>\n","protected":false},"excerpt":{"rendered":"<p>Plymouth ist die gr\u00f6\u00dfte Stadt Devons und eine der gro\u00dfartigsten Seefahrtsst\u00e4dte Britannien, die ins 16. Jahrhundert zur\u00fcck reicht. In Devonport ist die Royal Navy stationiert, und von Plymouth aus fahren F\u00e4hren nach Frankreich und Spanien. Plymouth Hoe: Hoch \u00fcber dem Hafen und&nbsp; mit Blick \u00fcber Plymouth Sound ist das Hoe eine weite grasbedeckte Ausdehnung, ideal [&hellip;]<\/p>\n","protected":false},"author":1,"featured_media":0,"parent":0,"menu_order":0,"comment_status":"closed","ping_status":"closed","template":"single-four.php","meta":[],"acf":[],"yoast_head":"<!-- This site is optimized with the Yoast SEO plugin v19.4 - https:\/\/yoast.com\/wordpress\/plugins\/seo\/ -->\n<title>Urlaub Plymouth: Unterkunft, Sehensw\u00fcrdigkeiten und Geschichte - Urlaub &amp; Reisen<\/title>\n<meta name=\"robots\" content=\"index, follow, max-snippet:-1, max-image-preview:large, max-video-preview:-1\" \/>\n<link rel=\"canonical\" href=\"https:\/\/www.urlaubcornwall.de\/blog\/urlaub-plymouth-unterkunft-sehenswuerdigkeiten-und-geschichte\/\" \/>\n<meta property=\"og:locale\" content=\"en_US\" \/>\n<meta property=\"og:type\" content=\"article\" \/>\n<meta property=\"og:title\" content=\"Urlaub Plymouth: Unterkunft, Sehensw\u00fcrdigkeiten und Geschichte - Urlaub &amp; Reisen\" \/>\n<meta property=\"og:description\" content=\"Plymouth ist die gr\u00f6\u00dfte Stadt Devons und eine der gro\u00dfartigsten Seefahrtsst\u00e4dte Britannien, die ins 16. Jahrhundert zur\u00fcck reicht. In Devonport ist die Royal Navy stationiert, und von Plymouth aus fahren F\u00e4hren nach Frankreich und Spanien. Plymouth Hoe: Hoch \u00fcber dem Hafen und&nbsp; mit Blick \u00fcber Plymouth Sound ist das Hoe eine weite grasbedeckte Ausdehnung, ideal [&hellip;]\" \/>\n<meta property=\"og:url\" content=\"https:\/\/www.urlaubcornwall.de\/blog\/urlaub-plymouth-unterkunft-sehenswuerdigkeiten-und-geschichte\/\" \/>\n<meta property=\"og:site_name\" content=\"Urlaub &amp; Reisen\" \/>\n<meta property=\"article:modified_time\" content=\"2024-05-28T14:12:08+00:00\" \/>\n<meta property=\"og:image\" content=\"https:\/\/www.urlaubcornwall.de\/blog\/wp-content\/uploads\/2015\/10\/urlaub-plymouth.jpg\" \/>\n<meta name=\"twitter:card\" content=\"summary\" \/>\n<meta name=\"twitter:label1\" content=\"Est. reading time\" \/>\n\t<meta name=\"twitter:data1\" content=\"3 minutes\" \/>\n<script type=\"application\/ld+json\" class=\"yoast-schema-graph\">{\"@context\":\"https:\/\/schema.org\",\"@graph\":[{\"@type\":\"WebSite\",\"@id\":\"https:\/\/www.urlaubcornwall.de\/blog\/#website\",\"url\":\"https:\/\/www.urlaubcornwall.de\/blog\/\",\"name\":\"Urlaub &amp; Reisen\",\"description\":\"Urlaub, Reisen, Cornwall und S\u00fcdengland: eine perfekte Kombination\",\"potentialAction\":[{\"@type\":\"SearchAction\",\"target\":{\"@type\":\"EntryPoint\",\"urlTemplate\":\"https:\/\/www.urlaubcornwall.de\/blog\/?s={search_term_string}\"},\"query-input\":\"required name=search_term_string\"}],\"inLanguage\":\"en-US\"},{\"@type\":\"WebPage\",\"@id\":\"https:\/\/www.urlaubcornwall.de\/blog\/urlaub-plymouth-unterkunft-sehenswuerdigkeiten-und-geschichte\/\",\"url\":\"https:\/\/www.urlaubcornwall.de\/blog\/urlaub-plymouth-unterkunft-sehenswuerdigkeiten-und-geschichte\/\",\"name\":\"Urlaub Plymouth: Unterkunft, Sehensw\u00fcrdigkeiten und Geschichte - Urlaub &amp; Reisen\",\"isPartOf\":{\"@id\":\"https:\/\/www.urlaubcornwall.de\/blog\/#website\"},\"datePublished\":\"2016-06-17T09:00:01+00:00\",\"dateModified\":\"2024-05-28T14:12:08+00:00\",\"breadcrumb\":{\"@id\":\"https:\/\/www.urlaubcornwall.de\/blog\/urlaub-plymouth-unterkunft-sehenswuerdigkeiten-und-geschichte\/#breadcrumb\"},\"inLanguage\":\"en-US\",\"potentialAction\":[{\"@type\":\"ReadAction\",\"target\":[\"https:\/\/www.urlaubcornwall.de\/blog\/urlaub-plymouth-unterkunft-sehenswuerdigkeiten-und-geschichte\/\"]}]},{\"@type\":\"BreadcrumbList\",\"@id\":\"https:\/\/www.urlaubcornwall.de\/blog\/urlaub-plymouth-unterkunft-sehenswuerdigkeiten-und-geschichte\/#breadcrumb\",\"itemListElement\":[{\"@type\":\"ListItem\",\"position\":1,\"name\":\"Home\",\"item\":\"https:\/\/www.urlaubcornwall.de\/blog\/\"},{\"@type\":\"ListItem\",\"position\":2,\"name\":\"Urlaub Plymouth: Unterkunft, Sehensw\u00fcrdigkeiten und Geschichte\"}]}]}<\/script>\n<!-- \/ Yoast SEO plugin. -->","yoast_head_json":{"title":"Urlaub Plymouth: Unterkunft, Sehensw\u00fcrdigkeiten und Geschichte - Urlaub &amp; Reisen","robots":{"index":"index","follow":"follow","max-snippet":"max-snippet:-1","max-image-preview":"max-image-preview:large","max-video-preview":"max-video-preview:-1"},"canonical":"https:\/\/www.urlaubcornwall.de\/blog\/urlaub-plymouth-unterkunft-sehenswuerdigkeiten-und-geschichte\/","og_locale":"en_US","og_type":"article","og_title":"Urlaub Plymouth: Unterkunft, Sehensw\u00fcrdigkeiten und Geschichte - Urlaub &amp; Reisen","og_description":"Plymouth ist die gr\u00f6\u00dfte Stadt Devons und eine der gro\u00dfartigsten Seefahrtsst\u00e4dte Britannien, die ins 16. Jahrhundert zur\u00fcck reicht. In Devonport ist die Royal Navy stationiert, und von Plymouth aus fahren F\u00e4hren nach Frankreich und Spanien. Plymouth Hoe: Hoch \u00fcber dem Hafen und&nbsp; mit Blick \u00fcber Plymouth Sound ist das Hoe eine weite grasbedeckte Ausdehnung, ideal [&hellip;]","og_url":"https:\/\/www.urlaubcornwall.de\/blog\/urlaub-plymouth-unterkunft-sehenswuerdigkeiten-und-geschichte\/","og_site_name":"Urlaub &amp; Reisen","article_modified_time":"2024-05-28T14:12:08+00:00","og_image":[{"url":"https:\/\/www.urlaubcornwall.de\/blog\/wp-content\/uploads\/2015\/10\/urlaub-plymouth.jpg"}],"twitter_card":"summary","twitter_misc":{"Est. reading time":"3 minutes"},"schema":{"@context":"https:\/\/schema.org","@graph":[{"@type":"WebSite","@id":"https:\/\/www.urlaubcornwall.de\/blog\/#website","url":"https:\/\/www.urlaubcornwall.de\/blog\/","name":"Urlaub &amp; Reisen","description":"Urlaub, Reisen, Cornwall und S\u00fcdengland: eine perfekte Kombination","potentialAction":[{"@type":"SearchAction","target":{"@type":"EntryPoint","urlTemplate":"https:\/\/www.urlaubcornwall.de\/blog\/?s={search_term_string}"},"query-input":"required name=search_term_string"}],"inLanguage":"en-US"},{"@type":"WebPage","@id":"https:\/\/www.urlaubcornwall.de\/blog\/urlaub-plymouth-unterkunft-sehenswuerdigkeiten-und-geschichte\/","url":"https:\/\/www.urlaubcornwall.de\/blog\/urlaub-plymouth-unterkunft-sehenswuerdigkeiten-und-geschichte\/","name":"Urlaub Plymouth: Unterkunft, Sehensw\u00fcrdigkeiten und Geschichte - Urlaub &amp; Reisen","isPartOf":{"@id":"https:\/\/www.urlaubcornwall.de\/blog\/#website"},"datePublished":"2016-06-17T09:00:01+00:00","dateModified":"2024-05-28T14:12:08+00:00","breadcrumb":{"@id":"https:\/\/www.urlaubcornwall.de\/blog\/urlaub-plymouth-unterkunft-sehenswuerdigkeiten-und-geschichte\/#breadcrumb"},"inLanguage":"en-US","potentialAction":[{"@type":"ReadAction","target":["https:\/\/www.urlaubcornwall.de\/blog\/urlaub-plymouth-unterkunft-sehenswuerdigkeiten-und-geschichte\/"]}]},{"@type":"BreadcrumbList","@id":"https:\/\/www.urlaubcornwall.de\/blog\/urlaub-plymouth-unterkunft-sehenswuerdigkeiten-und-geschichte\/#breadcrumb","itemListElement":[{"@type":"ListItem","position":1,"name":"Home","item":"https:\/\/www.urlaubcornwall.de\/blog\/"},{"@type":"ListItem","position":2,"name":"Urlaub Plymouth: Unterkunft, Sehensw\u00fcrdigkeiten und Geschichte"}]}]}},"_links":{"self":[{"href":"https:\/\/www.urlaubcornwall.de\/blog\/wp-json\/wp\/v2\/pages\/24554"}],"collection":[{"href":"https:\/\/www.urlaubcornwall.de\/blog\/wp-json\/wp\/v2\/pages"}],"about":[{"href":"https:\/\/www.urlaubcornwall.de\/blog\/wp-json\/wp\/v2\/types\/page"}],"author":[{"embeddable":true,"href":"https:\/\/www.urlaubcornwall.de\/blog\/wp-json\/wp\/v2\/users\/1"}],"replies":[{"embeddable":true,"href":"https:\/\/www.urlaubcornwall.de\/blog\/wp-json\/wp\/v2\/comments?post=24554"}],"version-history":[{"count":18,"href":"https:\/\/www.urlaubcornwall.de\/blog\/wp-json\/wp\/v2\/pages\/24554\/revisions"}],"predecessor-version":[{"id":50448,"href":"https:\/\/www.urlaubcornwall.de\/blog\/wp-json\/wp\/v2\/pages\/24554\/revisions\/50448"}],"wp:attachment":[{"href":"https:\/\/www.urlaubcornwall.de\/blog\/wp-json\/wp\/v2\/media?parent=24554"}],"curies":[{"name":"wp","href":"https:\/\/api.w.org\/{rel}","templated":true}]}}