{"id":24519,"date":"2016-06-14T13:35:21","date_gmt":"2016-06-14T13:35:21","guid":{"rendered":"https:\/\/www.urlaubcornwall.de\/blog\/?page_id=24519"},"modified":"2024-05-29T12:23:43","modified_gmt":"2024-05-29T12:23:43","slug":"urlaub-dartmoor-unterkunft-sehenswuerdigkeiten-und-geschichte","status":"publish","type":"page","link":"https:\/\/www.urlaubcornwall.de\/blog\/urlaub-dartmoor-unterkunft-sehenswuerdigkeiten-und-geschichte\/","title":{"rendered":"Urlaub Dartmoor: Unterkunft, Sehensw\u00fcrdigkeiten und Geschichte"},"content":{"rendered":"<p><a href=\"https:\/\/www.urlaubcornwall.de\/blog\/wp-content\/uploads\/2024\/03\/dartmoor.jpg\"><img loading=\"lazy\" src=\"https:\/\/www.urlaubcornwall.de\/blog\/wp-content\/uploads\/2024\/03\/dartmoor.jpg\" alt=\"dartmoor\" width=\"750\" height=\"500\" class=\"alignnone size-full wp-image-47878\" srcset=\"https:\/\/www.urlaubcornwall.de\/blog\/wp-content\/uploads\/2024\/03\/dartmoor.jpg 750w, https:\/\/www.urlaubcornwall.de\/blog\/wp-content\/uploads\/2024\/03\/dartmoor-300x200.jpg 300w\" sizes=\"(max-width: 750px) 100vw, 750px\" \/><\/a><\/p>\n<p><a href=\"https:\/\/www.urlaubcornwall.de\/ferienhaeuser-fewos\/eng\/sued-devon\/dartmoor.html\">Dartmoor ist ein Nationalpark<\/a> und erstreckt sich \u00fcber ein Gebiet von 945 Quadratkilometer; es ist S\u00fcdenglands gr\u00f6\u00dfte Ausdehnung an Wildnis. Das Moor ist abgelegen und doch zug\u00e4nglich, wild und zerkl\u00fcftet, doch mit friedvollen bewaldeten T\u00e4lern eine Landschaft faszinierender Extreme.<\/p>\n<p><strong>Sehensw\u00fcrdigkeiten Dartmoor<\/strong> &#8211; <a href=\"https:\/\/www.urlaubcornwall.de\/ferienhaeuser-fewos\/eng\/sued-devon\/widecombe-in-the-moor.html\">Widecombe-in-the-Moor<\/a>: Dieses idyllische Dorf mit seinen h\u00fcbschen reetgedeckten Cottages ist bekannt f\u00fcr seine sch\u00f6ne Kirche mit einem herrlichen Granitturm. Das Dorf wurde auch aufgrund des Volksliedes \u2018Widecombe Fair\u2019 bekannt.<\/p>\n<p>Grimspound: Diese runden pr\u00e4historischen H\u00fctten sind aus dem Bronzezeitalter und umgeben von einem massiven Grenzwall von 150m im Durchmesser. Sie sind die bestbekanntesten aller pr\u00e4historischer St\u00e4tte im Dartmoor und sollen als Modell gedient haben f\u00fcr das steinzeitalterliche Dorf, in dem Sherlock Holmes in der Novelle \u201eDer Hund von Baskervilles\u201c kampierte.<\/p>\n<p style=\"text-align: center;\"><a class=\"tidycta\" href=\"https:\/\/www.urlaubcornwall.de\/reiseziel\/devon.php\">Suche Ferienh\u00e4user Devon<\/a><\/p>\n<p>Castle Drogo: Castle Drogo war das letzte Schloss, das in England erbaut wurde. Es wurde von Sir Edwin Lutyens f\u00fcr einen selbstgemachten Million\u00e4r, Julius Drewe, designt. Es sieht uralt aus, wurde jedoch erst vor 100 Jahren erbaut. Die feinen formalen G\u00e4rten und Grundfl\u00e4chen f\u00fchren hinunter zum Fluss Teign.<\/p>\n<p><script async src=\"https:\/\/pagead2.googlesyndication.com\/pagead\/js\/adsbygoogle.js?client=ca-pub-3901089389175725\"\n     crossorigin=\"anonymous\"><\/script><br \/>\n<!-- New UC --><br \/>\n<ins class=\"adsbygoogle\"\n     style=\"display:block\"\n     data-ad-client=\"ca-pub-3901089389175725\"\n     data-ad-slot=\"8080314818\"\n     data-ad-format=\"auto\"\n     data-full-width-responsive=\"true\"><\/ins><br \/>\n<script>\n     (adsbygoogle = window.adsbygoogle || []).push({});\n<\/script><\/p>\n<p><a href=\"https:\/\/www.urlaubcornwall.de\/ferienhaeuser-fewos\/eng\/mitteldevon-und-ostdevon\/okehampton.html\">Okehampton Castle<\/a>: Okehampton Castle wurde nach der normannischen Eroberung erbaut, und die \u00dcberbleibsel des hohen Turmes und der Festhalle bieten einen dramatischen Anblick, der sich \u00fcber den Fluss Okement erhebt. Es gibt einen Picknickplatz mit wundersch\u00f6nen Waldspazierwegen.<\/p>\n<p>Lydford Gorge: Die Lydford Schlucht befindet sich dort, wo der Fluss Lyd \u00fcber den 30 Meter hohen White Lady Wasserfall stolpert. Es ist die tiefste Schlucht und der h\u00f6chste Wasserfall in S\u00fcdwestengland und lediglich zu Fu\u00df erreichbar. Es gibt diverse sch\u00f6ne Spazierwege durch die Schlucht, doch festes Schuhwerk ist ratsam, da die Pfade rutschig sein k\u00f6nnen. Entlang des Wanderweges befinden sich Teeh\u00e4user und Picknickpl\u00e4tze.<\/p>\n<p>Museum zum Leben im Dartmoor: Dieses Museum in Okehampton bietet faszinierenden Einblick in die Leben derer, die im Moor wohnten, sowohl fr\u00fcher als auch heute. Die Ausstellungsst\u00fccke beinhalten alles, von antiken landwirtschaftlichen Werkzeugen bis hin zu einer viktorianischen K\u00fcche, einer rekonstruierten H\u00fctte des Bronzezeitalters und einer Schmiede.<\/p>\n<p>Die Hauptst\u00e4dte des Dartmoor sind Okehampton und <a href=\"https:\/\/www.urlaubcornwall.de\/ferienhaeuser-fewos\/eng\/sued-devon\/tavistock.html\">Tavistock<\/a>; Princetown befindet sich direkt im Zentrum des Moors, und hier finden Sie das Nationalpark-Besucherzentrum; ein idealer Ort, um Ihre Tour durch das Dartmoor von hier aus zu beginnen. Neben den zahlreichen Fu\u00dfwegen gibt es Radfahrwege, Reitangebote, H\u00f6hlenerkundungen, Kanufahrten, Klettern und Natursafaris; eine Vielzahl an Aktivit\u00e4ten also f\u00fcr jedes Familienmitglied.<\/p>\n<div class=\"snippet\"> <a class=\"featured-item\" href=\"https:\/\/www.urlaubcornwall.de\/ferienhaeuser\/suedengland.php\"> <span class=\"image-holder\" style=\"background-image: url('https:\/\/www.urlaubcornwall.de\/blog\/wp-content\/uploads\/2018\/12\/ferienhaus-cornwall-mit-hund.jpg');\"><\/span> <span class=\"featured-content\"> \n<h2 class=\"featured-title\">Ferienh\u00e4user in Devon &#038; S\u00fcdengland<\/h2>\n<p class=\"featured-body\">Bei uns finden Sie Ferienh\u00e4user zum Verlieben &#8211; so einfach ist das! Dank seiner langen Geschichte, der reizvollen Landschaften und seinen vielen Attraktionen ist S\u00fcdengland ein wahres Mekka f\u00fcr Urlauber&#8230;..<\/p><\/span> <span class=\"featured-link-holder\"> <span class=\"featured-extra-info\"> \n<p>Pers\u00f6nlich inspizierter Ferienh\u00e4user<\/p>\n<\/span> \n<p class=\"featured-link\">DETAILS<\/p>\n<\/span> <\/a><\/div>\n<div class=\"snippet\"> <a class=\"featured-item\" href=\"https:\/\/www.urlaubcornwall.de\/rundreisen\/cornwall-suedengland.php\"> <span class=\"image-holder\" style=\"background-image: url('https:\/\/www.urlaubcornwall.de\/blog\/wp-content\/uploads\/2019\/01\/DiTn0QVWsAIOgjG.jpg');\"><\/span> <span class=\"featured-content\"> \n<h2 class=\"featured-title\">Rundreisen Cornwall &#038; S\u00fcdengland &#8211; eine perfekte Kombination<\/h2>\n<p class=\"featured-body\">Die perfekte Reisem\u00f6glichkeit und erm\u00f6glicht es Ihnen, Entdeckungen zu machen und einen Urlaub im eigenen Schritttempo&#8230;.<\/p><\/span> <span class=\"featured-link-holder\"> <span class=\"featured-extra-info\"> \n<p>F\u00fcr Paare, Familien &#038; Gruppen<\/p>\n<\/span> \n<p class=\"featured-link\">DETAILS<\/p>\n<\/span> <\/a><\/div>\n<p>Dartsmeet: Dartsmeet ist ein wohlbekannter, wundersch\u00f6ner Ort, wo sich die Fl\u00fcsse Ost- und West Dart treffen. Hier sehen Sie eine von Dartmoors ber\u00fchmten Steinplattenbr\u00fccken \u2013 ein uralter Kreuzungspunkt. <\/p>\n<p>UrlaubCornwall verf\u00fcgt <a href=\"https:\/\/www.urlaubcornwall.de\/ferienhaeuser-fewos\/eng\/sued-devon\/dartmoor.html\">Ferienh\u00e4user und Ferienwohnungen in Dartmoor<\/a> f\u00fcr Ihren <a href=\"https:\/\/www.urlaubcornwall.de\/reiseziel\/devon.php\">Urlaub in Devon<\/a>. Unterk\u00fcnfte der Spitzenklasse f\u00fcr 2 Personen, Familien und Gruppen mit 4, 6, 8, 10 oder 12 G\u00e4sten.<\/p>\n","protected":false},"excerpt":{"rendered":"<p>Dartmoor ist ein Nationalpark und erstreckt sich \u00fcber ein Gebiet von 945 Quadratkilometer; es ist S\u00fcdenglands gr\u00f6\u00dfte Ausdehnung an Wildnis. Das Moor ist abgelegen und doch zug\u00e4nglich, wild und zerkl\u00fcftet, doch mit friedvollen bewaldeten T\u00e4lern eine Landschaft faszinierender Extreme. Sehensw\u00fcrdigkeiten Dartmoor &#8211; Widecombe-in-the-Moor: Dieses idyllische Dorf mit seinen h\u00fcbschen reetgedeckten Cottages ist bekannt f\u00fcr seine [&hellip;]<\/p>\n","protected":false},"author":1,"featured_media":0,"parent":0,"menu_order":0,"comment_status":"closed","ping_status":"closed","template":"single-four.php","meta":[],"acf":[],"yoast_head":"<!-- This site is optimized with the Yoast SEO plugin v19.4 - https:\/\/yoast.com\/wordpress\/plugins\/seo\/ -->\n<title>Urlaub Dartmoor: Unterkunft, Sehensw\u00fcrdigkeiten und Geschichte - Urlaub &amp; Reisen<\/title>\n<meta name=\"robots\" content=\"index, follow, max-snippet:-1, max-image-preview:large, max-video-preview:-1\" \/>\n<link rel=\"canonical\" href=\"https:\/\/www.urlaubcornwall.de\/blog\/urlaub-dartmoor-unterkunft-sehenswuerdigkeiten-und-geschichte\/\" \/>\n<meta property=\"og:locale\" content=\"en_US\" \/>\n<meta property=\"og:type\" content=\"article\" \/>\n<meta property=\"og:title\" content=\"Urlaub Dartmoor: Unterkunft, Sehensw\u00fcrdigkeiten und Geschichte - Urlaub &amp; Reisen\" \/>\n<meta property=\"og:description\" content=\"Dartmoor ist ein Nationalpark und erstreckt sich \u00fcber ein Gebiet von 945 Quadratkilometer; es ist S\u00fcdenglands gr\u00f6\u00dfte Ausdehnung an Wildnis. Das Moor ist abgelegen und doch zug\u00e4nglich, wild und zerkl\u00fcftet, doch mit friedvollen bewaldeten T\u00e4lern eine Landschaft faszinierender Extreme. Sehensw\u00fcrdigkeiten Dartmoor &#8211; Widecombe-in-the-Moor: Dieses idyllische Dorf mit seinen h\u00fcbschen reetgedeckten Cottages ist bekannt f\u00fcr seine [&hellip;]\" \/>\n<meta property=\"og:url\" content=\"https:\/\/www.urlaubcornwall.de\/blog\/urlaub-dartmoor-unterkunft-sehenswuerdigkeiten-und-geschichte\/\" \/>\n<meta property=\"og:site_name\" content=\"Urlaub &amp; Reisen\" \/>\n<meta property=\"article:modified_time\" content=\"2024-05-29T12:23:43+00:00\" \/>\n<meta property=\"og:image\" content=\"https:\/\/www.urlaubcornwall.de\/blog\/wp-content\/uploads\/2024\/03\/dartmoor.jpg\" \/>\n<meta name=\"twitter:card\" content=\"summary\" \/>\n<meta name=\"twitter:label1\" content=\"Est. reading time\" \/>\n\t<meta name=\"twitter:data1\" content=\"3 minutes\" \/>\n<script type=\"application\/ld+json\" class=\"yoast-schema-graph\">{\"@context\":\"https:\/\/schema.org\",\"@graph\":[{\"@type\":\"WebSite\",\"@id\":\"https:\/\/www.urlaubcornwall.de\/blog\/#website\",\"url\":\"https:\/\/www.urlaubcornwall.de\/blog\/\",\"name\":\"Urlaub &amp; Reisen\",\"description\":\"Urlaub, Reisen, Cornwall und S\u00fcdengland: eine perfekte Kombination\",\"potentialAction\":[{\"@type\":\"SearchAction\",\"target\":{\"@type\":\"EntryPoint\",\"urlTemplate\":\"https:\/\/www.urlaubcornwall.de\/blog\/?s={search_term_string}\"},\"query-input\":\"required name=search_term_string\"}],\"inLanguage\":\"en-US\"},{\"@type\":\"WebPage\",\"@id\":\"https:\/\/www.urlaubcornwall.de\/blog\/urlaub-dartmoor-unterkunft-sehenswuerdigkeiten-und-geschichte\/\",\"url\":\"https:\/\/www.urlaubcornwall.de\/blog\/urlaub-dartmoor-unterkunft-sehenswuerdigkeiten-und-geschichte\/\",\"name\":\"Urlaub Dartmoor: Unterkunft, Sehensw\u00fcrdigkeiten und Geschichte - Urlaub &amp; Reisen\",\"isPartOf\":{\"@id\":\"https:\/\/www.urlaubcornwall.de\/blog\/#website\"},\"datePublished\":\"2016-06-14T13:35:21+00:00\",\"dateModified\":\"2024-05-29T12:23:43+00:00\",\"breadcrumb\":{\"@id\":\"https:\/\/www.urlaubcornwall.de\/blog\/urlaub-dartmoor-unterkunft-sehenswuerdigkeiten-und-geschichte\/#breadcrumb\"},\"inLanguage\":\"en-US\",\"potentialAction\":[{\"@type\":\"ReadAction\",\"target\":[\"https:\/\/www.urlaubcornwall.de\/blog\/urlaub-dartmoor-unterkunft-sehenswuerdigkeiten-und-geschichte\/\"]}]},{\"@type\":\"BreadcrumbList\",\"@id\":\"https:\/\/www.urlaubcornwall.de\/blog\/urlaub-dartmoor-unterkunft-sehenswuerdigkeiten-und-geschichte\/#breadcrumb\",\"itemListElement\":[{\"@type\":\"ListItem\",\"position\":1,\"name\":\"Home\",\"item\":\"https:\/\/www.urlaubcornwall.de\/blog\/\"},{\"@type\":\"ListItem\",\"position\":2,\"name\":\"Urlaub Dartmoor: Unterkunft, Sehensw\u00fcrdigkeiten und Geschichte\"}]}]}<\/script>\n<!-- \/ Yoast SEO plugin. -->","yoast_head_json":{"title":"Urlaub Dartmoor: Unterkunft, Sehensw\u00fcrdigkeiten und Geschichte - Urlaub &amp; Reisen","robots":{"index":"index","follow":"follow","max-snippet":"max-snippet:-1","max-image-preview":"max-image-preview:large","max-video-preview":"max-video-preview:-1"},"canonical":"https:\/\/www.urlaubcornwall.de\/blog\/urlaub-dartmoor-unterkunft-sehenswuerdigkeiten-und-geschichte\/","og_locale":"en_US","og_type":"article","og_title":"Urlaub Dartmoor: Unterkunft, Sehensw\u00fcrdigkeiten und Geschichte - Urlaub &amp; Reisen","og_description":"Dartmoor ist ein Nationalpark und erstreckt sich \u00fcber ein Gebiet von 945 Quadratkilometer; es ist S\u00fcdenglands gr\u00f6\u00dfte Ausdehnung an Wildnis. Das Moor ist abgelegen und doch zug\u00e4nglich, wild und zerkl\u00fcftet, doch mit friedvollen bewaldeten T\u00e4lern eine Landschaft faszinierender Extreme. Sehensw\u00fcrdigkeiten Dartmoor &#8211; Widecombe-in-the-Moor: Dieses idyllische Dorf mit seinen h\u00fcbschen reetgedeckten Cottages ist bekannt f\u00fcr seine [&hellip;]","og_url":"https:\/\/www.urlaubcornwall.de\/blog\/urlaub-dartmoor-unterkunft-sehenswuerdigkeiten-und-geschichte\/","og_site_name":"Urlaub &amp; Reisen","article_modified_time":"2024-05-29T12:23:43+00:00","og_image":[{"url":"https:\/\/www.urlaubcornwall.de\/blog\/wp-content\/uploads\/2024\/03\/dartmoor.jpg"}],"twitter_card":"summary","twitter_misc":{"Est. reading time":"3 minutes"},"schema":{"@context":"https:\/\/schema.org","@graph":[{"@type":"WebSite","@id":"https:\/\/www.urlaubcornwall.de\/blog\/#website","url":"https:\/\/www.urlaubcornwall.de\/blog\/","name":"Urlaub &amp; Reisen","description":"Urlaub, Reisen, Cornwall und S\u00fcdengland: eine perfekte Kombination","potentialAction":[{"@type":"SearchAction","target":{"@type":"EntryPoint","urlTemplate":"https:\/\/www.urlaubcornwall.de\/blog\/?s={search_term_string}"},"query-input":"required name=search_term_string"}],"inLanguage":"en-US"},{"@type":"WebPage","@id":"https:\/\/www.urlaubcornwall.de\/blog\/urlaub-dartmoor-unterkunft-sehenswuerdigkeiten-und-geschichte\/","url":"https:\/\/www.urlaubcornwall.de\/blog\/urlaub-dartmoor-unterkunft-sehenswuerdigkeiten-und-geschichte\/","name":"Urlaub Dartmoor: Unterkunft, Sehensw\u00fcrdigkeiten und Geschichte - Urlaub &amp; Reisen","isPartOf":{"@id":"https:\/\/www.urlaubcornwall.de\/blog\/#website"},"datePublished":"2016-06-14T13:35:21+00:00","dateModified":"2024-05-29T12:23:43+00:00","breadcrumb":{"@id":"https:\/\/www.urlaubcornwall.de\/blog\/urlaub-dartmoor-unterkunft-sehenswuerdigkeiten-und-geschichte\/#breadcrumb"},"inLanguage":"en-US","potentialAction":[{"@type":"ReadAction","target":["https:\/\/www.urlaubcornwall.de\/blog\/urlaub-dartmoor-unterkunft-sehenswuerdigkeiten-und-geschichte\/"]}]},{"@type":"BreadcrumbList","@id":"https:\/\/www.urlaubcornwall.de\/blog\/urlaub-dartmoor-unterkunft-sehenswuerdigkeiten-und-geschichte\/#breadcrumb","itemListElement":[{"@type":"ListItem","position":1,"name":"Home","item":"https:\/\/www.urlaubcornwall.de\/blog\/"},{"@type":"ListItem","position":2,"name":"Urlaub Dartmoor: Unterkunft, Sehensw\u00fcrdigkeiten und Geschichte"}]}]}},"_links":{"self":[{"href":"https:\/\/www.urlaubcornwall.de\/blog\/wp-json\/wp\/v2\/pages\/24519"}],"collection":[{"href":"https:\/\/www.urlaubcornwall.de\/blog\/wp-json\/wp\/v2\/pages"}],"about":[{"href":"https:\/\/www.urlaubcornwall.de\/blog\/wp-json\/wp\/v2\/types\/page"}],"author":[{"embeddable":true,"href":"https:\/\/www.urlaubcornwall.de\/blog\/wp-json\/wp\/v2\/users\/1"}],"replies":[{"embeddable":true,"href":"https:\/\/www.urlaubcornwall.de\/blog\/wp-json\/wp\/v2\/comments?post=24519"}],"version-history":[{"count":16,"href":"https:\/\/www.urlaubcornwall.de\/blog\/wp-json\/wp\/v2\/pages\/24519\/revisions"}],"predecessor-version":[{"id":50650,"href":"https:\/\/www.urlaubcornwall.de\/blog\/wp-json\/wp\/v2\/pages\/24519\/revisions\/50650"}],"wp:attachment":[{"href":"https:\/\/www.urlaubcornwall.de\/blog\/wp-json\/wp\/v2\/media?parent=24519"}],"curies":[{"name":"wp","href":"https:\/\/api.w.org\/{rel}","templated":true}]}}