{"id":24515,"date":"2016-06-14T13:04:36","date_gmt":"2016-06-14T13:04:36","guid":{"rendered":"https:\/\/www.urlaubcornwall.de\/blog\/?page_id=24515"},"modified":"2024-05-29T12:24:10","modified_gmt":"2024-05-29T12:24:10","slug":"urlaub-clovelly-unterkunft-sehenswuerdigkeiten-und-geschichte","status":"publish","type":"page","link":"https:\/\/www.urlaubcornwall.de\/blog\/urlaub-clovelly-unterkunft-sehenswuerdigkeiten-und-geschichte\/","title":{"rendered":"Urlaub Clovelly: Unterkunft, Sehensw\u00fcrdigkeiten und Geschichte"},"content":{"rendered":"<p><img loading=\"lazy\" class=\"aligncenter size-full wp-image-47866\" src=\"https:\/\/www.urlaubcornwall.de\/blog\/wp-content\/uploads\/2024\/03\/clovelly.jpg\" alt=\"clovelly\" width=\"750\" height=\"500\" srcset=\"https:\/\/www.urlaubcornwall.de\/blog\/wp-content\/uploads\/2024\/03\/clovelly.jpg 750w, https:\/\/www.urlaubcornwall.de\/blog\/wp-content\/uploads\/2024\/03\/clovelly-300x200.jpg 300w\" sizes=\"(max-width: 750px) 100vw, 750px\" \/><\/p>\n<p><a href=\"https:\/\/www.urlaubcornwall.de\/ferienhaeuser-fewos\/eng\/nord-devon\/clovelly.html\">Clovelly ist eines der malerischsten D\u00f6rfer Devons<\/a>. Es befindet sich an <a href=\"https:\/\/www.urlaubcornwall.de\/reiseziel\/devon.php\">Devons Nordk\u00fcste<\/a> und ist ein Dorf im Privatbesitz, was dabei geholfen hat, die originelle Atmosph\u00e4re zu erhalten. Wenn Sie Clovelly besuchen, ist es als w\u00fcrden Sie zur\u00fcckgehen ins 19. Jahrhundert. Autos sind nicht erlaubt in den steilen, engen Stra\u00dfen des Dorfes, die umrahmt sind von urigen, gewei\u00dfelten Cottages und farbenfrohen Blumen. Die Hauptstra\u00dfe ist sehr steil, und vern\u00fcnftiges Schuhwerk sollte getragen werden. Von Ostern an bis Oktober gibt es einen Landrover Dienst, um Besucher zur\u00fcck bis an die Spitze zu bringen.<\/p>\n<p><strong>Sehensw\u00fcrdigkeiten in<\/strong> <strong>Clovelly<\/strong> &#8211; Clovelly Hafen: Dieser winzige malerische Hafen hat einen Kai aus dem 18. Jahrhundert, der erbaut wurde, um die Fischerboote zu sch\u00fctzen, die im 18. und 19. Jahrhundert Heringe fingen. Sie k\u00f6nnen den Kieselstrand entlangmarschieren, herrlichen Meeresblick genie\u00dfen und einen Wasserfall \u00fcber die Felswand brechen sehen. In der Schlucht dahinter soll Merlin, der Zauberer der Artussage, geboren sein.<\/p>\n<p><script async src=\"https:\/\/pagead2.googlesyndication.com\/pagead\/js\/adsbygoogle.js?client=ca-pub-3901089389175725\"\n     crossorigin=\"anonymous\"><\/script><br \/>\n<!-- New UC --><br \/>\n<ins class=\"adsbygoogle\"\n     style=\"display:block\"\n     data-ad-client=\"ca-pub-3901089389175725\"\n     data-ad-slot=\"8080314818\"\n     data-ad-format=\"auto\"\n     data-full-width-responsive=\"true\"><\/ins><br \/>\n<script>\n     (adsbygoogle = window.adsbygoogle || []).push({});\n<\/script><\/p>\n<p>Clovelly Court Garden: Clovelly Court Garden ist ein wundervolles Beispiel eines viktorianischen ummauerten Kr\u00e4utergartens mit herrlichen Gew\u00e4chsh\u00e4usern. Das einzigartige maritime Mikroklima und die windgesch\u00fctzte Lage erm\u00f6glichen es zarten und exotischen Pflanzen zu gedeihen.<\/p>\n<p>Esel und Schlitten: Vor jedem der H\u00e4user befinden sich Schlitten, die von den Familien und Gesch\u00e4ften in Clovelly dazu benutzt werden, G\u00fcter und Lieferungen ins Dorf zu bringen und Abfall fortzuschaffen. Die Esel trugen einst die schweren K\u00f6rbe der Fischer zur Spitze des Dorfes, doch nun bieten Sie Kindern w\u00e4hrend der Sommermonate Eselsritte.<\/p>\n<div class=\"snippet\"> <a class=\"featured-item\" href=\"https:\/\/www.urlaubcornwall.de\/ferienhaeuser\/suedengland.php\"> <span class=\"image-holder\" style=\"background-image: url('https:\/\/www.urlaubcornwall.de\/blog\/wp-content\/uploads\/2018\/12\/ferienhaus-cornwall-mit-hund.jpg');\"><\/span> <span class=\"featured-content\"> \n<h2 class=\"featured-title\">Ferienh\u00e4user in Devon &#038; S\u00fcdengland<\/h2>\n<p class=\"featured-body\">Bei uns finden Sie Ferienh\u00e4user zum Verlieben &#8211; so einfach ist das! Dank seiner langen Geschichte, der reizvollen Landschaften und seinen vielen Attraktionen ist S\u00fcdengland ein wahres Mekka f\u00fcr Urlauber&#8230;..<\/p><\/span> <span class=\"featured-link-holder\"> <span class=\"featured-extra-info\"> \n<p>Pers\u00f6nlich inspizierter Ferienh\u00e4user in Clovelly<\/p>\n<\/span> \n<p class=\"featured-link\">DETAILS<\/p>\n<\/span> <\/a><\/div>\n<p>Das Fisherman\u2019s Cottage: Clovelly ist ein funktionierendes Dorf, doch gibt es ein Haus, das Sie besichtigen k\u00f6nnen, und das Ihnen Einblick gew\u00e4hrt ins Leben eines Clovelly Fischers und seiner Familie in den 1930ern.<\/p>\n<p>Charles Kingsley Museum: Das Museum ist Charles Kingsley (1819-1875) gewidmet, einem Autor und Sozialreformer. Er verbrachte den Gro\u00dfteil seiner Kindheit in Clovelly, wo sein Vater Pfarrer war. Sein idyllisches Familienleben hier inspirierte ihn dazu, \u2018The Water Babies\u2019 und \u2018Westward Ho!\u2019 zu schreiben.<\/p>\n<p>Dorftour: Nehmen Sie teil an einer der gef\u00fchrten Touren durchs Dorf, und Sie werden etwas zur Geschichte des Dorfes lernen und was es zu einem so einzigartigen Ausflugsort in Norddevon macht.<\/p>\n<p>Bootsfahrten: Es gibt zahlreiche Bootsfahrten. Sie k\u00f6nnen eine Fahrt um die Bideford Bucht herum machen oder hin\u00fcber zur Insel Lundy. Sie k\u00f6nnen auch auf eine Angeltour gehen oder von der Hafenmauer aus angeln.<\/p>\n<div class=\"snippet\"> <a class=\"featured-item\" href=\"https:\/\/www.urlaubcornwall.de\/rundreisen\/cornwall-suedengland.php\"> <span class=\"image-holder\" style=\"background-image: url('https:\/\/www.urlaubcornwall.de\/blog\/wp-content\/uploads\/2019\/01\/DiTn0QVWsAIOgjG.jpg');\"><\/span> <span class=\"featured-content\"> \n<h2 class=\"featured-title\">Rundreisen Cornwall &#038; S\u00fcdengland &#8211; eine perfekte Kombination<\/h2>\n<p class=\"featured-body\">Die perfekte Reisem\u00f6glichkeit und erm\u00f6glicht es Ihnen, Entdeckungen zu machen und einen Urlaub im eigenen Schritttempo&#8230;.<\/p><\/span> <span class=\"featured-link-holder\"> <span class=\"featured-extra-info\"> \n<p>F\u00fcr Paare, Familien &#038; Gruppen<\/p>\n<\/span> \n<p class=\"featured-link\">DETAILS<\/p>\n<\/span> <\/a><\/div>\n<p>Um Clovelly in Ihre Rundreise durch S\u00fcdengland mit einzugliedern, stellen Sie Ihre <a href=\"http:\/\/www.urlaubcornwall.de\/anfrage.php\">Anfrage<\/a> hier oder w\u00e4hlen Sie ein Ferienhaus aus unserer besten Auswahl <a href=\"https:\/\/www.urlaubcornwall.de\/ferienhaeuser\/devon.php\">handverlesener und inspizierter H\u00e4user<\/a> aus.<\/p>\n","protected":false},"excerpt":{"rendered":"<p>Clovelly ist eines der malerischsten D\u00f6rfer Devons. Es befindet sich an Devons Nordk\u00fcste und ist ein Dorf im Privatbesitz, was dabei geholfen hat, die originelle Atmosph\u00e4re zu erhalten. Wenn Sie Clovelly besuchen, ist es als w\u00fcrden Sie zur\u00fcckgehen ins 19. Jahrhundert. Autos sind nicht erlaubt in den steilen, engen Stra\u00dfen des Dorfes, die umrahmt sind [&hellip;]<\/p>\n","protected":false},"author":1,"featured_media":0,"parent":0,"menu_order":0,"comment_status":"closed","ping_status":"closed","template":"single-four.php","meta":[],"acf":[],"yoast_head":"<!-- This site is optimized with the Yoast SEO plugin v19.4 - https:\/\/yoast.com\/wordpress\/plugins\/seo\/ -->\n<title>Urlaub Clovelly: Unterkunft, Sehensw\u00fcrdigkeiten und Geschichte - Urlaub &amp; Reisen<\/title>\n<meta name=\"robots\" content=\"index, follow, max-snippet:-1, max-image-preview:large, max-video-preview:-1\" \/>\n<link rel=\"canonical\" href=\"https:\/\/www.urlaubcornwall.de\/blog\/urlaub-clovelly-unterkunft-sehenswuerdigkeiten-und-geschichte\/\" \/>\n<meta property=\"og:locale\" content=\"en_US\" \/>\n<meta property=\"og:type\" content=\"article\" \/>\n<meta property=\"og:title\" content=\"Urlaub Clovelly: Unterkunft, Sehensw\u00fcrdigkeiten und Geschichte - Urlaub &amp; Reisen\" \/>\n<meta property=\"og:description\" content=\"Clovelly ist eines der malerischsten D\u00f6rfer Devons. Es befindet sich an Devons Nordk\u00fcste und ist ein Dorf im Privatbesitz, was dabei geholfen hat, die originelle Atmosph\u00e4re zu erhalten. Wenn Sie Clovelly besuchen, ist es als w\u00fcrden Sie zur\u00fcckgehen ins 19. Jahrhundert. Autos sind nicht erlaubt in den steilen, engen Stra\u00dfen des Dorfes, die umrahmt sind [&hellip;]\" \/>\n<meta property=\"og:url\" content=\"https:\/\/www.urlaubcornwall.de\/blog\/urlaub-clovelly-unterkunft-sehenswuerdigkeiten-und-geschichte\/\" \/>\n<meta property=\"og:site_name\" content=\"Urlaub &amp; Reisen\" \/>\n<meta property=\"article:modified_time\" content=\"2024-05-29T12:24:10+00:00\" \/>\n<meta property=\"og:image\" content=\"https:\/\/www.urlaubcornwall.de\/blog\/wp-content\/uploads\/2024\/03\/clovelly.jpg\" \/>\n<meta name=\"twitter:card\" content=\"summary\" \/>\n<meta name=\"twitter:label1\" content=\"Est. reading time\" \/>\n\t<meta name=\"twitter:data1\" content=\"3 minutes\" \/>\n<script type=\"application\/ld+json\" class=\"yoast-schema-graph\">{\"@context\":\"https:\/\/schema.org\",\"@graph\":[{\"@type\":\"WebSite\",\"@id\":\"https:\/\/www.urlaubcornwall.de\/blog\/#website\",\"url\":\"https:\/\/www.urlaubcornwall.de\/blog\/\",\"name\":\"Urlaub &amp; Reisen\",\"description\":\"Urlaub, Reisen, Cornwall und S\u00fcdengland: eine perfekte Kombination\",\"potentialAction\":[{\"@type\":\"SearchAction\",\"target\":{\"@type\":\"EntryPoint\",\"urlTemplate\":\"https:\/\/www.urlaubcornwall.de\/blog\/?s={search_term_string}\"},\"query-input\":\"required name=search_term_string\"}],\"inLanguage\":\"en-US\"},{\"@type\":\"WebPage\",\"@id\":\"https:\/\/www.urlaubcornwall.de\/blog\/urlaub-clovelly-unterkunft-sehenswuerdigkeiten-und-geschichte\/\",\"url\":\"https:\/\/www.urlaubcornwall.de\/blog\/urlaub-clovelly-unterkunft-sehenswuerdigkeiten-und-geschichte\/\",\"name\":\"Urlaub Clovelly: Unterkunft, Sehensw\u00fcrdigkeiten und Geschichte - Urlaub &amp; Reisen\",\"isPartOf\":{\"@id\":\"https:\/\/www.urlaubcornwall.de\/blog\/#website\"},\"datePublished\":\"2016-06-14T13:04:36+00:00\",\"dateModified\":\"2024-05-29T12:24:10+00:00\",\"breadcrumb\":{\"@id\":\"https:\/\/www.urlaubcornwall.de\/blog\/urlaub-clovelly-unterkunft-sehenswuerdigkeiten-und-geschichte\/#breadcrumb\"},\"inLanguage\":\"en-US\",\"potentialAction\":[{\"@type\":\"ReadAction\",\"target\":[\"https:\/\/www.urlaubcornwall.de\/blog\/urlaub-clovelly-unterkunft-sehenswuerdigkeiten-und-geschichte\/\"]}]},{\"@type\":\"BreadcrumbList\",\"@id\":\"https:\/\/www.urlaubcornwall.de\/blog\/urlaub-clovelly-unterkunft-sehenswuerdigkeiten-und-geschichte\/#breadcrumb\",\"itemListElement\":[{\"@type\":\"ListItem\",\"position\":1,\"name\":\"Home\",\"item\":\"https:\/\/www.urlaubcornwall.de\/blog\/\"},{\"@type\":\"ListItem\",\"position\":2,\"name\":\"Urlaub Clovelly: Unterkunft, Sehensw\u00fcrdigkeiten und Geschichte\"}]}]}<\/script>\n<!-- \/ Yoast SEO plugin. -->","yoast_head_json":{"title":"Urlaub Clovelly: Unterkunft, Sehensw\u00fcrdigkeiten und Geschichte - Urlaub &amp; Reisen","robots":{"index":"index","follow":"follow","max-snippet":"max-snippet:-1","max-image-preview":"max-image-preview:large","max-video-preview":"max-video-preview:-1"},"canonical":"https:\/\/www.urlaubcornwall.de\/blog\/urlaub-clovelly-unterkunft-sehenswuerdigkeiten-und-geschichte\/","og_locale":"en_US","og_type":"article","og_title":"Urlaub Clovelly: Unterkunft, Sehensw\u00fcrdigkeiten und Geschichte - Urlaub &amp; Reisen","og_description":"Clovelly ist eines der malerischsten D\u00f6rfer Devons. Es befindet sich an Devons Nordk\u00fcste und ist ein Dorf im Privatbesitz, was dabei geholfen hat, die originelle Atmosph\u00e4re zu erhalten. Wenn Sie Clovelly besuchen, ist es als w\u00fcrden Sie zur\u00fcckgehen ins 19. Jahrhundert. Autos sind nicht erlaubt in den steilen, engen Stra\u00dfen des Dorfes, die umrahmt sind [&hellip;]","og_url":"https:\/\/www.urlaubcornwall.de\/blog\/urlaub-clovelly-unterkunft-sehenswuerdigkeiten-und-geschichte\/","og_site_name":"Urlaub &amp; Reisen","article_modified_time":"2024-05-29T12:24:10+00:00","og_image":[{"url":"https:\/\/www.urlaubcornwall.de\/blog\/wp-content\/uploads\/2024\/03\/clovelly.jpg"}],"twitter_card":"summary","twitter_misc":{"Est. reading time":"3 minutes"},"schema":{"@context":"https:\/\/schema.org","@graph":[{"@type":"WebSite","@id":"https:\/\/www.urlaubcornwall.de\/blog\/#website","url":"https:\/\/www.urlaubcornwall.de\/blog\/","name":"Urlaub &amp; Reisen","description":"Urlaub, Reisen, Cornwall und S\u00fcdengland: eine perfekte Kombination","potentialAction":[{"@type":"SearchAction","target":{"@type":"EntryPoint","urlTemplate":"https:\/\/www.urlaubcornwall.de\/blog\/?s={search_term_string}"},"query-input":"required name=search_term_string"}],"inLanguage":"en-US"},{"@type":"WebPage","@id":"https:\/\/www.urlaubcornwall.de\/blog\/urlaub-clovelly-unterkunft-sehenswuerdigkeiten-und-geschichte\/","url":"https:\/\/www.urlaubcornwall.de\/blog\/urlaub-clovelly-unterkunft-sehenswuerdigkeiten-und-geschichte\/","name":"Urlaub Clovelly: Unterkunft, Sehensw\u00fcrdigkeiten und Geschichte - Urlaub &amp; Reisen","isPartOf":{"@id":"https:\/\/www.urlaubcornwall.de\/blog\/#website"},"datePublished":"2016-06-14T13:04:36+00:00","dateModified":"2024-05-29T12:24:10+00:00","breadcrumb":{"@id":"https:\/\/www.urlaubcornwall.de\/blog\/urlaub-clovelly-unterkunft-sehenswuerdigkeiten-und-geschichte\/#breadcrumb"},"inLanguage":"en-US","potentialAction":[{"@type":"ReadAction","target":["https:\/\/www.urlaubcornwall.de\/blog\/urlaub-clovelly-unterkunft-sehenswuerdigkeiten-und-geschichte\/"]}]},{"@type":"BreadcrumbList","@id":"https:\/\/www.urlaubcornwall.de\/blog\/urlaub-clovelly-unterkunft-sehenswuerdigkeiten-und-geschichte\/#breadcrumb","itemListElement":[{"@type":"ListItem","position":1,"name":"Home","item":"https:\/\/www.urlaubcornwall.de\/blog\/"},{"@type":"ListItem","position":2,"name":"Urlaub Clovelly: Unterkunft, Sehensw\u00fcrdigkeiten und Geschichte"}]}]}},"_links":{"self":[{"href":"https:\/\/www.urlaubcornwall.de\/blog\/wp-json\/wp\/v2\/pages\/24515"}],"collection":[{"href":"https:\/\/www.urlaubcornwall.de\/blog\/wp-json\/wp\/v2\/pages"}],"about":[{"href":"https:\/\/www.urlaubcornwall.de\/blog\/wp-json\/wp\/v2\/types\/page"}],"author":[{"embeddable":true,"href":"https:\/\/www.urlaubcornwall.de\/blog\/wp-json\/wp\/v2\/users\/1"}],"replies":[{"embeddable":true,"href":"https:\/\/www.urlaubcornwall.de\/blog\/wp-json\/wp\/v2\/comments?post=24515"}],"version-history":[{"count":13,"href":"https:\/\/www.urlaubcornwall.de\/blog\/wp-json\/wp\/v2\/pages\/24515\/revisions"}],"predecessor-version":[{"id":50651,"href":"https:\/\/www.urlaubcornwall.de\/blog\/wp-json\/wp\/v2\/pages\/24515\/revisions\/50651"}],"wp:attachment":[{"href":"https:\/\/www.urlaubcornwall.de\/blog\/wp-json\/wp\/v2\/media?parent=24515"}],"curies":[{"name":"wp","href":"https:\/\/api.w.org\/{rel}","templated":true}]}}