{"id":24503,"date":"2016-06-14T11:37:02","date_gmt":"2016-06-14T11:37:02","guid":{"rendered":"https:\/\/www.urlaubcornwall.de\/blog\/?page_id=24503"},"modified":"2026-01-06T20:25:39","modified_gmt":"2026-01-06T20:25:39","slug":"urlaub-exeter-unterkunft-sehenswuerdigkeiten-und-geschichte","status":"publish","type":"page","link":"https:\/\/www.urlaubcornwall.de\/blog\/urlaub-exeter-unterkunft-sehenswuerdigkeiten-und-geschichte\/","title":{"rendered":"Urlaub Exeter: Unterkunft, Sehensw\u00fcrdigkeiten und Geschichte"},"content":{"rendered":"<p><img loading=\"lazy\" class=\"aligncenter size-full wp-image-47815\" src=\"https:\/\/www.urlaubcornwall.de\/blog\/wp-content\/uploads\/2024\/03\/exeter-cathedral.jpg\" alt=\"exeter cathedral\" width=\"750\" height=\"422\" srcset=\"https:\/\/www.urlaubcornwall.de\/blog\/wp-content\/uploads\/2024\/03\/exeter-cathedral.jpg 750w, https:\/\/www.urlaubcornwall.de\/blog\/wp-content\/uploads\/2024\/03\/exeter-cathedral-300x169.jpg 300w\" sizes=\"(max-width: 750px) 100vw, 750px\" \/><\/p>\n<p><strong>Sehensw\u00fcrdigkeiten in Exeter<\/strong> &#8211; Exeter ist die Hauptstadt Devons und befindet sich in S\u00fcddevon am Fluss Exe. Es ist ein unbedingtes Reiseziel w\u00e4hrend eines <a href=\"https:\/\/www.urlaubcornwall.de\/reiseziel\/devon.php\">Urlaubs in Devon<\/a>.<\/p>\n<p>Exeter Kathedrale: Die hoch aufragenden Zwillingst\u00fcrme der St. Peters Kathedrale dominieren die Stadt; sie wurde im 14. Jahrhundert in gotischem Stil erbaut mit einer verzierten Fassade und der l\u00e4ngsten, ununterbrochenen gotischen Decke der Welt. Die Kathedrale und die sie umgebenden Gr\u00fcnfl\u00e4chen geh\u00f6ren zu Exeters beliebtesten Attraktionen.<\/p>\n<p><img loading=\"lazy\" class=\"aligncenter size-full wp-image-24505\" src=\"https:\/\/www.urlaubcornwall.de\/blog\/wp-content\/uploads\/2016\/06\/exeter-kai.jpg\" alt=\"exeter kai\" width=\"748\" height=\"435\" \/><\/p>\n<p>Der Kai: Einst ein gesch\u00e4ftiger funktionierender Hafen, ist der historische Kai heute eine der attraktivsten Gegenden der Stadt, beliebt bei Einheimischen und Besuchern aufgrund seiner interessanten Architektur, der Kneipen, Restaurants und Caf\u00e9s. Hier l\u00e4sst es sich wunderbar einige Zeit verbringen. Das Quay House Besucherzentrum befindet sich in einem restaurierten Geb\u00e4ude des 17. Jahrhunderts.<\/p>\n<div class=\"snippet\"> <a class=\"featured-item\" href=\"https:\/\/www.urlaubcornwall.de\/ferienhaeuser\/suedengland.php\"> <span class=\"image-holder\" style=\"background-image: url('https:\/\/www.urlaubcornwall.de\/blog\/wp-content\/uploads\/2018\/12\/ferienhaus-cornwall-mit-hund.jpg');\"><\/span> <span class=\"featured-content\"> \n<h2 class=\"featured-title\">Ferienh\u00e4user in Devon &#038; S\u00fcdengland<\/h2>\n<p class=\"featured-body\">Bei uns finden Sie Ferienh\u00e4user zum Verlieben &#8211; so einfach ist das! Dank seiner langen Geschichte, der reizvollen Landschaften und seinen vielen Attraktionen ist S\u00fcdengland ein wahres Mekka f\u00fcr Urlauber&#8230;..<\/p><\/span> <span class=\"featured-link-holder\"> <span class=\"featured-extra-info\"> \n<p>Pers\u00f6nlich inspizierter Ferienh\u00e4user<\/p>\n<\/span> \n<p class=\"featured-link\">DETAILS<\/p>\n<\/span> <\/a><\/div>\n<p>Unterirdische Passagen:Dieses Netzwerk an unterirdischen Passagen wurde im 14. Jahrhundert erbaut, um frisches S\u00fc\u00dfwasser in die Stadt zu schaffen; gef\u00fchrte Touren durch die Tunnel sind faszinierend.<\/p>\n<p>Exeters \u201eRed Coat\u201c Gef\u00fchrte Touren: Diese kostenfreien gef\u00fchrten Touren beginnen vor dem Royal Clarence Hotel, dem Abode im Hof der Kathedrale oder vor dem Quay House Besucherzentrum. Sie eignen sich perfekt, um Exeter zu erkunden; Vorbuchungen sind nicht erforderlich. Schlie\u00dfen Sie sich einfach Ihrem \u201eRed Coat Guide\u201c an und verbringen Sie 90 Minuten damit, eine der \u00e4ltesten St\u00e4dte Englands zu erkunden.<\/p>\n<div class=\"snippet\"> <a class=\"featured-item\" href=\"https:\/\/www.urlaubcornwall.de\/rundreisen\/cornwall-suedengland.php\"> <span class=\"image-holder\" style=\"background-image: url('https:\/\/www.urlaubcornwall.de\/blog\/wp-content\/uploads\/2019\/01\/DiTn0QVWsAIOgjG.jpg');\"><\/span> <span class=\"featured-content\"> \n<h2 class=\"featured-title\">Rundreisen Devon &#038; S\u00fcdengland &#8211; eine perfekte Kombination<\/h2>\n<p class=\"featured-body\">Die perfekte Reisem\u00f6glichkeit und erm\u00f6glicht es Ihnen, Entdeckungen zu machen und einen Urlaub im eigenen Schritttempo&#8230;.<\/p><\/span> <span class=\"featured-link-holder\"> <span class=\"featured-extra-info\"> \n<p>F\u00fcr Paare, Familien &#038; Gruppen<\/p>\n<\/span> \n<p class=\"featured-link\">DETAILS<\/p>\n<\/span> <\/a><\/div>\n<p>Einkaufsm\u00f6glichkeiten: Exeter ist eine von Englands \u00e4ltesten St\u00e4dten mit sehr viel Charakter und von historischem Interesse und hat au\u00dferdem ein lebendiges Kulturleben, bereichert durch die Studenten der Universit\u00e4t. Es bietet auch unvergessliche Einkaufserfahrung, da es so Vieles zu bieten hat, von stilvollen Boutiquen bis hin zu ber\u00fchmten Namen.<\/p>\n<p>Killerton House: Direkt au\u00dferhalb Exeters in <a href=\"https:\/\/www.urlaubcornwall.de\/ferienhaeuser-fewos\/eng\/mitteldevon-und-ostdevon\/broadclyst.html\">Broadclyst<\/a> befindet sich das Killerton House, im Besitz des National Trust. Dieses feine Haus aus dem 18. Jahrhundert ist umgeben von einem herrlichen Landschaftsgarten samt Park und befindet sich zudem in einer der sch\u00f6nsten Gegenden Devons. Hunde sind auf den Parkwegen erlaubt, nicht jedoch in den formalen G\u00e4rten.<\/p>\n","protected":false},"excerpt":{"rendered":"<p>Sehensw\u00fcrdigkeiten in Exeter &#8211; Exeter ist die Hauptstadt Devons und befindet sich in S\u00fcddevon am Fluss Exe. Es ist ein unbedingtes Reiseziel w\u00e4hrend eines Urlaubs in Devon. Exeter Kathedrale: Die hoch aufragenden Zwillingst\u00fcrme der St. Peters Kathedrale dominieren die Stadt; sie wurde im 14. Jahrhundert in gotischem Stil erbaut mit einer verzierten Fassade und der [&hellip;]<\/p>\n","protected":false},"author":1,"featured_media":0,"parent":0,"menu_order":0,"comment_status":"closed","ping_status":"closed","template":"single-four.php","meta":[],"acf":[],"yoast_head":"<!-- This site is optimized with the Yoast SEO plugin v19.4 - https:\/\/yoast.com\/wordpress\/plugins\/seo\/ -->\n<title>Urlaub Exeter: Unterkunft, Sehensw\u00fcrdigkeiten und Geschichte - Urlaub &amp; Reisen<\/title>\n<meta name=\"robots\" content=\"index, follow, max-snippet:-1, max-image-preview:large, max-video-preview:-1\" \/>\n<link rel=\"canonical\" href=\"https:\/\/www.urlaubcornwall.de\/blog\/urlaub-exeter-unterkunft-sehenswuerdigkeiten-und-geschichte\/\" \/>\n<meta property=\"og:locale\" content=\"en_US\" \/>\n<meta property=\"og:type\" content=\"article\" \/>\n<meta property=\"og:title\" content=\"Urlaub Exeter: Unterkunft, Sehensw\u00fcrdigkeiten und Geschichte - Urlaub &amp; Reisen\" \/>\n<meta property=\"og:description\" content=\"Sehensw\u00fcrdigkeiten in Exeter &#8211; Exeter ist die Hauptstadt Devons und befindet sich in S\u00fcddevon am Fluss Exe. Es ist ein unbedingtes Reiseziel w\u00e4hrend eines Urlaubs in Devon. Exeter Kathedrale: Die hoch aufragenden Zwillingst\u00fcrme der St. Peters Kathedrale dominieren die Stadt; sie wurde im 14. Jahrhundert in gotischem Stil erbaut mit einer verzierten Fassade und der [&hellip;]\" \/>\n<meta property=\"og:url\" content=\"https:\/\/www.urlaubcornwall.de\/blog\/urlaub-exeter-unterkunft-sehenswuerdigkeiten-und-geschichte\/\" \/>\n<meta property=\"og:site_name\" content=\"Urlaub &amp; Reisen\" \/>\n<meta property=\"article:modified_time\" content=\"2026-01-06T20:25:39+00:00\" \/>\n<meta property=\"og:image\" content=\"https:\/\/www.urlaubcornwall.de\/blog\/wp-content\/uploads\/2024\/03\/exeter-cathedral.jpg\" \/>\n<meta name=\"twitter:card\" content=\"summary\" \/>\n<meta name=\"twitter:label1\" content=\"Est. reading time\" \/>\n\t<meta name=\"twitter:data1\" content=\"3 minutes\" \/>\n<script type=\"application\/ld+json\" class=\"yoast-schema-graph\">{\"@context\":\"https:\/\/schema.org\",\"@graph\":[{\"@type\":\"WebSite\",\"@id\":\"https:\/\/www.urlaubcornwall.de\/blog\/#website\",\"url\":\"https:\/\/www.urlaubcornwall.de\/blog\/\",\"name\":\"Urlaub &amp; Reisen\",\"description\":\"Urlaub, Reisen, Cornwall und S\u00fcdengland: eine perfekte Kombination\",\"potentialAction\":[{\"@type\":\"SearchAction\",\"target\":{\"@type\":\"EntryPoint\",\"urlTemplate\":\"https:\/\/www.urlaubcornwall.de\/blog\/?s={search_term_string}\"},\"query-input\":\"required name=search_term_string\"}],\"inLanguage\":\"en-US\"},{\"@type\":\"WebPage\",\"@id\":\"https:\/\/www.urlaubcornwall.de\/blog\/urlaub-exeter-unterkunft-sehenswuerdigkeiten-und-geschichte\/\",\"url\":\"https:\/\/www.urlaubcornwall.de\/blog\/urlaub-exeter-unterkunft-sehenswuerdigkeiten-und-geschichte\/\",\"name\":\"Urlaub Exeter: Unterkunft, Sehensw\u00fcrdigkeiten und Geschichte - Urlaub &amp; Reisen\",\"isPartOf\":{\"@id\":\"https:\/\/www.urlaubcornwall.de\/blog\/#website\"},\"datePublished\":\"2016-06-14T11:37:02+00:00\",\"dateModified\":\"2026-01-06T20:25:39+00:00\",\"breadcrumb\":{\"@id\":\"https:\/\/www.urlaubcornwall.de\/blog\/urlaub-exeter-unterkunft-sehenswuerdigkeiten-und-geschichte\/#breadcrumb\"},\"inLanguage\":\"en-US\",\"potentialAction\":[{\"@type\":\"ReadAction\",\"target\":[\"https:\/\/www.urlaubcornwall.de\/blog\/urlaub-exeter-unterkunft-sehenswuerdigkeiten-und-geschichte\/\"]}]},{\"@type\":\"BreadcrumbList\",\"@id\":\"https:\/\/www.urlaubcornwall.de\/blog\/urlaub-exeter-unterkunft-sehenswuerdigkeiten-und-geschichte\/#breadcrumb\",\"itemListElement\":[{\"@type\":\"ListItem\",\"position\":1,\"name\":\"Home\",\"item\":\"https:\/\/www.urlaubcornwall.de\/blog\/\"},{\"@type\":\"ListItem\",\"position\":2,\"name\":\"Urlaub Exeter: Unterkunft, Sehensw\u00fcrdigkeiten und Geschichte\"}]}]}<\/script>\n<!-- \/ Yoast SEO plugin. -->","yoast_head_json":{"title":"Urlaub Exeter: Unterkunft, Sehensw\u00fcrdigkeiten und Geschichte - Urlaub &amp; Reisen","robots":{"index":"index","follow":"follow","max-snippet":"max-snippet:-1","max-image-preview":"max-image-preview:large","max-video-preview":"max-video-preview:-1"},"canonical":"https:\/\/www.urlaubcornwall.de\/blog\/urlaub-exeter-unterkunft-sehenswuerdigkeiten-und-geschichte\/","og_locale":"en_US","og_type":"article","og_title":"Urlaub Exeter: Unterkunft, Sehensw\u00fcrdigkeiten und Geschichte - Urlaub &amp; Reisen","og_description":"Sehensw\u00fcrdigkeiten in Exeter &#8211; Exeter ist die Hauptstadt Devons und befindet sich in S\u00fcddevon am Fluss Exe. Es ist ein unbedingtes Reiseziel w\u00e4hrend eines Urlaubs in Devon. Exeter Kathedrale: Die hoch aufragenden Zwillingst\u00fcrme der St. Peters Kathedrale dominieren die Stadt; sie wurde im 14. Jahrhundert in gotischem Stil erbaut mit einer verzierten Fassade und der [&hellip;]","og_url":"https:\/\/www.urlaubcornwall.de\/blog\/urlaub-exeter-unterkunft-sehenswuerdigkeiten-und-geschichte\/","og_site_name":"Urlaub &amp; Reisen","article_modified_time":"2026-01-06T20:25:39+00:00","og_image":[{"url":"https:\/\/www.urlaubcornwall.de\/blog\/wp-content\/uploads\/2024\/03\/exeter-cathedral.jpg"}],"twitter_card":"summary","twitter_misc":{"Est. reading time":"3 minutes"},"schema":{"@context":"https:\/\/schema.org","@graph":[{"@type":"WebSite","@id":"https:\/\/www.urlaubcornwall.de\/blog\/#website","url":"https:\/\/www.urlaubcornwall.de\/blog\/","name":"Urlaub &amp; Reisen","description":"Urlaub, Reisen, Cornwall und S\u00fcdengland: eine perfekte Kombination","potentialAction":[{"@type":"SearchAction","target":{"@type":"EntryPoint","urlTemplate":"https:\/\/www.urlaubcornwall.de\/blog\/?s={search_term_string}"},"query-input":"required name=search_term_string"}],"inLanguage":"en-US"},{"@type":"WebPage","@id":"https:\/\/www.urlaubcornwall.de\/blog\/urlaub-exeter-unterkunft-sehenswuerdigkeiten-und-geschichte\/","url":"https:\/\/www.urlaubcornwall.de\/blog\/urlaub-exeter-unterkunft-sehenswuerdigkeiten-und-geschichte\/","name":"Urlaub Exeter: Unterkunft, Sehensw\u00fcrdigkeiten und Geschichte - Urlaub &amp; Reisen","isPartOf":{"@id":"https:\/\/www.urlaubcornwall.de\/blog\/#website"},"datePublished":"2016-06-14T11:37:02+00:00","dateModified":"2026-01-06T20:25:39+00:00","breadcrumb":{"@id":"https:\/\/www.urlaubcornwall.de\/blog\/urlaub-exeter-unterkunft-sehenswuerdigkeiten-und-geschichte\/#breadcrumb"},"inLanguage":"en-US","potentialAction":[{"@type":"ReadAction","target":["https:\/\/www.urlaubcornwall.de\/blog\/urlaub-exeter-unterkunft-sehenswuerdigkeiten-und-geschichte\/"]}]},{"@type":"BreadcrumbList","@id":"https:\/\/www.urlaubcornwall.de\/blog\/urlaub-exeter-unterkunft-sehenswuerdigkeiten-und-geschichte\/#breadcrumb","itemListElement":[{"@type":"ListItem","position":1,"name":"Home","item":"https:\/\/www.urlaubcornwall.de\/blog\/"},{"@type":"ListItem","position":2,"name":"Urlaub Exeter: Unterkunft, Sehensw\u00fcrdigkeiten und Geschichte"}]}]}},"_links":{"self":[{"href":"https:\/\/www.urlaubcornwall.de\/blog\/wp-json\/wp\/v2\/pages\/24503"}],"collection":[{"href":"https:\/\/www.urlaubcornwall.de\/blog\/wp-json\/wp\/v2\/pages"}],"about":[{"href":"https:\/\/www.urlaubcornwall.de\/blog\/wp-json\/wp\/v2\/types\/page"}],"author":[{"embeddable":true,"href":"https:\/\/www.urlaubcornwall.de\/blog\/wp-json\/wp\/v2\/users\/1"}],"replies":[{"embeddable":true,"href":"https:\/\/www.urlaubcornwall.de\/blog\/wp-json\/wp\/v2\/comments?post=24503"}],"version-history":[{"count":12,"href":"https:\/\/www.urlaubcornwall.de\/blog\/wp-json\/wp\/v2\/pages\/24503\/revisions"}],"predecessor-version":[{"id":51996,"href":"https:\/\/www.urlaubcornwall.de\/blog\/wp-json\/wp\/v2\/pages\/24503\/revisions\/51996"}],"wp:attachment":[{"href":"https:\/\/www.urlaubcornwall.de\/blog\/wp-json\/wp\/v2\/media?parent=24503"}],"curies":[{"name":"wp","href":"https:\/\/api.w.org\/{rel}","templated":true}]}}