{"id":24497,"date":"2016-06-14T11:19:08","date_gmt":"2016-06-14T11:19:08","guid":{"rendered":"https:\/\/www.urlaubcornwall.de\/blog\/?page_id=24497"},"modified":"2024-05-30T12:33:10","modified_gmt":"2024-05-30T12:33:10","slug":"urlaub-dartmouth-unterkunft-sehenswuerdigkeiten-und-geschichte","status":"publish","type":"page","link":"https:\/\/www.urlaubcornwall.de\/blog\/urlaub-dartmouth-unterkunft-sehenswuerdigkeiten-und-geschichte\/","title":{"rendered":"Urlaub Dartmouth: Unterkunft, Sehensw\u00fcrdigkeiten und Geschichte"},"content":{"rendered":"<p><img loading=\"lazy\" class=\"aligncenter size-full wp-image-24499\" src=\"https:\/\/www.urlaubcornwall.de\/blog\/wp-content\/uploads\/2016\/06\/Dartmouth-hafen.jpg\" alt=\"Urlaub Dartmouth hafen\" width=\"748\" height=\"437\"\/><\/p>\n<p>Der <a href=\"https:\/\/www.urlaubcornwall.de\/ferienhaeuser-fewos\/eng\/sued-devon\/dartmouth.html\">Urlaubsort Dartmouth<\/a> befindet sich am Fluss Dart an <a href=\"https:\/\/www.urlaubcornwall.de\/blog\/urlaub-in-devon\/\">Devons S\u00fcdk\u00fcste<\/a>. Diese malerische Stadt hat in der Seefahrtsgeschichte des UK eine wichtige Rolle gespielt. Im Jahre 1620 legten die Schiffe der Pilgerv\u00e4ter, \u2018Mayflower\u2019 und \u2018Speedwell\u2019, hier an, um repariert zu werden, bevor sie den Atlantik nach Amerika \u00fcberquerten \u2013 daran wird am gepflasterten Kai der Bayards Bucht erinnert.<\/p>\n<p>Sir Walter Raleigh schickte 9 Schiffe von Dartmouth aus, um zu elisabethanischen Zeiten mit der spanischen Armada zu k\u00e4mpfen. Auf einem H\u00fcgel \u00fcber der Stadt befindet sich das Britannia Royal Naval College, wo K\u00f6nig Georg V und K\u00f6nig Georg VI als Kadetten ausgebildet wurden; auch Prinz Charles war 1971 hier Kadett. Dartmouth ist eine charmante Stadt, die dem Besucher Vieles zu bieten hat. Erkunden Sie die verwinkelten elisabethanischen Stra\u00dfen und schlendern Sie in den zahlreichen Gesch\u00e4ften, M\u00e4rkten und Kunstgalerien herum, genie\u00dfen Sie die Restaurants und Caf\u00e9s.<\/p>\n<p style=\"text-align: center;\"><a class=\"tidycta\" href=\"https:\/\/www.urlaubcornwall.de\/ferienhaeuser-fewos\/eng\/sued-devon\/dartmouth.html\">Suche Ferienh\u00e4user in Dartmouth<\/a><\/p>\n<p><strong>Sehensw\u00fcrdigkeiten Dartmouth<\/strong> &#8211; Dartmouth Castle: Seit mehr als 600 Jahren bewacht die Burg Dartmouth die Einfahrt in den Fluss Dart. Es war die erste Burg, die gebaut wurde, um ein Schiff zu kentern und schwere Kanonen zu versenken. Ein herrlicher Blick bietet sich \u00fcber die Flussm\u00fcndung, und ein Besuch der Burg stellt bei jedem Wetter einen gro\u00dfartigen Familienausflug dar. Die St Petrox Kirche aus dem 17. Jahrhundert befindet sich neben der Burg.<\/p>\n<p>Str\u00e4nde: Dartmouth hat in seiner N\u00e4he einige wundervolle Str\u00e4nde; Blackpool Sands ist ein wundersch\u00f6ner, windgesch\u00fctzter, feiner Kieselstrand mit all den Annehmlichkeiten, die Sie brauchen k\u00f6nnten, um einen herrlichen Ausflug zu genie\u00dfen. Hunde sind von Ostern bis Ende Oktober nicht am Strand erlaubt. Slapton Sands ist beliebt zum Angeln, Segeln und Windsurfen. Hinter dem Strand befindet sich der Slapton Ley Naturpfad, der bei Vogelbeobachtern und Wanderern beliebt ist. Hunde sind hier am Strand erlaubt.<\/p>\n<div class=\"snippet\"> <a class=\"featured-item\" href=\"https:\/\/www.urlaubcornwall.de\/ferienhaeuser\/suedengland.php\"> <span class=\"image-holder\" style=\"background-image: url('https:\/\/www.urlaubcornwall.de\/blog\/wp-content\/uploads\/2018\/12\/ferienhaus-cornwall-mit-hund.jpg');\"><\/span> <span class=\"featured-content\"> \n<h2 class=\"featured-title\">Ferienh\u00e4user in S\u00fcdengland<\/h2>\n<p class=\"featured-body\">Bei uns finden Sie Ferienh\u00e4user zum Verlieben &#8211; so einfach ist das! Dank seiner langen Geschichte, der reizvollen Landschaften und seinen vielen Attraktionen ist S\u00fcdengland ein wahres Mekka f\u00fcr Urlauber&#8230;..<\/p><\/span> <span class=\"featured-link-holder\"> <span class=\"featured-extra-info\"> \n<p>Pers\u00f6nlich inspizierter Ferienh\u00e4user in Devon<\/p>\n<\/span> \n<p class=\"featured-link\">DETAILS<\/p>\n<\/span> <\/a><\/div>\n<p>Dartmouth Dampfeisenbahn: Die Dampfeisenbahn f\u00fchrt 11km einer spektakul\u00e4ren Landschaft des Dart Tales entlang. Sie k\u00f6nnen die Zugfahrt mit einer Flusskreuzfahrt kombinieren, mit einer F\u00e4hr\u00fcbersetzung und einer Busfahrt, um an einem Tag das Beste aus der Erkundung dieses Gebietes zu machen.<\/p>\n<p>Dartmouth Museum: Das Dartmouth Museum ist ein kleines faszinierendes Museum, das sich in einem ehemaligen Handelshaus des 17. Jahrhunderts, Butterwalk, befindet. Das ganze Jahr \u00fcber finden in Dartmouth zahlreiche Festivals und besondere Veranstaltungen statt, die bekannteste ist die K\u00f6nigliche Regatta, die jedes Jahr Ende August stattfindet.<\/p>\n<div class=\"snippet\"> <a class=\"featured-item\" href=\"https:\/\/www.urlaubcornwall.de\/rundreisen\/cornwall-suedengland.php\"> <span class=\"image-holder\" style=\"background-image: url('https:\/\/www.urlaubcornwall.de\/blog\/wp-content\/uploads\/2019\/01\/DiTn0QVWsAIOgjG.jpg');\"><\/span> <span class=\"featured-content\"> \n<h2 class=\"featured-title\">Rundreisen in S\u00fcdengland eine perfekte Kombination<\/h2>\n<p class=\"featured-body\">Die perfekte Reisem\u00f6glichkeit und erm\u00f6glicht es Ihnen, Entdeckungen zu machen und einen Urlaub im eigenen Schritttempo&#8230;.<\/p><\/span> <span class=\"featured-link-holder\"> <span class=\"featured-extra-info\"> \n<p>F\u00fcr Paare, Familien &#038; Gruppen<\/p>\n<\/span> \n<p class=\"featured-link\">DETAILS<\/p>\n<\/span> <\/a><\/div>\n","protected":false},"excerpt":{"rendered":"<p>Der Urlaubsort Dartmouth befindet sich am Fluss Dart an Devons S\u00fcdk\u00fcste. Diese malerische Stadt hat in der Seefahrtsgeschichte des UK eine wichtige Rolle gespielt. Im Jahre 1620 legten die Schiffe der Pilgerv\u00e4ter, \u2018Mayflower\u2019 und \u2018Speedwell\u2019, hier an, um repariert zu werden, bevor sie den Atlantik nach Amerika \u00fcberquerten \u2013 daran wird am gepflasterten Kai der [&hellip;]<\/p>\n","protected":false},"author":1,"featured_media":0,"parent":0,"menu_order":0,"comment_status":"closed","ping_status":"closed","template":"single-four.php","meta":[],"acf":[],"yoast_head":"<!-- This site is optimized with the Yoast SEO plugin v19.4 - https:\/\/yoast.com\/wordpress\/plugins\/seo\/ -->\n<title>Urlaub Dartmouth: Unterkunft, Sehensw\u00fcrdigkeiten und Geschichte - Urlaub &amp; Reisen<\/title>\n<meta name=\"robots\" content=\"index, follow, max-snippet:-1, max-image-preview:large, max-video-preview:-1\" \/>\n<link rel=\"canonical\" href=\"https:\/\/www.urlaubcornwall.de\/blog\/urlaub-dartmouth-unterkunft-sehenswuerdigkeiten-und-geschichte\/\" \/>\n<meta property=\"og:locale\" content=\"en_US\" \/>\n<meta property=\"og:type\" content=\"article\" \/>\n<meta property=\"og:title\" content=\"Urlaub Dartmouth: Unterkunft, Sehensw\u00fcrdigkeiten und Geschichte - Urlaub &amp; Reisen\" \/>\n<meta property=\"og:description\" content=\"Der Urlaubsort Dartmouth befindet sich am Fluss Dart an Devons S\u00fcdk\u00fcste. Diese malerische Stadt hat in der Seefahrtsgeschichte des UK eine wichtige Rolle gespielt. Im Jahre 1620 legten die Schiffe der Pilgerv\u00e4ter, \u2018Mayflower\u2019 und \u2018Speedwell\u2019, hier an, um repariert zu werden, bevor sie den Atlantik nach Amerika \u00fcberquerten \u2013 daran wird am gepflasterten Kai der [&hellip;]\" \/>\n<meta property=\"og:url\" content=\"https:\/\/www.urlaubcornwall.de\/blog\/urlaub-dartmouth-unterkunft-sehenswuerdigkeiten-und-geschichte\/\" \/>\n<meta property=\"og:site_name\" content=\"Urlaub &amp; Reisen\" \/>\n<meta property=\"article:modified_time\" content=\"2024-05-30T12:33:10+00:00\" \/>\n<meta property=\"og:image\" content=\"https:\/\/www.urlaubcornwall.de\/blog\/wp-content\/uploads\/2016\/06\/Dartmouth-hafen.jpg\" \/>\n<meta name=\"twitter:card\" content=\"summary\" \/>\n<meta name=\"twitter:label1\" content=\"Est. reading time\" \/>\n\t<meta name=\"twitter:data1\" content=\"3 minutes\" \/>\n<script type=\"application\/ld+json\" class=\"yoast-schema-graph\">{\"@context\":\"https:\/\/schema.org\",\"@graph\":[{\"@type\":\"WebSite\",\"@id\":\"https:\/\/www.urlaubcornwall.de\/blog\/#website\",\"url\":\"https:\/\/www.urlaubcornwall.de\/blog\/\",\"name\":\"Urlaub &amp; Reisen\",\"description\":\"Urlaub, Reisen, Cornwall und S\u00fcdengland: eine perfekte Kombination\",\"potentialAction\":[{\"@type\":\"SearchAction\",\"target\":{\"@type\":\"EntryPoint\",\"urlTemplate\":\"https:\/\/www.urlaubcornwall.de\/blog\/?s={search_term_string}\"},\"query-input\":\"required name=search_term_string\"}],\"inLanguage\":\"en-US\"},{\"@type\":\"WebPage\",\"@id\":\"https:\/\/www.urlaubcornwall.de\/blog\/urlaub-dartmouth-unterkunft-sehenswuerdigkeiten-und-geschichte\/\",\"url\":\"https:\/\/www.urlaubcornwall.de\/blog\/urlaub-dartmouth-unterkunft-sehenswuerdigkeiten-und-geschichte\/\",\"name\":\"Urlaub Dartmouth: Unterkunft, Sehensw\u00fcrdigkeiten und Geschichte - Urlaub &amp; Reisen\",\"isPartOf\":{\"@id\":\"https:\/\/www.urlaubcornwall.de\/blog\/#website\"},\"datePublished\":\"2016-06-14T11:19:08+00:00\",\"dateModified\":\"2024-05-30T12:33:10+00:00\",\"breadcrumb\":{\"@id\":\"https:\/\/www.urlaubcornwall.de\/blog\/urlaub-dartmouth-unterkunft-sehenswuerdigkeiten-und-geschichte\/#breadcrumb\"},\"inLanguage\":\"en-US\",\"potentialAction\":[{\"@type\":\"ReadAction\",\"target\":[\"https:\/\/www.urlaubcornwall.de\/blog\/urlaub-dartmouth-unterkunft-sehenswuerdigkeiten-und-geschichte\/\"]}]},{\"@type\":\"BreadcrumbList\",\"@id\":\"https:\/\/www.urlaubcornwall.de\/blog\/urlaub-dartmouth-unterkunft-sehenswuerdigkeiten-und-geschichte\/#breadcrumb\",\"itemListElement\":[{\"@type\":\"ListItem\",\"position\":1,\"name\":\"Home\",\"item\":\"https:\/\/www.urlaubcornwall.de\/blog\/\"},{\"@type\":\"ListItem\",\"position\":2,\"name\":\"Urlaub Dartmouth: Unterkunft, Sehensw\u00fcrdigkeiten und Geschichte\"}]}]}<\/script>\n<!-- \/ Yoast SEO plugin. -->","yoast_head_json":{"title":"Urlaub Dartmouth: Unterkunft, Sehensw\u00fcrdigkeiten und Geschichte - Urlaub &amp; Reisen","robots":{"index":"index","follow":"follow","max-snippet":"max-snippet:-1","max-image-preview":"max-image-preview:large","max-video-preview":"max-video-preview:-1"},"canonical":"https:\/\/www.urlaubcornwall.de\/blog\/urlaub-dartmouth-unterkunft-sehenswuerdigkeiten-und-geschichte\/","og_locale":"en_US","og_type":"article","og_title":"Urlaub Dartmouth: Unterkunft, Sehensw\u00fcrdigkeiten und Geschichte - Urlaub &amp; Reisen","og_description":"Der Urlaubsort Dartmouth befindet sich am Fluss Dart an Devons S\u00fcdk\u00fcste. Diese malerische Stadt hat in der Seefahrtsgeschichte des UK eine wichtige Rolle gespielt. Im Jahre 1620 legten die Schiffe der Pilgerv\u00e4ter, \u2018Mayflower\u2019 und \u2018Speedwell\u2019, hier an, um repariert zu werden, bevor sie den Atlantik nach Amerika \u00fcberquerten \u2013 daran wird am gepflasterten Kai der [&hellip;]","og_url":"https:\/\/www.urlaubcornwall.de\/blog\/urlaub-dartmouth-unterkunft-sehenswuerdigkeiten-und-geschichte\/","og_site_name":"Urlaub &amp; Reisen","article_modified_time":"2024-05-30T12:33:10+00:00","og_image":[{"url":"https:\/\/www.urlaubcornwall.de\/blog\/wp-content\/uploads\/2016\/06\/Dartmouth-hafen.jpg"}],"twitter_card":"summary","twitter_misc":{"Est. reading time":"3 minutes"},"schema":{"@context":"https:\/\/schema.org","@graph":[{"@type":"WebSite","@id":"https:\/\/www.urlaubcornwall.de\/blog\/#website","url":"https:\/\/www.urlaubcornwall.de\/blog\/","name":"Urlaub &amp; Reisen","description":"Urlaub, Reisen, Cornwall und S\u00fcdengland: eine perfekte Kombination","potentialAction":[{"@type":"SearchAction","target":{"@type":"EntryPoint","urlTemplate":"https:\/\/www.urlaubcornwall.de\/blog\/?s={search_term_string}"},"query-input":"required name=search_term_string"}],"inLanguage":"en-US"},{"@type":"WebPage","@id":"https:\/\/www.urlaubcornwall.de\/blog\/urlaub-dartmouth-unterkunft-sehenswuerdigkeiten-und-geschichte\/","url":"https:\/\/www.urlaubcornwall.de\/blog\/urlaub-dartmouth-unterkunft-sehenswuerdigkeiten-und-geschichte\/","name":"Urlaub Dartmouth: Unterkunft, Sehensw\u00fcrdigkeiten und Geschichte - Urlaub &amp; Reisen","isPartOf":{"@id":"https:\/\/www.urlaubcornwall.de\/blog\/#website"},"datePublished":"2016-06-14T11:19:08+00:00","dateModified":"2024-05-30T12:33:10+00:00","breadcrumb":{"@id":"https:\/\/www.urlaubcornwall.de\/blog\/urlaub-dartmouth-unterkunft-sehenswuerdigkeiten-und-geschichte\/#breadcrumb"},"inLanguage":"en-US","potentialAction":[{"@type":"ReadAction","target":["https:\/\/www.urlaubcornwall.de\/blog\/urlaub-dartmouth-unterkunft-sehenswuerdigkeiten-und-geschichte\/"]}]},{"@type":"BreadcrumbList","@id":"https:\/\/www.urlaubcornwall.de\/blog\/urlaub-dartmouth-unterkunft-sehenswuerdigkeiten-und-geschichte\/#breadcrumb","itemListElement":[{"@type":"ListItem","position":1,"name":"Home","item":"https:\/\/www.urlaubcornwall.de\/blog\/"},{"@type":"ListItem","position":2,"name":"Urlaub Dartmouth: Unterkunft, Sehensw\u00fcrdigkeiten und Geschichte"}]}]}},"_links":{"self":[{"href":"https:\/\/www.urlaubcornwall.de\/blog\/wp-json\/wp\/v2\/pages\/24497"}],"collection":[{"href":"https:\/\/www.urlaubcornwall.de\/blog\/wp-json\/wp\/v2\/pages"}],"about":[{"href":"https:\/\/www.urlaubcornwall.de\/blog\/wp-json\/wp\/v2\/types\/page"}],"author":[{"embeddable":true,"href":"https:\/\/www.urlaubcornwall.de\/blog\/wp-json\/wp\/v2\/users\/1"}],"replies":[{"embeddable":true,"href":"https:\/\/www.urlaubcornwall.de\/blog\/wp-json\/wp\/v2\/comments?post=24497"}],"version-history":[{"count":12,"href":"https:\/\/www.urlaubcornwall.de\/blog\/wp-json\/wp\/v2\/pages\/24497\/revisions"}],"predecessor-version":[{"id":51033,"href":"https:\/\/www.urlaubcornwall.de\/blog\/wp-json\/wp\/v2\/pages\/24497\/revisions\/51033"}],"wp:attachment":[{"href":"https:\/\/www.urlaubcornwall.de\/blog\/wp-json\/wp\/v2\/media?parent=24497"}],"curies":[{"name":"wp","href":"https:\/\/api.w.org\/{rel}","templated":true}]}}