{"id":24410,"date":"2016-06-01T16:16:08","date_gmt":"2016-06-01T16:16:08","guid":{"rendered":"https:\/\/www.urlaubcornwall.de\/blog\/?page_id=24410"},"modified":"2026-01-06T20:25:15","modified_gmt":"2026-01-06T20:25:15","slug":"grossbritanniens-beste-winterstraende","status":"publish","type":"page","link":"https:\/\/www.urlaubcornwall.de\/blog\/grossbritanniens-beste-winterstraende\/","title":{"rendered":"Gro\u00dfbritanniens beste Winterstr\u00e4nde"},"content":{"rendered":"<p>Winter ist herrlich, um die Str\u00e4nde und Buchten in Britannien zu erkunden, nach wundersch\u00f6nen Muscheln, seegegerbtem Glas, Treibholz und Fossilien zu suchen. Hier sind unsere 5 Favoriten&#8230;<\/p>\n<p><strong>Talland Bay Strand, Cornwall<\/strong><br \/>\n<img loading=\"lazy\" class=\"aligncenter size-full wp-image-24414\" src=\"https:\/\/www.urlaubcornwall.de\/blog\/wp-content\/uploads\/2016\/06\/Talland-Bay-cornwall.jpg\" alt=\"Talland Bay cornwall\" width=\"744\" height=\"496\" srcset=\"https:\/\/www.urlaubcornwall.de\/blog\/wp-content\/uploads\/2016\/06\/Talland-Bay-cornwall.jpg 744w, https:\/\/www.urlaubcornwall.de\/blog\/wp-content\/uploads\/2016\/06\/Talland-Bay-cornwall-300x200.jpg 300w\" sizes=\"(max-width: 744px) 100vw, 744px\" \/><\/p>\n<p style=\"text-align: right;\">\u00a9 Cornish Picture Library Paul Lightfoot<\/p>\n<p>Talland Bay in <a href=\"http:\/\/www.urlaubcornwall.de\/reiseziel\/cornwall.php\">Cornwall<\/a> ist das Juwel eines Strandes und hat eine Geschichte voller Schiffswracks und Schmuggler. Dieser Abschnitt von Sand und Kieseln zwischen Looe und Polperro ist am Hauptteil sowohl bei Ebbe als auch bei Flut sandig und somit gro\u00dfartig, um Strandgut zu entdecken oder sogar einen Metalldetektor zu benutzen. Bei Ebbe eignen sich die Felsenpools herrlich, um feine Muscheln, Treibholz und buntes Glas zu finden, das von den Wellen des Meeres glatt poliert wurde.<\/p>\n<p><strong>Isle of Wight Str\u00e4nde<\/strong><br \/>\n<img loading=\"lazy\" class=\"aligncenter size-full wp-image-24415\" src=\"https:\/\/www.urlaubcornwall.de\/blog\/wp-content\/uploads\/2016\/06\/insel-wight-strand.jpg\" alt=\"insel wight strand\" width=\"745\" height=\"400\" srcset=\"https:\/\/www.urlaubcornwall.de\/blog\/wp-content\/uploads\/2016\/06\/insel-wight-strand.jpg 745w, https:\/\/www.urlaubcornwall.de\/blog\/wp-content\/uploads\/2016\/06\/insel-wight-strand-300x161.jpg 300w\" sizes=\"(max-width: 745px) 100vw, 745px\" \/><\/p>\n<p>An der <a href=\"http:\/\/www.urlaubcornwall.de\/reiseziel\/suedkueste-england.php\">S\u00fcdk\u00fcste<\/a> der <a href=\"https:\/\/www.urlaubcornwall.de\/reiseziel\/isle-of-wight.php\">Isle of Wight<\/a> befindet sich ein Band herrlicher Str\u00e4nde. Diese bilden einige der besten Orte in Britannien, um nach \u00dcberbleibseln von Dinaosauriern zu suchen. Compton Bay und Brook Bay haben Klippen im Hintergrund, die br\u00f6ckeln und rutschen und somit Dinosaurierknochen offenbaren. Die \u00dcberbleibsel von mehr als 120 Arten wurden hier im Laufe der Jahre gefunden. Um mehr dazu herauszufinden, buchen Sie eine gef\u00fchrte Strandtour mit einem Experten des Zentrums am Strand.<\/p>\n<p><strong>Anglesey Str\u00e4nde, Wales<\/strong><\/p>\n<p>Der Llanddona Strand auf Anglesey, <a href=\"https:\/\/www.urlaubcornwall.de\/blog\/besuchen-sie-wales-entdecken-sie-die-mythen-und-legenden\/\">Wales<\/a>, ist eine weite Ausdehnung an Sand mit D\u00fcnen im Hintergrund. Dieser wundersch\u00f6ne Strand birgt ein spannendes Mysterium. \u00dcber 6 Jahre hinweg wurden mehr als 900 Silberm\u00fcnzen gefunden. Die M\u00fcnzen waren Silberpennies aus dem Mittelalter, hergestellt zwischen 1272 -1307 und stammend aus England, Irland, Schottland und Europa. M\u00f6glicherweise k\u00f6nnen noch mehr gefunden werden, wenn Winterst\u00fcrme den flachen Sand aufw\u00fchlen. Die Felspools von Llandonna wiederum haben ganz eigene Sch\u00e4tze an Krabben und zarten Meeresanemonen zu bieten.<\/p>\n<p><strong>Bournemouth Str\u00e4nde<\/strong><\/p>\n<p>Die 11km lange K\u00fcstenlinie von Alum Chine im Westen nach Hengistbury Head hat im Laufe der Jahre sehr interessantes Treibgut und Strandgut von pr\u00e4historischen Baumst\u00e4mmen bis hin zu Bronze- und Silberm\u00fcnzen zum Vorschein gebracht. Viele interessante Meereskreaturen werden w\u00e4hrend der Herbst- und Winterst\u00fcrme an Land gesp\u00fclt, Entenmuscheln und Kolumbuskrabben, die beide an britischen Ufern sehr selten auffindbar sind. Schatzsucher begeben sich oft um die Basis des <a href=\"https:\/\/www.urlaubcornwall.de\/blog\/urlaub-bournemouth-unterkunft-sehenswuerdigkeiten-und-geschichte\/\">Bournemouth<\/a> Piers herum auf die Suche nach Juwelen und M\u00fcnzen, die viktorianische und edwardianische Urlauber verloren haben.<\/p>\n<p><strong>Scarista Strand auf Isle of Harris<\/strong><br \/>\n<img loading=\"lazy\" class=\"aligncenter size-full wp-image-24418\" src=\"https:\/\/www.urlaubcornwall.de\/blog\/wp-content\/uploads\/2016\/06\/Giorgio-Galeotti-Scarista-Isle-of-Harris.jpg\" alt=\"Scarista strand Isle of Harris\" width=\"745\" height=\"400\" srcset=\"https:\/\/www.urlaubcornwall.de\/blog\/wp-content\/uploads\/2016\/06\/Giorgio-Galeotti-Scarista-Isle-of-Harris.jpg 745w, https:\/\/www.urlaubcornwall.de\/blog\/wp-content\/uploads\/2016\/06\/Giorgio-Galeotti-Scarista-Isle-of-Harris-300x161.jpg 300w\" sizes=\"(max-width: 745px) 100vw, 745px\" \/><\/p>\n<p style=\"text-align: right;\">&nbsp;\u00a9 Giorgio Galeotti<\/p>\n<p>Scarista auf der Isle of Harris (<a href=\"https:\/\/www.urlaubcornwall.de\/blog\/entdecken-sie-schottland-britanniens-spektakulaerster-landschaft\/\">Nord-Schottland<\/a>) in den \u00e4u\u00dferen Hebriden ist ein herrlicher, verlassener, 4,8km langer Strand unber\u00fchrten Sandes am atlantischen Ozean. Es l\u00e4sst sich hier herrlich nach bunten Muscheln und interessantem Treibholz suchen; ungew\u00f6hnliche Quallen kommen mit den Gezeiten ans Ufer.<\/p>\n<p style=\"text-align: center;\">UrlaubCornwall.de verf\u00fcgt Ferienh\u00e4user und Ferienwohnungen f\u00fcr Ihren <a href=\"https:\/\/www.urlaubcornwall.de\/ferienhaeuser.php\">Urlaub in Gro\u00dfbritannien<\/a>. Unterk\u00fcnfte der Spitzenklasse f\u00fcr 2 Personen, Familien und Gruppen mit 4, 6, 8, 10 oder 12 G\u00e4sten.<\/p>\n<h1 style=\"text-align: center;\"><strong>Bei uns finden Sie Ferienh\u00e4user zum Verlieben \u2013 so einfach ist das!<\/strong><\/h1>\n<p style=\"text-align: center;\"><a class=\"tidycta\" href=\"https:\/\/www.urlaubcornwall.de\/ferienhaeuser.php\">Suche Ferienh\u00e4user Gro\u00dfbritannien<\/a><\/p>\n<p style=\"text-align: center;\">UrlaubCornwall.de hat eine einzigartige Sammlung pers\u00f6nlich inspizierter Ferienh\u00e4user und Ferienwohnungen in England und nun auch im gesamten Gro\u00dfbritannien.<\/p>\n","protected":false},"excerpt":{"rendered":"<p>Winter ist herrlich, um die Str\u00e4nde und Buchten in Britannien zu erkunden, nach wundersch\u00f6nen Muscheln, seegegerbtem Glas, Treibholz und Fossilien zu suchen. Hier sind unsere 5 Favoriten&#8230; Talland Bay Strand, Cornwall \u00a9 Cornish Picture Library Paul Lightfoot Talland Bay in Cornwall ist das Juwel eines Strandes und hat eine Geschichte voller Schiffswracks und Schmuggler. Dieser [&hellip;]<\/p>\n","protected":false},"author":1,"featured_media":0,"parent":0,"menu_order":0,"comment_status":"closed","ping_status":"closed","template":"single-four.php","meta":[],"acf":[],"yoast_head":"<!-- This site is optimized with the Yoast SEO plugin v19.4 - https:\/\/yoast.com\/wordpress\/plugins\/seo\/ -->\n<title>Gro\u00dfbritanniens beste Winterstr\u00e4nde - Urlaub &amp; Reisen<\/title>\n<meta name=\"robots\" content=\"index, follow, max-snippet:-1, max-image-preview:large, max-video-preview:-1\" \/>\n<link rel=\"canonical\" href=\"https:\/\/www.urlaubcornwall.de\/blog\/grossbritanniens-beste-winterstraende\/\" \/>\n<meta property=\"og:locale\" content=\"en_US\" \/>\n<meta property=\"og:type\" content=\"article\" \/>\n<meta property=\"og:title\" content=\"Gro\u00dfbritanniens beste Winterstr\u00e4nde - Urlaub &amp; Reisen\" \/>\n<meta property=\"og:description\" content=\"Winter ist herrlich, um die Str\u00e4nde und Buchten in Britannien zu erkunden, nach wundersch\u00f6nen Muscheln, seegegerbtem Glas, Treibholz und Fossilien zu suchen. Hier sind unsere 5 Favoriten&#8230; Talland Bay Strand, Cornwall \u00a9 Cornish Picture Library Paul Lightfoot Talland Bay in Cornwall ist das Juwel eines Strandes und hat eine Geschichte voller Schiffswracks und Schmuggler. Dieser [&hellip;]\" \/>\n<meta property=\"og:url\" content=\"https:\/\/www.urlaubcornwall.de\/blog\/grossbritanniens-beste-winterstraende\/\" \/>\n<meta property=\"og:site_name\" content=\"Urlaub &amp; Reisen\" \/>\n<meta property=\"article:modified_time\" content=\"2026-01-06T20:25:15+00:00\" \/>\n<meta property=\"og:image\" content=\"https:\/\/www.urlaubcornwall.de\/blog\/wp-content\/uploads\/2016\/06\/Talland-Bay-cornwall.jpg\" \/>\n<meta name=\"twitter:card\" content=\"summary\" \/>\n<meta name=\"twitter:label1\" content=\"Est. reading time\" \/>\n\t<meta name=\"twitter:data1\" content=\"3 minutes\" \/>\n<script type=\"application\/ld+json\" class=\"yoast-schema-graph\">{\"@context\":\"https:\/\/schema.org\",\"@graph\":[{\"@type\":\"WebSite\",\"@id\":\"https:\/\/www.urlaubcornwall.de\/blog\/#website\",\"url\":\"https:\/\/www.urlaubcornwall.de\/blog\/\",\"name\":\"Urlaub &amp; Reisen\",\"description\":\"Urlaub, Reisen, Cornwall und S\u00fcdengland: eine perfekte Kombination\",\"potentialAction\":[{\"@type\":\"SearchAction\",\"target\":{\"@type\":\"EntryPoint\",\"urlTemplate\":\"https:\/\/www.urlaubcornwall.de\/blog\/?s={search_term_string}\"},\"query-input\":\"required name=search_term_string\"}],\"inLanguage\":\"en-US\"},{\"@type\":\"WebPage\",\"@id\":\"https:\/\/www.urlaubcornwall.de\/blog\/grossbritanniens-beste-winterstraende\/\",\"url\":\"https:\/\/www.urlaubcornwall.de\/blog\/grossbritanniens-beste-winterstraende\/\",\"name\":\"Gro\u00dfbritanniens beste Winterstr\u00e4nde - Urlaub &amp; Reisen\",\"isPartOf\":{\"@id\":\"https:\/\/www.urlaubcornwall.de\/blog\/#website\"},\"datePublished\":\"2016-06-01T16:16:08+00:00\",\"dateModified\":\"2026-01-06T20:25:15+00:00\",\"breadcrumb\":{\"@id\":\"https:\/\/www.urlaubcornwall.de\/blog\/grossbritanniens-beste-winterstraende\/#breadcrumb\"},\"inLanguage\":\"en-US\",\"potentialAction\":[{\"@type\":\"ReadAction\",\"target\":[\"https:\/\/www.urlaubcornwall.de\/blog\/grossbritanniens-beste-winterstraende\/\"]}]},{\"@type\":\"BreadcrumbList\",\"@id\":\"https:\/\/www.urlaubcornwall.de\/blog\/grossbritanniens-beste-winterstraende\/#breadcrumb\",\"itemListElement\":[{\"@type\":\"ListItem\",\"position\":1,\"name\":\"Home\",\"item\":\"https:\/\/www.urlaubcornwall.de\/blog\/\"},{\"@type\":\"ListItem\",\"position\":2,\"name\":\"Gro\u00dfbritanniens beste Winterstr\u00e4nde\"}]}]}<\/script>\n<!-- \/ Yoast SEO plugin. -->","yoast_head_json":{"title":"Gro\u00dfbritanniens beste Winterstr\u00e4nde - Urlaub &amp; Reisen","robots":{"index":"index","follow":"follow","max-snippet":"max-snippet:-1","max-image-preview":"max-image-preview:large","max-video-preview":"max-video-preview:-1"},"canonical":"https:\/\/www.urlaubcornwall.de\/blog\/grossbritanniens-beste-winterstraende\/","og_locale":"en_US","og_type":"article","og_title":"Gro\u00dfbritanniens beste Winterstr\u00e4nde - Urlaub &amp; Reisen","og_description":"Winter ist herrlich, um die Str\u00e4nde und Buchten in Britannien zu erkunden, nach wundersch\u00f6nen Muscheln, seegegerbtem Glas, Treibholz und Fossilien zu suchen. Hier sind unsere 5 Favoriten&#8230; Talland Bay Strand, Cornwall \u00a9 Cornish Picture Library Paul Lightfoot Talland Bay in Cornwall ist das Juwel eines Strandes und hat eine Geschichte voller Schiffswracks und Schmuggler. Dieser [&hellip;]","og_url":"https:\/\/www.urlaubcornwall.de\/blog\/grossbritanniens-beste-winterstraende\/","og_site_name":"Urlaub &amp; Reisen","article_modified_time":"2026-01-06T20:25:15+00:00","og_image":[{"url":"https:\/\/www.urlaubcornwall.de\/blog\/wp-content\/uploads\/2016\/06\/Talland-Bay-cornwall.jpg"}],"twitter_card":"summary","twitter_misc":{"Est. reading time":"3 minutes"},"schema":{"@context":"https:\/\/schema.org","@graph":[{"@type":"WebSite","@id":"https:\/\/www.urlaubcornwall.de\/blog\/#website","url":"https:\/\/www.urlaubcornwall.de\/blog\/","name":"Urlaub &amp; Reisen","description":"Urlaub, Reisen, Cornwall und S\u00fcdengland: eine perfekte Kombination","potentialAction":[{"@type":"SearchAction","target":{"@type":"EntryPoint","urlTemplate":"https:\/\/www.urlaubcornwall.de\/blog\/?s={search_term_string}"},"query-input":"required name=search_term_string"}],"inLanguage":"en-US"},{"@type":"WebPage","@id":"https:\/\/www.urlaubcornwall.de\/blog\/grossbritanniens-beste-winterstraende\/","url":"https:\/\/www.urlaubcornwall.de\/blog\/grossbritanniens-beste-winterstraende\/","name":"Gro\u00dfbritanniens beste Winterstr\u00e4nde - Urlaub &amp; Reisen","isPartOf":{"@id":"https:\/\/www.urlaubcornwall.de\/blog\/#website"},"datePublished":"2016-06-01T16:16:08+00:00","dateModified":"2026-01-06T20:25:15+00:00","breadcrumb":{"@id":"https:\/\/www.urlaubcornwall.de\/blog\/grossbritanniens-beste-winterstraende\/#breadcrumb"},"inLanguage":"en-US","potentialAction":[{"@type":"ReadAction","target":["https:\/\/www.urlaubcornwall.de\/blog\/grossbritanniens-beste-winterstraende\/"]}]},{"@type":"BreadcrumbList","@id":"https:\/\/www.urlaubcornwall.de\/blog\/grossbritanniens-beste-winterstraende\/#breadcrumb","itemListElement":[{"@type":"ListItem","position":1,"name":"Home","item":"https:\/\/www.urlaubcornwall.de\/blog\/"},{"@type":"ListItem","position":2,"name":"Gro\u00dfbritanniens beste Winterstr\u00e4nde"}]}]}},"_links":{"self":[{"href":"https:\/\/www.urlaubcornwall.de\/blog\/wp-json\/wp\/v2\/pages\/24410"}],"collection":[{"href":"https:\/\/www.urlaubcornwall.de\/blog\/wp-json\/wp\/v2\/pages"}],"about":[{"href":"https:\/\/www.urlaubcornwall.de\/blog\/wp-json\/wp\/v2\/types\/page"}],"author":[{"embeddable":true,"href":"https:\/\/www.urlaubcornwall.de\/blog\/wp-json\/wp\/v2\/users\/1"}],"replies":[{"embeddable":true,"href":"https:\/\/www.urlaubcornwall.de\/blog\/wp-json\/wp\/v2\/comments?post=24410"}],"version-history":[{"count":20,"href":"https:\/\/www.urlaubcornwall.de\/blog\/wp-json\/wp\/v2\/pages\/24410\/revisions"}],"predecessor-version":[{"id":51995,"href":"https:\/\/www.urlaubcornwall.de\/blog\/wp-json\/wp\/v2\/pages\/24410\/revisions\/51995"}],"wp:attachment":[{"href":"https:\/\/www.urlaubcornwall.de\/blog\/wp-json\/wp\/v2\/media?parent=24410"}],"curies":[{"name":"wp","href":"https:\/\/api.w.org\/{rel}","templated":true}]}}