{"id":24399,"date":"2016-06-01T10:09:19","date_gmt":"2016-06-01T10:09:19","guid":{"rendered":"https:\/\/www.urlaubcornwall.de\/blog\/?page_id=24399"},"modified":"2024-05-29T12:25:54","modified_gmt":"2024-05-29T12:25:54","slug":"herbsturlaub-in-grossbritannien-die-besten-herbstwanderungen","status":"publish","type":"page","link":"https:\/\/www.urlaubcornwall.de\/blog\/herbsturlaub-in-grossbritannien-die-besten-herbstwanderungen\/","title":{"rendered":"Herbsturlaub in Gro\u00dfbritannien: die besten Herbstwanderungen"},"content":{"rendered":"<p><img loading=\"lazy\" class=\"aligncenter size-full wp-image-47959\" src=\"https:\/\/www.urlaubcornwall.de\/blog\/wp-content\/uploads\/2024\/03\/gower-halbinsel-wales-1.jpg\" alt=\"gower halbinsel wales\" width=\"750\" height=\"500\" srcset=\"https:\/\/www.urlaubcornwall.de\/blog\/wp-content\/uploads\/2024\/03\/gower-halbinsel-wales-1.jpg 750w, https:\/\/www.urlaubcornwall.de\/blog\/wp-content\/uploads\/2024\/03\/gower-halbinsel-wales-1-300x200.jpg 300w\" sizes=\"(max-width: 750px) 100vw, 750px\" \/><\/p>\n<p><strong>Gower Halbinsel<\/strong> &#8211; Die Salzs\u00fcmpfe von Cwm Ivy auf der Gower Halbinsel, <a href=\"https:\/\/www.urlaubcornwall.de\/reiseziel\/wales.php\">S\u00fcd Wales<\/a>, eignen sich hervorragend f\u00fcr einen herbstlichen Spaziergang. Eine mittelalterliche Seemauer h\u00e4lt das Sumpfgebiet in Schach und trennt das S\u00fc\u00dfwasser vom Meer. Hinter der Seemauer wird die S\u00fc\u00dfwasserweide durchstreift von einheimischen Rassen walisischer schwarzer Schafe, sowie Hereford und Galloway Vieh. Dies ist einer der friedlichsten Orte des Landes, wo Sie stundenlang spazieren k\u00f6nnen, ohne eine Menschenseele zu sehen. Im Herbst sind hier Schw\u00e4rme von Austernfischern, Enten, G\u00e4nsen und Reihern, und im Fr\u00fchling und Sommer sind die Farben der Blumen, wie der Storchschnabel und die Glockenblumen wundervoll. Die Wanderung ist ungef\u00e4hr 4km lang. Sie k\u00f6nnen in Cwm Ivy parken, wo es ein Gesch\u00e4ft gibt. Au\u00dferdem befindet sich auf der Wanderstrecke bei Llanmadoc eine Kneipe.<\/p>\n<p><img loading=\"lazy\" class=\"aligncenter size-full wp-image-47867\" src=\"https:\/\/www.urlaubcornwall.de\/blog\/wp-content\/uploads\/2024\/03\/dover.jpg\" alt=\"dover\" width=\"750\" height=\"500\" srcset=\"https:\/\/www.urlaubcornwall.de\/blog\/wp-content\/uploads\/2024\/03\/dover.jpg 750w, https:\/\/www.urlaubcornwall.de\/blog\/wp-content\/uploads\/2024\/03\/dover-300x200.jpg 300w\" sizes=\"(max-width: 750px) 100vw, 750px\" \/><\/p>\n<p><strong>Die wei\u00dfen Klippen von Dover<\/strong> &#8211; Es gibt nur wenige Stellen wie die wei\u00dfen Klippen Dovers; dies ist eine besondere Landschaft mit einer tief verwurzelten Geschichte, sowie geografisch als auch physisch und eine nationales Symbol. Lediglich 5 Minuten \u00f6stlich vom Tor zum Besucherzentrum der wei\u00dfen Klippen treten Sie ein in eine l\u00e4ndliche Idylle. Der Blick \u00fcber eine h\u00fcgelige Landschaft ist atemberaubend. Es gibt eine Vielfalt an V\u00f6geln, wobei die Wanderfalken leicht zu entdecken sind, zusammen mit M\u00f6wenarten, Eissturmv\u00f6geln, H\u00e4nflingen und Goldammern. Das Gebiet ist auch bekannt f\u00fcr seine Schmetterlinge. Dabei ist der blaue Schmetterling der am h\u00e4ufigsten vorkommende. Wenn Sie den South Foreland Leuchtturm erreichen, so ist dies der Wendepunkt Ihrer Wanderung. Er war der erste Leuchtturm, der mittels Elektrizit\u00e4t beleuchtet wurde, und hier fand auch die erste internationale Radio\u00fcbertragung statt. Hier am s\u00fcd\u00f6stlichsten Punkt des UK erblicken Sie w\u00e4hrend des k\u00fcrzesten Tages des Jahres zuallererst im Gesamten der britischen Inseln das Tageslicht. Die Wanderung ist ungef\u00e4hr 4km lang und f\u00fchrt \u00fcber naturgegeben unebenes Gel\u00e4nde mit einigen steilen H\u00fcgeln. Sie m\u00fcssen sich vom Klippenrand fernhalten und Hunde m\u00fcssen angeleint bleiben.<\/p>\n<p><strong>Brownsea Island, Dorset<\/strong> &#8211; Nehmen Sie ein Boot von <a href=\"http:\/\/www.urlaubcornwall.de\/ferienhaeuser-fewos\/poole.html\">Poole<\/a> aus \u00fcber den Hafen zur Brownsea Insel, und es wird sich anf\u00fchlen wie eine Landung in einer anderen Welt. Die Insel ist bestbekannt f\u00fcr seine roten Eichh\u00f6rnchen, sowie als Geburtsort der Pfadfinder und vergleichbarer M\u00e4dchenbewegungen. Diese kleine Insel hat alles: Tieflandheidegebiet, S\u00fc\u00dfwasserseen, eine Lagune, Teiche, Str\u00e4nde, ein verlassenes Dorf, R\u00f6hrichte und Feuchtwiesen. Neben den roten Eichh\u00f6rnchen gibt es Sika Wild, gemeine Echsen, 60 verschiedene Baumarten, 24 Arten Libellen und zahlreiche Schmetterlingsarten. <\/p>\n<div class=\"snippet\"> <a class=\"featured-item\" href=\" https:\/\/www.urlaubcornwall.de\/rundreisen\/grossbritannien.php\"> <span class=\"image-holder\" style=\"background-image: url(' https:\/\/www.urlaubcornwall.de\/blog\/wp-content\/uploads\/2018\/11\/rundreise-cornwall.jpg ');\"><\/span> <span class=\"featured-content\"> \n<h2 class=\"featured-title\">Individuelle Rundreise in Cornwall, S\u00fcdengland &#038; durch Gro\u00dfbritannien<\/h2>\n<p class=\"featured-body\">Bei dieser Rundreise entdecken Sie die H\u00f6hepunkte Gro\u00dfbritanniens Kultur, Geschichte, Landschaft und heutiges Leben werden Sie hierbei kennenlernen&#8230;<\/p>\n<\/span> <span class=\"featured-link-holder\"> <span class=\"featured-extra-info\"> \n<p>Urlaub im eigenen Schritttempo<\/p>\n<\/span> \n<p class=\"featured-link\">DETAILS<\/p>\n<\/span> <\/a><\/div>\n<p>Hier l\u00e4sst es sich auch hervorragend V\u00f6gel beobachten. Es gibt auf der Insel zahlreiche Spazierwege und Traktorenwege, einschlie\u00dflich eines 1,5km langen Spazierwegs, der bei der Brownsea Kirche beginnt. Im Herbst ist dies ein gro\u00dfartiger Platz, um zu beobachten, wie die roten Eichh\u00f6rnchen sich von s\u00fc\u00dfen Kastanien und Bucheln ern\u00e4hren.<\/p>\n<p><img loading=\"lazy\" class=\"aligncenter size-full wp-image-47795\" src=\"https:\/\/www.urlaubcornwall.de\/blog\/wp-content\/uploads\/2024\/03\/norfolk-broads.jpg\" alt=\"norfolk broads\" width=\"750\" height=\"530\" srcset=\"https:\/\/www.urlaubcornwall.de\/blog\/wp-content\/uploads\/2024\/03\/norfolk-broads.jpg 750w, https:\/\/www.urlaubcornwall.de\/blog\/wp-content\/uploads\/2024\/03\/norfolk-broads-300x212.jpg 300w\" sizes=\"(max-width: 750px) 100vw, 750px\" \/><\/p>\n<p><strong>Flatford, Suffolk.<\/strong> &#8211; Flatford und der Fluss Stour an der Grenze von Essex-<a href=\"https:\/\/www.urlaubcornwall.de\/blog\/urlaub-in-suffolk-die-grafschaft-von-constable-und-das-zuhause-mittelalterlicher-staedte-und-doerfer\/\">Suffolk<\/a> wurden ber\u00fchmt durch die Gem\u00e4lde von John Constable \u2013 The Hay Wain, The Mill Stream und The White Horse. Diese Wanderung gestattet es Ihnen, die Landschaft so zu sehen, wie es Constable tat und dabei den Fluss Stour mitzunehmen, wie er durch das Dedham Tal flie\u00dft. <\/p>\n<div class=\"snippet\"> <a class=\"featured-item\" href=\"https:\/\/www.urlaubcornwall.de\/ferienhaeuser.php\"> <span class=\"image-holder\" style=\"background-image: url(' https:\/\/www.urlaubcornwall.de\/blog\/wp-content\/uploads\/2018\/12\/ferienhaus-cornwall-mit-hund.jpg ');\"><\/span> <span class=\"featured-content\"> \n<h2 class=\"featured-title\">Ferienh\u00e4user in Gro\u00dfbritannien zum Verlieben!<\/h2>\n<p class=\"featured-body\">UrlaubCornwall.de hat eine einzigartige Sammlung pers\u00f6nlich inspizierter Ferienh\u00e4user und Ferienwohnungen in Cornwall, S\u00fcdengland und nun auch im gesamten Gro\u00dfbritannien&#8230;..<\/p><\/span> <span class=\"featured-link-holder\"> <span class=\"featured-extra-info\"> \n<p>F\u00fcr Paare, Familien &#038; Gruppen<\/p>\n<\/span> \n<p class=\"featured-link\">DETAILS<\/p>\n<\/span> <\/a><\/div>\n<p>Nehmen Sie den Fu\u00dfweg vom Bahnhof Maningtree hin zum Dorf Flatford entlang des Flussufers, wo sie Otter und Eisv\u00f6gel sehen k\u00f6nnen und wo K\u00fche und Schafe \u00fcber die Felder grasen. Machen Sie einen kleinen Abstecher nach Flatford Mill und Willy Lott\u2019s House, die Szenerie des Hay Wain Gem\u00e4ldes. Die Wanderung ist entweder 6,4 km oder 9 km lang, wenn Sie den mit B\u00e4umen begrenzten Fu\u00dfweg \u00fcber die Feuchtwiesen nach Dedham nehmen.<\/p>\n<p><strong>Kinder Scout, Derbyshire<\/strong> &#8211; Der Aufstieg nach Kinder Scout ist die erste Etappe des <a href=\"https:\/\/www.urlaubcornwall.de\/blog\/urlaub-reisen-durch-nordengland\/\">Penine Way<\/a>, Britanniens beliebtestem Fernwanderweg. Es ist eine physisch herausfordernde Route und hat einen besonderen Platz im Herzen von Wanderern. Das Heideland bietet Raben, Graug\u00e4nsen, Wanderfalken und Brachv\u00f6geln ein Zuhause. Moos und Torf geben ihm den Namen \u2018Dark Peak\u2019 (dunkler Torf), sichtbar auf der Stra\u00dfe von Manchester nach <a href=\"https:\/\/www.urlaubcornwall.de\/ferienhaeuser-fewos\/eng\/yorkshire\/sheffield.html\">Sheffield<\/a>. Es ist auch das Zuhause von widerstandsf\u00e4higen Pflanzenarten wie Moltebeeren und des Berghasen, dessen Fell die Farbe \u00e4ndert, um dem Winterschnee gleich zu sehen. Der Blick von oben \u00fcber das Heideland ist spektakul\u00e4r, und an einem klaren Tag k\u00f6nnen Sie Manchester im Westen und Jodrell Bank sehen. Nach Osten hin befinden sich der atemberaubende Crowden Tower, The Woolpacks und riesige verwitterte Steins\u00e4ulen und Pfeiler. Die Wanderung ist ungef\u00e4hr 7,5 km lang, harte Arbeit und erfordert ein gutes Ma\u00df an Fitness. Wanderkleidung ist unabdingbar.<\/p>\n<p><iframe loading=\"lazy\" src=\"https:\/\/www.google.com\/maps\/d\/u\/0\/embed?mid=1Qq6_91ZO0u9A-Va9vGJqICIQGQ8\" height=\"480\" width=\"640\"><\/iframe><\/p>\n","protected":false},"excerpt":{"rendered":"<p>Gower Halbinsel &#8211; Die Salzs\u00fcmpfe von Cwm Ivy auf der Gower Halbinsel, S\u00fcd Wales, eignen sich hervorragend f\u00fcr einen herbstlichen Spaziergang. Eine mittelalterliche Seemauer h\u00e4lt das Sumpfgebiet in Schach und trennt das S\u00fc\u00dfwasser vom Meer. Hinter der Seemauer wird die S\u00fc\u00dfwasserweide durchstreift von einheimischen Rassen walisischer schwarzer Schafe, sowie Hereford und Galloway Vieh. Dies ist [&hellip;]<\/p>\n","protected":false},"author":1,"featured_media":0,"parent":0,"menu_order":0,"comment_status":"closed","ping_status":"closed","template":"single-four.php","meta":[],"acf":[],"yoast_head":"<!-- This site is optimized with the Yoast SEO plugin v19.4 - https:\/\/yoast.com\/wordpress\/plugins\/seo\/ -->\n<title>Herbsturlaub in Gro\u00dfbritannien: die besten Herbstwanderungen - Urlaub &amp; Reisen<\/title>\n<meta name=\"robots\" content=\"index, follow, max-snippet:-1, max-image-preview:large, max-video-preview:-1\" \/>\n<link rel=\"canonical\" href=\"https:\/\/www.urlaubcornwall.de\/blog\/herbsturlaub-in-grossbritannien-die-besten-herbstwanderungen\/\" \/>\n<meta property=\"og:locale\" content=\"en_US\" \/>\n<meta property=\"og:type\" content=\"article\" \/>\n<meta property=\"og:title\" content=\"Herbsturlaub in Gro\u00dfbritannien: die besten Herbstwanderungen - Urlaub &amp; Reisen\" \/>\n<meta property=\"og:description\" content=\"Gower Halbinsel &#8211; Die Salzs\u00fcmpfe von Cwm Ivy auf der Gower Halbinsel, S\u00fcd Wales, eignen sich hervorragend f\u00fcr einen herbstlichen Spaziergang. Eine mittelalterliche Seemauer h\u00e4lt das Sumpfgebiet in Schach und trennt das S\u00fc\u00dfwasser vom Meer. Hinter der Seemauer wird die S\u00fc\u00dfwasserweide durchstreift von einheimischen Rassen walisischer schwarzer Schafe, sowie Hereford und Galloway Vieh. Dies ist [&hellip;]\" \/>\n<meta property=\"og:url\" content=\"https:\/\/www.urlaubcornwall.de\/blog\/herbsturlaub-in-grossbritannien-die-besten-herbstwanderungen\/\" \/>\n<meta property=\"og:site_name\" content=\"Urlaub &amp; Reisen\" \/>\n<meta property=\"article:modified_time\" content=\"2024-05-29T12:25:54+00:00\" \/>\n<meta property=\"og:image\" content=\"https:\/\/www.urlaubcornwall.de\/blog\/wp-content\/uploads\/2024\/03\/gower-halbinsel-wales-1.jpg\" \/>\n<meta name=\"twitter:card\" content=\"summary\" \/>\n<meta name=\"twitter:label1\" content=\"Est. reading time\" \/>\n\t<meta name=\"twitter:data1\" content=\"5 minutes\" \/>\n<script type=\"application\/ld+json\" class=\"yoast-schema-graph\">{\"@context\":\"https:\/\/schema.org\",\"@graph\":[{\"@type\":\"WebSite\",\"@id\":\"https:\/\/www.urlaubcornwall.de\/blog\/#website\",\"url\":\"https:\/\/www.urlaubcornwall.de\/blog\/\",\"name\":\"Urlaub &amp; Reisen\",\"description\":\"Urlaub, Reisen, Cornwall und S\u00fcdengland: eine perfekte Kombination\",\"potentialAction\":[{\"@type\":\"SearchAction\",\"target\":{\"@type\":\"EntryPoint\",\"urlTemplate\":\"https:\/\/www.urlaubcornwall.de\/blog\/?s={search_term_string}\"},\"query-input\":\"required name=search_term_string\"}],\"inLanguage\":\"en-US\"},{\"@type\":\"WebPage\",\"@id\":\"https:\/\/www.urlaubcornwall.de\/blog\/herbsturlaub-in-grossbritannien-die-besten-herbstwanderungen\/\",\"url\":\"https:\/\/www.urlaubcornwall.de\/blog\/herbsturlaub-in-grossbritannien-die-besten-herbstwanderungen\/\",\"name\":\"Herbsturlaub in Gro\u00dfbritannien: die besten Herbstwanderungen - Urlaub &amp; Reisen\",\"isPartOf\":{\"@id\":\"https:\/\/www.urlaubcornwall.de\/blog\/#website\"},\"datePublished\":\"2016-06-01T10:09:19+00:00\",\"dateModified\":\"2024-05-29T12:25:54+00:00\",\"breadcrumb\":{\"@id\":\"https:\/\/www.urlaubcornwall.de\/blog\/herbsturlaub-in-grossbritannien-die-besten-herbstwanderungen\/#breadcrumb\"},\"inLanguage\":\"en-US\",\"potentialAction\":[{\"@type\":\"ReadAction\",\"target\":[\"https:\/\/www.urlaubcornwall.de\/blog\/herbsturlaub-in-grossbritannien-die-besten-herbstwanderungen\/\"]}]},{\"@type\":\"BreadcrumbList\",\"@id\":\"https:\/\/www.urlaubcornwall.de\/blog\/herbsturlaub-in-grossbritannien-die-besten-herbstwanderungen\/#breadcrumb\",\"itemListElement\":[{\"@type\":\"ListItem\",\"position\":1,\"name\":\"Home\",\"item\":\"https:\/\/www.urlaubcornwall.de\/blog\/\"},{\"@type\":\"ListItem\",\"position\":2,\"name\":\"Herbsturlaub in Gro\u00dfbritannien: die besten Herbstwanderungen\"}]}]}<\/script>\n<!-- \/ Yoast SEO plugin. -->","yoast_head_json":{"title":"Herbsturlaub in Gro\u00dfbritannien: die besten Herbstwanderungen - Urlaub &amp; Reisen","robots":{"index":"index","follow":"follow","max-snippet":"max-snippet:-1","max-image-preview":"max-image-preview:large","max-video-preview":"max-video-preview:-1"},"canonical":"https:\/\/www.urlaubcornwall.de\/blog\/herbsturlaub-in-grossbritannien-die-besten-herbstwanderungen\/","og_locale":"en_US","og_type":"article","og_title":"Herbsturlaub in Gro\u00dfbritannien: die besten Herbstwanderungen - Urlaub &amp; Reisen","og_description":"Gower Halbinsel &#8211; Die Salzs\u00fcmpfe von Cwm Ivy auf der Gower Halbinsel, S\u00fcd Wales, eignen sich hervorragend f\u00fcr einen herbstlichen Spaziergang. Eine mittelalterliche Seemauer h\u00e4lt das Sumpfgebiet in Schach und trennt das S\u00fc\u00dfwasser vom Meer. Hinter der Seemauer wird die S\u00fc\u00dfwasserweide durchstreift von einheimischen Rassen walisischer schwarzer Schafe, sowie Hereford und Galloway Vieh. Dies ist [&hellip;]","og_url":"https:\/\/www.urlaubcornwall.de\/blog\/herbsturlaub-in-grossbritannien-die-besten-herbstwanderungen\/","og_site_name":"Urlaub &amp; Reisen","article_modified_time":"2024-05-29T12:25:54+00:00","og_image":[{"url":"https:\/\/www.urlaubcornwall.de\/blog\/wp-content\/uploads\/2024\/03\/gower-halbinsel-wales-1.jpg"}],"twitter_card":"summary","twitter_misc":{"Est. reading time":"5 minutes"},"schema":{"@context":"https:\/\/schema.org","@graph":[{"@type":"WebSite","@id":"https:\/\/www.urlaubcornwall.de\/blog\/#website","url":"https:\/\/www.urlaubcornwall.de\/blog\/","name":"Urlaub &amp; Reisen","description":"Urlaub, Reisen, Cornwall und S\u00fcdengland: eine perfekte Kombination","potentialAction":[{"@type":"SearchAction","target":{"@type":"EntryPoint","urlTemplate":"https:\/\/www.urlaubcornwall.de\/blog\/?s={search_term_string}"},"query-input":"required name=search_term_string"}],"inLanguage":"en-US"},{"@type":"WebPage","@id":"https:\/\/www.urlaubcornwall.de\/blog\/herbsturlaub-in-grossbritannien-die-besten-herbstwanderungen\/","url":"https:\/\/www.urlaubcornwall.de\/blog\/herbsturlaub-in-grossbritannien-die-besten-herbstwanderungen\/","name":"Herbsturlaub in Gro\u00dfbritannien: die besten Herbstwanderungen - Urlaub &amp; Reisen","isPartOf":{"@id":"https:\/\/www.urlaubcornwall.de\/blog\/#website"},"datePublished":"2016-06-01T10:09:19+00:00","dateModified":"2024-05-29T12:25:54+00:00","breadcrumb":{"@id":"https:\/\/www.urlaubcornwall.de\/blog\/herbsturlaub-in-grossbritannien-die-besten-herbstwanderungen\/#breadcrumb"},"inLanguage":"en-US","potentialAction":[{"@type":"ReadAction","target":["https:\/\/www.urlaubcornwall.de\/blog\/herbsturlaub-in-grossbritannien-die-besten-herbstwanderungen\/"]}]},{"@type":"BreadcrumbList","@id":"https:\/\/www.urlaubcornwall.de\/blog\/herbsturlaub-in-grossbritannien-die-besten-herbstwanderungen\/#breadcrumb","itemListElement":[{"@type":"ListItem","position":1,"name":"Home","item":"https:\/\/www.urlaubcornwall.de\/blog\/"},{"@type":"ListItem","position":2,"name":"Herbsturlaub in Gro\u00dfbritannien: die besten Herbstwanderungen"}]}]}},"_links":{"self":[{"href":"https:\/\/www.urlaubcornwall.de\/blog\/wp-json\/wp\/v2\/pages\/24399"}],"collection":[{"href":"https:\/\/www.urlaubcornwall.de\/blog\/wp-json\/wp\/v2\/pages"}],"about":[{"href":"https:\/\/www.urlaubcornwall.de\/blog\/wp-json\/wp\/v2\/types\/page"}],"author":[{"embeddable":true,"href":"https:\/\/www.urlaubcornwall.de\/blog\/wp-json\/wp\/v2\/users\/1"}],"replies":[{"embeddable":true,"href":"https:\/\/www.urlaubcornwall.de\/blog\/wp-json\/wp\/v2\/comments?post=24399"}],"version-history":[{"count":23,"href":"https:\/\/www.urlaubcornwall.de\/blog\/wp-json\/wp\/v2\/pages\/24399\/revisions"}],"predecessor-version":[{"id":50654,"href":"https:\/\/www.urlaubcornwall.de\/blog\/wp-json\/wp\/v2\/pages\/24399\/revisions\/50654"}],"wp:attachment":[{"href":"https:\/\/www.urlaubcornwall.de\/blog\/wp-json\/wp\/v2\/media?parent=24399"}],"curies":[{"name":"wp","href":"https:\/\/api.w.org\/{rel}","templated":true}]}}