{"id":24371,"date":"2016-05-31T09:40:28","date_gmt":"2016-05-31T09:40:28","guid":{"rendered":"https:\/\/www.urlaubcornwall.de\/blog\/?page_id=24371"},"modified":"2024-05-30T09:12:44","modified_gmt":"2024-05-30T09:12:44","slug":"kuestenwanderungen-in-suedengland-hier-sind-5-unserer-favoriten","status":"publish","type":"page","link":"https:\/\/www.urlaubcornwall.de\/blog\/kuestenwanderungen-in-suedengland-hier-sind-5-unserer-favoriten\/","title":{"rendered":"K\u00fcstenwanderungen in S\u00fcdengland: Hier sind 5 unserer Favoriten."},"content":{"rendered":"<p>M\u00f6chten Sie im Rahmen eines <a href=\"http:\/\/www.urlaubcornwall.de\/wanderurlaub\/cornwall.php\">Wanderurlaube S\u00fcdengland<\/a> zu Fu\u00df erkunden oder lediglich die Chance ergreifen, die Sch\u00f6nheit der Landschaft und K\u00fcste w\u00e4hrend einer <a href=\"http:\/\/www.urlaubcornwall.de\/rundreisen\/grossbritannien.php\">Rundreise<\/a> zu genie\u00dfen?<\/p>\n<p><a href=\"https:\/\/www.urlaubcornwall.de\/blog\/wp-content\/uploads\/2015\/08\/jurrasic-kueste.jpg\"><img loading=\"lazy\" src=\"https:\/\/www.urlaubcornwall.de\/blog\/wp-content\/uploads\/2015\/08\/jurrasic-kueste.jpg\" alt=\"jurassic kueste\" width=\"742\" height=\"361\" class=\"alignnone size-full wp-image-19449\" srcset=\"https:\/\/www.urlaubcornwall.de\/blog\/wp-content\/uploads\/2015\/08\/jurrasic-kueste.jpg 742w, https:\/\/www.urlaubcornwall.de\/blog\/wp-content\/uploads\/2015\/08\/jurrasic-kueste-300x146.jpg 300w\" sizes=\"(max-width: 742px) 100vw, 742px\" \/><\/a><\/p>\n<p><strong>Stonebarrow, Dorset<\/strong> &#8211; Diese Rundwanderung von 2,9 km f\u00fchrt durch die Landschaft <a href=\"https:\/\/www.urlaubcornwall.de\/blog\/urlaub-in-dorset-eine-der-geschichtstraechtigsten-grafschaften-englands\/\">Dorsets<\/a>, die sich nur sehr wenig ver\u00e4ndert hat, seit Thomas Hardy seine Geschichten schrieb. Das Goldene Kapp ist das herausragende Merkmal in dieser Landschaft der Jurak\u00fcste, mit der <a href=\"https:\/\/www.urlaubcornwall.de\/ferienhaeuser-fewos\/eng\/dorset\/portland.html\">Isle of Portland<\/a>, die in der Ferne sichtbar ist. Der gesamten Route entlang gibt es herrliche Aussichtspunkte und Picknickpl\u00e4tze. Die Gegend ist reich an ungew\u00f6hnlichen Pflanzenarten, insbesondere Orchideen, und einer Menge Tierleben, einschlie\u00dflich einer beeindruckenden Reihe an Schmetterlingen. Der Wanderstrecke entlang gibt es einige steile H\u00fcgel, so dass wir Wanderschuhe empfehlen, und Hunde m\u00fcssen angeleint bleiben.<\/p>\n<p><img loading=\"lazy\" class=\"aligncenter size-full wp-image-24372\" src=\"https:\/\/www.urlaubcornwall.de\/blog\/wp-content\/uploads\/2016\/05\/27740134.jpg\" alt=\"K\u00fcstenwanderungen in S\u00fcdengland\" width=\"748\" height=\"371\" \/><\/p>\n<p><strong>Fluss Helford, Cornwall<\/strong> &#8211; Mit der F\u00e4hre \u00fcber den <a href=\"https:\/\/www.urlaubcornwall.de\/ferienhaeuser-fewos\/helford.html\">Helford<\/a> River gelangen Sie nach Durgan und dann zum Rosemullion Head. Den Ausblick von hier \u00fcber den Helford River kann man nur als majest\u00e4tisch beschreiben. Der Pfad schl\u00e4ngelt sich weiter auf <a href=\"https:\/\/www.urlaubcornwall.de\/ferienhaeuser-fewos\/falmouth.html\">Falmouth<\/a> zu, vorbei an <a href=\"https:\/\/www.urlaubcornwall.de\/ferienhaeuser-fewos\/maenporth.html\">Maenporth<\/a>, Swanpool und schlie\u00dflich Gyllyngvase Beach (und alle mit einem praktischen Strand-Caf\u00e9). Der Wag m\u00e4andert dann um Pendennis Point und f\u00fchrt schlie\u00dflich in die lebhafte <a href=\"https:\/\/www.urlaubcornwall.de\/blog\/falmouth-cornwall-geschichte-sehenswuerdigkeiten-und-unterkunft\/\">Stadt Falmouth<\/a>.<\/p>\n<p><img loading=\"lazy\" class=\"aligncenter size-full wp-image-47864\" src=\"https:\/\/www.urlaubcornwall.de\/blog\/wp-content\/uploads\/2024\/03\/Old_Harry_rocks.jpg\" alt=\"Old_Harry_rocks\" width=\"750\" height=\"480\" srcset=\"https:\/\/www.urlaubcornwall.de\/blog\/wp-content\/uploads\/2024\/03\/Old_Harry_rocks.jpg 750w, https:\/\/www.urlaubcornwall.de\/blog\/wp-content\/uploads\/2024\/03\/Old_Harry_rocks-300x192.jpg 300w\" sizes=\"(max-width: 750px) 100vw, 750px\" \/><\/p>\n<p><strong>Old Harry Rocks, Studland, Dorset<\/strong> &#8211; Eine der besten M\u00f6glichkeiten, die Jurak\u00fcste zu sehen, ist es, den 5,5 km langen Weg entlang der wei\u00dfen Kalkmassen zu gehen, die nach einem ber\u00fcchtigten, einheimischen Piraten, Harry Paye, benannt sein sollen. Dies ist ein leichter Spazierweg mit weitreichendem Panoramablick Richtung <a href=\"http:\/\/www.urlaubcornwall.de\/ferienhaeuser-fewos\/bournemouth.html\">Bournemouth<\/a>, <a href=\"https:\/\/www.urlaubcornwall.de\/ferienhaeuser-fewos\/eng\/dorset\/poole.html\">Poole<\/a>, Hengistbury Head und die Isle of Wight. Wenn Sie im Fr\u00fchling oder Sommer hierher kommen, sehen Sie neben den herrlichen geologischen Formationen eine enorme Vielfalt an Wildblumen; Mohn, scharlachfarbene Ackergauchheile, Glockenblumen und rosafarbene Orchideen. Halten Sie Ausschau nach den kalkh\u00fcgelblauen Schmetterlingen und den Wanderfalken, die ihre Kreise hoch oben in den L\u00fcften ziehen. Die Wanderung beginnt und endet am South Beach Parkplatz, <a href=\"https:\/\/www.urlaubcornwall.de\/ferienhaeuser-fewos\/eng\/dorset\/studland.html\">Studland<\/a>.<\/p>\n<div class=\"snippet\"> <a class=\"featured-item\" href=\"https:\/\/www.urlaubcornwall.de\/ferienhaeuser\/suedengland.php\"> <span class=\"image-holder\" style=\"background-image: url('https:\/\/www.urlaubcornwall.de\/blog\/wp-content\/uploads\/2018\/12\/ferienhaus-cornwall-mit-hund.jpg');\"><\/span> <span class=\"featured-content\"> \n<h2 class=\"featured-title\">Ferienh\u00e4user in Cornwall &#038; S\u00fcdengland<\/h2>\n<p class=\"featured-body\">Bei uns finden Sie Ferienh\u00e4user zum Verlieben &#8211; so einfach ist das! Dank seiner langen Geschichte, der reizvollen Landschaften und seinen vielen Attraktionen ist S\u00fcdengland ein wahres Mekka f\u00fcr Urlauber&#8230;..<\/p><\/span> <span class=\"featured-link-holder\"> <span class=\"featured-extra-info\"> \n<p>Pers\u00f6nlich inspizierter Ferienh\u00e4user<\/p>\n<\/span> \n<p class=\"featured-link\">DETAILS<\/p>\n<\/span> <\/a><\/div>\n<p><strong>Prawle Point, Devon<\/strong> &#8211; Die Wanderung um Prawle Point in <a href=\"https:\/\/www.urlaubcornwall.de\/blog\/urlaub-in-devon\/\">Devon<\/a> ist ungef\u00e4hr 4,8km lang. Dies ist Devons s\u00fcdlichster Zipfel, und obwohl er sich nur ein paar Meilen vom gesch\u00e4ftigen <a href=\"https:\/\/www.urlaubcornwall.de\/ferienhaeuser-fewos\/eng\/sued-devon\/salcombe.html\">Urlaubsort Salcombe<\/a> entfernt befindet, f\u00fchlt es sich herrlich abgelegen an.<\/p>\n<p>Es bietet sich ein herrlicher Blick \u00fcber die <a href=\"https:\/\/www.urlaubcornwall.de\/ferienhaeuser-fewos\/eng\/sued-devon\/salcombe.html\">Salcombe<\/a> M\u00fcndung hin zum Bolt Head mit seinen dramatischen Felsformationen. Im Sommer k\u00f6nnen Sie Nattern sehen, die sich auf dem Weg in der Sonne aalen oder die seltene Zaunammer aus den Ginsterb\u00fcschen singen h\u00f6ren. Wildblumen wachsen auf den sonnigen K\u00fcstenklippen im \u00dcberma\u00df. Machen Sie einen Abstecher hinunter einen steilen Pfad entlang zur Maceley Cove, einem wundersch\u00f6nen, abgeschiedenen Sandstrand, der herrlich ist zum Schwimmen und f\u00fcr ein Picknick&#8230;.. <a href=\"http:\/\/www.urlaubcornwall.de\/wanderurlaub\/devon.php\">Wanderurlaub in Devon<\/a><\/p>\n<p><img loading=\"lazy\" class=\"aligncenter size-full wp-image-47799\" src=\"https:\/\/www.urlaubcornwall.de\/blog\/wp-content\/uploads\/2024\/03\/norfolk-windmill.jpg\" alt=\"norfolk windmill\" width=\"750\" height=\"500\" srcset=\"https:\/\/www.urlaubcornwall.de\/blog\/wp-content\/uploads\/2024\/03\/norfolk-windmill.jpg 750w, https:\/\/www.urlaubcornwall.de\/blog\/wp-content\/uploads\/2024\/03\/norfolk-windmill-300x200.jpg 300w\" sizes=\"(max-width: 750px) 100vw, 750px\" \/><\/p>\n<p><strong>Blakeney, North Norfolk<\/strong> &#8211; Die Nordk\u00fcste <a href=\"https:\/\/www.urlaubcornwall.de\/blog\/urlaub-in-suffolk-die-grafschaft-von-constable-und-das-zuhause-mittelalterlicher-staedte-und-doerfer\/\">Norfolks<\/a> eignet sich mit ihrem hohen Himmel, den Salzs\u00fcmpfen und einer Vielfalt an V\u00f6geln gro\u00dfartig zum Wandern. Diese 5km lange Wanderung f\u00fchrt Sie durch das Blakeney Nationalnaturreservat, vom entz\u00fcckenden <a href=\"https:\/\/www.urlaubcornwall.de\/ferienhaeuser-fewos\/eng\/norfolk\/blakeney.html\">K\u00fcstendorf Blakeney<\/a> Head nach Blakeney Freshes, einem Gebiet reich an Tierleben, vor allem an V\u00f6geln. Der Weg folgt dem Fluss Glaven, der br\u00fctenden V\u00f6geln wie Kiebitzen, S\u00e4belschn\u00e4blern und Rotschenkeln ungew\u00f6hnlichen Wohnraum bietet. Vom Deich aus k\u00f6nnen Sie meilenweite Salzs\u00fcmpfe sehen und die wundersch\u00f6nen Farben des Meereslavendels. Das blaue Lifeboat House sticht in der Ferne hervor, und der Blick ins Binnenland f\u00fchrt zur Windm\u00fchle Cley und der Kirche von Blakeney im Hintergrund. Dies ist eine leichte Wanderung mit zahlreichen Haltepunkten, um entlang der Strecke zu picknicken, den Blick zu genie\u00dfen und dem Gesang der V\u00f6gel zu lauschen.<\/p>\n<div class=\"snippet\"> <a class=\"featured-item\" href=\"https:\/\/www.urlaubcornwall.de\/rundreisen\/cornwall-suedengland.php\"> <span class=\"image-holder\" style=\"background-image: url('https:\/\/www.urlaubcornwall.de\/blog\/wp-content\/uploads\/2019\/01\/DiTn0QVWsAIOgjG.jpg');\"><\/span> <span class=\"featured-content\"> \n<h2 class=\"featured-title\">Rundreisen Cornwall &#038; S\u00fcdengland eine perfekte Kombination<\/h2>\n<p class=\"featured-body\">Die perfekte Reisem\u00f6glichkeit und erm\u00f6glicht es Ihnen, Entdeckungen zu machen und einen Urlaub im eigenen Schritttempo&#8230;.<\/p><\/span> <span class=\"featured-link-holder\"> <span class=\"featured-extra-info\"> \n<p>F\u00fcr Paare, Familien &#038; Gruppen<\/p>\n<\/span> \n<p class=\"featured-link\">DETAILS<\/p>\n<\/span> <\/a><\/div>\n<p style=\"text-align: center;\">UrlaubCornwall.de hat seinen Firmensitz in Cornwall in S\u00fcdwestengland und bietet Kunden im Deutsch sprechenden Europa Hilfe im Erstellen der perfekten Urlaubserfahrung hier. Wir haben ein Team Deutsch sprechender Experten, so dass wir eine <a href=\"https:\/\/www.urlaubcornwall.de\/rundreisen\/grossbritannien.php\">individuelle Urlaub in Gro\u00dfbritannien<\/a>.<\/p>\n<p><iframe loading=\"lazy\" src=\"https:\/\/www.google.com\/maps\/d\/u\/0\/embed?mid=1UvlhlmG4ivpP4rM8YWGVm9sDIBk\" width=\"640\" height=\"480\"><\/iframe><\/p>\n","protected":false},"excerpt":{"rendered":"<p>M\u00f6chten Sie im Rahmen eines Wanderurlaube S\u00fcdengland zu Fu\u00df erkunden oder lediglich die Chance ergreifen, die Sch\u00f6nheit der Landschaft und K\u00fcste w\u00e4hrend einer Rundreise zu genie\u00dfen? Stonebarrow, Dorset &#8211; Diese Rundwanderung von 2,9 km f\u00fchrt durch die Landschaft Dorsets, die sich nur sehr wenig ver\u00e4ndert hat, seit Thomas Hardy seine Geschichten schrieb. Das Goldene Kapp [&hellip;]<\/p>\n","protected":false},"author":1,"featured_media":0,"parent":0,"menu_order":0,"comment_status":"closed","ping_status":"closed","template":"single-four.php","meta":[],"acf":[],"yoast_head":"<!-- This site is optimized with the Yoast SEO plugin v19.4 - https:\/\/yoast.com\/wordpress\/plugins\/seo\/ -->\n<title>K\u00fcstenwanderungen in S\u00fcdengland: Hier sind 5 unserer Favoriten. - Urlaub &amp; Reisen<\/title>\n<meta name=\"robots\" content=\"index, follow, max-snippet:-1, max-image-preview:large, max-video-preview:-1\" \/>\n<link rel=\"canonical\" href=\"https:\/\/www.urlaubcornwall.de\/blog\/kuestenwanderungen-in-suedengland-hier-sind-5-unserer-favoriten\/\" \/>\n<meta property=\"og:locale\" content=\"en_US\" \/>\n<meta property=\"og:type\" content=\"article\" \/>\n<meta property=\"og:title\" content=\"K\u00fcstenwanderungen in S\u00fcdengland: Hier sind 5 unserer Favoriten. - Urlaub &amp; Reisen\" \/>\n<meta property=\"og:description\" content=\"M\u00f6chten Sie im Rahmen eines Wanderurlaube S\u00fcdengland zu Fu\u00df erkunden oder lediglich die Chance ergreifen, die Sch\u00f6nheit der Landschaft und K\u00fcste w\u00e4hrend einer Rundreise zu genie\u00dfen? Stonebarrow, Dorset &#8211; Diese Rundwanderung von 2,9 km f\u00fchrt durch die Landschaft Dorsets, die sich nur sehr wenig ver\u00e4ndert hat, seit Thomas Hardy seine Geschichten schrieb. Das Goldene Kapp [&hellip;]\" \/>\n<meta property=\"og:url\" content=\"https:\/\/www.urlaubcornwall.de\/blog\/kuestenwanderungen-in-suedengland-hier-sind-5-unserer-favoriten\/\" \/>\n<meta property=\"og:site_name\" content=\"Urlaub &amp; Reisen\" \/>\n<meta property=\"article:modified_time\" content=\"2024-05-30T09:12:44+00:00\" \/>\n<meta property=\"og:image\" content=\"https:\/\/www.urlaubcornwall.de\/blog\/wp-content\/uploads\/2015\/08\/jurrasic-kueste.jpg\" \/>\n<meta name=\"twitter:card\" content=\"summary\" \/>\n<meta name=\"twitter:label1\" content=\"Est. reading time\" \/>\n\t<meta name=\"twitter:data1\" content=\"4 minutes\" \/>\n<script type=\"application\/ld+json\" class=\"yoast-schema-graph\">{\"@context\":\"https:\/\/schema.org\",\"@graph\":[{\"@type\":\"WebSite\",\"@id\":\"https:\/\/www.urlaubcornwall.de\/blog\/#website\",\"url\":\"https:\/\/www.urlaubcornwall.de\/blog\/\",\"name\":\"Urlaub &amp; Reisen\",\"description\":\"Urlaub, Reisen, Cornwall und S\u00fcdengland: eine perfekte Kombination\",\"potentialAction\":[{\"@type\":\"SearchAction\",\"target\":{\"@type\":\"EntryPoint\",\"urlTemplate\":\"https:\/\/www.urlaubcornwall.de\/blog\/?s={search_term_string}\"},\"query-input\":\"required name=search_term_string\"}],\"inLanguage\":\"en-US\"},{\"@type\":\"WebPage\",\"@id\":\"https:\/\/www.urlaubcornwall.de\/blog\/kuestenwanderungen-in-suedengland-hier-sind-5-unserer-favoriten\/\",\"url\":\"https:\/\/www.urlaubcornwall.de\/blog\/kuestenwanderungen-in-suedengland-hier-sind-5-unserer-favoriten\/\",\"name\":\"K\u00fcstenwanderungen in S\u00fcdengland: Hier sind 5 unserer Favoriten. - Urlaub &amp; Reisen\",\"isPartOf\":{\"@id\":\"https:\/\/www.urlaubcornwall.de\/blog\/#website\"},\"datePublished\":\"2016-05-31T09:40:28+00:00\",\"dateModified\":\"2024-05-30T09:12:44+00:00\",\"breadcrumb\":{\"@id\":\"https:\/\/www.urlaubcornwall.de\/blog\/kuestenwanderungen-in-suedengland-hier-sind-5-unserer-favoriten\/#breadcrumb\"},\"inLanguage\":\"en-US\",\"potentialAction\":[{\"@type\":\"ReadAction\",\"target\":[\"https:\/\/www.urlaubcornwall.de\/blog\/kuestenwanderungen-in-suedengland-hier-sind-5-unserer-favoriten\/\"]}]},{\"@type\":\"BreadcrumbList\",\"@id\":\"https:\/\/www.urlaubcornwall.de\/blog\/kuestenwanderungen-in-suedengland-hier-sind-5-unserer-favoriten\/#breadcrumb\",\"itemListElement\":[{\"@type\":\"ListItem\",\"position\":1,\"name\":\"Home\",\"item\":\"https:\/\/www.urlaubcornwall.de\/blog\/\"},{\"@type\":\"ListItem\",\"position\":2,\"name\":\"K\u00fcstenwanderungen in S\u00fcdengland: Hier sind 5 unserer Favoriten.\"}]}]}<\/script>\n<!-- \/ Yoast SEO plugin. -->","yoast_head_json":{"title":"K\u00fcstenwanderungen in S\u00fcdengland: Hier sind 5 unserer Favoriten. - Urlaub &amp; Reisen","robots":{"index":"index","follow":"follow","max-snippet":"max-snippet:-1","max-image-preview":"max-image-preview:large","max-video-preview":"max-video-preview:-1"},"canonical":"https:\/\/www.urlaubcornwall.de\/blog\/kuestenwanderungen-in-suedengland-hier-sind-5-unserer-favoriten\/","og_locale":"en_US","og_type":"article","og_title":"K\u00fcstenwanderungen in S\u00fcdengland: Hier sind 5 unserer Favoriten. - Urlaub &amp; Reisen","og_description":"M\u00f6chten Sie im Rahmen eines Wanderurlaube S\u00fcdengland zu Fu\u00df erkunden oder lediglich die Chance ergreifen, die Sch\u00f6nheit der Landschaft und K\u00fcste w\u00e4hrend einer Rundreise zu genie\u00dfen? Stonebarrow, Dorset &#8211; Diese Rundwanderung von 2,9 km f\u00fchrt durch die Landschaft Dorsets, die sich nur sehr wenig ver\u00e4ndert hat, seit Thomas Hardy seine Geschichten schrieb. Das Goldene Kapp [&hellip;]","og_url":"https:\/\/www.urlaubcornwall.de\/blog\/kuestenwanderungen-in-suedengland-hier-sind-5-unserer-favoriten\/","og_site_name":"Urlaub &amp; Reisen","article_modified_time":"2024-05-30T09:12:44+00:00","og_image":[{"url":"https:\/\/www.urlaubcornwall.de\/blog\/wp-content\/uploads\/2015\/08\/jurrasic-kueste.jpg"}],"twitter_card":"summary","twitter_misc":{"Est. reading time":"4 minutes"},"schema":{"@context":"https:\/\/schema.org","@graph":[{"@type":"WebSite","@id":"https:\/\/www.urlaubcornwall.de\/blog\/#website","url":"https:\/\/www.urlaubcornwall.de\/blog\/","name":"Urlaub &amp; Reisen","description":"Urlaub, Reisen, Cornwall und S\u00fcdengland: eine perfekte Kombination","potentialAction":[{"@type":"SearchAction","target":{"@type":"EntryPoint","urlTemplate":"https:\/\/www.urlaubcornwall.de\/blog\/?s={search_term_string}"},"query-input":"required name=search_term_string"}],"inLanguage":"en-US"},{"@type":"WebPage","@id":"https:\/\/www.urlaubcornwall.de\/blog\/kuestenwanderungen-in-suedengland-hier-sind-5-unserer-favoriten\/","url":"https:\/\/www.urlaubcornwall.de\/blog\/kuestenwanderungen-in-suedengland-hier-sind-5-unserer-favoriten\/","name":"K\u00fcstenwanderungen in S\u00fcdengland: Hier sind 5 unserer Favoriten. - Urlaub &amp; Reisen","isPartOf":{"@id":"https:\/\/www.urlaubcornwall.de\/blog\/#website"},"datePublished":"2016-05-31T09:40:28+00:00","dateModified":"2024-05-30T09:12:44+00:00","breadcrumb":{"@id":"https:\/\/www.urlaubcornwall.de\/blog\/kuestenwanderungen-in-suedengland-hier-sind-5-unserer-favoriten\/#breadcrumb"},"inLanguage":"en-US","potentialAction":[{"@type":"ReadAction","target":["https:\/\/www.urlaubcornwall.de\/blog\/kuestenwanderungen-in-suedengland-hier-sind-5-unserer-favoriten\/"]}]},{"@type":"BreadcrumbList","@id":"https:\/\/www.urlaubcornwall.de\/blog\/kuestenwanderungen-in-suedengland-hier-sind-5-unserer-favoriten\/#breadcrumb","itemListElement":[{"@type":"ListItem","position":1,"name":"Home","item":"https:\/\/www.urlaubcornwall.de\/blog\/"},{"@type":"ListItem","position":2,"name":"K\u00fcstenwanderungen in S\u00fcdengland: Hier sind 5 unserer Favoriten."}]}]}},"_links":{"self":[{"href":"https:\/\/www.urlaubcornwall.de\/blog\/wp-json\/wp\/v2\/pages\/24371"}],"collection":[{"href":"https:\/\/www.urlaubcornwall.de\/blog\/wp-json\/wp\/v2\/pages"}],"about":[{"href":"https:\/\/www.urlaubcornwall.de\/blog\/wp-json\/wp\/v2\/types\/page"}],"author":[{"embeddable":true,"href":"https:\/\/www.urlaubcornwall.de\/blog\/wp-json\/wp\/v2\/users\/1"}],"replies":[{"embeddable":true,"href":"https:\/\/www.urlaubcornwall.de\/blog\/wp-json\/wp\/v2\/comments?post=24371"}],"version-history":[{"count":24,"href":"https:\/\/www.urlaubcornwall.de\/blog\/wp-json\/wp\/v2\/pages\/24371\/revisions"}],"predecessor-version":[{"id":50851,"href":"https:\/\/www.urlaubcornwall.de\/blog\/wp-json\/wp\/v2\/pages\/24371\/revisions\/50851"}],"wp:attachment":[{"href":"https:\/\/www.urlaubcornwall.de\/blog\/wp-json\/wp\/v2\/media?parent=24371"}],"curies":[{"name":"wp","href":"https:\/\/api.w.org\/{rel}","templated":true}]}}