{"id":24105,"date":"2016-05-16T13:37:09","date_gmt":"2016-05-16T13:37:09","guid":{"rendered":"https:\/\/www.urlaubcornwall.de\/blog\/?page_id=24105"},"modified":"2024-05-29T12:30:23","modified_gmt":"2024-05-29T12:30:23","slug":"ready-made-urlaub-scilly-inseln","status":"publish","type":"page","link":"https:\/\/www.urlaubcornwall.de\/blog\/ready-made-urlaub-scilly-inseln\/","title":{"rendered":"Ready Made Urlaub Scilly Inseln &#8211; Ein komplettes Reisepaket f\u00fcr die Scilly Inseln"},"content":{"rendered":"<p style=\"text-align: left;\">Die Scilly-Inseln sind Cornwalls bestgeh\u00fctetes Geheimnis; aufgrund ihres milden Klimas, der perfekten Sandstr\u00e4nde und dem t\u00fcrkisblauen Meer werden sie auch die gl\u00fccklichen Inseln (Fortunate Isles) genannt.&nbsp;Die <a href=\"https:\/\/www.urlaubcornwall.de\/Scilly-Inseln.php\">Scilly Inseln<\/a> erwarten Sie mit ihren wei\u00dfen Str\u00e4nden und der subtropischen Flora. Hotels in herrlicher Lage bieten beste M\u00f6glichkeiten zur Erkundung dieser Inselgruppe.<\/p>\n<div class=\"snippet\"> <a class=\"featured-item\" href=\"https:\/\/www.urlaubcornwall.de\/blog\/scilly-islands-kurzreise-packages-4-tage\/\"> <span class=\"image-holder\" style=\"background-image: url('https:\/\/www.urlaubcornwall.de\/blog\/wp-content\/uploads\/2018\/11\/Tresco-urlaub-scilly.jpg');\"><\/span> <span class=\"featured-content\"> \n<h2 class=\"featured-title\">Urlaub auf den Isles of Scilly &#038; Cornwall \u2013 4 Tage<\/h2>\n<p class=\"featured-body\">Das St. Marys Hall Hotel liegt direkt auf der Hauptinsel der Scilly Islands, auf St. Mary. Pers\u00f6nlicher und zuvorkommender Service sowie Liebe zu Detail stehen hier an erster Stelle&#8230;.<\/p>\n<\/span> <span class=\"featured-link-holder\"> <span class=\"featured-extra-info\"> \n<p>Auf Anfrage<\/p>\n<\/span> \n<p class=\"featured-link\">Details<\/p>\n<\/span> <\/a><\/div>\n<div class=\"snippet\"> <a class=\"featured-item\" href=\"https:\/\/www.urlaubcornwall.de\/blog\/scilly-islands-packages-6-tage\/\"> <span class=\"image-holder\" style=\"background-image: url('https:\/\/www.urlaubcornwall.de\/blog\/wp-content\/uploads\/2019\/02\/garten-scilly-isles-urlaub_new.jpg');\"><\/span> <span class=\"featured-content\"> \n<h2 class=\"featured-title\">Urlaub auf den Isles of Scilly &#038; Cornwall \u2013 6 Tage<\/h2>\n<p class=\"featured-body\">Die Scilly Inseln erwarten Sie mit ihren wei\u00dfen Str\u00e4nden und der subtropischen Flora. Hotels in herrlicher Lage bieten beste M\u00f6glichkeiten zur Erkundung dieser Inselgruppe&#8230;<\/p>\n<\/span> <span class=\"featured-link-holder\"> <span class=\"featured-extra-info\"> \n<p>Auf Anfrage<\/p>\n<\/span> \n<p class=\"featured-link\">Details<\/p>\n<\/span> <\/a><\/div>\n<div class=\"snippet\"> <a class=\"featured-item\" href=\"https:\/\/www.urlaubcornwall.de\/blog\/scilly-inseln-suedliches-cornwall-11-tage-tui\/\"> <span class=\"image-holder\" style=\"background-image: url('https:\/\/www.urlaubcornwall.de\/blog\/wp-content\/uploads\/2018\/12\/urlaub_isles_scilly_cornwall.jpg');\"><\/span> <span class=\"featured-content\"> \n<h2 class=\"featured-title\">Isles of Scilly, Cornwall &#038; S\u00fcdwestengland \u2013 13 Tage<\/h2>\n<p class=\"featured-body\">Auf dieser Autoreise erkunden Sie neben den H\u00f6hepunkten Cornwalls auch die einmalig sch\u00f6nen Scilly Islands. Diese besondere Inselgruppe ist autofrei und damit bei Naturfreunden besonders beliebt&#8230;.<\/p>\n<\/span> <span class=\"featured-link-holder\"> <span class=\"featured-extra-info\"> \n<p>Auf Anfrage<\/p>\n<\/span> \n<p class=\"featured-link\">Details<\/p>\n<\/span> <\/a><\/div>\n<div class=\"snippet\"> <a class=\"featured-item\" href=\"https:\/\/www.urlaubcornwall.de\/gruppenanfrage.php\"> <span class=\"image-holder\" style=\"background-image: url('https:\/\/www.urlaubcornwall.de\/blog\/wp-content\/uploads\/2019\/03\/gruppenreisen-scilly.jpg');\"><\/span> <span class=\"featured-content\"> \n<h2 class=\"featured-title\">Ma\u00dfgeschneiderte Gruppenreisen auf den Scilly Inseln<\/h2>\n<p class=\"featured-body\">Jede Insel ist einzigartig und bietet ihre eigenen Sehensw\u00fcrdigkeiten und Aktivit\u00e4ten, allen Scilly-Inseln gemeinsam ist jedoch das klare blaue Meer, die unber\u00fchrten Str\u00e4nde und die unglaublichen Panoramablicke&#8230;.<\/p>\n<\/span> <span class=\"featured-link-holder\"> <span class=\"featured-extra-info\"> \n<p>Touren ab 6 Personen<\/p>\n<\/span> \n<p class=\"featured-link\">Gruppenanfrage<\/p>\n<\/span> <\/a><\/div>\n<p><script async src=\"https:\/\/pagead2.googlesyndication.com\/pagead\/js\/adsbygoogle.js?client=ca-pub-3901089389175725\"\n     crossorigin=\"anonymous\"><\/script><br \/>\n<!-- New UC --><br \/>\n<ins class=\"adsbygoogle\"\n     style=\"display:block\"\n     data-ad-client=\"ca-pub-3901089389175725\"\n     data-ad-slot=\"8080314818\"\n     data-ad-format=\"auto\"\n     data-full-width-responsive=\"true\"><\/ins><br \/>\n<script>\n     (adsbygoogle = window.adsbygoogle || []).push({});\n<\/script><\/p>\n<p style=\"text-align: center;\">Der<strong> EINZIGE <\/strong>Deutsch sprechende Reiseservice f\u00fcr die Scilly-Inseln.<\/p>\n<p style=\"text-align: center;\"><a class=\"tidycta\" href=\"http:\/\/www.urlaubcornwall.de\/anfrage.php?tourcode=Scilly Inseln\">Scilly Inseln Anfrage<\/a><\/p>\n","protected":false},"excerpt":{"rendered":"<p>Die Scilly-Inseln sind Cornwalls bestgeh\u00fctetes Geheimnis; aufgrund ihres milden Klimas, der perfekten Sandstr\u00e4nde und dem t\u00fcrkisblauen Meer werden sie auch die gl\u00fccklichen Inseln (Fortunate Isles) genannt.&nbsp;Die Scilly Inseln erwarten Sie mit ihren wei\u00dfen Str\u00e4nden und der subtropischen Flora. Hotels in herrlicher Lage bieten beste M\u00f6glichkeiten zur Erkundung dieser Inselgruppe. Urlaub auf den Isles of Scilly [&hellip;]<\/p>\n","protected":false},"author":1,"featured_media":0,"parent":0,"menu_order":0,"comment_status":"closed","ping_status":"closed","template":"single-four.php","meta":[],"acf":[],"yoast_head":"<!-- This site is optimized with the Yoast SEO plugin v19.4 - https:\/\/yoast.com\/wordpress\/plugins\/seo\/ -->\n<title>Ready Made Urlaub Scilly Inseln - Ein komplettes Reisepaket f\u00fcr die Scilly Inseln - Urlaub &amp; Reisen<\/title>\n<meta name=\"robots\" content=\"index, follow, max-snippet:-1, max-image-preview:large, max-video-preview:-1\" \/>\n<link rel=\"canonical\" href=\"https:\/\/www.urlaubcornwall.de\/blog\/ready-made-urlaub-scilly-inseln\/\" \/>\n<meta property=\"og:locale\" content=\"en_US\" \/>\n<meta property=\"og:type\" content=\"article\" \/>\n<meta property=\"og:title\" content=\"Ready Made Urlaub Scilly Inseln - Ein komplettes Reisepaket f\u00fcr die Scilly Inseln - Urlaub &amp; Reisen\" \/>\n<meta property=\"og:description\" content=\"Die Scilly-Inseln sind Cornwalls bestgeh\u00fctetes Geheimnis; aufgrund ihres milden Klimas, der perfekten Sandstr\u00e4nde und dem t\u00fcrkisblauen Meer werden sie auch die gl\u00fccklichen Inseln (Fortunate Isles) genannt.&nbsp;Die Scilly Inseln erwarten Sie mit ihren wei\u00dfen Str\u00e4nden und der subtropischen Flora. Hotels in herrlicher Lage bieten beste M\u00f6glichkeiten zur Erkundung dieser Inselgruppe. Urlaub auf den Isles of Scilly [&hellip;]\" \/>\n<meta property=\"og:url\" content=\"https:\/\/www.urlaubcornwall.de\/blog\/ready-made-urlaub-scilly-inseln\/\" \/>\n<meta property=\"og:site_name\" content=\"Urlaub &amp; Reisen\" \/>\n<meta property=\"article:modified_time\" content=\"2024-05-29T12:30:23+00:00\" \/>\n<meta name=\"twitter:card\" content=\"summary\" \/>\n<meta name=\"twitter:label1\" content=\"Est. reading time\" \/>\n\t<meta name=\"twitter:data1\" content=\"1 minute\" \/>\n<script type=\"application\/ld+json\" class=\"yoast-schema-graph\">{\"@context\":\"https:\/\/schema.org\",\"@graph\":[{\"@type\":\"WebSite\",\"@id\":\"https:\/\/www.urlaubcornwall.de\/blog\/#website\",\"url\":\"https:\/\/www.urlaubcornwall.de\/blog\/\",\"name\":\"Urlaub &amp; Reisen\",\"description\":\"Urlaub, Reisen, Cornwall und S\u00fcdengland: eine perfekte Kombination\",\"potentialAction\":[{\"@type\":\"SearchAction\",\"target\":{\"@type\":\"EntryPoint\",\"urlTemplate\":\"https:\/\/www.urlaubcornwall.de\/blog\/?s={search_term_string}\"},\"query-input\":\"required name=search_term_string\"}],\"inLanguage\":\"en-US\"},{\"@type\":\"WebPage\",\"@id\":\"https:\/\/www.urlaubcornwall.de\/blog\/ready-made-urlaub-scilly-inseln\/\",\"url\":\"https:\/\/www.urlaubcornwall.de\/blog\/ready-made-urlaub-scilly-inseln\/\",\"name\":\"Ready Made Urlaub Scilly Inseln - Ein komplettes Reisepaket f\u00fcr die Scilly Inseln - Urlaub &amp; Reisen\",\"isPartOf\":{\"@id\":\"https:\/\/www.urlaubcornwall.de\/blog\/#website\"},\"datePublished\":\"2016-05-16T13:37:09+00:00\",\"dateModified\":\"2024-05-29T12:30:23+00:00\",\"breadcrumb\":{\"@id\":\"https:\/\/www.urlaubcornwall.de\/blog\/ready-made-urlaub-scilly-inseln\/#breadcrumb\"},\"inLanguage\":\"en-US\",\"potentialAction\":[{\"@type\":\"ReadAction\",\"target\":[\"https:\/\/www.urlaubcornwall.de\/blog\/ready-made-urlaub-scilly-inseln\/\"]}]},{\"@type\":\"BreadcrumbList\",\"@id\":\"https:\/\/www.urlaubcornwall.de\/blog\/ready-made-urlaub-scilly-inseln\/#breadcrumb\",\"itemListElement\":[{\"@type\":\"ListItem\",\"position\":1,\"name\":\"Home\",\"item\":\"https:\/\/www.urlaubcornwall.de\/blog\/\"},{\"@type\":\"ListItem\",\"position\":2,\"name\":\"Ready Made Urlaub Scilly Inseln &#8211; Ein komplettes Reisepaket f\u00fcr die Scilly Inseln\"}]}]}<\/script>\n<!-- \/ Yoast SEO plugin. -->","yoast_head_json":{"title":"Ready Made Urlaub Scilly Inseln - Ein komplettes Reisepaket f\u00fcr die Scilly Inseln - Urlaub &amp; Reisen","robots":{"index":"index","follow":"follow","max-snippet":"max-snippet:-1","max-image-preview":"max-image-preview:large","max-video-preview":"max-video-preview:-1"},"canonical":"https:\/\/www.urlaubcornwall.de\/blog\/ready-made-urlaub-scilly-inseln\/","og_locale":"en_US","og_type":"article","og_title":"Ready Made Urlaub Scilly Inseln - Ein komplettes Reisepaket f\u00fcr die Scilly Inseln - Urlaub &amp; Reisen","og_description":"Die Scilly-Inseln sind Cornwalls bestgeh\u00fctetes Geheimnis; aufgrund ihres milden Klimas, der perfekten Sandstr\u00e4nde und dem t\u00fcrkisblauen Meer werden sie auch die gl\u00fccklichen Inseln (Fortunate Isles) genannt.&nbsp;Die Scilly Inseln erwarten Sie mit ihren wei\u00dfen Str\u00e4nden und der subtropischen Flora. Hotels in herrlicher Lage bieten beste M\u00f6glichkeiten zur Erkundung dieser Inselgruppe. Urlaub auf den Isles of Scilly [&hellip;]","og_url":"https:\/\/www.urlaubcornwall.de\/blog\/ready-made-urlaub-scilly-inseln\/","og_site_name":"Urlaub &amp; Reisen","article_modified_time":"2024-05-29T12:30:23+00:00","twitter_card":"summary","twitter_misc":{"Est. reading time":"1 minute"},"schema":{"@context":"https:\/\/schema.org","@graph":[{"@type":"WebSite","@id":"https:\/\/www.urlaubcornwall.de\/blog\/#website","url":"https:\/\/www.urlaubcornwall.de\/blog\/","name":"Urlaub &amp; Reisen","description":"Urlaub, Reisen, Cornwall und S\u00fcdengland: eine perfekte Kombination","potentialAction":[{"@type":"SearchAction","target":{"@type":"EntryPoint","urlTemplate":"https:\/\/www.urlaubcornwall.de\/blog\/?s={search_term_string}"},"query-input":"required name=search_term_string"}],"inLanguage":"en-US"},{"@type":"WebPage","@id":"https:\/\/www.urlaubcornwall.de\/blog\/ready-made-urlaub-scilly-inseln\/","url":"https:\/\/www.urlaubcornwall.de\/blog\/ready-made-urlaub-scilly-inseln\/","name":"Ready Made Urlaub Scilly Inseln - Ein komplettes Reisepaket f\u00fcr die Scilly Inseln - Urlaub &amp; Reisen","isPartOf":{"@id":"https:\/\/www.urlaubcornwall.de\/blog\/#website"},"datePublished":"2016-05-16T13:37:09+00:00","dateModified":"2024-05-29T12:30:23+00:00","breadcrumb":{"@id":"https:\/\/www.urlaubcornwall.de\/blog\/ready-made-urlaub-scilly-inseln\/#breadcrumb"},"inLanguage":"en-US","potentialAction":[{"@type":"ReadAction","target":["https:\/\/www.urlaubcornwall.de\/blog\/ready-made-urlaub-scilly-inseln\/"]}]},{"@type":"BreadcrumbList","@id":"https:\/\/www.urlaubcornwall.de\/blog\/ready-made-urlaub-scilly-inseln\/#breadcrumb","itemListElement":[{"@type":"ListItem","position":1,"name":"Home","item":"https:\/\/www.urlaubcornwall.de\/blog\/"},{"@type":"ListItem","position":2,"name":"Ready Made Urlaub Scilly Inseln &#8211; Ein komplettes Reisepaket f\u00fcr die Scilly Inseln"}]}]}},"_links":{"self":[{"href":"https:\/\/www.urlaubcornwall.de\/blog\/wp-json\/wp\/v2\/pages\/24105"}],"collection":[{"href":"https:\/\/www.urlaubcornwall.de\/blog\/wp-json\/wp\/v2\/pages"}],"about":[{"href":"https:\/\/www.urlaubcornwall.de\/blog\/wp-json\/wp\/v2\/types\/page"}],"author":[{"embeddable":true,"href":"https:\/\/www.urlaubcornwall.de\/blog\/wp-json\/wp\/v2\/users\/1"}],"replies":[{"embeddable":true,"href":"https:\/\/www.urlaubcornwall.de\/blog\/wp-json\/wp\/v2\/comments?post=24105"}],"version-history":[{"count":62,"href":"https:\/\/www.urlaubcornwall.de\/blog\/wp-json\/wp\/v2\/pages\/24105\/revisions"}],"predecessor-version":[{"id":50657,"href":"https:\/\/www.urlaubcornwall.de\/blog\/wp-json\/wp\/v2\/pages\/24105\/revisions\/50657"}],"wp:attachment":[{"href":"https:\/\/www.urlaubcornwall.de\/blog\/wp-json\/wp\/v2\/media?parent=24105"}],"curies":[{"name":"wp","href":"https:\/\/api.w.org\/{rel}","templated":true}]}}