{"id":24025,"date":"2016-05-13T09:27:55","date_gmt":"2016-05-13T09:27:55","guid":{"rendered":"https:\/\/www.urlaubcornwall.de\/blog\/?page_id=24025"},"modified":"2026-01-06T20:23:42","modified_gmt":"2026-01-06T20:23:42","slug":"historische-haeuser-verstecktes-cornwall","status":"publish","type":"page","link":"https:\/\/www.urlaubcornwall.de\/blog\/historische-haeuser-verstecktes-cornwall\/","title":{"rendered":"Historische H\u00e4user: Die besten Herrenh\u00e4user im Cornwalls"},"content":{"rendered":"<p>Als Teil von <a href=\"http:\/\/www.urlaubcornwall.de\/reiseziel\/cornwall.php\">UrlaubCornwalls<\/a> einzigartigem F\u00fchrer bez\u00fcglich des \u201eVersteckten Cornwalls\u201c, finden Sie hier unsere Favoriten, die etwas weniger bekannten historischen H\u00e4user\u00a0in Cornwall. Wir sind der \u00dcberzeugung, dass diese Sehensw\u00fcrdigkeiten w\u00e4hrend Ihres Urlaubs oder Ihrer Rundreise absolut eines Besuches wert sind.<\/p>\n<p><strong>Historisches Haus und Gut Godolphin<\/strong><\/p>\n<p><img loading=\"lazy\" class=\"aligncenter size-full wp-image-24026\" src=\"https:\/\/www.urlaubcornwall.de\/blog\/wp-content\/uploads\/2016\/05\/Godolphin_House.jpg\" alt=\"Godolphin_House\" width=\"748\" height=\"403\" \/><\/p>\n<p style=\"text-align: right;\"><em>\u00a9National Trust<\/em><\/p>\n<p>Godolphin ist ein Haus und Landgut des 16. Jahrhunderts, einst das Zuhause der Godolphin Familie, die durch den Bergbau zu Reichtum kam. Im 17. Jahrhundert war es eines der modernsten H\u00e4user in Cornwall. Es befindet sich bei Helston, und einer der besten Blicke in Cornwall bietet sich vom Godolphin H\u00fcgel aus nach Norden hin, hin\u00fcber zur St Ives Bucht und Richtung S\u00fcden zum St Michaels Mount hin. Das Haus, das sich nun im Besitz des National Trust befindet, ist nicht mehr vollst\u00e4ndig, doch ist es herrlich, durch das alte und atmosph\u00e4rische Gut zu spazieren mit seinem Mauergarten aus dem 16. Jahrhundert und friedlichem Wald. Godolphin hat das ganze Jahr \u00fcber t\u00e4glich ge\u00f6ffnet.<\/p>\n<p><strong>Port Eliot<\/strong><\/p>\n<p><img loading=\"lazy\" class=\"aligncenter size-full wp-image-24029\" src=\"https:\/\/www.urlaubcornwall.de\/blog\/wp-content\/uploads\/2016\/05\/port-eliot.jpg\" alt=\"port eliot\" width=\"744\" height=\"332\" srcset=\"https:\/\/www.urlaubcornwall.de\/blog\/wp-content\/uploads\/2016\/05\/port-eliot.jpg 744w, https:\/\/www.urlaubcornwall.de\/blog\/wp-content\/uploads\/2016\/05\/port-eliot-300x134.jpg 300w\" sizes=\"(max-width: 744px) 100vw, 744px\" \/><\/p>\n<p style=\"text-align: right;\"><em>\u00a9Port Eliot<\/em><\/p>\n<p><a href=\"https:\/\/www.urlaubcornwall.de\/blog\/port-eliot-historisches-und-malerisches-herrenhaus-mit-gaerten-versteckt-inmitten-der-kornischen-landschaft\/\">Port Eliot<\/a> ist ein denkmalgesch\u00fctztes Haus und ein denkmalsgesch\u00fctzter Park und Garten in der N\u00e4he des Dorfes <a href=\"https:\/\/www.urlaubcornwall.de\/ferienhaeuser-fewos\/st-germans.html\">St Germans auf der Rame Halbinsel<\/a> im S\u00fcdosten Cornwalls. Das Haus ist das Zuhause von Lord und Lady St Germans, ist seit mehr als 1000 Jahren bewohnt und soll der \u00e4lteste ununterbrochen bewohnte Wohnsitz im Vereinigten K\u00f6nigreich sein. Das Haus ist unvergleichbar mit 11 Treppen, 15 Hintert\u00fcren und 82 Kaminen. Haus und Garten sind von Februar bis Ende Juni der \u00d6ffentlichkeit zug\u00e4nglich, samstags jedoch geschlossen.<\/p>\n<p>Angeleinte Hunde sind auf dem Grundst\u00fcck willkommen. Ende Juli jeden Jahres findet das Port Eliot Festival statt, ein viert\u00e4giges Fest der Musik, Literatur, Mode, Speisen und Unterhaltung. Sie k\u00f6nnen ganz entspannt im 6000 Ar gro\u00dfen wundersch\u00f6nen Park campen.<\/p>\n<p><strong>Pencarrow<\/strong><\/p>\n<p>Pencarrow House liegt zwischen Bodmin und Wadebridge. Dieses weitestgehend georgianische Herrenhaus befindet sich noch immer im Besitz der Nachkommen der Familie, die sich hier in den 1500ern niedergelassen hat. Das Haus hat viele feine Besonderheiten und auch eine edle Gem\u00e4ldesammlung, einschlie\u00dflich der Familienportr\u00e4ts von Sir Joshua Reynolds. Die magische Atmosph\u00e4re des Hauses trug dazu bei, dass es als Drehort f\u00fcr zahlreiche Verfilmungen und Fernsehprogramme benutzt wurde, einschlie\u00dflich der Rosamunde Pilcher Geschichten \u201edas rote Kleid\u201c und \u201edas Wochenende\u201c. Die G\u00e4rten sind eine Mischung aus formalem Landschaftsbau und Waldwegen. Sie sind das ganze Jahr \u00fcber herrlich.<\/p>\n<div class=\"snippet\"> <a class=\"featured-item\" href=\"https:\/\/www.urlaubcornwall.de\/ferienhaeuser\/cornwall.php\"> <span class=\"image-holder\" style=\"background-image: url('https:\/\/www.urlaubcornwall.de\/blog\/wp-content\/uploads\/2018\/12\/ferienhaus-cornwall-mit-hund.jpg');\"><\/span> <span class=\"featured-content\"> \n<h2 class=\"featured-title\">Ferienh\u00e4user in Cornwall<\/h2>\n<p class=\"featured-body\">Cornwall besitzt mehr K\u00fcstenlinien als jede andere Grafschaft und bietet einige der besten Str\u00e4nde, K\u00fcstenwanderwege und Klippenlandschaften, die man \u00fcberhaupt finden kann&#8230; <\/p><\/span> <span class=\"featured-link-holder\"> <span class=\"featured-extra-info\"> \n<p>F\u00fcr Paare, Familien &#038; Gruppen<\/p>\n<\/span> \n<p class=\"featured-link\">DETAILS<\/p>\n<\/span> <\/a><\/div>\n<p>Das Haus ist von M\u00e4rz bis Ende September sonntags bis donnerstags ge\u00f6ffnet (freitags und samstags geschlossen); eine gef\u00fchrte Tour dauert ungef\u00e4hr 1 Stunde. Die G\u00e4rten sind von M\u00e4rz bis Ende Oktober t\u00e4glich von 10 bis 17 Uhr ge\u00f6ffnet. Angeleinte Hunde sind willkommen.<\/p>\n<p><strong>Bosvathick House<\/strong><\/p>\n<p>Bosvathick ist ein kleines Gut in Privatbesitz in Constantine bei <a href=\"https:\/\/www.urlaubcornwall.de\/ferienhaeuser-fewos\/falmouth.html\">Falmouth<\/a>. Das Gut ist seit 1760 im Besitz derselben Familie. Dieses wundersch\u00f6ne Haus und die G\u00e4rten k\u00f6nnen von Ende M\u00e4rz bis Ende August besucht werden. Wie viele cornische G\u00e4rten hat Bosvathick <a href=\"https:\/\/www.urlaubcornwall.de\/gartenreise.php\">Rhododendren, Camelien, Magnolien und Azaleen<\/a>, sowie mehr als 30 verschiedene Rosenarten. Angeleinte Hunde sind willkommen. Gef\u00fchrte Touren durchs Haus finden den Sommer \u00fcber an Mittwoch und Donnerstag Nachmittagen statt. Eine F\u00fchrung dauert ungef\u00e4hr 2 Stunden und vermittelt Ihnen einen Einblick ins Leben der Familie und die Geschichten der Generationen, die hier lebten. Die F\u00fchrung endet mit einem k\u00f6stlichen Cream Tea und Kuchen im Esszimmer. Die Tour muss im Voraus gebucht werden und kostet \u00a317 pro Person, einschlie\u00dflich des Nachmittagskaffees.<\/p>\n<p><strong>Trereife House<\/strong><\/p>\n<p>Trereife House (ausgesprochen Trief) liegt westlich von Penzance mit Blick \u00fcber die Mounts Bucht hin zum St Michaels Mount. Teile des Hauses reichen zur\u00fcck in elisabethanische Zeiten, und dieses wundersch\u00f6ne cornische Herrenhaus ist seit 7 Generationen in derselben Familie. Haus und G\u00e4rten sind an bestimmten Tagen von April bis Ende Oktober ge\u00f6ffnet. Es gibt sowohl F\u00fchrungen durch das Haus und die G\u00e4rten als auch Veranstaltungen, wie Kunsthandwerksmessen und Feinschmeckerfeste.<\/p>\n<p><strong>Antony House<\/strong><\/p>\n<p><img loading=\"lazy\" class=\"aligncenter size-full wp-image-24031\" src=\"https:\/\/www.urlaubcornwall.de\/blog\/wp-content\/uploads\/2016\/05\/anthony-house-nt.jpg\" alt=\"anthony house-nt\" width=\"744\" height=\"327\" srcset=\"https:\/\/www.urlaubcornwall.de\/blog\/wp-content\/uploads\/2016\/05\/anthony-house-nt.jpg 744w, https:\/\/www.urlaubcornwall.de\/blog\/wp-content\/uploads\/2016\/05\/anthony-house-nt-300x132.jpg 300w\" sizes=\"(max-width: 744px) 100vw, 744px\" \/><\/p>\n<p style=\"text-align: right;\"><em>\u00a9National Trust<\/em><\/p>\n<p>Antony House ist ein herrliches Herrenhaus innerhalb von 25 Ar Landschaftsg\u00e4rten und Park gelegen. Es befindet sich bei Torpoint mit Blick \u00fcber den Fluss Lynher. Das Haus, das vom National Trust betrieben wird, ist noch immer das Zuhause der Carew Pole Familie, die seit Hunderten von Jahren hier lebt.<\/p>\n<p>Das Haus beherbergt eine feine Sammlung an Gem\u00e4lden, M\u00f6beln und Textilien, einschlie\u00dflich Portr\u00e4ts von Sir Joshua Reynolds. Haus und G\u00e4rten waren Drehort f\u00fcr Tim Burtons Alice im Wunderland, sowie zahlreicher Rosamunde Pilcher Geschichten. Haus und G\u00e4rten sind nachmittags von Ende M\u00e4rz bis Ende Oktober dienstags, mittwochs und donnerstags ge\u00f6ffnet und von Juni bis August auch sonntags.<\/p>\n<p>Lassen Sie uns dabei behilflich sein, das geheime Cornwall zu entdecken. Wir stellen <a href=\"https:\/\/www.urlaubcornwall.de\/blog\/rundreise-durch-cornwall-and-suedenengland-2013\/\">individuelle Rundreisen<\/a> f\u00fcr Reisende zusammen, die mehr aus ihrem Urlaub in Cornwall und S\u00fcdengland machen wollen. N\u00e4here Informationen dazu <a href=\"http:\/\/www.urlaubcornwall.de\/reiseziel\/cornwall.php\"><span style=\"text-decoration: underline;\">finden Sie hier<\/span>.<\/a><\/p>\n<p><iframe loading=\"lazy\" src=\"https:\/\/www.google.com\/maps\/d\/u\/0\/embed?mid=1DNvsm2BIh1sNXCO2OwCpqrSMujU\" width=\"640\" height=\"480\"><\/iframe><\/p>\n","protected":false},"excerpt":{"rendered":"<p>Als Teil von UrlaubCornwalls einzigartigem F\u00fchrer bez\u00fcglich des \u201eVersteckten Cornwalls\u201c, finden Sie hier unsere Favoriten, die etwas weniger bekannten historischen H\u00e4user\u00a0in Cornwall. Wir sind der \u00dcberzeugung, dass diese Sehensw\u00fcrdigkeiten w\u00e4hrend Ihres Urlaubs oder Ihrer Rundreise absolut eines Besuches wert sind. Historisches Haus und Gut Godolphin \u00a9National Trust Godolphin ist ein Haus und Landgut des 16. [&hellip;]<\/p>\n","protected":false},"author":1,"featured_media":0,"parent":0,"menu_order":0,"comment_status":"closed","ping_status":"closed","template":"single-four.php","meta":[],"acf":[],"yoast_head":"<!-- This site is optimized with the Yoast SEO plugin v19.4 - https:\/\/yoast.com\/wordpress\/plugins\/seo\/ -->\n<title>Historische H\u00e4user: Die besten Herrenh\u00e4user im Cornwalls - Urlaub &amp; Reisen<\/title>\n<meta name=\"robots\" content=\"index, follow, max-snippet:-1, max-image-preview:large, max-video-preview:-1\" \/>\n<link rel=\"canonical\" href=\"https:\/\/www.urlaubcornwall.de\/blog\/historische-haeuser-verstecktes-cornwall\/\" \/>\n<meta property=\"og:locale\" content=\"en_US\" \/>\n<meta property=\"og:type\" content=\"article\" \/>\n<meta property=\"og:title\" content=\"Historische H\u00e4user: Die besten Herrenh\u00e4user im Cornwalls - Urlaub &amp; Reisen\" \/>\n<meta property=\"og:description\" content=\"Als Teil von UrlaubCornwalls einzigartigem F\u00fchrer bez\u00fcglich des \u201eVersteckten Cornwalls\u201c, finden Sie hier unsere Favoriten, die etwas weniger bekannten historischen H\u00e4user\u00a0in Cornwall. Wir sind der \u00dcberzeugung, dass diese Sehensw\u00fcrdigkeiten w\u00e4hrend Ihres Urlaubs oder Ihrer Rundreise absolut eines Besuches wert sind. Historisches Haus und Gut Godolphin \u00a9National Trust Godolphin ist ein Haus und Landgut des 16. [&hellip;]\" \/>\n<meta property=\"og:url\" content=\"https:\/\/www.urlaubcornwall.de\/blog\/historische-haeuser-verstecktes-cornwall\/\" \/>\n<meta property=\"og:site_name\" content=\"Urlaub &amp; Reisen\" \/>\n<meta property=\"article:modified_time\" content=\"2026-01-06T20:23:42+00:00\" \/>\n<meta property=\"og:image\" content=\"https:\/\/www.urlaubcornwall.de\/blog\/wp-content\/uploads\/2016\/05\/Godolphin_House.jpg\" \/>\n<meta name=\"twitter:card\" content=\"summary\" \/>\n<meta name=\"twitter:label1\" content=\"Est. reading time\" \/>\n\t<meta name=\"twitter:data1\" content=\"5 minutes\" \/>\n<script type=\"application\/ld+json\" class=\"yoast-schema-graph\">{\"@context\":\"https:\/\/schema.org\",\"@graph\":[{\"@type\":\"WebSite\",\"@id\":\"https:\/\/www.urlaubcornwall.de\/blog\/#website\",\"url\":\"https:\/\/www.urlaubcornwall.de\/blog\/\",\"name\":\"Urlaub &amp; Reisen\",\"description\":\"Urlaub, Reisen, Cornwall und S\u00fcdengland: eine perfekte Kombination\",\"potentialAction\":[{\"@type\":\"SearchAction\",\"target\":{\"@type\":\"EntryPoint\",\"urlTemplate\":\"https:\/\/www.urlaubcornwall.de\/blog\/?s={search_term_string}\"},\"query-input\":\"required name=search_term_string\"}],\"inLanguage\":\"en-US\"},{\"@type\":\"WebPage\",\"@id\":\"https:\/\/www.urlaubcornwall.de\/blog\/historische-haeuser-verstecktes-cornwall\/\",\"url\":\"https:\/\/www.urlaubcornwall.de\/blog\/historische-haeuser-verstecktes-cornwall\/\",\"name\":\"Historische H\u00e4user: Die besten Herrenh\u00e4user im Cornwalls - Urlaub &amp; Reisen\",\"isPartOf\":{\"@id\":\"https:\/\/www.urlaubcornwall.de\/blog\/#website\"},\"datePublished\":\"2016-05-13T09:27:55+00:00\",\"dateModified\":\"2026-01-06T20:23:42+00:00\",\"breadcrumb\":{\"@id\":\"https:\/\/www.urlaubcornwall.de\/blog\/historische-haeuser-verstecktes-cornwall\/#breadcrumb\"},\"inLanguage\":\"en-US\",\"potentialAction\":[{\"@type\":\"ReadAction\",\"target\":[\"https:\/\/www.urlaubcornwall.de\/blog\/historische-haeuser-verstecktes-cornwall\/\"]}]},{\"@type\":\"BreadcrumbList\",\"@id\":\"https:\/\/www.urlaubcornwall.de\/blog\/historische-haeuser-verstecktes-cornwall\/#breadcrumb\",\"itemListElement\":[{\"@type\":\"ListItem\",\"position\":1,\"name\":\"Home\",\"item\":\"https:\/\/www.urlaubcornwall.de\/blog\/\"},{\"@type\":\"ListItem\",\"position\":2,\"name\":\"Historische H\u00e4user: Die besten Herrenh\u00e4user im Cornwalls\"}]}]}<\/script>\n<!-- \/ Yoast SEO plugin. -->","yoast_head_json":{"title":"Historische H\u00e4user: Die besten Herrenh\u00e4user im Cornwalls - Urlaub &amp; Reisen","robots":{"index":"index","follow":"follow","max-snippet":"max-snippet:-1","max-image-preview":"max-image-preview:large","max-video-preview":"max-video-preview:-1"},"canonical":"https:\/\/www.urlaubcornwall.de\/blog\/historische-haeuser-verstecktes-cornwall\/","og_locale":"en_US","og_type":"article","og_title":"Historische H\u00e4user: Die besten Herrenh\u00e4user im Cornwalls - Urlaub &amp; Reisen","og_description":"Als Teil von UrlaubCornwalls einzigartigem F\u00fchrer bez\u00fcglich des \u201eVersteckten Cornwalls\u201c, finden Sie hier unsere Favoriten, die etwas weniger bekannten historischen H\u00e4user\u00a0in Cornwall. Wir sind der \u00dcberzeugung, dass diese Sehensw\u00fcrdigkeiten w\u00e4hrend Ihres Urlaubs oder Ihrer Rundreise absolut eines Besuches wert sind. Historisches Haus und Gut Godolphin \u00a9National Trust Godolphin ist ein Haus und Landgut des 16. [&hellip;]","og_url":"https:\/\/www.urlaubcornwall.de\/blog\/historische-haeuser-verstecktes-cornwall\/","og_site_name":"Urlaub &amp; Reisen","article_modified_time":"2026-01-06T20:23:42+00:00","og_image":[{"url":"https:\/\/www.urlaubcornwall.de\/blog\/wp-content\/uploads\/2016\/05\/Godolphin_House.jpg"}],"twitter_card":"summary","twitter_misc":{"Est. reading time":"5 minutes"},"schema":{"@context":"https:\/\/schema.org","@graph":[{"@type":"WebSite","@id":"https:\/\/www.urlaubcornwall.de\/blog\/#website","url":"https:\/\/www.urlaubcornwall.de\/blog\/","name":"Urlaub &amp; Reisen","description":"Urlaub, Reisen, Cornwall und S\u00fcdengland: eine perfekte Kombination","potentialAction":[{"@type":"SearchAction","target":{"@type":"EntryPoint","urlTemplate":"https:\/\/www.urlaubcornwall.de\/blog\/?s={search_term_string}"},"query-input":"required name=search_term_string"}],"inLanguage":"en-US"},{"@type":"WebPage","@id":"https:\/\/www.urlaubcornwall.de\/blog\/historische-haeuser-verstecktes-cornwall\/","url":"https:\/\/www.urlaubcornwall.de\/blog\/historische-haeuser-verstecktes-cornwall\/","name":"Historische H\u00e4user: Die besten Herrenh\u00e4user im Cornwalls - Urlaub &amp; Reisen","isPartOf":{"@id":"https:\/\/www.urlaubcornwall.de\/blog\/#website"},"datePublished":"2016-05-13T09:27:55+00:00","dateModified":"2026-01-06T20:23:42+00:00","breadcrumb":{"@id":"https:\/\/www.urlaubcornwall.de\/blog\/historische-haeuser-verstecktes-cornwall\/#breadcrumb"},"inLanguage":"en-US","potentialAction":[{"@type":"ReadAction","target":["https:\/\/www.urlaubcornwall.de\/blog\/historische-haeuser-verstecktes-cornwall\/"]}]},{"@type":"BreadcrumbList","@id":"https:\/\/www.urlaubcornwall.de\/blog\/historische-haeuser-verstecktes-cornwall\/#breadcrumb","itemListElement":[{"@type":"ListItem","position":1,"name":"Home","item":"https:\/\/www.urlaubcornwall.de\/blog\/"},{"@type":"ListItem","position":2,"name":"Historische H\u00e4user: Die besten Herrenh\u00e4user im Cornwalls"}]}]}},"_links":{"self":[{"href":"https:\/\/www.urlaubcornwall.de\/blog\/wp-json\/wp\/v2\/pages\/24025"}],"collection":[{"href":"https:\/\/www.urlaubcornwall.de\/blog\/wp-json\/wp\/v2\/pages"}],"about":[{"href":"https:\/\/www.urlaubcornwall.de\/blog\/wp-json\/wp\/v2\/types\/page"}],"author":[{"embeddable":true,"href":"https:\/\/www.urlaubcornwall.de\/blog\/wp-json\/wp\/v2\/users\/1"}],"replies":[{"embeddable":true,"href":"https:\/\/www.urlaubcornwall.de\/blog\/wp-json\/wp\/v2\/comments?post=24025"}],"version-history":[{"count":21,"href":"https:\/\/www.urlaubcornwall.de\/blog\/wp-json\/wp\/v2\/pages\/24025\/revisions"}],"predecessor-version":[{"id":51993,"href":"https:\/\/www.urlaubcornwall.de\/blog\/wp-json\/wp\/v2\/pages\/24025\/revisions\/51993"}],"wp:attachment":[{"href":"https:\/\/www.urlaubcornwall.de\/blog\/wp-json\/wp\/v2\/media?parent=24025"}],"curies":[{"name":"wp","href":"https:\/\/api.w.org\/{rel}","templated":true}]}}