{"id":24011,"date":"2016-05-10T13:30:32","date_gmt":"2016-05-10T13:30:32","guid":{"rendered":"https:\/\/www.urlaubcornwall.de\/blog\/?page_id=24011"},"modified":"2024-04-15T15:38:19","modified_gmt":"2024-04-15T15:38:19","slug":"cornwalls-beste-geheime-restaurants","status":"publish","type":"page","link":"https:\/\/www.urlaubcornwall.de\/blog\/cornwalls-beste-geheime-restaurants\/","title":{"rendered":"Cornwalls beste geheime Restaurants."},"content":{"rendered":"<p>Cornwall ist auch bekannt f\u00fcr seine herrlichen Meeresspeisen und Restaurants. Es ist tats\u00e4chlich eine der Top Urlaubsregionen des K\u00f6nigreichs f\u00fcr Feinschmecker. Es gibt hier weniger bekannte Restaurantketten. Daher bl\u00fchen kleine unabh\u00e4ngige Unternehmen in den St\u00e4dten und Fischerd\u00f6rfern. Mit Firmensitz in <a href=\"http:\/\/www.urlaubcornwall.de\/reiseziel\/cornwall.php\">Cornwall<\/a> haben wir eine Liste unserer 5 Lieblingsrestaurants und Kneipen zusammengestellt, die weniger bekannt sind und doch in einzigartiger Lage feine Speisen aus \u00f6rtlichem Anbau bieten.<\/p>\n<p><img loading=\"lazy\" class=\"aligncenter size-full wp-image-24014\" src=\"https:\/\/www.urlaubcornwall.de\/blog\/wp-content\/uploads\/2016\/05\/schoene-Blick-in-Cornwall.jpg\" alt=\"restaurant mit schoene Blick in Cornwall\" width=\"749\" height=\"366\" \/><\/p>\n<p><strong>Der Pandora Inn<\/strong> &#8211; Der <a href=\"http:\/\/www.pandorainn.com\/\" rel=\"nofollow\">Pandora Inn<\/a> befindet sich in herrlicher Lage am Restronguet Wasserlauf bei <a href=\"https:\/\/www.urlaubcornwall.de\/ferienhaeuser-fewos\/mylor.html\">Mylor<\/a>, reicht zur\u00fcck ins 13. Jahrhundert und besticht mit seinem Charme und reetgedecktem Dach, niederen Balkendecken und gepflasterten B\u00f6den. Bei k\u00fchlem Wetter k\u00f6nnen Sie um loderndes Feuer herum sitzen, oder wenn die Sonne scheint, den Blick vom Ponton aus genie\u00dfen. Speisen werden den ganzen Tag \u00fcber serviert, von 10.30 Uhr bis 21.30 Uhr, preisgekr\u00f6nte Speisen \u00f6rtlicher Anbauer und Zulieferer, sowie \u00f6rtlich gebrautes Bier aus der St Austell Brauerei.<\/p>\n<p><img loading=\"lazy\" class=\"aligncenter size-full wp-image-24015\" src=\"https:\/\/www.urlaubcornwall.de\/blog\/wp-content\/uploads\/2016\/05\/restaurant-scilly-inseln.jpg\" alt=\"restaurant scilly inseln\" width=\"750\" height=\"436\" srcset=\"https:\/\/www.urlaubcornwall.de\/blog\/wp-content\/uploads\/2016\/05\/restaurant-scilly-inseln.jpg 752w, https:\/\/www.urlaubcornwall.de\/blog\/wp-content\/uploads\/2016\/05\/restaurant-scilly-inseln-300x174.jpg 300w\" sizes=\"(max-width: 750px) 100vw, 750px\" \/><\/p>\n<p><strong>Juliet&#8217;s Garten, St Mary&#8217;s<\/strong> &#8211; <a href=\"https:\/\/www.julietsgardenrestaurant.co.uk\/\">Juliet&#8217;s Garten<\/a> befindet sich oberhalb des Porthloo Strandes auf St Marys, den <a href=\"http:\/\/www.urlaubcornwall.de\/Scilly-Inseln.php\">Scilly Inseln<\/a>. Speisen werden t\u00e4glich von 10 Uhr bis 16 Uhr serviert. Die frisch zubereiteten, hausgemachten K\u00f6stlichkeiten k\u00f6nnen im wundersch\u00f6nen Garten und der Terrasse genossen werden, oder bei k\u00fchler Witterung in der gro\u00dfen umgebauten Scheune. An den Abenden finden Sie im Restaurant eine entspannte Atmosph\u00e4re bei Kerzenschein, und die Speisekarte bietet Steaks, frischen Fisch, Muscheln und vegetarische Alternativen. Es gibt eine hervorragende Auswahl an Getr\u00e4nken, Weinen und Bieren.<\/p>\n<div class=\"snippet\"> <a class=\"featured-item\" href=\"https:\/\/www.urlaubcornwall.de\/ferienhaeuser\/cornwall.php\"> <span class=\"image-holder\" style=\"background-image: url('https:\/\/www.urlaubcornwall.de\/blog\/wp-content\/uploads\/2018\/12\/ferienhaus-cornwall-mit-hund.jpg');\"><\/span> <span class=\"featured-content\"> \n<h2 class=\"featured-title\">Ferienh\u00e4user in Cornwall<\/h2>\n<p class=\"featured-body\">Cornwall besitzt mehr K\u00fcstenlinien als jede andere Grafschaft und bietet einige der besten Str\u00e4nde, K\u00fcstenwanderwege und Klippenlandschaften, die man \u00fcberhaupt finden kann&#8230; <\/p><\/span> <span class=\"featured-link-holder\"> <span class=\"featured-extra-info\"> \n<p>F\u00fcr Paare, Familien &#038; Gruppen<\/p>\n<\/span> \n<p class=\"featured-link\">DETAILS<\/p>\n<\/span> <\/a><\/div>\n<p><img loading=\"lazy\" class=\"aligncenter size-full wp-image-24013\" src=\"https:\/\/www.urlaubcornwall.de\/blog\/wp-content\/uploads\/2016\/05\/hidden-hut-cornwall.jpg\" alt=\"hidden-hut-cornwall\" width=\"750\" height=\"378\" srcset=\"https:\/\/www.urlaubcornwall.de\/blog\/wp-content\/uploads\/2016\/05\/hidden-hut-cornwall.jpg 752w, https:\/\/www.urlaubcornwall.de\/blog\/wp-content\/uploads\/2016\/05\/hidden-hut-cornwall-300x151.jpg 300w\" sizes=\"(max-width: 750px) 100vw, 750px\" \/><\/p>\n<p><strong>The Hidden Hut<\/strong> &#8211; The <a href=\"http:\/\/www.hiddenhut.co.uk\/\" rel=\"nofollow\">Hidden Hut<\/a> ist ein kleines Strandcafe am Porthcunick Beach bei St Mawes auf der <a href=\"http:\/\/www.urlaubcornwall.de\/roseland-halbinsel.php\">Roseland Peninsula<\/a>. Von M\u00e4rz bis Oktober hat es t\u00e4glich von 10 Uhr bis 17 Uhr ge\u00f6ffnet. Das Speiseangebot ist einfach mit frisch zubereiteten Zutaten aus \u00f6rtlichem Anbau, Salaten, Pasties, Fischsuppe, k\u00f6stlichen Kuchen und Speiseeis, die im Caf\u00e9 gegessen oder zu einem Picknick mit an den Strand genommen werden k\u00f6nnen. An einigen Sommerabenden gibt es Festn\u00e4chte am Caf\u00e9; Sie bringen dazu Ihre eigenen Teller, Besteck und Wein mit und das Caf\u00e9 liefert die Speisen und sorgt f\u00fcr das Feuer. Diese Abende haben jeweils ein anderes Thema, sind sehr beliebt und m\u00fcssen im Voraus gebucht werden.<\/p>\n<p><img loading=\"lazy\" class=\"aligncenter size-full wp-image-24016\" src=\"https:\/\/www.urlaubcornwall.de\/blog\/wp-content\/uploads\/2016\/05\/nord-cornwall-restaurant.jpg\" alt=\"nord cornwall restaurant\" width=\"743\" height=\"403\" srcset=\"https:\/\/www.urlaubcornwall.de\/blog\/wp-content\/uploads\/2016\/05\/nord-cornwall-restaurant.jpg 743w, https:\/\/www.urlaubcornwall.de\/blog\/wp-content\/uploads\/2016\/05\/nord-cornwall-restaurant-300x163.jpg 300w\" sizes=\"(max-width: 743px) 100vw, 743px\" \/><\/p>\n<p><strong>Waterloo Restaurant<\/strong> &#8211; Das Waterloo Restaurant befindet sich im <a href=\"http:\/\/wellingtonhotelboscastle.com\/\" rel=\"nofollow\">Wellington Hotel<\/a> im charmanten <a href=\"https:\/\/www.urlaubcornwall.de\/ferienhaeuser-fewos\/boscastle.html\">Fischerdorf Boscastle<\/a>. Das mit 2 AA Rosetten ausgezeichnete Restaurant f\u00fchrt die Tradition eines georgianischen Esszimmers fort mit einem modernen informellen Ansatz modernen Speisens. Die Speisen werden allesamt frisch zubereitet mit Produkten aus \u00f6rtlichem Anbau in unmittelbarer N\u00e4he zu Boscastle. Das Restaurant hat Dienstag bis Samstag Abend von 18.30 Uhr an ge\u00f6ffnet; eine Reservierung ist empfehlenswert.<\/p>\n<p>Lassen Sie uns dabei behilflich sein, das geheime Cornwall zu entdecken. Wir stellen <a href=\"https:\/\/www.urlaubcornwall.de\/blog\/rundreise-durch-cornwall-and-suedenengland-2013\/\">individuelle Rundreisen<\/a> f\u00fcr Reisende zusammen, die mehr aus ihrem Urlaub in Cornwall und S\u00fcdengland machen wollen. N\u00e4here Informationen dazu <a href=\"http:\/\/www.urlaubcornwall.de\/reiseziel\/cornwall.php\"><span style=\"text-decoration: underline;\">finden Sie hier<\/span>.<\/a><\/p>\n<p><iframe loading=\"lazy\" src=\"https:\/\/www.google.com\/maps\/d\/u\/0\/embed?mid=1C17OrKX8bPUhWHJvFaffQ_AKBOA\" width=\"640\" height=\"480\"><\/iframe><\/p>\n","protected":false},"excerpt":{"rendered":"<p>Cornwall ist auch bekannt f\u00fcr seine herrlichen Meeresspeisen und Restaurants. Es ist tats\u00e4chlich eine der Top Urlaubsregionen des K\u00f6nigreichs f\u00fcr Feinschmecker. Es gibt hier weniger bekannte Restaurantketten. Daher bl\u00fchen kleine unabh\u00e4ngige Unternehmen in den St\u00e4dten und Fischerd\u00f6rfern. Mit Firmensitz in Cornwall haben wir eine Liste unserer 5 Lieblingsrestaurants und Kneipen zusammengestellt, die weniger bekannt sind [&hellip;]<\/p>\n","protected":false},"author":1,"featured_media":0,"parent":0,"menu_order":0,"comment_status":"closed","ping_status":"closed","template":"single-four.php","meta":[],"acf":[],"yoast_head":"<!-- This site is optimized with the Yoast SEO plugin v19.4 - https:\/\/yoast.com\/wordpress\/plugins\/seo\/ -->\n<title>Cornwalls beste geheime Restaurants. - Urlaub &amp; Reisen<\/title>\n<meta name=\"robots\" content=\"index, follow, max-snippet:-1, max-image-preview:large, max-video-preview:-1\" \/>\n<link rel=\"canonical\" href=\"https:\/\/www.urlaubcornwall.de\/blog\/cornwalls-beste-geheime-restaurants\/\" \/>\n<meta property=\"og:locale\" content=\"en_US\" \/>\n<meta property=\"og:type\" content=\"article\" \/>\n<meta property=\"og:title\" content=\"Cornwalls beste geheime Restaurants. - Urlaub &amp; Reisen\" \/>\n<meta property=\"og:description\" content=\"Cornwall ist auch bekannt f\u00fcr seine herrlichen Meeresspeisen und Restaurants. Es ist tats\u00e4chlich eine der Top Urlaubsregionen des K\u00f6nigreichs f\u00fcr Feinschmecker. Es gibt hier weniger bekannte Restaurantketten. Daher bl\u00fchen kleine unabh\u00e4ngige Unternehmen in den St\u00e4dten und Fischerd\u00f6rfern. Mit Firmensitz in Cornwall haben wir eine Liste unserer 5 Lieblingsrestaurants und Kneipen zusammengestellt, die weniger bekannt sind [&hellip;]\" \/>\n<meta property=\"og:url\" content=\"https:\/\/www.urlaubcornwall.de\/blog\/cornwalls-beste-geheime-restaurants\/\" \/>\n<meta property=\"og:site_name\" content=\"Urlaub &amp; Reisen\" \/>\n<meta property=\"article:modified_time\" content=\"2024-04-15T15:38:19+00:00\" \/>\n<meta property=\"og:image\" content=\"https:\/\/www.urlaubcornwall.de\/blog\/wp-content\/uploads\/2016\/05\/schoene-Blick-in-Cornwall.jpg\" \/>\n<meta name=\"twitter:card\" content=\"summary\" \/>\n<meta name=\"twitter:label1\" content=\"Est. reading time\" \/>\n\t<meta name=\"twitter:data1\" content=\"3 minutes\" \/>\n<script type=\"application\/ld+json\" class=\"yoast-schema-graph\">{\"@context\":\"https:\/\/schema.org\",\"@graph\":[{\"@type\":\"WebSite\",\"@id\":\"https:\/\/www.urlaubcornwall.de\/blog\/#website\",\"url\":\"https:\/\/www.urlaubcornwall.de\/blog\/\",\"name\":\"Urlaub &amp; Reisen\",\"description\":\"Urlaub, Reisen, Cornwall und S\u00fcdengland: eine perfekte Kombination\",\"potentialAction\":[{\"@type\":\"SearchAction\",\"target\":{\"@type\":\"EntryPoint\",\"urlTemplate\":\"https:\/\/www.urlaubcornwall.de\/blog\/?s={search_term_string}\"},\"query-input\":\"required name=search_term_string\"}],\"inLanguage\":\"en-US\"},{\"@type\":\"WebPage\",\"@id\":\"https:\/\/www.urlaubcornwall.de\/blog\/cornwalls-beste-geheime-restaurants\/\",\"url\":\"https:\/\/www.urlaubcornwall.de\/blog\/cornwalls-beste-geheime-restaurants\/\",\"name\":\"Cornwalls beste geheime Restaurants. - Urlaub &amp; Reisen\",\"isPartOf\":{\"@id\":\"https:\/\/www.urlaubcornwall.de\/blog\/#website\"},\"datePublished\":\"2016-05-10T13:30:32+00:00\",\"dateModified\":\"2024-04-15T15:38:19+00:00\",\"breadcrumb\":{\"@id\":\"https:\/\/www.urlaubcornwall.de\/blog\/cornwalls-beste-geheime-restaurants\/#breadcrumb\"},\"inLanguage\":\"en-US\",\"potentialAction\":[{\"@type\":\"ReadAction\",\"target\":[\"https:\/\/www.urlaubcornwall.de\/blog\/cornwalls-beste-geheime-restaurants\/\"]}]},{\"@type\":\"BreadcrumbList\",\"@id\":\"https:\/\/www.urlaubcornwall.de\/blog\/cornwalls-beste-geheime-restaurants\/#breadcrumb\",\"itemListElement\":[{\"@type\":\"ListItem\",\"position\":1,\"name\":\"Home\",\"item\":\"https:\/\/www.urlaubcornwall.de\/blog\/\"},{\"@type\":\"ListItem\",\"position\":2,\"name\":\"Cornwalls beste geheime Restaurants.\"}]}]}<\/script>\n<!-- \/ Yoast SEO plugin. -->","yoast_head_json":{"title":"Cornwalls beste geheime Restaurants. - Urlaub &amp; Reisen","robots":{"index":"index","follow":"follow","max-snippet":"max-snippet:-1","max-image-preview":"max-image-preview:large","max-video-preview":"max-video-preview:-1"},"canonical":"https:\/\/www.urlaubcornwall.de\/blog\/cornwalls-beste-geheime-restaurants\/","og_locale":"en_US","og_type":"article","og_title":"Cornwalls beste geheime Restaurants. - Urlaub &amp; Reisen","og_description":"Cornwall ist auch bekannt f\u00fcr seine herrlichen Meeresspeisen und Restaurants. Es ist tats\u00e4chlich eine der Top Urlaubsregionen des K\u00f6nigreichs f\u00fcr Feinschmecker. Es gibt hier weniger bekannte Restaurantketten. Daher bl\u00fchen kleine unabh\u00e4ngige Unternehmen in den St\u00e4dten und Fischerd\u00f6rfern. Mit Firmensitz in Cornwall haben wir eine Liste unserer 5 Lieblingsrestaurants und Kneipen zusammengestellt, die weniger bekannt sind [&hellip;]","og_url":"https:\/\/www.urlaubcornwall.de\/blog\/cornwalls-beste-geheime-restaurants\/","og_site_name":"Urlaub &amp; Reisen","article_modified_time":"2024-04-15T15:38:19+00:00","og_image":[{"url":"https:\/\/www.urlaubcornwall.de\/blog\/wp-content\/uploads\/2016\/05\/schoene-Blick-in-Cornwall.jpg"}],"twitter_card":"summary","twitter_misc":{"Est. reading time":"3 minutes"},"schema":{"@context":"https:\/\/schema.org","@graph":[{"@type":"WebSite","@id":"https:\/\/www.urlaubcornwall.de\/blog\/#website","url":"https:\/\/www.urlaubcornwall.de\/blog\/","name":"Urlaub &amp; Reisen","description":"Urlaub, Reisen, Cornwall und S\u00fcdengland: eine perfekte Kombination","potentialAction":[{"@type":"SearchAction","target":{"@type":"EntryPoint","urlTemplate":"https:\/\/www.urlaubcornwall.de\/blog\/?s={search_term_string}"},"query-input":"required name=search_term_string"}],"inLanguage":"en-US"},{"@type":"WebPage","@id":"https:\/\/www.urlaubcornwall.de\/blog\/cornwalls-beste-geheime-restaurants\/","url":"https:\/\/www.urlaubcornwall.de\/blog\/cornwalls-beste-geheime-restaurants\/","name":"Cornwalls beste geheime Restaurants. - Urlaub &amp; Reisen","isPartOf":{"@id":"https:\/\/www.urlaubcornwall.de\/blog\/#website"},"datePublished":"2016-05-10T13:30:32+00:00","dateModified":"2024-04-15T15:38:19+00:00","breadcrumb":{"@id":"https:\/\/www.urlaubcornwall.de\/blog\/cornwalls-beste-geheime-restaurants\/#breadcrumb"},"inLanguage":"en-US","potentialAction":[{"@type":"ReadAction","target":["https:\/\/www.urlaubcornwall.de\/blog\/cornwalls-beste-geheime-restaurants\/"]}]},{"@type":"BreadcrumbList","@id":"https:\/\/www.urlaubcornwall.de\/blog\/cornwalls-beste-geheime-restaurants\/#breadcrumb","itemListElement":[{"@type":"ListItem","position":1,"name":"Home","item":"https:\/\/www.urlaubcornwall.de\/blog\/"},{"@type":"ListItem","position":2,"name":"Cornwalls beste geheime Restaurants."}]}]}},"_links":{"self":[{"href":"https:\/\/www.urlaubcornwall.de\/blog\/wp-json\/wp\/v2\/pages\/24011"}],"collection":[{"href":"https:\/\/www.urlaubcornwall.de\/blog\/wp-json\/wp\/v2\/pages"}],"about":[{"href":"https:\/\/www.urlaubcornwall.de\/blog\/wp-json\/wp\/v2\/types\/page"}],"author":[{"embeddable":true,"href":"https:\/\/www.urlaubcornwall.de\/blog\/wp-json\/wp\/v2\/users\/1"}],"replies":[{"embeddable":true,"href":"https:\/\/www.urlaubcornwall.de\/blog\/wp-json\/wp\/v2\/comments?post=24011"}],"version-history":[{"count":14,"href":"https:\/\/www.urlaubcornwall.de\/blog\/wp-json\/wp\/v2\/pages\/24011\/revisions"}],"predecessor-version":[{"id":49706,"href":"https:\/\/www.urlaubcornwall.de\/blog\/wp-json\/wp\/v2\/pages\/24011\/revisions\/49706"}],"wp:attachment":[{"href":"https:\/\/www.urlaubcornwall.de\/blog\/wp-json\/wp\/v2\/media?parent=24011"}],"curies":[{"name":"wp","href":"https:\/\/api.w.org\/{rel}","templated":true}]}}