{"id":23938,"date":"2016-05-06T12:37:23","date_gmt":"2016-05-06T12:37:23","guid":{"rendered":"https:\/\/www.urlaubcornwall.de\/blog\/?page_id=23938"},"modified":"2024-05-29T12:15:11","modified_gmt":"2024-05-29T12:15:11","slug":"cornwalls-versteckt-gelegene-gaerten","status":"publish","type":"page","link":"https:\/\/www.urlaubcornwall.de\/blog\/cornwalls-versteckt-gelegene-gaerten\/","title":{"rendered":"Die 6 sch\u00f6nsten G\u00e4rten &#8211; Cornwalls versteckt gelegene G\u00e4rten"},"content":{"rendered":"<p><a href=\"https:\/\/www.urlaubcornwall.de\/reiseziel\/cornwall.php\">Cornwall<\/a> ist zu Recht ber\u00fchmt f\u00fcr seine wundersch\u00f6nen G\u00e4rten, doch selbst regelm\u00e4\u00dfig wiederkehrende Besucher k\u00f6nnen leicht ein paar davon \u00fcbersehen. Wir leben und arbeiten in Cornwall und haben eine Liste zusammengestellt unserer liebsten versteckt gelegenen G\u00e4rten, die Sie vielleicht nicht kennen, doch die absolut eines Besuches wert sind.<\/p>\n<p><img loading=\"lazy\" class=\"aligncenter size-full wp-image-23949\" src=\"https:\/\/www.urlaubcornwall.de\/blog\/wp-content\/uploads\/2016\/05\/Enys-garten-falmouth.jpg\" alt=\"Cornwalls versteckt gelegene G\u00e4rten\" width=\"748\" height=\"557\"\/><\/p>\n<p><strong>Enys Gardens<\/strong> &#8211; Die Enys G\u00e4rten befinden sich zwischen Truro und <a href=\"https:\/\/www.urlaubcornwall.de\/ferienhaeuser-fewos\/falmouth.html\">Falmouth<\/a>. Sie sollen die \u00e4ltesten G\u00e4rten Cornwalls sein und befinden sich seit dem 13. Jahrhundert im Besitz der Enys Familie. Innerhalb der 30 Ar Garten liegt eine Wiese, die unter dem Namen Parc Lye bekannt ist, wo im Fr\u00fchling eine herrliche Pracht an Bluebells zu finden ist, die seit Urzeiten ungest\u00f6rt wachsen.<\/p>\n<p>Die formalen G\u00e4rten wurden im viktorianischen Zeitalter mit Pflanzen aus Neuseeland und Patagonien von JD Enys geschaffen; das Mikroklima des Gartens und die milde Temperatur gestatten es, dass solche Pflanzen gedeihen. Die G\u00e4rten sind von April bis September dienstags, donnerstags und Sonntag nachmittags ge\u00f6ffnet. Hunde sind willkommen, m\u00fcssen jedoch angeleint bleiben.<\/p>\n<p><img loading=\"lazy\" class=\"aligncenter size-full wp-image-23941\" src=\"https:\/\/www.urlaubcornwall.de\/blog\/wp-content\/uploads\/2016\/05\/lamorran-garten-cornwall.jpg\" alt=\"lamorran-garten-cornwall\" width=\"748\" height=\"493\"\/><\/p>\n<p><strong>Lamorran House Gardens<\/strong> &#8211; Die <a href=\"https:\/\/www.urlaubcornwall.de\/blog\/lamorran-ein-mediterraner-garten-an-cornwalls-suedkueste\/\"><span style=\"text-decoration: underline;\">Lamorran G\u00e4rten<\/span><\/a> befinden sich innerhalb von 4 Ar mit Blick \u00fcber die St Mawes Bucht. Diese mediterran angelegten G\u00e4rten haben Bachl\u00e4ufe, Br\u00fccken und Wasserspiele, einschlie\u00dflich eines Koi Karpfenteichs. Sie sind das Zuhause einer enormen Sammlung an subtropischen B\u00e4umen und Pflanzen und sollen den n\u00f6rdlichst gelegenen Palmengarten der Welt haben, der wiederum 35 Palmenarten und mehr als 200 Exemplare aufweist. Es gibt auch Rhododendren und immergr\u00fcne Azaleen, allesamt an einer entz\u00fcckenden, nach S\u00fcden hin ausgerichteten H\u00fcgelseite mit dem Meer im Hintergrund. Die G\u00e4rten und der Teeraum haben von April bis Ende September mittwochs und freitags ge\u00f6ffnet. Hunde sind nicht erlaubt.<\/p>\n<div class=\"snippet\"> <a class=\"featured-item\" href=\"https:\/\/www.urlaubcornwall.de\/ferienhaeuser\/cornwall.php\"> <span class=\"image-holder\" style=\"background-image: url('https:\/\/www.urlaubcornwall.de\/blog\/wp-content\/uploads\/2018\/12\/ferienhaus-cornwall-mit-hund.jpg');\"><\/span> <span class=\"featured-content\"> \n<h2 class=\"featured-title\">Ferienh\u00e4user in Cornwall<\/h2>\n<p class=\"featured-body\">Cornwall besitzt mehr K\u00fcstenlinien als jede andere Grafschaft und bietet einige der besten Str\u00e4nde, K\u00fcstenwanderwege und Klippenlandschaften, die man \u00fcberhaupt finden kann&#8230; <\/p><\/span> <span class=\"featured-link-holder\"> <span class=\"featured-extra-info\"> \n<p>F\u00fcr Paare, Familien &#038; Gruppen<\/p>\n<\/span> \n<p class=\"featured-link\">DETAILS<\/p>\n<\/span> <\/a><\/div>\n<p><img loading=\"lazy\" class=\"aligncenter size-full wp-image-23284\" src=\"https:\/\/www.urlaubcornwall.de\/blog\/wp-content\/uploads\/2016\/03\/trewidden-garten-lands-end.jpg\" alt=\"trewidden garten lands end\" width=\"748\" height=\"402\"\/><\/p>\n<p><strong>Trewidden Garden<\/strong> &#8211; Der <a href=\"https:\/\/www.urlaubcornwall.de\/blog\/trewidden-gardens-einer-der-grossartigen-gaerten-cornwalls\/\"><span style=\"text-decoration: underline;\">Trewidden Garten<\/span><\/a> bei Penzance auf der Lands End Halbinsel ist seit den 1830ern das Zuhause der Bolitho Familie. Dieser 15 Ar gro\u00dfe Garten hat eine herrliche Sammlung an Magnolien, Kamelien, Rhododendren und den feinsten Baumfarnen Europas. Das milde Meeresklima gestattet es seltenen und exotischen Pflanzen zu gedeihen und bietet somit eine breite Vielfalt f\u00fcr Besucher.<\/p>\n<p>Die G\u00e4rten und der Teeraum sind von Februar \u2013 September 7 Tage die Woche ge\u00f6ffnet. Angeleinte Hunde sind erlaubt.<\/p>\n<p><strong>Potager Garden<\/strong> &#8211; Potager Garten und Caf\u00e9 befinden sich zwischen Falmouth und Constantine. Die G\u00e4rten wurden auf dem Gel\u00e4nde einer G\u00e4rtnerei errichtet, die jahrelang vernachl\u00e4ssigt war. Heute finden Sie dort eine herrliche Mischung an Kr\u00e4utern, sowie Obst und Gem\u00fcse. Sie k\u00f6nnen in H\u00e4ngematten entspannen, auf der Wiese spielen oder k\u00f6stliche Speisen im Caf\u00e9 einnehmen, das ein umgebautes Gew\u00e4chshaus ist. Es gibt auch Studios, in denen K\u00fcnstler und Kunsthandwerker der Region arbeiten. Die G\u00e4rten sind von Donnerstag bis Sonntag ge\u00f6ffnet, sowie an Montagsfeiertagen. Angeleinte Hunde sind willkommen.<\/p>\n<p><img loading=\"lazy\" class=\"aligncenter size-full wp-image-23940\" src=\"https:\/\/www.urlaubcornwall.de\/blog\/wp-content\/uploads\/2016\/05\/tremenheere.jpg\" alt=\"tremenheere penzance\" width=\"748\" height=\"413\"\/><\/p>\n<p><strong>Tremenheere Skulpturengarten<\/strong> &#8211; <a href=\"https:\/\/www.urlaubcornwall.de\/blog\/2014\/10\/tremenheere-sculpture-gardens-die-neue-grosse-sehenswuerdigkeit-in-penzance\/\"><span style=\"text-decoration: underline;\">Tremenheere<\/span><\/a> liegt in einem wundersch\u00f6nen Tal bei <a href=\"https:\/\/www.urlaubcornwall.de\/ferienhaeuser-fewos\/penzance.html\">Penzance<\/a> mit atemberaubendem Blick zum St Michaels Mount. Dieser 20 Ar umfassende Garten ist subtropisch und mit Wald, Bachl\u00e4ufen und Teichen eine Oase f\u00fcr Tierleben.<\/p>\n<p>Es gibt eine bemerkenswerte Sammlung an Palmen, Farnen, Agaven, Succulenten und Bambus. Inmitten der Pflanzen befinden sich Skulpturen und Kunst von international anerkannten K\u00fcnstlern. Garten und Caf\u00e9 sind das ganze Jahr \u00fcber t\u00e4glich ge\u00f6ffnet. Angeleinte Hunde sind willkommen.<\/p>\n<p><strong>Homestead Woodland Garden<\/strong> &#8211; Der Homestead Waldgarten bei Helston besteht aus 3 Ar Garten und 3 Ar Wald, Lebensraum f\u00fcr Tierleben und Fr\u00fchlingsblumen. Der Garten hat Torb\u00f6gen, Pergolen, Wasserspiele, einen Mauergarten und Skulpturen; es ist eine Oase der Ruhe. Die Pfade sind \u00fcberwiegend rollstuhlgeeignet, und lediglich Assistenzhunde sind erlaubt. Es gibt auch einen Teeraum, wo Sie Cream Tea genie\u00dfen k\u00f6nnen.<\/p>\n<p style=\"text-align: center;\"><a class=\"tidycta\" href=\"https:\/\/www.urlaubcornwall.de\/gartenreise.php\">Gartenreisen in England<\/a><\/p>\n<p><iframe loading=\"lazy\" src=\"https:\/\/www.google.com\/maps\/d\/u\/0\/embed?mid=1msEM2CjbGcstgSr8FcXlINLr7GY\" width=\"640\" height=\"480\"><\/iframe><\/p>\n<h2 style=\"text-align: center;\"><strong>Englands sch\u00f6nstes Urlaubsziel: Ihr Traumurlaub beginnt hier!<\/strong><\/h2>\n<p>Bei uns finden Sie Ferienh\u00e4user zum Verlieben &#8211; so einfach ist das! In der N\u00e4he von Cornwalls ber\u00fchmten G\u00e4rten, historischen H\u00e4usern und Attraktionen haben wir die beste Auswahl handverlesener und pers\u00f6nlich inspizierter <a href=\"https:\/\/www.urlaubcornwall.de\/blog\/wunderschoene-ferienhaeuser-in-der-naehe-gaerten-und-attraktionen-cornwalls\/\"><span style=\"text-decoration: underline;\">Ferienh\u00e4user und Ferienwohnungen<\/span><\/a>.<\/p>\n<p>Lassen Sie uns dabei behilflich sein, das geheime Cornwall zu entdecken. Wir stellen individuelle Rundreisen f\u00fcr Reisende zusammen, die mehr aus ihrem Urlaub in Cornwall und S\u00fcdengland machen wollen. N\u00e4here Informationen dazu <a href=\"https:\/\/www.urlaubcornwall.de\/blog\/rundreise-durch-cornwall-and-suedenengland-2013\/\"><span style=\"text-decoration: underline;\">finden Sie hier<\/span>.<\/a><\/p>\n","protected":false},"excerpt":{"rendered":"<p>Cornwall ist zu Recht ber\u00fchmt f\u00fcr seine wundersch\u00f6nen G\u00e4rten, doch selbst regelm\u00e4\u00dfig wiederkehrende Besucher k\u00f6nnen leicht ein paar davon \u00fcbersehen. Wir leben und arbeiten in Cornwall und haben eine Liste zusammengestellt unserer liebsten versteckt gelegenen G\u00e4rten, die Sie vielleicht nicht kennen, doch die absolut eines Besuches wert sind. Enys Gardens &#8211; Die Enys G\u00e4rten befinden [&hellip;]<\/p>\n","protected":false},"author":1,"featured_media":0,"parent":0,"menu_order":0,"comment_status":"closed","ping_status":"closed","template":"single-four.php","meta":[],"acf":[],"yoast_head":"<!-- This site is optimized with the Yoast SEO plugin v19.4 - https:\/\/yoast.com\/wordpress\/plugins\/seo\/ -->\n<title>Die 6 sch\u00f6nsten G\u00e4rten - Cornwalls versteckt gelegene G\u00e4rten - Urlaub &amp; Reisen<\/title>\n<meta name=\"robots\" content=\"index, follow, max-snippet:-1, max-image-preview:large, max-video-preview:-1\" \/>\n<link rel=\"canonical\" href=\"https:\/\/www.urlaubcornwall.de\/blog\/cornwalls-versteckt-gelegene-gaerten\/\" \/>\n<meta property=\"og:locale\" content=\"en_US\" \/>\n<meta property=\"og:type\" content=\"article\" \/>\n<meta property=\"og:title\" content=\"Die 6 sch\u00f6nsten G\u00e4rten - Cornwalls versteckt gelegene G\u00e4rten - Urlaub &amp; Reisen\" \/>\n<meta property=\"og:description\" content=\"Cornwall ist zu Recht ber\u00fchmt f\u00fcr seine wundersch\u00f6nen G\u00e4rten, doch selbst regelm\u00e4\u00dfig wiederkehrende Besucher k\u00f6nnen leicht ein paar davon \u00fcbersehen. Wir leben und arbeiten in Cornwall und haben eine Liste zusammengestellt unserer liebsten versteckt gelegenen G\u00e4rten, die Sie vielleicht nicht kennen, doch die absolut eines Besuches wert sind. Enys Gardens &#8211; Die Enys G\u00e4rten befinden [&hellip;]\" \/>\n<meta property=\"og:url\" content=\"https:\/\/www.urlaubcornwall.de\/blog\/cornwalls-versteckt-gelegene-gaerten\/\" \/>\n<meta property=\"og:site_name\" content=\"Urlaub &amp; Reisen\" \/>\n<meta property=\"article:modified_time\" content=\"2024-05-29T12:15:11+00:00\" \/>\n<meta property=\"og:image\" content=\"https:\/\/www.urlaubcornwall.de\/blog\/wp-content\/uploads\/2016\/05\/Enys-garten-falmouth.jpg\" \/>\n<meta name=\"twitter:card\" content=\"summary\" \/>\n<meta name=\"twitter:label1\" content=\"Est. reading time\" \/>\n\t<meta name=\"twitter:data1\" content=\"5 minutes\" \/>\n<script type=\"application\/ld+json\" class=\"yoast-schema-graph\">{\"@context\":\"https:\/\/schema.org\",\"@graph\":[{\"@type\":\"WebSite\",\"@id\":\"https:\/\/www.urlaubcornwall.de\/blog\/#website\",\"url\":\"https:\/\/www.urlaubcornwall.de\/blog\/\",\"name\":\"Urlaub &amp; Reisen\",\"description\":\"Urlaub, Reisen, Cornwall und S\u00fcdengland: eine perfekte Kombination\",\"potentialAction\":[{\"@type\":\"SearchAction\",\"target\":{\"@type\":\"EntryPoint\",\"urlTemplate\":\"https:\/\/www.urlaubcornwall.de\/blog\/?s={search_term_string}\"},\"query-input\":\"required name=search_term_string\"}],\"inLanguage\":\"en-US\"},{\"@type\":\"WebPage\",\"@id\":\"https:\/\/www.urlaubcornwall.de\/blog\/cornwalls-versteckt-gelegene-gaerten\/\",\"url\":\"https:\/\/www.urlaubcornwall.de\/blog\/cornwalls-versteckt-gelegene-gaerten\/\",\"name\":\"Die 6 sch\u00f6nsten G\u00e4rten - Cornwalls versteckt gelegene G\u00e4rten - Urlaub &amp; Reisen\",\"isPartOf\":{\"@id\":\"https:\/\/www.urlaubcornwall.de\/blog\/#website\"},\"datePublished\":\"2016-05-06T12:37:23+00:00\",\"dateModified\":\"2024-05-29T12:15:11+00:00\",\"breadcrumb\":{\"@id\":\"https:\/\/www.urlaubcornwall.de\/blog\/cornwalls-versteckt-gelegene-gaerten\/#breadcrumb\"},\"inLanguage\":\"en-US\",\"potentialAction\":[{\"@type\":\"ReadAction\",\"target\":[\"https:\/\/www.urlaubcornwall.de\/blog\/cornwalls-versteckt-gelegene-gaerten\/\"]}]},{\"@type\":\"BreadcrumbList\",\"@id\":\"https:\/\/www.urlaubcornwall.de\/blog\/cornwalls-versteckt-gelegene-gaerten\/#breadcrumb\",\"itemListElement\":[{\"@type\":\"ListItem\",\"position\":1,\"name\":\"Home\",\"item\":\"https:\/\/www.urlaubcornwall.de\/blog\/\"},{\"@type\":\"ListItem\",\"position\":2,\"name\":\"Die 6 sch\u00f6nsten G\u00e4rten &#8211; Cornwalls versteckt gelegene G\u00e4rten\"}]}]}<\/script>\n<!-- \/ Yoast SEO plugin. -->","yoast_head_json":{"title":"Die 6 sch\u00f6nsten G\u00e4rten - Cornwalls versteckt gelegene G\u00e4rten - Urlaub &amp; Reisen","robots":{"index":"index","follow":"follow","max-snippet":"max-snippet:-1","max-image-preview":"max-image-preview:large","max-video-preview":"max-video-preview:-1"},"canonical":"https:\/\/www.urlaubcornwall.de\/blog\/cornwalls-versteckt-gelegene-gaerten\/","og_locale":"en_US","og_type":"article","og_title":"Die 6 sch\u00f6nsten G\u00e4rten - Cornwalls versteckt gelegene G\u00e4rten - Urlaub &amp; Reisen","og_description":"Cornwall ist zu Recht ber\u00fchmt f\u00fcr seine wundersch\u00f6nen G\u00e4rten, doch selbst regelm\u00e4\u00dfig wiederkehrende Besucher k\u00f6nnen leicht ein paar davon \u00fcbersehen. Wir leben und arbeiten in Cornwall und haben eine Liste zusammengestellt unserer liebsten versteckt gelegenen G\u00e4rten, die Sie vielleicht nicht kennen, doch die absolut eines Besuches wert sind. Enys Gardens &#8211; Die Enys G\u00e4rten befinden [&hellip;]","og_url":"https:\/\/www.urlaubcornwall.de\/blog\/cornwalls-versteckt-gelegene-gaerten\/","og_site_name":"Urlaub &amp; Reisen","article_modified_time":"2024-05-29T12:15:11+00:00","og_image":[{"url":"https:\/\/www.urlaubcornwall.de\/blog\/wp-content\/uploads\/2016\/05\/Enys-garten-falmouth.jpg"}],"twitter_card":"summary","twitter_misc":{"Est. reading time":"5 minutes"},"schema":{"@context":"https:\/\/schema.org","@graph":[{"@type":"WebSite","@id":"https:\/\/www.urlaubcornwall.de\/blog\/#website","url":"https:\/\/www.urlaubcornwall.de\/blog\/","name":"Urlaub &amp; Reisen","description":"Urlaub, Reisen, Cornwall und S\u00fcdengland: eine perfekte Kombination","potentialAction":[{"@type":"SearchAction","target":{"@type":"EntryPoint","urlTemplate":"https:\/\/www.urlaubcornwall.de\/blog\/?s={search_term_string}"},"query-input":"required name=search_term_string"}],"inLanguage":"en-US"},{"@type":"WebPage","@id":"https:\/\/www.urlaubcornwall.de\/blog\/cornwalls-versteckt-gelegene-gaerten\/","url":"https:\/\/www.urlaubcornwall.de\/blog\/cornwalls-versteckt-gelegene-gaerten\/","name":"Die 6 sch\u00f6nsten G\u00e4rten - Cornwalls versteckt gelegene G\u00e4rten - Urlaub &amp; Reisen","isPartOf":{"@id":"https:\/\/www.urlaubcornwall.de\/blog\/#website"},"datePublished":"2016-05-06T12:37:23+00:00","dateModified":"2024-05-29T12:15:11+00:00","breadcrumb":{"@id":"https:\/\/www.urlaubcornwall.de\/blog\/cornwalls-versteckt-gelegene-gaerten\/#breadcrumb"},"inLanguage":"en-US","potentialAction":[{"@type":"ReadAction","target":["https:\/\/www.urlaubcornwall.de\/blog\/cornwalls-versteckt-gelegene-gaerten\/"]}]},{"@type":"BreadcrumbList","@id":"https:\/\/www.urlaubcornwall.de\/blog\/cornwalls-versteckt-gelegene-gaerten\/#breadcrumb","itemListElement":[{"@type":"ListItem","position":1,"name":"Home","item":"https:\/\/www.urlaubcornwall.de\/blog\/"},{"@type":"ListItem","position":2,"name":"Die 6 sch\u00f6nsten G\u00e4rten &#8211; Cornwalls versteckt gelegene G\u00e4rten"}]}]}},"_links":{"self":[{"href":"https:\/\/www.urlaubcornwall.de\/blog\/wp-json\/wp\/v2\/pages\/23938"}],"collection":[{"href":"https:\/\/www.urlaubcornwall.de\/blog\/wp-json\/wp\/v2\/pages"}],"about":[{"href":"https:\/\/www.urlaubcornwall.de\/blog\/wp-json\/wp\/v2\/types\/page"}],"author":[{"embeddable":true,"href":"https:\/\/www.urlaubcornwall.de\/blog\/wp-json\/wp\/v2\/users\/1"}],"replies":[{"embeddable":true,"href":"https:\/\/www.urlaubcornwall.de\/blog\/wp-json\/wp\/v2\/comments?post=23938"}],"version-history":[{"count":20,"href":"https:\/\/www.urlaubcornwall.de\/blog\/wp-json\/wp\/v2\/pages\/23938\/revisions"}],"predecessor-version":[{"id":50644,"href":"https:\/\/www.urlaubcornwall.de\/blog\/wp-json\/wp\/v2\/pages\/23938\/revisions\/50644"}],"wp:attachment":[{"href":"https:\/\/www.urlaubcornwall.de\/blog\/wp-json\/wp\/v2\/media?parent=23938"}],"curies":[{"name":"wp","href":"https:\/\/api.w.org\/{rel}","templated":true}]}}