{"id":23784,"date":"2016-05-01T13:55:19","date_gmt":"2016-05-01T13:55:19","guid":{"rendered":"https:\/\/www.urlaubcornwall.de\/blog\/?page_id=23784"},"modified":"2021-08-09T08:01:55","modified_gmt":"2021-08-09T08:01:55","slug":"new-inn-hotel-tresco-scilly-inseln","status":"publish","type":"page","link":"https:\/\/www.urlaubcornwall.de\/blog\/new-inn-hotel-tresco-scilly-inseln\/","title":{"rendered":"New Inn Hotel- Tresco, Scilly Inseln"},"content":{"rendered":"<p><strong>Unsere Bewertung<\/strong> &#8211; Der New Inn ist eine traditionelle Kneipe mit warmer und freundlicher Atmosph\u00e4re und bietet dennoch Zimmer, die Sie in einem Luxushotel erwarten w\u00fcrden.<\/p>\n<p>Es gibt 16 Zimmer, allesamt mit En-Suite-Badezimmern, die zur \u00dcbernachtung mit Fr\u00fchst\u00fcck\u00a0 oder einschlie\u00dflich eines Abendessens gebucht werden k\u00f6nnen. W\u00e4hrend der Sommermonate gibt es einen beheizten Au\u00dfenswimmingpool zur ausschlie\u00dflichen Nutzung durch G\u00e4ste des Hauses.<\/p>\n<p>Die G\u00e4stelounge bietet G\u00e4sten stilvolle und gem\u00fctliche Sitzgelegenheit zum Entspannen.<\/p>\n<p><strong>Zimmerarten<\/strong><\/p>\n<p>Sun Terrace \u2013 diese herrlichen Erdgeschossr\u00e4ume haben jeweils eine eigene Sonnenterrasse mit Blick \u00fcber den Swimmingpool. Sie sind hell, luftig und stilvoll mit \u00fcberdurchschnittlich gro\u00dfen En-Suite-Badezimmern. Der Raum kann mit Doppelbett oder Einzelbetten eingerichtet werden. Diese Zimmer haben keinen Meeresblick.<\/p>\n<p>Sea View \u2013 Zimmer mit Doppelbett oder Einzelbetten mit Meeresblick \u00fcber den New Grimsby Hafen hinweg. Diese En-Suite-Zimmer im Obergeschoss sind hell und luftig mit stilvollem Dekor, auf sehr hohem Standard ausgestattet mit allem, was Sie in einem Hotel erwarten w\u00fcrden.<\/p>\n<p>Standard \u2013 En-Suite-R\u00e4ume mit Doppelbett oder Einzelbetten im Obergeschoss des \u00e4lteren Teils des Geb\u00e4udes. S\u00e4mtliche R\u00e4ume sind En-Suite, die meisten davon haben eine Badewanne und Dusche.<\/p>\n<p><strong>Speisen<\/strong><\/p>\n<p>Die Speisekarte des New Inn besteht aus einer Kombination des Besten, was Land und Meer zu bieten haben. Sie k\u00f6nnen Hummer genie\u00dfen, der vor der K\u00fcste Trescos gefangen wurde, sowie Rind, das auf der Insel aufgezogen wurde.<\/p>\n<p>Gerichte beinhalten Krabbenscheren, eingetopfte Garnelen und Fischeintopf, sowie weitere lokale Delikatessen wie cornisches Schweinefleisch- und Trescos Rebhuhnwurstbr\u00f6tchen. Nicht zu vergessen, die stets beliebten \u201eFish &amp; Chips\u201c in Bierteig.<\/p>\n<p>Der New Inn wurde f\u00fcr die Qualit\u00e4t seiner Speisen ausgezeichnet und ist eine von nur zw\u00f6lf Kneipen in Cornwall, die im neuen \u2018Eating Out in Pubs\u2019 Michelinf\u00fchrer f\u00fcr Kneipen aufgef\u00fchrt wird.<\/p>\n<h2 style=\"text-align: center;\"><strong>UrlaubCornwall.de<\/strong><\/h2>\n<p style=\"text-align: center;\">Der EINZIGE Deutsch sprechende Reiseservice f\u00fcr die Scilly-Inseln<\/p>\n<h1 style=\"text-align: center;\"><span style=\"text-decoration: underline; color: #800080;\"><strong><a style=\"color: #800080; text-decoration: underline;\" href=\"http:\/\/www.urlaubcornwall.de\/anfrage.php?tourcode=New Inn Scilly\">Anfrage New Inn Scilly Inseln<\/a><\/strong><\/span><\/h1>\n","protected":false},"excerpt":{"rendered":"<p>Unsere Bewertung &#8211; Der New Inn ist eine traditionelle Kneipe mit warmer und freundlicher Atmosph\u00e4re und bietet dennoch Zimmer, die Sie in einem Luxushotel erwarten w\u00fcrden. Es gibt 16 Zimmer, allesamt mit En-Suite-Badezimmern, die zur \u00dcbernachtung mit Fr\u00fchst\u00fcck\u00a0 oder einschlie\u00dflich eines Abendessens gebucht werden k\u00f6nnen. W\u00e4hrend der Sommermonate gibt es einen beheizten Au\u00dfenswimmingpool zur ausschlie\u00dflichen [&hellip;]<\/p>\n","protected":false},"author":1,"featured_media":0,"parent":0,"menu_order":0,"comment_status":"closed","ping_status":"closed","template":"single-two.php","meta":[],"acf":[],"yoast_head":"<!-- This site is optimized with the Yoast SEO plugin v19.4 - https:\/\/yoast.com\/wordpress\/plugins\/seo\/ -->\n<title>New Inn Hotel- Tresco, Scilly Inseln - Urlaub &amp; Reisen<\/title>\n<meta name=\"robots\" content=\"index, follow, max-snippet:-1, max-image-preview:large, max-video-preview:-1\" \/>\n<link rel=\"canonical\" href=\"https:\/\/www.urlaubcornwall.de\/blog\/new-inn-hotel-tresco-scilly-inseln\/\" \/>\n<meta property=\"og:locale\" content=\"en_US\" \/>\n<meta property=\"og:type\" content=\"article\" \/>\n<meta property=\"og:title\" content=\"New Inn Hotel- Tresco, Scilly Inseln - Urlaub &amp; Reisen\" \/>\n<meta property=\"og:description\" content=\"Unsere Bewertung &#8211; Der New Inn ist eine traditionelle Kneipe mit warmer und freundlicher Atmosph\u00e4re und bietet dennoch Zimmer, die Sie in einem Luxushotel erwarten w\u00fcrden. Es gibt 16 Zimmer, allesamt mit En-Suite-Badezimmern, die zur \u00dcbernachtung mit Fr\u00fchst\u00fcck\u00a0 oder einschlie\u00dflich eines Abendessens gebucht werden k\u00f6nnen. W\u00e4hrend der Sommermonate gibt es einen beheizten Au\u00dfenswimmingpool zur ausschlie\u00dflichen [&hellip;]\" \/>\n<meta property=\"og:url\" content=\"https:\/\/www.urlaubcornwall.de\/blog\/new-inn-hotel-tresco-scilly-inseln\/\" \/>\n<meta property=\"og:site_name\" content=\"Urlaub &amp; Reisen\" \/>\n<meta property=\"article:modified_time\" content=\"2021-08-09T08:01:55+00:00\" \/>\n<meta name=\"twitter:card\" content=\"summary\" \/>\n<meta name=\"twitter:label1\" content=\"Est. reading time\" \/>\n\t<meta name=\"twitter:data1\" content=\"2 minutes\" \/>\n<script type=\"application\/ld+json\" class=\"yoast-schema-graph\">{\"@context\":\"https:\/\/schema.org\",\"@graph\":[{\"@type\":\"WebSite\",\"@id\":\"https:\/\/www.urlaubcornwall.de\/blog\/#website\",\"url\":\"https:\/\/www.urlaubcornwall.de\/blog\/\",\"name\":\"Urlaub &amp; Reisen\",\"description\":\"Urlaub, Reisen, Cornwall und S\u00fcdengland: eine perfekte Kombination\",\"potentialAction\":[{\"@type\":\"SearchAction\",\"target\":{\"@type\":\"EntryPoint\",\"urlTemplate\":\"https:\/\/www.urlaubcornwall.de\/blog\/?s={search_term_string}\"},\"query-input\":\"required name=search_term_string\"}],\"inLanguage\":\"en-US\"},{\"@type\":\"WebPage\",\"@id\":\"https:\/\/www.urlaubcornwall.de\/blog\/new-inn-hotel-tresco-scilly-inseln\/\",\"url\":\"https:\/\/www.urlaubcornwall.de\/blog\/new-inn-hotel-tresco-scilly-inseln\/\",\"name\":\"New Inn Hotel- Tresco, Scilly Inseln - Urlaub &amp; Reisen\",\"isPartOf\":{\"@id\":\"https:\/\/www.urlaubcornwall.de\/blog\/#website\"},\"datePublished\":\"2016-05-01T13:55:19+00:00\",\"dateModified\":\"2021-08-09T08:01:55+00:00\",\"breadcrumb\":{\"@id\":\"https:\/\/www.urlaubcornwall.de\/blog\/new-inn-hotel-tresco-scilly-inseln\/#breadcrumb\"},\"inLanguage\":\"en-US\",\"potentialAction\":[{\"@type\":\"ReadAction\",\"target\":[\"https:\/\/www.urlaubcornwall.de\/blog\/new-inn-hotel-tresco-scilly-inseln\/\"]}]},{\"@type\":\"BreadcrumbList\",\"@id\":\"https:\/\/www.urlaubcornwall.de\/blog\/new-inn-hotel-tresco-scilly-inseln\/#breadcrumb\",\"itemListElement\":[{\"@type\":\"ListItem\",\"position\":1,\"name\":\"Home\",\"item\":\"https:\/\/www.urlaubcornwall.de\/blog\/\"},{\"@type\":\"ListItem\",\"position\":2,\"name\":\"New Inn Hotel- Tresco, Scilly Inseln\"}]}]}<\/script>\n<!-- \/ Yoast SEO plugin. -->","yoast_head_json":{"title":"New Inn Hotel- Tresco, Scilly Inseln - Urlaub &amp; Reisen","robots":{"index":"index","follow":"follow","max-snippet":"max-snippet:-1","max-image-preview":"max-image-preview:large","max-video-preview":"max-video-preview:-1"},"canonical":"https:\/\/www.urlaubcornwall.de\/blog\/new-inn-hotel-tresco-scilly-inseln\/","og_locale":"en_US","og_type":"article","og_title":"New Inn Hotel- Tresco, Scilly Inseln - Urlaub &amp; Reisen","og_description":"Unsere Bewertung &#8211; Der New Inn ist eine traditionelle Kneipe mit warmer und freundlicher Atmosph\u00e4re und bietet dennoch Zimmer, die Sie in einem Luxushotel erwarten w\u00fcrden. Es gibt 16 Zimmer, allesamt mit En-Suite-Badezimmern, die zur \u00dcbernachtung mit Fr\u00fchst\u00fcck\u00a0 oder einschlie\u00dflich eines Abendessens gebucht werden k\u00f6nnen. W\u00e4hrend der Sommermonate gibt es einen beheizten Au\u00dfenswimmingpool zur ausschlie\u00dflichen [&hellip;]","og_url":"https:\/\/www.urlaubcornwall.de\/blog\/new-inn-hotel-tresco-scilly-inseln\/","og_site_name":"Urlaub &amp; Reisen","article_modified_time":"2021-08-09T08:01:55+00:00","twitter_card":"summary","twitter_misc":{"Est. reading time":"2 minutes"},"schema":{"@context":"https:\/\/schema.org","@graph":[{"@type":"WebSite","@id":"https:\/\/www.urlaubcornwall.de\/blog\/#website","url":"https:\/\/www.urlaubcornwall.de\/blog\/","name":"Urlaub &amp; Reisen","description":"Urlaub, Reisen, Cornwall und S\u00fcdengland: eine perfekte Kombination","potentialAction":[{"@type":"SearchAction","target":{"@type":"EntryPoint","urlTemplate":"https:\/\/www.urlaubcornwall.de\/blog\/?s={search_term_string}"},"query-input":"required name=search_term_string"}],"inLanguage":"en-US"},{"@type":"WebPage","@id":"https:\/\/www.urlaubcornwall.de\/blog\/new-inn-hotel-tresco-scilly-inseln\/","url":"https:\/\/www.urlaubcornwall.de\/blog\/new-inn-hotel-tresco-scilly-inseln\/","name":"New Inn Hotel- Tresco, Scilly Inseln - Urlaub &amp; Reisen","isPartOf":{"@id":"https:\/\/www.urlaubcornwall.de\/blog\/#website"},"datePublished":"2016-05-01T13:55:19+00:00","dateModified":"2021-08-09T08:01:55+00:00","breadcrumb":{"@id":"https:\/\/www.urlaubcornwall.de\/blog\/new-inn-hotel-tresco-scilly-inseln\/#breadcrumb"},"inLanguage":"en-US","potentialAction":[{"@type":"ReadAction","target":["https:\/\/www.urlaubcornwall.de\/blog\/new-inn-hotel-tresco-scilly-inseln\/"]}]},{"@type":"BreadcrumbList","@id":"https:\/\/www.urlaubcornwall.de\/blog\/new-inn-hotel-tresco-scilly-inseln\/#breadcrumb","itemListElement":[{"@type":"ListItem","position":1,"name":"Home","item":"https:\/\/www.urlaubcornwall.de\/blog\/"},{"@type":"ListItem","position":2,"name":"New Inn Hotel- Tresco, Scilly Inseln"}]}]}},"_links":{"self":[{"href":"https:\/\/www.urlaubcornwall.de\/blog\/wp-json\/wp\/v2\/pages\/23784"}],"collection":[{"href":"https:\/\/www.urlaubcornwall.de\/blog\/wp-json\/wp\/v2\/pages"}],"about":[{"href":"https:\/\/www.urlaubcornwall.de\/blog\/wp-json\/wp\/v2\/types\/page"}],"author":[{"embeddable":true,"href":"https:\/\/www.urlaubcornwall.de\/blog\/wp-json\/wp\/v2\/users\/1"}],"replies":[{"embeddable":true,"href":"https:\/\/www.urlaubcornwall.de\/blog\/wp-json\/wp\/v2\/comments?post=23784"}],"version-history":[{"count":11,"href":"https:\/\/www.urlaubcornwall.de\/blog\/wp-json\/wp\/v2\/pages\/23784\/revisions"}],"predecessor-version":[{"id":42138,"href":"https:\/\/www.urlaubcornwall.de\/blog\/wp-json\/wp\/v2\/pages\/23784\/revisions\/42138"}],"wp:attachment":[{"href":"https:\/\/www.urlaubcornwall.de\/blog\/wp-json\/wp\/v2\/media?parent=23784"}],"curies":[{"name":"wp","href":"https:\/\/api.w.org\/{rel}","templated":true}]}}