{"id":23772,"date":"2016-05-01T12:49:36","date_gmt":"2016-05-01T12:49:36","guid":{"rendered":"https:\/\/www.urlaubcornwall.de\/blog\/?page_id=23772"},"modified":"2021-08-09T07:44:49","modified_gmt":"2021-08-09T07:44:49","slug":"bell-rock-2-sterne-hotel-auf-den-scilly-inseln","status":"publish","type":"page","link":"https:\/\/www.urlaubcornwall.de\/blog\/bell-rock-2-sterne-hotel-auf-den-scilly-inseln\/","title":{"rendered":"Bell Rock- 2 Sterne Hotel auf den Scilly Inseln"},"content":{"rendered":"<p><strong>Unsere Bewertung<\/strong><\/p>\n<p>Bell Rock Hotel hei\u00dft schon seit mehr als 100 Jahren G\u00e4ste willkommen, in idealer Lage auf St Marys zwischen dem Stadtstrand zur einen und der Porthcressa Bucht zur anderen Seite gelegen. Beide Str\u00e4nde befinden sich ungef\u00e4hr 100 Meter entfernt.<\/p>\n<p>Es ist ein traditionelles 2-Sterne-Hotel auf den <a href=\"https:\/\/www.urlaubcornwall.de\/Scilly-Inseln.php\">Scilly Inseln<\/a>, das gute Standardunterkunft zu vern\u00fcnftigem Preis bietet und dessen Lage angenehm ist, ruhig und doch zentral. Gesch\u00e4fte, Unterhaltungsangebote und das Museum befinden sich in der N\u00e4he.<\/p>\n<p>Der Hafen ist&nbsp; einen Spaziergang von weniger als 10 Minuten entfernt mit t\u00e4glichen Bootsverbindungen w\u00e4hrend der Urlaubssaison nach <a href=\"https:\/\/www.urlaubcornwall.de\/blog\/scilly-inseln-tresco\/\">Tresco<\/a>, <a href=\"https:\/\/www.urlaubcornwall.de\/blog\/scilly-inseln-bryher\/\">Bryher<\/a>, <a href=\"https:\/\/www.urlaubcornwall.de\/blog\/scilly-inseln-st-agnes\/\">St Agnes<\/a> und <a href=\"https:\/\/www.urlaubcornwall.de\/blog\/scilly-inseln-st-martins\/\">St Martin&#8217;s<\/a>.<\/p>\n<p><strong>Hotelzimmer<\/strong><\/p>\n<p>Bell Rock hat 23 En-Suite-Zimmer mit Dusche oder Badewanne (oder beidem). Die R\u00e4ume sind bequem und traditionell eingerichtet. Es gibt Einzel-, Doppel- und Familienzimmer, und einige der R\u00e4ume im Obergeschoss haben entfernten Meeresblick.<\/p>\n<p>S\u00e4mtliche R\u00e4ume verf\u00fcgen \u00fcber Fernseher, Radio, F\u00f6hn, M\u00f6glichkeiten, um Tee oder Kaffee zu kochen, ein Telefon mit Direktwahl und WiFi.<\/p>\n<p><strong>Restaurant<\/strong><\/p>\n<p>Die Speisekarte des Hotelrestaurants bietet eine Reihe an Vorspeisen, mindestens drei Hauptgerichte, einschlie\u00dflich eines vegetarischen Gerichtes, eine Reihe an Nachspeisen, einschlie\u00dflich des \u201ehei\u00dfen Tagespuddings\u201c, Speiseeis und K\u00e4se usw. Zu Ihrer Freude gibt es auch eine breite Auswahl an Weinen.<\/p>\n<p>Es gibt eine G\u00e4stelounge und Bar, die ruhige und bequeme Sitzm\u00f6glichkeit bieten, um ein vormahlzeitliches Getr\u00e4nk, Tee oder Kaffee nach dem Essen einzunehmen.<\/p>\n<h2 style=\"text-align: center;\"><strong>UrlaubCornwall.de<\/strong><\/h2>\n<p style=\"text-align: center;\">Der EINZIGE Deutsch sprechende Reiseservice f\u00fcr die Scilly-Inseln<\/p>\n<h1 style=\"text-align: center;\"><span style=\"text-decoration: underline; color: #800080;\"><strong><a style=\"color: #800080; text-decoration: underline;\" href=\"http:\/\/www.urlaubcornwall.de\/anfrage.php?tourcode=Isles of Scilly\">Anfrage Scilly Inseln<\/a><\/strong><\/span><\/h1>\n","protected":false},"excerpt":{"rendered":"<p>Unsere Bewertung Bell Rock Hotel hei\u00dft schon seit mehr als 100 Jahren G\u00e4ste willkommen, in idealer Lage auf St Marys zwischen dem Stadtstrand zur einen und der Porthcressa Bucht zur anderen Seite gelegen. Beide Str\u00e4nde befinden sich ungef\u00e4hr 100 Meter entfernt. Es ist ein traditionelles 2-Sterne-Hotel auf den Scilly Inseln, das gute Standardunterkunft zu vern\u00fcnftigem [&hellip;]<\/p>\n","protected":false},"author":1,"featured_media":0,"parent":0,"menu_order":0,"comment_status":"closed","ping_status":"closed","template":"single-two.php","meta":[],"acf":[],"yoast_head":"<!-- This site is optimized with the Yoast SEO plugin v19.4 - https:\/\/yoast.com\/wordpress\/plugins\/seo\/ -->\n<title>Bell Rock- 2 Sterne Hotel auf den Scilly Inseln - Urlaub &amp; Reisen<\/title>\n<meta name=\"robots\" content=\"index, follow, max-snippet:-1, max-image-preview:large, max-video-preview:-1\" \/>\n<link rel=\"canonical\" href=\"https:\/\/www.urlaubcornwall.de\/blog\/bell-rock-2-sterne-hotel-auf-den-scilly-inseln\/\" \/>\n<meta property=\"og:locale\" content=\"en_US\" \/>\n<meta property=\"og:type\" content=\"article\" \/>\n<meta property=\"og:title\" content=\"Bell Rock- 2 Sterne Hotel auf den Scilly Inseln - Urlaub &amp; Reisen\" \/>\n<meta property=\"og:description\" content=\"Unsere Bewertung Bell Rock Hotel hei\u00dft schon seit mehr als 100 Jahren G\u00e4ste willkommen, in idealer Lage auf St Marys zwischen dem Stadtstrand zur einen und der Porthcressa Bucht zur anderen Seite gelegen. Beide Str\u00e4nde befinden sich ungef\u00e4hr 100 Meter entfernt. Es ist ein traditionelles 2-Sterne-Hotel auf den Scilly Inseln, das gute Standardunterkunft zu vern\u00fcnftigem [&hellip;]\" \/>\n<meta property=\"og:url\" content=\"https:\/\/www.urlaubcornwall.de\/blog\/bell-rock-2-sterne-hotel-auf-den-scilly-inseln\/\" \/>\n<meta property=\"og:site_name\" content=\"Urlaub &amp; Reisen\" \/>\n<meta property=\"article:modified_time\" content=\"2021-08-09T07:44:49+00:00\" \/>\n<meta name=\"twitter:card\" content=\"summary\" \/>\n<meta name=\"twitter:label1\" content=\"Est. reading time\" \/>\n\t<meta name=\"twitter:data1\" content=\"1 minute\" \/>\n<script type=\"application\/ld+json\" class=\"yoast-schema-graph\">{\"@context\":\"https:\/\/schema.org\",\"@graph\":[{\"@type\":\"WebSite\",\"@id\":\"https:\/\/www.urlaubcornwall.de\/blog\/#website\",\"url\":\"https:\/\/www.urlaubcornwall.de\/blog\/\",\"name\":\"Urlaub &amp; Reisen\",\"description\":\"Urlaub, Reisen, Cornwall und S\u00fcdengland: eine perfekte Kombination\",\"potentialAction\":[{\"@type\":\"SearchAction\",\"target\":{\"@type\":\"EntryPoint\",\"urlTemplate\":\"https:\/\/www.urlaubcornwall.de\/blog\/?s={search_term_string}\"},\"query-input\":\"required name=search_term_string\"}],\"inLanguage\":\"en-US\"},{\"@type\":\"WebPage\",\"@id\":\"https:\/\/www.urlaubcornwall.de\/blog\/bell-rock-2-sterne-hotel-auf-den-scilly-inseln\/\",\"url\":\"https:\/\/www.urlaubcornwall.de\/blog\/bell-rock-2-sterne-hotel-auf-den-scilly-inseln\/\",\"name\":\"Bell Rock- 2 Sterne Hotel auf den Scilly Inseln - Urlaub &amp; Reisen\",\"isPartOf\":{\"@id\":\"https:\/\/www.urlaubcornwall.de\/blog\/#website\"},\"datePublished\":\"2016-05-01T12:49:36+00:00\",\"dateModified\":\"2021-08-09T07:44:49+00:00\",\"breadcrumb\":{\"@id\":\"https:\/\/www.urlaubcornwall.de\/blog\/bell-rock-2-sterne-hotel-auf-den-scilly-inseln\/#breadcrumb\"},\"inLanguage\":\"en-US\",\"potentialAction\":[{\"@type\":\"ReadAction\",\"target\":[\"https:\/\/www.urlaubcornwall.de\/blog\/bell-rock-2-sterne-hotel-auf-den-scilly-inseln\/\"]}]},{\"@type\":\"BreadcrumbList\",\"@id\":\"https:\/\/www.urlaubcornwall.de\/blog\/bell-rock-2-sterne-hotel-auf-den-scilly-inseln\/#breadcrumb\",\"itemListElement\":[{\"@type\":\"ListItem\",\"position\":1,\"name\":\"Home\",\"item\":\"https:\/\/www.urlaubcornwall.de\/blog\/\"},{\"@type\":\"ListItem\",\"position\":2,\"name\":\"Bell Rock- 2 Sterne Hotel auf den Scilly Inseln\"}]}]}<\/script>\n<!-- \/ Yoast SEO plugin. -->","yoast_head_json":{"title":"Bell Rock- 2 Sterne Hotel auf den Scilly Inseln - Urlaub &amp; Reisen","robots":{"index":"index","follow":"follow","max-snippet":"max-snippet:-1","max-image-preview":"max-image-preview:large","max-video-preview":"max-video-preview:-1"},"canonical":"https:\/\/www.urlaubcornwall.de\/blog\/bell-rock-2-sterne-hotel-auf-den-scilly-inseln\/","og_locale":"en_US","og_type":"article","og_title":"Bell Rock- 2 Sterne Hotel auf den Scilly Inseln - Urlaub &amp; Reisen","og_description":"Unsere Bewertung Bell Rock Hotel hei\u00dft schon seit mehr als 100 Jahren G\u00e4ste willkommen, in idealer Lage auf St Marys zwischen dem Stadtstrand zur einen und der Porthcressa Bucht zur anderen Seite gelegen. Beide Str\u00e4nde befinden sich ungef\u00e4hr 100 Meter entfernt. Es ist ein traditionelles 2-Sterne-Hotel auf den Scilly Inseln, das gute Standardunterkunft zu vern\u00fcnftigem [&hellip;]","og_url":"https:\/\/www.urlaubcornwall.de\/blog\/bell-rock-2-sterne-hotel-auf-den-scilly-inseln\/","og_site_name":"Urlaub &amp; Reisen","article_modified_time":"2021-08-09T07:44:49+00:00","twitter_card":"summary","twitter_misc":{"Est. reading time":"1 minute"},"schema":{"@context":"https:\/\/schema.org","@graph":[{"@type":"WebSite","@id":"https:\/\/www.urlaubcornwall.de\/blog\/#website","url":"https:\/\/www.urlaubcornwall.de\/blog\/","name":"Urlaub &amp; Reisen","description":"Urlaub, Reisen, Cornwall und S\u00fcdengland: eine perfekte Kombination","potentialAction":[{"@type":"SearchAction","target":{"@type":"EntryPoint","urlTemplate":"https:\/\/www.urlaubcornwall.de\/blog\/?s={search_term_string}"},"query-input":"required name=search_term_string"}],"inLanguage":"en-US"},{"@type":"WebPage","@id":"https:\/\/www.urlaubcornwall.de\/blog\/bell-rock-2-sterne-hotel-auf-den-scilly-inseln\/","url":"https:\/\/www.urlaubcornwall.de\/blog\/bell-rock-2-sterne-hotel-auf-den-scilly-inseln\/","name":"Bell Rock- 2 Sterne Hotel auf den Scilly Inseln - Urlaub &amp; Reisen","isPartOf":{"@id":"https:\/\/www.urlaubcornwall.de\/blog\/#website"},"datePublished":"2016-05-01T12:49:36+00:00","dateModified":"2021-08-09T07:44:49+00:00","breadcrumb":{"@id":"https:\/\/www.urlaubcornwall.de\/blog\/bell-rock-2-sterne-hotel-auf-den-scilly-inseln\/#breadcrumb"},"inLanguage":"en-US","potentialAction":[{"@type":"ReadAction","target":["https:\/\/www.urlaubcornwall.de\/blog\/bell-rock-2-sterne-hotel-auf-den-scilly-inseln\/"]}]},{"@type":"BreadcrumbList","@id":"https:\/\/www.urlaubcornwall.de\/blog\/bell-rock-2-sterne-hotel-auf-den-scilly-inseln\/#breadcrumb","itemListElement":[{"@type":"ListItem","position":1,"name":"Home","item":"https:\/\/www.urlaubcornwall.de\/blog\/"},{"@type":"ListItem","position":2,"name":"Bell Rock- 2 Sterne Hotel auf den Scilly Inseln"}]}]}},"_links":{"self":[{"href":"https:\/\/www.urlaubcornwall.de\/blog\/wp-json\/wp\/v2\/pages\/23772"}],"collection":[{"href":"https:\/\/www.urlaubcornwall.de\/blog\/wp-json\/wp\/v2\/pages"}],"about":[{"href":"https:\/\/www.urlaubcornwall.de\/blog\/wp-json\/wp\/v2\/types\/page"}],"author":[{"embeddable":true,"href":"https:\/\/www.urlaubcornwall.de\/blog\/wp-json\/wp\/v2\/users\/1"}],"replies":[{"embeddable":true,"href":"https:\/\/www.urlaubcornwall.de\/blog\/wp-json\/wp\/v2\/comments?post=23772"}],"version-history":[{"count":14,"href":"https:\/\/www.urlaubcornwall.de\/blog\/wp-json\/wp\/v2\/pages\/23772\/revisions"}],"predecessor-version":[{"id":42128,"href":"https:\/\/www.urlaubcornwall.de\/blog\/wp-json\/wp\/v2\/pages\/23772\/revisions\/42128"}],"wp:attachment":[{"href":"https:\/\/www.urlaubcornwall.de\/blog\/wp-json\/wp\/v2\/media?parent=23772"}],"curies":[{"name":"wp","href":"https:\/\/api.w.org\/{rel}","templated":true}]}}