{"id":23639,"date":"2016-04-27T08:49:23","date_gmt":"2016-04-27T08:49:23","guid":{"rendered":"https:\/\/www.urlaubcornwall.de\/blog\/?page_id=23639"},"modified":"2019-02-19T14:51:33","modified_gmt":"2019-02-19T14:51:33","slug":"karma-st-martins-hotel-am-meer-scilly-inseln","status":"publish","type":"page","link":"https:\/\/www.urlaubcornwall.de\/blog\/karma-st-martins-hotel-am-meer-scilly-inseln\/","title":{"rendered":"Karma St Martin&#8217;s- Luxushotel am Meer Scilly Inseln"},"content":{"rendered":"<p><strong>Unsere Bewertung<\/strong> &#8211; <strong><a title=\"Luxushotel am Meer Scilly Inseln\" href=\"https:\/\/www.booking.com\/hotel\/gb\/karma-st-martin-39-s.html?aid=1320750&amp;no_rooms=1&amp;group_adults=2&amp;room1=A%2C\" rel=\"nofollow\">Karma auf St. Martin&#8217;s<\/a><\/strong> ist das einzige Hotel der Insel mit einem der besten Panorama-K\u00fcstenblicke der Inseln, \u00fcber das azurblaue Wasser des Tean Sound hinweg. Die Unterkunft besteht aus 27 individuell eingerichteten En-Suite-R\u00e4umen und 3 luxuri\u00f6sen Suiten. Sich anschlie\u00dfende Familienr\u00e4umlichkeiten sind auf Nachfrage hin erh\u00e4ltlich, und es ist ein hundefreundliches Hotel.<\/p>\n<p>Hotel auf den <a href=\"https:\/\/www.urlaubcornwall.de\/Scilly-Inseln.php\">Isles of Scilly<\/a> mit Meerblick &#8211; G\u00e4ste des Karma St Martin&#8217;s k\u00f6nnen in den eigenen subtropischen G\u00e4rten im Freien speisen oder ein formelles Mahl im Restaurant einnehmen. Beide Speisem\u00f6glichkeiten bieten atemberaubenden Meeresblick und eignen sich perfekt, um den herrlichen Scilly Sonnenuntergang festzuhalten.<\/p>\n<p>Um eher aktiven Besch\u00e4ftigungen nachzugehen, k\u00f6nnen sich G\u00e4ste im nahe gelegenen Fitnessstudio verausgaben, eine Runde Tennis auf dem Inseltennisplatz spielen, mit Seehunden im kristallklaren Meer vor der Insel schnorcheln oder sich erholen und entspannen mit einer wohltuenden Karma Spa Behandlung im Karma Spa.<\/p>\n<p>Bootsfahrten zu nahe gelegenen Inseln sind erh\u00e4ltlich f\u00fcr Angelexpeditionen, um arch\u00e4ologische St\u00e4tten zu sehen, um seltene V\u00f6gel, einschlie\u00dflich der Kolonien von Papageientauchern zu entdecken und einige der 500 Schiffwracks zu erkunden, die an den felsigen Ufern verstreut sind.<\/p>\n<p style=\"text-align: center;\"><a class=\"tidycta\" href=\"https:\/\/www.booking.com\/hotel\/gb\/karma-st-martin-39-s.html?aid=1320750&amp;no_rooms=1&amp;group_adults=2&amp;room1=A%2C\" rel=\"nofollow\">Verf\u00fcgbarkeit pr\u00fcfen Karma<\/a><\/p>\n<p><strong>R\u00e4umlichkeiten<\/strong><\/p>\n<p><strong>Standardr\u00e4ume<\/strong> &#8211; Im Herzen des Karma St Martin&#8217;s gelegen, besticht das \u00c4u\u00dfere dieser charmanten R\u00e4ume traditionell erbaut aus \u00f6rtlichem Gestein und mit einem stilvollen, zeitgen\u00f6ssischen Inneren.<\/p>\n<p><strong>Ocean Room<\/strong> &#8211; Genie\u00dfen Sie unglaublichen Komfort und herrlichen Meeresblick. Vier der Ozeanr\u00e4ume sind miteinander verbunden und bieten somit mehr Flexibilit\u00e4t, wenn Sie mit Familie und Freunden reisen.<\/p>\n<p><strong>Superior Ocean Room<\/strong> &#8211; Luxuri\u00f6se R\u00e4ume mit einem Sofa, En-Suite-Badezimmer und Meeresblick.<\/p>\n<p><strong>Familiensuite<\/strong> &#8211; Die ideale Wahl, wenn Sie mit Kindern reisen. Sie verf\u00fcgt \u00fcber ein Schlafzimmer, sowie ein Wohnzimmer mit Sofabett.<\/p>\n<p><strong>Flitterwochensuite<\/strong> &#8211; Luxuri\u00f6ses Schlafzimmer mit En-Suite, gro\u00dfes Wohnzimmer, Panoramablick hin zum Tean Sound und dem Leuchtturm, dazu ein privater Balkon.<\/p>\n<p><strong>Cloudesley Shovell Restaurant<\/strong> &#8211; Im Cloudesley Shovell Restaurant gibt es eine Reihe an Gerichten aus \u00f6rtlichem Anbau, von der Meeresfr\u00fcchteplatte , von Fischern vor Ort gefangen, oder einer frisch gefangenen Hummerdelikatesse bis hin zum k\u00f6stlichen nachmitt\u00e4glichen Cream Tea oder einem Pasty-Picknick am Strand. Die Aromen sind frisch und lecker mit einem Hauch von Unerwartetem.<\/p>\n<p><strong>Komfort<\/strong><\/p>\n<p><strong>Karma Spa<\/strong> &#8211; Treffen Sie eine Wahl aus unserem magischen Men\u00fc an gef\u00fchlvollen Therapien und Behandlungen. Wir m\u00f6chten Ihnen eine Erfahrung erm\u00f6glichen, die Ihrer inneren Gesundheit und \u00e4u\u00dferlichen Sch\u00f6nheit gut tut. S\u00e4mtliche unserer Karma Behandlungen werden kuratiert von Zutaten ethischer und nachhaltiger Z\u00fcchter und sind frei von Parabenen.<\/p>\n<p><strong>Karma St Martins Bar<\/strong> &#8211; W\u00e4hlen Sie aus unserer Cocktailkarte oder genie\u00dfen Sie das Geschmackserlebnis schlechthin in unserer Weinlounge, wo das \u201eWine Emotion System\u201c perfekt gehaltene Weine per Glas frei gibt und es Ihnen somit erm\u00f6glicht, die feinsten Weine der Welt Schluck f\u00fcr Schluck zu entdecken.<\/p>\n<p><strong>Wassersport<\/strong> &#8211; Tauchen, Rudern, Windsurfen, Schwimmen, Segeln und mehr&#8230;&#8230; Das Archipel der Scilly Inseln bietet zahlreiche M\u00f6glichkeiten, um nass und wild zu werden; sagen Sie unserem G\u00e4ste-Serviceteam einfach, was Sie gerne ausprobieren m\u00f6chten. Oder wenn Sie lieber in der N\u00e4he bleiben wollen, lassen Sie uns ein Picknick zusammenstellen, das Sie dann an einem der puderweichen Str\u00e4nde von St Martin&#8217;s genie\u00dfen k\u00f6nnen.<\/p>\n<p><strong>Tauchen oder Schnorcheln mit Seehunden<\/strong> &#8211; Ziehen Sie sich einen Schnorchel \u00fcber und kommen Sie in den klaren Wassern der Scilly Inseln in Kontakt mit den atlantischen Kegelrobben. F\u00fcr diejenigen, die tauchen m\u00f6chten, gibt es die M\u00f6glichkeit, vor den Ufern von St Martin&#8217;s mit Robben zu tauchen.<\/p>\n<p style=\"text-align: center;\"><a class=\"tidycta\" href=\"https:\/\/www.booking.com\/hotel\/gb\/karma-st-martin-39-s.html?aid=1320750&amp;no_rooms=1&amp;group_adults=2&amp;room1=A%2C\" rel=\"nofollow\">Verf\u00fcgbarkeit pr\u00fcfen Karma<\/a><\/p>\n<p style=\"text-align: center;\"><b>Klicken Sie <\/b><strong>hie<\/strong>r<b>, um sich unser vollst\u00e4ndiges Angebot der besten <a href=\"https:\/\/www.urlaubcornwall.de\/hotels.php\">Hotels in Cornwall&gt;&gt;<\/a><\/b><\/p>\n","protected":false},"excerpt":{"rendered":"<p>Unsere Bewertung &#8211; Karma auf St. Martin&#8217;s ist das einzige Hotel der Insel mit einem der besten Panorama-K\u00fcstenblicke der Inseln, \u00fcber das azurblaue Wasser des Tean Sound hinweg. Die Unterkunft besteht aus 27 individuell eingerichteten En-Suite-R\u00e4umen und 3 luxuri\u00f6sen Suiten. Sich anschlie\u00dfende Familienr\u00e4umlichkeiten sind auf Nachfrage hin erh\u00e4ltlich, und es ist ein hundefreundliches Hotel. Hotel [&hellip;]<\/p>\n","protected":false},"author":1,"featured_media":0,"parent":0,"menu_order":0,"comment_status":"closed","ping_status":"closed","template":"single-two.php","meta":[],"acf":[],"yoast_head":"<!-- This site is optimized with the Yoast SEO plugin v19.4 - https:\/\/yoast.com\/wordpress\/plugins\/seo\/ -->\n<title>Karma St Martin&#039;s- Luxushotel am Meer Scilly Inseln - Urlaub &amp; Reisen<\/title>\n<meta name=\"robots\" content=\"index, follow, max-snippet:-1, max-image-preview:large, max-video-preview:-1\" \/>\n<link rel=\"canonical\" href=\"https:\/\/www.urlaubcornwall.de\/blog\/karma-st-martins-hotel-am-meer-scilly-inseln\/\" \/>\n<meta property=\"og:locale\" content=\"en_US\" \/>\n<meta property=\"og:type\" content=\"article\" \/>\n<meta property=\"og:title\" content=\"Karma St Martin&#039;s- Luxushotel am Meer Scilly Inseln - Urlaub &amp; Reisen\" \/>\n<meta property=\"og:description\" content=\"Unsere Bewertung &#8211; Karma auf St. Martin&#8217;s ist das einzige Hotel der Insel mit einem der besten Panorama-K\u00fcstenblicke der Inseln, \u00fcber das azurblaue Wasser des Tean Sound hinweg. Die Unterkunft besteht aus 27 individuell eingerichteten En-Suite-R\u00e4umen und 3 luxuri\u00f6sen Suiten. Sich anschlie\u00dfende Familienr\u00e4umlichkeiten sind auf Nachfrage hin erh\u00e4ltlich, und es ist ein hundefreundliches Hotel. Hotel [&hellip;]\" \/>\n<meta property=\"og:url\" content=\"https:\/\/www.urlaubcornwall.de\/blog\/karma-st-martins-hotel-am-meer-scilly-inseln\/\" \/>\n<meta property=\"og:site_name\" content=\"Urlaub &amp; Reisen\" \/>\n<meta property=\"article:modified_time\" content=\"2019-02-19T14:51:33+00:00\" \/>\n<meta name=\"twitter:card\" content=\"summary\" \/>\n<meta name=\"twitter:label1\" content=\"Est. reading time\" \/>\n\t<meta name=\"twitter:data1\" content=\"3 minutes\" \/>\n<script type=\"application\/ld+json\" class=\"yoast-schema-graph\">{\"@context\":\"https:\/\/schema.org\",\"@graph\":[{\"@type\":\"WebSite\",\"@id\":\"https:\/\/www.urlaubcornwall.de\/blog\/#website\",\"url\":\"https:\/\/www.urlaubcornwall.de\/blog\/\",\"name\":\"Urlaub &amp; Reisen\",\"description\":\"Urlaub, Reisen, Cornwall und S\u00fcdengland: eine perfekte Kombination\",\"potentialAction\":[{\"@type\":\"SearchAction\",\"target\":{\"@type\":\"EntryPoint\",\"urlTemplate\":\"https:\/\/www.urlaubcornwall.de\/blog\/?s={search_term_string}\"},\"query-input\":\"required name=search_term_string\"}],\"inLanguage\":\"en-US\"},{\"@type\":\"WebPage\",\"@id\":\"https:\/\/www.urlaubcornwall.de\/blog\/karma-st-martins-hotel-am-meer-scilly-inseln\/\",\"url\":\"https:\/\/www.urlaubcornwall.de\/blog\/karma-st-martins-hotel-am-meer-scilly-inseln\/\",\"name\":\"Karma St Martin's- Luxushotel am Meer Scilly Inseln - Urlaub &amp; Reisen\",\"isPartOf\":{\"@id\":\"https:\/\/www.urlaubcornwall.de\/blog\/#website\"},\"datePublished\":\"2016-04-27T08:49:23+00:00\",\"dateModified\":\"2019-02-19T14:51:33+00:00\",\"breadcrumb\":{\"@id\":\"https:\/\/www.urlaubcornwall.de\/blog\/karma-st-martins-hotel-am-meer-scilly-inseln\/#breadcrumb\"},\"inLanguage\":\"en-US\",\"potentialAction\":[{\"@type\":\"ReadAction\",\"target\":[\"https:\/\/www.urlaubcornwall.de\/blog\/karma-st-martins-hotel-am-meer-scilly-inseln\/\"]}]},{\"@type\":\"BreadcrumbList\",\"@id\":\"https:\/\/www.urlaubcornwall.de\/blog\/karma-st-martins-hotel-am-meer-scilly-inseln\/#breadcrumb\",\"itemListElement\":[{\"@type\":\"ListItem\",\"position\":1,\"name\":\"Home\",\"item\":\"https:\/\/www.urlaubcornwall.de\/blog\/\"},{\"@type\":\"ListItem\",\"position\":2,\"name\":\"Karma St Martin&#8217;s- Luxushotel am Meer Scilly Inseln\"}]}]}<\/script>\n<!-- \/ Yoast SEO plugin. -->","yoast_head_json":{"title":"Karma St Martin's- Luxushotel am Meer Scilly Inseln - Urlaub &amp; Reisen","robots":{"index":"index","follow":"follow","max-snippet":"max-snippet:-1","max-image-preview":"max-image-preview:large","max-video-preview":"max-video-preview:-1"},"canonical":"https:\/\/www.urlaubcornwall.de\/blog\/karma-st-martins-hotel-am-meer-scilly-inseln\/","og_locale":"en_US","og_type":"article","og_title":"Karma St Martin's- Luxushotel am Meer Scilly Inseln - Urlaub &amp; Reisen","og_description":"Unsere Bewertung &#8211; Karma auf St. Martin&#8217;s ist das einzige Hotel der Insel mit einem der besten Panorama-K\u00fcstenblicke der Inseln, \u00fcber das azurblaue Wasser des Tean Sound hinweg. Die Unterkunft besteht aus 27 individuell eingerichteten En-Suite-R\u00e4umen und 3 luxuri\u00f6sen Suiten. Sich anschlie\u00dfende Familienr\u00e4umlichkeiten sind auf Nachfrage hin erh\u00e4ltlich, und es ist ein hundefreundliches Hotel. Hotel [&hellip;]","og_url":"https:\/\/www.urlaubcornwall.de\/blog\/karma-st-martins-hotel-am-meer-scilly-inseln\/","og_site_name":"Urlaub &amp; Reisen","article_modified_time":"2019-02-19T14:51:33+00:00","twitter_card":"summary","twitter_misc":{"Est. reading time":"3 minutes"},"schema":{"@context":"https:\/\/schema.org","@graph":[{"@type":"WebSite","@id":"https:\/\/www.urlaubcornwall.de\/blog\/#website","url":"https:\/\/www.urlaubcornwall.de\/blog\/","name":"Urlaub &amp; Reisen","description":"Urlaub, Reisen, Cornwall und S\u00fcdengland: eine perfekte Kombination","potentialAction":[{"@type":"SearchAction","target":{"@type":"EntryPoint","urlTemplate":"https:\/\/www.urlaubcornwall.de\/blog\/?s={search_term_string}"},"query-input":"required name=search_term_string"}],"inLanguage":"en-US"},{"@type":"WebPage","@id":"https:\/\/www.urlaubcornwall.de\/blog\/karma-st-martins-hotel-am-meer-scilly-inseln\/","url":"https:\/\/www.urlaubcornwall.de\/blog\/karma-st-martins-hotel-am-meer-scilly-inseln\/","name":"Karma St Martin's- Luxushotel am Meer Scilly Inseln - Urlaub &amp; Reisen","isPartOf":{"@id":"https:\/\/www.urlaubcornwall.de\/blog\/#website"},"datePublished":"2016-04-27T08:49:23+00:00","dateModified":"2019-02-19T14:51:33+00:00","breadcrumb":{"@id":"https:\/\/www.urlaubcornwall.de\/blog\/karma-st-martins-hotel-am-meer-scilly-inseln\/#breadcrumb"},"inLanguage":"en-US","potentialAction":[{"@type":"ReadAction","target":["https:\/\/www.urlaubcornwall.de\/blog\/karma-st-martins-hotel-am-meer-scilly-inseln\/"]}]},{"@type":"BreadcrumbList","@id":"https:\/\/www.urlaubcornwall.de\/blog\/karma-st-martins-hotel-am-meer-scilly-inseln\/#breadcrumb","itemListElement":[{"@type":"ListItem","position":1,"name":"Home","item":"https:\/\/www.urlaubcornwall.de\/blog\/"},{"@type":"ListItem","position":2,"name":"Karma St Martin&#8217;s- Luxushotel am Meer Scilly Inseln"}]}]}},"_links":{"self":[{"href":"https:\/\/www.urlaubcornwall.de\/blog\/wp-json\/wp\/v2\/pages\/23639"}],"collection":[{"href":"https:\/\/www.urlaubcornwall.de\/blog\/wp-json\/wp\/v2\/pages"}],"about":[{"href":"https:\/\/www.urlaubcornwall.de\/blog\/wp-json\/wp\/v2\/types\/page"}],"author":[{"embeddable":true,"href":"https:\/\/www.urlaubcornwall.de\/blog\/wp-json\/wp\/v2\/users\/1"}],"replies":[{"embeddable":true,"href":"https:\/\/www.urlaubcornwall.de\/blog\/wp-json\/wp\/v2\/comments?post=23639"}],"version-history":[{"count":40,"href":"https:\/\/www.urlaubcornwall.de\/blog\/wp-json\/wp\/v2\/pages\/23639\/revisions"}],"predecessor-version":[{"id":36453,"href":"https:\/\/www.urlaubcornwall.de\/blog\/wp-json\/wp\/v2\/pages\/23639\/revisions\/36453"}],"wp:attachment":[{"href":"https:\/\/www.urlaubcornwall.de\/blog\/wp-json\/wp\/v2\/media?parent=23639"}],"curies":[{"name":"wp","href":"https:\/\/api.w.org\/{rel}","templated":true}]}}