{"id":23599,"date":"2016-04-23T09:35:20","date_gmt":"2016-04-23T09:35:20","guid":{"rendered":"https:\/\/www.urlaubcornwall.de\/blog\/?page_id=23599"},"modified":"2026-01-06T20:23:10","modified_gmt":"2026-01-06T20:23:10","slug":"scilly-inseln-klima-und-wassertemperatur","status":"publish","type":"page","link":"https:\/\/www.urlaubcornwall.de\/blog\/scilly-inseln-klima-und-wassertemperatur\/","title":{"rendered":"Beste Reisezeit f\u00fcr Scilly Inseln &#8211; Klima und Wassertemperatur"},"content":{"rendered":"<p><img loading=\"lazy\" class=\"aligncenter size-full wp-image-42090\" src=\"https:\/\/www.urlaubcornwall.de\/blog\/wp-content\/uploads\/2021\/08\/scilly-klima-wetter-urlaub.jpg\" alt=\"scilly klima wetter urlaub\" width=\"750\" height=\"772\" srcset=\"https:\/\/www.urlaubcornwall.de\/blog\/wp-content\/uploads\/2021\/08\/scilly-klima-wetter-urlaub.jpg 750w, https:\/\/www.urlaubcornwall.de\/blog\/wp-content\/uploads\/2021\/08\/scilly-klima-wetter-urlaub-291x300.jpg 291w\" sizes=\"(max-width: 750px) 100vw, 750px\" \/><\/p>\n<p>Die <a href=\"https:\/\/www.urlaubcornwall.de\/Scilly-Inseln.php\"><span style=\"text-decoration: underline;\">Isles of Scilly<\/span><\/a>, die ungef\u00e4hr 45km vor der S\u00fcdk\u00fcste Cornwalls liegen, stellen ein Archipel von 140 unbewohnten und 5 bewohnten Inseln dar: <a href=\"https:\/\/www.urlaubcornwall.de\/blog\/scilly-inseln-st-marys\/\">St Marys<\/a>, <a href=\"https:\/\/www.urlaubcornwall.de\/blog\/scilly-inseln-tresco\/\">Tresco<\/a>, <a href=\"https:\/\/www.urlaubcornwall.de\/blog\/scilly-inseln-st-martins\/\">St Martins<\/a>, <a href=\"https:\/\/www.urlaubcornwall.de\/blog\/scilly-inseln-bryher\/\">Bryher<\/a> und <a href=\"https:\/\/www.urlaubcornwall.de\/blog\/scilly-inseln-st-agnes\/\">St Agnes<\/a>. Die Inseln liegen im warmen Golfstrom und haben eines der mildesten Klima Gro\u00dfbritanniens. Die Durchschnittstemperatur&nbsp; im Januar betr\u00e4gt 10C im Vergleich zu 8C in London. <\/p>\n<p>Aufgrund des Meereseinflusses z\u00e4hlen die Winter zu den w\u00e4rmsten des Landes, obgleich sie sich auf demselben Breitengrad befinden wie Winnipeg in Canada. Frost und Schnee gibt es sehr selten. Die Temperatur ist erstaunlich konstant mit lediglich 9 Grad Unterschied zwischen den w\u00e4rmsten und k\u00e4ltesten Monaten des Jahres.<\/p>\n<p>Obwohl die Sommer nicht ganz so warm wie auf dem Festland sind, sind sie doch sonniger \u2013 der Name der Inseln r\u00fchrt vom Wort \u2018sully\u2019 her, was so viel bedeutet wie Sonneninseln. Aufgrund der sehr geringen Luftverschmutzung ist der UV Einfall auf den Inseln h\u00f6her als auf dem Festland. Sorgen Sie daher f\u00fcr ausreichenden Sonnenschutz.<\/p>\n<p style=\"text-align: center;\"><a class=\"tidycta\" href=\"https:\/\/www.urlaubcornwall.de\/Scilly-Inseln.php\">Reisef\u00fchrer f\u00fcr die Isles of Scilly<\/a><\/p>\n<p><img loading=\"lazy\" class=\"aligncenter size-full wp-image-23607\" src=\"https:\/\/www.urlaubcornwall.de\/blog\/wp-content\/uploads\/2016\/04\/Capture.png\" alt=\"Durchschnittliche Meerestemperaturen Scilly Inseln\" width=\"745\" height=\"530\"\/><\/p>\n<p>Fr\u00fchling ist von M\u00e4rz bis Mai, und die Blumen bl\u00fchen hier fr\u00fcher als auf dem Festland. Mai ist der sonnigste Monat des Jahres, wenngleich er sich noch immer recht frisch anf\u00fchlen kann. Sommer, von Juni bis August, ist die beliebteste Reisezeit f\u00fcr Touristen, mit einer Durchschnittstemperatur von 19C und Meerestemperatur von 14C. Den gesamten Herbst \u00fcber, von September bis November, liegen die Tagestemperaturen um 18C, die Abende sind k\u00fchler mit einer Durchschnittstemperatur von 9C. Doch es ist noch immer eine sehr gute Zeit, um die Scilly Inseln zu besuchen, vor allem, wenn Sie gerne V\u00f6gel beobachten. W\u00e4hrend des Winters, von Dezember bis Februar sind die Inseln mit 11C viel w\u00e4rmer als das Festland, doch es gibt sehr viel mehr Regen, starke Winde und St\u00fcrme.<\/p>\n<table>\n<thead>\n<tr>\n<td><strong>Monat<\/strong><\/td>\n<td><strong>Max. Temp<br \/>\n(\u00b0C)<\/strong><\/td>\n<td><strong>Min. Temp<br \/>\n(\u00b0C)<\/strong><\/td>\n<td><strong>Luftfrosttagen <\/strong><\/td>\n<td><strong>Sonnenschein (Stunden)<\/strong><\/td>\n<td><strong>Regenmenge (mm)<\/strong><\/td>\n<td><strong>Regentagen <\/strong><\/td>\n<\/tr>\n<\/thead>\n<tbody>\n<tr>\n<td>Jan<\/td>\n<td>9,7<\/td>\n<td>6,2<\/td>\n<td>0,6<\/td>\n<td>58,8<\/td>\n<td>94,8<\/td>\n<td>14,5<\/td>\n<\/tr>\n<tr>\n<td>Febr<\/td>\n<td>9,7<\/td>\n<td>6,0<\/td>\n<td>0,6<\/td>\n<td>79,8<\/td>\n<td>69,7<\/td>\n<td>13,0<\/td>\n<\/tr>\n<tr>\n<td>M\u00e4rz<\/td>\n<td>10,8<\/td>\n<td>6,7<\/td>\n<td>0,1<\/td>\n<td>124,4<\/td>\n<td>61,7<\/td>\n<td>11,5<\/td>\n<\/tr>\n<tr>\n<td>Apr<\/td>\n<td>12,3<\/td>\n<td>7,2<\/td>\n<td>0,0<\/td>\n<td>192,4<\/td>\n<td>54,6<\/td>\n<td>10,4<\/td>\n<\/tr>\n<tr>\n<td>Mai<\/td>\n<td>14,5<\/td>\n<td>9,4<\/td>\n<td>0,0<\/td>\n<td>218,5<\/td>\n<td>47,8<\/td>\n<td>8,5<\/td>\n<\/tr>\n<tr>\n<td>Jun<\/td>\n<td>17,1<\/td>\n<td>1,9<\/td>\n<td>0,0<\/td>\n<td>206,3<\/td>\n<td>47,8<\/td>\n<td>6,9<\/td>\n<\/tr>\n<tr>\n<td>Jul<\/td>\n<td>19,2<\/td>\n<td>13,8<\/td>\n<td>0,0<\/td>\n<td>204,1<\/td>\n<td>63,4<\/td>\n<td>8,9<\/td>\n<\/tr>\n<tr>\n<td>Aug<\/td>\n<td>19,7<\/td>\n<td>14,1<\/td>\n<td>0,0<\/td>\n<td>203,4<\/td>\n<td>67,2<\/td>\n<td>9,7<\/td>\n<\/tr>\n<tr>\n<td>Sept<\/td>\n<td>18,0<\/td>\n<td>12,9<\/td>\n<td>0,0<\/td>\n<td>160,1<\/td>\n<td>67,4<\/td>\n<td>10,2<\/td>\n<\/tr>\n<tr>\n<td>Okt<\/td>\n<td>14,7<\/td>\n<td>10,6<\/td>\n<td>0,0<\/td>\n<td>113,0<\/td>\n<td>96,6<\/td>\n<td>14,4<\/td>\n<\/tr>\n<tr>\n<td>Nov<\/td>\n<td>12,1<\/td>\n<td>8,5<\/td>\n<td>0,0<\/td>\n<td>74,6<\/td>\n<td>95,9<\/td>\n<td>14,9<\/td>\n<\/tr>\n<tr>\n<td>Dez<\/td>\n<td>10,4<\/td>\n<td>6,9<\/td>\n<td>0,2<\/td>\n<td>54,4<\/td>\n<td>98,2<\/td>\n<td>15,2<\/td>\n<\/tr>\n<tr>\n<td>Jahr<\/td>\n<td>14,0<\/td>\n<td>9,5<\/td>\n<td>1,4<\/td>\n<td>1689,7<\/td>\n<td>865,0<\/td>\n<td>138,1<\/td>\n<\/tr>\n<\/tbody>\n<\/table>\n<p>UrlaubCornwall, mit Firmensitz in Cornwall und selbst h\u00e4ufig Besucher der <strong><a href=\"http:\/\/www.urlaubcornwall.de\/Scilly-Inseln.php\">Scilly Inseln<\/a><\/strong>, hat eine einzigartige Sammlung handverlesener, pers\u00f6nlich inspizierter Hotels und B&amp;Bs in dieser atemberaubenden Inselwelt zusammengestellt.<\/p>\n<div class=\"snippet\"> <a class=\"featured-item\" href=\"https:\/\/www.urlaubcornwall.de\/Scilly-Inseln.php\"> <span class=\"image-holder\" style=\"background-image: url('https:\/\/www.urlaubcornwall.de\/blog\/wp-content\/uploads\/2018\/12\/urlaub_isles_scilly_cornwall.jpg');\"><\/span> <span class=\"featured-content\"> \n<h2 class=\"featured-title\">Urlaub auf den Isles of Scilly <\/h2>\n<p class=\"featured-body\">Die Scilly-Inseln sind Cornwalls bestgeh\u00fctetes Geheimnis; aufgrund ihres milden Klimas, der perfekten Sandstr\u00e4nde und dem t\u00fcrkisblauen Meer werden sie auch die gl\u00fccklichen Inseln (Fortunate Isles) genannt. . &#8230;<\/p>\n<\/span> <span class=\"featured-link-holder\"> <span class=\"featured-extra-info\"> \n<p>Der <strong>EINZIGE<\/strong> Deutsch sprechende Reiseservice f\u00fcr Scilly<\/p>\n<\/span> \n<p class=\"featured-link\">Details<\/p>\n<\/span> <\/a><\/div>\n<h3>&nbsp;<\/h3>\n<p><a class=\"weatherwidget-io\" href=\"https:\/\/forecast7.com\/de\/50d27n5d05\/cornwall\/\" data-label_1=\"SCILLY\" data-label_2=\"WETTER\" data-theme=\"original\">SCILLY WETTER<\/a><br \/>\n<script>\n!function(d,s,id){var js,fjs=d.getElementsByTagName(s)[0];if(!d.getElementById(id)){js=d.createElement(s);js.id=id;js.src='https:\/\/weatherwidget.io\/js\/widget.min.js';fjs.parentNode.insertBefore(js,fjs);}}(document,'script','weatherwidget-io-js');\n<\/script><\/p>\n","protected":false},"excerpt":{"rendered":"<p>Die Isles of Scilly, die ungef\u00e4hr 45km vor der S\u00fcdk\u00fcste Cornwalls liegen, stellen ein Archipel von 140 unbewohnten und 5 bewohnten Inseln dar: St Marys, Tresco, St Martins, Bryher und St Agnes. Die Inseln liegen im warmen Golfstrom und haben eines der mildesten Klima Gro\u00dfbritanniens. Die Durchschnittstemperatur&nbsp; im Januar betr\u00e4gt 10C im Vergleich zu 8C [&hellip;]<\/p>\n","protected":false},"author":1,"featured_media":0,"parent":0,"menu_order":0,"comment_status":"closed","ping_status":"closed","template":"single-four.php","meta":[],"acf":[],"yoast_head":"<!-- This site is optimized with the Yoast SEO plugin v19.4 - https:\/\/yoast.com\/wordpress\/plugins\/seo\/ -->\n<title>Beste Reisezeit f\u00fcr Scilly Inseln - Klima und Wassertemperatur - Urlaub &amp; Reisen<\/title>\n<meta name=\"description\" content=\"Die Isles of Scilly, die ungef\u00e4hr 45km vor der S\u00fcdk\u00fcste Cornwalls liegen, stellen ein Archipel von 140 unbewohnten und 5 bewohnten Inseln dar: St Marys, Tresco, St Martins, Bryher und St Agnes. Die Inseln liegen im warmen Golfstrom und haben eines der mildesten Klima Gro\u00dfbritanniens. Die Durchschnittstemperatur im Januar betr\u00e4gt 10C im Vergleich zu 8C in London.\" \/>\n<meta name=\"robots\" content=\"index, follow, max-snippet:-1, max-image-preview:large, max-video-preview:-1\" \/>\n<link rel=\"canonical\" href=\"https:\/\/www.urlaubcornwall.de\/blog\/scilly-inseln-klima-und-wassertemperatur\/\" \/>\n<meta property=\"og:locale\" content=\"en_US\" \/>\n<meta property=\"og:type\" content=\"article\" \/>\n<meta property=\"og:title\" content=\"Beste Reisezeit f\u00fcr Scilly Inseln - Klima und Wassertemperatur - Urlaub &amp; Reisen\" \/>\n<meta property=\"og:description\" content=\"Die Isles of Scilly, die ungef\u00e4hr 45km vor der S\u00fcdk\u00fcste Cornwalls liegen, stellen ein Archipel von 140 unbewohnten und 5 bewohnten Inseln dar: St Marys, Tresco, St Martins, Bryher und St Agnes. Die Inseln liegen im warmen Golfstrom und haben eines der mildesten Klima Gro\u00dfbritanniens. Die Durchschnittstemperatur im Januar betr\u00e4gt 10C im Vergleich zu 8C in London.\" \/>\n<meta property=\"og:url\" content=\"https:\/\/www.urlaubcornwall.de\/blog\/scilly-inseln-klima-und-wassertemperatur\/\" \/>\n<meta property=\"og:site_name\" content=\"Urlaub &amp; Reisen\" \/>\n<meta property=\"article:modified_time\" content=\"2026-01-06T20:23:10+00:00\" \/>\n<meta property=\"og:image\" content=\"https:\/\/www.urlaubcornwall.de\/blog\/wp-content\/uploads\/2021\/08\/scilly-klima-wetter-urlaub.jpg\" \/>\n<meta name=\"twitter:card\" content=\"summary\" \/>\n<meta name=\"twitter:label1\" content=\"Est. reading time\" \/>\n\t<meta name=\"twitter:data1\" content=\"3 minutes\" \/>\n<script type=\"application\/ld+json\" class=\"yoast-schema-graph\">{\"@context\":\"https:\/\/schema.org\",\"@graph\":[{\"@type\":\"WebSite\",\"@id\":\"https:\/\/www.urlaubcornwall.de\/blog\/#website\",\"url\":\"https:\/\/www.urlaubcornwall.de\/blog\/\",\"name\":\"Urlaub &amp; Reisen\",\"description\":\"Urlaub, Reisen, Cornwall und S\u00fcdengland: eine perfekte Kombination\",\"potentialAction\":[{\"@type\":\"SearchAction\",\"target\":{\"@type\":\"EntryPoint\",\"urlTemplate\":\"https:\/\/www.urlaubcornwall.de\/blog\/?s={search_term_string}\"},\"query-input\":\"required name=search_term_string\"}],\"inLanguage\":\"en-US\"},{\"@type\":\"WebPage\",\"@id\":\"https:\/\/www.urlaubcornwall.de\/blog\/scilly-inseln-klima-und-wassertemperatur\/\",\"url\":\"https:\/\/www.urlaubcornwall.de\/blog\/scilly-inseln-klima-und-wassertemperatur\/\",\"name\":\"Beste Reisezeit f\u00fcr Scilly Inseln - Klima und Wassertemperatur - Urlaub &amp; Reisen\",\"isPartOf\":{\"@id\":\"https:\/\/www.urlaubcornwall.de\/blog\/#website\"},\"datePublished\":\"2016-04-23T09:35:20+00:00\",\"dateModified\":\"2026-01-06T20:23:10+00:00\",\"description\":\"Die Isles of Scilly, die ungef\u00e4hr 45km vor der S\u00fcdk\u00fcste Cornwalls liegen, stellen ein Archipel von 140 unbewohnten und 5 bewohnten Inseln dar: St Marys, Tresco, St Martins, Bryher und St Agnes. Die Inseln liegen im warmen Golfstrom und haben eines der mildesten Klima Gro\u00dfbritanniens. Die Durchschnittstemperatur im Januar betr\u00e4gt 10C im Vergleich zu 8C in London.\",\"breadcrumb\":{\"@id\":\"https:\/\/www.urlaubcornwall.de\/blog\/scilly-inseln-klima-und-wassertemperatur\/#breadcrumb\"},\"inLanguage\":\"en-US\",\"potentialAction\":[{\"@type\":\"ReadAction\",\"target\":[\"https:\/\/www.urlaubcornwall.de\/blog\/scilly-inseln-klima-und-wassertemperatur\/\"]}]},{\"@type\":\"BreadcrumbList\",\"@id\":\"https:\/\/www.urlaubcornwall.de\/blog\/scilly-inseln-klima-und-wassertemperatur\/#breadcrumb\",\"itemListElement\":[{\"@type\":\"ListItem\",\"position\":1,\"name\":\"Home\",\"item\":\"https:\/\/www.urlaubcornwall.de\/blog\/\"},{\"@type\":\"ListItem\",\"position\":2,\"name\":\"Beste Reisezeit f\u00fcr Scilly Inseln &#8211; Klima und Wassertemperatur\"}]}]}<\/script>\n<!-- \/ Yoast SEO plugin. -->","yoast_head_json":{"title":"Beste Reisezeit f\u00fcr Scilly Inseln - Klima und Wassertemperatur - Urlaub &amp; Reisen","description":"Die Isles of Scilly, die ungef\u00e4hr 45km vor der S\u00fcdk\u00fcste Cornwalls liegen, stellen ein Archipel von 140 unbewohnten und 5 bewohnten Inseln dar: St Marys, Tresco, St Martins, Bryher und St Agnes. Die Inseln liegen im warmen Golfstrom und haben eines der mildesten Klima Gro\u00dfbritanniens. Die Durchschnittstemperatur im Januar betr\u00e4gt 10C im Vergleich zu 8C in London.","robots":{"index":"index","follow":"follow","max-snippet":"max-snippet:-1","max-image-preview":"max-image-preview:large","max-video-preview":"max-video-preview:-1"},"canonical":"https:\/\/www.urlaubcornwall.de\/blog\/scilly-inseln-klima-und-wassertemperatur\/","og_locale":"en_US","og_type":"article","og_title":"Beste Reisezeit f\u00fcr Scilly Inseln - Klima und Wassertemperatur - Urlaub &amp; Reisen","og_description":"Die Isles of Scilly, die ungef\u00e4hr 45km vor der S\u00fcdk\u00fcste Cornwalls liegen, stellen ein Archipel von 140 unbewohnten und 5 bewohnten Inseln dar: St Marys, Tresco, St Martins, Bryher und St Agnes. Die Inseln liegen im warmen Golfstrom und haben eines der mildesten Klima Gro\u00dfbritanniens. Die Durchschnittstemperatur im Januar betr\u00e4gt 10C im Vergleich zu 8C in London.","og_url":"https:\/\/www.urlaubcornwall.de\/blog\/scilly-inseln-klima-und-wassertemperatur\/","og_site_name":"Urlaub &amp; Reisen","article_modified_time":"2026-01-06T20:23:10+00:00","og_image":[{"url":"https:\/\/www.urlaubcornwall.de\/blog\/wp-content\/uploads\/2021\/08\/scilly-klima-wetter-urlaub.jpg"}],"twitter_card":"summary","twitter_misc":{"Est. reading time":"3 minutes"},"schema":{"@context":"https:\/\/schema.org","@graph":[{"@type":"WebSite","@id":"https:\/\/www.urlaubcornwall.de\/blog\/#website","url":"https:\/\/www.urlaubcornwall.de\/blog\/","name":"Urlaub &amp; Reisen","description":"Urlaub, Reisen, Cornwall und S\u00fcdengland: eine perfekte Kombination","potentialAction":[{"@type":"SearchAction","target":{"@type":"EntryPoint","urlTemplate":"https:\/\/www.urlaubcornwall.de\/blog\/?s={search_term_string}"},"query-input":"required name=search_term_string"}],"inLanguage":"en-US"},{"@type":"WebPage","@id":"https:\/\/www.urlaubcornwall.de\/blog\/scilly-inseln-klima-und-wassertemperatur\/","url":"https:\/\/www.urlaubcornwall.de\/blog\/scilly-inseln-klima-und-wassertemperatur\/","name":"Beste Reisezeit f\u00fcr Scilly Inseln - Klima und Wassertemperatur - Urlaub &amp; Reisen","isPartOf":{"@id":"https:\/\/www.urlaubcornwall.de\/blog\/#website"},"datePublished":"2016-04-23T09:35:20+00:00","dateModified":"2026-01-06T20:23:10+00:00","description":"Die Isles of Scilly, die ungef\u00e4hr 45km vor der S\u00fcdk\u00fcste Cornwalls liegen, stellen ein Archipel von 140 unbewohnten und 5 bewohnten Inseln dar: St Marys, Tresco, St Martins, Bryher und St Agnes. Die Inseln liegen im warmen Golfstrom und haben eines der mildesten Klima Gro\u00dfbritanniens. Die Durchschnittstemperatur im Januar betr\u00e4gt 10C im Vergleich zu 8C in London.","breadcrumb":{"@id":"https:\/\/www.urlaubcornwall.de\/blog\/scilly-inseln-klima-und-wassertemperatur\/#breadcrumb"},"inLanguage":"en-US","potentialAction":[{"@type":"ReadAction","target":["https:\/\/www.urlaubcornwall.de\/blog\/scilly-inseln-klima-und-wassertemperatur\/"]}]},{"@type":"BreadcrumbList","@id":"https:\/\/www.urlaubcornwall.de\/blog\/scilly-inseln-klima-und-wassertemperatur\/#breadcrumb","itemListElement":[{"@type":"ListItem","position":1,"name":"Home","item":"https:\/\/www.urlaubcornwall.de\/blog\/"},{"@type":"ListItem","position":2,"name":"Beste Reisezeit f\u00fcr Scilly Inseln &#8211; Klima und Wassertemperatur"}]}]}},"_links":{"self":[{"href":"https:\/\/www.urlaubcornwall.de\/blog\/wp-json\/wp\/v2\/pages\/23599"}],"collection":[{"href":"https:\/\/www.urlaubcornwall.de\/blog\/wp-json\/wp\/v2\/pages"}],"about":[{"href":"https:\/\/www.urlaubcornwall.de\/blog\/wp-json\/wp\/v2\/types\/page"}],"author":[{"embeddable":true,"href":"https:\/\/www.urlaubcornwall.de\/blog\/wp-json\/wp\/v2\/users\/1"}],"replies":[{"embeddable":true,"href":"https:\/\/www.urlaubcornwall.de\/blog\/wp-json\/wp\/v2\/comments?post=23599"}],"version-history":[{"count":35,"href":"https:\/\/www.urlaubcornwall.de\/blog\/wp-json\/wp\/v2\/pages\/23599\/revisions"}],"predecessor-version":[{"id":51992,"href":"https:\/\/www.urlaubcornwall.de\/blog\/wp-json\/wp\/v2\/pages\/23599\/revisions\/51992"}],"wp:attachment":[{"href":"https:\/\/www.urlaubcornwall.de\/blog\/wp-json\/wp\/v2\/media?parent=23599"}],"curies":[{"name":"wp","href":"https:\/\/api.w.org\/{rel}","templated":true}]}}