{"id":23480,"date":"2016-04-19T12:31:55","date_gmt":"2016-04-19T12:31:55","guid":{"rendered":"https:\/\/www.urlaubcornwall.de\/blog\/?page_id=23480"},"modified":"2018-08-06T12:34:54","modified_gmt":"2018-08-06T12:34:54","slug":"scilly-inseln-tresco","status":"publish","type":"page","link":"https:\/\/www.urlaubcornwall.de\/blog\/scilly-inseln-tresco\/","title":{"rendered":"Tresco, Scilly-Inseln: Sehensw\u00fcrdigkeiten und Unterkunft"},"content":{"rendered":"<p><img loading=\"lazy\" class=\"aligncenter size-full wp-image-22037\" src=\"https:\/\/www.urlaubcornwall.de\/blog\/wp-content\/uploads\/2015\/11\/tresco-cromwell-castle.jpg\" alt=\"urlaub tresco isles of scilly\" width=\"745\" height=\"383\" srcset=\"https:\/\/www.urlaubcornwall.de\/blog\/wp-content\/uploads\/2015\/11\/tresco-cromwell-castle.jpg 745w, https:\/\/www.urlaubcornwall.de\/blog\/wp-content\/uploads\/2015\/11\/tresco-cromwell-castle-300x154.jpg 300w\" sizes=\"(max-width: 745px) 100vw, 745px\" \/><\/p>\n<p>Tresco ist die zweitgr\u00f6\u00dfte der <a href=\"http:\/\/www.urlaubcornwall.de\/Scilly-Inseln.php\"><span style=\"text-decoration: underline;\">Scilly Inseln<\/span><\/a> und ein subtropisches Juwel. Es ist die einzige Insel im Privatbesitz; die Dorrien-Smith Familie hat sie vom Herzogtum Cornwall gepachtet.<\/p>\n<p>Tresco hat der gesamten Familie etwas zu bieten; von dramatischen Felsen, Grabst\u00e4tten der Bronzezeit und romanischen Burgruinen bis hin zu abgeschiedenen Sandstr\u00e4nden und dem weltbekannten Tresco Abbey Garten, der in den 1830ern von Augustus Smith gegr\u00fcndet wurde. Dieses Gartenparadies beherbergt eine spektakul\u00e4re Sammlung von \u00fcber 20 000 exotischen Pflanzen von allen Enden der Welt, viele davon gedeihen nirgendwo anders in Britannien. Die Valhalla Sammlung im Garten ist ebenfalls eindrucksvoll mit ihrer bunten Ausstellung an Galionsfiguren, die von den Schiffswracks der Insel geborgen wurden.<\/p>\n<p><img loading=\"lazy\" class=\"aligncenter size-full wp-image-23484\" src=\"https:\/\/www.urlaubcornwall.de\/blog\/wp-content\/uploads\/2016\/04\/tresco-scilly-inseln.jpg\" alt=\"tresco-scilly-inseln\" width=\"743\" height=\"345\" srcset=\"https:\/\/www.urlaubcornwall.de\/blog\/wp-content\/uploads\/2016\/04\/tresco-scilly-inseln.jpg 743w, https:\/\/www.urlaubcornwall.de\/blog\/wp-content\/uploads\/2016\/04\/tresco-scilly-inseln-300x139.jpg 300w\" sizes=\"(max-width: 743px) 100vw, 743px\" \/><\/p>\n<p>Der Norden der Insel ist wilder und ungesch\u00fctzter; gro\u00dfartig geeignet zum Wandern und Erkunden. Der s\u00fcdliche Teil besteht zum Gro\u00dfteil aus Strand und Sandd\u00fcnen; hier finden Sie bei den Buchten Pentle und Appletree den zuckerfeinen wei\u00dfen Strand. Im Zentrum der Insel, wo sich der Abteigarten befindet, gibt es Vogelunterschl\u00fcpfe um die S\u00fc\u00dfwasserpools herum zu entdecken. Sie k\u00f6nnen auch vom Tresco Segelklub R\u00e4der oder ein Boot mieten, ein Surfbrett oder ein Kajak.<\/p>\n<p>5 Sterne Unterkunft auf <span style=\"text-decoration: underline;\"><a href=\"http:\/\/www.urlaubcornwall.de\/Scilly-Inseln-Tresco.php\">Tresco ist luxuri\u00f6s<\/a><\/span> und Restaurants, Kneipe, Spa und Kunstgalerie verleihen der Insel ein Gef\u00fchl von Kultiviertheit.<br \/>\n<img loading=\"lazy\" class=\"aligncenter size-full wp-image-24046\" src=\"https:\/\/www.urlaubcornwall.de\/blog\/wp-content\/uploads\/2016\/05\/logo-final-1.jpg\" alt=\"urlaubcornwall.de\" width=\"744\" height=\"298\" srcset=\"https:\/\/www.urlaubcornwall.de\/blog\/wp-content\/uploads\/2016\/05\/logo-final-1.jpg 744w, https:\/\/www.urlaubcornwall.de\/blog\/wp-content\/uploads\/2016\/05\/logo-final-1-300x120.jpg 300w\" sizes=\"(max-width: 744px) 100vw, 744px\" \/><\/p>\n<h2 style=\"text-align: center;\">Unser Rundreisenservice<\/h2>\n<p style=\"text-align: center;\"><a class=\"tidycta\" href=\"http:\/\/www.urlaubcornwall.de\/anfrage.php?tourcode=Urlaub Scilly-Inseln\">Urlaub Scilly-Inseln Anfrage<\/a><\/p>\n<p style=\"text-align: center;\">UrlaubCornwall, mit Firmensitz in Cornwall und selbst h\u00e4ufig Besucher der <strong><a href=\"http:\/\/www.urlaubcornwall.de\/Scilly-Inseln.php\">Scilly Inseln<\/a><\/strong>, hat eine einzigartige Sammlung handverlesener, pers\u00f6nlich inspizierter Hotels und B&amp;Bs in dieser atemberaubenden Inselwelt zusammengestellt.<\/p>\n<p style=\"text-align: center;\">Wir bieten den <strong>EINZIGEN<\/strong> Deutsch sprechenden <strong><a href=\"http:\/\/www.urlaubcornwall.de\/anfrage.php?tourcode=ScillyInseln\">Reiseservice<\/a><\/strong> f\u00fcr die Inseln und k\u00f6nnen einen Urlaub f\u00fcr Sie kreieren, einschlie\u00dflich Unterkunft, Fl\u00fcgen, Transfers und Autovermietung. Genie\u00dfen Sie einen Urlaub hier oder binden Sie die Inseln als Teil einer Rundreise durch Cornwall mit ein.<\/p>\n","protected":false},"excerpt":{"rendered":"<p>Tresco ist die zweitgr\u00f6\u00dfte der Scilly Inseln und ein subtropisches Juwel. Es ist die einzige Insel im Privatbesitz; die Dorrien-Smith Familie hat sie vom Herzogtum Cornwall gepachtet. Tresco hat der gesamten Familie etwas zu bieten; von dramatischen Felsen, Grabst\u00e4tten der Bronzezeit und romanischen Burgruinen bis hin zu abgeschiedenen Sandstr\u00e4nden und dem weltbekannten Tresco Abbey Garten, [&hellip;]<\/p>\n","protected":false},"author":1,"featured_media":0,"parent":0,"menu_order":0,"comment_status":"closed","ping_status":"closed","template":"single-four.php","meta":[],"acf":[],"yoast_head":"<!-- This site is optimized with the Yoast SEO plugin v19.4 - https:\/\/yoast.com\/wordpress\/plugins\/seo\/ -->\n<title>Tresco, Scilly-Inseln: Sehensw\u00fcrdigkeiten und Unterkunft - Urlaub &amp; Reisen<\/title>\n<meta name=\"robots\" content=\"index, follow, max-snippet:-1, max-image-preview:large, max-video-preview:-1\" \/>\n<link rel=\"canonical\" href=\"https:\/\/www.urlaubcornwall.de\/blog\/scilly-inseln-tresco\/\" \/>\n<meta property=\"og:locale\" content=\"en_US\" \/>\n<meta property=\"og:type\" content=\"article\" \/>\n<meta property=\"og:title\" content=\"Tresco, Scilly-Inseln: Sehensw\u00fcrdigkeiten und Unterkunft - Urlaub &amp; Reisen\" \/>\n<meta property=\"og:description\" content=\"Tresco ist die zweitgr\u00f6\u00dfte der Scilly Inseln und ein subtropisches Juwel. Es ist die einzige Insel im Privatbesitz; die Dorrien-Smith Familie hat sie vom Herzogtum Cornwall gepachtet. Tresco hat der gesamten Familie etwas zu bieten; von dramatischen Felsen, Grabst\u00e4tten der Bronzezeit und romanischen Burgruinen bis hin zu abgeschiedenen Sandstr\u00e4nden und dem weltbekannten Tresco Abbey Garten, [&hellip;]\" \/>\n<meta property=\"og:url\" content=\"https:\/\/www.urlaubcornwall.de\/blog\/scilly-inseln-tresco\/\" \/>\n<meta property=\"og:site_name\" content=\"Urlaub &amp; Reisen\" \/>\n<meta property=\"article:modified_time\" content=\"2018-08-06T12:34:54+00:00\" \/>\n<meta property=\"og:image\" content=\"https:\/\/www.urlaubcornwall.de\/blog\/wp-content\/uploads\/2015\/11\/tresco-cromwell-castle.jpg\" \/>\n<meta name=\"twitter:card\" content=\"summary\" \/>\n<meta name=\"twitter:label1\" content=\"Est. reading time\" \/>\n\t<meta name=\"twitter:data1\" content=\"1 minute\" \/>\n<script type=\"application\/ld+json\" class=\"yoast-schema-graph\">{\"@context\":\"https:\/\/schema.org\",\"@graph\":[{\"@type\":\"WebSite\",\"@id\":\"https:\/\/www.urlaubcornwall.de\/blog\/#website\",\"url\":\"https:\/\/www.urlaubcornwall.de\/blog\/\",\"name\":\"Urlaub &amp; Reisen\",\"description\":\"Urlaub, Reisen, Cornwall und S\u00fcdengland: eine perfekte Kombination\",\"potentialAction\":[{\"@type\":\"SearchAction\",\"target\":{\"@type\":\"EntryPoint\",\"urlTemplate\":\"https:\/\/www.urlaubcornwall.de\/blog\/?s={search_term_string}\"},\"query-input\":\"required name=search_term_string\"}],\"inLanguage\":\"en-US\"},{\"@type\":\"WebPage\",\"@id\":\"https:\/\/www.urlaubcornwall.de\/blog\/scilly-inseln-tresco\/\",\"url\":\"https:\/\/www.urlaubcornwall.de\/blog\/scilly-inseln-tresco\/\",\"name\":\"Tresco, Scilly-Inseln: Sehensw\u00fcrdigkeiten und Unterkunft - Urlaub &amp; Reisen\",\"isPartOf\":{\"@id\":\"https:\/\/www.urlaubcornwall.de\/blog\/#website\"},\"datePublished\":\"2016-04-19T12:31:55+00:00\",\"dateModified\":\"2018-08-06T12:34:54+00:00\",\"breadcrumb\":{\"@id\":\"https:\/\/www.urlaubcornwall.de\/blog\/scilly-inseln-tresco\/#breadcrumb\"},\"inLanguage\":\"en-US\",\"potentialAction\":[{\"@type\":\"ReadAction\",\"target\":[\"https:\/\/www.urlaubcornwall.de\/blog\/scilly-inseln-tresco\/\"]}]},{\"@type\":\"BreadcrumbList\",\"@id\":\"https:\/\/www.urlaubcornwall.de\/blog\/scilly-inseln-tresco\/#breadcrumb\",\"itemListElement\":[{\"@type\":\"ListItem\",\"position\":1,\"name\":\"Home\",\"item\":\"https:\/\/www.urlaubcornwall.de\/blog\/\"},{\"@type\":\"ListItem\",\"position\":2,\"name\":\"Tresco, Scilly-Inseln: Sehensw\u00fcrdigkeiten und Unterkunft\"}]}]}<\/script>\n<!-- \/ Yoast SEO plugin. -->","yoast_head_json":{"title":"Tresco, Scilly-Inseln: Sehensw\u00fcrdigkeiten und Unterkunft - Urlaub &amp; Reisen","robots":{"index":"index","follow":"follow","max-snippet":"max-snippet:-1","max-image-preview":"max-image-preview:large","max-video-preview":"max-video-preview:-1"},"canonical":"https:\/\/www.urlaubcornwall.de\/blog\/scilly-inseln-tresco\/","og_locale":"en_US","og_type":"article","og_title":"Tresco, Scilly-Inseln: Sehensw\u00fcrdigkeiten und Unterkunft - Urlaub &amp; Reisen","og_description":"Tresco ist die zweitgr\u00f6\u00dfte der Scilly Inseln und ein subtropisches Juwel. Es ist die einzige Insel im Privatbesitz; die Dorrien-Smith Familie hat sie vom Herzogtum Cornwall gepachtet. Tresco hat der gesamten Familie etwas zu bieten; von dramatischen Felsen, Grabst\u00e4tten der Bronzezeit und romanischen Burgruinen bis hin zu abgeschiedenen Sandstr\u00e4nden und dem weltbekannten Tresco Abbey Garten, [&hellip;]","og_url":"https:\/\/www.urlaubcornwall.de\/blog\/scilly-inseln-tresco\/","og_site_name":"Urlaub &amp; Reisen","article_modified_time":"2018-08-06T12:34:54+00:00","og_image":[{"url":"https:\/\/www.urlaubcornwall.de\/blog\/wp-content\/uploads\/2015\/11\/tresco-cromwell-castle.jpg"}],"twitter_card":"summary","twitter_misc":{"Est. reading time":"1 minute"},"schema":{"@context":"https:\/\/schema.org","@graph":[{"@type":"WebSite","@id":"https:\/\/www.urlaubcornwall.de\/blog\/#website","url":"https:\/\/www.urlaubcornwall.de\/blog\/","name":"Urlaub &amp; Reisen","description":"Urlaub, Reisen, Cornwall und S\u00fcdengland: eine perfekte Kombination","potentialAction":[{"@type":"SearchAction","target":{"@type":"EntryPoint","urlTemplate":"https:\/\/www.urlaubcornwall.de\/blog\/?s={search_term_string}"},"query-input":"required name=search_term_string"}],"inLanguage":"en-US"},{"@type":"WebPage","@id":"https:\/\/www.urlaubcornwall.de\/blog\/scilly-inseln-tresco\/","url":"https:\/\/www.urlaubcornwall.de\/blog\/scilly-inseln-tresco\/","name":"Tresco, Scilly-Inseln: Sehensw\u00fcrdigkeiten und Unterkunft - Urlaub &amp; Reisen","isPartOf":{"@id":"https:\/\/www.urlaubcornwall.de\/blog\/#website"},"datePublished":"2016-04-19T12:31:55+00:00","dateModified":"2018-08-06T12:34:54+00:00","breadcrumb":{"@id":"https:\/\/www.urlaubcornwall.de\/blog\/scilly-inseln-tresco\/#breadcrumb"},"inLanguage":"en-US","potentialAction":[{"@type":"ReadAction","target":["https:\/\/www.urlaubcornwall.de\/blog\/scilly-inseln-tresco\/"]}]},{"@type":"BreadcrumbList","@id":"https:\/\/www.urlaubcornwall.de\/blog\/scilly-inseln-tresco\/#breadcrumb","itemListElement":[{"@type":"ListItem","position":1,"name":"Home","item":"https:\/\/www.urlaubcornwall.de\/blog\/"},{"@type":"ListItem","position":2,"name":"Tresco, Scilly-Inseln: Sehensw\u00fcrdigkeiten und Unterkunft"}]}]}},"_links":{"self":[{"href":"https:\/\/www.urlaubcornwall.de\/blog\/wp-json\/wp\/v2\/pages\/23480"}],"collection":[{"href":"https:\/\/www.urlaubcornwall.de\/blog\/wp-json\/wp\/v2\/pages"}],"about":[{"href":"https:\/\/www.urlaubcornwall.de\/blog\/wp-json\/wp\/v2\/types\/page"}],"author":[{"embeddable":true,"href":"https:\/\/www.urlaubcornwall.de\/blog\/wp-json\/wp\/v2\/users\/1"}],"replies":[{"embeddable":true,"href":"https:\/\/www.urlaubcornwall.de\/blog\/wp-json\/wp\/v2\/comments?post=23480"}],"version-history":[{"count":11,"href":"https:\/\/www.urlaubcornwall.de\/blog\/wp-json\/wp\/v2\/pages\/23480\/revisions"}],"predecessor-version":[{"id":34126,"href":"https:\/\/www.urlaubcornwall.de\/blog\/wp-json\/wp\/v2\/pages\/23480\/revisions\/34126"}],"wp:attachment":[{"href":"https:\/\/www.urlaubcornwall.de\/blog\/wp-json\/wp\/v2\/media?parent=23480"}],"curies":[{"name":"wp","href":"https:\/\/api.w.org\/{rel}","templated":true}]}}