{"id":23477,"date":"2016-04-19T11:30:28","date_gmt":"2016-04-19T11:30:28","guid":{"rendered":"https:\/\/www.urlaubcornwall.de\/blog\/?page_id=23477"},"modified":"2021-09-06T09:11:59","modified_gmt":"2021-09-06T09:11:59","slug":"scilly-inseln-st-agnes","status":"publish","type":"page","link":"https:\/\/www.urlaubcornwall.de\/blog\/scilly-inseln-st-agnes\/","title":{"rendered":"St Agnes, Scilly-Inseln: Sehensw\u00fcrdigkeiten und Unterkunft"},"content":{"rendered":"<p><img loading=\"lazy\" class=\"aligncenter size-full wp-image-40273\" src=\"https:\/\/www.urlaubcornwall.de\/blog\/wp-content\/uploads\/2020\/06\/St-Agnes-strand.jpg\" alt=\"St Agnes strand\" width=\"747\" height=\"473\" srcset=\"https:\/\/www.urlaubcornwall.de\/blog\/wp-content\/uploads\/2020\/06\/St-Agnes-strand.jpg 747w, https:\/\/www.urlaubcornwall.de\/blog\/wp-content\/uploads\/2020\/06\/St-Agnes-strand-300x190.jpg 300w\" sizes=\"(max-width: 747px) 100vw, 747px\" \/><\/p>\n<p style=\"text-align: left;\">St. Agnes befindet sich am s\u00fcdwestlichsten Zipfel der <a href=\"http:\/\/www.urlaubcornwall.de\/Scilly-Inseln.php\">Scilly Inseln<\/a>. Sie ist absolut unber\u00fchrt und sehr friedvoll. Sie ist ungef\u00e4hr 1,5km breit, und der n\u00e4chste Nachbar ist Gugh, mit dem sie bei Ebbe durch eine Sandbank verbunden ist.<\/p>\n<p style=\"text-align: left;\">St Agnes ist eine Insel wundervoller Kontraste, von felsigen Vorspr\u00fcngen auf seiner exponierten Westseite, bis hin zu wundersch\u00f6nen Str\u00e4nden an seinen eher windgesch\u00fctzten Buchten; die Friedlichkeit der Sandbank zwischen St. Agnes und Gugh ist besonders magisch. Es gibt urige Cottages und ein Flickwerk an Blumenfeldern, w\u00e4hrend sich ein Leuchtturm am h\u00f6chsten Punkt der Insel befindet. Auch gibt es eine lebendige Gemeinschaft an Betriebsh\u00f6fen.<\/p>\n<p><img loading=\"lazy\" class=\"aligncenter size-full wp-image-26171\" src=\"https:\/\/www.urlaubcornwall.de\/blog\/wp-content\/uploads\/2017\/01\/st-agnes-urlaub-scilly-inseln.jpg\" alt=\"st agnes urlaub scilly inseln\" width=\"745\" height=\"434\" srcset=\"https:\/\/www.urlaubcornwall.de\/blog\/wp-content\/uploads\/2017\/01\/st-agnes-urlaub-scilly-inseln.jpg 745w, https:\/\/www.urlaubcornwall.de\/blog\/wp-content\/uploads\/2017\/01\/st-agnes-urlaub-scilly-inseln-300x175.jpg 300w\" sizes=\"(max-width: 745px) 100vw, 745px\" \/><\/p>\n<p style=\"text-align: left;\">Suchen Sie das kreisf\u00f6rmige Labyrinth gerundeter Strandkiesel; bestaunen Sie die Steint\u00fcrme und&nbsp; Steinpyramiden, die bei Wingletang Down verstreut herumliegen oder untersuchen Sie die Str\u00e4nde am Beady Pool nach Sch\u00e4tzen Schiffsbr\u00fcchiger. Periglis Beach eignet sich f\u00fcr ein Picknick und ist au\u00dferdem ein Paradies f\u00fcr Muschelsammler. Ein herrlicher Blick bietet sich hin\u00fcber nach Annet, den Western Rocks und weiter zum Bishop Rock Leuchtturm. Und dann gibt es den Alten Mann von Gugh, 3 Meter hoch. Er soll mit Ritualen der Bronzezeit in Verbindung stehen.<\/p>\n<p style=\"text-align: left;\">St Agnes ist Zuhause von Britanniens s\u00fcdwestlichster Kneipe, dem Turks Head.<\/p>\n<h2 style=\"text-align: center;\">Unser Rundreisenservice<\/h2>\n<p style=\"text-align: center;\"><a class=\"tidycta\" href=\"http:\/\/www.urlaubcornwall.de\/anfrage.php?tourcode=Urlaub Scilly-Inseln\">Urlaub Scilly-Inseln Anfrage<\/a><\/p>\n<p style=\"text-align: center;\">UrlaubCornwall, mit Firmensitz in Cornwall und selbst h\u00e4ufig Besucher der <a href=\"http:\/\/www.urlaubcornwall.de\/Scilly-Inseln.php\">Scilly Inseln<\/a>, hat eine einzigartige Sammlung handverlesener, pers\u00f6nlich inspizierter Hotels und B&amp;Bs in dieser atemberaubenden Inselwelt zusammengestellt.<\/p>\n<p style=\"text-align: center;\">Wir bieten den <strong>EINZIGEN<\/strong> Deutsch sprechenden <a href=\"http:\/\/www.urlaubcornwall.de\/anfrage.php?tourcode=Scilly Inseln\">Reiseservice<\/a> f\u00fcr die Inseln und k\u00f6nnen einen Urlaub f\u00fcr Sie kreieren, einschlie\u00dflich Unterkunft, Fl\u00fcgen, Transfers und Autovermietung. Genie\u00dfen Sie einen Urlaub hier oder binden Sie die Inseln als Teil einer Rundreise durch Cornwall mit ein.<\/p>\n","protected":false},"excerpt":{"rendered":"<p>St. Agnes befindet sich am s\u00fcdwestlichsten Zipfel der Scilly Inseln. Sie ist absolut unber\u00fchrt und sehr friedvoll. Sie ist ungef\u00e4hr 1,5km breit, und der n\u00e4chste Nachbar ist Gugh, mit dem sie bei Ebbe durch eine Sandbank verbunden ist. St Agnes ist eine Insel wundervoller Kontraste, von felsigen Vorspr\u00fcngen auf seiner exponierten Westseite, bis hin zu [&hellip;]<\/p>\n","protected":false},"author":1,"featured_media":0,"parent":0,"menu_order":0,"comment_status":"closed","ping_status":"closed","template":"single-four.php","meta":[],"acf":[],"yoast_head":"<!-- This site is optimized with the Yoast SEO plugin v19.4 - https:\/\/yoast.com\/wordpress\/plugins\/seo\/ -->\n<title>St Agnes, Scilly-Inseln: Sehensw\u00fcrdigkeiten und Unterkunft - Urlaub &amp; Reisen<\/title>\n<meta name=\"robots\" content=\"index, follow, max-snippet:-1, max-image-preview:large, max-video-preview:-1\" \/>\n<link rel=\"canonical\" href=\"https:\/\/www.urlaubcornwall.de\/blog\/scilly-inseln-st-agnes\/\" \/>\n<meta property=\"og:locale\" content=\"en_US\" \/>\n<meta property=\"og:type\" content=\"article\" \/>\n<meta property=\"og:title\" content=\"St Agnes, Scilly-Inseln: Sehensw\u00fcrdigkeiten und Unterkunft - Urlaub &amp; Reisen\" \/>\n<meta property=\"og:description\" content=\"St. Agnes befindet sich am s\u00fcdwestlichsten Zipfel der Scilly Inseln. Sie ist absolut unber\u00fchrt und sehr friedvoll. Sie ist ungef\u00e4hr 1,5km breit, und der n\u00e4chste Nachbar ist Gugh, mit dem sie bei Ebbe durch eine Sandbank verbunden ist. St Agnes ist eine Insel wundervoller Kontraste, von felsigen Vorspr\u00fcngen auf seiner exponierten Westseite, bis hin zu [&hellip;]\" \/>\n<meta property=\"og:url\" content=\"https:\/\/www.urlaubcornwall.de\/blog\/scilly-inseln-st-agnes\/\" \/>\n<meta property=\"og:site_name\" content=\"Urlaub &amp; Reisen\" \/>\n<meta property=\"article:modified_time\" content=\"2021-09-06T09:11:59+00:00\" \/>\n<meta property=\"og:image\" content=\"https:\/\/www.urlaubcornwall.de\/blog\/wp-content\/uploads\/2020\/06\/St-Agnes-strand.jpg\" \/>\n<meta name=\"twitter:card\" content=\"summary\" \/>\n<meta name=\"twitter:label1\" content=\"Est. reading time\" \/>\n\t<meta name=\"twitter:data1\" content=\"2 minutes\" \/>\n<script type=\"application\/ld+json\" class=\"yoast-schema-graph\">{\"@context\":\"https:\/\/schema.org\",\"@graph\":[{\"@type\":\"WebSite\",\"@id\":\"https:\/\/www.urlaubcornwall.de\/blog\/#website\",\"url\":\"https:\/\/www.urlaubcornwall.de\/blog\/\",\"name\":\"Urlaub &amp; Reisen\",\"description\":\"Urlaub, Reisen, Cornwall und S\u00fcdengland: eine perfekte Kombination\",\"potentialAction\":[{\"@type\":\"SearchAction\",\"target\":{\"@type\":\"EntryPoint\",\"urlTemplate\":\"https:\/\/www.urlaubcornwall.de\/blog\/?s={search_term_string}\"},\"query-input\":\"required name=search_term_string\"}],\"inLanguage\":\"en-US\"},{\"@type\":\"WebPage\",\"@id\":\"https:\/\/www.urlaubcornwall.de\/blog\/scilly-inseln-st-agnes\/\",\"url\":\"https:\/\/www.urlaubcornwall.de\/blog\/scilly-inseln-st-agnes\/\",\"name\":\"St Agnes, Scilly-Inseln: Sehensw\u00fcrdigkeiten und Unterkunft - Urlaub &amp; Reisen\",\"isPartOf\":{\"@id\":\"https:\/\/www.urlaubcornwall.de\/blog\/#website\"},\"datePublished\":\"2016-04-19T11:30:28+00:00\",\"dateModified\":\"2021-09-06T09:11:59+00:00\",\"breadcrumb\":{\"@id\":\"https:\/\/www.urlaubcornwall.de\/blog\/scilly-inseln-st-agnes\/#breadcrumb\"},\"inLanguage\":\"en-US\",\"potentialAction\":[{\"@type\":\"ReadAction\",\"target\":[\"https:\/\/www.urlaubcornwall.de\/blog\/scilly-inseln-st-agnes\/\"]}]},{\"@type\":\"BreadcrumbList\",\"@id\":\"https:\/\/www.urlaubcornwall.de\/blog\/scilly-inseln-st-agnes\/#breadcrumb\",\"itemListElement\":[{\"@type\":\"ListItem\",\"position\":1,\"name\":\"Home\",\"item\":\"https:\/\/www.urlaubcornwall.de\/blog\/\"},{\"@type\":\"ListItem\",\"position\":2,\"name\":\"St Agnes, Scilly-Inseln: Sehensw\u00fcrdigkeiten und Unterkunft\"}]}]}<\/script>\n<!-- \/ Yoast SEO plugin. -->","yoast_head_json":{"title":"St Agnes, Scilly-Inseln: Sehensw\u00fcrdigkeiten und Unterkunft - Urlaub &amp; Reisen","robots":{"index":"index","follow":"follow","max-snippet":"max-snippet:-1","max-image-preview":"max-image-preview:large","max-video-preview":"max-video-preview:-1"},"canonical":"https:\/\/www.urlaubcornwall.de\/blog\/scilly-inseln-st-agnes\/","og_locale":"en_US","og_type":"article","og_title":"St Agnes, Scilly-Inseln: Sehensw\u00fcrdigkeiten und Unterkunft - Urlaub &amp; Reisen","og_description":"St. Agnes befindet sich am s\u00fcdwestlichsten Zipfel der Scilly Inseln. Sie ist absolut unber\u00fchrt und sehr friedvoll. Sie ist ungef\u00e4hr 1,5km breit, und der n\u00e4chste Nachbar ist Gugh, mit dem sie bei Ebbe durch eine Sandbank verbunden ist. St Agnes ist eine Insel wundervoller Kontraste, von felsigen Vorspr\u00fcngen auf seiner exponierten Westseite, bis hin zu [&hellip;]","og_url":"https:\/\/www.urlaubcornwall.de\/blog\/scilly-inseln-st-agnes\/","og_site_name":"Urlaub &amp; Reisen","article_modified_time":"2021-09-06T09:11:59+00:00","og_image":[{"url":"https:\/\/www.urlaubcornwall.de\/blog\/wp-content\/uploads\/2020\/06\/St-Agnes-strand.jpg"}],"twitter_card":"summary","twitter_misc":{"Est. reading time":"2 minutes"},"schema":{"@context":"https:\/\/schema.org","@graph":[{"@type":"WebSite","@id":"https:\/\/www.urlaubcornwall.de\/blog\/#website","url":"https:\/\/www.urlaubcornwall.de\/blog\/","name":"Urlaub &amp; Reisen","description":"Urlaub, Reisen, Cornwall und S\u00fcdengland: eine perfekte Kombination","potentialAction":[{"@type":"SearchAction","target":{"@type":"EntryPoint","urlTemplate":"https:\/\/www.urlaubcornwall.de\/blog\/?s={search_term_string}"},"query-input":"required name=search_term_string"}],"inLanguage":"en-US"},{"@type":"WebPage","@id":"https:\/\/www.urlaubcornwall.de\/blog\/scilly-inseln-st-agnes\/","url":"https:\/\/www.urlaubcornwall.de\/blog\/scilly-inseln-st-agnes\/","name":"St Agnes, Scilly-Inseln: Sehensw\u00fcrdigkeiten und Unterkunft - Urlaub &amp; Reisen","isPartOf":{"@id":"https:\/\/www.urlaubcornwall.de\/blog\/#website"},"datePublished":"2016-04-19T11:30:28+00:00","dateModified":"2021-09-06T09:11:59+00:00","breadcrumb":{"@id":"https:\/\/www.urlaubcornwall.de\/blog\/scilly-inseln-st-agnes\/#breadcrumb"},"inLanguage":"en-US","potentialAction":[{"@type":"ReadAction","target":["https:\/\/www.urlaubcornwall.de\/blog\/scilly-inseln-st-agnes\/"]}]},{"@type":"BreadcrumbList","@id":"https:\/\/www.urlaubcornwall.de\/blog\/scilly-inseln-st-agnes\/#breadcrumb","itemListElement":[{"@type":"ListItem","position":1,"name":"Home","item":"https:\/\/www.urlaubcornwall.de\/blog\/"},{"@type":"ListItem","position":2,"name":"St Agnes, Scilly-Inseln: Sehensw\u00fcrdigkeiten und Unterkunft"}]}]}},"_links":{"self":[{"href":"https:\/\/www.urlaubcornwall.de\/blog\/wp-json\/wp\/v2\/pages\/23477"}],"collection":[{"href":"https:\/\/www.urlaubcornwall.de\/blog\/wp-json\/wp\/v2\/pages"}],"about":[{"href":"https:\/\/www.urlaubcornwall.de\/blog\/wp-json\/wp\/v2\/types\/page"}],"author":[{"embeddable":true,"href":"https:\/\/www.urlaubcornwall.de\/blog\/wp-json\/wp\/v2\/users\/1"}],"replies":[{"embeddable":true,"href":"https:\/\/www.urlaubcornwall.de\/blog\/wp-json\/wp\/v2\/comments?post=23477"}],"version-history":[{"count":13,"href":"https:\/\/www.urlaubcornwall.de\/blog\/wp-json\/wp\/v2\/pages\/23477\/revisions"}],"predecessor-version":[{"id":24349,"href":"https:\/\/www.urlaubcornwall.de\/blog\/wp-json\/wp\/v2\/pages\/23477\/revisions\/24349"}],"wp:attachment":[{"href":"https:\/\/www.urlaubcornwall.de\/blog\/wp-json\/wp\/v2\/media?parent=23477"}],"curies":[{"name":"wp","href":"https:\/\/api.w.org\/{rel}","templated":true}]}}