{"id":23471,"date":"2016-04-19T11:20:10","date_gmt":"2016-04-19T11:20:10","guid":{"rendered":"https:\/\/www.urlaubcornwall.de\/blog\/?page_id=23471"},"modified":"2021-02-05T11:42:16","modified_gmt":"2021-02-05T11:42:16","slug":"scilly-inseln-bryher","status":"publish","type":"page","link":"https:\/\/www.urlaubcornwall.de\/blog\/scilly-inseln-bryher\/","title":{"rendered":"Urlaub Bryher, Scilly-Inseln: Unterkunft und Sehensw\u00fcrdigkeiten"},"content":{"rendered":"<p><img loading=\"lazy\" class=\"aligncenter size-full wp-image-23490\" src=\"https:\/\/www.urlaubcornwall.de\/blog\/wp-content\/uploads\/2016\/04\/urlaub-bryher-scilly-1.jpg\" alt=\"urlaub-bryher-scilly\" height=\"358\" width=\"743\" srcset=\"https:\/\/www.urlaubcornwall.de\/blog\/wp-content\/uploads\/2016\/04\/urlaub-bryher-scilly-1.jpg 743w, https:\/\/www.urlaubcornwall.de\/blog\/wp-content\/uploads\/2016\/04\/urlaub-bryher-scilly-1-300x145.jpg 300w\" sizes=\"(max-width: 743px) 100vw, 743px\" \/><\/p>\n<p>Bryher ist eine Insel dramatischer Kontraste mit st\u00fcrmischen Wellen des Atlantik auf der einen Seite und ruhigen Sandstr\u00e4nden auf der anderen; der perfekte Ort, um einen Eindruck einer ungez\u00e4hmten <a href=\"http:\/\/www.urlaubcornwall.de\/Scilly-Inseln.php\">Scilly Insel<\/a> zu bekommen. Ungef\u00e4hr 80 Menschen wohnen auf&nbsp; Bryher.<\/p>\n<p>Erkunden Sie felsige Buchten, faulenzen Sie an wei\u00dfen Sandstr\u00e4nden oder radeln Sie einen der kleinen granitenen H\u00fcgel hinauf und genie\u00dfen Sie dann einen gro\u00dfartigen Blick. Bryher verleiht ein wundervolles Gef\u00fchl der Freiheit und Natursch\u00f6nheit. Beobachten Sie die Wellen des Atlantiks, wie sie in die Hell Bay donnern, besonders spektakul\u00e4r im Winter, und genie\u00dfen Sie die Ruhe und den Frieden der Rushy Bay mit Blick hin\u00fcber nach Samson.<\/p>\n<p>Die Insel wird von Pfaden durchkreuzt, und verstreut finden Sie St\u00e4nde, die frische Produkte verkaufen, einschlie\u00dflich Eier, Gem\u00fcse, frisch gefangene Meeresfr\u00fcchte und Inselfondant.<\/p>\n<p><img loading=\"lazy\" class=\"aligncenter size-full wp-image-23474\" src=\"https:\/\/www.urlaubcornwall.de\/blog\/wp-content\/uploads\/2016\/04\/Activities_1.jpg\" alt=\"urlaub scilly am meer\" height=\"291\" width=\"745\" srcset=\"https:\/\/www.urlaubcornwall.de\/blog\/wp-content\/uploads\/2016\/04\/Activities_1.jpg 739w, https:\/\/www.urlaubcornwall.de\/blog\/wp-content\/uploads\/2016\/04\/Activities_1-300x117.jpg 300w\" sizes=\"(max-width: 745px) 100vw, 745px\" \/><\/p>\n<p>Der Bryher Shop eignet sich hervorragend, um all das zu kaufen, was Sie brauchen k\u00f6nnten, und am Bennetts Boatyard k\u00f6nnen Sie Boote und Kajaks mieten.<\/p>\n<p>Es gibt auch eine Reihe an Speisem\u00f6glichkeiten, einschlie\u00dflich des Hell Bay Hotels und Fraggle Rock, welche Mittagessen, Abendessen, kleine Snacks und Cream Teas bieten.<\/p>\n<h2 style=\"text-align: center;\">Unser Rundreisenservice<\/h2>\n<p style=\"text-align: center;\"><a class=\"tidycta\" href=\"http:\/\/www.urlaubcornwall.de\/anfrage.php?tourcode=Urlaub Scilly-Inseln\">Urlaub Scilly-Inseln Anfrage<\/a><\/p>\n<p style=\"text-align: center;\">UrlaubCornwall, mit Firmensitz in Cornwall und selbst h\u00e4ufig Besucher der <strong><a href=\"http:\/\/www.urlaubcornwall.de\/Scilly-Inseln.php\">Scilly Inseln<\/a><\/strong>, hat eine einzigartige Sammlung handverlesener, pers\u00f6nlich inspizierter Hotels und B&amp;Bs in dieser atemberaubenden Inselwelt zusammengestellt.<\/p>\n<p style=\"text-align: center;\">Wir bieten den <strong>EINZIGEN<\/strong> Deutsch sprechenden <strong><a href=\"http:\/\/www.urlaubcornwall.de\/anfrage.php?tourcode=ScillyInseln\">Reiseservice<\/a><\/strong> f\u00fcr die Inseln und k\u00f6nnen einen Urlaub f\u00fcr Sie kreieren, einschlie\u00dflich Unterkunft, Fl\u00fcgen, Transfers und Autovermietung. Genie\u00dfen Sie einen Urlaub hier oder binden Sie die Inseln als Teil einer Rundreise durch Cornwall mit ein.<\/p>\n<p><img loading=\"lazy\" class=\"aligncenter size-full wp-image-24046\" src=\"https:\/\/www.urlaubcornwall.de\/blog\/wp-content\/uploads\/2016\/05\/logo-final-1.jpg\" alt=\"urlaubcornwall.de\" height=\"298\" width=\"744\" srcset=\"https:\/\/www.urlaubcornwall.de\/blog\/wp-content\/uploads\/2016\/05\/logo-final-1.jpg 744w, https:\/\/www.urlaubcornwall.de\/blog\/wp-content\/uploads\/2016\/05\/logo-final-1-300x120.jpg 300w\" sizes=\"(max-width: 744px) 100vw, 744px\" \/><\/p>\n","protected":false},"excerpt":{"rendered":"<p>Bryher ist eine Insel dramatischer Kontraste mit st\u00fcrmischen Wellen des Atlantik auf der einen Seite und ruhigen Sandstr\u00e4nden auf der anderen; der perfekte Ort, um einen Eindruck einer ungez\u00e4hmten Scilly Insel zu bekommen. Ungef\u00e4hr 80 Menschen wohnen auf&nbsp; Bryher. Erkunden Sie felsige Buchten, faulenzen Sie an wei\u00dfen Sandstr\u00e4nden oder radeln Sie einen der kleinen granitenen [&hellip;]<\/p>\n","protected":false},"author":1,"featured_media":0,"parent":0,"menu_order":0,"comment_status":"closed","ping_status":"closed","template":"single-four.php","meta":[],"acf":[],"yoast_head":"<!-- This site is optimized with the Yoast SEO plugin v19.4 - https:\/\/yoast.com\/wordpress\/plugins\/seo\/ -->\n<title>Urlaub Bryher, Scilly-Inseln: Unterkunft und Sehensw\u00fcrdigkeiten - Urlaub &amp; Reisen<\/title>\n<meta name=\"robots\" content=\"index, follow, max-snippet:-1, max-image-preview:large, max-video-preview:-1\" \/>\n<link rel=\"canonical\" href=\"https:\/\/www.urlaubcornwall.de\/blog\/scilly-inseln-bryher\/\" \/>\n<meta property=\"og:locale\" content=\"en_US\" \/>\n<meta property=\"og:type\" content=\"article\" \/>\n<meta property=\"og:title\" content=\"Urlaub Bryher, Scilly-Inseln: Unterkunft und Sehensw\u00fcrdigkeiten - Urlaub &amp; Reisen\" \/>\n<meta property=\"og:description\" content=\"Bryher ist eine Insel dramatischer Kontraste mit st\u00fcrmischen Wellen des Atlantik auf der einen Seite und ruhigen Sandstr\u00e4nden auf der anderen; der perfekte Ort, um einen Eindruck einer ungez\u00e4hmten Scilly Insel zu bekommen. Ungef\u00e4hr 80 Menschen wohnen auf&nbsp; Bryher. Erkunden Sie felsige Buchten, faulenzen Sie an wei\u00dfen Sandstr\u00e4nden oder radeln Sie einen der kleinen granitenen [&hellip;]\" \/>\n<meta property=\"og:url\" content=\"https:\/\/www.urlaubcornwall.de\/blog\/scilly-inseln-bryher\/\" \/>\n<meta property=\"og:site_name\" content=\"Urlaub &amp; Reisen\" \/>\n<meta property=\"article:modified_time\" content=\"2021-02-05T11:42:16+00:00\" \/>\n<meta property=\"og:image\" content=\"https:\/\/www.urlaubcornwall.de\/blog\/wp-content\/uploads\/2016\/04\/urlaub-bryher-scilly-1.jpg\" \/>\n<meta name=\"twitter:card\" content=\"summary\" \/>\n<meta name=\"twitter:label1\" content=\"Est. reading time\" \/>\n\t<meta name=\"twitter:data1\" content=\"1 minute\" \/>\n<script type=\"application\/ld+json\" class=\"yoast-schema-graph\">{\"@context\":\"https:\/\/schema.org\",\"@graph\":[{\"@type\":\"WebSite\",\"@id\":\"https:\/\/www.urlaubcornwall.de\/blog\/#website\",\"url\":\"https:\/\/www.urlaubcornwall.de\/blog\/\",\"name\":\"Urlaub &amp; Reisen\",\"description\":\"Urlaub, Reisen, Cornwall und S\u00fcdengland: eine perfekte Kombination\",\"potentialAction\":[{\"@type\":\"SearchAction\",\"target\":{\"@type\":\"EntryPoint\",\"urlTemplate\":\"https:\/\/www.urlaubcornwall.de\/blog\/?s={search_term_string}\"},\"query-input\":\"required name=search_term_string\"}],\"inLanguage\":\"en-US\"},{\"@type\":\"WebPage\",\"@id\":\"https:\/\/www.urlaubcornwall.de\/blog\/scilly-inseln-bryher\/\",\"url\":\"https:\/\/www.urlaubcornwall.de\/blog\/scilly-inseln-bryher\/\",\"name\":\"Urlaub Bryher, Scilly-Inseln: Unterkunft und Sehensw\u00fcrdigkeiten - Urlaub &amp; Reisen\",\"isPartOf\":{\"@id\":\"https:\/\/www.urlaubcornwall.de\/blog\/#website\"},\"datePublished\":\"2016-04-19T11:20:10+00:00\",\"dateModified\":\"2021-02-05T11:42:16+00:00\",\"breadcrumb\":{\"@id\":\"https:\/\/www.urlaubcornwall.de\/blog\/scilly-inseln-bryher\/#breadcrumb\"},\"inLanguage\":\"en-US\",\"potentialAction\":[{\"@type\":\"ReadAction\",\"target\":[\"https:\/\/www.urlaubcornwall.de\/blog\/scilly-inseln-bryher\/\"]}]},{\"@type\":\"BreadcrumbList\",\"@id\":\"https:\/\/www.urlaubcornwall.de\/blog\/scilly-inseln-bryher\/#breadcrumb\",\"itemListElement\":[{\"@type\":\"ListItem\",\"position\":1,\"name\":\"Home\",\"item\":\"https:\/\/www.urlaubcornwall.de\/blog\/\"},{\"@type\":\"ListItem\",\"position\":2,\"name\":\"Urlaub Bryher, Scilly-Inseln: Unterkunft und Sehensw\u00fcrdigkeiten\"}]}]}<\/script>\n<!-- \/ Yoast SEO plugin. -->","yoast_head_json":{"title":"Urlaub Bryher, Scilly-Inseln: Unterkunft und Sehensw\u00fcrdigkeiten - Urlaub &amp; Reisen","robots":{"index":"index","follow":"follow","max-snippet":"max-snippet:-1","max-image-preview":"max-image-preview:large","max-video-preview":"max-video-preview:-1"},"canonical":"https:\/\/www.urlaubcornwall.de\/blog\/scilly-inseln-bryher\/","og_locale":"en_US","og_type":"article","og_title":"Urlaub Bryher, Scilly-Inseln: Unterkunft und Sehensw\u00fcrdigkeiten - Urlaub &amp; Reisen","og_description":"Bryher ist eine Insel dramatischer Kontraste mit st\u00fcrmischen Wellen des Atlantik auf der einen Seite und ruhigen Sandstr\u00e4nden auf der anderen; der perfekte Ort, um einen Eindruck einer ungez\u00e4hmten Scilly Insel zu bekommen. Ungef\u00e4hr 80 Menschen wohnen auf&nbsp; Bryher. Erkunden Sie felsige Buchten, faulenzen Sie an wei\u00dfen Sandstr\u00e4nden oder radeln Sie einen der kleinen granitenen [&hellip;]","og_url":"https:\/\/www.urlaubcornwall.de\/blog\/scilly-inseln-bryher\/","og_site_name":"Urlaub &amp; Reisen","article_modified_time":"2021-02-05T11:42:16+00:00","og_image":[{"url":"https:\/\/www.urlaubcornwall.de\/blog\/wp-content\/uploads\/2016\/04\/urlaub-bryher-scilly-1.jpg"}],"twitter_card":"summary","twitter_misc":{"Est. reading time":"1 minute"},"schema":{"@context":"https:\/\/schema.org","@graph":[{"@type":"WebSite","@id":"https:\/\/www.urlaubcornwall.de\/blog\/#website","url":"https:\/\/www.urlaubcornwall.de\/blog\/","name":"Urlaub &amp; Reisen","description":"Urlaub, Reisen, Cornwall und S\u00fcdengland: eine perfekte Kombination","potentialAction":[{"@type":"SearchAction","target":{"@type":"EntryPoint","urlTemplate":"https:\/\/www.urlaubcornwall.de\/blog\/?s={search_term_string}"},"query-input":"required name=search_term_string"}],"inLanguage":"en-US"},{"@type":"WebPage","@id":"https:\/\/www.urlaubcornwall.de\/blog\/scilly-inseln-bryher\/","url":"https:\/\/www.urlaubcornwall.de\/blog\/scilly-inseln-bryher\/","name":"Urlaub Bryher, Scilly-Inseln: Unterkunft und Sehensw\u00fcrdigkeiten - Urlaub &amp; Reisen","isPartOf":{"@id":"https:\/\/www.urlaubcornwall.de\/blog\/#website"},"datePublished":"2016-04-19T11:20:10+00:00","dateModified":"2021-02-05T11:42:16+00:00","breadcrumb":{"@id":"https:\/\/www.urlaubcornwall.de\/blog\/scilly-inseln-bryher\/#breadcrumb"},"inLanguage":"en-US","potentialAction":[{"@type":"ReadAction","target":["https:\/\/www.urlaubcornwall.de\/blog\/scilly-inseln-bryher\/"]}]},{"@type":"BreadcrumbList","@id":"https:\/\/www.urlaubcornwall.de\/blog\/scilly-inseln-bryher\/#breadcrumb","itemListElement":[{"@type":"ListItem","position":1,"name":"Home","item":"https:\/\/www.urlaubcornwall.de\/blog\/"},{"@type":"ListItem","position":2,"name":"Urlaub Bryher, Scilly-Inseln: Unterkunft und Sehensw\u00fcrdigkeiten"}]}]}},"_links":{"self":[{"href":"https:\/\/www.urlaubcornwall.de\/blog\/wp-json\/wp\/v2\/pages\/23471"}],"collection":[{"href":"https:\/\/www.urlaubcornwall.de\/blog\/wp-json\/wp\/v2\/pages"}],"about":[{"href":"https:\/\/www.urlaubcornwall.de\/blog\/wp-json\/wp\/v2\/types\/page"}],"author":[{"embeddable":true,"href":"https:\/\/www.urlaubcornwall.de\/blog\/wp-json\/wp\/v2\/users\/1"}],"replies":[{"embeddable":true,"href":"https:\/\/www.urlaubcornwall.de\/blog\/wp-json\/wp\/v2\/comments?post=23471"}],"version-history":[{"count":15,"href":"https:\/\/www.urlaubcornwall.de\/blog\/wp-json\/wp\/v2\/pages\/23471\/revisions"}],"predecessor-version":[{"id":41441,"href":"https:\/\/www.urlaubcornwall.de\/blog\/wp-json\/wp\/v2\/pages\/23471\/revisions\/41441"}],"wp:attachment":[{"href":"https:\/\/www.urlaubcornwall.de\/blog\/wp-json\/wp\/v2\/media?parent=23471"}],"curies":[{"name":"wp","href":"https:\/\/api.w.org\/{rel}","templated":true}]}}