{"id":23464,"date":"2016-04-19T09:33:46","date_gmt":"2016-04-19T09:33:46","guid":{"rendered":"https:\/\/www.urlaubcornwall.de\/blog\/?page_id=23464"},"modified":"2021-01-08T13:44:47","modified_gmt":"2021-01-08T13:44:47","slug":"scilly-inseln-st-martins","status":"publish","type":"page","link":"https:\/\/www.urlaubcornwall.de\/blog\/scilly-inseln-st-martins\/","title":{"rendered":"Urlaub St Martin&#8217;s, Scilly-Inseln: Unterkunft und Sehensw\u00fcrdigkeiten"},"content":{"rendered":"<p><img loading=\"lazy\" class=\"aligncenter size-full wp-image-23465\" src=\"https:\/\/www.urlaubcornwall.de\/blog\/wp-content\/uploads\/2016\/04\/st-martins-scilly-inseln.jpg\" alt=\"st-martins-scilly-inseln\" width=\"743\" height=\"484\" srcset=\"https:\/\/www.urlaubcornwall.de\/blog\/wp-content\/uploads\/2016\/04\/st-martins-scilly-inseln.jpg 743w, https:\/\/www.urlaubcornwall.de\/blog\/wp-content\/uploads\/2016\/04\/st-martins-scilly-inseln-300x195.jpg 300w\" sizes=\"(max-width: 743px) 100vw, 743px\" \/><\/p>\n<p>St Martins, <a href=\"http:\/\/www.urlaubcornwall.de\/Scilly-Inseln.php\"><span style=\"text-decoration: underline;\">Scilly-Inseln<\/span><\/a>, mit seinem ikonischen rot wei\u00dfen Daymark, das 1683 errichtet wurde, ist die erste Insel, die Sie sehen, wenn Sie vom Festland her\u00fcberkommen.<\/p>\n<p>Die Insel ist lediglich zwei Meilen lang und hat einige der feinsten Str\u00e4nde der britischen Inseln, wenn nicht sogar der Welt. In der Lawrences Bay l\u00e4sst es sich gro\u00dfartig in Felsenpools stochern, oder Sie schwimmen vom Par Strand aus, entspannen an der \u201eBread and Cheese Cove\u201c. Entz\u00fcckend sind die Great Bay und Little Bay mit ihrer fantastischen Ausdehnung an wei\u00dfem Sand. Die spektakul\u00e4ren Blumen, Pflanzen, seltene V\u00f6gel und der sensationelle Meeresblick vom heidebewachsenen Klippenpfad aus, tragen allesamt bei zur fesselnden, unbestreitbaren Sch\u00f6nheit von St Martins. Auf den unbewohnten Eastern Isles Nornour, Ganilly und Menawethan s\u00fcdlich von St Martins k\u00f6nnen Sie Seehundkolonien beim Sonnenbad auf den Felsen sehen.<\/p>\n<p><img loading=\"lazy\" class=\"aligncenter size-full wp-image-24086\" src=\"https:\/\/www.urlaubcornwall.de\/blog\/wp-content\/uploads\/2016\/05\/par-strand-scilly.jpg\" alt=\"par strand scilly inseln\" width=\"745\" height=\"399\" srcset=\"https:\/\/www.urlaubcornwall.de\/blog\/wp-content\/uploads\/2016\/05\/par-strand-scilly.jpg 745w, https:\/\/www.urlaubcornwall.de\/blog\/wp-content\/uploads\/2016\/05\/par-strand-scilly-300x161.jpg 300w\" sizes=\"(max-width: 745px) 100vw, 745px\" \/><\/p>\n<p>St Martins ist eine lebendige Insel mit ungef\u00e4hr 120 Einwohnern. Es gibt eine Blumenfarm und einen Weingarten, die beide f\u00fcr Besucher ge\u00f6ffnet sind, eine Tauchschule, die Schnorcheln mit Seehunden anbietet, einen Silberschmuckdesigner, eine bl\u00fchende B\u00e4ckerei voller hausgemachter Brote und eine Kunstgalerie, die Werke \u00f6rtlich ans\u00e4ssiger K\u00fcnstler darstellt.<\/p>\n<p>St. Martins hat ein Gesch\u00e4ft und eine Post, wo Besucher all das kaufen k\u00f6nnen, was sie f\u00fcr einen herrlichen Urlaub brauchen. Es gibt eine Kneipe, Seven Stones, mit wundervollem Blick; ein Hotel am Strand, Karma St Martins, und verschiedene Caf\u00e9s, die Mittagessen, kleine Snacks und Cream Teas bieten.<\/p>\n<p>Wohnen Sie auf St Martins und genie\u00dfen Sie einen einzigartigen <a href=\"http:\/\/www.urlaubcornwall.de\/Scilly-Inseln.php\">Urlaub auf den Scilly Inseln<\/a> mit UrlaubCornwall.<\/p>\n<h2 style=\"text-align: center;\">Unser Rundreisenservice<\/h2>\n<p style=\"text-align: center;\"><a class=\"tidycta\" href=\"http:\/\/www.urlaubcornwall.de\/anfrage.php?tourcode=Urlaub Scilly-Inseln\">Urlaub Scilly-Inseln Anfrage<\/a><\/p>\n<p>Mit unserer 25j\u00e4hrigen Erfahrung haben wir f\u00fcr Sie nur die beste, pers\u00f6nlich inspizierte Unterkunft der Inseln im Angebot und ein Deutsch sprechendes Team an Scilly-Reiseexperten.<\/p>\n<p>Wir k\u00f6nnen auch Fl\u00fcge nach Gro\u00dfbritannien mit ber\u00fccksichtigen, sowie F\u00e4hrtickets zu den Inseln und eine Autovermietung. Alle Kunden erhalten Sonderangebote und Nachl\u00e4sse, sowie eine Kopie unserer einzigartigen Urlaubstipps, um das Beste aus Ihrem Urlaub auf den Inseln zu machen. <a href=\"http:\/\/www.urlaubcornwall.de\/Scilly-Inseln.php\">Entdecken Sie hier mehr dazu.<\/a><\/p>\n<p><img loading=\"lazy\" class=\"aligncenter size-full wp-image-24046\" src=\"https:\/\/www.urlaubcornwall.de\/blog\/wp-content\/uploads\/2016\/05\/logo-final-1.jpg\" alt=\"urlaubcornwall.de\" width=\"744\" height=\"298\" srcset=\"https:\/\/www.urlaubcornwall.de\/blog\/wp-content\/uploads\/2016\/05\/logo-final-1.jpg 744w, https:\/\/www.urlaubcornwall.de\/blog\/wp-content\/uploads\/2016\/05\/logo-final-1-300x120.jpg 300w\" sizes=\"(max-width: 744px) 100vw, 744px\" \/><\/p>\n","protected":false},"excerpt":{"rendered":"<p>St Martins, Scilly-Inseln, mit seinem ikonischen rot wei\u00dfen Daymark, das 1683 errichtet wurde, ist die erste Insel, die Sie sehen, wenn Sie vom Festland her\u00fcberkommen. Die Insel ist lediglich zwei Meilen lang und hat einige der feinsten Str\u00e4nde der britischen Inseln, wenn nicht sogar der Welt. In der Lawrences Bay l\u00e4sst es sich gro\u00dfartig in [&hellip;]<\/p>\n","protected":false},"author":1,"featured_media":0,"parent":0,"menu_order":0,"comment_status":"closed","ping_status":"closed","template":"single-four.php","meta":[],"acf":[],"yoast_head":"<!-- This site is optimized with the Yoast SEO plugin v19.4 - https:\/\/yoast.com\/wordpress\/plugins\/seo\/ -->\n<title>Urlaub St Martin&#039;s, Scilly-Inseln: Unterkunft und Sehensw\u00fcrdigkeiten - Urlaub &amp; Reisen<\/title>\n<meta name=\"robots\" content=\"index, follow, max-snippet:-1, max-image-preview:large, max-video-preview:-1\" \/>\n<link rel=\"canonical\" href=\"https:\/\/www.urlaubcornwall.de\/blog\/scilly-inseln-st-martins\/\" \/>\n<meta property=\"og:locale\" content=\"en_US\" \/>\n<meta property=\"og:type\" content=\"article\" \/>\n<meta property=\"og:title\" content=\"Urlaub St Martin&#039;s, Scilly-Inseln: Unterkunft und Sehensw\u00fcrdigkeiten - Urlaub &amp; Reisen\" \/>\n<meta property=\"og:description\" content=\"St Martins, Scilly-Inseln, mit seinem ikonischen rot wei\u00dfen Daymark, das 1683 errichtet wurde, ist die erste Insel, die Sie sehen, wenn Sie vom Festland her\u00fcberkommen. Die Insel ist lediglich zwei Meilen lang und hat einige der feinsten Str\u00e4nde der britischen Inseln, wenn nicht sogar der Welt. In der Lawrences Bay l\u00e4sst es sich gro\u00dfartig in [&hellip;]\" \/>\n<meta property=\"og:url\" content=\"https:\/\/www.urlaubcornwall.de\/blog\/scilly-inseln-st-martins\/\" \/>\n<meta property=\"og:site_name\" content=\"Urlaub &amp; Reisen\" \/>\n<meta property=\"article:modified_time\" content=\"2021-01-08T13:44:47+00:00\" \/>\n<meta property=\"og:image\" content=\"https:\/\/www.urlaubcornwall.de\/blog\/wp-content\/uploads\/2016\/04\/st-martins-scilly-inseln.jpg\" \/>\n<meta name=\"twitter:card\" content=\"summary\" \/>\n<meta name=\"twitter:label1\" content=\"Est. reading time\" \/>\n\t<meta name=\"twitter:data1\" content=\"2 minutes\" \/>\n<script type=\"application\/ld+json\" class=\"yoast-schema-graph\">{\"@context\":\"https:\/\/schema.org\",\"@graph\":[{\"@type\":\"WebSite\",\"@id\":\"https:\/\/www.urlaubcornwall.de\/blog\/#website\",\"url\":\"https:\/\/www.urlaubcornwall.de\/blog\/\",\"name\":\"Urlaub &amp; Reisen\",\"description\":\"Urlaub, Reisen, Cornwall und S\u00fcdengland: eine perfekte Kombination\",\"potentialAction\":[{\"@type\":\"SearchAction\",\"target\":{\"@type\":\"EntryPoint\",\"urlTemplate\":\"https:\/\/www.urlaubcornwall.de\/blog\/?s={search_term_string}\"},\"query-input\":\"required name=search_term_string\"}],\"inLanguage\":\"en-US\"},{\"@type\":\"WebPage\",\"@id\":\"https:\/\/www.urlaubcornwall.de\/blog\/scilly-inseln-st-martins\/\",\"url\":\"https:\/\/www.urlaubcornwall.de\/blog\/scilly-inseln-st-martins\/\",\"name\":\"Urlaub St Martin's, Scilly-Inseln: Unterkunft und Sehensw\u00fcrdigkeiten - Urlaub &amp; Reisen\",\"isPartOf\":{\"@id\":\"https:\/\/www.urlaubcornwall.de\/blog\/#website\"},\"datePublished\":\"2016-04-19T09:33:46+00:00\",\"dateModified\":\"2021-01-08T13:44:47+00:00\",\"breadcrumb\":{\"@id\":\"https:\/\/www.urlaubcornwall.de\/blog\/scilly-inseln-st-martins\/#breadcrumb\"},\"inLanguage\":\"en-US\",\"potentialAction\":[{\"@type\":\"ReadAction\",\"target\":[\"https:\/\/www.urlaubcornwall.de\/blog\/scilly-inseln-st-martins\/\"]}]},{\"@type\":\"BreadcrumbList\",\"@id\":\"https:\/\/www.urlaubcornwall.de\/blog\/scilly-inseln-st-martins\/#breadcrumb\",\"itemListElement\":[{\"@type\":\"ListItem\",\"position\":1,\"name\":\"Home\",\"item\":\"https:\/\/www.urlaubcornwall.de\/blog\/\"},{\"@type\":\"ListItem\",\"position\":2,\"name\":\"Urlaub St Martin&#8217;s, Scilly-Inseln: Unterkunft und Sehensw\u00fcrdigkeiten\"}]}]}<\/script>\n<!-- \/ Yoast SEO plugin. -->","yoast_head_json":{"title":"Urlaub St Martin's, Scilly-Inseln: Unterkunft und Sehensw\u00fcrdigkeiten - Urlaub &amp; Reisen","robots":{"index":"index","follow":"follow","max-snippet":"max-snippet:-1","max-image-preview":"max-image-preview:large","max-video-preview":"max-video-preview:-1"},"canonical":"https:\/\/www.urlaubcornwall.de\/blog\/scilly-inseln-st-martins\/","og_locale":"en_US","og_type":"article","og_title":"Urlaub St Martin's, Scilly-Inseln: Unterkunft und Sehensw\u00fcrdigkeiten - Urlaub &amp; Reisen","og_description":"St Martins, Scilly-Inseln, mit seinem ikonischen rot wei\u00dfen Daymark, das 1683 errichtet wurde, ist die erste Insel, die Sie sehen, wenn Sie vom Festland her\u00fcberkommen. Die Insel ist lediglich zwei Meilen lang und hat einige der feinsten Str\u00e4nde der britischen Inseln, wenn nicht sogar der Welt. In der Lawrences Bay l\u00e4sst es sich gro\u00dfartig in [&hellip;]","og_url":"https:\/\/www.urlaubcornwall.de\/blog\/scilly-inseln-st-martins\/","og_site_name":"Urlaub &amp; Reisen","article_modified_time":"2021-01-08T13:44:47+00:00","og_image":[{"url":"https:\/\/www.urlaubcornwall.de\/blog\/wp-content\/uploads\/2016\/04\/st-martins-scilly-inseln.jpg"}],"twitter_card":"summary","twitter_misc":{"Est. reading time":"2 minutes"},"schema":{"@context":"https:\/\/schema.org","@graph":[{"@type":"WebSite","@id":"https:\/\/www.urlaubcornwall.de\/blog\/#website","url":"https:\/\/www.urlaubcornwall.de\/blog\/","name":"Urlaub &amp; Reisen","description":"Urlaub, Reisen, Cornwall und S\u00fcdengland: eine perfekte Kombination","potentialAction":[{"@type":"SearchAction","target":{"@type":"EntryPoint","urlTemplate":"https:\/\/www.urlaubcornwall.de\/blog\/?s={search_term_string}"},"query-input":"required name=search_term_string"}],"inLanguage":"en-US"},{"@type":"WebPage","@id":"https:\/\/www.urlaubcornwall.de\/blog\/scilly-inseln-st-martins\/","url":"https:\/\/www.urlaubcornwall.de\/blog\/scilly-inseln-st-martins\/","name":"Urlaub St Martin's, Scilly-Inseln: Unterkunft und Sehensw\u00fcrdigkeiten - Urlaub &amp; Reisen","isPartOf":{"@id":"https:\/\/www.urlaubcornwall.de\/blog\/#website"},"datePublished":"2016-04-19T09:33:46+00:00","dateModified":"2021-01-08T13:44:47+00:00","breadcrumb":{"@id":"https:\/\/www.urlaubcornwall.de\/blog\/scilly-inseln-st-martins\/#breadcrumb"},"inLanguage":"en-US","potentialAction":[{"@type":"ReadAction","target":["https:\/\/www.urlaubcornwall.de\/blog\/scilly-inseln-st-martins\/"]}]},{"@type":"BreadcrumbList","@id":"https:\/\/www.urlaubcornwall.de\/blog\/scilly-inseln-st-martins\/#breadcrumb","itemListElement":[{"@type":"ListItem","position":1,"name":"Home","item":"https:\/\/www.urlaubcornwall.de\/blog\/"},{"@type":"ListItem","position":2,"name":"Urlaub St Martin&#8217;s, Scilly-Inseln: Unterkunft und Sehensw\u00fcrdigkeiten"}]}]}},"_links":{"self":[{"href":"https:\/\/www.urlaubcornwall.de\/blog\/wp-json\/wp\/v2\/pages\/23464"}],"collection":[{"href":"https:\/\/www.urlaubcornwall.de\/blog\/wp-json\/wp\/v2\/pages"}],"about":[{"href":"https:\/\/www.urlaubcornwall.de\/blog\/wp-json\/wp\/v2\/types\/page"}],"author":[{"embeddable":true,"href":"https:\/\/www.urlaubcornwall.de\/blog\/wp-json\/wp\/v2\/users\/1"}],"replies":[{"embeddable":true,"href":"https:\/\/www.urlaubcornwall.de\/blog\/wp-json\/wp\/v2\/comments?post=23464"}],"version-history":[{"count":12,"href":"https:\/\/www.urlaubcornwall.de\/blog\/wp-json\/wp\/v2\/pages\/23464\/revisions"}],"predecessor-version":[{"id":41382,"href":"https:\/\/www.urlaubcornwall.de\/blog\/wp-json\/wp\/v2\/pages\/23464\/revisions\/41382"}],"wp:attachment":[{"href":"https:\/\/www.urlaubcornwall.de\/blog\/wp-json\/wp\/v2\/media?parent=23464"}],"curies":[{"name":"wp","href":"https:\/\/api.w.org\/{rel}","templated":true}]}}