{"id":23458,"date":"2016-04-19T08:50:57","date_gmt":"2016-04-19T08:50:57","guid":{"rendered":"https:\/\/www.urlaubcornwall.de\/blog\/?page_id=23458"},"modified":"2021-12-09T14:19:07","modified_gmt":"2021-12-09T14:19:07","slug":"scilly-inseln-st-marys","status":"publish","type":"page","link":"https:\/\/www.urlaubcornwall.de\/blog\/scilly-inseln-st-marys\/","title":{"rendered":"Urlaub St Mary&#8217;s, Scilly-Inseln: Unterkunft und Sehensw\u00fcrdigkeiten"},"content":{"rendered":"<p><img loading=\"lazy\" class=\"aligncenter size-full wp-image-23459\" src=\"https:\/\/www.urlaubcornwall.de\/blog\/wp-content\/uploads\/2016\/04\/scilly-inseln-st-marys_.jpg\" alt=\"urlaub-scilly-inseln-st-marys\" height=\"263\" width=\"745\" srcset=\"https:\/\/www.urlaubcornwall.de\/blog\/wp-content\/uploads\/2016\/04\/scilly-inseln-st-marys_.jpg 745w, https:\/\/www.urlaubcornwall.de\/blog\/wp-content\/uploads\/2016\/04\/scilly-inseln-st-marys_-300x106.jpg 300w\" sizes=\"(max-width: 745px) 100vw, 745px\" \/><\/p>\n<p>St. Marys ist die gr\u00f6\u00dfte der <a href=\"http:\/\/www.urlaubcornwall.de\/Scilly-Inseln.php\"><span style=\"text-decoration: underline;\">Scilly Inseln<\/span><\/a> (1800 Einwohner) und deckt ein Gebiet von weniger als 6,5 Quadratkilometern. Hier auf dieser Insel werden Sie vom Festland aus ankommen, entweder per Boot oder mit einem kleinen Flugzeug; sie ist auch das Tor zu den anderen Inseln.<\/p>\n<p>Am Kai legt t\u00e4glich die Scillonian III Passagierf\u00e4hre an. Von hier aus werden Sie auch weiterreisen, falls Sie auf einer der anderen Inseln wohnen oder wenn Sie Boote f\u00fcr Tagesfahrten von St. Marys aus nehmen.<\/p>\n<p><script async src=\"https:\/\/pagead2.googlesyndication.com\/pagead\/js\/adsbygoogle.js?client=ca-pub-3901089389175725\"\n     crossorigin=\"anonymous\"><\/script><br \/>\n<!-- New UC --><br \/>\n<ins class=\"adsbygoogle\"\n     style=\"display:block\"\n     data-ad-client=\"ca-pub-3901089389175725\"\n     data-ad-slot=\"8080314818\"\n     data-ad-format=\"auto\"\n     data-full-width-responsive=\"true\"><\/ins><br \/>\n<script>\n     (adsbygoogle = window.adsbygoogle || []).push({});\n<\/script><\/p>\n<p>Hugh Town ist das Hauptzentrum mit Gesch\u00e4ften, Banken, Kirchen, Post, Caf\u00e9s, Galerien, Restaurants und Kneipen, sowie einem Museum. Es gibt drei herrliche Str\u00e4nde; Porthcressa mit einem nahe gelegenen Kinderspielplatz; Town Beach, ein perfekter Fleck, um dem Getreiben am Kai zuzusehen und Porthmellon, wo Sie das Segelzentrum finden werden.<\/p>\n<p><img loading=\"lazy\" class=\"aligncenter size-full wp-image-23461\" src=\"https:\/\/www.urlaubcornwall.de\/blog\/wp-content\/uploads\/2016\/04\/st-marys-scilly-inseln.jpg\" alt=\"st marys-hafen-scilly-inseln\" height=\"391\" width=\"744\" srcset=\"https:\/\/www.urlaubcornwall.de\/blog\/wp-content\/uploads\/2016\/04\/st-marys-scilly-inseln.jpg 744w, https:\/\/www.urlaubcornwall.de\/blog\/wp-content\/uploads\/2016\/04\/st-marys-scilly-inseln-300x158.jpg 300w\" sizes=\"(max-width: 744px) 100vw, 744px\" \/><\/p>\n<p>Old Town befindet sich n\u00e4her am Flughafen und verf\u00fcgt \u00fcber seinen eigenen sch\u00f6nen Strand und Naturpfade. Es gibt auch ein Gesch\u00e4ft, eine Kneipe und Caf\u00e9s.<\/p>\n<p>Au\u00dferhalb der Stadt ist St. Marys ein sicherer Hafen verborgener Sch\u00e4tze. Die K\u00fcste bietet weite Ausdehnungen verlassener wei\u00dfer Sandstr\u00e4nde, dramatische, felsige Buchten, bedeutende arch\u00e4ologische St\u00e4tten, wundersch\u00f6ne Spazierwege und Landschaftsszenen entlang der meilenweiten K\u00fcsten- und Feldwege und Naturlehrpfade.<br \/>\n<img loading=\"lazy\" class=\"aligncenter size-full wp-image-24046\" src=\"https:\/\/www.urlaubcornwall.de\/blog\/wp-content\/uploads\/2016\/05\/logo-final-1.jpg\" alt=\"urlaubcornwall.de\" height=\"298\" width=\"744\" srcset=\"https:\/\/www.urlaubcornwall.de\/blog\/wp-content\/uploads\/2016\/05\/logo-final-1.jpg 744w, https:\/\/www.urlaubcornwall.de\/blog\/wp-content\/uploads\/2016\/05\/logo-final-1-300x120.jpg 300w\" sizes=\"(max-width: 744px) 100vw, 744px\" \/><\/p>\n<h2 style=\"text-align: center;\">Unser Rundreisenservice<\/h2>\n<p style=\"text-align: center;\"><a class=\"tidycta\" href=\"http:\/\/www.urlaubcornwall.de\/anfrage.php?tourcode=Urlaub Scilly-Inseln\">Urlaub Scilly-Inseln Anfrage<\/a><\/p>\n<p style=\"text-align: center;\">UrlaubCornwall, mit Firmensitz in Cornwall und selbst h\u00e4ufig Besucher der <a href=\"http:\/\/www.urlaubcornwall.de\/Scilly-Inseln.php\">Scilly Inseln<\/a>, hat eine einzigartige Sammlung handverlesener, pers\u00f6nlich inspizierter Hotels und B&amp;Bs in dieser atemberaubenden Inselwelt zusammengestellt.<\/p>\n<p style=\"text-align: center;\">Wir bieten den <strong>EINZIGEN<\/strong> Deutsch sprechenden <a href=\"http:\/\/www.urlaubcornwall.de\/anfrage.php?tourcode=Scilly Inseln\">Reiseservice<\/a> f\u00fcr die Inseln und k\u00f6nnen einen Urlaub f\u00fcr Sie kreieren, einschlie\u00dflich Unterkunft, Fl\u00fcgen, Transfers und Autovermietung. Genie\u00dfen Sie einen Urlaub hier oder binden Sie die Inseln als Teil einer Rundreise durch Cornwall mit ein.<\/p>\n","protected":false},"excerpt":{"rendered":"<p>St. Marys ist die gr\u00f6\u00dfte der Scilly Inseln (1800 Einwohner) und deckt ein Gebiet von weniger als 6,5 Quadratkilometern. Hier auf dieser Insel werden Sie vom Festland aus ankommen, entweder per Boot oder mit einem kleinen Flugzeug; sie ist auch das Tor zu den anderen Inseln. Am Kai legt t\u00e4glich die Scillonian III Passagierf\u00e4hre an. [&hellip;]<\/p>\n","protected":false},"author":1,"featured_media":0,"parent":0,"menu_order":0,"comment_status":"closed","ping_status":"closed","template":"single-four.php","meta":[],"acf":[],"yoast_head":"<!-- This site is optimized with the Yoast SEO plugin v19.4 - https:\/\/yoast.com\/wordpress\/plugins\/seo\/ -->\n<title>Urlaub St Mary&#039;s, Scilly-Inseln: Unterkunft und Sehensw\u00fcrdigkeiten - Urlaub &amp; Reisen<\/title>\n<meta name=\"robots\" content=\"index, follow, max-snippet:-1, max-image-preview:large, max-video-preview:-1\" \/>\n<link rel=\"canonical\" href=\"https:\/\/www.urlaubcornwall.de\/blog\/scilly-inseln-st-marys\/\" \/>\n<meta property=\"og:locale\" content=\"en_US\" \/>\n<meta property=\"og:type\" content=\"article\" \/>\n<meta property=\"og:title\" content=\"Urlaub St Mary&#039;s, Scilly-Inseln: Unterkunft und Sehensw\u00fcrdigkeiten - Urlaub &amp; Reisen\" \/>\n<meta property=\"og:description\" content=\"St. Marys ist die gr\u00f6\u00dfte der Scilly Inseln (1800 Einwohner) und deckt ein Gebiet von weniger als 6,5 Quadratkilometern. Hier auf dieser Insel werden Sie vom Festland aus ankommen, entweder per Boot oder mit einem kleinen Flugzeug; sie ist auch das Tor zu den anderen Inseln. Am Kai legt t\u00e4glich die Scillonian III Passagierf\u00e4hre an. [&hellip;]\" \/>\n<meta property=\"og:url\" content=\"https:\/\/www.urlaubcornwall.de\/blog\/scilly-inseln-st-marys\/\" \/>\n<meta property=\"og:site_name\" content=\"Urlaub &amp; Reisen\" \/>\n<meta property=\"article:modified_time\" content=\"2021-12-09T14:19:07+00:00\" \/>\n<meta property=\"og:image\" content=\"https:\/\/www.urlaubcornwall.de\/blog\/wp-content\/uploads\/2016\/04\/scilly-inseln-st-marys_.jpg\" \/>\n<meta name=\"twitter:card\" content=\"summary\" \/>\n<meta name=\"twitter:label1\" content=\"Est. reading time\" \/>\n\t<meta name=\"twitter:data1\" content=\"1 minute\" \/>\n<script type=\"application\/ld+json\" class=\"yoast-schema-graph\">{\"@context\":\"https:\/\/schema.org\",\"@graph\":[{\"@type\":\"WebSite\",\"@id\":\"https:\/\/www.urlaubcornwall.de\/blog\/#website\",\"url\":\"https:\/\/www.urlaubcornwall.de\/blog\/\",\"name\":\"Urlaub &amp; Reisen\",\"description\":\"Urlaub, Reisen, Cornwall und S\u00fcdengland: eine perfekte Kombination\",\"potentialAction\":[{\"@type\":\"SearchAction\",\"target\":{\"@type\":\"EntryPoint\",\"urlTemplate\":\"https:\/\/www.urlaubcornwall.de\/blog\/?s={search_term_string}\"},\"query-input\":\"required name=search_term_string\"}],\"inLanguage\":\"en-US\"},{\"@type\":\"WebPage\",\"@id\":\"https:\/\/www.urlaubcornwall.de\/blog\/scilly-inseln-st-marys\/\",\"url\":\"https:\/\/www.urlaubcornwall.de\/blog\/scilly-inseln-st-marys\/\",\"name\":\"Urlaub St Mary's, Scilly-Inseln: Unterkunft und Sehensw\u00fcrdigkeiten - Urlaub &amp; Reisen\",\"isPartOf\":{\"@id\":\"https:\/\/www.urlaubcornwall.de\/blog\/#website\"},\"datePublished\":\"2016-04-19T08:50:57+00:00\",\"dateModified\":\"2021-12-09T14:19:07+00:00\",\"breadcrumb\":{\"@id\":\"https:\/\/www.urlaubcornwall.de\/blog\/scilly-inseln-st-marys\/#breadcrumb\"},\"inLanguage\":\"en-US\",\"potentialAction\":[{\"@type\":\"ReadAction\",\"target\":[\"https:\/\/www.urlaubcornwall.de\/blog\/scilly-inseln-st-marys\/\"]}]},{\"@type\":\"BreadcrumbList\",\"@id\":\"https:\/\/www.urlaubcornwall.de\/blog\/scilly-inseln-st-marys\/#breadcrumb\",\"itemListElement\":[{\"@type\":\"ListItem\",\"position\":1,\"name\":\"Home\",\"item\":\"https:\/\/www.urlaubcornwall.de\/blog\/\"},{\"@type\":\"ListItem\",\"position\":2,\"name\":\"Urlaub St Mary&#8217;s, Scilly-Inseln: Unterkunft und Sehensw\u00fcrdigkeiten\"}]}]}<\/script>\n<!-- \/ Yoast SEO plugin. -->","yoast_head_json":{"title":"Urlaub St Mary's, Scilly-Inseln: Unterkunft und Sehensw\u00fcrdigkeiten - Urlaub &amp; Reisen","robots":{"index":"index","follow":"follow","max-snippet":"max-snippet:-1","max-image-preview":"max-image-preview:large","max-video-preview":"max-video-preview:-1"},"canonical":"https:\/\/www.urlaubcornwall.de\/blog\/scilly-inseln-st-marys\/","og_locale":"en_US","og_type":"article","og_title":"Urlaub St Mary's, Scilly-Inseln: Unterkunft und Sehensw\u00fcrdigkeiten - Urlaub &amp; Reisen","og_description":"St. Marys ist die gr\u00f6\u00dfte der Scilly Inseln (1800 Einwohner) und deckt ein Gebiet von weniger als 6,5 Quadratkilometern. Hier auf dieser Insel werden Sie vom Festland aus ankommen, entweder per Boot oder mit einem kleinen Flugzeug; sie ist auch das Tor zu den anderen Inseln. Am Kai legt t\u00e4glich die Scillonian III Passagierf\u00e4hre an. [&hellip;]","og_url":"https:\/\/www.urlaubcornwall.de\/blog\/scilly-inseln-st-marys\/","og_site_name":"Urlaub &amp; Reisen","article_modified_time":"2021-12-09T14:19:07+00:00","og_image":[{"url":"https:\/\/www.urlaubcornwall.de\/blog\/wp-content\/uploads\/2016\/04\/scilly-inseln-st-marys_.jpg"}],"twitter_card":"summary","twitter_misc":{"Est. reading time":"1 minute"},"schema":{"@context":"https:\/\/schema.org","@graph":[{"@type":"WebSite","@id":"https:\/\/www.urlaubcornwall.de\/blog\/#website","url":"https:\/\/www.urlaubcornwall.de\/blog\/","name":"Urlaub &amp; Reisen","description":"Urlaub, Reisen, Cornwall und S\u00fcdengland: eine perfekte Kombination","potentialAction":[{"@type":"SearchAction","target":{"@type":"EntryPoint","urlTemplate":"https:\/\/www.urlaubcornwall.de\/blog\/?s={search_term_string}"},"query-input":"required name=search_term_string"}],"inLanguage":"en-US"},{"@type":"WebPage","@id":"https:\/\/www.urlaubcornwall.de\/blog\/scilly-inseln-st-marys\/","url":"https:\/\/www.urlaubcornwall.de\/blog\/scilly-inseln-st-marys\/","name":"Urlaub St Mary's, Scilly-Inseln: Unterkunft und Sehensw\u00fcrdigkeiten - Urlaub &amp; Reisen","isPartOf":{"@id":"https:\/\/www.urlaubcornwall.de\/blog\/#website"},"datePublished":"2016-04-19T08:50:57+00:00","dateModified":"2021-12-09T14:19:07+00:00","breadcrumb":{"@id":"https:\/\/www.urlaubcornwall.de\/blog\/scilly-inseln-st-marys\/#breadcrumb"},"inLanguage":"en-US","potentialAction":[{"@type":"ReadAction","target":["https:\/\/www.urlaubcornwall.de\/blog\/scilly-inseln-st-marys\/"]}]},{"@type":"BreadcrumbList","@id":"https:\/\/www.urlaubcornwall.de\/blog\/scilly-inseln-st-marys\/#breadcrumb","itemListElement":[{"@type":"ListItem","position":1,"name":"Home","item":"https:\/\/www.urlaubcornwall.de\/blog\/"},{"@type":"ListItem","position":2,"name":"Urlaub St Mary&#8217;s, Scilly-Inseln: Unterkunft und Sehensw\u00fcrdigkeiten"}]}]}},"_links":{"self":[{"href":"https:\/\/www.urlaubcornwall.de\/blog\/wp-json\/wp\/v2\/pages\/23458"}],"collection":[{"href":"https:\/\/www.urlaubcornwall.de\/blog\/wp-json\/wp\/v2\/pages"}],"about":[{"href":"https:\/\/www.urlaubcornwall.de\/blog\/wp-json\/wp\/v2\/types\/page"}],"author":[{"embeddable":true,"href":"https:\/\/www.urlaubcornwall.de\/blog\/wp-json\/wp\/v2\/users\/1"}],"replies":[{"embeddable":true,"href":"https:\/\/www.urlaubcornwall.de\/blog\/wp-json\/wp\/v2\/comments?post=23458"}],"version-history":[{"count":16,"href":"https:\/\/www.urlaubcornwall.de\/blog\/wp-json\/wp\/v2\/pages\/23458\/revisions"}],"predecessor-version":[{"id":44343,"href":"https:\/\/www.urlaubcornwall.de\/blog\/wp-json\/wp\/v2\/pages\/23458\/revisions\/44343"}],"wp:attachment":[{"href":"https:\/\/www.urlaubcornwall.de\/blog\/wp-json\/wp\/v2\/media?parent=23458"}],"curies":[{"name":"wp","href":"https:\/\/api.w.org\/{rel}","templated":true}]}}