{"id":23449,"date":"2016-04-10T13:37:22","date_gmt":"2016-04-10T13:37:22","guid":{"rendered":"https:\/\/www.urlaubcornwall.de\/blog\/?page_id=23449"},"modified":"2026-01-06T20:22:08","modified_gmt":"2026-01-06T20:22:08","slug":"tintagel-geschichte-sehenswuerdigkeiten-und-unterkunft","status":"publish","type":"page","link":"https:\/\/www.urlaubcornwall.de\/blog\/tintagel-geschichte-sehenswuerdigkeiten-und-unterkunft\/","title":{"rendered":"Tintagel: Geschichte, Sehensw\u00fcrdigkeiten und Unterkunft"},"content":{"rendered":"<p><img loading=\"lazy\" class=\"aligncenter size-full wp-image-50931\" src=\"https:\/\/www.urlaubcornwall.de\/blog\/wp-content\/uploads\/2024\/05\/tintagel_bridge.jpg\" alt=\"tintagel_bridge\" width=\"750\" height=\"643\" srcset=\"https:\/\/www.urlaubcornwall.de\/blog\/wp-content\/uploads\/2024\/05\/tintagel_bridge.jpg 750w, https:\/\/www.urlaubcornwall.de\/blog\/wp-content\/uploads\/2024\/05\/tintagel_bridge-300x257.jpg 300w\" sizes=\"(max-width: 750px) 100vw, 750px\" \/><\/p>\n<p>Tintagel an der K\u00fcste Nordcornwalls ist bekannt aufgrund der Ruinen von <a href=\"http:\/\/www.urlaubcornwall.de\/ferienhaeuser-fewos\/tintagel.html\">Tintagel<\/a> Castle auf der ehrf\u00fcrchtigen Landspitze, die auch als \u2018The Island\u2019 bekannt ist. Die Burg stammt aus dem 12. Jahrhundert und ist tief verankert in Geschichte, romantische Erz\u00e4hlungen und die <a href=\"https:\/\/www.urlaubcornwall.de\/blog\/legenden-und-geschichte-cornwalls\/\">Legenden um K\u00f6nig Artus<\/a>. Die dramatische und spektakul\u00e4re Landschaft tr\u00e4gt zur mystischen Atmosph\u00e4re bei.<\/p>\n<p>Im Dorf Tintagel befindet sich die Old Post Office, die dem National Trust geh\u00f6rt und ein seltenes Beispiel eines mittelalterlichen Langhauses aus dem 14. Jahrhundert darstellt. Dieses exzentrische Geb\u00e4ude wurde im Laufe der Jahre f\u00fcr zahlreiche Zwecke benutzt, einschlie\u00dflich einer Poststelle zu viktorianischen Zeiten.<\/p>\n<p>Der Tintagel Strand unterhalb der Klippen ist eines der bestgeh\u00fcteten Geheimnisse der Stadt, perfekt zum Paddeln und Erkundungen in den Felspools. Bei Ebbe k\u00f6nnen Sie die atmosph\u00e4rische Merlins H\u00f6hle erkunden.<\/p>\n<div class=\"snippet\"> <a class=\"featured-item\" href=\"https:\/\/www.urlaubcornwall.de\/ferienhaeuser\/cornwall.php\"> <span class=\"image-holder\" style=\"background-image: url('https:\/\/www.urlaubcornwall.de\/blog\/wp-content\/uploads\/2018\/12\/familienurlaub-corwnall-snippet.jpg');\"><\/span> <span class=\"featured-content\"> \n<h2 class=\"featured-title\">Ferienh\u00e4user in Cornwall am Meer<\/h2>\n<p class=\"featured-body\">Cornwall besitzt mehr K\u00fcstenlinien als jede andere Grafschaft und bietet einige der besten Str\u00e4nde, K\u00fcstenwanderwege und Klippenlandschaften, die man \u00fcberhaupt finden kann&#8230; <\/p><\/span> <span class=\"featured-link-holder\"> <span class=\"featured-extra-info\"> \n<p>F\u00fcr Paare, Familien &#038; Gruppen<\/p>\n<\/span> \n<p class=\"featured-link\">DETAILS<\/p>\n<\/span> <\/a><\/div>\n<h2 style=\"text-align: center;\">Unser Rundreisenservice<\/h2>\n<p><a href=\"http:\/\/urlaubcornwall.de\/\">UrlaubCornwall.de<\/a> hat seinen Firmensitz in Cornwall in S\u00fcdwestengland und bietet Kunden im Deutsch sprechenden Europa Hilfe im Erstellen der perfekten Urlaubserfahrung hier.<\/p>\n<p>Wir haben <a href=\"http:\/\/www.urlaubcornwall.de\/rundreisenservice.php\">ein Team Deutsch sprechender Experten<\/a>, so dass wir eine individuelle Rundreise durch Cornwall, S\u00fcdengland und nun auch durch den Rest Gro\u00dfbritanniens und Irlands anbieten k\u00f6nnen.<\/p>\n<p>Tintagel in Ihre Rundreise durch Cornwall mit einzugliedern, stellen Sie Ihre <span style=\"text-decoration: underline;\"><a href=\"http:\/\/www.urlaubcornwall.de\/anfrage.php\">Anfrage<\/a><\/span> hier oder w\u00e4hlen Sie ein Ferienhaus aus unserer besten Auswahl <span style=\"text-decoration: underline;\"><a href=\"http:\/\/www.urlaubcornwall.de\/ferienhaeuser-fewos\/tintagel.html\">handverlesener und inspizierter H\u00e4user<\/a><\/span> aus.<\/p>\n","protected":false},"excerpt":{"rendered":"<p>Tintagel an der K\u00fcste Nordcornwalls ist bekannt aufgrund der Ruinen von Tintagel Castle auf der ehrf\u00fcrchtigen Landspitze, die auch als \u2018The Island\u2019 bekannt ist. Die Burg stammt aus dem 12. Jahrhundert und ist tief verankert in Geschichte, romantische Erz\u00e4hlungen und die Legenden um K\u00f6nig Artus. Die dramatische und spektakul\u00e4re Landschaft tr\u00e4gt zur mystischen Atmosph\u00e4re bei. [&hellip;]<\/p>\n","protected":false},"author":1,"featured_media":0,"parent":0,"menu_order":0,"comment_status":"closed","ping_status":"closed","template":"single-four.php","meta":[],"acf":[],"yoast_head":"<!-- This site is optimized with the Yoast SEO plugin v19.4 - https:\/\/yoast.com\/wordpress\/plugins\/seo\/ -->\n<title>Tintagel: Geschichte, Sehensw\u00fcrdigkeiten und Unterkunft - Urlaub &amp; Reisen<\/title>\n<meta name=\"robots\" content=\"index, follow, max-snippet:-1, max-image-preview:large, max-video-preview:-1\" \/>\n<link rel=\"canonical\" href=\"https:\/\/www.urlaubcornwall.de\/blog\/tintagel-geschichte-sehenswuerdigkeiten-und-unterkunft\/\" \/>\n<meta property=\"og:locale\" content=\"en_US\" \/>\n<meta property=\"og:type\" content=\"article\" \/>\n<meta property=\"og:title\" content=\"Tintagel: Geschichte, Sehensw\u00fcrdigkeiten und Unterkunft - Urlaub &amp; Reisen\" \/>\n<meta property=\"og:description\" content=\"Tintagel an der K\u00fcste Nordcornwalls ist bekannt aufgrund der Ruinen von Tintagel Castle auf der ehrf\u00fcrchtigen Landspitze, die auch als \u2018The Island\u2019 bekannt ist. Die Burg stammt aus dem 12. Jahrhundert und ist tief verankert in Geschichte, romantische Erz\u00e4hlungen und die Legenden um K\u00f6nig Artus. Die dramatische und spektakul\u00e4re Landschaft tr\u00e4gt zur mystischen Atmosph\u00e4re bei. [&hellip;]\" \/>\n<meta property=\"og:url\" content=\"https:\/\/www.urlaubcornwall.de\/blog\/tintagel-geschichte-sehenswuerdigkeiten-und-unterkunft\/\" \/>\n<meta property=\"og:site_name\" content=\"Urlaub &amp; Reisen\" \/>\n<meta property=\"article:modified_time\" content=\"2026-01-06T20:22:08+00:00\" \/>\n<meta property=\"og:image\" content=\"https:\/\/www.urlaubcornwall.de\/blog\/wp-content\/uploads\/2024\/05\/tintagel_bridge.jpg\" \/>\n<meta name=\"twitter:card\" content=\"summary\" \/>\n<meta name=\"twitter:label1\" content=\"Est. reading time\" \/>\n\t<meta name=\"twitter:data1\" content=\"2 minutes\" \/>\n<script type=\"application\/ld+json\" class=\"yoast-schema-graph\">{\"@context\":\"https:\/\/schema.org\",\"@graph\":[{\"@type\":\"WebSite\",\"@id\":\"https:\/\/www.urlaubcornwall.de\/blog\/#website\",\"url\":\"https:\/\/www.urlaubcornwall.de\/blog\/\",\"name\":\"Urlaub &amp; Reisen\",\"description\":\"Urlaub, Reisen, Cornwall und S\u00fcdengland: eine perfekte Kombination\",\"potentialAction\":[{\"@type\":\"SearchAction\",\"target\":{\"@type\":\"EntryPoint\",\"urlTemplate\":\"https:\/\/www.urlaubcornwall.de\/blog\/?s={search_term_string}\"},\"query-input\":\"required name=search_term_string\"}],\"inLanguage\":\"en-US\"},{\"@type\":\"WebPage\",\"@id\":\"https:\/\/www.urlaubcornwall.de\/blog\/tintagel-geschichte-sehenswuerdigkeiten-und-unterkunft\/\",\"url\":\"https:\/\/www.urlaubcornwall.de\/blog\/tintagel-geschichte-sehenswuerdigkeiten-und-unterkunft\/\",\"name\":\"Tintagel: Geschichte, Sehensw\u00fcrdigkeiten und Unterkunft - Urlaub &amp; Reisen\",\"isPartOf\":{\"@id\":\"https:\/\/www.urlaubcornwall.de\/blog\/#website\"},\"datePublished\":\"2016-04-10T13:37:22+00:00\",\"dateModified\":\"2026-01-06T20:22:08+00:00\",\"breadcrumb\":{\"@id\":\"https:\/\/www.urlaubcornwall.de\/blog\/tintagel-geschichte-sehenswuerdigkeiten-und-unterkunft\/#breadcrumb\"},\"inLanguage\":\"en-US\",\"potentialAction\":[{\"@type\":\"ReadAction\",\"target\":[\"https:\/\/www.urlaubcornwall.de\/blog\/tintagel-geschichte-sehenswuerdigkeiten-und-unterkunft\/\"]}]},{\"@type\":\"BreadcrumbList\",\"@id\":\"https:\/\/www.urlaubcornwall.de\/blog\/tintagel-geschichte-sehenswuerdigkeiten-und-unterkunft\/#breadcrumb\",\"itemListElement\":[{\"@type\":\"ListItem\",\"position\":1,\"name\":\"Home\",\"item\":\"https:\/\/www.urlaubcornwall.de\/blog\/\"},{\"@type\":\"ListItem\",\"position\":2,\"name\":\"Tintagel: Geschichte, Sehensw\u00fcrdigkeiten und Unterkunft\"}]}]}<\/script>\n<!-- \/ Yoast SEO plugin. -->","yoast_head_json":{"title":"Tintagel: Geschichte, Sehensw\u00fcrdigkeiten und Unterkunft - Urlaub &amp; Reisen","robots":{"index":"index","follow":"follow","max-snippet":"max-snippet:-1","max-image-preview":"max-image-preview:large","max-video-preview":"max-video-preview:-1"},"canonical":"https:\/\/www.urlaubcornwall.de\/blog\/tintagel-geschichte-sehenswuerdigkeiten-und-unterkunft\/","og_locale":"en_US","og_type":"article","og_title":"Tintagel: Geschichte, Sehensw\u00fcrdigkeiten und Unterkunft - Urlaub &amp; Reisen","og_description":"Tintagel an der K\u00fcste Nordcornwalls ist bekannt aufgrund der Ruinen von Tintagel Castle auf der ehrf\u00fcrchtigen Landspitze, die auch als \u2018The Island\u2019 bekannt ist. Die Burg stammt aus dem 12. Jahrhundert und ist tief verankert in Geschichte, romantische Erz\u00e4hlungen und die Legenden um K\u00f6nig Artus. Die dramatische und spektakul\u00e4re Landschaft tr\u00e4gt zur mystischen Atmosph\u00e4re bei. [&hellip;]","og_url":"https:\/\/www.urlaubcornwall.de\/blog\/tintagel-geschichte-sehenswuerdigkeiten-und-unterkunft\/","og_site_name":"Urlaub &amp; Reisen","article_modified_time":"2026-01-06T20:22:08+00:00","og_image":[{"url":"https:\/\/www.urlaubcornwall.de\/blog\/wp-content\/uploads\/2024\/05\/tintagel_bridge.jpg"}],"twitter_card":"summary","twitter_misc":{"Est. reading time":"2 minutes"},"schema":{"@context":"https:\/\/schema.org","@graph":[{"@type":"WebSite","@id":"https:\/\/www.urlaubcornwall.de\/blog\/#website","url":"https:\/\/www.urlaubcornwall.de\/blog\/","name":"Urlaub &amp; Reisen","description":"Urlaub, Reisen, Cornwall und S\u00fcdengland: eine perfekte Kombination","potentialAction":[{"@type":"SearchAction","target":{"@type":"EntryPoint","urlTemplate":"https:\/\/www.urlaubcornwall.de\/blog\/?s={search_term_string}"},"query-input":"required name=search_term_string"}],"inLanguage":"en-US"},{"@type":"WebPage","@id":"https:\/\/www.urlaubcornwall.de\/blog\/tintagel-geschichte-sehenswuerdigkeiten-und-unterkunft\/","url":"https:\/\/www.urlaubcornwall.de\/blog\/tintagel-geschichte-sehenswuerdigkeiten-und-unterkunft\/","name":"Tintagel: Geschichte, Sehensw\u00fcrdigkeiten und Unterkunft - Urlaub &amp; Reisen","isPartOf":{"@id":"https:\/\/www.urlaubcornwall.de\/blog\/#website"},"datePublished":"2016-04-10T13:37:22+00:00","dateModified":"2026-01-06T20:22:08+00:00","breadcrumb":{"@id":"https:\/\/www.urlaubcornwall.de\/blog\/tintagel-geschichte-sehenswuerdigkeiten-und-unterkunft\/#breadcrumb"},"inLanguage":"en-US","potentialAction":[{"@type":"ReadAction","target":["https:\/\/www.urlaubcornwall.de\/blog\/tintagel-geschichte-sehenswuerdigkeiten-und-unterkunft\/"]}]},{"@type":"BreadcrumbList","@id":"https:\/\/www.urlaubcornwall.de\/blog\/tintagel-geschichte-sehenswuerdigkeiten-und-unterkunft\/#breadcrumb","itemListElement":[{"@type":"ListItem","position":1,"name":"Home","item":"https:\/\/www.urlaubcornwall.de\/blog\/"},{"@type":"ListItem","position":2,"name":"Tintagel: Geschichte, Sehensw\u00fcrdigkeiten und Unterkunft"}]}]}},"_links":{"self":[{"href":"https:\/\/www.urlaubcornwall.de\/blog\/wp-json\/wp\/v2\/pages\/23449"}],"collection":[{"href":"https:\/\/www.urlaubcornwall.de\/blog\/wp-json\/wp\/v2\/pages"}],"about":[{"href":"https:\/\/www.urlaubcornwall.de\/blog\/wp-json\/wp\/v2\/types\/page"}],"author":[{"embeddable":true,"href":"https:\/\/www.urlaubcornwall.de\/blog\/wp-json\/wp\/v2\/users\/1"}],"replies":[{"embeddable":true,"href":"https:\/\/www.urlaubcornwall.de\/blog\/wp-json\/wp\/v2\/comments?post=23449"}],"version-history":[{"count":10,"href":"https:\/\/www.urlaubcornwall.de\/blog\/wp-json\/wp\/v2\/pages\/23449\/revisions"}],"predecessor-version":[{"id":51990,"href":"https:\/\/www.urlaubcornwall.de\/blog\/wp-json\/wp\/v2\/pages\/23449\/revisions\/51990"}],"wp:attachment":[{"href":"https:\/\/www.urlaubcornwall.de\/blog\/wp-json\/wp\/v2\/media?parent=23449"}],"curies":[{"name":"wp","href":"https:\/\/api.w.org\/{rel}","templated":true}]}}