{"id":23445,"date":"2016-04-10T13:25:05","date_gmt":"2016-04-10T13:25:05","guid":{"rendered":"https:\/\/www.urlaubcornwall.de\/blog\/?page_id=23445"},"modified":"2024-04-15T15:35:27","modified_gmt":"2024-04-15T15:35:27","slug":"boscastle-geschichte-sehenswuerdigkeiten-und-unterkunft","status":"publish","type":"page","link":"https:\/\/www.urlaubcornwall.de\/blog\/boscastle-geschichte-sehenswuerdigkeiten-und-unterkunft\/","title":{"rendered":"Boscastle: Unterkunft, Sehensw\u00fcrdigkeiten und Geschichte"},"content":{"rendered":"<p><img loading=\"lazy\" class=\"aligncenter size-full wp-image-23446\" src=\"https:\/\/www.urlaubcornwall.de\/blog\/wp-content\/uploads\/2016\/04\/ferienhaus-boscastle.jpg\" alt=\"boscastle\" width=\"749\" height=\"498\" \/><\/p>\n<p>Der malerische Hafen <strong><a href=\"https:\/\/www.urlaubcornwall.de\/ferienhaeuser-fewos\/boscastle.html\">Boscastle<\/a><\/strong> befindet sich zwischen hohen Klippen; die Fl\u00fcsse Valency und Jordan winden sich ihren Weg dramatisch in den winzigen Hafen hinein. Es ist der einzige nat\u00fcrliche Hafen entlang dieser 80,5km langen K\u00fcste. Zu viktorianischen Zeiten war er ein bl\u00fchender Hafen, doch heute wird diese windgesch\u00fctzte Bucht und das naturbelassene, unber\u00fchrte Dorf vom National Trust gemanagt.<\/p>\n<p>Im S\u00fcden wird Boscastle bewacht von den beeindruckenden Klippen Willaparks mit seinem gewei\u00dfelten Aussichtsturm an der Landspitze. Hier war einst auch eine Festung der Eisenzeit. Im Binnenland von Willapark aus befindet sich ein seltenes mittelalterliches Landwirtschaftssystem, bekannt als \u2018the Forrabury Stitches\u2019. Diese Methode der Ernterotation reicht in keltische Zeiten zur\u00fcck und ist eines der besten drei \u00fcberlebenden Beispiele im heutigen Britannien.<\/p>\n<p style=\"text-align: center;\"><a class=\"tidycta\" href=\"https:\/\/www.urlaubcornwall.de\/ferienhaeuser-fewos\/boscastle.html\">Suche Ferienh\u00e4user Boscastle<\/a><\/p>\n<p><img loading=\"lazy\" class=\"aligncenter size-full wp-image-23447\" src=\"https:\/\/www.urlaubcornwall.de\/blog\/wp-content\/uploads\/2016\/04\/urlaub-boscatle.jpg\" alt=\"urlaub boscatle\" width=\"744\" height=\"413\" srcset=\"https:\/\/www.urlaubcornwall.de\/blog\/wp-content\/uploads\/2016\/04\/urlaub-boscatle.jpg 744w, https:\/\/www.urlaubcornwall.de\/blog\/wp-content\/uploads\/2016\/04\/urlaub-boscatle-300x167.jpg 300w\" sizes=\"(max-width: 744px) 100vw, 744px\" \/><\/p>\n<p>An der n\u00f6rdlichen Seite der Landspitze befindet sich Penally; das Abzugsloch am Penally Point ist bekannt als des Teufels Blasebalg. Je nach Gezeiten und Meereszustand wirft es ein spektakul\u00e4res Band an Spray \u00fcber den Hafeneingang.<\/p>\n<p>Das Valency Tal verl\u00e4uft vom Hafen aus ins Binnenland und seine dichten W\u00e4lder, der Fluss, Glockenblumen und dichtes Laubwerk stehen im Kontrast zur zerkl\u00fcfteten K\u00fcste. Hier k\u00f6nnen Sie in den Fu\u00dfstapfen des jungen Thomas Hardy wandeln; an der friedlichen Kirche St Juliot hat er seine zuk\u00fcnftige Frau Emma getroffen.<\/p>\n<div class=\"snippet\"> <a class=\"featured-item\" href=\"https:\/\/www.urlaubcornwall.de\/ferienhaeuser\/cornwall.php\"> <span class=\"image-holder\" style=\"background-image: url('https:\/\/www.urlaubcornwall.de\/blog\/wp-content\/uploads\/2018\/12\/ferienhaus-cornwall-mit-hund.jpg');\"><\/span> <span class=\"featured-content\"> \n<h2 class=\"featured-title\">Ferienh\u00e4user in Cornwall<\/h2>\n<p class=\"featured-body\">Cornwall besitzt mehr K\u00fcstenlinien als jede andere Grafschaft und bietet einige der besten Str\u00e4nde, K\u00fcstenwanderwege und Klippenlandschaften, die man \u00fcberhaupt finden kann&#8230; <\/p><\/span> <span class=\"featured-link-holder\"> <span class=\"featured-extra-info\"> \n<p>F\u00fcr Paare, Familien &#038; Gruppen<\/p>\n<\/span> \n<p class=\"featured-link\">DETAILS<\/p>\n<\/span> <\/a><\/div>\n","protected":false},"excerpt":{"rendered":"<p>Der malerische Hafen Boscastle befindet sich zwischen hohen Klippen; die Fl\u00fcsse Valency und Jordan winden sich ihren Weg dramatisch in den winzigen Hafen hinein. Es ist der einzige nat\u00fcrliche Hafen entlang dieser 80,5km langen K\u00fcste. Zu viktorianischen Zeiten war er ein bl\u00fchender Hafen, doch heute wird diese windgesch\u00fctzte Bucht und das naturbelassene, unber\u00fchrte Dorf vom [&hellip;]<\/p>\n","protected":false},"author":1,"featured_media":0,"parent":0,"menu_order":0,"comment_status":"closed","ping_status":"closed","template":"single-four.php","meta":[],"acf":[],"yoast_head":"<!-- This site is optimized with the Yoast SEO plugin v19.4 - https:\/\/yoast.com\/wordpress\/plugins\/seo\/ -->\n<title>Boscastle: Unterkunft, Sehensw\u00fcrdigkeiten und Geschichte - Urlaub &amp; Reisen<\/title>\n<meta name=\"robots\" content=\"index, follow, max-snippet:-1, max-image-preview:large, max-video-preview:-1\" \/>\n<link rel=\"canonical\" href=\"https:\/\/www.urlaubcornwall.de\/blog\/boscastle-geschichte-sehenswuerdigkeiten-und-unterkunft\/\" \/>\n<meta property=\"og:locale\" content=\"en_US\" \/>\n<meta property=\"og:type\" content=\"article\" \/>\n<meta property=\"og:title\" content=\"Boscastle: Unterkunft, Sehensw\u00fcrdigkeiten und Geschichte - Urlaub &amp; Reisen\" \/>\n<meta property=\"og:description\" content=\"Der malerische Hafen Boscastle befindet sich zwischen hohen Klippen; die Fl\u00fcsse Valency und Jordan winden sich ihren Weg dramatisch in den winzigen Hafen hinein. Es ist der einzige nat\u00fcrliche Hafen entlang dieser 80,5km langen K\u00fcste. Zu viktorianischen Zeiten war er ein bl\u00fchender Hafen, doch heute wird diese windgesch\u00fctzte Bucht und das naturbelassene, unber\u00fchrte Dorf vom [&hellip;]\" \/>\n<meta property=\"og:url\" content=\"https:\/\/www.urlaubcornwall.de\/blog\/boscastle-geschichte-sehenswuerdigkeiten-und-unterkunft\/\" \/>\n<meta property=\"og:site_name\" content=\"Urlaub &amp; Reisen\" \/>\n<meta property=\"article:modified_time\" content=\"2024-04-15T15:35:27+00:00\" \/>\n<meta property=\"og:image\" content=\"https:\/\/www.urlaubcornwall.de\/blog\/wp-content\/uploads\/2016\/04\/ferienhaus-boscastle.jpg\" \/>\n<meta name=\"twitter:card\" content=\"summary\" \/>\n<meta name=\"twitter:label1\" content=\"Est. reading time\" \/>\n\t<meta name=\"twitter:data1\" content=\"2 minutes\" \/>\n<script type=\"application\/ld+json\" class=\"yoast-schema-graph\">{\"@context\":\"https:\/\/schema.org\",\"@graph\":[{\"@type\":\"WebSite\",\"@id\":\"https:\/\/www.urlaubcornwall.de\/blog\/#website\",\"url\":\"https:\/\/www.urlaubcornwall.de\/blog\/\",\"name\":\"Urlaub &amp; Reisen\",\"description\":\"Urlaub, Reisen, Cornwall und S\u00fcdengland: eine perfekte Kombination\",\"potentialAction\":[{\"@type\":\"SearchAction\",\"target\":{\"@type\":\"EntryPoint\",\"urlTemplate\":\"https:\/\/www.urlaubcornwall.de\/blog\/?s={search_term_string}\"},\"query-input\":\"required name=search_term_string\"}],\"inLanguage\":\"en-US\"},{\"@type\":\"WebPage\",\"@id\":\"https:\/\/www.urlaubcornwall.de\/blog\/boscastle-geschichte-sehenswuerdigkeiten-und-unterkunft\/\",\"url\":\"https:\/\/www.urlaubcornwall.de\/blog\/boscastle-geschichte-sehenswuerdigkeiten-und-unterkunft\/\",\"name\":\"Boscastle: Unterkunft, Sehensw\u00fcrdigkeiten und Geschichte - Urlaub &amp; Reisen\",\"isPartOf\":{\"@id\":\"https:\/\/www.urlaubcornwall.de\/blog\/#website\"},\"datePublished\":\"2016-04-10T13:25:05+00:00\",\"dateModified\":\"2024-04-15T15:35:27+00:00\",\"breadcrumb\":{\"@id\":\"https:\/\/www.urlaubcornwall.de\/blog\/boscastle-geschichte-sehenswuerdigkeiten-und-unterkunft\/#breadcrumb\"},\"inLanguage\":\"en-US\",\"potentialAction\":[{\"@type\":\"ReadAction\",\"target\":[\"https:\/\/www.urlaubcornwall.de\/blog\/boscastle-geschichte-sehenswuerdigkeiten-und-unterkunft\/\"]}]},{\"@type\":\"BreadcrumbList\",\"@id\":\"https:\/\/www.urlaubcornwall.de\/blog\/boscastle-geschichte-sehenswuerdigkeiten-und-unterkunft\/#breadcrumb\",\"itemListElement\":[{\"@type\":\"ListItem\",\"position\":1,\"name\":\"Home\",\"item\":\"https:\/\/www.urlaubcornwall.de\/blog\/\"},{\"@type\":\"ListItem\",\"position\":2,\"name\":\"Boscastle: Unterkunft, Sehensw\u00fcrdigkeiten und Geschichte\"}]}]}<\/script>\n<!-- \/ Yoast SEO plugin. -->","yoast_head_json":{"title":"Boscastle: Unterkunft, Sehensw\u00fcrdigkeiten und Geschichte - Urlaub &amp; Reisen","robots":{"index":"index","follow":"follow","max-snippet":"max-snippet:-1","max-image-preview":"max-image-preview:large","max-video-preview":"max-video-preview:-1"},"canonical":"https:\/\/www.urlaubcornwall.de\/blog\/boscastle-geschichte-sehenswuerdigkeiten-und-unterkunft\/","og_locale":"en_US","og_type":"article","og_title":"Boscastle: Unterkunft, Sehensw\u00fcrdigkeiten und Geschichte - Urlaub &amp; Reisen","og_description":"Der malerische Hafen Boscastle befindet sich zwischen hohen Klippen; die Fl\u00fcsse Valency und Jordan winden sich ihren Weg dramatisch in den winzigen Hafen hinein. Es ist der einzige nat\u00fcrliche Hafen entlang dieser 80,5km langen K\u00fcste. Zu viktorianischen Zeiten war er ein bl\u00fchender Hafen, doch heute wird diese windgesch\u00fctzte Bucht und das naturbelassene, unber\u00fchrte Dorf vom [&hellip;]","og_url":"https:\/\/www.urlaubcornwall.de\/blog\/boscastle-geschichte-sehenswuerdigkeiten-und-unterkunft\/","og_site_name":"Urlaub &amp; Reisen","article_modified_time":"2024-04-15T15:35:27+00:00","og_image":[{"url":"https:\/\/www.urlaubcornwall.de\/blog\/wp-content\/uploads\/2016\/04\/ferienhaus-boscastle.jpg"}],"twitter_card":"summary","twitter_misc":{"Est. reading time":"2 minutes"},"schema":{"@context":"https:\/\/schema.org","@graph":[{"@type":"WebSite","@id":"https:\/\/www.urlaubcornwall.de\/blog\/#website","url":"https:\/\/www.urlaubcornwall.de\/blog\/","name":"Urlaub &amp; Reisen","description":"Urlaub, Reisen, Cornwall und S\u00fcdengland: eine perfekte Kombination","potentialAction":[{"@type":"SearchAction","target":{"@type":"EntryPoint","urlTemplate":"https:\/\/www.urlaubcornwall.de\/blog\/?s={search_term_string}"},"query-input":"required name=search_term_string"}],"inLanguage":"en-US"},{"@type":"WebPage","@id":"https:\/\/www.urlaubcornwall.de\/blog\/boscastle-geschichte-sehenswuerdigkeiten-und-unterkunft\/","url":"https:\/\/www.urlaubcornwall.de\/blog\/boscastle-geschichte-sehenswuerdigkeiten-und-unterkunft\/","name":"Boscastle: Unterkunft, Sehensw\u00fcrdigkeiten und Geschichte - Urlaub &amp; Reisen","isPartOf":{"@id":"https:\/\/www.urlaubcornwall.de\/blog\/#website"},"datePublished":"2016-04-10T13:25:05+00:00","dateModified":"2024-04-15T15:35:27+00:00","breadcrumb":{"@id":"https:\/\/www.urlaubcornwall.de\/blog\/boscastle-geschichte-sehenswuerdigkeiten-und-unterkunft\/#breadcrumb"},"inLanguage":"en-US","potentialAction":[{"@type":"ReadAction","target":["https:\/\/www.urlaubcornwall.de\/blog\/boscastle-geschichte-sehenswuerdigkeiten-und-unterkunft\/"]}]},{"@type":"BreadcrumbList","@id":"https:\/\/www.urlaubcornwall.de\/blog\/boscastle-geschichte-sehenswuerdigkeiten-und-unterkunft\/#breadcrumb","itemListElement":[{"@type":"ListItem","position":1,"name":"Home","item":"https:\/\/www.urlaubcornwall.de\/blog\/"},{"@type":"ListItem","position":2,"name":"Boscastle: Unterkunft, Sehensw\u00fcrdigkeiten und Geschichte"}]}]}},"_links":{"self":[{"href":"https:\/\/www.urlaubcornwall.de\/blog\/wp-json\/wp\/v2\/pages\/23445"}],"collection":[{"href":"https:\/\/www.urlaubcornwall.de\/blog\/wp-json\/wp\/v2\/pages"}],"about":[{"href":"https:\/\/www.urlaubcornwall.de\/blog\/wp-json\/wp\/v2\/types\/page"}],"author":[{"embeddable":true,"href":"https:\/\/www.urlaubcornwall.de\/blog\/wp-json\/wp\/v2\/users\/1"}],"replies":[{"embeddable":true,"href":"https:\/\/www.urlaubcornwall.de\/blog\/wp-json\/wp\/v2\/comments?post=23445"}],"version-history":[{"count":8,"href":"https:\/\/www.urlaubcornwall.de\/blog\/wp-json\/wp\/v2\/pages\/23445\/revisions"}],"predecessor-version":[{"id":49695,"href":"https:\/\/www.urlaubcornwall.de\/blog\/wp-json\/wp\/v2\/pages\/23445\/revisions\/49695"}],"wp:attachment":[{"href":"https:\/\/www.urlaubcornwall.de\/blog\/wp-json\/wp\/v2\/media?parent=23445"}],"curies":[{"name":"wp","href":"https:\/\/api.w.org\/{rel}","templated":true}]}}