{"id":23439,"date":"2016-04-10T12:50:44","date_gmt":"2016-04-10T12:50:44","guid":{"rendered":"https:\/\/www.urlaubcornwall.de\/blog\/?page_id=23439"},"modified":"2024-04-16T09:56:48","modified_gmt":"2024-04-16T09:56:48","slug":"padstow-geschichte-sehenswuerdigkeiten-und-unterkunft","status":"publish","type":"page","link":"https:\/\/www.urlaubcornwall.de\/blog\/padstow-geschichte-sehenswuerdigkeiten-und-unterkunft\/","title":{"rendered":"Padstow: Geschichte, Sehensw\u00fcrdigkeiten und Unterkunft"},"content":{"rendered":"<p><img loading=\"lazy\" class=\"aligncenter size-full wp-image-39118\" src=\"https:\/\/www.urlaubcornwall.de\/blog\/wp-content\/uploads\/2019\/11\/padstow_hafen.jpg\" alt=\"padstow_hafen\" width=\"750\" height=\"432\" srcset=\"https:\/\/www.urlaubcornwall.de\/blog\/wp-content\/uploads\/2019\/11\/padstow_hafen.jpg 750w, https:\/\/www.urlaubcornwall.de\/blog\/wp-content\/uploads\/2019\/11\/padstow_hafen-300x173.jpg 300w\" sizes=\"(max-width: 750px) 100vw, 750px\" \/><\/p>\n<p><strong><a href=\"http:\/\/www.urlaubcornwall.de\/ferienhaeuser-fewos\/padstow.html\">Padstow<\/a><\/strong> liegt gesch\u00fctzt in der Camel Flussm\u00fcndung, einem willkommenen Zufluchtsort f\u00fcr zahlreiche Schiffe. Die Sandverschiebungen an der M\u00fcndung, die Doom Bar war Ursache zahlreicher Schiffsbr\u00fcche. Es ist einer von Cornwalls attraktivsten H\u00e4fen, und eine Menge des t\u00e4glichen Fischfangs wird von den vielen Restaurants der Stadt aufgekauft, einschlie\u00dflich derer von Rick Stein, der dazu beigetrage hat, das Profil Padstows zu heben. Die Stadt gruppiert sich um den gesch\u00e4ftigen Hafen herum, und es macht viel Vergn\u00fcgen, im Irrgarten enger Gassen und Wege umher zu spazieren.<\/p>\n<h1>Sehenswerte Orte<\/h1>\n<p>St Petroc\u2019s Church mit ihrem bekannten Taufbecken aus dem 15. Jahrhundert befindet sich im Stadtzentrum. Padstow hie\u00df urspr\u00fcnglich Pectrocstowe, benannt nach St Petroc, von dem gesagt wird, dass er das irische Meer auf einem Kohlblatt \u00fcberquerte<strong>&#8230;..<\/strong><\/p>\n<p><img loading=\"lazy\" class=\"aligncenter size-full wp-image-23442\" src=\"https:\/\/www.urlaubcornwall.de\/blog\/wp-content\/uploads\/2016\/04\/1483700_1.jpg\" alt=\"camel trail\" width=\"748\" height=\"365\" srcset=\"https:\/\/www.urlaubcornwall.de\/blog\/wp-content\/uploads\/2016\/04\/1483700_1.jpg 745w, https:\/\/www.urlaubcornwall.de\/blog\/wp-content\/uploads\/2016\/04\/1483700_1-300x147.jpg 300w\" sizes=\"(max-width: 748px) 100vw, 748px\" \/><\/p>\n<p>The Camel Trail ist Cornwalls feinste Wander- und Radroute. Diese 34km lange Strecke f\u00fchrt den Fluss Camel entlang, und Fahrr\u00e4der k\u00f6nnen in Padstow oder Wadebridge gemietet werden.<\/p>\n<div class=\"snippet\"> <a class=\"featured-item\" href=\"https:\/\/www.urlaubcornwall.de\/ferienhaeuser\/cornwall.php\"> <span class=\"image-holder\" style=\"background-image: url('https:\/\/www.urlaubcornwall.de\/blog\/wp-content\/uploads\/2018\/12\/ferienhaus-cornwall-mit-hund.jpg');\"><\/span> <span class=\"featured-content\"> \n<h2 class=\"featured-title\">Ferienh\u00e4user in Padstow &#038; durch Cornwall<\/h2>\n<p class=\"featured-body\">Bei uns finden Sie Ferienh\u00e4user zum Verlieben &#8211; so einfach ist das! Dank seiner langen Geschichte, der reizvollen Landschaften und seinen vielen Attraktionen ist S\u00fcdengland ein wahres Mekka f\u00fcr Urlauber&#8230;..<\/p><\/span> <span class=\"featured-link-holder\"> <span class=\"featured-extra-info\"> \n<p>Pers\u00f6nlich inspizierter Ferienh\u00e4user<\/p>\n<\/span> \n<p class=\"featured-link\">DETAILS<\/p>\n<\/span> <\/a><\/div>\n<p>Prideaux Place befindet sich auf einem H\u00fcgel mit Blick \u00fcber Padstow. Seit seiner Vollendung im Jahre 1592 befindet sich dieses wundersch\u00f6ne elisabethanische Herrenhaus im Besitz derselben Familie. Haus und G\u00e4rten tauchten in zahlreichen Verfilmungen auf, einschlie\u00dflich jener, die die Geschichten von Rosamunde Pilcher und Poldark von Winston Graham erz\u00e4hlen.<\/p>\n<p>Rock befindet sich \u00fcber der Camel Flussm\u00fcndung von Padstow aus und kann mit der Passagierf\u00e4hre erreicht werden, die den Spitznamen \u2018Chelsea on Sea\u2019 tr\u00e4gt, aufgrund der exklusiven Villen und Appartements. Es gibt einen herrlichen Sandstrand und einige feine Restaurants.<\/p>\n<p><img loading=\"lazy\" class=\"aligncenter size-full wp-image-23441\" src=\"https:\/\/www.urlaubcornwall.de\/blog\/wp-content\/uploads\/2016\/04\/daymer-bay.jpg\" alt=\"daymer bay\" width=\"748\" height=\"380\"\/><\/p>\n<p>Die Str\u00e4nde bei Padstow geh\u00f6ren zu den besten der Grafschaft; Daymer mit seinem feinen Sand und Sandd\u00fcnen im Hintergrund ist bei Familien beliebt; Polzeath ist ein Paradies f\u00fcr Surfer und Strandliebhaber; <a href=\"https:\/\/www.urlaubcornwall.de\/ferienhaeuser-fewos\/trevone.html\">Trevone<\/a> mit seinem sanft sich neigenden Sandstrand eignet sich ideal zum Schwimmen und die Klippen und Felsen sind von besonderem geologischen Interesse; Constantine soll einer der besten Surfstr\u00e4nde sein.<\/p>\n<div class=\"snippet\"> <a class=\"featured-item\" href=\"https:\/\/www.urlaubcornwall.de\/rundreisen\/cornwall-suedengland.php\"> <span class=\"image-holder\" style=\"background-image: url('https:\/\/www.urlaubcornwall.de\/blog\/wp-content\/uploads\/2019\/01\/DiTn0QVWsAIOgjG.jpg');\"><\/span> <span class=\"featured-content\"> \n<h2 class=\"featured-title\">Rundreisen Cornwall &#038; S\u00fcdengland eine perfekte Kombination<\/h2>\n<p class=\"featured-body\">Die perfekte Reisem\u00f6glichkeit und erm\u00f6glicht es Ihnen, Entdeckungen zu machen und einen Urlaub im eigenen Schritttempo&#8230;.<\/p><\/span> <span class=\"featured-link-holder\"> <span class=\"featured-extra-info\"> \n<p>F\u00fcr Paare, Familien &#038; Gruppen<\/p>\n<\/span> \n<p class=\"featured-link\">DETAILS<\/p>\n<\/span> <\/a><\/div>\n<p>The National Lobster Hatchery ist ein bahnbrechender Verein zur Erforschung und dem Erhalt gef\u00e4hrdeter Hummerpopulationen. Ein Besuch lohnt sich und Sie erfahren mehr zur Fischerei und Fragen zur Nachhaltigkeit, mit denen sie konfrontiert ist.<\/p>\n","protected":false},"excerpt":{"rendered":"<p>Padstow liegt gesch\u00fctzt in der Camel Flussm\u00fcndung, einem willkommenen Zufluchtsort f\u00fcr zahlreiche Schiffe. Die Sandverschiebungen an der M\u00fcndung, die Doom Bar war Ursache zahlreicher Schiffsbr\u00fcche. Es ist einer von Cornwalls attraktivsten H\u00e4fen, und eine Menge des t\u00e4glichen Fischfangs wird von den vielen Restaurants der Stadt aufgekauft, einschlie\u00dflich derer von Rick Stein, der dazu beigetrage hat, [&hellip;]<\/p>\n","protected":false},"author":1,"featured_media":0,"parent":0,"menu_order":0,"comment_status":"closed","ping_status":"closed","template":"single-four.php","meta":[],"acf":[],"yoast_head":"<!-- This site is optimized with the Yoast SEO plugin v19.4 - https:\/\/yoast.com\/wordpress\/plugins\/seo\/ -->\n<title>Padstow: Geschichte, Sehensw\u00fcrdigkeiten und Unterkunft - Urlaub &amp; Reisen<\/title>\n<meta name=\"robots\" content=\"index, follow, max-snippet:-1, max-image-preview:large, max-video-preview:-1\" \/>\n<link rel=\"canonical\" href=\"https:\/\/www.urlaubcornwall.de\/blog\/padstow-geschichte-sehenswuerdigkeiten-und-unterkunft\/\" \/>\n<meta property=\"og:locale\" content=\"en_US\" \/>\n<meta property=\"og:type\" content=\"article\" \/>\n<meta property=\"og:title\" content=\"Padstow: Geschichte, Sehensw\u00fcrdigkeiten und Unterkunft - Urlaub &amp; Reisen\" \/>\n<meta property=\"og:description\" content=\"Padstow liegt gesch\u00fctzt in der Camel Flussm\u00fcndung, einem willkommenen Zufluchtsort f\u00fcr zahlreiche Schiffe. Die Sandverschiebungen an der M\u00fcndung, die Doom Bar war Ursache zahlreicher Schiffsbr\u00fcche. Es ist einer von Cornwalls attraktivsten H\u00e4fen, und eine Menge des t\u00e4glichen Fischfangs wird von den vielen Restaurants der Stadt aufgekauft, einschlie\u00dflich derer von Rick Stein, der dazu beigetrage hat, [&hellip;]\" \/>\n<meta property=\"og:url\" content=\"https:\/\/www.urlaubcornwall.de\/blog\/padstow-geschichte-sehenswuerdigkeiten-und-unterkunft\/\" \/>\n<meta property=\"og:site_name\" content=\"Urlaub &amp; Reisen\" \/>\n<meta property=\"article:modified_time\" content=\"2024-04-16T09:56:48+00:00\" \/>\n<meta property=\"og:image\" content=\"https:\/\/www.urlaubcornwall.de\/blog\/wp-content\/uploads\/2019\/11\/padstow_hafen.jpg\" \/>\n<meta name=\"twitter:card\" content=\"summary\" \/>\n<meta name=\"twitter:label1\" content=\"Est. reading time\" \/>\n\t<meta name=\"twitter:data1\" content=\"3 minutes\" \/>\n<script type=\"application\/ld+json\" class=\"yoast-schema-graph\">{\"@context\":\"https:\/\/schema.org\",\"@graph\":[{\"@type\":\"WebSite\",\"@id\":\"https:\/\/www.urlaubcornwall.de\/blog\/#website\",\"url\":\"https:\/\/www.urlaubcornwall.de\/blog\/\",\"name\":\"Urlaub &amp; Reisen\",\"description\":\"Urlaub, Reisen, Cornwall und S\u00fcdengland: eine perfekte Kombination\",\"potentialAction\":[{\"@type\":\"SearchAction\",\"target\":{\"@type\":\"EntryPoint\",\"urlTemplate\":\"https:\/\/www.urlaubcornwall.de\/blog\/?s={search_term_string}\"},\"query-input\":\"required name=search_term_string\"}],\"inLanguage\":\"en-US\"},{\"@type\":\"WebPage\",\"@id\":\"https:\/\/www.urlaubcornwall.de\/blog\/padstow-geschichte-sehenswuerdigkeiten-und-unterkunft\/\",\"url\":\"https:\/\/www.urlaubcornwall.de\/blog\/padstow-geschichte-sehenswuerdigkeiten-und-unterkunft\/\",\"name\":\"Padstow: Geschichte, Sehensw\u00fcrdigkeiten und Unterkunft - Urlaub &amp; Reisen\",\"isPartOf\":{\"@id\":\"https:\/\/www.urlaubcornwall.de\/blog\/#website\"},\"datePublished\":\"2016-04-10T12:50:44+00:00\",\"dateModified\":\"2024-04-16T09:56:48+00:00\",\"breadcrumb\":{\"@id\":\"https:\/\/www.urlaubcornwall.de\/blog\/padstow-geschichte-sehenswuerdigkeiten-und-unterkunft\/#breadcrumb\"},\"inLanguage\":\"en-US\",\"potentialAction\":[{\"@type\":\"ReadAction\",\"target\":[\"https:\/\/www.urlaubcornwall.de\/blog\/padstow-geschichte-sehenswuerdigkeiten-und-unterkunft\/\"]}]},{\"@type\":\"BreadcrumbList\",\"@id\":\"https:\/\/www.urlaubcornwall.de\/blog\/padstow-geschichte-sehenswuerdigkeiten-und-unterkunft\/#breadcrumb\",\"itemListElement\":[{\"@type\":\"ListItem\",\"position\":1,\"name\":\"Home\",\"item\":\"https:\/\/www.urlaubcornwall.de\/blog\/\"},{\"@type\":\"ListItem\",\"position\":2,\"name\":\"Padstow: Geschichte, Sehensw\u00fcrdigkeiten und Unterkunft\"}]}]}<\/script>\n<!-- \/ Yoast SEO plugin. -->","yoast_head_json":{"title":"Padstow: Geschichte, Sehensw\u00fcrdigkeiten und Unterkunft - Urlaub &amp; Reisen","robots":{"index":"index","follow":"follow","max-snippet":"max-snippet:-1","max-image-preview":"max-image-preview:large","max-video-preview":"max-video-preview:-1"},"canonical":"https:\/\/www.urlaubcornwall.de\/blog\/padstow-geschichte-sehenswuerdigkeiten-und-unterkunft\/","og_locale":"en_US","og_type":"article","og_title":"Padstow: Geschichte, Sehensw\u00fcrdigkeiten und Unterkunft - Urlaub &amp; Reisen","og_description":"Padstow liegt gesch\u00fctzt in der Camel Flussm\u00fcndung, einem willkommenen Zufluchtsort f\u00fcr zahlreiche Schiffe. Die Sandverschiebungen an der M\u00fcndung, die Doom Bar war Ursache zahlreicher Schiffsbr\u00fcche. Es ist einer von Cornwalls attraktivsten H\u00e4fen, und eine Menge des t\u00e4glichen Fischfangs wird von den vielen Restaurants der Stadt aufgekauft, einschlie\u00dflich derer von Rick Stein, der dazu beigetrage hat, [&hellip;]","og_url":"https:\/\/www.urlaubcornwall.de\/blog\/padstow-geschichte-sehenswuerdigkeiten-und-unterkunft\/","og_site_name":"Urlaub &amp; Reisen","article_modified_time":"2024-04-16T09:56:48+00:00","og_image":[{"url":"https:\/\/www.urlaubcornwall.de\/blog\/wp-content\/uploads\/2019\/11\/padstow_hafen.jpg"}],"twitter_card":"summary","twitter_misc":{"Est. reading time":"3 minutes"},"schema":{"@context":"https:\/\/schema.org","@graph":[{"@type":"WebSite","@id":"https:\/\/www.urlaubcornwall.de\/blog\/#website","url":"https:\/\/www.urlaubcornwall.de\/blog\/","name":"Urlaub &amp; Reisen","description":"Urlaub, Reisen, Cornwall und S\u00fcdengland: eine perfekte Kombination","potentialAction":[{"@type":"SearchAction","target":{"@type":"EntryPoint","urlTemplate":"https:\/\/www.urlaubcornwall.de\/blog\/?s={search_term_string}"},"query-input":"required name=search_term_string"}],"inLanguage":"en-US"},{"@type":"WebPage","@id":"https:\/\/www.urlaubcornwall.de\/blog\/padstow-geschichte-sehenswuerdigkeiten-und-unterkunft\/","url":"https:\/\/www.urlaubcornwall.de\/blog\/padstow-geschichte-sehenswuerdigkeiten-und-unterkunft\/","name":"Padstow: Geschichte, Sehensw\u00fcrdigkeiten und Unterkunft - Urlaub &amp; Reisen","isPartOf":{"@id":"https:\/\/www.urlaubcornwall.de\/blog\/#website"},"datePublished":"2016-04-10T12:50:44+00:00","dateModified":"2024-04-16T09:56:48+00:00","breadcrumb":{"@id":"https:\/\/www.urlaubcornwall.de\/blog\/padstow-geschichte-sehenswuerdigkeiten-und-unterkunft\/#breadcrumb"},"inLanguage":"en-US","potentialAction":[{"@type":"ReadAction","target":["https:\/\/www.urlaubcornwall.de\/blog\/padstow-geschichte-sehenswuerdigkeiten-und-unterkunft\/"]}]},{"@type":"BreadcrumbList","@id":"https:\/\/www.urlaubcornwall.de\/blog\/padstow-geschichte-sehenswuerdigkeiten-und-unterkunft\/#breadcrumb","itemListElement":[{"@type":"ListItem","position":1,"name":"Home","item":"https:\/\/www.urlaubcornwall.de\/blog\/"},{"@type":"ListItem","position":2,"name":"Padstow: Geschichte, Sehensw\u00fcrdigkeiten und Unterkunft"}]}]}},"_links":{"self":[{"href":"https:\/\/www.urlaubcornwall.de\/blog\/wp-json\/wp\/v2\/pages\/23439"}],"collection":[{"href":"https:\/\/www.urlaubcornwall.de\/blog\/wp-json\/wp\/v2\/pages"}],"about":[{"href":"https:\/\/www.urlaubcornwall.de\/blog\/wp-json\/wp\/v2\/types\/page"}],"author":[{"embeddable":true,"href":"https:\/\/www.urlaubcornwall.de\/blog\/wp-json\/wp\/v2\/users\/1"}],"replies":[{"embeddable":true,"href":"https:\/\/www.urlaubcornwall.de\/blog\/wp-json\/wp\/v2\/comments?post=23439"}],"version-history":[{"count":19,"href":"https:\/\/www.urlaubcornwall.de\/blog\/wp-json\/wp\/v2\/pages\/23439\/revisions"}],"predecessor-version":[{"id":49853,"href":"https:\/\/www.urlaubcornwall.de\/blog\/wp-json\/wp\/v2\/pages\/23439\/revisions\/49853"}],"wp:attachment":[{"href":"https:\/\/www.urlaubcornwall.de\/blog\/wp-json\/wp\/v2\/media?parent=23439"}],"curies":[{"name":"wp","href":"https:\/\/api.w.org\/{rel}","templated":true}]}}