{"id":23431,"date":"2016-04-10T09:54:43","date_gmt":"2016-04-10T09:54:43","guid":{"rendered":"https:\/\/www.urlaubcornwall.de\/blog\/?page_id=23431"},"modified":"2026-01-06T20:22:33","modified_gmt":"2026-01-06T20:22:33","slug":"newquay-geschichte-sehenswuerdigkeiten-und-unterkunft","status":"publish","type":"page","link":"https:\/\/www.urlaubcornwall.de\/blog\/newquay-geschichte-sehenswuerdigkeiten-und-unterkunft\/","title":{"rendered":"Urlaub Newquay:  Sehensw\u00fcrdigkeiten, Unterkunft und Geschichte."},"content":{"rendered":"<p><a href=\"https:\/\/www.urlaubcornwall.de\/blog\/wp-content\/uploads\/2024\/03\/towan-strand-newquay-rotated.jpg\"><img loading=\"lazy\" src=\"https:\/\/www.urlaubcornwall.de\/blog\/wp-content\/uploads\/2024\/03\/towan-strand-newquay-rotated.jpg\" alt=\"towan strand newquay\" width=\"750\" height=\"562\" class=\"alignnone size-full wp-image-47905\" srcset=\"https:\/\/www.urlaubcornwall.de\/blog\/wp-content\/uploads\/2024\/03\/towan-strand-newquay-rotated.jpg 750w, https:\/\/www.urlaubcornwall.de\/blog\/wp-content\/uploads\/2024\/03\/towan-strand-newquay-300x225.jpg 300w\" sizes=\"(max-width: 750px) 100vw, 750px\" \/><\/a><\/p>\n<p>Newquay ist ein lebendiger Strand- und Surfurlaubsort an der Nordk\u00fcste Cornwalls. Die gesch\u00e4ftige Stadt verf\u00fcgt \u00fcber eine Menge <a href=\"https:\/\/www.urlaubcornwall.de\/hotels.php\">Hotels<\/a>, <a href=\"http:\/\/www.urlaubcornwall.de\/bed-and-breakfast.php\">Bed &amp; Breakfasts<\/a>, Gesch\u00e4fte, Kneipen und Nightclubs, und dennoch gibt es ruhige Ecken in blumengeschm\u00fcckten Parkanlagen und G\u00e4rten. Jedes Jahr finden am Fistral Beach, der Holywell Bay und am Perran Beach Surfmeisterschaften statt. An der Watergate Bay gibt es au\u00dferdem weitere Wassersportmeisterschaften, Polo am Strand und die j\u00e4hrlich im August stattfindenden Boardmasters, ein Musik- und Surffestival. Die Str\u00e4nde Towan Beach, Tolcarne und Lusty Glaze sind eher windgesch\u00fctzt und daher f\u00fcr Familien geeignet.<\/p>\n<h1>Besuchenswerte Orte<\/h1>\n<p>Blue Reef Aquarium befindet sich am Towan Beach im Zentrum Newquays und l\u00e4dt den Besucher ein zu einer spektakul\u00e4ren Unterwassersafari durch die Ozeane der Welt, von der cornischen und britischen K\u00fcste bis hin zu tropischen Riffen auf der anderen Seite der Welt. Es hat eine Reihe wundervoller Meereskreaturen, von winzigen Seepferdchen bis hin zu den gr\u00f6\u00dften Tintenfischarten der Erde.<\/p>\n<p><a href=\"https:\/\/www.urlaubcornwall.de\/blog\/newquay-zoo-vortreffliche-familienattraktion-in-newquay\/\">Newquay Zoo<\/a> befindet sich lediglich einen kurzen Spaziergang entfernt vom Stadtzentrum, innerhalb von 13 Ar tropischer G\u00e4rten gelegen, bietet er mehr als 130 verschiedenen Tierarten ein Zuhause. Er geh\u00f6rt zu den f\u00fchrenden Vereinen, die sich damit besch\u00e4ftigen, Tiere vor dem Aussterben zu retten.<\/p>\n<div class=\"snippet\"> <a class=\"featured-item\" href=\" https:\/\/www.urlaubcornwall.de\/ferienhaeuser-fewos\/newquay.html\"> <span class=\"image-holder\" style=\"background-image: url(' https:\/\/www.urlaubcornwall.de\/blog\/wp-content\/uploads\/2019\/01\/ferienhaus-falmouth.jpg ');\"><\/span> <span class=\"featured-content\"> \n<h2 class=\"featured-title\">Ferienh\u00e4user und Ferienwohnungen in Newquay<\/h2>\n<p class=\"featured-body\">Als zweifelsohne die lebendigste Stadt an der Nordk\u00fcste sorgt Newquay sowohl f\u00fcr junge Nachtschw\u00e4rmer als auch Familien&#8230;&#8230;<\/p>\n<\/span> <span class=\"featured-link-holder\"> <span class=\"featured-extra-info\"> \n<p>F\u00fcr Paare, Familien &#038; Gruppen<\/p>\n<\/span> \n<p class=\"featured-link\">DETAILS<\/p>\n<\/span> <\/a><\/div>\n<p>Dairyland Farm World liegt au\u00dferhalb Newquays und ist ein Abenteuerpark, der f\u00fcr alle Altersstufen geeignet ist. Neben Naturpfaden, Traktorfahrten und Ponyritten kann man erfahren, wie sich die cornische Landwirtschaft im Laufe der Jahre ver\u00e4ndert hat und im Melkstand dabei helfen, die K\u00fche zu melken. Es gibt auch einen gro\u00dfen Innenspielplatz, falls das Wetter nicht so gut sein sollte.<\/p>\n<p>Newquay Harbour ist noch immer ein gesch\u00e4ftiger Fischerhafen, und hier kommt der t\u00e4gliche Fang an Krabben und Hummern in den bunten Fischerbooten an. W\u00e4hrend des Sommers k\u00f6nnen Sie t\u00e4glich mit einem der Seem\u00e4nner eine Bootsfahrt machen oder eine Fahrt unternehmen, um Seehunde, Delfine, Riesenhaie und zahlreiche Seev\u00f6gel entlang der K\u00fcste zu sehen.<\/p>\n<p>Trerice ist ein Elisabethanisches Herrenhaus in ruhiger Lage au\u00dferhalb Newquays. Dieses National Trust Geb\u00e4ude verf\u00fcgt \u00fcber eine feine Inneneinrichtung, herrliche G\u00e4rten und Bowling Green, wo Sie \u2018Kayles\u2019 spielen k\u00f6nnen \u2013 cornisches Kegeln.<\/p>\n<div class=\"snippet\"> <a class=\"featured-item\" href=\" https:\/\/www.urlaubcornwall.de\/rundreisen\/cornwall-suedengland.php\"> <span class=\"image-holder\" style=\"background-image: url(' https:\/\/www.urlaubcornwall.de\/blog\/wp-content\/uploads\/2018\/11\/rundreise-cornwall.jpg ');\"><\/span> <span class=\"featured-content\"> \n<h2 class=\"featured-title\">Individuelle Rundreise in Cornwall &#038; S\u00fcdengland<\/h2>\n<p class=\"featured-body\"> Bei dieser Cornwall Rundreise entdecken Sie die H\u00f6hepunkte S\u00fcdenglands. Kultur, Geschichte, Landschaft und heutiges Leben werden Sie hierbei kennenlernen&#8230;<\/p>\n<\/span> <span class=\"featured-link-holder\"> <span class=\"featured-extra-info\"> \n<p>Urlaub im eigenen Schritttempo<\/p>\n<\/span> \n<p class=\"featured-link\">DETAILS<\/p>\n<\/span> <\/a><\/div>\n","protected":false},"excerpt":{"rendered":"<p>Newquay ist ein lebendiger Strand- und Surfurlaubsort an der Nordk\u00fcste Cornwalls. Die gesch\u00e4ftige Stadt verf\u00fcgt \u00fcber eine Menge Hotels, Bed &amp; Breakfasts, Gesch\u00e4fte, Kneipen und Nightclubs, und dennoch gibt es ruhige Ecken in blumengeschm\u00fcckten Parkanlagen und G\u00e4rten. Jedes Jahr finden am Fistral Beach, der Holywell Bay und am Perran Beach Surfmeisterschaften statt. An der Watergate [&hellip;]<\/p>\n","protected":false},"author":1,"featured_media":0,"parent":0,"menu_order":0,"comment_status":"closed","ping_status":"closed","template":"single-four.php","meta":[],"acf":[],"yoast_head":"<!-- This site is optimized with the Yoast SEO plugin v19.4 - https:\/\/yoast.com\/wordpress\/plugins\/seo\/ -->\n<title>Urlaub Newquay: Sehensw\u00fcrdigkeiten, Unterkunft und Geschichte. - Urlaub &amp; Reisen<\/title>\n<meta name=\"robots\" content=\"index, follow, max-snippet:-1, max-image-preview:large, max-video-preview:-1\" \/>\n<link rel=\"canonical\" href=\"https:\/\/www.urlaubcornwall.de\/blog\/newquay-geschichte-sehenswuerdigkeiten-und-unterkunft\/\" \/>\n<meta property=\"og:locale\" content=\"en_US\" \/>\n<meta property=\"og:type\" content=\"article\" \/>\n<meta property=\"og:title\" content=\"Urlaub Newquay: Sehensw\u00fcrdigkeiten, Unterkunft und Geschichte. - Urlaub &amp; Reisen\" \/>\n<meta property=\"og:description\" content=\"Newquay ist ein lebendiger Strand- und Surfurlaubsort an der Nordk\u00fcste Cornwalls. Die gesch\u00e4ftige Stadt verf\u00fcgt \u00fcber eine Menge Hotels, Bed &amp; Breakfasts, Gesch\u00e4fte, Kneipen und Nightclubs, und dennoch gibt es ruhige Ecken in blumengeschm\u00fcckten Parkanlagen und G\u00e4rten. Jedes Jahr finden am Fistral Beach, der Holywell Bay und am Perran Beach Surfmeisterschaften statt. An der Watergate [&hellip;]\" \/>\n<meta property=\"og:url\" content=\"https:\/\/www.urlaubcornwall.de\/blog\/newquay-geschichte-sehenswuerdigkeiten-und-unterkunft\/\" \/>\n<meta property=\"og:site_name\" content=\"Urlaub &amp; Reisen\" \/>\n<meta property=\"article:modified_time\" content=\"2026-01-06T20:22:33+00:00\" \/>\n<meta property=\"og:image\" content=\"https:\/\/www.urlaubcornwall.de\/blog\/wp-content\/uploads\/2024\/03\/towan-strand-newquay-rotated.jpg\" \/>\n<meta name=\"twitter:card\" content=\"summary\" \/>\n<meta name=\"twitter:label1\" content=\"Est. reading time\" \/>\n\t<meta name=\"twitter:data1\" content=\"2 minutes\" \/>\n<script type=\"application\/ld+json\" class=\"yoast-schema-graph\">{\"@context\":\"https:\/\/schema.org\",\"@graph\":[{\"@type\":\"WebSite\",\"@id\":\"https:\/\/www.urlaubcornwall.de\/blog\/#website\",\"url\":\"https:\/\/www.urlaubcornwall.de\/blog\/\",\"name\":\"Urlaub &amp; Reisen\",\"description\":\"Urlaub, Reisen, Cornwall und S\u00fcdengland: eine perfekte Kombination\",\"potentialAction\":[{\"@type\":\"SearchAction\",\"target\":{\"@type\":\"EntryPoint\",\"urlTemplate\":\"https:\/\/www.urlaubcornwall.de\/blog\/?s={search_term_string}\"},\"query-input\":\"required name=search_term_string\"}],\"inLanguage\":\"en-US\"},{\"@type\":\"WebPage\",\"@id\":\"https:\/\/www.urlaubcornwall.de\/blog\/newquay-geschichte-sehenswuerdigkeiten-und-unterkunft\/\",\"url\":\"https:\/\/www.urlaubcornwall.de\/blog\/newquay-geschichte-sehenswuerdigkeiten-und-unterkunft\/\",\"name\":\"Urlaub Newquay: Sehensw\u00fcrdigkeiten, Unterkunft und Geschichte. - Urlaub &amp; Reisen\",\"isPartOf\":{\"@id\":\"https:\/\/www.urlaubcornwall.de\/blog\/#website\"},\"datePublished\":\"2016-04-10T09:54:43+00:00\",\"dateModified\":\"2026-01-06T20:22:33+00:00\",\"breadcrumb\":{\"@id\":\"https:\/\/www.urlaubcornwall.de\/blog\/newquay-geschichte-sehenswuerdigkeiten-und-unterkunft\/#breadcrumb\"},\"inLanguage\":\"en-US\",\"potentialAction\":[{\"@type\":\"ReadAction\",\"target\":[\"https:\/\/www.urlaubcornwall.de\/blog\/newquay-geschichte-sehenswuerdigkeiten-und-unterkunft\/\"]}]},{\"@type\":\"BreadcrumbList\",\"@id\":\"https:\/\/www.urlaubcornwall.de\/blog\/newquay-geschichte-sehenswuerdigkeiten-und-unterkunft\/#breadcrumb\",\"itemListElement\":[{\"@type\":\"ListItem\",\"position\":1,\"name\":\"Home\",\"item\":\"https:\/\/www.urlaubcornwall.de\/blog\/\"},{\"@type\":\"ListItem\",\"position\":2,\"name\":\"Urlaub Newquay: Sehensw\u00fcrdigkeiten, Unterkunft und Geschichte.\"}]}]}<\/script>\n<!-- \/ Yoast SEO plugin. -->","yoast_head_json":{"title":"Urlaub Newquay: Sehensw\u00fcrdigkeiten, Unterkunft und Geschichte. - Urlaub &amp; Reisen","robots":{"index":"index","follow":"follow","max-snippet":"max-snippet:-1","max-image-preview":"max-image-preview:large","max-video-preview":"max-video-preview:-1"},"canonical":"https:\/\/www.urlaubcornwall.de\/blog\/newquay-geschichte-sehenswuerdigkeiten-und-unterkunft\/","og_locale":"en_US","og_type":"article","og_title":"Urlaub Newquay: Sehensw\u00fcrdigkeiten, Unterkunft und Geschichte. - Urlaub &amp; Reisen","og_description":"Newquay ist ein lebendiger Strand- und Surfurlaubsort an der Nordk\u00fcste Cornwalls. Die gesch\u00e4ftige Stadt verf\u00fcgt \u00fcber eine Menge Hotels, Bed &amp; Breakfasts, Gesch\u00e4fte, Kneipen und Nightclubs, und dennoch gibt es ruhige Ecken in blumengeschm\u00fcckten Parkanlagen und G\u00e4rten. Jedes Jahr finden am Fistral Beach, der Holywell Bay und am Perran Beach Surfmeisterschaften statt. An der Watergate [&hellip;]","og_url":"https:\/\/www.urlaubcornwall.de\/blog\/newquay-geschichte-sehenswuerdigkeiten-und-unterkunft\/","og_site_name":"Urlaub &amp; Reisen","article_modified_time":"2026-01-06T20:22:33+00:00","og_image":[{"url":"https:\/\/www.urlaubcornwall.de\/blog\/wp-content\/uploads\/2024\/03\/towan-strand-newquay-rotated.jpg"}],"twitter_card":"summary","twitter_misc":{"Est. reading time":"2 minutes"},"schema":{"@context":"https:\/\/schema.org","@graph":[{"@type":"WebSite","@id":"https:\/\/www.urlaubcornwall.de\/blog\/#website","url":"https:\/\/www.urlaubcornwall.de\/blog\/","name":"Urlaub &amp; Reisen","description":"Urlaub, Reisen, Cornwall und S\u00fcdengland: eine perfekte Kombination","potentialAction":[{"@type":"SearchAction","target":{"@type":"EntryPoint","urlTemplate":"https:\/\/www.urlaubcornwall.de\/blog\/?s={search_term_string}"},"query-input":"required name=search_term_string"}],"inLanguage":"en-US"},{"@type":"WebPage","@id":"https:\/\/www.urlaubcornwall.de\/blog\/newquay-geschichte-sehenswuerdigkeiten-und-unterkunft\/","url":"https:\/\/www.urlaubcornwall.de\/blog\/newquay-geschichte-sehenswuerdigkeiten-und-unterkunft\/","name":"Urlaub Newquay: Sehensw\u00fcrdigkeiten, Unterkunft und Geschichte. - Urlaub &amp; Reisen","isPartOf":{"@id":"https:\/\/www.urlaubcornwall.de\/blog\/#website"},"datePublished":"2016-04-10T09:54:43+00:00","dateModified":"2026-01-06T20:22:33+00:00","breadcrumb":{"@id":"https:\/\/www.urlaubcornwall.de\/blog\/newquay-geschichte-sehenswuerdigkeiten-und-unterkunft\/#breadcrumb"},"inLanguage":"en-US","potentialAction":[{"@type":"ReadAction","target":["https:\/\/www.urlaubcornwall.de\/blog\/newquay-geschichte-sehenswuerdigkeiten-und-unterkunft\/"]}]},{"@type":"BreadcrumbList","@id":"https:\/\/www.urlaubcornwall.de\/blog\/newquay-geschichte-sehenswuerdigkeiten-und-unterkunft\/#breadcrumb","itemListElement":[{"@type":"ListItem","position":1,"name":"Home","item":"https:\/\/www.urlaubcornwall.de\/blog\/"},{"@type":"ListItem","position":2,"name":"Urlaub Newquay: Sehensw\u00fcrdigkeiten, Unterkunft und Geschichte."}]}]}},"_links":{"self":[{"href":"https:\/\/www.urlaubcornwall.de\/blog\/wp-json\/wp\/v2\/pages\/23431"}],"collection":[{"href":"https:\/\/www.urlaubcornwall.de\/blog\/wp-json\/wp\/v2\/pages"}],"about":[{"href":"https:\/\/www.urlaubcornwall.de\/blog\/wp-json\/wp\/v2\/types\/page"}],"author":[{"embeddable":true,"href":"https:\/\/www.urlaubcornwall.de\/blog\/wp-json\/wp\/v2\/users\/1"}],"replies":[{"embeddable":true,"href":"https:\/\/www.urlaubcornwall.de\/blog\/wp-json\/wp\/v2\/comments?post=23431"}],"version-history":[{"count":24,"href":"https:\/\/www.urlaubcornwall.de\/blog\/wp-json\/wp\/v2\/pages\/23431\/revisions"}],"predecessor-version":[{"id":51991,"href":"https:\/\/www.urlaubcornwall.de\/blog\/wp-json\/wp\/v2\/pages\/23431\/revisions\/51991"}],"wp:attachment":[{"href":"https:\/\/www.urlaubcornwall.de\/blog\/wp-json\/wp\/v2\/media?parent=23431"}],"curies":[{"name":"wp","href":"https:\/\/api.w.org\/{rel}","templated":true}]}}