{"id":23390,"date":"2016-03-22T11:22:03","date_gmt":"2016-03-22T11:22:03","guid":{"rendered":"https:\/\/www.urlaubcornwall.de\/blog\/?page_id=23390"},"modified":"2024-05-29T12:18:15","modified_gmt":"2024-05-29T12:18:15","slug":"st-austell-geschichte-sehenswuerdigkeiten-und-unterkunft","status":"publish","type":"page","link":"https:\/\/www.urlaubcornwall.de\/blog\/st-austell-geschichte-sehenswuerdigkeiten-und-unterkunft\/","title":{"rendered":"St Austell: Geschichte, Sehensw\u00fcrdigkeiten und Unterkunft"},"content":{"rendered":"<p>Ein Reisef\u00fchrer f\u00fcr St Austell: Insidertipps zur Geschichte, den Attraktionen und was es alles in <span style=\"text-decoration: underline;\"><a href=\"http:\/\/www.urlaubcornwall.de\/ferienhaeuser-fewos\/st-austell.html\">St Austell<\/a><\/span> w\u00e4hrend eines Urlaubs in diesem herrlichen Teil Cornwalls zu tun gibt.<\/p>\n<p><a href=\"https:\/\/www.urlaubcornwall.de\/ferienhaeuser-fewos\/st-austell.html\">St Austell ist eine alte Marktstadt<\/a>, die aufgrund der Porzellanindustrie gewachsen ist. Die Landschaft um die Stadt herum ist gepr\u00e4gt von der Ausbeute der Tongruben, gro\u00dfen, wei\u00dfen, konischen H\u00fcgeln, die die \u201acornischen Alpen\u2018 genannt werden.<\/p>\n<p><img loading=\"lazy\" class=\"aligncenter size-full wp-image-47904\" src=\"https:\/\/www.urlaubcornwall.de\/blog\/wp-content\/uploads\/2024\/03\/eden-project-biome_2.jpg\" alt=\"eden project biome_2\" width=\"750\" height=\"482\" srcset=\"https:\/\/www.urlaubcornwall.de\/blog\/wp-content\/uploads\/2024\/03\/eden-project-biome_2.jpg 750w, https:\/\/www.urlaubcornwall.de\/blog\/wp-content\/uploads\/2024\/03\/eden-project-biome_2-300x193.jpg 300w\" sizes=\"(max-width: 750px) 100vw, 750px\" \/><\/p>\n<p><a href=\"https:\/\/www.urlaubcornwall.de\/blog\/all-das-was-sie-schon-immer-ueber-das-eden-project-wissen-wollten\/\">Das weltbekannte Eden Projekt<\/a> wurde auf einer ehemaligen Tongrube errichtet. Seine riesigen Biome beherbergen Pflanzen aus der ganzen Welt; einer der Biome ist ein Regenwald, w\u00e4hrend der andere mediterranes Klima hat. Es gibt einen Au\u00dfenbiom mit Pflanzen, die in Cornwall beheimatet sind. Das Eden Projekt hat jedoch mehr zu bieten als Pflanzen; Englands l\u00e4ngsten Zipwire, im Sommer Musikveranstaltungen im Freien und eine Eislaufbahn im Winter.<\/p>\n<div class=\"snippet\"> <a class=\"featured-item\" href=\"https:\/\/www.urlaubcornwall.de\/ferienhaeuser\/suedengland.php\"> <span class=\"image-holder\" style=\"background-image: url('https:\/\/www.urlaubcornwall.de\/blog\/wp-content\/uploads\/2024\/03\/ferienhaus-england-cornwall.jpg');\"><\/span> <span class=\"featured-content\"> \n<h2 class=\"featured-title\">Ferienh\u00e4user in Cornwall &#038; S\u00fcdengland<\/h2>\n<p class=\"featured-body\">Bei uns finden Sie Ferienh\u00e4user zum Verlieben &#8211; so einfach ist das! Dank seiner langen Geschichte, der reizvollen Landschaften und seinen vielen Attraktionen ist S\u00fcdengland ein wahres Mekka f\u00fcr Urlauber&#8230;..<\/p><\/span> <span class=\"featured-link-holder\"> <span class=\"featured-extra-info\"> \n<p>Pers\u00f6nlich inspizierter Ferienh\u00e4user<\/p>\n<\/span> \n<p class=\"featured-link\">DETAILS<\/p>\n<\/span> <\/a><\/div>\n<p>Der China Clay Country Park vermittelt mit interaktiven Ausstellungen Einblick in Cornwalls reiches Porzellanerbe; es gibt auch Naturlehrpfade und einen Waldspielplatz.<\/p>\n<p><img loading=\"lazy\" class=\"aligncenter size-full wp-image-49801\" src=\"https:\/\/www.urlaubcornwall.de\/blog\/wp-content\/uploads\/2024\/04\/Lost-Gradens-of-Heligan-Rope-Bridge.jpg\" alt=\"Lost-Gradens-of-Heligan-Rope-Bridge\" width=\"750\" height=\"536\" srcset=\"https:\/\/www.urlaubcornwall.de\/blog\/wp-content\/uploads\/2024\/04\/Lost-Gradens-of-Heligan-Rope-Bridge.jpg 750w, https:\/\/www.urlaubcornwall.de\/blog\/wp-content\/uploads\/2024\/04\/Lost-Gradens-of-Heligan-Rope-Bridge-300x214.jpg 300w\" sizes=\"(max-width: 750px) 100vw, 750px\" \/><br \/>\nimage credit lost gardens of heligan<\/p>\n<p>Die <a href=\"https:\/\/www.urlaubcornwall.de\/blog\/die-lost-gardens-of-heligan-ein-muss-unter-den-kornischen-gaerten\/\"><strong>Lost Gardens of Heligan<\/strong><\/a> z\u00e4hlen zu den feinsten G\u00e4rten Cornwalls. Das Gut war einst \u00fcber 400 Jahre lang das Zuhause der Tremayne Familie. Doch im fr\u00fchen 20. Jahrhundert wurden die G\u00e4rten vernachl\u00e4ssigt und \u00fcberwucherten, gerieten in Vergessenheit, bis sie 1990 wieder entdeckt und zu ihrer ehemaligen Pracht wieder hergestellt wurden.<\/p>\n<p><script async src=\"https:\/\/pagead2.googlesyndication.com\/pagead\/js\/adsbygoogle.js?client=ca-pub-3901089389175725\"\n     crossorigin=\"anonymous\"><\/script><br \/>\n<!-- New UC --><br \/>\n<ins class=\"adsbygoogle\"\n     style=\"display:block\"\n     data-ad-client=\"ca-pub-3901089389175725\"\n     data-ad-slot=\"8080314818\"\n     data-ad-format=\"auto\"\n     data-full-width-responsive=\"true\"><\/ins><br \/>\n<script>\n     (adsbygoogle = window.adsbygoogle || []).push({});\n<\/script><\/p>\n<p><a href=\"https:\/\/www.urlaubcornwall.de\/ferienhaeuser-fewos\/charlestown.html\">Charlestown ist der entz\u00fcckende alte Hafen von St Austell<\/a>; es ist ein unber\u00fchrter georgianischer Hafen, der noch immer in Betrieb ist und Kulisse war f\u00fcr zahlreiche Film- und Fernsehproduktionen, einschlie\u00dflich Poldark. In einem der alten\u00a0 Geb\u00e4ude, die zur Porzellanherstellung verwendet wurden, befindet sich das Schiffsbruch-, Rettungs- und Museumszentrum mit einer Vielfalt an historischen Gegenst\u00e4nden und animierten Szenen, die das Leben in Charlestown in den verschiedenen Zeitaltern darstellen. Es ist ein faszinierender Ort.<\/p>\n<p><img loading=\"lazy\" class=\"aligncenter size-full wp-image-23393\" src=\"https:\/\/www.urlaubcornwall.de\/blog\/wp-content\/uploads\/2016\/03\/gorran-haven-strand.jpg\" alt=\"gorran haven strand\" width=\"744\" height=\"387\" srcset=\"https:\/\/www.urlaubcornwall.de\/blog\/wp-content\/uploads\/2016\/03\/gorran-haven-strand.jpg 744w, https:\/\/www.urlaubcornwall.de\/blog\/wp-content\/uploads\/2016\/03\/gorran-haven-strand-300x156.jpg 300w\" sizes=\"(max-width: 744px) 100vw, 744px\" \/><\/p>\n<p><a href=\"https:\/\/www.urlaubcornwall.de\/blog\/ferienhaeuser-naehe-der-besten-straende-an-cornwalls-kueste\/\"><strong>Str\u00e4nde bei St Austell<\/strong><\/a> sind unter anderem Pentewan, ein gro\u00dfer Sandstrand, ideal f\u00fcr s\u00e4mtliche Wassersportarten, Porthpean, ein sicherer, gesch\u00fctzter Sandstrand, beliebt bei Familien und Gorran Haven, der s\u00fcdlich von Mevagissey liegt; ein gro\u00dfer Sandstrand, der vom 114m hohen Dodman Point gesch\u00fctzt wird, der h\u00f6chsten Landspitze S\u00fcdcornwalls mit einer Umwallung aus der Eisenzeit und spektakul\u00e4rem Panoramablick.<\/p>\n<div class=\"snippet\"> <a class=\"featured-item\" href=\"https:\/\/www.urlaubcornwall.de\/rundreisen\/cornwall-suedengland.php\"> <span class=\"image-holder\" style=\"background-image: url('https:\/\/www.urlaubcornwall.de\/blog\/wp-content\/uploads\/2019\/01\/DiTn0QVWsAIOgjG.jpg');\"><\/span> <span class=\"featured-content\"> \n<h2 class=\"featured-title\">Rundreisen Cornwall &#038; S\u00fcdengland eine perfekte Kombination<\/h2>\n<p class=\"featured-body\">Die perfekte Reisem\u00f6glichkeit und erm\u00f6glicht es Ihnen, Entdeckungen zu machen und einen Urlaub im eigenen Schritttempo&#8230;.<\/p><\/span> <span class=\"featured-link-holder\"> <span class=\"featured-extra-info\"> \n<p>F\u00fcr Paare, Familien &#038; Gruppen<\/p>\n<\/span> \n<p class=\"featured-link\">DETAILS<\/p>\n<\/span> <\/a><\/div>\n","protected":false},"excerpt":{"rendered":"<p>Ein Reisef\u00fchrer f\u00fcr St Austell: Insidertipps zur Geschichte, den Attraktionen und was es alles in St Austell w\u00e4hrend eines Urlaubs in diesem herrlichen Teil Cornwalls zu tun gibt. St Austell ist eine alte Marktstadt, die aufgrund der Porzellanindustrie gewachsen ist. Die Landschaft um die Stadt herum ist gepr\u00e4gt von der Ausbeute der Tongruben, gro\u00dfen, wei\u00dfen, [&hellip;]<\/p>\n","protected":false},"author":1,"featured_media":0,"parent":0,"menu_order":0,"comment_status":"closed","ping_status":"closed","template":"single-four.php","meta":[],"acf":[],"yoast_head":"<!-- This site is optimized with the Yoast SEO plugin v19.4 - https:\/\/yoast.com\/wordpress\/plugins\/seo\/ -->\n<title>St Austell: Geschichte, Sehensw\u00fcrdigkeiten und Unterkunft - Urlaub &amp; Reisen<\/title>\n<meta name=\"robots\" content=\"index, follow, max-snippet:-1, max-image-preview:large, max-video-preview:-1\" \/>\n<link rel=\"canonical\" href=\"https:\/\/www.urlaubcornwall.de\/blog\/st-austell-geschichte-sehenswuerdigkeiten-und-unterkunft\/\" \/>\n<meta property=\"og:locale\" content=\"en_US\" \/>\n<meta property=\"og:type\" content=\"article\" \/>\n<meta property=\"og:title\" content=\"St Austell: Geschichte, Sehensw\u00fcrdigkeiten und Unterkunft - Urlaub &amp; Reisen\" \/>\n<meta property=\"og:description\" content=\"Ein Reisef\u00fchrer f\u00fcr St Austell: Insidertipps zur Geschichte, den Attraktionen und was es alles in St Austell w\u00e4hrend eines Urlaubs in diesem herrlichen Teil Cornwalls zu tun gibt. St Austell ist eine alte Marktstadt, die aufgrund der Porzellanindustrie gewachsen ist. Die Landschaft um die Stadt herum ist gepr\u00e4gt von der Ausbeute der Tongruben, gro\u00dfen, wei\u00dfen, [&hellip;]\" \/>\n<meta property=\"og:url\" content=\"https:\/\/www.urlaubcornwall.de\/blog\/st-austell-geschichte-sehenswuerdigkeiten-und-unterkunft\/\" \/>\n<meta property=\"og:site_name\" content=\"Urlaub &amp; Reisen\" \/>\n<meta property=\"article:modified_time\" content=\"2024-05-29T12:18:15+00:00\" \/>\n<meta property=\"og:image\" content=\"https:\/\/www.urlaubcornwall.de\/blog\/wp-content\/uploads\/2024\/03\/eden-project-biome_2.jpg\" \/>\n<meta name=\"twitter:card\" content=\"summary\" \/>\n<meta name=\"twitter:label1\" content=\"Est. reading time\" \/>\n\t<meta name=\"twitter:data1\" content=\"3 minutes\" \/>\n<script type=\"application\/ld+json\" class=\"yoast-schema-graph\">{\"@context\":\"https:\/\/schema.org\",\"@graph\":[{\"@type\":\"WebSite\",\"@id\":\"https:\/\/www.urlaubcornwall.de\/blog\/#website\",\"url\":\"https:\/\/www.urlaubcornwall.de\/blog\/\",\"name\":\"Urlaub &amp; Reisen\",\"description\":\"Urlaub, Reisen, Cornwall und S\u00fcdengland: eine perfekte Kombination\",\"potentialAction\":[{\"@type\":\"SearchAction\",\"target\":{\"@type\":\"EntryPoint\",\"urlTemplate\":\"https:\/\/www.urlaubcornwall.de\/blog\/?s={search_term_string}\"},\"query-input\":\"required name=search_term_string\"}],\"inLanguage\":\"en-US\"},{\"@type\":\"WebPage\",\"@id\":\"https:\/\/www.urlaubcornwall.de\/blog\/st-austell-geschichte-sehenswuerdigkeiten-und-unterkunft\/\",\"url\":\"https:\/\/www.urlaubcornwall.de\/blog\/st-austell-geschichte-sehenswuerdigkeiten-und-unterkunft\/\",\"name\":\"St Austell: Geschichte, Sehensw\u00fcrdigkeiten und Unterkunft - Urlaub &amp; Reisen\",\"isPartOf\":{\"@id\":\"https:\/\/www.urlaubcornwall.de\/blog\/#website\"},\"datePublished\":\"2016-03-22T11:22:03+00:00\",\"dateModified\":\"2024-05-29T12:18:15+00:00\",\"breadcrumb\":{\"@id\":\"https:\/\/www.urlaubcornwall.de\/blog\/st-austell-geschichte-sehenswuerdigkeiten-und-unterkunft\/#breadcrumb\"},\"inLanguage\":\"en-US\",\"potentialAction\":[{\"@type\":\"ReadAction\",\"target\":[\"https:\/\/www.urlaubcornwall.de\/blog\/st-austell-geschichte-sehenswuerdigkeiten-und-unterkunft\/\"]}]},{\"@type\":\"BreadcrumbList\",\"@id\":\"https:\/\/www.urlaubcornwall.de\/blog\/st-austell-geschichte-sehenswuerdigkeiten-und-unterkunft\/#breadcrumb\",\"itemListElement\":[{\"@type\":\"ListItem\",\"position\":1,\"name\":\"Home\",\"item\":\"https:\/\/www.urlaubcornwall.de\/blog\/\"},{\"@type\":\"ListItem\",\"position\":2,\"name\":\"St Austell: Geschichte, Sehensw\u00fcrdigkeiten und Unterkunft\"}]}]}<\/script>\n<!-- \/ Yoast SEO plugin. -->","yoast_head_json":{"title":"St Austell: Geschichte, Sehensw\u00fcrdigkeiten und Unterkunft - Urlaub &amp; Reisen","robots":{"index":"index","follow":"follow","max-snippet":"max-snippet:-1","max-image-preview":"max-image-preview:large","max-video-preview":"max-video-preview:-1"},"canonical":"https:\/\/www.urlaubcornwall.de\/blog\/st-austell-geschichte-sehenswuerdigkeiten-und-unterkunft\/","og_locale":"en_US","og_type":"article","og_title":"St Austell: Geschichte, Sehensw\u00fcrdigkeiten und Unterkunft - Urlaub &amp; Reisen","og_description":"Ein Reisef\u00fchrer f\u00fcr St Austell: Insidertipps zur Geschichte, den Attraktionen und was es alles in St Austell w\u00e4hrend eines Urlaubs in diesem herrlichen Teil Cornwalls zu tun gibt. St Austell ist eine alte Marktstadt, die aufgrund der Porzellanindustrie gewachsen ist. Die Landschaft um die Stadt herum ist gepr\u00e4gt von der Ausbeute der Tongruben, gro\u00dfen, wei\u00dfen, [&hellip;]","og_url":"https:\/\/www.urlaubcornwall.de\/blog\/st-austell-geschichte-sehenswuerdigkeiten-und-unterkunft\/","og_site_name":"Urlaub &amp; Reisen","article_modified_time":"2024-05-29T12:18:15+00:00","og_image":[{"url":"https:\/\/www.urlaubcornwall.de\/blog\/wp-content\/uploads\/2024\/03\/eden-project-biome_2.jpg"}],"twitter_card":"summary","twitter_misc":{"Est. reading time":"3 minutes"},"schema":{"@context":"https:\/\/schema.org","@graph":[{"@type":"WebSite","@id":"https:\/\/www.urlaubcornwall.de\/blog\/#website","url":"https:\/\/www.urlaubcornwall.de\/blog\/","name":"Urlaub &amp; Reisen","description":"Urlaub, Reisen, Cornwall und S\u00fcdengland: eine perfekte Kombination","potentialAction":[{"@type":"SearchAction","target":{"@type":"EntryPoint","urlTemplate":"https:\/\/www.urlaubcornwall.de\/blog\/?s={search_term_string}"},"query-input":"required name=search_term_string"}],"inLanguage":"en-US"},{"@type":"WebPage","@id":"https:\/\/www.urlaubcornwall.de\/blog\/st-austell-geschichte-sehenswuerdigkeiten-und-unterkunft\/","url":"https:\/\/www.urlaubcornwall.de\/blog\/st-austell-geschichte-sehenswuerdigkeiten-und-unterkunft\/","name":"St Austell: Geschichte, Sehensw\u00fcrdigkeiten und Unterkunft - Urlaub &amp; Reisen","isPartOf":{"@id":"https:\/\/www.urlaubcornwall.de\/blog\/#website"},"datePublished":"2016-03-22T11:22:03+00:00","dateModified":"2024-05-29T12:18:15+00:00","breadcrumb":{"@id":"https:\/\/www.urlaubcornwall.de\/blog\/st-austell-geschichte-sehenswuerdigkeiten-und-unterkunft\/#breadcrumb"},"inLanguage":"en-US","potentialAction":[{"@type":"ReadAction","target":["https:\/\/www.urlaubcornwall.de\/blog\/st-austell-geschichte-sehenswuerdigkeiten-und-unterkunft\/"]}]},{"@type":"BreadcrumbList","@id":"https:\/\/www.urlaubcornwall.de\/blog\/st-austell-geschichte-sehenswuerdigkeiten-und-unterkunft\/#breadcrumb","itemListElement":[{"@type":"ListItem","position":1,"name":"Home","item":"https:\/\/www.urlaubcornwall.de\/blog\/"},{"@type":"ListItem","position":2,"name":"St Austell: Geschichte, Sehensw\u00fcrdigkeiten und Unterkunft"}]}]}},"_links":{"self":[{"href":"https:\/\/www.urlaubcornwall.de\/blog\/wp-json\/wp\/v2\/pages\/23390"}],"collection":[{"href":"https:\/\/www.urlaubcornwall.de\/blog\/wp-json\/wp\/v2\/pages"}],"about":[{"href":"https:\/\/www.urlaubcornwall.de\/blog\/wp-json\/wp\/v2\/types\/page"}],"author":[{"embeddable":true,"href":"https:\/\/www.urlaubcornwall.de\/blog\/wp-json\/wp\/v2\/users\/1"}],"replies":[{"embeddable":true,"href":"https:\/\/www.urlaubcornwall.de\/blog\/wp-json\/wp\/v2\/comments?post=23390"}],"version-history":[{"count":16,"href":"https:\/\/www.urlaubcornwall.de\/blog\/wp-json\/wp\/v2\/pages\/23390\/revisions"}],"predecessor-version":[{"id":50646,"href":"https:\/\/www.urlaubcornwall.de\/blog\/wp-json\/wp\/v2\/pages\/23390\/revisions\/50646"}],"wp:attachment":[{"href":"https:\/\/www.urlaubcornwall.de\/blog\/wp-json\/wp\/v2\/media?parent=23390"}],"curies":[{"name":"wp","href":"https:\/\/api.w.org\/{rel}","templated":true}]}}